{"id":9982,"date":"2024-01-13T19:12:50","date_gmt":"2024-01-13T19:12:50","guid":{"rendered":"https:\/\/bepet.pet\/loja\/produto\/locao-protetora-soft-care-hydra-reflex-para-caes-e-gatos-50g\/"},"modified":"2025-12-10T17:13:06","modified_gmt":"2025-12-10T20:13:06","slug":"locao-protetora-soft-care-hydra-reflex-para-caes-e-gatos-50g","status":"publish","type":"product","link":"https:\/\/bepet.pet\/loja\/produto\/locao-protetora-soft-care-hydra-reflex-para-caes-e-gatos-50g\/","title":{"rendered":"Lo\u00e7\u00e3o Protetora Soft Care Hydra Reflex para C\u00e3es e Gatos 50g"},"content":{"rendered":"<p>A Soft Care apresenta sua mais nova inova\u00e7\u00e3o em cuidados para animais de estima\u00e7\u00e3o: a Lo\u00e7\u00e3o Protetora Hydra Reflex para C\u00e3es e Gatos. Desenvolvida com tecnologia avan\u00e7ada e ingredientes de alta qualidade, essa lo\u00e7\u00e3o \u00e9 perfeita para manter a pele dos seus pets sempre saud\u00e1vel e protegida.<\/p>\n<p>Com uma f\u00f3rmula exclusiva, a Lo\u00e7\u00e3o Protetora Hydra Reflex forma uma barreira invis\u00edvel sobre a pele dos animais, protegendo-os de agress\u00f5es externas como sol, vento, chuva e polui\u00e7\u00e3o. Al\u00e9m disso, ela tamb\u00e9m ajuda a prevenir o ressecamento e a irrita\u00e7\u00e3o da pele, mantendo-a hidratada e macia.<\/p>\n<p>Indicada para c\u00e3es e gatos de todas as ra\u00e7as e idades, a Lo\u00e7\u00e3o Protetora Hydra Reflex \u00e9 de f\u00e1cil aplica\u00e7\u00e3o e r\u00e1pida absor\u00e7\u00e3o. Basta espalhar uma pequena quantidade do produto sobre a pele limpa e seca do animal, massageando suavemente at\u00e9 a completa absor\u00e7\u00e3o.<\/p>\n<p>Al\u00e9m de todos os benef\u00edcios para a pele, a Lo\u00e7\u00e3o Protetora Hydra Reflex tamb\u00e9m possui um suave aroma que deixa os pets com um cheirinho agrad\u00e1vel e refrescante.<\/p>\n<p>A Soft Care se preocupa com o bem-estar dos animais e por isso, todos os seus produtos s\u00e3o dermatologicamente testados e aprovados por veterin\u00e1rios. Nossa miss\u00e3o \u00e9 oferecer produtos de qualidade que proporcionem conforto e cuidado para os pets, garantindo a sa\u00fade e a felicidade deles.<\/p>\n<p>N\u00e3o deixe de oferecer o melhor para o seu melhor amigo. Experimente a Lo\u00e7\u00e3o Protetora Soft Care Hydra Reflex para C\u00e3es e Gatos e proporcione a eles uma pele protegida, hidratada e saud\u00e1vel. Adquira j\u00e1 a sua e comprove os resultados!<\/p>\n","protected":false},"excerpt":{"rendered":"<p>A Soft Care apresenta sua mais nova inova\u00e7\u00e3o em cuidados para animais de estima\u00e7\u00e3o: a Lo\u00e7\u00e3o Protetora Hydra Reflex para C\u00e3es e Gatos. Desenvolvida com tecnologia avan\u00e7ada e ingredientes de alta qualidade, essa lo\u00e7\u00e3o \u00e9 perfeita para manter a pele dos seus pets sempre saud\u00e1vel e protegida. Com uma f\u00f3rmula exclusiva, a Lo\u00e7\u00e3o Protetora Hydra Reflex forma uma barreira invis\u00edvel sobre a pele dos animais, protegendo-os de agress\u00f5es externas como sol, vento, chuva e polui\u00e7\u00e3o. Al\u00e9m disso, ela tamb\u00e9m ajuda a prevenir o ressecamento e a irrita\u00e7\u00e3o da pele, mantendo-a hidratada e macia. Indicada para c\u00e3es e gatos de todas as ra\u00e7as e idades, a Lo\u00e7\u00e3o Protetora Hydra Reflex \u00e9 de f\u00e1cil aplica\u00e7\u00e3o e r\u00e1pida absor\u00e7\u00e3o. Basta espalhar uma pequena quantidade do produto sobre a pele limpa e seca do animal, massageando suavemente at\u00e9 a completa absor\u00e7\u00e3o. Al\u00e9m de todos os benef\u00edcios para a pele, a Lo\u00e7\u00e3o Protetora Hydra Reflex tamb\u00e9m possui um suave aroma que deixa os pets com um cheirinho agrad\u00e1vel e refrescante. A Soft Care se preocupa com o bem-estar dos animais e por isso, todos os seus produtos s\u00e3o dermatologicamente testados e aprovados por veterin\u00e1rios. Nossa miss\u00e3o \u00e9 oferecer produtos de qualidade que proporcionem conforto e&hellip; <a class=\"read-more-link\" href=\"https:\/\/bepet.pet\/loja\/produto\/locao-protetora-soft-care-hydra-reflex-para-caes-e-gatos-50g\/\">Read More<\/a><\/p>\n","protected":false},"featured_media":9980,"comment_status":"open","ping_status":"closed","template":"","meta":{"_kadence_starter_templates_imported_post":false},"product_brand":[],"product_cat":[144,120],"product_tag":[],"class_list":{"0":"post-9982","1":"product","2":"type-product","3":"status-publish","4":"has-post-thumbnail","6":"product_cat-dermatologicos","7":"product_cat-medicamentos","10":"first","11":"instock","12":"shipping-taxable","13":"purchasable","14":"product-type-simple"},"yoast_head":"<!-- This site is optimized with the Yoast SEO plugin v25.5 - https:\/\/yoast.com\/wordpress\/plugins\/seo\/ -->\n<title>Lo\u00e7\u00e3o Protetora Soft Care Hydra Reflex para C\u00e3es e Gatos 50g - BePet<\/title>\n<meta name=\"robots\" content=\"index, follow, max-snippet:-1, max-image-preview:large, max-video-preview:-1\" \/>\n<link rel=\"canonical\" href=\"https:\/\/bepet.pet\/loja\/produto\/locao-protetora-soft-care-hydra-reflex-para-caes-e-gatos-50g\/\" \/>\n<meta property=\"og:locale\" content=\"pt_BR\" \/>\n<meta property=\"og:type\" content=\"article\" \/>\n<meta property=\"og:title\" content=\"Lo\u00e7\u00e3o Protetora Soft Care Hydra Reflex para C\u00e3es e Gatos 50g - BePet\" \/>\n<meta property=\"og:description\" content=\"A Soft Care apresenta sua mais nova inova\u00e7\u00e3o em cuidados para animais de estima\u00e7\u00e3o: a Lo\u00e7\u00e3o Protetora Hydra Reflex para C\u00e3es e Gatos. Desenvolvida com tecnologia avan\u00e7ada e ingredientes de alta qualidade, essa lo\u00e7\u00e3o \u00e9 perfeita para manter a pele dos seus pets sempre saud\u00e1vel e protegida. Com uma f\u00f3rmula exclusiva, a Lo\u00e7\u00e3o Protetora Hydra Reflex forma uma barreira invis\u00edvel sobre a pele dos animais, protegendo-os de agress\u00f5es externas como sol, vento, chuva e polui\u00e7\u00e3o. Al\u00e9m disso, ela tamb\u00e9m ajuda a prevenir o ressecamento e a irrita\u00e7\u00e3o da pele, mantendo-a hidratada e macia. Indicada para c\u00e3es e gatos de todas as ra\u00e7as e idades, a Lo\u00e7\u00e3o Protetora Hydra Reflex \u00e9 de f\u00e1cil aplica\u00e7\u00e3o e r\u00e1pida absor\u00e7\u00e3o. Basta espalhar uma pequena quantidade do produto sobre a pele limpa e seca do animal, massageando suavemente at\u00e9 a completa absor\u00e7\u00e3o. Al\u00e9m de todos os benef\u00edcios para a pele, a Lo\u00e7\u00e3o Protetora Hydra Reflex tamb\u00e9m possui um suave aroma que deixa os pets com um cheirinho agrad\u00e1vel e refrescante. A Soft Care se preocupa com o bem-estar dos animais e por isso, todos os seus produtos s\u00e3o dermatologicamente testados e aprovados por veterin\u00e1rios. Nossa miss\u00e3o \u00e9 oferecer produtos de qualidade que proporcionem conforto e&hellip; Read More\" \/>\n<meta property=\"og:url\" content=\"https:\/\/bepet.pet\/loja\/produto\/locao-protetora-soft-care-hydra-reflex-para-caes-e-gatos-50g\/\" \/>\n<meta property=\"og:site_name\" content=\"BePet\" \/>\n<meta property=\"article:modified_time\" content=\"2025-12-10T20:13:06+00:00\" \/>\n<meta name=\"twitter:card\" content=\"summary_large_image\" \/>\n<meta name=\"twitter:label1\" content=\"Est. tempo de leitura\" \/>\n\t<meta name=\"twitter:data1\" content=\"1 minuto\" \/>\n<script type=\"application\/ld+json\" class=\"yoast-schema-graph\">{\"@context\":\"https:\/\/schema.org\",\"@graph\":[{\"@type\":\"WebPage\",\"@id\":\"https:\/\/bepet.pet\/loja\/produto\/locao-protetora-soft-care-hydra-reflex-para-caes-e-gatos-50g\/\",\"url\":\"https:\/\/bepet.pet\/loja\/produto\/locao-protetora-soft-care-hydra-reflex-para-caes-e-gatos-50g\/\",\"name\":\"Lo\u00e7\u00e3o Protetora Soft Care Hydra Reflex para C\u00e3es e Gatos 50g - BePet\",\"isPartOf\":{\"@id\":\"https:\/\/bepet.pet\/loja\/#website\"},\"primaryImageOfPage\":{\"@id\":\"https:\/\/bepet.pet\/loja\/produto\/locao-protetora-soft-care-hydra-reflex-para-caes-e-gatos-50g\/#primaryimage\"},\"image\":{\"@id\":\"https:\/\/bepet.pet\/loja\/produto\/locao-protetora-soft-care-hydra-reflex-para-caes-e-gatos-50g\/#primaryimage\"},\"thumbnailUrl\":\"https:\/\/bepet.pet\/loja\/wp-content\/uploads\/2024\/01\/p668635d9-8080-4f63-97ed-ad27ddbb8f02.png\",\"datePublished\":\"2024-01-13T19:12:50+00:00\",\"dateModified\":\"2025-12-10T20:13:06+00:00\",\"breadcrumb\":{\"@id\":\"https:\/\/bepet.pet\/loja\/produto\/locao-protetora-soft-care-hydra-reflex-para-caes-e-gatos-50g\/#breadcrumb\"},\"inLanguage\":\"pt-BR\",\"potentialAction\":[{\"@type\":\"ReadAction\",\"target\":[\"https:\/\/bepet.pet\/loja\/produto\/locao-protetora-soft-care-hydra-reflex-para-caes-e-gatos-50g\/\"]}]},{\"@type\":\"ImageObject\",\"inLanguage\":\"pt-BR\",\"@id\":\"https:\/\/bepet.pet\/loja\/produto\/locao-protetora-soft-care-hydra-reflex-para-caes-e-gatos-50g\/#primaryimage\",\"url\":\"https:\/\/bepet.pet\/loja\/wp-content\/uploads\/2024\/01\/p668635d9-8080-4f63-97ed-ad27ddbb8f02.png\",\"contentUrl\":\"https:\/\/bepet.pet\/loja\/wp-content\/uploads\/2024\/01\/p668635d9-8080-4f63-97ed-ad27ddbb8f02.png\",\"width\":266,\"height\":400},{\"@type\":\"BreadcrumbList\",\"@id\":\"https:\/\/bepet.pet\/loja\/produto\/locao-protetora-soft-care-hydra-reflex-para-caes-e-gatos-50g\/#breadcrumb\",\"itemListElement\":[{\"@type\":\"ListItem\",\"position\":1,\"name\":\"Home\",\"item\":\"https:\/\/bepet.pet\/loja\/\"},{\"@type\":\"ListItem\",\"position\":2,\"name\":\"Shop\",\"item\":\"https:\/\/bepet.pet\/loja\/shop-2\/\"},{\"@type\":\"ListItem\",\"position\":3,\"name\":\"Lo\u00e7\u00e3o Protetora Soft Care Hydra Reflex para C\u00e3es e Gatos 50g\"}]},{\"@type\":\"WebSite\",\"@id\":\"https:\/\/bepet.pet\/loja\/#website\",\"url\":\"https:\/\/bepet.pet\/loja\/\",\"name\":\"BePet\",\"description\":\"Nossa vida \u00e9 cuidar do seu pet\",\"publisher\":{\"@id\":\"https:\/\/bepet.pet\/loja\/#organization\"},\"potentialAction\":[{\"@type\":\"SearchAction\",\"target\":{\"@type\":\"EntryPoint\",\"urlTemplate\":\"https:\/\/bepet.pet\/loja\/?s={search_term_string}\"},\"query-input\":{\"@type\":\"PropertyValueSpecification\",\"valueRequired\":true,\"valueName\":\"search_term_string\"}}],\"inLanguage\":\"pt-BR\"},{\"@type\":\"Organization\",\"@id\":\"https:\/\/bepet.pet\/loja\/#organization\",\"name\":\"BePet\",\"url\":\"https:\/\/bepet.pet\/loja\/\",\"logo\":{\"@type\":\"ImageObject\",\"inLanguage\":\"pt-BR\",\"@id\":\"https:\/\/bepet.pet\/loja\/#\/schema\/logo\/image\/\",\"url\":\"https:\/\/bepet.pet\/loja\/wp-content\/uploads\/2020\/10\/logo.jpg\",\"contentUrl\":\"https:\/\/bepet.pet\/loja\/wp-content\/uploads\/2020\/10\/logo.jpg\",\"width\":100,\"height\":99,\"caption\":\"BePet\"},\"image\":{\"@id\":\"https:\/\/bepet.pet\/loja\/#\/schema\/logo\/image\/\"}}]}<\/script>\n<!-- \/ Yoast SEO plugin. -->","yoast_head_json":{"title":"Lo\u00e7\u00e3o Protetora Soft Care Hydra Reflex para C\u00e3es e Gatos 50g - BePet","robots":{"index":"index","follow":"follow","max-snippet":"max-snippet:-1","max-image-preview":"max-image-preview:large","max-video-preview":"max-video-preview:-1"},"canonical":"https:\/\/bepet.pet\/loja\/produto\/locao-protetora-soft-care-hydra-reflex-para-caes-e-gatos-50g\/","og_locale":"pt_BR","og_type":"article","og_title":"Lo\u00e7\u00e3o Protetora Soft Care Hydra Reflex para C\u00e3es e Gatos 50g - BePet","og_description":"A Soft Care apresenta sua mais nova inova\u00e7\u00e3o em cuidados para animais de estima\u00e7\u00e3o: a Lo\u00e7\u00e3o Protetora Hydra Reflex para C\u00e3es e Gatos. Desenvolvida com tecnologia avan\u00e7ada e ingredientes de alta qualidade, essa lo\u00e7\u00e3o \u00e9 perfeita para manter a pele dos seus pets sempre saud\u00e1vel e protegida. Com uma f\u00f3rmula exclusiva, a Lo\u00e7\u00e3o Protetora Hydra Reflex forma uma barreira invis\u00edvel sobre a pele dos animais, protegendo-os de agress\u00f5es externas como sol, vento, chuva e polui\u00e7\u00e3o. Al\u00e9m disso, ela tamb\u00e9m ajuda a prevenir o ressecamento e a irrita\u00e7\u00e3o da pele, mantendo-a hidratada e macia. Indicada para c\u00e3es e gatos de todas as ra\u00e7as e idades, a Lo\u00e7\u00e3o Protetora Hydra Reflex \u00e9 de f\u00e1cil aplica\u00e7\u00e3o e r\u00e1pida absor\u00e7\u00e3o. Basta espalhar uma pequena quantidade do produto sobre a pele limpa e seca do animal, massageando suavemente at\u00e9 a completa absor\u00e7\u00e3o. Al\u00e9m de todos os benef\u00edcios para a pele, a Lo\u00e7\u00e3o Protetora Hydra Reflex tamb\u00e9m possui um suave aroma que deixa os pets com um cheirinho agrad\u00e1vel e refrescante. A Soft Care se preocupa com o bem-estar dos animais e por isso, todos os seus produtos s\u00e3o dermatologicamente testados e aprovados por veterin\u00e1rios. Nossa miss\u00e3o \u00e9 oferecer produtos de qualidade que proporcionem conforto e&hellip; Read More","og_url":"https:\/\/bepet.pet\/loja\/produto\/locao-protetora-soft-care-hydra-reflex-para-caes-e-gatos-50g\/","og_site_name":"BePet","article_modified_time":"2025-12-10T20:13:06+00:00","twitter_card":"summary_large_image","twitter_misc":{"Est. tempo de leitura":"1 minuto"},"schema":{"@context":"https:\/\/schema.org","@graph":[{"@type":"WebPage","@id":"https:\/\/bepet.pet\/loja\/produto\/locao-protetora-soft-care-hydra-reflex-para-caes-e-gatos-50g\/","url":"https:\/\/bepet.pet\/loja\/produto\/locao-protetora-soft-care-hydra-reflex-para-caes-e-gatos-50g\/","name":"Lo\u00e7\u00e3o Protetora Soft Care Hydra Reflex para C\u00e3es e Gatos 50g - BePet","isPartOf":{"@id":"https:\/\/bepet.pet\/loja\/#website"},"primaryImageOfPage":{"@id":"https:\/\/bepet.pet\/loja\/produto\/locao-protetora-soft-care-hydra-reflex-para-caes-e-gatos-50g\/#primaryimage"},"image":{"@id":"https:\/\/bepet.pet\/loja\/produto\/locao-protetora-soft-care-hydra-reflex-para-caes-e-gatos-50g\/#primaryimage"},"thumbnailUrl":"https:\/\/bepet.pet\/loja\/wp-content\/uploads\/2024\/01\/p668635d9-8080-4f63-97ed-ad27ddbb8f02.png","datePublished":"2024-01-13T19:12:50+00:00","dateModified":"2025-12-10T20:13:06+00:00","breadcrumb":{"@id":"https:\/\/bepet.pet\/loja\/produto\/locao-protetora-soft-care-hydra-reflex-para-caes-e-gatos-50g\/#breadcrumb"},"inLanguage":"pt-BR","potentialAction":[{"@type":"ReadAction","target":["https:\/\/bepet.pet\/loja\/produto\/locao-protetora-soft-care-hydra-reflex-para-caes-e-gatos-50g\/"]}]},{"@type":"ImageObject","inLanguage":"pt-BR","@id":"https:\/\/bepet.pet\/loja\/produto\/locao-protetora-soft-care-hydra-reflex-para-caes-e-gatos-50g\/#primaryimage","url":"https:\/\/bepet.pet\/loja\/wp-content\/uploads\/2024\/01\/p668635d9-8080-4f63-97ed-ad27ddbb8f02.png","contentUrl":"https:\/\/bepet.pet\/loja\/wp-content\/uploads\/2024\/01\/p668635d9-8080-4f63-97ed-ad27ddbb8f02.png","width":266,"height":400},{"@type":"BreadcrumbList","@id":"https:\/\/bepet.pet\/loja\/produto\/locao-protetora-soft-care-hydra-reflex-para-caes-e-gatos-50g\/#breadcrumb","itemListElement":[{"@type":"ListItem","position":1,"name":"Home","item":"https:\/\/bepet.pet\/loja\/"},{"@type":"ListItem","position":2,"name":"Shop","item":"https:\/\/bepet.pet\/loja\/shop-2\/"},{"@type":"ListItem","position":3,"name":"Lo\u00e7\u00e3o Protetora Soft Care Hydra Reflex para C\u00e3es e Gatos 50g"}]},{"@type":"WebSite","@id":"https:\/\/bepet.pet\/loja\/#website","url":"https:\/\/bepet.pet\/loja\/","name":"BePet","description":"Nossa vida \u00e9 cuidar do seu pet","publisher":{"@id":"https:\/\/bepet.pet\/loja\/#organization"},"potentialAction":[{"@type":"SearchAction","target":{"@type":"EntryPoint","urlTemplate":"https:\/\/bepet.pet\/loja\/?s={search_term_string}"},"query-input":{"@type":"PropertyValueSpecification","valueRequired":true,"valueName":"search_term_string"}}],"inLanguage":"pt-BR"},{"@type":"Organization","@id":"https:\/\/bepet.pet\/loja\/#organization","name":"BePet","url":"https:\/\/bepet.pet\/loja\/","logo":{"@type":"ImageObject","inLanguage":"pt-BR","@id":"https:\/\/bepet.pet\/loja\/#\/schema\/logo\/image\/","url":"https:\/\/bepet.pet\/loja\/wp-content\/uploads\/2020\/10\/logo.jpg","contentUrl":"https:\/\/bepet.pet\/loja\/wp-content\/uploads\/2020\/10\/logo.jpg","width":100,"height":99,"caption":"BePet"},"image":{"@id":"https:\/\/bepet.pet\/loja\/#\/schema\/logo\/image\/"}}]}},"jetpack_sharing_enabled":true,"_links":{"self":[{"href":"https:\/\/bepet.pet\/loja\/wp-json\/wp\/v2\/product\/9982","targetHints":{"allow":["GET"]}}],"collection":[{"href":"https:\/\/bepet.pet\/loja\/wp-json\/wp\/v2\/product"}],"about":[{"href":"https:\/\/bepet.pet\/loja\/wp-json\/wp\/v2\/types\/product"}],"replies":[{"embeddable":true,"href":"https:\/\/bepet.pet\/loja\/wp-json\/wp\/v2\/comments?post=9982"}],"wp:featuredmedia":[{"embeddable":true,"href":"https:\/\/bepet.pet\/loja\/wp-json\/wp\/v2\/media\/9980"}],"wp:attachment":[{"href":"https:\/\/bepet.pet\/loja\/wp-json\/wp\/v2\/media?parent=9982"}],"wp:term":[{"taxonomy":"product_brand","embeddable":true,"href":"https:\/\/bepet.pet\/loja\/wp-json\/wp\/v2\/product_brand?post=9982"},{"taxonomy":"product_cat","embeddable":true,"href":"https:\/\/bepet.pet\/loja\/wp-json\/wp\/v2\/product_cat?post=9982"},{"taxonomy":"product_tag","embeddable":true,"href":"https:\/\/bepet.pet\/loja\/wp-json\/wp\/v2\/product_tag?post=9982"}],"curies":[{"name":"wp","href":"https:\/\/api.w.org\/{rel}","templated":true}]}}