{"id":9905,"date":"2024-01-13T13:03:43","date_gmt":"2024-01-13T16:03:43","guid":{"rendered":"https:\/\/bepet.pet\/loja\/produto\/racao-farmina-nd-ancestral-grain-selection-carnes-e-frutas-para-caes-filhotes-racas-grandes-15kg\/"},"modified":"2025-12-10T17:28:24","modified_gmt":"2025-12-10T20:28:24","slug":"racao-farmina-nd-ancestral-grain-selection-carnes-e-frutas-para-caes-filhotes-racas-grandes-15kg","status":"publish","type":"product","link":"https:\/\/bepet.pet\/loja\/produto\/racao-farmina-nd-ancestral-grain-selection-carnes-e-frutas-para-caes-filhotes-racas-grandes-15kg\/","title":{"rendered":"Ra\u00e7\u00e3o Farmina N&amp;D Ancestral Grain Selection Carnes e Frutas para C\u00e3es Filhotes Ra\u00e7as Grandes 15kg"},"content":{"rendered":"<p>Conhe\u00e7a a ra\u00e7\u00e3o Farmina N&amp;D Ancestral Grain Selection Carnes e Frutas para C\u00e3es Filhotes Ra\u00e7as Grandes 15kg, o alimento perfeito para garantir uma nutri\u00e7\u00e3o completa e equilibrada para o seu companheiro de quatro patas.<\/p>\n<p>Desenvolvida especialmente para atender \u00e0s necessidades dos c\u00e3es filhotes de ra\u00e7as grandes, essa ra\u00e7\u00e3o possui uma f\u00f3rmula rica em ingredientes de alta qualidade, proporcionando todos os nutrientes essenciais para o crescimento saud\u00e1vel do seu pet.<\/p>\n<p>Uma das principais caracter\u00edsticas dessa ra\u00e7\u00e3o \u00e9 a presen\u00e7a de gr\u00e3os ancestrais, como o trigo sarraceno, a aveia e a cevada, que s\u00e3o fontes naturais de fibras e carboidratos de f\u00e1cil digest\u00e3o. Al\u00e9m disso, a ra\u00e7\u00e3o conta com uma sele\u00e7\u00e3o cuidadosa de carnes e frutas, como frango, cordeiro, mirtilo e abacaxi, que conferem um sabor irresist\u00edvel e uma variedade de nutrientes importantes para a sa\u00fade do seu c\u00e3ozinho.<\/p>\n<p>A ra\u00e7\u00e3o Farmina N&amp;D Ancestral Grain Selection Carnes e Frutas para C\u00e3es Filhotes Ra\u00e7as Grandes 15kg tamb\u00e9m \u00e9 enriquecida com vitaminas, minerais e antioxidantes, que fortalecem o sistema imunol\u00f3gico e contribuem para o desenvolvimento de ossos e m\u00fasculos fortes. Al\u00e9m disso, ela n\u00e3o possui corantes, aromatizantes artificiais e transg\u00eanicos, garantindo uma alimenta\u00e7\u00e3o natural e livre de subst\u00e2ncias prejudiciais.<\/p>\n<p>Com a ra\u00e7\u00e3o Farmina N&amp;D Ancestral Grain Selection Carnes e Frutas para C\u00e3es Filhotes Ra\u00e7as Grandes 15kg, voc\u00ea estar\u00e1 proporcionando ao seu c\u00e3ozinho uma alimenta\u00e7\u00e3o de alta qualidade, que ir\u00e1 contribuir para o seu bem-estar e vitalidade. Aproveite e adquira agora mesmo esse produto incr\u00edvel em nosso e-commerce e proporcione ao seu pet uma vida mais saud\u00e1vel e feliz.<\/p>\n","protected":false},"excerpt":{"rendered":"<p>Conhe\u00e7a a ra\u00e7\u00e3o Farmina N&amp;D Ancestral Grain Selection Carnes e Frutas para C\u00e3es Filhotes Ra\u00e7as Grandes 15kg, o alimento perfeito para garantir uma nutri\u00e7\u00e3o completa e equilibrada para o seu companheiro de quatro patas. Desenvolvida especialmente para atender \u00e0s necessidades dos c\u00e3es filhotes de ra\u00e7as grandes, essa ra\u00e7\u00e3o possui uma f\u00f3rmula rica em ingredientes de alta qualidade, proporcionando todos os nutrientes essenciais para o crescimento saud\u00e1vel do seu pet. Uma das principais caracter\u00edsticas dessa ra\u00e7\u00e3o \u00e9 a presen\u00e7a de gr\u00e3os ancestrais, como o trigo sarraceno, a aveia e a cevada, que s\u00e3o fontes naturais de fibras e carboidratos de f\u00e1cil digest\u00e3o. Al\u00e9m disso, a ra\u00e7\u00e3o conta com uma sele\u00e7\u00e3o cuidadosa de carnes e frutas, como frango, cordeiro, mirtilo e abacaxi, que conferem um sabor irresist\u00edvel e uma variedade de nutrientes importantes para a sa\u00fade do seu c\u00e3ozinho. A ra\u00e7\u00e3o Farmina N&amp;D Ancestral Grain Selection Carnes e Frutas para C\u00e3es Filhotes Ra\u00e7as Grandes 15kg tamb\u00e9m \u00e9 enriquecida com vitaminas, minerais e antioxidantes, que fortalecem o sistema imunol\u00f3gico e contribuem para o desenvolvimento de ossos e m\u00fasculos fortes. Al\u00e9m disso, ela n\u00e3o possui corantes, aromatizantes artificiais e transg\u00eanicos, garantindo uma alimenta\u00e7\u00e3o natural e livre de subst\u00e2ncias prejudiciais. Com a ra\u00e7\u00e3o Farmina N&amp;D&hellip; <a class=\"read-more-link\" href=\"https:\/\/bepet.pet\/loja\/produto\/racao-farmina-nd-ancestral-grain-selection-carnes-e-frutas-para-caes-filhotes-racas-grandes-15kg\/\">Read More<\/a><\/p>\n","protected":false},"featured_media":9904,"comment_status":"open","ping_status":"closed","template":"","meta":{"_kadence_starter_templates_imported_post":false},"product_brand":[],"product_cat":[121,130],"product_tag":[],"class_list":{"0":"post-9905","1":"product","2":"type-product","3":"status-publish","4":"has-post-thumbnail","6":"product_cat-racoes","7":"product_cat-secas-caes","10":"first","11":"instock","12":"shipping-taxable","13":"purchasable","14":"product-type-simple"},"yoast_head":"<!-- This site is optimized with the Yoast SEO plugin v25.5 - https:\/\/yoast.com\/wordpress\/plugins\/seo\/ -->\n<title>Ra\u00e7\u00e3o Farmina N&amp;D Ancestral Grain Selection Carnes e Frutas para C\u00e3es Filhotes Ra\u00e7as Grandes 15kg - BePet<\/title>\n<meta name=\"robots\" content=\"index, follow, max-snippet:-1, max-image-preview:large, max-video-preview:-1\" \/>\n<link rel=\"canonical\" href=\"https:\/\/bepet.pet\/loja\/produto\/racao-farmina-nd-ancestral-grain-selection-carnes-e-frutas-para-caes-filhotes-racas-grandes-15kg\/\" \/>\n<meta property=\"og:locale\" content=\"pt_BR\" \/>\n<meta property=\"og:type\" content=\"article\" \/>\n<meta property=\"og:title\" content=\"Ra\u00e7\u00e3o Farmina N&amp;D Ancestral Grain Selection Carnes e Frutas para C\u00e3es Filhotes Ra\u00e7as Grandes 15kg - BePet\" \/>\n<meta property=\"og:description\" content=\"Conhe\u00e7a a ra\u00e7\u00e3o Farmina N&amp;D Ancestral Grain Selection Carnes e Frutas para C\u00e3es Filhotes Ra\u00e7as Grandes 15kg, o alimento perfeito para garantir uma nutri\u00e7\u00e3o completa e equilibrada para o seu companheiro de quatro patas. Desenvolvida especialmente para atender \u00e0s necessidades dos c\u00e3es filhotes de ra\u00e7as grandes, essa ra\u00e7\u00e3o possui uma f\u00f3rmula rica em ingredientes de alta qualidade, proporcionando todos os nutrientes essenciais para o crescimento saud\u00e1vel do seu pet. Uma das principais caracter\u00edsticas dessa ra\u00e7\u00e3o \u00e9 a presen\u00e7a de gr\u00e3os ancestrais, como o trigo sarraceno, a aveia e a cevada, que s\u00e3o fontes naturais de fibras e carboidratos de f\u00e1cil digest\u00e3o. Al\u00e9m disso, a ra\u00e7\u00e3o conta com uma sele\u00e7\u00e3o cuidadosa de carnes e frutas, como frango, cordeiro, mirtilo e abacaxi, que conferem um sabor irresist\u00edvel e uma variedade de nutrientes importantes para a sa\u00fade do seu c\u00e3ozinho. A ra\u00e7\u00e3o Farmina N&amp;D Ancestral Grain Selection Carnes e Frutas para C\u00e3es Filhotes Ra\u00e7as Grandes 15kg tamb\u00e9m \u00e9 enriquecida com vitaminas, minerais e antioxidantes, que fortalecem o sistema imunol\u00f3gico e contribuem para o desenvolvimento de ossos e m\u00fasculos fortes. Al\u00e9m disso, ela n\u00e3o possui corantes, aromatizantes artificiais e transg\u00eanicos, garantindo uma alimenta\u00e7\u00e3o natural e livre de subst\u00e2ncias prejudiciais. Com a ra\u00e7\u00e3o Farmina N&amp;D&hellip; Read More\" \/>\n<meta property=\"og:url\" content=\"https:\/\/bepet.pet\/loja\/produto\/racao-farmina-nd-ancestral-grain-selection-carnes-e-frutas-para-caes-filhotes-racas-grandes-15kg\/\" \/>\n<meta property=\"og:site_name\" content=\"BePet\" \/>\n<meta property=\"article:modified_time\" content=\"2025-12-10T20:28:24+00:00\" \/>\n<meta property=\"og:image\" content=\"https:\/\/bepet.pet\/loja\/wp-content\/uploads\/2024\/01\/p1cfdf510-d0f5-403b-b54e-74fd080d545f.png\" \/>\n\t<meta property=\"og:image:width\" content=\"800\" \/>\n\t<meta property=\"og:image:height\" content=\"800\" \/>\n\t<meta property=\"og:image:type\" content=\"image\/png\" \/>\n<meta name=\"twitter:card\" content=\"summary_large_image\" \/>\n<meta name=\"twitter:label1\" content=\"Est. tempo de leitura\" \/>\n\t<meta name=\"twitter:data1\" content=\"1 minuto\" \/>\n<script type=\"application\/ld+json\" class=\"yoast-schema-graph\">{\"@context\":\"https:\/\/schema.org\",\"@graph\":[{\"@type\":\"WebPage\",\"@id\":\"https:\/\/bepet.pet\/loja\/produto\/racao-farmina-nd-ancestral-grain-selection-carnes-e-frutas-para-caes-filhotes-racas-grandes-15kg\/\",\"url\":\"https:\/\/bepet.pet\/loja\/produto\/racao-farmina-nd-ancestral-grain-selection-carnes-e-frutas-para-caes-filhotes-racas-grandes-15kg\/\",\"name\":\"Ra\u00e7\u00e3o Farmina N&amp;D Ancestral Grain Selection Carnes e Frutas para C\u00e3es Filhotes Ra\u00e7as Grandes 15kg - BePet\",\"isPartOf\":{\"@id\":\"https:\/\/bepet.pet\/loja\/#website\"},\"primaryImageOfPage\":{\"@id\":\"https:\/\/bepet.pet\/loja\/produto\/racao-farmina-nd-ancestral-grain-selection-carnes-e-frutas-para-caes-filhotes-racas-grandes-15kg\/#primaryimage\"},\"image\":{\"@id\":\"https:\/\/bepet.pet\/loja\/produto\/racao-farmina-nd-ancestral-grain-selection-carnes-e-frutas-para-caes-filhotes-racas-grandes-15kg\/#primaryimage\"},\"thumbnailUrl\":\"https:\/\/bepet.pet\/loja\/wp-content\/uploads\/2024\/01\/p1cfdf510-d0f5-403b-b54e-74fd080d545f.png\",\"datePublished\":\"2024-01-13T16:03:43+00:00\",\"dateModified\":\"2025-12-10T20:28:24+00:00\",\"breadcrumb\":{\"@id\":\"https:\/\/bepet.pet\/loja\/produto\/racao-farmina-nd-ancestral-grain-selection-carnes-e-frutas-para-caes-filhotes-racas-grandes-15kg\/#breadcrumb\"},\"inLanguage\":\"pt-BR\",\"potentialAction\":[{\"@type\":\"ReadAction\",\"target\":[\"https:\/\/bepet.pet\/loja\/produto\/racao-farmina-nd-ancestral-grain-selection-carnes-e-frutas-para-caes-filhotes-racas-grandes-15kg\/\"]}]},{\"@type\":\"ImageObject\",\"inLanguage\":\"pt-BR\",\"@id\":\"https:\/\/bepet.pet\/loja\/produto\/racao-farmina-nd-ancestral-grain-selection-carnes-e-frutas-para-caes-filhotes-racas-grandes-15kg\/#primaryimage\",\"url\":\"https:\/\/bepet.pet\/loja\/wp-content\/uploads\/2024\/01\/p1cfdf510-d0f5-403b-b54e-74fd080d545f.png\",\"contentUrl\":\"https:\/\/bepet.pet\/loja\/wp-content\/uploads\/2024\/01\/p1cfdf510-d0f5-403b-b54e-74fd080d545f.png\",\"width\":800,\"height\":800},{\"@type\":\"BreadcrumbList\",\"@id\":\"https:\/\/bepet.pet\/loja\/produto\/racao-farmina-nd-ancestral-grain-selection-carnes-e-frutas-para-caes-filhotes-racas-grandes-15kg\/#breadcrumb\",\"itemListElement\":[{\"@type\":\"ListItem\",\"position\":1,\"name\":\"Home\",\"item\":\"https:\/\/bepet.pet\/loja\/\"},{\"@type\":\"ListItem\",\"position\":2,\"name\":\"Shop\",\"item\":\"https:\/\/bepet.pet\/loja\/shop-2\/\"},{\"@type\":\"ListItem\",\"position\":3,\"name\":\"Ra\u00e7\u00e3o Farmina N&amp;D Ancestral Grain Selection Carnes e Frutas para C\u00e3es Filhotes Ra\u00e7as Grandes 15kg\"}]},{\"@type\":\"WebSite\",\"@id\":\"https:\/\/bepet.pet\/loja\/#website\",\"url\":\"https:\/\/bepet.pet\/loja\/\",\"name\":\"BePet\",\"description\":\"Nossa vida \u00e9 cuidar do seu pet\",\"publisher\":{\"@id\":\"https:\/\/bepet.pet\/loja\/#organization\"},\"potentialAction\":[{\"@type\":\"SearchAction\",\"target\":{\"@type\":\"EntryPoint\",\"urlTemplate\":\"https:\/\/bepet.pet\/loja\/?s={search_term_string}\"},\"query-input\":{\"@type\":\"PropertyValueSpecification\",\"valueRequired\":true,\"valueName\":\"search_term_string\"}}],\"inLanguage\":\"pt-BR\"},{\"@type\":\"Organization\",\"@id\":\"https:\/\/bepet.pet\/loja\/#organization\",\"name\":\"BePet\",\"url\":\"https:\/\/bepet.pet\/loja\/\",\"logo\":{\"@type\":\"ImageObject\",\"inLanguage\":\"pt-BR\",\"@id\":\"https:\/\/bepet.pet\/loja\/#\/schema\/logo\/image\/\",\"url\":\"https:\/\/bepet.pet\/loja\/wp-content\/uploads\/2020\/10\/logo.jpg\",\"contentUrl\":\"https:\/\/bepet.pet\/loja\/wp-content\/uploads\/2020\/10\/logo.jpg\",\"width\":100,\"height\":99,\"caption\":\"BePet\"},\"image\":{\"@id\":\"https:\/\/bepet.pet\/loja\/#\/schema\/logo\/image\/\"}}]}<\/script>\n<!-- \/ Yoast SEO plugin. -->","yoast_head_json":{"title":"Ra\u00e7\u00e3o Farmina N&amp;D Ancestral Grain Selection Carnes e Frutas para C\u00e3es Filhotes Ra\u00e7as Grandes 15kg - BePet","robots":{"index":"index","follow":"follow","max-snippet":"max-snippet:-1","max-image-preview":"max-image-preview:large","max-video-preview":"max-video-preview:-1"},"canonical":"https:\/\/bepet.pet\/loja\/produto\/racao-farmina-nd-ancestral-grain-selection-carnes-e-frutas-para-caes-filhotes-racas-grandes-15kg\/","og_locale":"pt_BR","og_type":"article","og_title":"Ra\u00e7\u00e3o Farmina N&amp;D Ancestral Grain Selection Carnes e Frutas para C\u00e3es Filhotes Ra\u00e7as Grandes 15kg - BePet","og_description":"Conhe\u00e7a a ra\u00e7\u00e3o Farmina N&amp;D Ancestral Grain Selection Carnes e Frutas para C\u00e3es Filhotes Ra\u00e7as Grandes 15kg, o alimento perfeito para garantir uma nutri\u00e7\u00e3o completa e equilibrada para o seu companheiro de quatro patas. Desenvolvida especialmente para atender \u00e0s necessidades dos c\u00e3es filhotes de ra\u00e7as grandes, essa ra\u00e7\u00e3o possui uma f\u00f3rmula rica em ingredientes de alta qualidade, proporcionando todos os nutrientes essenciais para o crescimento saud\u00e1vel do seu pet. Uma das principais caracter\u00edsticas dessa ra\u00e7\u00e3o \u00e9 a presen\u00e7a de gr\u00e3os ancestrais, como o trigo sarraceno, a aveia e a cevada, que s\u00e3o fontes naturais de fibras e carboidratos de f\u00e1cil digest\u00e3o. Al\u00e9m disso, a ra\u00e7\u00e3o conta com uma sele\u00e7\u00e3o cuidadosa de carnes e frutas, como frango, cordeiro, mirtilo e abacaxi, que conferem um sabor irresist\u00edvel e uma variedade de nutrientes importantes para a sa\u00fade do seu c\u00e3ozinho. A ra\u00e7\u00e3o Farmina N&amp;D Ancestral Grain Selection Carnes e Frutas para C\u00e3es Filhotes Ra\u00e7as Grandes 15kg tamb\u00e9m \u00e9 enriquecida com vitaminas, minerais e antioxidantes, que fortalecem o sistema imunol\u00f3gico e contribuem para o desenvolvimento de ossos e m\u00fasculos fortes. Al\u00e9m disso, ela n\u00e3o possui corantes, aromatizantes artificiais e transg\u00eanicos, garantindo uma alimenta\u00e7\u00e3o natural e livre de subst\u00e2ncias prejudiciais. Com a ra\u00e7\u00e3o Farmina N&amp;D&hellip; Read More","og_url":"https:\/\/bepet.pet\/loja\/produto\/racao-farmina-nd-ancestral-grain-selection-carnes-e-frutas-para-caes-filhotes-racas-grandes-15kg\/","og_site_name":"BePet","article_modified_time":"2025-12-10T20:28:24+00:00","og_image":[{"width":800,"height":800,"url":"https:\/\/bepet.pet\/loja\/wp-content\/uploads\/2024\/01\/p1cfdf510-d0f5-403b-b54e-74fd080d545f.png","type":"image\/png"}],"twitter_card":"summary_large_image","twitter_misc":{"Est. tempo de leitura":"1 minuto"},"schema":{"@context":"https:\/\/schema.org","@graph":[{"@type":"WebPage","@id":"https:\/\/bepet.pet\/loja\/produto\/racao-farmina-nd-ancestral-grain-selection-carnes-e-frutas-para-caes-filhotes-racas-grandes-15kg\/","url":"https:\/\/bepet.pet\/loja\/produto\/racao-farmina-nd-ancestral-grain-selection-carnes-e-frutas-para-caes-filhotes-racas-grandes-15kg\/","name":"Ra\u00e7\u00e3o Farmina N&amp;D Ancestral Grain Selection Carnes e Frutas para C\u00e3es Filhotes Ra\u00e7as Grandes 15kg - BePet","isPartOf":{"@id":"https:\/\/bepet.pet\/loja\/#website"},"primaryImageOfPage":{"@id":"https:\/\/bepet.pet\/loja\/produto\/racao-farmina-nd-ancestral-grain-selection-carnes-e-frutas-para-caes-filhotes-racas-grandes-15kg\/#primaryimage"},"image":{"@id":"https:\/\/bepet.pet\/loja\/produto\/racao-farmina-nd-ancestral-grain-selection-carnes-e-frutas-para-caes-filhotes-racas-grandes-15kg\/#primaryimage"},"thumbnailUrl":"https:\/\/bepet.pet\/loja\/wp-content\/uploads\/2024\/01\/p1cfdf510-d0f5-403b-b54e-74fd080d545f.png","datePublished":"2024-01-13T16:03:43+00:00","dateModified":"2025-12-10T20:28:24+00:00","breadcrumb":{"@id":"https:\/\/bepet.pet\/loja\/produto\/racao-farmina-nd-ancestral-grain-selection-carnes-e-frutas-para-caes-filhotes-racas-grandes-15kg\/#breadcrumb"},"inLanguage":"pt-BR","potentialAction":[{"@type":"ReadAction","target":["https:\/\/bepet.pet\/loja\/produto\/racao-farmina-nd-ancestral-grain-selection-carnes-e-frutas-para-caes-filhotes-racas-grandes-15kg\/"]}]},{"@type":"ImageObject","inLanguage":"pt-BR","@id":"https:\/\/bepet.pet\/loja\/produto\/racao-farmina-nd-ancestral-grain-selection-carnes-e-frutas-para-caes-filhotes-racas-grandes-15kg\/#primaryimage","url":"https:\/\/bepet.pet\/loja\/wp-content\/uploads\/2024\/01\/p1cfdf510-d0f5-403b-b54e-74fd080d545f.png","contentUrl":"https:\/\/bepet.pet\/loja\/wp-content\/uploads\/2024\/01\/p1cfdf510-d0f5-403b-b54e-74fd080d545f.png","width":800,"height":800},{"@type":"BreadcrumbList","@id":"https:\/\/bepet.pet\/loja\/produto\/racao-farmina-nd-ancestral-grain-selection-carnes-e-frutas-para-caes-filhotes-racas-grandes-15kg\/#breadcrumb","itemListElement":[{"@type":"ListItem","position":1,"name":"Home","item":"https:\/\/bepet.pet\/loja\/"},{"@type":"ListItem","position":2,"name":"Shop","item":"https:\/\/bepet.pet\/loja\/shop-2\/"},{"@type":"ListItem","position":3,"name":"Ra\u00e7\u00e3o Farmina N&amp;D Ancestral Grain Selection Carnes e Frutas para C\u00e3es Filhotes Ra\u00e7as Grandes 15kg"}]},{"@type":"WebSite","@id":"https:\/\/bepet.pet\/loja\/#website","url":"https:\/\/bepet.pet\/loja\/","name":"BePet","description":"Nossa vida \u00e9 cuidar do seu pet","publisher":{"@id":"https:\/\/bepet.pet\/loja\/#organization"},"potentialAction":[{"@type":"SearchAction","target":{"@type":"EntryPoint","urlTemplate":"https:\/\/bepet.pet\/loja\/?s={search_term_string}"},"query-input":{"@type":"PropertyValueSpecification","valueRequired":true,"valueName":"search_term_string"}}],"inLanguage":"pt-BR"},{"@type":"Organization","@id":"https:\/\/bepet.pet\/loja\/#organization","name":"BePet","url":"https:\/\/bepet.pet\/loja\/","logo":{"@type":"ImageObject","inLanguage":"pt-BR","@id":"https:\/\/bepet.pet\/loja\/#\/schema\/logo\/image\/","url":"https:\/\/bepet.pet\/loja\/wp-content\/uploads\/2020\/10\/logo.jpg","contentUrl":"https:\/\/bepet.pet\/loja\/wp-content\/uploads\/2020\/10\/logo.jpg","width":100,"height":99,"caption":"BePet"},"image":{"@id":"https:\/\/bepet.pet\/loja\/#\/schema\/logo\/image\/"}}]}},"jetpack_sharing_enabled":true,"_links":{"self":[{"href":"https:\/\/bepet.pet\/loja\/wp-json\/wp\/v2\/product\/9905","targetHints":{"allow":["GET"]}}],"collection":[{"href":"https:\/\/bepet.pet\/loja\/wp-json\/wp\/v2\/product"}],"about":[{"href":"https:\/\/bepet.pet\/loja\/wp-json\/wp\/v2\/types\/product"}],"replies":[{"embeddable":true,"href":"https:\/\/bepet.pet\/loja\/wp-json\/wp\/v2\/comments?post=9905"}],"wp:featuredmedia":[{"embeddable":true,"href":"https:\/\/bepet.pet\/loja\/wp-json\/wp\/v2\/media\/9904"}],"wp:attachment":[{"href":"https:\/\/bepet.pet\/loja\/wp-json\/wp\/v2\/media?parent=9905"}],"wp:term":[{"taxonomy":"product_brand","embeddable":true,"href":"https:\/\/bepet.pet\/loja\/wp-json\/wp\/v2\/product_brand?post=9905"},{"taxonomy":"product_cat","embeddable":true,"href":"https:\/\/bepet.pet\/loja\/wp-json\/wp\/v2\/product_cat?post=9905"},{"taxonomy":"product_tag","embeddable":true,"href":"https:\/\/bepet.pet\/loja\/wp-json\/wp\/v2\/product_tag?post=9905"}],"curies":[{"name":"wp","href":"https:\/\/api.w.org\/{rel}","templated":true}]}}