{"id":9897,"date":"2024-01-13T12:24:20","date_gmt":"2024-01-13T15:24:20","guid":{"rendered":"https:\/\/bepet.pet\/loja\/produto\/racao-nd-ancestral-grain-gatos-adultos-frango-e-roma-400-g\/"},"modified":"2025-12-10T17:06:37","modified_gmt":"2025-12-10T20:06:37","slug":"racao-nd-ancestral-grain-gatos-adultos-frango-e-roma-400-g","status":"publish","type":"product","link":"https:\/\/bepet.pet\/loja\/produto\/racao-nd-ancestral-grain-gatos-adultos-frango-e-roma-400-g\/","title":{"rendered":"Ra\u00e7\u00e3o N&amp;D Ancestral Grain Gatos Adultos Frango e Rom\u00e3 400 g"},"content":{"rendered":"<p>Conhe\u00e7a a ra\u00e7\u00e3o N&amp;D Ancestral Grain para gatos adultos, na deliciosa combina\u00e7\u00e3o de frango e rom\u00e3. Com embalagem de 400g, essa op\u00e7\u00e3o \u00e9 perfeita para cuidar da alimenta\u00e7\u00e3o do seu felino de forma pr\u00e1tica e saud\u00e1vel.<\/p>\n<p>Desenvolvida com ingredientes de alta qualidade, a ra\u00e7\u00e3o N&amp;D Ancestral Grain \u00e9 ideal para gatos que buscam uma dieta equilibrada e nutritiva. Com um mix de prote\u00ednas animais de alta digestibilidade, como o frango, essa op\u00e7\u00e3o proporciona todos os nutrientes essenciais para a sa\u00fade do seu gato.<\/p>\n<p>Al\u00e9m disso, a presen\u00e7a da rom\u00e3 na f\u00f3rmula traz benef\u00edcios adicionais para o seu felino. A rom\u00e3 \u00e9 rica em antioxidantes naturais, que auxiliam na prote\u00e7\u00e3o das c\u00e9lulas contra os radicais livres, fortalecendo o sistema imunol\u00f3gico e contribuindo para uma vida mais saud\u00e1vel.<\/p>\n<p>A ra\u00e7\u00e3o N&amp;D Ancestral Grain tamb\u00e9m conta com a presen\u00e7a de cereais ancestrais, como o espelta e o trigo sarraceno, que s\u00e3o fontes de carboidratos de baixo \u00edndice glic\u00eamico. Isso significa que a libera\u00e7\u00e3o de energia \u00e9 gradual, evitando picos de glicose no sangue e proporcionando uma sensa\u00e7\u00e3o de saciedade por mais tempo.<\/p>\n<p>No e_Commerce, voc\u00ea encontra a ra\u00e7\u00e3o N&amp;D Ancestral Grain para gatos adultos, na vers\u00e3o de 400g. Aproveite essa oportunidade para oferecer ao seu felino uma alimenta\u00e7\u00e3o de qualidade, que atende \u00e0s suas necessidades nutricionais e contribui para uma vida mais saud\u00e1vel.<\/p>\n<p>Invista na sa\u00fade e bem-estar do seu gato com a ra\u00e7\u00e3o N&amp;D Ancestral Grain. Pe\u00e7a agora mesmo e proporcione uma alimenta\u00e7\u00e3o completa e balanceada para o seu companheiro de quatro patas.<\/p>\n","protected":false},"excerpt":{"rendered":"<p>Conhe\u00e7a a ra\u00e7\u00e3o N&amp;D Ancestral Grain para gatos adultos, na deliciosa combina\u00e7\u00e3o de frango e rom\u00e3. Com embalagem de 400g, essa op\u00e7\u00e3o \u00e9 perfeita para cuidar da alimenta\u00e7\u00e3o do seu felino de forma pr\u00e1tica e saud\u00e1vel. Desenvolvida com ingredientes de alta qualidade, a ra\u00e7\u00e3o N&amp;D Ancestral Grain \u00e9 ideal para gatos que buscam uma dieta equilibrada e nutritiva. Com um mix de prote\u00ednas animais de alta digestibilidade, como o frango, essa op\u00e7\u00e3o proporciona todos os nutrientes essenciais para a sa\u00fade do seu gato. Al\u00e9m disso, a presen\u00e7a da rom\u00e3 na f\u00f3rmula traz benef\u00edcios adicionais para o seu felino. A rom\u00e3 \u00e9 rica em antioxidantes naturais, que auxiliam na prote\u00e7\u00e3o das c\u00e9lulas contra os radicais livres, fortalecendo o sistema imunol\u00f3gico e contribuindo para uma vida mais saud\u00e1vel. A ra\u00e7\u00e3o N&amp;D Ancestral Grain tamb\u00e9m conta com a presen\u00e7a de cereais ancestrais, como o espelta e o trigo sarraceno, que s\u00e3o fontes de carboidratos de baixo \u00edndice glic\u00eamico. Isso significa que a libera\u00e7\u00e3o de energia \u00e9 gradual, evitando picos de glicose no sangue e proporcionando uma sensa\u00e7\u00e3o de saciedade por mais tempo. No e_Commerce, voc\u00ea encontra a ra\u00e7\u00e3o N&amp;D Ancestral Grain para gatos adultos, na vers\u00e3o de 400g. Aproveite essa oportunidade para oferecer&hellip; <a class=\"read-more-link\" href=\"https:\/\/bepet.pet\/loja\/produto\/racao-nd-ancestral-grain-gatos-adultos-frango-e-roma-400-g\/\">Read More<\/a><\/p>\n","protected":false},"featured_media":9896,"comment_status":"open","ping_status":"closed","template":"","meta":{"_kadence_starter_templates_imported_post":false},"product_brand":[],"product_cat":[121,133],"product_tag":[],"class_list":{"0":"post-9897","1":"product","2":"type-product","3":"status-publish","4":"has-post-thumbnail","6":"product_cat-racoes","7":"product_cat-secas-gatos","10":"first","11":"instock","12":"shipping-taxable","13":"purchasable","14":"product-type-simple"},"yoast_head":"<!-- This site is optimized with the Yoast SEO plugin v25.5 - https:\/\/yoast.com\/wordpress\/plugins\/seo\/ -->\n<title>Ra\u00e7\u00e3o N&amp;D Ancestral Grain Gatos Adultos Frango e Rom\u00e3 400 g - BePet<\/title>\n<meta name=\"robots\" content=\"index, follow, max-snippet:-1, max-image-preview:large, max-video-preview:-1\" \/>\n<link rel=\"canonical\" href=\"https:\/\/bepet.pet\/loja\/produto\/racao-nd-ancestral-grain-gatos-adultos-frango-e-roma-400-g\/\" \/>\n<meta property=\"og:locale\" content=\"pt_BR\" \/>\n<meta property=\"og:type\" content=\"article\" \/>\n<meta property=\"og:title\" content=\"Ra\u00e7\u00e3o N&amp;D Ancestral Grain Gatos Adultos Frango e Rom\u00e3 400 g - BePet\" \/>\n<meta property=\"og:description\" content=\"Conhe\u00e7a a ra\u00e7\u00e3o N&amp;D Ancestral Grain para gatos adultos, na deliciosa combina\u00e7\u00e3o de frango e rom\u00e3. Com embalagem de 400g, essa op\u00e7\u00e3o \u00e9 perfeita para cuidar da alimenta\u00e7\u00e3o do seu felino de forma pr\u00e1tica e saud\u00e1vel. Desenvolvida com ingredientes de alta qualidade, a ra\u00e7\u00e3o N&amp;D Ancestral Grain \u00e9 ideal para gatos que buscam uma dieta equilibrada e nutritiva. Com um mix de prote\u00ednas animais de alta digestibilidade, como o frango, essa op\u00e7\u00e3o proporciona todos os nutrientes essenciais para a sa\u00fade do seu gato. Al\u00e9m disso, a presen\u00e7a da rom\u00e3 na f\u00f3rmula traz benef\u00edcios adicionais para o seu felino. A rom\u00e3 \u00e9 rica em antioxidantes naturais, que auxiliam na prote\u00e7\u00e3o das c\u00e9lulas contra os radicais livres, fortalecendo o sistema imunol\u00f3gico e contribuindo para uma vida mais saud\u00e1vel. A ra\u00e7\u00e3o N&amp;D Ancestral Grain tamb\u00e9m conta com a presen\u00e7a de cereais ancestrais, como o espelta e o trigo sarraceno, que s\u00e3o fontes de carboidratos de baixo \u00edndice glic\u00eamico. Isso significa que a libera\u00e7\u00e3o de energia \u00e9 gradual, evitando picos de glicose no sangue e proporcionando uma sensa\u00e7\u00e3o de saciedade por mais tempo. No e_Commerce, voc\u00ea encontra a ra\u00e7\u00e3o N&amp;D Ancestral Grain para gatos adultos, na vers\u00e3o de 400g. Aproveite essa oportunidade para oferecer&hellip; Read More\" \/>\n<meta property=\"og:url\" content=\"https:\/\/bepet.pet\/loja\/produto\/racao-nd-ancestral-grain-gatos-adultos-frango-e-roma-400-g\/\" \/>\n<meta property=\"og:site_name\" content=\"BePet\" \/>\n<meta property=\"article:modified_time\" content=\"2025-12-10T20:06:37+00:00\" \/>\n<meta property=\"og:image\" content=\"https:\/\/bepet.pet\/loja\/wp-content\/uploads\/2024\/01\/p66e5bf8f-a37e-4050-950d-918a63d37ec0.png\" \/>\n\t<meta property=\"og:image:width\" content=\"800\" \/>\n\t<meta property=\"og:image:height\" content=\"800\" \/>\n\t<meta property=\"og:image:type\" content=\"image\/png\" \/>\n<meta name=\"twitter:card\" content=\"summary_large_image\" \/>\n<meta name=\"twitter:label1\" content=\"Est. tempo de leitura\" \/>\n\t<meta name=\"twitter:data1\" content=\"1 minuto\" \/>\n<script type=\"application\/ld+json\" class=\"yoast-schema-graph\">{\"@context\":\"https:\/\/schema.org\",\"@graph\":[{\"@type\":\"WebPage\",\"@id\":\"https:\/\/bepet.pet\/loja\/produto\/racao-nd-ancestral-grain-gatos-adultos-frango-e-roma-400-g\/\",\"url\":\"https:\/\/bepet.pet\/loja\/produto\/racao-nd-ancestral-grain-gatos-adultos-frango-e-roma-400-g\/\",\"name\":\"Ra\u00e7\u00e3o N&amp;D Ancestral Grain Gatos Adultos Frango e Rom\u00e3 400 g - BePet\",\"isPartOf\":{\"@id\":\"https:\/\/bepet.pet\/loja\/#website\"},\"primaryImageOfPage\":{\"@id\":\"https:\/\/bepet.pet\/loja\/produto\/racao-nd-ancestral-grain-gatos-adultos-frango-e-roma-400-g\/#primaryimage\"},\"image\":{\"@id\":\"https:\/\/bepet.pet\/loja\/produto\/racao-nd-ancestral-grain-gatos-adultos-frango-e-roma-400-g\/#primaryimage\"},\"thumbnailUrl\":\"https:\/\/bepet.pet\/loja\/wp-content\/uploads\/2024\/01\/p66e5bf8f-a37e-4050-950d-918a63d37ec0.png\",\"datePublished\":\"2024-01-13T15:24:20+00:00\",\"dateModified\":\"2025-12-10T20:06:37+00:00\",\"breadcrumb\":{\"@id\":\"https:\/\/bepet.pet\/loja\/produto\/racao-nd-ancestral-grain-gatos-adultos-frango-e-roma-400-g\/#breadcrumb\"},\"inLanguage\":\"pt-BR\",\"potentialAction\":[{\"@type\":\"ReadAction\",\"target\":[\"https:\/\/bepet.pet\/loja\/produto\/racao-nd-ancestral-grain-gatos-adultos-frango-e-roma-400-g\/\"]}]},{\"@type\":\"ImageObject\",\"inLanguage\":\"pt-BR\",\"@id\":\"https:\/\/bepet.pet\/loja\/produto\/racao-nd-ancestral-grain-gatos-adultos-frango-e-roma-400-g\/#primaryimage\",\"url\":\"https:\/\/bepet.pet\/loja\/wp-content\/uploads\/2024\/01\/p66e5bf8f-a37e-4050-950d-918a63d37ec0.png\",\"contentUrl\":\"https:\/\/bepet.pet\/loja\/wp-content\/uploads\/2024\/01\/p66e5bf8f-a37e-4050-950d-918a63d37ec0.png\",\"width\":800,\"height\":800},{\"@type\":\"BreadcrumbList\",\"@id\":\"https:\/\/bepet.pet\/loja\/produto\/racao-nd-ancestral-grain-gatos-adultos-frango-e-roma-400-g\/#breadcrumb\",\"itemListElement\":[{\"@type\":\"ListItem\",\"position\":1,\"name\":\"Home\",\"item\":\"https:\/\/bepet.pet\/loja\/\"},{\"@type\":\"ListItem\",\"position\":2,\"name\":\"Shop\",\"item\":\"https:\/\/bepet.pet\/loja\/shop-2\/\"},{\"@type\":\"ListItem\",\"position\":3,\"name\":\"Ra\u00e7\u00e3o N&amp;D Ancestral Grain Gatos Adultos Frango e Rom\u00e3 400 g\"}]},{\"@type\":\"WebSite\",\"@id\":\"https:\/\/bepet.pet\/loja\/#website\",\"url\":\"https:\/\/bepet.pet\/loja\/\",\"name\":\"BePet\",\"description\":\"Nossa vida \u00e9 cuidar do seu pet\",\"publisher\":{\"@id\":\"https:\/\/bepet.pet\/loja\/#organization\"},\"potentialAction\":[{\"@type\":\"SearchAction\",\"target\":{\"@type\":\"EntryPoint\",\"urlTemplate\":\"https:\/\/bepet.pet\/loja\/?s={search_term_string}\"},\"query-input\":{\"@type\":\"PropertyValueSpecification\",\"valueRequired\":true,\"valueName\":\"search_term_string\"}}],\"inLanguage\":\"pt-BR\"},{\"@type\":\"Organization\",\"@id\":\"https:\/\/bepet.pet\/loja\/#organization\",\"name\":\"BePet\",\"url\":\"https:\/\/bepet.pet\/loja\/\",\"logo\":{\"@type\":\"ImageObject\",\"inLanguage\":\"pt-BR\",\"@id\":\"https:\/\/bepet.pet\/loja\/#\/schema\/logo\/image\/\",\"url\":\"https:\/\/bepet.pet\/loja\/wp-content\/uploads\/2020\/10\/logo.jpg\",\"contentUrl\":\"https:\/\/bepet.pet\/loja\/wp-content\/uploads\/2020\/10\/logo.jpg\",\"width\":100,\"height\":99,\"caption\":\"BePet\"},\"image\":{\"@id\":\"https:\/\/bepet.pet\/loja\/#\/schema\/logo\/image\/\"}}]}<\/script>\n<!-- \/ Yoast SEO plugin. -->","yoast_head_json":{"title":"Ra\u00e7\u00e3o N&amp;D Ancestral Grain Gatos Adultos Frango e Rom\u00e3 400 g - BePet","robots":{"index":"index","follow":"follow","max-snippet":"max-snippet:-1","max-image-preview":"max-image-preview:large","max-video-preview":"max-video-preview:-1"},"canonical":"https:\/\/bepet.pet\/loja\/produto\/racao-nd-ancestral-grain-gatos-adultos-frango-e-roma-400-g\/","og_locale":"pt_BR","og_type":"article","og_title":"Ra\u00e7\u00e3o N&amp;D Ancestral Grain Gatos Adultos Frango e Rom\u00e3 400 g - BePet","og_description":"Conhe\u00e7a a ra\u00e7\u00e3o N&amp;D Ancestral Grain para gatos adultos, na deliciosa combina\u00e7\u00e3o de frango e rom\u00e3. Com embalagem de 400g, essa op\u00e7\u00e3o \u00e9 perfeita para cuidar da alimenta\u00e7\u00e3o do seu felino de forma pr\u00e1tica e saud\u00e1vel. Desenvolvida com ingredientes de alta qualidade, a ra\u00e7\u00e3o N&amp;D Ancestral Grain \u00e9 ideal para gatos que buscam uma dieta equilibrada e nutritiva. Com um mix de prote\u00ednas animais de alta digestibilidade, como o frango, essa op\u00e7\u00e3o proporciona todos os nutrientes essenciais para a sa\u00fade do seu gato. Al\u00e9m disso, a presen\u00e7a da rom\u00e3 na f\u00f3rmula traz benef\u00edcios adicionais para o seu felino. A rom\u00e3 \u00e9 rica em antioxidantes naturais, que auxiliam na prote\u00e7\u00e3o das c\u00e9lulas contra os radicais livres, fortalecendo o sistema imunol\u00f3gico e contribuindo para uma vida mais saud\u00e1vel. A ra\u00e7\u00e3o N&amp;D Ancestral Grain tamb\u00e9m conta com a presen\u00e7a de cereais ancestrais, como o espelta e o trigo sarraceno, que s\u00e3o fontes de carboidratos de baixo \u00edndice glic\u00eamico. Isso significa que a libera\u00e7\u00e3o de energia \u00e9 gradual, evitando picos de glicose no sangue e proporcionando uma sensa\u00e7\u00e3o de saciedade por mais tempo. No e_Commerce, voc\u00ea encontra a ra\u00e7\u00e3o N&amp;D Ancestral Grain para gatos adultos, na vers\u00e3o de 400g. Aproveite essa oportunidade para oferecer&hellip; Read More","og_url":"https:\/\/bepet.pet\/loja\/produto\/racao-nd-ancestral-grain-gatos-adultos-frango-e-roma-400-g\/","og_site_name":"BePet","article_modified_time":"2025-12-10T20:06:37+00:00","og_image":[{"width":800,"height":800,"url":"https:\/\/bepet.pet\/loja\/wp-content\/uploads\/2024\/01\/p66e5bf8f-a37e-4050-950d-918a63d37ec0.png","type":"image\/png"}],"twitter_card":"summary_large_image","twitter_misc":{"Est. tempo de leitura":"1 minuto"},"schema":{"@context":"https:\/\/schema.org","@graph":[{"@type":"WebPage","@id":"https:\/\/bepet.pet\/loja\/produto\/racao-nd-ancestral-grain-gatos-adultos-frango-e-roma-400-g\/","url":"https:\/\/bepet.pet\/loja\/produto\/racao-nd-ancestral-grain-gatos-adultos-frango-e-roma-400-g\/","name":"Ra\u00e7\u00e3o N&amp;D Ancestral Grain Gatos Adultos Frango e Rom\u00e3 400 g - BePet","isPartOf":{"@id":"https:\/\/bepet.pet\/loja\/#website"},"primaryImageOfPage":{"@id":"https:\/\/bepet.pet\/loja\/produto\/racao-nd-ancestral-grain-gatos-adultos-frango-e-roma-400-g\/#primaryimage"},"image":{"@id":"https:\/\/bepet.pet\/loja\/produto\/racao-nd-ancestral-grain-gatos-adultos-frango-e-roma-400-g\/#primaryimage"},"thumbnailUrl":"https:\/\/bepet.pet\/loja\/wp-content\/uploads\/2024\/01\/p66e5bf8f-a37e-4050-950d-918a63d37ec0.png","datePublished":"2024-01-13T15:24:20+00:00","dateModified":"2025-12-10T20:06:37+00:00","breadcrumb":{"@id":"https:\/\/bepet.pet\/loja\/produto\/racao-nd-ancestral-grain-gatos-adultos-frango-e-roma-400-g\/#breadcrumb"},"inLanguage":"pt-BR","potentialAction":[{"@type":"ReadAction","target":["https:\/\/bepet.pet\/loja\/produto\/racao-nd-ancestral-grain-gatos-adultos-frango-e-roma-400-g\/"]}]},{"@type":"ImageObject","inLanguage":"pt-BR","@id":"https:\/\/bepet.pet\/loja\/produto\/racao-nd-ancestral-grain-gatos-adultos-frango-e-roma-400-g\/#primaryimage","url":"https:\/\/bepet.pet\/loja\/wp-content\/uploads\/2024\/01\/p66e5bf8f-a37e-4050-950d-918a63d37ec0.png","contentUrl":"https:\/\/bepet.pet\/loja\/wp-content\/uploads\/2024\/01\/p66e5bf8f-a37e-4050-950d-918a63d37ec0.png","width":800,"height":800},{"@type":"BreadcrumbList","@id":"https:\/\/bepet.pet\/loja\/produto\/racao-nd-ancestral-grain-gatos-adultos-frango-e-roma-400-g\/#breadcrumb","itemListElement":[{"@type":"ListItem","position":1,"name":"Home","item":"https:\/\/bepet.pet\/loja\/"},{"@type":"ListItem","position":2,"name":"Shop","item":"https:\/\/bepet.pet\/loja\/shop-2\/"},{"@type":"ListItem","position":3,"name":"Ra\u00e7\u00e3o N&amp;D Ancestral Grain Gatos Adultos Frango e Rom\u00e3 400 g"}]},{"@type":"WebSite","@id":"https:\/\/bepet.pet\/loja\/#website","url":"https:\/\/bepet.pet\/loja\/","name":"BePet","description":"Nossa vida \u00e9 cuidar do seu pet","publisher":{"@id":"https:\/\/bepet.pet\/loja\/#organization"},"potentialAction":[{"@type":"SearchAction","target":{"@type":"EntryPoint","urlTemplate":"https:\/\/bepet.pet\/loja\/?s={search_term_string}"},"query-input":{"@type":"PropertyValueSpecification","valueRequired":true,"valueName":"search_term_string"}}],"inLanguage":"pt-BR"},{"@type":"Organization","@id":"https:\/\/bepet.pet\/loja\/#organization","name":"BePet","url":"https:\/\/bepet.pet\/loja\/","logo":{"@type":"ImageObject","inLanguage":"pt-BR","@id":"https:\/\/bepet.pet\/loja\/#\/schema\/logo\/image\/","url":"https:\/\/bepet.pet\/loja\/wp-content\/uploads\/2020\/10\/logo.jpg","contentUrl":"https:\/\/bepet.pet\/loja\/wp-content\/uploads\/2020\/10\/logo.jpg","width":100,"height":99,"caption":"BePet"},"image":{"@id":"https:\/\/bepet.pet\/loja\/#\/schema\/logo\/image\/"}}]}},"jetpack_sharing_enabled":true,"_links":{"self":[{"href":"https:\/\/bepet.pet\/loja\/wp-json\/wp\/v2\/product\/9897","targetHints":{"allow":["GET"]}}],"collection":[{"href":"https:\/\/bepet.pet\/loja\/wp-json\/wp\/v2\/product"}],"about":[{"href":"https:\/\/bepet.pet\/loja\/wp-json\/wp\/v2\/types\/product"}],"replies":[{"embeddable":true,"href":"https:\/\/bepet.pet\/loja\/wp-json\/wp\/v2\/comments?post=9897"}],"wp:featuredmedia":[{"embeddable":true,"href":"https:\/\/bepet.pet\/loja\/wp-json\/wp\/v2\/media\/9896"}],"wp:attachment":[{"href":"https:\/\/bepet.pet\/loja\/wp-json\/wp\/v2\/media?parent=9897"}],"wp:term":[{"taxonomy":"product_brand","embeddable":true,"href":"https:\/\/bepet.pet\/loja\/wp-json\/wp\/v2\/product_brand?post=9897"},{"taxonomy":"product_cat","embeddable":true,"href":"https:\/\/bepet.pet\/loja\/wp-json\/wp\/v2\/product_cat?post=9897"},{"taxonomy":"product_tag","embeddable":true,"href":"https:\/\/bepet.pet\/loja\/wp-json\/wp\/v2\/product_tag?post=9897"}],"curies":[{"name":"wp","href":"https:\/\/api.w.org\/{rel}","templated":true}]}}