{"id":9881,"date":"2024-01-13T15:04:58","date_gmt":"2024-01-13T15:04:58","guid":{"rendered":"https:\/\/bepet.pet\/loja\/produto\/racao-vet-life-natural-urinary-struvite-para-gatos-adultos-400g\/"},"modified":"2026-01-06T17:03:36","modified_gmt":"2026-01-06T20:03:36","slug":"racao-vet-life-natural-urinary-struvite-para-gatos-adultos-400g","status":"publish","type":"product","link":"https:\/\/bepet.pet\/loja\/produto\/racao-vet-life-natural-urinary-struvite-para-gatos-adultos-400g\/","title":{"rendered":"Ra\u00e7\u00e3o Vet Life Natural Urinary Struvite para Gatos Adultos 400g"},"content":{"rendered":"<p>A Vet Life apresenta a ra\u00e7\u00e3o Natural Urinary Struvite, especialmente desenvolvida para atender \u00e0s necessidades dos gatos adultos. Com uma f\u00f3rmula cuidadosamente elaborada, esse alimento proporciona uma dieta equilibrada e saud\u00e1vel para o seu felino de estima\u00e7\u00e3o.<\/p>\n<p>A ra\u00e7\u00e3o Vet Life Natural Urinary Struvite \u00e9 indicada para gatos que possuem problemas urin\u00e1rios relacionados \u00e0 forma\u00e7\u00e3o de cristais de estruvita. Sua composi\u00e7\u00e3o exclusiva ajuda a prevenir a recorr\u00eancia desses cristais, promovendo a sa\u00fade do trato urin\u00e1rio e garantindo o bem-estar do seu gato.<\/p>\n<p>Al\u00e9m disso, essa ra\u00e7\u00e3o possui ingredientes naturais de alta qualidade, como frango e arroz integral, que fornecem os nutrientes essenciais para uma alimenta\u00e7\u00e3o balanceada. A presen\u00e7a de \u00f4mega 3 e \u00f4mega 6 contribui para a sa\u00fade da pele e pelagem, deixando o seu gato com um aspecto ainda mais bonito e saud\u00e1vel.<\/p>\n<p>A embalagem de 400g \u00e9 pr\u00e1tica e econ\u00f4mica, perfeita para quem busca uma op\u00e7\u00e3o de ra\u00e7\u00e3o de qualidade para o seu gato. Com a Vet Life Natural Urinary Struvite, voc\u00ea pode ter a tranquilidade de oferecer um alimento que auxilia na sa\u00fade urin\u00e1ria do seu felino, sem abrir m\u00e3o do sabor e da nutri\u00e7\u00e3o.<\/p>\n<p>N\u00e3o deixe de conferir essa novidade da Vet Life e proporcione ao seu gato uma alimenta\u00e7\u00e3o completa e balanceada. Cuide da sa\u00fade do seu felino com a ra\u00e7\u00e3o Natural Urinary Struvite e proporcione a ele uma vida mais saud\u00e1vel e feliz.<\/p>\n","protected":false},"excerpt":{"rendered":"<p>A Vet Life apresenta a ra\u00e7\u00e3o Natural Urinary Struvite, especialmente desenvolvida para atender \u00e0s necessidades dos gatos adultos. Com uma f\u00f3rmula cuidadosamente elaborada, esse alimento proporciona uma dieta equilibrada e saud\u00e1vel para o seu felino de estima\u00e7\u00e3o. A ra\u00e7\u00e3o Vet Life Natural Urinary Struvite \u00e9 indicada para gatos que possuem problemas urin\u00e1rios relacionados \u00e0 forma\u00e7\u00e3o de cristais de estruvita. Sua composi\u00e7\u00e3o exclusiva ajuda a prevenir a recorr\u00eancia desses cristais, promovendo a sa\u00fade do trato urin\u00e1rio e garantindo o bem-estar do seu gato. Al\u00e9m disso, essa ra\u00e7\u00e3o possui ingredientes naturais de alta qualidade, como frango e arroz integral, que fornecem os nutrientes essenciais para uma alimenta\u00e7\u00e3o balanceada. A presen\u00e7a de \u00f4mega 3 e \u00f4mega 6 contribui para a sa\u00fade da pele e pelagem, deixando o seu gato com um aspecto ainda mais bonito e saud\u00e1vel. A embalagem de 400g \u00e9 pr\u00e1tica e econ\u00f4mica, perfeita para quem busca uma op\u00e7\u00e3o de ra\u00e7\u00e3o de qualidade para o seu gato. Com a Vet Life Natural Urinary Struvite, voc\u00ea pode ter a tranquilidade de oferecer um alimento que auxilia na sa\u00fade urin\u00e1ria do seu felino, sem abrir m\u00e3o do sabor e da nutri\u00e7\u00e3o. N\u00e3o deixe de conferir essa novidade da Vet Life e proporcione ao&hellip; <a class=\"read-more-link\" href=\"https:\/\/bepet.pet\/loja\/produto\/racao-vet-life-natural-urinary-struvite-para-gatos-adultos-400g\/\">Read More<\/a><\/p>\n","protected":false},"featured_media":9880,"comment_status":"open","ping_status":"closed","template":"","meta":{"_kadence_starter_templates_imported_post":false},"product_brand":[],"product_cat":[121,135],"product_tag":[],"class_list":{"0":"post-9881","1":"product","2":"type-product","3":"status-publish","4":"has-post-thumbnail","6":"product_cat-racoes","7":"product_cat-terapeuticas-gatos","10":"first","11":"outofstock","12":"shipping-taxable","13":"purchasable","14":"product-type-simple"},"yoast_head":"<!-- This site is optimized with the Yoast SEO plugin v25.5 - https:\/\/yoast.com\/wordpress\/plugins\/seo\/ -->\n<title>Ra\u00e7\u00e3o Vet Life Natural Urinary Struvite para Gatos Adultos 400g - BePet<\/title>\n<meta name=\"robots\" content=\"index, follow, max-snippet:-1, max-image-preview:large, max-video-preview:-1\" \/>\n<link rel=\"canonical\" href=\"https:\/\/bepet.pet\/loja\/produto\/racao-vet-life-natural-urinary-struvite-para-gatos-adultos-400g\/\" \/>\n<meta property=\"og:locale\" content=\"pt_BR\" \/>\n<meta property=\"og:type\" content=\"article\" \/>\n<meta property=\"og:title\" content=\"Ra\u00e7\u00e3o Vet Life Natural Urinary Struvite para Gatos Adultos 400g - BePet\" \/>\n<meta property=\"og:description\" content=\"A Vet Life apresenta a ra\u00e7\u00e3o Natural Urinary Struvite, especialmente desenvolvida para atender \u00e0s necessidades dos gatos adultos. Com uma f\u00f3rmula cuidadosamente elaborada, esse alimento proporciona uma dieta equilibrada e saud\u00e1vel para o seu felino de estima\u00e7\u00e3o. A ra\u00e7\u00e3o Vet Life Natural Urinary Struvite \u00e9 indicada para gatos que possuem problemas urin\u00e1rios relacionados \u00e0 forma\u00e7\u00e3o de cristais de estruvita. Sua composi\u00e7\u00e3o exclusiva ajuda a prevenir a recorr\u00eancia desses cristais, promovendo a sa\u00fade do trato urin\u00e1rio e garantindo o bem-estar do seu gato. Al\u00e9m disso, essa ra\u00e7\u00e3o possui ingredientes naturais de alta qualidade, como frango e arroz integral, que fornecem os nutrientes essenciais para uma alimenta\u00e7\u00e3o balanceada. A presen\u00e7a de \u00f4mega 3 e \u00f4mega 6 contribui para a sa\u00fade da pele e pelagem, deixando o seu gato com um aspecto ainda mais bonito e saud\u00e1vel. A embalagem de 400g \u00e9 pr\u00e1tica e econ\u00f4mica, perfeita para quem busca uma op\u00e7\u00e3o de ra\u00e7\u00e3o de qualidade para o seu gato. Com a Vet Life Natural Urinary Struvite, voc\u00ea pode ter a tranquilidade de oferecer um alimento que auxilia na sa\u00fade urin\u00e1ria do seu felino, sem abrir m\u00e3o do sabor e da nutri\u00e7\u00e3o. N\u00e3o deixe de conferir essa novidade da Vet Life e proporcione ao&hellip; Read More\" \/>\n<meta property=\"og:url\" content=\"https:\/\/bepet.pet\/loja\/produto\/racao-vet-life-natural-urinary-struvite-para-gatos-adultos-400g\/\" \/>\n<meta property=\"og:site_name\" content=\"BePet\" \/>\n<meta property=\"article:modified_time\" content=\"2026-01-06T20:03:36+00:00\" \/>\n<meta name=\"twitter:card\" content=\"summary_large_image\" \/>\n<meta name=\"twitter:label1\" content=\"Est. tempo de leitura\" \/>\n\t<meta name=\"twitter:data1\" content=\"1 minuto\" \/>\n<script type=\"application\/ld+json\" class=\"yoast-schema-graph\">{\"@context\":\"https:\/\/schema.org\",\"@graph\":[{\"@type\":\"WebPage\",\"@id\":\"https:\/\/bepet.pet\/loja\/produto\/racao-vet-life-natural-urinary-struvite-para-gatos-adultos-400g\/\",\"url\":\"https:\/\/bepet.pet\/loja\/produto\/racao-vet-life-natural-urinary-struvite-para-gatos-adultos-400g\/\",\"name\":\"Ra\u00e7\u00e3o Vet Life Natural Urinary Struvite para Gatos Adultos 400g - BePet\",\"isPartOf\":{\"@id\":\"https:\/\/bepet.pet\/loja\/#website\"},\"primaryImageOfPage\":{\"@id\":\"https:\/\/bepet.pet\/loja\/produto\/racao-vet-life-natural-urinary-struvite-para-gatos-adultos-400g\/#primaryimage\"},\"image\":{\"@id\":\"https:\/\/bepet.pet\/loja\/produto\/racao-vet-life-natural-urinary-struvite-para-gatos-adultos-400g\/#primaryimage\"},\"thumbnailUrl\":\"https:\/\/bepet.pet\/loja\/wp-content\/uploads\/2024\/01\/p1f163a31-c435-41cb-8787-8503199d77af.png\",\"datePublished\":\"2024-01-13T15:04:58+00:00\",\"dateModified\":\"2026-01-06T20:03:36+00:00\",\"breadcrumb\":{\"@id\":\"https:\/\/bepet.pet\/loja\/produto\/racao-vet-life-natural-urinary-struvite-para-gatos-adultos-400g\/#breadcrumb\"},\"inLanguage\":\"pt-BR\",\"potentialAction\":[{\"@type\":\"ReadAction\",\"target\":[\"https:\/\/bepet.pet\/loja\/produto\/racao-vet-life-natural-urinary-struvite-para-gatos-adultos-400g\/\"]}]},{\"@type\":\"ImageObject\",\"inLanguage\":\"pt-BR\",\"@id\":\"https:\/\/bepet.pet\/loja\/produto\/racao-vet-life-natural-urinary-struvite-para-gatos-adultos-400g\/#primaryimage\",\"url\":\"https:\/\/bepet.pet\/loja\/wp-content\/uploads\/2024\/01\/p1f163a31-c435-41cb-8787-8503199d77af.png\",\"contentUrl\":\"https:\/\/bepet.pet\/loja\/wp-content\/uploads\/2024\/01\/p1f163a31-c435-41cb-8787-8503199d77af.png\",\"width\":800,\"height\":800},{\"@type\":\"BreadcrumbList\",\"@id\":\"https:\/\/bepet.pet\/loja\/produto\/racao-vet-life-natural-urinary-struvite-para-gatos-adultos-400g\/#breadcrumb\",\"itemListElement\":[{\"@type\":\"ListItem\",\"position\":1,\"name\":\"Home\",\"item\":\"https:\/\/bepet.pet\/loja\/\"},{\"@type\":\"ListItem\",\"position\":2,\"name\":\"Shop\",\"item\":\"https:\/\/bepet.pet\/loja\/shop-2\/\"},{\"@type\":\"ListItem\",\"position\":3,\"name\":\"Ra\u00e7\u00e3o Vet Life Natural Urinary Struvite para Gatos Adultos 400g\"}]},{\"@type\":\"WebSite\",\"@id\":\"https:\/\/bepet.pet\/loja\/#website\",\"url\":\"https:\/\/bepet.pet\/loja\/\",\"name\":\"BePet\",\"description\":\"Nossa vida \u00e9 cuidar do seu pet\",\"publisher\":{\"@id\":\"https:\/\/bepet.pet\/loja\/#organization\"},\"potentialAction\":[{\"@type\":\"SearchAction\",\"target\":{\"@type\":\"EntryPoint\",\"urlTemplate\":\"https:\/\/bepet.pet\/loja\/?s={search_term_string}\"},\"query-input\":{\"@type\":\"PropertyValueSpecification\",\"valueRequired\":true,\"valueName\":\"search_term_string\"}}],\"inLanguage\":\"pt-BR\"},{\"@type\":\"Organization\",\"@id\":\"https:\/\/bepet.pet\/loja\/#organization\",\"name\":\"BePet\",\"url\":\"https:\/\/bepet.pet\/loja\/\",\"logo\":{\"@type\":\"ImageObject\",\"inLanguage\":\"pt-BR\",\"@id\":\"https:\/\/bepet.pet\/loja\/#\/schema\/logo\/image\/\",\"url\":\"https:\/\/bepet.pet\/loja\/wp-content\/uploads\/2020\/10\/logo.jpg\",\"contentUrl\":\"https:\/\/bepet.pet\/loja\/wp-content\/uploads\/2020\/10\/logo.jpg\",\"width\":100,\"height\":99,\"caption\":\"BePet\"},\"image\":{\"@id\":\"https:\/\/bepet.pet\/loja\/#\/schema\/logo\/image\/\"}}]}<\/script>\n<!-- \/ Yoast SEO plugin. -->","yoast_head_json":{"title":"Ra\u00e7\u00e3o Vet Life Natural Urinary Struvite para Gatos Adultos 400g - BePet","robots":{"index":"index","follow":"follow","max-snippet":"max-snippet:-1","max-image-preview":"max-image-preview:large","max-video-preview":"max-video-preview:-1"},"canonical":"https:\/\/bepet.pet\/loja\/produto\/racao-vet-life-natural-urinary-struvite-para-gatos-adultos-400g\/","og_locale":"pt_BR","og_type":"article","og_title":"Ra\u00e7\u00e3o Vet Life Natural Urinary Struvite para Gatos Adultos 400g - BePet","og_description":"A Vet Life apresenta a ra\u00e7\u00e3o Natural Urinary Struvite, especialmente desenvolvida para atender \u00e0s necessidades dos gatos adultos. Com uma f\u00f3rmula cuidadosamente elaborada, esse alimento proporciona uma dieta equilibrada e saud\u00e1vel para o seu felino de estima\u00e7\u00e3o. A ra\u00e7\u00e3o Vet Life Natural Urinary Struvite \u00e9 indicada para gatos que possuem problemas urin\u00e1rios relacionados \u00e0 forma\u00e7\u00e3o de cristais de estruvita. Sua composi\u00e7\u00e3o exclusiva ajuda a prevenir a recorr\u00eancia desses cristais, promovendo a sa\u00fade do trato urin\u00e1rio e garantindo o bem-estar do seu gato. Al\u00e9m disso, essa ra\u00e7\u00e3o possui ingredientes naturais de alta qualidade, como frango e arroz integral, que fornecem os nutrientes essenciais para uma alimenta\u00e7\u00e3o balanceada. A presen\u00e7a de \u00f4mega 3 e \u00f4mega 6 contribui para a sa\u00fade da pele e pelagem, deixando o seu gato com um aspecto ainda mais bonito e saud\u00e1vel. A embalagem de 400g \u00e9 pr\u00e1tica e econ\u00f4mica, perfeita para quem busca uma op\u00e7\u00e3o de ra\u00e7\u00e3o de qualidade para o seu gato. Com a Vet Life Natural Urinary Struvite, voc\u00ea pode ter a tranquilidade de oferecer um alimento que auxilia na sa\u00fade urin\u00e1ria do seu felino, sem abrir m\u00e3o do sabor e da nutri\u00e7\u00e3o. N\u00e3o deixe de conferir essa novidade da Vet Life e proporcione ao&hellip; Read More","og_url":"https:\/\/bepet.pet\/loja\/produto\/racao-vet-life-natural-urinary-struvite-para-gatos-adultos-400g\/","og_site_name":"BePet","article_modified_time":"2026-01-06T20:03:36+00:00","twitter_card":"summary_large_image","twitter_misc":{"Est. tempo de leitura":"1 minuto"},"schema":{"@context":"https:\/\/schema.org","@graph":[{"@type":"WebPage","@id":"https:\/\/bepet.pet\/loja\/produto\/racao-vet-life-natural-urinary-struvite-para-gatos-adultos-400g\/","url":"https:\/\/bepet.pet\/loja\/produto\/racao-vet-life-natural-urinary-struvite-para-gatos-adultos-400g\/","name":"Ra\u00e7\u00e3o Vet Life Natural Urinary Struvite para Gatos Adultos 400g - BePet","isPartOf":{"@id":"https:\/\/bepet.pet\/loja\/#website"},"primaryImageOfPage":{"@id":"https:\/\/bepet.pet\/loja\/produto\/racao-vet-life-natural-urinary-struvite-para-gatos-adultos-400g\/#primaryimage"},"image":{"@id":"https:\/\/bepet.pet\/loja\/produto\/racao-vet-life-natural-urinary-struvite-para-gatos-adultos-400g\/#primaryimage"},"thumbnailUrl":"https:\/\/bepet.pet\/loja\/wp-content\/uploads\/2024\/01\/p1f163a31-c435-41cb-8787-8503199d77af.png","datePublished":"2024-01-13T15:04:58+00:00","dateModified":"2026-01-06T20:03:36+00:00","breadcrumb":{"@id":"https:\/\/bepet.pet\/loja\/produto\/racao-vet-life-natural-urinary-struvite-para-gatos-adultos-400g\/#breadcrumb"},"inLanguage":"pt-BR","potentialAction":[{"@type":"ReadAction","target":["https:\/\/bepet.pet\/loja\/produto\/racao-vet-life-natural-urinary-struvite-para-gatos-adultos-400g\/"]}]},{"@type":"ImageObject","inLanguage":"pt-BR","@id":"https:\/\/bepet.pet\/loja\/produto\/racao-vet-life-natural-urinary-struvite-para-gatos-adultos-400g\/#primaryimage","url":"https:\/\/bepet.pet\/loja\/wp-content\/uploads\/2024\/01\/p1f163a31-c435-41cb-8787-8503199d77af.png","contentUrl":"https:\/\/bepet.pet\/loja\/wp-content\/uploads\/2024\/01\/p1f163a31-c435-41cb-8787-8503199d77af.png","width":800,"height":800},{"@type":"BreadcrumbList","@id":"https:\/\/bepet.pet\/loja\/produto\/racao-vet-life-natural-urinary-struvite-para-gatos-adultos-400g\/#breadcrumb","itemListElement":[{"@type":"ListItem","position":1,"name":"Home","item":"https:\/\/bepet.pet\/loja\/"},{"@type":"ListItem","position":2,"name":"Shop","item":"https:\/\/bepet.pet\/loja\/shop-2\/"},{"@type":"ListItem","position":3,"name":"Ra\u00e7\u00e3o Vet Life Natural Urinary Struvite para Gatos Adultos 400g"}]},{"@type":"WebSite","@id":"https:\/\/bepet.pet\/loja\/#website","url":"https:\/\/bepet.pet\/loja\/","name":"BePet","description":"Nossa vida \u00e9 cuidar do seu pet","publisher":{"@id":"https:\/\/bepet.pet\/loja\/#organization"},"potentialAction":[{"@type":"SearchAction","target":{"@type":"EntryPoint","urlTemplate":"https:\/\/bepet.pet\/loja\/?s={search_term_string}"},"query-input":{"@type":"PropertyValueSpecification","valueRequired":true,"valueName":"search_term_string"}}],"inLanguage":"pt-BR"},{"@type":"Organization","@id":"https:\/\/bepet.pet\/loja\/#organization","name":"BePet","url":"https:\/\/bepet.pet\/loja\/","logo":{"@type":"ImageObject","inLanguage":"pt-BR","@id":"https:\/\/bepet.pet\/loja\/#\/schema\/logo\/image\/","url":"https:\/\/bepet.pet\/loja\/wp-content\/uploads\/2020\/10\/logo.jpg","contentUrl":"https:\/\/bepet.pet\/loja\/wp-content\/uploads\/2020\/10\/logo.jpg","width":100,"height":99,"caption":"BePet"},"image":{"@id":"https:\/\/bepet.pet\/loja\/#\/schema\/logo\/image\/"}}]}},"jetpack_sharing_enabled":true,"_links":{"self":[{"href":"https:\/\/bepet.pet\/loja\/wp-json\/wp\/v2\/product\/9881","targetHints":{"allow":["GET"]}}],"collection":[{"href":"https:\/\/bepet.pet\/loja\/wp-json\/wp\/v2\/product"}],"about":[{"href":"https:\/\/bepet.pet\/loja\/wp-json\/wp\/v2\/types\/product"}],"replies":[{"embeddable":true,"href":"https:\/\/bepet.pet\/loja\/wp-json\/wp\/v2\/comments?post=9881"}],"wp:featuredmedia":[{"embeddable":true,"href":"https:\/\/bepet.pet\/loja\/wp-json\/wp\/v2\/media\/9880"}],"wp:attachment":[{"href":"https:\/\/bepet.pet\/loja\/wp-json\/wp\/v2\/media?parent=9881"}],"wp:term":[{"taxonomy":"product_brand","embeddable":true,"href":"https:\/\/bepet.pet\/loja\/wp-json\/wp\/v2\/product_brand?post=9881"},{"taxonomy":"product_cat","embeddable":true,"href":"https:\/\/bepet.pet\/loja\/wp-json\/wp\/v2\/product_cat?post=9881"},{"taxonomy":"product_tag","embeddable":true,"href":"https:\/\/bepet.pet\/loja\/wp-json\/wp\/v2\/product_tag?post=9881"}],"curies":[{"name":"wp","href":"https:\/\/api.w.org\/{rel}","templated":true}]}}