{"id":9876,"date":"2024-01-13T14:53:10","date_gmt":"2024-01-13T14:53:10","guid":{"rendered":"https:\/\/bepet.pet\/loja\/produto\/racao-vet-life-natural-hypoallergenic-para-caes-adultos-10kg\/"},"modified":"2025-12-10T17:00:23","modified_gmt":"2025-12-10T20:00:23","slug":"racao-vet-life-natural-hypoallergenic-para-caes-adultos-10kg","status":"publish","type":"product","link":"https:\/\/bepet.pet\/loja\/produto\/racao-vet-life-natural-hypoallergenic-para-caes-adultos-10kg\/","title":{"rendered":"Ra\u00e7\u00e3o Vet Life Natural Hypoallergenic para C\u00e3es Adultos 10kg"},"content":{"rendered":"<p>Conhe\u00e7a a Ra\u00e7\u00e3o Vet Life Natural Hypoallergenic para C\u00e3es Adultos 10kg, o alimento ideal para garantir a sa\u00fade e o bem-estar do seu fiel companheiro. Desenvolvida com uma f\u00f3rmula exclusiva, essa ra\u00e7\u00e3o \u00e9 perfeita para c\u00e3es adultos que apresentam sensibilidade alimentar ou alergias.<\/p>\n<p>Com uma composi\u00e7\u00e3o cuidadosamente selecionada, a Ra\u00e7\u00e3o Vet Life Natural Hypoallergenic \u00e9 livre de corantes, aromatizantes e conservantes artificiais, evitando assim poss\u00edveis rea\u00e7\u00f5es adversas. Al\u00e9m disso, \u00e9 enriquecida com ingredientes naturais de alta qualidade, proporcionando uma nutri\u00e7\u00e3o completa e balanceada.<\/p>\n<p>Atrav\u00e9s da sua f\u00f3rmula hipoalerg\u00eanica, essa ra\u00e7\u00e3o ajuda a minimizar os sintomas de alergias alimentares, como coceira, descama\u00e7\u00e3o da pele e problemas digestivos. Seu c\u00e3o poder\u00e1 desfrutar de uma alimenta\u00e7\u00e3o saud\u00e1vel e saborosa, sem sofrer com desconfortos ou irrita\u00e7\u00f5es.<\/p>\n<p>A Ra\u00e7\u00e3o Vet Life Natural Hypoallergenic tamb\u00e9m \u00e9 rica em nutrientes essenciais, como prote\u00ednas de alta digestibilidade, vitaminas e minerais, que contribuem para a manuten\u00e7\u00e3o da sa\u00fade do seu c\u00e3o. Seu sistema imunol\u00f3gico ser\u00e1 fortalecido, sua pele ficar\u00e1 mais saud\u00e1vel e seu pelo mais brilhante.<\/p>\n<p>Al\u00e9m disso, essa ra\u00e7\u00e3o possui um sabor irresist\u00edvel, garantindo que seu c\u00e3o se alimente com prazer e satisfa\u00e7\u00e3o. Com a Ra\u00e7\u00e3o Vet Life Natural Hypoallergenic, voc\u00ea estar\u00e1 proporcionando ao seu pet uma alimenta\u00e7\u00e3o de qualidade, que ir\u00e1 contribuir para uma vida longa e feliz.<\/p>\n<p>N\u00e3o deixe de oferecer o melhor para o seu c\u00e3o. Adquira agora mesmo a Ra\u00e7\u00e3o Vet Life Natural Hypoallergenic para C\u00e3es Adultos 10kg e proporcione a ele uma alimenta\u00e7\u00e3o saud\u00e1vel e livre de alergias. Seu pet merece o melhor!<\/p>\n","protected":false},"excerpt":{"rendered":"<p>Conhe\u00e7a a Ra\u00e7\u00e3o Vet Life Natural Hypoallergenic para C\u00e3es Adultos 10kg, o alimento ideal para garantir a sa\u00fade e o bem-estar do seu fiel companheiro. Desenvolvida com uma f\u00f3rmula exclusiva, essa ra\u00e7\u00e3o \u00e9 perfeita para c\u00e3es adultos que apresentam sensibilidade alimentar ou alergias. Com uma composi\u00e7\u00e3o cuidadosamente selecionada, a Ra\u00e7\u00e3o Vet Life Natural Hypoallergenic \u00e9 livre de corantes, aromatizantes e conservantes artificiais, evitando assim poss\u00edveis rea\u00e7\u00f5es adversas. Al\u00e9m disso, \u00e9 enriquecida com ingredientes naturais de alta qualidade, proporcionando uma nutri\u00e7\u00e3o completa e balanceada. Atrav\u00e9s da sua f\u00f3rmula hipoalerg\u00eanica, essa ra\u00e7\u00e3o ajuda a minimizar os sintomas de alergias alimentares, como coceira, descama\u00e7\u00e3o da pele e problemas digestivos. Seu c\u00e3o poder\u00e1 desfrutar de uma alimenta\u00e7\u00e3o saud\u00e1vel e saborosa, sem sofrer com desconfortos ou irrita\u00e7\u00f5es. A Ra\u00e7\u00e3o Vet Life Natural Hypoallergenic tamb\u00e9m \u00e9 rica em nutrientes essenciais, como prote\u00ednas de alta digestibilidade, vitaminas e minerais, que contribuem para a manuten\u00e7\u00e3o da sa\u00fade do seu c\u00e3o. Seu sistema imunol\u00f3gico ser\u00e1 fortalecido, sua pele ficar\u00e1 mais saud\u00e1vel e seu pelo mais brilhante. Al\u00e9m disso, essa ra\u00e7\u00e3o possui um sabor irresist\u00edvel, garantindo que seu c\u00e3o se alimente com prazer e satisfa\u00e7\u00e3o. Com a Ra\u00e7\u00e3o Vet Life Natural Hypoallergenic, voc\u00ea estar\u00e1 proporcionando ao seu pet uma alimenta\u00e7\u00e3o&hellip; <a class=\"read-more-link\" href=\"https:\/\/bepet.pet\/loja\/produto\/racao-vet-life-natural-hypoallergenic-para-caes-adultos-10kg\/\">Read More<\/a><\/p>\n","protected":false},"featured_media":9875,"comment_status":"open","ping_status":"closed","template":"","meta":{"_kadence_starter_templates_imported_post":false},"product_brand":[],"product_cat":[121,132],"product_tag":[],"class_list":{"0":"post-9876","1":"product","2":"type-product","3":"status-publish","4":"has-post-thumbnail","6":"product_cat-racoes","7":"product_cat-terapeuticas-caes","10":"first","11":"instock","12":"shipping-taxable","13":"purchasable","14":"product-type-simple"},"yoast_head":"<!-- This site is optimized with the Yoast SEO plugin v25.5 - https:\/\/yoast.com\/wordpress\/plugins\/seo\/ -->\n<title>Ra\u00e7\u00e3o Vet Life Natural Hypoallergenic para C\u00e3es Adultos 10kg - BePet<\/title>\n<meta name=\"robots\" content=\"index, follow, max-snippet:-1, max-image-preview:large, max-video-preview:-1\" \/>\n<link rel=\"canonical\" href=\"https:\/\/bepet.pet\/loja\/produto\/racao-vet-life-natural-hypoallergenic-para-caes-adultos-10kg\/\" \/>\n<meta property=\"og:locale\" content=\"pt_BR\" \/>\n<meta property=\"og:type\" content=\"article\" \/>\n<meta property=\"og:title\" content=\"Ra\u00e7\u00e3o Vet Life Natural Hypoallergenic para C\u00e3es Adultos 10kg - BePet\" \/>\n<meta property=\"og:description\" content=\"Conhe\u00e7a a Ra\u00e7\u00e3o Vet Life Natural Hypoallergenic para C\u00e3es Adultos 10kg, o alimento ideal para garantir a sa\u00fade e o bem-estar do seu fiel companheiro. Desenvolvida com uma f\u00f3rmula exclusiva, essa ra\u00e7\u00e3o \u00e9 perfeita para c\u00e3es adultos que apresentam sensibilidade alimentar ou alergias. Com uma composi\u00e7\u00e3o cuidadosamente selecionada, a Ra\u00e7\u00e3o Vet Life Natural Hypoallergenic \u00e9 livre de corantes, aromatizantes e conservantes artificiais, evitando assim poss\u00edveis rea\u00e7\u00f5es adversas. Al\u00e9m disso, \u00e9 enriquecida com ingredientes naturais de alta qualidade, proporcionando uma nutri\u00e7\u00e3o completa e balanceada. Atrav\u00e9s da sua f\u00f3rmula hipoalerg\u00eanica, essa ra\u00e7\u00e3o ajuda a minimizar os sintomas de alergias alimentares, como coceira, descama\u00e7\u00e3o da pele e problemas digestivos. Seu c\u00e3o poder\u00e1 desfrutar de uma alimenta\u00e7\u00e3o saud\u00e1vel e saborosa, sem sofrer com desconfortos ou irrita\u00e7\u00f5es. A Ra\u00e7\u00e3o Vet Life Natural Hypoallergenic tamb\u00e9m \u00e9 rica em nutrientes essenciais, como prote\u00ednas de alta digestibilidade, vitaminas e minerais, que contribuem para a manuten\u00e7\u00e3o da sa\u00fade do seu c\u00e3o. Seu sistema imunol\u00f3gico ser\u00e1 fortalecido, sua pele ficar\u00e1 mais saud\u00e1vel e seu pelo mais brilhante. Al\u00e9m disso, essa ra\u00e7\u00e3o possui um sabor irresist\u00edvel, garantindo que seu c\u00e3o se alimente com prazer e satisfa\u00e7\u00e3o. Com a Ra\u00e7\u00e3o Vet Life Natural Hypoallergenic, voc\u00ea estar\u00e1 proporcionando ao seu pet uma alimenta\u00e7\u00e3o&hellip; Read More\" \/>\n<meta property=\"og:url\" content=\"https:\/\/bepet.pet\/loja\/produto\/racao-vet-life-natural-hypoallergenic-para-caes-adultos-10kg\/\" \/>\n<meta property=\"og:site_name\" content=\"BePet\" \/>\n<meta property=\"article:modified_time\" content=\"2025-12-10T20:00:23+00:00\" \/>\n<meta name=\"twitter:card\" content=\"summary_large_image\" \/>\n<meta name=\"twitter:label1\" content=\"Est. tempo de leitura\" \/>\n\t<meta name=\"twitter:data1\" content=\"1 minuto\" \/>\n<script type=\"application\/ld+json\" class=\"yoast-schema-graph\">{\"@context\":\"https:\/\/schema.org\",\"@graph\":[{\"@type\":\"WebPage\",\"@id\":\"https:\/\/bepet.pet\/loja\/produto\/racao-vet-life-natural-hypoallergenic-para-caes-adultos-10kg\/\",\"url\":\"https:\/\/bepet.pet\/loja\/produto\/racao-vet-life-natural-hypoallergenic-para-caes-adultos-10kg\/\",\"name\":\"Ra\u00e7\u00e3o Vet Life Natural Hypoallergenic para C\u00e3es Adultos 10kg - BePet\",\"isPartOf\":{\"@id\":\"https:\/\/bepet.pet\/loja\/#website\"},\"primaryImageOfPage\":{\"@id\":\"https:\/\/bepet.pet\/loja\/produto\/racao-vet-life-natural-hypoallergenic-para-caes-adultos-10kg\/#primaryimage\"},\"image\":{\"@id\":\"https:\/\/bepet.pet\/loja\/produto\/racao-vet-life-natural-hypoallergenic-para-caes-adultos-10kg\/#primaryimage\"},\"thumbnailUrl\":\"https:\/\/bepet.pet\/loja\/wp-content\/uploads\/2024\/01\/p5b76a43a-c742-4a76-b795-59ad19086b1e.jpeg\",\"datePublished\":\"2024-01-13T14:53:10+00:00\",\"dateModified\":\"2025-12-10T20:00:23+00:00\",\"breadcrumb\":{\"@id\":\"https:\/\/bepet.pet\/loja\/produto\/racao-vet-life-natural-hypoallergenic-para-caes-adultos-10kg\/#breadcrumb\"},\"inLanguage\":\"pt-BR\",\"potentialAction\":[{\"@type\":\"ReadAction\",\"target\":[\"https:\/\/bepet.pet\/loja\/produto\/racao-vet-life-natural-hypoallergenic-para-caes-adultos-10kg\/\"]}]},{\"@type\":\"ImageObject\",\"inLanguage\":\"pt-BR\",\"@id\":\"https:\/\/bepet.pet\/loja\/produto\/racao-vet-life-natural-hypoallergenic-para-caes-adultos-10kg\/#primaryimage\",\"url\":\"https:\/\/bepet.pet\/loja\/wp-content\/uploads\/2024\/01\/p5b76a43a-c742-4a76-b795-59ad19086b1e.jpeg\",\"contentUrl\":\"https:\/\/bepet.pet\/loja\/wp-content\/uploads\/2024\/01\/p5b76a43a-c742-4a76-b795-59ad19086b1e.jpeg\",\"width\":600,\"height\":600},{\"@type\":\"BreadcrumbList\",\"@id\":\"https:\/\/bepet.pet\/loja\/produto\/racao-vet-life-natural-hypoallergenic-para-caes-adultos-10kg\/#breadcrumb\",\"itemListElement\":[{\"@type\":\"ListItem\",\"position\":1,\"name\":\"Home\",\"item\":\"https:\/\/bepet.pet\/loja\/\"},{\"@type\":\"ListItem\",\"position\":2,\"name\":\"Shop\",\"item\":\"https:\/\/bepet.pet\/loja\/shop-2\/\"},{\"@type\":\"ListItem\",\"position\":3,\"name\":\"Ra\u00e7\u00e3o Vet Life Natural Hypoallergenic para C\u00e3es Adultos 10kg\"}]},{\"@type\":\"WebSite\",\"@id\":\"https:\/\/bepet.pet\/loja\/#website\",\"url\":\"https:\/\/bepet.pet\/loja\/\",\"name\":\"BePet\",\"description\":\"Nossa vida \u00e9 cuidar do seu pet\",\"publisher\":{\"@id\":\"https:\/\/bepet.pet\/loja\/#organization\"},\"potentialAction\":[{\"@type\":\"SearchAction\",\"target\":{\"@type\":\"EntryPoint\",\"urlTemplate\":\"https:\/\/bepet.pet\/loja\/?s={search_term_string}\"},\"query-input\":{\"@type\":\"PropertyValueSpecification\",\"valueRequired\":true,\"valueName\":\"search_term_string\"}}],\"inLanguage\":\"pt-BR\"},{\"@type\":\"Organization\",\"@id\":\"https:\/\/bepet.pet\/loja\/#organization\",\"name\":\"BePet\",\"url\":\"https:\/\/bepet.pet\/loja\/\",\"logo\":{\"@type\":\"ImageObject\",\"inLanguage\":\"pt-BR\",\"@id\":\"https:\/\/bepet.pet\/loja\/#\/schema\/logo\/image\/\",\"url\":\"https:\/\/bepet.pet\/loja\/wp-content\/uploads\/2020\/10\/logo.jpg\",\"contentUrl\":\"https:\/\/bepet.pet\/loja\/wp-content\/uploads\/2020\/10\/logo.jpg\",\"width\":100,\"height\":99,\"caption\":\"BePet\"},\"image\":{\"@id\":\"https:\/\/bepet.pet\/loja\/#\/schema\/logo\/image\/\"}}]}<\/script>\n<!-- \/ Yoast SEO plugin. -->","yoast_head_json":{"title":"Ra\u00e7\u00e3o Vet Life Natural Hypoallergenic para C\u00e3es Adultos 10kg - BePet","robots":{"index":"index","follow":"follow","max-snippet":"max-snippet:-1","max-image-preview":"max-image-preview:large","max-video-preview":"max-video-preview:-1"},"canonical":"https:\/\/bepet.pet\/loja\/produto\/racao-vet-life-natural-hypoallergenic-para-caes-adultos-10kg\/","og_locale":"pt_BR","og_type":"article","og_title":"Ra\u00e7\u00e3o Vet Life Natural Hypoallergenic para C\u00e3es Adultos 10kg - BePet","og_description":"Conhe\u00e7a a Ra\u00e7\u00e3o Vet Life Natural Hypoallergenic para C\u00e3es Adultos 10kg, o alimento ideal para garantir a sa\u00fade e o bem-estar do seu fiel companheiro. Desenvolvida com uma f\u00f3rmula exclusiva, essa ra\u00e7\u00e3o \u00e9 perfeita para c\u00e3es adultos que apresentam sensibilidade alimentar ou alergias. Com uma composi\u00e7\u00e3o cuidadosamente selecionada, a Ra\u00e7\u00e3o Vet Life Natural Hypoallergenic \u00e9 livre de corantes, aromatizantes e conservantes artificiais, evitando assim poss\u00edveis rea\u00e7\u00f5es adversas. Al\u00e9m disso, \u00e9 enriquecida com ingredientes naturais de alta qualidade, proporcionando uma nutri\u00e7\u00e3o completa e balanceada. Atrav\u00e9s da sua f\u00f3rmula hipoalerg\u00eanica, essa ra\u00e7\u00e3o ajuda a minimizar os sintomas de alergias alimentares, como coceira, descama\u00e7\u00e3o da pele e problemas digestivos. Seu c\u00e3o poder\u00e1 desfrutar de uma alimenta\u00e7\u00e3o saud\u00e1vel e saborosa, sem sofrer com desconfortos ou irrita\u00e7\u00f5es. A Ra\u00e7\u00e3o Vet Life Natural Hypoallergenic tamb\u00e9m \u00e9 rica em nutrientes essenciais, como prote\u00ednas de alta digestibilidade, vitaminas e minerais, que contribuem para a manuten\u00e7\u00e3o da sa\u00fade do seu c\u00e3o. Seu sistema imunol\u00f3gico ser\u00e1 fortalecido, sua pele ficar\u00e1 mais saud\u00e1vel e seu pelo mais brilhante. Al\u00e9m disso, essa ra\u00e7\u00e3o possui um sabor irresist\u00edvel, garantindo que seu c\u00e3o se alimente com prazer e satisfa\u00e7\u00e3o. Com a Ra\u00e7\u00e3o Vet Life Natural Hypoallergenic, voc\u00ea estar\u00e1 proporcionando ao seu pet uma alimenta\u00e7\u00e3o&hellip; Read More","og_url":"https:\/\/bepet.pet\/loja\/produto\/racao-vet-life-natural-hypoallergenic-para-caes-adultos-10kg\/","og_site_name":"BePet","article_modified_time":"2025-12-10T20:00:23+00:00","twitter_card":"summary_large_image","twitter_misc":{"Est. tempo de leitura":"1 minuto"},"schema":{"@context":"https:\/\/schema.org","@graph":[{"@type":"WebPage","@id":"https:\/\/bepet.pet\/loja\/produto\/racao-vet-life-natural-hypoallergenic-para-caes-adultos-10kg\/","url":"https:\/\/bepet.pet\/loja\/produto\/racao-vet-life-natural-hypoallergenic-para-caes-adultos-10kg\/","name":"Ra\u00e7\u00e3o Vet Life Natural Hypoallergenic para C\u00e3es Adultos 10kg - BePet","isPartOf":{"@id":"https:\/\/bepet.pet\/loja\/#website"},"primaryImageOfPage":{"@id":"https:\/\/bepet.pet\/loja\/produto\/racao-vet-life-natural-hypoallergenic-para-caes-adultos-10kg\/#primaryimage"},"image":{"@id":"https:\/\/bepet.pet\/loja\/produto\/racao-vet-life-natural-hypoallergenic-para-caes-adultos-10kg\/#primaryimage"},"thumbnailUrl":"https:\/\/bepet.pet\/loja\/wp-content\/uploads\/2024\/01\/p5b76a43a-c742-4a76-b795-59ad19086b1e.jpeg","datePublished":"2024-01-13T14:53:10+00:00","dateModified":"2025-12-10T20:00:23+00:00","breadcrumb":{"@id":"https:\/\/bepet.pet\/loja\/produto\/racao-vet-life-natural-hypoallergenic-para-caes-adultos-10kg\/#breadcrumb"},"inLanguage":"pt-BR","potentialAction":[{"@type":"ReadAction","target":["https:\/\/bepet.pet\/loja\/produto\/racao-vet-life-natural-hypoallergenic-para-caes-adultos-10kg\/"]}]},{"@type":"ImageObject","inLanguage":"pt-BR","@id":"https:\/\/bepet.pet\/loja\/produto\/racao-vet-life-natural-hypoallergenic-para-caes-adultos-10kg\/#primaryimage","url":"https:\/\/bepet.pet\/loja\/wp-content\/uploads\/2024\/01\/p5b76a43a-c742-4a76-b795-59ad19086b1e.jpeg","contentUrl":"https:\/\/bepet.pet\/loja\/wp-content\/uploads\/2024\/01\/p5b76a43a-c742-4a76-b795-59ad19086b1e.jpeg","width":600,"height":600},{"@type":"BreadcrumbList","@id":"https:\/\/bepet.pet\/loja\/produto\/racao-vet-life-natural-hypoallergenic-para-caes-adultos-10kg\/#breadcrumb","itemListElement":[{"@type":"ListItem","position":1,"name":"Home","item":"https:\/\/bepet.pet\/loja\/"},{"@type":"ListItem","position":2,"name":"Shop","item":"https:\/\/bepet.pet\/loja\/shop-2\/"},{"@type":"ListItem","position":3,"name":"Ra\u00e7\u00e3o Vet Life Natural Hypoallergenic para C\u00e3es Adultos 10kg"}]},{"@type":"WebSite","@id":"https:\/\/bepet.pet\/loja\/#website","url":"https:\/\/bepet.pet\/loja\/","name":"BePet","description":"Nossa vida \u00e9 cuidar do seu pet","publisher":{"@id":"https:\/\/bepet.pet\/loja\/#organization"},"potentialAction":[{"@type":"SearchAction","target":{"@type":"EntryPoint","urlTemplate":"https:\/\/bepet.pet\/loja\/?s={search_term_string}"},"query-input":{"@type":"PropertyValueSpecification","valueRequired":true,"valueName":"search_term_string"}}],"inLanguage":"pt-BR"},{"@type":"Organization","@id":"https:\/\/bepet.pet\/loja\/#organization","name":"BePet","url":"https:\/\/bepet.pet\/loja\/","logo":{"@type":"ImageObject","inLanguage":"pt-BR","@id":"https:\/\/bepet.pet\/loja\/#\/schema\/logo\/image\/","url":"https:\/\/bepet.pet\/loja\/wp-content\/uploads\/2020\/10\/logo.jpg","contentUrl":"https:\/\/bepet.pet\/loja\/wp-content\/uploads\/2020\/10\/logo.jpg","width":100,"height":99,"caption":"BePet"},"image":{"@id":"https:\/\/bepet.pet\/loja\/#\/schema\/logo\/image\/"}}]}},"jetpack_sharing_enabled":true,"_links":{"self":[{"href":"https:\/\/bepet.pet\/loja\/wp-json\/wp\/v2\/product\/9876","targetHints":{"allow":["GET"]}}],"collection":[{"href":"https:\/\/bepet.pet\/loja\/wp-json\/wp\/v2\/product"}],"about":[{"href":"https:\/\/bepet.pet\/loja\/wp-json\/wp\/v2\/types\/product"}],"replies":[{"embeddable":true,"href":"https:\/\/bepet.pet\/loja\/wp-json\/wp\/v2\/comments?post=9876"}],"wp:featuredmedia":[{"embeddable":true,"href":"https:\/\/bepet.pet\/loja\/wp-json\/wp\/v2\/media\/9875"}],"wp:attachment":[{"href":"https:\/\/bepet.pet\/loja\/wp-json\/wp\/v2\/media?parent=9876"}],"wp:term":[{"taxonomy":"product_brand","embeddable":true,"href":"https:\/\/bepet.pet\/loja\/wp-json\/wp\/v2\/product_brand?post=9876"},{"taxonomy":"product_cat","embeddable":true,"href":"https:\/\/bepet.pet\/loja\/wp-json\/wp\/v2\/product_cat?post=9876"},{"taxonomy":"product_tag","embeddable":true,"href":"https:\/\/bepet.pet\/loja\/wp-json\/wp\/v2\/product_tag?post=9876"}],"curies":[{"name":"wp","href":"https:\/\/api.w.org\/{rel}","templated":true}]}}