{"id":9874,"date":"2024-01-13T14:50:55","date_gmt":"2024-01-13T14:50:55","guid":{"rendered":"https:\/\/bepet.pet\/loja\/produto\/racao-vet-life-natural-diabetic-para-gatos-adultos-2kg\/"},"modified":"2025-12-10T17:00:57","modified_gmt":"2025-12-10T20:00:57","slug":"racao-vet-life-natural-diabetic-para-gatos-adultos-2kg","status":"publish","type":"product","link":"https:\/\/bepet.pet\/loja\/produto\/racao-vet-life-natural-diabetic-para-gatos-adultos-2kg\/","title":{"rendered":"Ra\u00e7\u00e3o Vet Life Natural Diabetic para Gatos Adultos 2kg"},"content":{"rendered":"<p>Conhe\u00e7a a ra\u00e7\u00e3o Vet Life Natural Diabetic para Gatos Adultos 2kg, o alimento perfeito para cuidar da sa\u00fade do seu felino de forma natural e eficaz. <\/p>\n<p>Desenvolvida especialmente para gatos adultos com diabetes, essa ra\u00e7\u00e3o possui uma f\u00f3rmula \u00fanica que auxilia no controle da glicemia, garantindo uma vida mais saud\u00e1vel e equilibrada para o seu pet. <\/p>\n<p>Com ingredientes selecionados, a Vet Life Natural Diabetic \u00e9 elaborada com carne de frango de alta qualidade, fonte de prote\u00ednas essenciais para a manuten\u00e7\u00e3o da massa muscular do seu gato. Al\u00e9m disso, conta com a adi\u00e7\u00e3o de fibras sol\u00faveis e insol\u00faveis, que contribuem para a regula\u00e7\u00e3o do tr\u00e2nsito intestinal e auxiliam no controle do peso.<\/p>\n<p>A ra\u00e7\u00e3o Vet Life Natural Diabetic tamb\u00e9m \u00e9 enriquecida com vitaminas e minerais, proporcionando uma nutri\u00e7\u00e3o completa e balanceada para o seu gato. Seu sabor irresist\u00edvel e textura crocante garantem que o seu felino ir\u00e1 adorar cada refei\u00e7\u00e3o.<\/p>\n<p>Al\u00e9m de todos esses benef\u00edcios, a Vet Life Natural Diabetic \u00e9 produzida por uma marca de confian\u00e7a, que preza pela qualidade e bem-estar dos animais. Todos os produtos s\u00e3o submetidos a rigorosos controles de qualidade, garantindo a seguran\u00e7a e efic\u00e1cia do alimento.<\/p>\n<p>N\u00e3o deixe a diabetes comprometer a qualidade de vida do seu gato. Experimente a ra\u00e7\u00e3o Vet Life Natural Diabetic e proporcione a ele uma alimenta\u00e7\u00e3o saud\u00e1vel e saborosa. Adquira agora mesmo o pacote de 2kg e garanta o bem-estar do seu felino.<\/p>\n","protected":false},"excerpt":{"rendered":"<p>Conhe\u00e7a a ra\u00e7\u00e3o Vet Life Natural Diabetic para Gatos Adultos 2kg, o alimento perfeito para cuidar da sa\u00fade do seu felino de forma natural e eficaz. Desenvolvida especialmente para gatos adultos com diabetes, essa ra\u00e7\u00e3o possui uma f\u00f3rmula \u00fanica que auxilia no controle da glicemia, garantindo uma vida mais saud\u00e1vel e equilibrada para o seu pet. Com ingredientes selecionados, a Vet Life Natural Diabetic \u00e9 elaborada com carne de frango de alta qualidade, fonte de prote\u00ednas essenciais para a manuten\u00e7\u00e3o da massa muscular do seu gato. Al\u00e9m disso, conta com a adi\u00e7\u00e3o de fibras sol\u00faveis e insol\u00faveis, que contribuem para a regula\u00e7\u00e3o do tr\u00e2nsito intestinal e auxiliam no controle do peso. A ra\u00e7\u00e3o Vet Life Natural Diabetic tamb\u00e9m \u00e9 enriquecida com vitaminas e minerais, proporcionando uma nutri\u00e7\u00e3o completa e balanceada para o seu gato. Seu sabor irresist\u00edvel e textura crocante garantem que o seu felino ir\u00e1 adorar cada refei\u00e7\u00e3o. Al\u00e9m de todos esses benef\u00edcios, a Vet Life Natural Diabetic \u00e9 produzida por uma marca de confian\u00e7a, que preza pela qualidade e bem-estar dos animais. Todos os produtos s\u00e3o submetidos a rigorosos controles de qualidade, garantindo a seguran\u00e7a e efic\u00e1cia do alimento. N\u00e3o deixe a diabetes comprometer a qualidade de vida&hellip; <a class=\"read-more-link\" href=\"https:\/\/bepet.pet\/loja\/produto\/racao-vet-life-natural-diabetic-para-gatos-adultos-2kg\/\">Read More<\/a><\/p>\n","protected":false},"featured_media":9873,"comment_status":"open","ping_status":"closed","template":"","meta":{"_kadence_starter_templates_imported_post":false},"product_brand":[],"product_cat":[121,135],"product_tag":[],"class_list":{"0":"post-9874","1":"product","2":"type-product","3":"status-publish","4":"has-post-thumbnail","6":"product_cat-racoes","7":"product_cat-terapeuticas-gatos","10":"first","11":"instock","12":"shipping-taxable","13":"purchasable","14":"product-type-simple"},"yoast_head":"<!-- This site is optimized with the Yoast SEO plugin v25.5 - https:\/\/yoast.com\/wordpress\/plugins\/seo\/ -->\n<title>Ra\u00e7\u00e3o Vet Life Natural Diabetic para Gatos Adultos 2kg - BePet<\/title>\n<meta name=\"robots\" content=\"index, follow, max-snippet:-1, max-image-preview:large, max-video-preview:-1\" \/>\n<link rel=\"canonical\" href=\"https:\/\/bepet.pet\/loja\/produto\/racao-vet-life-natural-diabetic-para-gatos-adultos-2kg\/\" \/>\n<meta property=\"og:locale\" content=\"pt_BR\" \/>\n<meta property=\"og:type\" content=\"article\" \/>\n<meta property=\"og:title\" content=\"Ra\u00e7\u00e3o Vet Life Natural Diabetic para Gatos Adultos 2kg - BePet\" \/>\n<meta property=\"og:description\" content=\"Conhe\u00e7a a ra\u00e7\u00e3o Vet Life Natural Diabetic para Gatos Adultos 2kg, o alimento perfeito para cuidar da sa\u00fade do seu felino de forma natural e eficaz. Desenvolvida especialmente para gatos adultos com diabetes, essa ra\u00e7\u00e3o possui uma f\u00f3rmula \u00fanica que auxilia no controle da glicemia, garantindo uma vida mais saud\u00e1vel e equilibrada para o seu pet. Com ingredientes selecionados, a Vet Life Natural Diabetic \u00e9 elaborada com carne de frango de alta qualidade, fonte de prote\u00ednas essenciais para a manuten\u00e7\u00e3o da massa muscular do seu gato. Al\u00e9m disso, conta com a adi\u00e7\u00e3o de fibras sol\u00faveis e insol\u00faveis, que contribuem para a regula\u00e7\u00e3o do tr\u00e2nsito intestinal e auxiliam no controle do peso. A ra\u00e7\u00e3o Vet Life Natural Diabetic tamb\u00e9m \u00e9 enriquecida com vitaminas e minerais, proporcionando uma nutri\u00e7\u00e3o completa e balanceada para o seu gato. Seu sabor irresist\u00edvel e textura crocante garantem que o seu felino ir\u00e1 adorar cada refei\u00e7\u00e3o. Al\u00e9m de todos esses benef\u00edcios, a Vet Life Natural Diabetic \u00e9 produzida por uma marca de confian\u00e7a, que preza pela qualidade e bem-estar dos animais. Todos os produtos s\u00e3o submetidos a rigorosos controles de qualidade, garantindo a seguran\u00e7a e efic\u00e1cia do alimento. N\u00e3o deixe a diabetes comprometer a qualidade de vida&hellip; Read More\" \/>\n<meta property=\"og:url\" content=\"https:\/\/bepet.pet\/loja\/produto\/racao-vet-life-natural-diabetic-para-gatos-adultos-2kg\/\" \/>\n<meta property=\"og:site_name\" content=\"BePet\" \/>\n<meta property=\"article:modified_time\" content=\"2025-12-10T20:00:57+00:00\" \/>\n<meta name=\"twitter:card\" content=\"summary_large_image\" \/>\n<meta name=\"twitter:label1\" content=\"Est. tempo de leitura\" \/>\n\t<meta name=\"twitter:data1\" content=\"1 minuto\" \/>\n<script type=\"application\/ld+json\" class=\"yoast-schema-graph\">{\"@context\":\"https:\/\/schema.org\",\"@graph\":[{\"@type\":\"WebPage\",\"@id\":\"https:\/\/bepet.pet\/loja\/produto\/racao-vet-life-natural-diabetic-para-gatos-adultos-2kg\/\",\"url\":\"https:\/\/bepet.pet\/loja\/produto\/racao-vet-life-natural-diabetic-para-gatos-adultos-2kg\/\",\"name\":\"Ra\u00e7\u00e3o Vet Life Natural Diabetic para Gatos Adultos 2kg - BePet\",\"isPartOf\":{\"@id\":\"https:\/\/bepet.pet\/loja\/#website\"},\"primaryImageOfPage\":{\"@id\":\"https:\/\/bepet.pet\/loja\/produto\/racao-vet-life-natural-diabetic-para-gatos-adultos-2kg\/#primaryimage\"},\"image\":{\"@id\":\"https:\/\/bepet.pet\/loja\/produto\/racao-vet-life-natural-diabetic-para-gatos-adultos-2kg\/#primaryimage\"},\"thumbnailUrl\":\"https:\/\/bepet.pet\/loja\/wp-content\/uploads\/2024\/01\/p742b0931-5341-4c5a-8f7e-3dc8e2841762.jpeg\",\"datePublished\":\"2024-01-13T14:50:55+00:00\",\"dateModified\":\"2025-12-10T20:00:57+00:00\",\"breadcrumb\":{\"@id\":\"https:\/\/bepet.pet\/loja\/produto\/racao-vet-life-natural-diabetic-para-gatos-adultos-2kg\/#breadcrumb\"},\"inLanguage\":\"pt-BR\",\"potentialAction\":[{\"@type\":\"ReadAction\",\"target\":[\"https:\/\/bepet.pet\/loja\/produto\/racao-vet-life-natural-diabetic-para-gatos-adultos-2kg\/\"]}]},{\"@type\":\"ImageObject\",\"inLanguage\":\"pt-BR\",\"@id\":\"https:\/\/bepet.pet\/loja\/produto\/racao-vet-life-natural-diabetic-para-gatos-adultos-2kg\/#primaryimage\",\"url\":\"https:\/\/bepet.pet\/loja\/wp-content\/uploads\/2024\/01\/p742b0931-5341-4c5a-8f7e-3dc8e2841762.jpeg\",\"contentUrl\":\"https:\/\/bepet.pet\/loja\/wp-content\/uploads\/2024\/01\/p742b0931-5341-4c5a-8f7e-3dc8e2841762.jpeg\",\"width\":600,\"height\":600},{\"@type\":\"BreadcrumbList\",\"@id\":\"https:\/\/bepet.pet\/loja\/produto\/racao-vet-life-natural-diabetic-para-gatos-adultos-2kg\/#breadcrumb\",\"itemListElement\":[{\"@type\":\"ListItem\",\"position\":1,\"name\":\"Home\",\"item\":\"https:\/\/bepet.pet\/loja\/\"},{\"@type\":\"ListItem\",\"position\":2,\"name\":\"Shop\",\"item\":\"https:\/\/bepet.pet\/loja\/shop-2\/\"},{\"@type\":\"ListItem\",\"position\":3,\"name\":\"Ra\u00e7\u00e3o Vet Life Natural Diabetic para Gatos Adultos 2kg\"}]},{\"@type\":\"WebSite\",\"@id\":\"https:\/\/bepet.pet\/loja\/#website\",\"url\":\"https:\/\/bepet.pet\/loja\/\",\"name\":\"BePet\",\"description\":\"Nossa vida \u00e9 cuidar do seu pet\",\"publisher\":{\"@id\":\"https:\/\/bepet.pet\/loja\/#organization\"},\"potentialAction\":[{\"@type\":\"SearchAction\",\"target\":{\"@type\":\"EntryPoint\",\"urlTemplate\":\"https:\/\/bepet.pet\/loja\/?s={search_term_string}\"},\"query-input\":{\"@type\":\"PropertyValueSpecification\",\"valueRequired\":true,\"valueName\":\"search_term_string\"}}],\"inLanguage\":\"pt-BR\"},{\"@type\":\"Organization\",\"@id\":\"https:\/\/bepet.pet\/loja\/#organization\",\"name\":\"BePet\",\"url\":\"https:\/\/bepet.pet\/loja\/\",\"logo\":{\"@type\":\"ImageObject\",\"inLanguage\":\"pt-BR\",\"@id\":\"https:\/\/bepet.pet\/loja\/#\/schema\/logo\/image\/\",\"url\":\"https:\/\/bepet.pet\/loja\/wp-content\/uploads\/2020\/10\/logo.jpg\",\"contentUrl\":\"https:\/\/bepet.pet\/loja\/wp-content\/uploads\/2020\/10\/logo.jpg\",\"width\":100,\"height\":99,\"caption\":\"BePet\"},\"image\":{\"@id\":\"https:\/\/bepet.pet\/loja\/#\/schema\/logo\/image\/\"}}]}<\/script>\n<!-- \/ Yoast SEO plugin. -->","yoast_head_json":{"title":"Ra\u00e7\u00e3o Vet Life Natural Diabetic para Gatos Adultos 2kg - BePet","robots":{"index":"index","follow":"follow","max-snippet":"max-snippet:-1","max-image-preview":"max-image-preview:large","max-video-preview":"max-video-preview:-1"},"canonical":"https:\/\/bepet.pet\/loja\/produto\/racao-vet-life-natural-diabetic-para-gatos-adultos-2kg\/","og_locale":"pt_BR","og_type":"article","og_title":"Ra\u00e7\u00e3o Vet Life Natural Diabetic para Gatos Adultos 2kg - BePet","og_description":"Conhe\u00e7a a ra\u00e7\u00e3o Vet Life Natural Diabetic para Gatos Adultos 2kg, o alimento perfeito para cuidar da sa\u00fade do seu felino de forma natural e eficaz. Desenvolvida especialmente para gatos adultos com diabetes, essa ra\u00e7\u00e3o possui uma f\u00f3rmula \u00fanica que auxilia no controle da glicemia, garantindo uma vida mais saud\u00e1vel e equilibrada para o seu pet. Com ingredientes selecionados, a Vet Life Natural Diabetic \u00e9 elaborada com carne de frango de alta qualidade, fonte de prote\u00ednas essenciais para a manuten\u00e7\u00e3o da massa muscular do seu gato. Al\u00e9m disso, conta com a adi\u00e7\u00e3o de fibras sol\u00faveis e insol\u00faveis, que contribuem para a regula\u00e7\u00e3o do tr\u00e2nsito intestinal e auxiliam no controle do peso. A ra\u00e7\u00e3o Vet Life Natural Diabetic tamb\u00e9m \u00e9 enriquecida com vitaminas e minerais, proporcionando uma nutri\u00e7\u00e3o completa e balanceada para o seu gato. Seu sabor irresist\u00edvel e textura crocante garantem que o seu felino ir\u00e1 adorar cada refei\u00e7\u00e3o. Al\u00e9m de todos esses benef\u00edcios, a Vet Life Natural Diabetic \u00e9 produzida por uma marca de confian\u00e7a, que preza pela qualidade e bem-estar dos animais. Todos os produtos s\u00e3o submetidos a rigorosos controles de qualidade, garantindo a seguran\u00e7a e efic\u00e1cia do alimento. N\u00e3o deixe a diabetes comprometer a qualidade de vida&hellip; Read More","og_url":"https:\/\/bepet.pet\/loja\/produto\/racao-vet-life-natural-diabetic-para-gatos-adultos-2kg\/","og_site_name":"BePet","article_modified_time":"2025-12-10T20:00:57+00:00","twitter_card":"summary_large_image","twitter_misc":{"Est. tempo de leitura":"1 minuto"},"schema":{"@context":"https:\/\/schema.org","@graph":[{"@type":"WebPage","@id":"https:\/\/bepet.pet\/loja\/produto\/racao-vet-life-natural-diabetic-para-gatos-adultos-2kg\/","url":"https:\/\/bepet.pet\/loja\/produto\/racao-vet-life-natural-diabetic-para-gatos-adultos-2kg\/","name":"Ra\u00e7\u00e3o Vet Life Natural Diabetic para Gatos Adultos 2kg - BePet","isPartOf":{"@id":"https:\/\/bepet.pet\/loja\/#website"},"primaryImageOfPage":{"@id":"https:\/\/bepet.pet\/loja\/produto\/racao-vet-life-natural-diabetic-para-gatos-adultos-2kg\/#primaryimage"},"image":{"@id":"https:\/\/bepet.pet\/loja\/produto\/racao-vet-life-natural-diabetic-para-gatos-adultos-2kg\/#primaryimage"},"thumbnailUrl":"https:\/\/bepet.pet\/loja\/wp-content\/uploads\/2024\/01\/p742b0931-5341-4c5a-8f7e-3dc8e2841762.jpeg","datePublished":"2024-01-13T14:50:55+00:00","dateModified":"2025-12-10T20:00:57+00:00","breadcrumb":{"@id":"https:\/\/bepet.pet\/loja\/produto\/racao-vet-life-natural-diabetic-para-gatos-adultos-2kg\/#breadcrumb"},"inLanguage":"pt-BR","potentialAction":[{"@type":"ReadAction","target":["https:\/\/bepet.pet\/loja\/produto\/racao-vet-life-natural-diabetic-para-gatos-adultos-2kg\/"]}]},{"@type":"ImageObject","inLanguage":"pt-BR","@id":"https:\/\/bepet.pet\/loja\/produto\/racao-vet-life-natural-diabetic-para-gatos-adultos-2kg\/#primaryimage","url":"https:\/\/bepet.pet\/loja\/wp-content\/uploads\/2024\/01\/p742b0931-5341-4c5a-8f7e-3dc8e2841762.jpeg","contentUrl":"https:\/\/bepet.pet\/loja\/wp-content\/uploads\/2024\/01\/p742b0931-5341-4c5a-8f7e-3dc8e2841762.jpeg","width":600,"height":600},{"@type":"BreadcrumbList","@id":"https:\/\/bepet.pet\/loja\/produto\/racao-vet-life-natural-diabetic-para-gatos-adultos-2kg\/#breadcrumb","itemListElement":[{"@type":"ListItem","position":1,"name":"Home","item":"https:\/\/bepet.pet\/loja\/"},{"@type":"ListItem","position":2,"name":"Shop","item":"https:\/\/bepet.pet\/loja\/shop-2\/"},{"@type":"ListItem","position":3,"name":"Ra\u00e7\u00e3o Vet Life Natural Diabetic para Gatos Adultos 2kg"}]},{"@type":"WebSite","@id":"https:\/\/bepet.pet\/loja\/#website","url":"https:\/\/bepet.pet\/loja\/","name":"BePet","description":"Nossa vida \u00e9 cuidar do seu pet","publisher":{"@id":"https:\/\/bepet.pet\/loja\/#organization"},"potentialAction":[{"@type":"SearchAction","target":{"@type":"EntryPoint","urlTemplate":"https:\/\/bepet.pet\/loja\/?s={search_term_string}"},"query-input":{"@type":"PropertyValueSpecification","valueRequired":true,"valueName":"search_term_string"}}],"inLanguage":"pt-BR"},{"@type":"Organization","@id":"https:\/\/bepet.pet\/loja\/#organization","name":"BePet","url":"https:\/\/bepet.pet\/loja\/","logo":{"@type":"ImageObject","inLanguage":"pt-BR","@id":"https:\/\/bepet.pet\/loja\/#\/schema\/logo\/image\/","url":"https:\/\/bepet.pet\/loja\/wp-content\/uploads\/2020\/10\/logo.jpg","contentUrl":"https:\/\/bepet.pet\/loja\/wp-content\/uploads\/2020\/10\/logo.jpg","width":100,"height":99,"caption":"BePet"},"image":{"@id":"https:\/\/bepet.pet\/loja\/#\/schema\/logo\/image\/"}}]}},"jetpack_sharing_enabled":true,"_links":{"self":[{"href":"https:\/\/bepet.pet\/loja\/wp-json\/wp\/v2\/product\/9874","targetHints":{"allow":["GET"]}}],"collection":[{"href":"https:\/\/bepet.pet\/loja\/wp-json\/wp\/v2\/product"}],"about":[{"href":"https:\/\/bepet.pet\/loja\/wp-json\/wp\/v2\/types\/product"}],"replies":[{"embeddable":true,"href":"https:\/\/bepet.pet\/loja\/wp-json\/wp\/v2\/comments?post=9874"}],"wp:featuredmedia":[{"embeddable":true,"href":"https:\/\/bepet.pet\/loja\/wp-json\/wp\/v2\/media\/9873"}],"wp:attachment":[{"href":"https:\/\/bepet.pet\/loja\/wp-json\/wp\/v2\/media?parent=9874"}],"wp:term":[{"taxonomy":"product_brand","embeddable":true,"href":"https:\/\/bepet.pet\/loja\/wp-json\/wp\/v2\/product_brand?post=9874"},{"taxonomy":"product_cat","embeddable":true,"href":"https:\/\/bepet.pet\/loja\/wp-json\/wp\/v2\/product_cat?post=9874"},{"taxonomy":"product_tag","embeddable":true,"href":"https:\/\/bepet.pet\/loja\/wp-json\/wp\/v2\/product_tag?post=9874"}],"curies":[{"name":"wp","href":"https:\/\/api.w.org\/{rel}","templated":true}]}}