{"id":9795,"date":"2024-01-13T12:58:29","date_gmt":"2024-01-13T12:58:29","guid":{"rendered":"https:\/\/bepet.pet\/loja\/produto\/racao-golden-selecao-natural-para-gatos-adultos-castrados-sabor-frango-com-abobora-e-alecrim-1kg\/"},"modified":"2025-12-10T17:25:42","modified_gmt":"2025-12-10T20:25:42","slug":"racao-golden-selecao-natural-para-gatos-adultos-castrados-sabor-frango-com-abobora-e-alecrim-1kg","status":"publish","type":"product","link":"https:\/\/bepet.pet\/loja\/produto\/racao-golden-selecao-natural-para-gatos-adultos-castrados-sabor-frango-com-abobora-e-alecrim-1kg\/","title":{"rendered":"Ra\u00e7\u00e3o Golden Sele\u00e7\u00e3o Natural para Gatos Adultos Castrados Sabor Frango com Ab\u00f3bora e Alecrim 1kg"},"content":{"rendered":"<p>Agora voc\u00ea pode oferecer uma alimenta\u00e7\u00e3o saud\u00e1vel e saborosa para o seu gato adulto castrado com a ra\u00e7\u00e3o Golden Sele\u00e7\u00e3o Natural. Com o delicioso sabor de frango com ab\u00f3bora e alecrim, esse alimento vai conquistar o paladar exigente do seu felino.<\/p>\n<p>A ra\u00e7\u00e3o Golden Sele\u00e7\u00e3o Natural foi desenvolvida com ingredientes de alta qualidade, garantindo uma nutri\u00e7\u00e3o completa e balanceada para o seu gato. Al\u00e9m disso, ela conta com a tecnologia Natural Life, que preserva os nutrientes essenciais e proporciona uma melhor absor\u00e7\u00e3o dos alimentos.<\/p>\n<p>Ao escolher a ra\u00e7\u00e3o Golden Sele\u00e7\u00e3o Natural, voc\u00ea estar\u00e1 oferecendo ao seu gato uma alimenta\u00e7\u00e3o livre de corantes artificiais, aromatizantes e conservantes, tornando-a ainda mais saud\u00e1vel. Al\u00e9m disso, essa ra\u00e7\u00e3o \u00e9 enriquecida com taurina, que auxilia na sa\u00fade do cora\u00e7\u00e3o e da vis\u00e3o do seu felino.<\/p>\n<p>A embalagem de 1kg \u00e9 pr\u00e1tica e econ\u00f4mica, garantindo que voc\u00ea tenha sempre uma ra\u00e7\u00e3o fresquinha para o seu gato. E o melhor de tudo: a Golden Sele\u00e7\u00e3o Natural est\u00e1 dispon\u00edvel para compra em nosso e-commerce, facilitando ainda mais a sua vida.<\/p>\n<p>N\u00e3o perca tempo e garanta agora mesmo a ra\u00e7\u00e3o Golden Sele\u00e7\u00e3o Natural para o seu gato adulto castrado. Proporcione a ele uma alimenta\u00e7\u00e3o de qualidade e sabor incompar\u00e1vel. Afinal, ele merece o melhor!<\/p>\n","protected":false},"excerpt":{"rendered":"<p>Agora voc\u00ea pode oferecer uma alimenta\u00e7\u00e3o saud\u00e1vel e saborosa para o seu gato adulto castrado com a ra\u00e7\u00e3o Golden Sele\u00e7\u00e3o Natural. Com o delicioso sabor de frango com ab\u00f3bora e alecrim, esse alimento vai conquistar o paladar exigente do seu felino. A ra\u00e7\u00e3o Golden Sele\u00e7\u00e3o Natural foi desenvolvida com ingredientes de alta qualidade, garantindo uma nutri\u00e7\u00e3o completa e balanceada para o seu gato. Al\u00e9m disso, ela conta com a tecnologia Natural Life, que preserva os nutrientes essenciais e proporciona uma melhor absor\u00e7\u00e3o dos alimentos. Ao escolher a ra\u00e7\u00e3o Golden Sele\u00e7\u00e3o Natural, voc\u00ea estar\u00e1 oferecendo ao seu gato uma alimenta\u00e7\u00e3o livre de corantes artificiais, aromatizantes e conservantes, tornando-a ainda mais saud\u00e1vel. Al\u00e9m disso, essa ra\u00e7\u00e3o \u00e9 enriquecida com taurina, que auxilia na sa\u00fade do cora\u00e7\u00e3o e da vis\u00e3o do seu felino. A embalagem de 1kg \u00e9 pr\u00e1tica e econ\u00f4mica, garantindo que voc\u00ea tenha sempre uma ra\u00e7\u00e3o fresquinha para o seu gato. E o melhor de tudo: a Golden Sele\u00e7\u00e3o Natural est\u00e1 dispon\u00edvel para compra em nosso e-commerce, facilitando ainda mais a sua vida. N\u00e3o perca tempo e garanta agora mesmo a ra\u00e7\u00e3o Golden Sele\u00e7\u00e3o Natural para o seu gato adulto castrado. Proporcione a ele uma alimenta\u00e7\u00e3o de qualidade e sabor incompar\u00e1vel.&hellip; <a class=\"read-more-link\" href=\"https:\/\/bepet.pet\/loja\/produto\/racao-golden-selecao-natural-para-gatos-adultos-castrados-sabor-frango-com-abobora-e-alecrim-1kg\/\">Read More<\/a><\/p>\n","protected":false},"featured_media":9794,"comment_status":"open","ping_status":"closed","template":"","meta":{"_kadence_starter_templates_imported_post":false},"product_brand":[],"product_cat":[121,133],"product_tag":[],"class_list":{"0":"post-9795","1":"product","2":"type-product","3":"status-publish","4":"has-post-thumbnail","6":"product_cat-racoes","7":"product_cat-secas-gatos","10":"first","11":"instock","12":"shipping-taxable","13":"purchasable","14":"product-type-simple"},"yoast_head":"<!-- This site is optimized with the Yoast SEO plugin v25.5 - https:\/\/yoast.com\/wordpress\/plugins\/seo\/ -->\n<title>Ra\u00e7\u00e3o Golden Sele\u00e7\u00e3o Natural para Gatos Adultos Castrados Sabor Frango com Ab\u00f3bora e Alecrim 1kg - BePet<\/title>\n<meta name=\"robots\" content=\"index, follow, max-snippet:-1, max-image-preview:large, max-video-preview:-1\" \/>\n<link rel=\"canonical\" href=\"https:\/\/bepet.pet\/loja\/produto\/racao-golden-selecao-natural-para-gatos-adultos-castrados-sabor-frango-com-abobora-e-alecrim-1kg\/\" \/>\n<meta property=\"og:locale\" content=\"pt_BR\" \/>\n<meta property=\"og:type\" content=\"article\" \/>\n<meta property=\"og:title\" content=\"Ra\u00e7\u00e3o Golden Sele\u00e7\u00e3o Natural para Gatos Adultos Castrados Sabor Frango com Ab\u00f3bora e Alecrim 1kg - BePet\" \/>\n<meta property=\"og:description\" content=\"Agora voc\u00ea pode oferecer uma alimenta\u00e7\u00e3o saud\u00e1vel e saborosa para o seu gato adulto castrado com a ra\u00e7\u00e3o Golden Sele\u00e7\u00e3o Natural. Com o delicioso sabor de frango com ab\u00f3bora e alecrim, esse alimento vai conquistar o paladar exigente do seu felino. A ra\u00e7\u00e3o Golden Sele\u00e7\u00e3o Natural foi desenvolvida com ingredientes de alta qualidade, garantindo uma nutri\u00e7\u00e3o completa e balanceada para o seu gato. Al\u00e9m disso, ela conta com a tecnologia Natural Life, que preserva os nutrientes essenciais e proporciona uma melhor absor\u00e7\u00e3o dos alimentos. Ao escolher a ra\u00e7\u00e3o Golden Sele\u00e7\u00e3o Natural, voc\u00ea estar\u00e1 oferecendo ao seu gato uma alimenta\u00e7\u00e3o livre de corantes artificiais, aromatizantes e conservantes, tornando-a ainda mais saud\u00e1vel. Al\u00e9m disso, essa ra\u00e7\u00e3o \u00e9 enriquecida com taurina, que auxilia na sa\u00fade do cora\u00e7\u00e3o e da vis\u00e3o do seu felino. A embalagem de 1kg \u00e9 pr\u00e1tica e econ\u00f4mica, garantindo que voc\u00ea tenha sempre uma ra\u00e7\u00e3o fresquinha para o seu gato. E o melhor de tudo: a Golden Sele\u00e7\u00e3o Natural est\u00e1 dispon\u00edvel para compra em nosso e-commerce, facilitando ainda mais a sua vida. N\u00e3o perca tempo e garanta agora mesmo a ra\u00e7\u00e3o Golden Sele\u00e7\u00e3o Natural para o seu gato adulto castrado. Proporcione a ele uma alimenta\u00e7\u00e3o de qualidade e sabor incompar\u00e1vel.&hellip; Read More\" \/>\n<meta property=\"og:url\" content=\"https:\/\/bepet.pet\/loja\/produto\/racao-golden-selecao-natural-para-gatos-adultos-castrados-sabor-frango-com-abobora-e-alecrim-1kg\/\" \/>\n<meta property=\"og:site_name\" content=\"BePet\" \/>\n<meta property=\"article:modified_time\" content=\"2025-12-10T20:25:42+00:00\" \/>\n<meta name=\"twitter:card\" content=\"summary_large_image\" \/>\n<meta name=\"twitter:label1\" content=\"Est. tempo de leitura\" \/>\n\t<meta name=\"twitter:data1\" content=\"1 minuto\" \/>\n<script type=\"application\/ld+json\" class=\"yoast-schema-graph\">{\"@context\":\"https:\/\/schema.org\",\"@graph\":[{\"@type\":\"WebPage\",\"@id\":\"https:\/\/bepet.pet\/loja\/produto\/racao-golden-selecao-natural-para-gatos-adultos-castrados-sabor-frango-com-abobora-e-alecrim-1kg\/\",\"url\":\"https:\/\/bepet.pet\/loja\/produto\/racao-golden-selecao-natural-para-gatos-adultos-castrados-sabor-frango-com-abobora-e-alecrim-1kg\/\",\"name\":\"Ra\u00e7\u00e3o Golden Sele\u00e7\u00e3o Natural para Gatos Adultos Castrados Sabor Frango com Ab\u00f3bora e Alecrim 1kg - BePet\",\"isPartOf\":{\"@id\":\"https:\/\/bepet.pet\/loja\/#website\"},\"primaryImageOfPage\":{\"@id\":\"https:\/\/bepet.pet\/loja\/produto\/racao-golden-selecao-natural-para-gatos-adultos-castrados-sabor-frango-com-abobora-e-alecrim-1kg\/#primaryimage\"},\"image\":{\"@id\":\"https:\/\/bepet.pet\/loja\/produto\/racao-golden-selecao-natural-para-gatos-adultos-castrados-sabor-frango-com-abobora-e-alecrim-1kg\/#primaryimage\"},\"thumbnailUrl\":\"https:\/\/bepet.pet\/loja\/wp-content\/uploads\/2024\/01\/p8e452e75-c0bc-4e06-b8e0-0fc8e805f710.png\",\"datePublished\":\"2024-01-13T12:58:29+00:00\",\"dateModified\":\"2025-12-10T20:25:42+00:00\",\"breadcrumb\":{\"@id\":\"https:\/\/bepet.pet\/loja\/produto\/racao-golden-selecao-natural-para-gatos-adultos-castrados-sabor-frango-com-abobora-e-alecrim-1kg\/#breadcrumb\"},\"inLanguage\":\"pt-BR\",\"potentialAction\":[{\"@type\":\"ReadAction\",\"target\":[\"https:\/\/bepet.pet\/loja\/produto\/racao-golden-selecao-natural-para-gatos-adultos-castrados-sabor-frango-com-abobora-e-alecrim-1kg\/\"]}]},{\"@type\":\"ImageObject\",\"inLanguage\":\"pt-BR\",\"@id\":\"https:\/\/bepet.pet\/loja\/produto\/racao-golden-selecao-natural-para-gatos-adultos-castrados-sabor-frango-com-abobora-e-alecrim-1kg\/#primaryimage\",\"url\":\"https:\/\/bepet.pet\/loja\/wp-content\/uploads\/2024\/01\/p8e452e75-c0bc-4e06-b8e0-0fc8e805f710.png\",\"contentUrl\":\"https:\/\/bepet.pet\/loja\/wp-content\/uploads\/2024\/01\/p8e452e75-c0bc-4e06-b8e0-0fc8e805f710.png\",\"width\":800,\"height\":800},{\"@type\":\"BreadcrumbList\",\"@id\":\"https:\/\/bepet.pet\/loja\/produto\/racao-golden-selecao-natural-para-gatos-adultos-castrados-sabor-frango-com-abobora-e-alecrim-1kg\/#breadcrumb\",\"itemListElement\":[{\"@type\":\"ListItem\",\"position\":1,\"name\":\"Home\",\"item\":\"https:\/\/bepet.pet\/loja\/\"},{\"@type\":\"ListItem\",\"position\":2,\"name\":\"Shop\",\"item\":\"https:\/\/bepet.pet\/loja\/shop-2\/\"},{\"@type\":\"ListItem\",\"position\":3,\"name\":\"Ra\u00e7\u00e3o Golden Sele\u00e7\u00e3o Natural para Gatos Adultos Castrados Sabor Frango com Ab\u00f3bora e Alecrim 1kg\"}]},{\"@type\":\"WebSite\",\"@id\":\"https:\/\/bepet.pet\/loja\/#website\",\"url\":\"https:\/\/bepet.pet\/loja\/\",\"name\":\"BePet\",\"description\":\"Nossa vida \u00e9 cuidar do seu pet\",\"publisher\":{\"@id\":\"https:\/\/bepet.pet\/loja\/#organization\"},\"potentialAction\":[{\"@type\":\"SearchAction\",\"target\":{\"@type\":\"EntryPoint\",\"urlTemplate\":\"https:\/\/bepet.pet\/loja\/?s={search_term_string}\"},\"query-input\":{\"@type\":\"PropertyValueSpecification\",\"valueRequired\":true,\"valueName\":\"search_term_string\"}}],\"inLanguage\":\"pt-BR\"},{\"@type\":\"Organization\",\"@id\":\"https:\/\/bepet.pet\/loja\/#organization\",\"name\":\"BePet\",\"url\":\"https:\/\/bepet.pet\/loja\/\",\"logo\":{\"@type\":\"ImageObject\",\"inLanguage\":\"pt-BR\",\"@id\":\"https:\/\/bepet.pet\/loja\/#\/schema\/logo\/image\/\",\"url\":\"https:\/\/bepet.pet\/loja\/wp-content\/uploads\/2020\/10\/logo.jpg\",\"contentUrl\":\"https:\/\/bepet.pet\/loja\/wp-content\/uploads\/2020\/10\/logo.jpg\",\"width\":100,\"height\":99,\"caption\":\"BePet\"},\"image\":{\"@id\":\"https:\/\/bepet.pet\/loja\/#\/schema\/logo\/image\/\"}}]}<\/script>\n<!-- \/ Yoast SEO plugin. -->","yoast_head_json":{"title":"Ra\u00e7\u00e3o Golden Sele\u00e7\u00e3o Natural para Gatos Adultos Castrados Sabor Frango com Ab\u00f3bora e Alecrim 1kg - BePet","robots":{"index":"index","follow":"follow","max-snippet":"max-snippet:-1","max-image-preview":"max-image-preview:large","max-video-preview":"max-video-preview:-1"},"canonical":"https:\/\/bepet.pet\/loja\/produto\/racao-golden-selecao-natural-para-gatos-adultos-castrados-sabor-frango-com-abobora-e-alecrim-1kg\/","og_locale":"pt_BR","og_type":"article","og_title":"Ra\u00e7\u00e3o Golden Sele\u00e7\u00e3o Natural para Gatos Adultos Castrados Sabor Frango com Ab\u00f3bora e Alecrim 1kg - BePet","og_description":"Agora voc\u00ea pode oferecer uma alimenta\u00e7\u00e3o saud\u00e1vel e saborosa para o seu gato adulto castrado com a ra\u00e7\u00e3o Golden Sele\u00e7\u00e3o Natural. Com o delicioso sabor de frango com ab\u00f3bora e alecrim, esse alimento vai conquistar o paladar exigente do seu felino. A ra\u00e7\u00e3o Golden Sele\u00e7\u00e3o Natural foi desenvolvida com ingredientes de alta qualidade, garantindo uma nutri\u00e7\u00e3o completa e balanceada para o seu gato. Al\u00e9m disso, ela conta com a tecnologia Natural Life, que preserva os nutrientes essenciais e proporciona uma melhor absor\u00e7\u00e3o dos alimentos. Ao escolher a ra\u00e7\u00e3o Golden Sele\u00e7\u00e3o Natural, voc\u00ea estar\u00e1 oferecendo ao seu gato uma alimenta\u00e7\u00e3o livre de corantes artificiais, aromatizantes e conservantes, tornando-a ainda mais saud\u00e1vel. Al\u00e9m disso, essa ra\u00e7\u00e3o \u00e9 enriquecida com taurina, que auxilia na sa\u00fade do cora\u00e7\u00e3o e da vis\u00e3o do seu felino. A embalagem de 1kg \u00e9 pr\u00e1tica e econ\u00f4mica, garantindo que voc\u00ea tenha sempre uma ra\u00e7\u00e3o fresquinha para o seu gato. E o melhor de tudo: a Golden Sele\u00e7\u00e3o Natural est\u00e1 dispon\u00edvel para compra em nosso e-commerce, facilitando ainda mais a sua vida. N\u00e3o perca tempo e garanta agora mesmo a ra\u00e7\u00e3o Golden Sele\u00e7\u00e3o Natural para o seu gato adulto castrado. Proporcione a ele uma alimenta\u00e7\u00e3o de qualidade e sabor incompar\u00e1vel.&hellip; Read More","og_url":"https:\/\/bepet.pet\/loja\/produto\/racao-golden-selecao-natural-para-gatos-adultos-castrados-sabor-frango-com-abobora-e-alecrim-1kg\/","og_site_name":"BePet","article_modified_time":"2025-12-10T20:25:42+00:00","twitter_card":"summary_large_image","twitter_misc":{"Est. tempo de leitura":"1 minuto"},"schema":{"@context":"https:\/\/schema.org","@graph":[{"@type":"WebPage","@id":"https:\/\/bepet.pet\/loja\/produto\/racao-golden-selecao-natural-para-gatos-adultos-castrados-sabor-frango-com-abobora-e-alecrim-1kg\/","url":"https:\/\/bepet.pet\/loja\/produto\/racao-golden-selecao-natural-para-gatos-adultos-castrados-sabor-frango-com-abobora-e-alecrim-1kg\/","name":"Ra\u00e7\u00e3o Golden Sele\u00e7\u00e3o Natural para Gatos Adultos Castrados Sabor Frango com Ab\u00f3bora e Alecrim 1kg - BePet","isPartOf":{"@id":"https:\/\/bepet.pet\/loja\/#website"},"primaryImageOfPage":{"@id":"https:\/\/bepet.pet\/loja\/produto\/racao-golden-selecao-natural-para-gatos-adultos-castrados-sabor-frango-com-abobora-e-alecrim-1kg\/#primaryimage"},"image":{"@id":"https:\/\/bepet.pet\/loja\/produto\/racao-golden-selecao-natural-para-gatos-adultos-castrados-sabor-frango-com-abobora-e-alecrim-1kg\/#primaryimage"},"thumbnailUrl":"https:\/\/bepet.pet\/loja\/wp-content\/uploads\/2024\/01\/p8e452e75-c0bc-4e06-b8e0-0fc8e805f710.png","datePublished":"2024-01-13T12:58:29+00:00","dateModified":"2025-12-10T20:25:42+00:00","breadcrumb":{"@id":"https:\/\/bepet.pet\/loja\/produto\/racao-golden-selecao-natural-para-gatos-adultos-castrados-sabor-frango-com-abobora-e-alecrim-1kg\/#breadcrumb"},"inLanguage":"pt-BR","potentialAction":[{"@type":"ReadAction","target":["https:\/\/bepet.pet\/loja\/produto\/racao-golden-selecao-natural-para-gatos-adultos-castrados-sabor-frango-com-abobora-e-alecrim-1kg\/"]}]},{"@type":"ImageObject","inLanguage":"pt-BR","@id":"https:\/\/bepet.pet\/loja\/produto\/racao-golden-selecao-natural-para-gatos-adultos-castrados-sabor-frango-com-abobora-e-alecrim-1kg\/#primaryimage","url":"https:\/\/bepet.pet\/loja\/wp-content\/uploads\/2024\/01\/p8e452e75-c0bc-4e06-b8e0-0fc8e805f710.png","contentUrl":"https:\/\/bepet.pet\/loja\/wp-content\/uploads\/2024\/01\/p8e452e75-c0bc-4e06-b8e0-0fc8e805f710.png","width":800,"height":800},{"@type":"BreadcrumbList","@id":"https:\/\/bepet.pet\/loja\/produto\/racao-golden-selecao-natural-para-gatos-adultos-castrados-sabor-frango-com-abobora-e-alecrim-1kg\/#breadcrumb","itemListElement":[{"@type":"ListItem","position":1,"name":"Home","item":"https:\/\/bepet.pet\/loja\/"},{"@type":"ListItem","position":2,"name":"Shop","item":"https:\/\/bepet.pet\/loja\/shop-2\/"},{"@type":"ListItem","position":3,"name":"Ra\u00e7\u00e3o Golden Sele\u00e7\u00e3o Natural para Gatos Adultos Castrados Sabor Frango com Ab\u00f3bora e Alecrim 1kg"}]},{"@type":"WebSite","@id":"https:\/\/bepet.pet\/loja\/#website","url":"https:\/\/bepet.pet\/loja\/","name":"BePet","description":"Nossa vida \u00e9 cuidar do seu pet","publisher":{"@id":"https:\/\/bepet.pet\/loja\/#organization"},"potentialAction":[{"@type":"SearchAction","target":{"@type":"EntryPoint","urlTemplate":"https:\/\/bepet.pet\/loja\/?s={search_term_string}"},"query-input":{"@type":"PropertyValueSpecification","valueRequired":true,"valueName":"search_term_string"}}],"inLanguage":"pt-BR"},{"@type":"Organization","@id":"https:\/\/bepet.pet\/loja\/#organization","name":"BePet","url":"https:\/\/bepet.pet\/loja\/","logo":{"@type":"ImageObject","inLanguage":"pt-BR","@id":"https:\/\/bepet.pet\/loja\/#\/schema\/logo\/image\/","url":"https:\/\/bepet.pet\/loja\/wp-content\/uploads\/2020\/10\/logo.jpg","contentUrl":"https:\/\/bepet.pet\/loja\/wp-content\/uploads\/2020\/10\/logo.jpg","width":100,"height":99,"caption":"BePet"},"image":{"@id":"https:\/\/bepet.pet\/loja\/#\/schema\/logo\/image\/"}}]}},"jetpack_sharing_enabled":true,"_links":{"self":[{"href":"https:\/\/bepet.pet\/loja\/wp-json\/wp\/v2\/product\/9795","targetHints":{"allow":["GET"]}}],"collection":[{"href":"https:\/\/bepet.pet\/loja\/wp-json\/wp\/v2\/product"}],"about":[{"href":"https:\/\/bepet.pet\/loja\/wp-json\/wp\/v2\/types\/product"}],"replies":[{"embeddable":true,"href":"https:\/\/bepet.pet\/loja\/wp-json\/wp\/v2\/comments?post=9795"}],"wp:featuredmedia":[{"embeddable":true,"href":"https:\/\/bepet.pet\/loja\/wp-json\/wp\/v2\/media\/9794"}],"wp:attachment":[{"href":"https:\/\/bepet.pet\/loja\/wp-json\/wp\/v2\/media?parent=9795"}],"wp:term":[{"taxonomy":"product_brand","embeddable":true,"href":"https:\/\/bepet.pet\/loja\/wp-json\/wp\/v2\/product_brand?post=9795"},{"taxonomy":"product_cat","embeddable":true,"href":"https:\/\/bepet.pet\/loja\/wp-json\/wp\/v2\/product_cat?post=9795"},{"taxonomy":"product_tag","embeddable":true,"href":"https:\/\/bepet.pet\/loja\/wp-json\/wp\/v2\/product_tag?post=9795"}],"curies":[{"name":"wp","href":"https:\/\/api.w.org\/{rel}","templated":true}]}}