{"id":9773,"date":"2024-01-13T12:35:48","date_gmt":"2024-01-13T12:35:48","guid":{"rendered":"https:\/\/bepet.pet\/loja\/produto\/racao-golden-para-gatos-adultos-sabor-salmao-1kg\/"},"modified":"2025-12-10T16:50:34","modified_gmt":"2025-12-10T19:50:34","slug":"racao-golden-para-gatos-adultos-sabor-salmao-1kg","status":"publish","type":"product","link":"https:\/\/bepet.pet\/loja\/produto\/racao-golden-para-gatos-adultos-sabor-salmao-1kg\/","title":{"rendered":"Ra\u00e7\u00e3o Golden para Gatos Adultos Sabor Salm\u00e3o 1kg"},"content":{"rendered":"<p>A ra\u00e7\u00e3o Golden para gatos adultos sabor salm\u00e3o de 1kg \u00e9 a op\u00e7\u00e3o perfeita para garantir uma alimenta\u00e7\u00e3o saud\u00e1vel e saborosa ao seu felino de estima\u00e7\u00e3o. Desenvolvida com ingredientes de alta qualidade, essa ra\u00e7\u00e3o oferece todos os nutrientes necess\u00e1rios para manter a sa\u00fade e o bem-estar do seu gato.<\/p>\n<p>Com um sabor irresist\u00edvel de salm\u00e3o, essa ra\u00e7\u00e3o vai conquistar at\u00e9 os paladares mais exigentes. Al\u00e9m disso, ela possui uma formula\u00e7\u00e3o balanceada, que atende \u00e0s necessidades nutricionais espec\u00edficas dos gatos adultos, proporcionando uma dieta equilibrada e completa.<\/p>\n<p>A ra\u00e7\u00e3o Golden para gatos adultos sabor salm\u00e3o de 1kg \u00e9 produzida com ingredientes selecionados, que passam por rigorosos processos de controle de qualidade. Isso garante que o alimento seja seguro e livre de subst\u00e2ncias nocivas, contribuindo para a sa\u00fade do seu gato.<\/p>\n<p>Al\u00e9m de ser uma op\u00e7\u00e3o nutritiva, essa ra\u00e7\u00e3o tamb\u00e9m auxilia na manuten\u00e7\u00e3o do peso ideal do seu gato, gra\u00e7as \u00e0 sua formula\u00e7\u00e3o balanceada. Isso \u00e9 fundamental para prevenir problemas de sa\u00fade relacionados \u00e0 obesidade, t\u00e3o comuns em gatos adultos.<\/p>\n<p>A embalagem de 1kg \u00e9 pr\u00e1tica e econ\u00f4mica, garantindo que voc\u00ea tenha sempre uma quantidade suficiente de ra\u00e7\u00e3o para o seu gato. Al\u00e9m disso, o formato compacto facilita o armazenamento e conserva\u00e7\u00e3o do alimento, mantendo-o fresco por mais tempo.<\/p>\n<p>Invista na sa\u00fade e no bem-estar do seu gato com a ra\u00e7\u00e3o Golden sabor salm\u00e3o de 1kg. Garanta uma alimenta\u00e7\u00e3o de qualidade e proporcione momentos de prazer e cuidado ao seu felino de estima\u00e7\u00e3o. Aproveite agora mesmo e adquira esse produto em nosso website e_Commerce.<\/p>\n","protected":false},"excerpt":{"rendered":"<p>A ra\u00e7\u00e3o Golden para gatos adultos sabor salm\u00e3o de 1kg \u00e9 a op\u00e7\u00e3o perfeita para garantir uma alimenta\u00e7\u00e3o saud\u00e1vel e saborosa ao seu felino de estima\u00e7\u00e3o. Desenvolvida com ingredientes de alta qualidade, essa ra\u00e7\u00e3o oferece todos os nutrientes necess\u00e1rios para manter a sa\u00fade e o bem-estar do seu gato. Com um sabor irresist\u00edvel de salm\u00e3o, essa ra\u00e7\u00e3o vai conquistar at\u00e9 os paladares mais exigentes. Al\u00e9m disso, ela possui uma formula\u00e7\u00e3o balanceada, que atende \u00e0s necessidades nutricionais espec\u00edficas dos gatos adultos, proporcionando uma dieta equilibrada e completa. A ra\u00e7\u00e3o Golden para gatos adultos sabor salm\u00e3o de 1kg \u00e9 produzida com ingredientes selecionados, que passam por rigorosos processos de controle de qualidade. Isso garante que o alimento seja seguro e livre de subst\u00e2ncias nocivas, contribuindo para a sa\u00fade do seu gato. Al\u00e9m de ser uma op\u00e7\u00e3o nutritiva, essa ra\u00e7\u00e3o tamb\u00e9m auxilia na manuten\u00e7\u00e3o do peso ideal do seu gato, gra\u00e7as \u00e0 sua formula\u00e7\u00e3o balanceada. Isso \u00e9 fundamental para prevenir problemas de sa\u00fade relacionados \u00e0 obesidade, t\u00e3o comuns em gatos adultos. A embalagem de 1kg \u00e9 pr\u00e1tica e econ\u00f4mica, garantindo que voc\u00ea tenha sempre uma quantidade suficiente de ra\u00e7\u00e3o para o seu gato. Al\u00e9m disso, o formato compacto facilita o armazenamento e conserva\u00e7\u00e3o&hellip; <a class=\"read-more-link\" href=\"https:\/\/bepet.pet\/loja\/produto\/racao-golden-para-gatos-adultos-sabor-salmao-1kg\/\">Read More<\/a><\/p>\n","protected":false},"featured_media":9772,"comment_status":"open","ping_status":"closed","template":"","meta":{"_kadence_starter_templates_imported_post":false},"product_brand":[],"product_cat":[121,133],"product_tag":[],"class_list":{"0":"post-9773","1":"product","2":"type-product","3":"status-publish","4":"has-post-thumbnail","6":"product_cat-racoes","7":"product_cat-secas-gatos","10":"first","11":"instock","12":"shipping-taxable","13":"purchasable","14":"product-type-simple"},"yoast_head":"<!-- This site is optimized with the Yoast SEO plugin v25.5 - https:\/\/yoast.com\/wordpress\/plugins\/seo\/ -->\n<title>Ra\u00e7\u00e3o Golden para Gatos Adultos Sabor Salm\u00e3o 1kg - BePet<\/title>\n<meta name=\"robots\" content=\"index, follow, max-snippet:-1, max-image-preview:large, max-video-preview:-1\" \/>\n<link rel=\"canonical\" href=\"https:\/\/bepet.pet\/loja\/produto\/racao-golden-para-gatos-adultos-sabor-salmao-1kg\/\" \/>\n<meta property=\"og:locale\" content=\"pt_BR\" \/>\n<meta property=\"og:type\" content=\"article\" \/>\n<meta property=\"og:title\" content=\"Ra\u00e7\u00e3o Golden para Gatos Adultos Sabor Salm\u00e3o 1kg - BePet\" \/>\n<meta property=\"og:description\" content=\"A ra\u00e7\u00e3o Golden para gatos adultos sabor salm\u00e3o de 1kg \u00e9 a op\u00e7\u00e3o perfeita para garantir uma alimenta\u00e7\u00e3o saud\u00e1vel e saborosa ao seu felino de estima\u00e7\u00e3o. Desenvolvida com ingredientes de alta qualidade, essa ra\u00e7\u00e3o oferece todos os nutrientes necess\u00e1rios para manter a sa\u00fade e o bem-estar do seu gato. Com um sabor irresist\u00edvel de salm\u00e3o, essa ra\u00e7\u00e3o vai conquistar at\u00e9 os paladares mais exigentes. Al\u00e9m disso, ela possui uma formula\u00e7\u00e3o balanceada, que atende \u00e0s necessidades nutricionais espec\u00edficas dos gatos adultos, proporcionando uma dieta equilibrada e completa. A ra\u00e7\u00e3o Golden para gatos adultos sabor salm\u00e3o de 1kg \u00e9 produzida com ingredientes selecionados, que passam por rigorosos processos de controle de qualidade. Isso garante que o alimento seja seguro e livre de subst\u00e2ncias nocivas, contribuindo para a sa\u00fade do seu gato. Al\u00e9m de ser uma op\u00e7\u00e3o nutritiva, essa ra\u00e7\u00e3o tamb\u00e9m auxilia na manuten\u00e7\u00e3o do peso ideal do seu gato, gra\u00e7as \u00e0 sua formula\u00e7\u00e3o balanceada. Isso \u00e9 fundamental para prevenir problemas de sa\u00fade relacionados \u00e0 obesidade, t\u00e3o comuns em gatos adultos. A embalagem de 1kg \u00e9 pr\u00e1tica e econ\u00f4mica, garantindo que voc\u00ea tenha sempre uma quantidade suficiente de ra\u00e7\u00e3o para o seu gato. Al\u00e9m disso, o formato compacto facilita o armazenamento e conserva\u00e7\u00e3o&hellip; Read More\" \/>\n<meta property=\"og:url\" content=\"https:\/\/bepet.pet\/loja\/produto\/racao-golden-para-gatos-adultos-sabor-salmao-1kg\/\" \/>\n<meta property=\"og:site_name\" content=\"BePet\" \/>\n<meta property=\"article:modified_time\" content=\"2025-12-10T19:50:34+00:00\" \/>\n<meta name=\"twitter:card\" content=\"summary_large_image\" \/>\n<meta name=\"twitter:label1\" content=\"Est. tempo de leitura\" \/>\n\t<meta name=\"twitter:data1\" content=\"1 minuto\" \/>\n<script type=\"application\/ld+json\" class=\"yoast-schema-graph\">{\"@context\":\"https:\/\/schema.org\",\"@graph\":[{\"@type\":\"WebPage\",\"@id\":\"https:\/\/bepet.pet\/loja\/produto\/racao-golden-para-gatos-adultos-sabor-salmao-1kg\/\",\"url\":\"https:\/\/bepet.pet\/loja\/produto\/racao-golden-para-gatos-adultos-sabor-salmao-1kg\/\",\"name\":\"Ra\u00e7\u00e3o Golden para Gatos Adultos Sabor Salm\u00e3o 1kg - BePet\",\"isPartOf\":{\"@id\":\"https:\/\/bepet.pet\/loja\/#website\"},\"primaryImageOfPage\":{\"@id\":\"https:\/\/bepet.pet\/loja\/produto\/racao-golden-para-gatos-adultos-sabor-salmao-1kg\/#primaryimage\"},\"image\":{\"@id\":\"https:\/\/bepet.pet\/loja\/produto\/racao-golden-para-gatos-adultos-sabor-salmao-1kg\/#primaryimage\"},\"thumbnailUrl\":\"https:\/\/bepet.pet\/loja\/wp-content\/uploads\/2024\/01\/p7fdb7e3e-812a-478e-a142-a9be41081498.png\",\"datePublished\":\"2024-01-13T12:35:48+00:00\",\"dateModified\":\"2025-12-10T19:50:34+00:00\",\"breadcrumb\":{\"@id\":\"https:\/\/bepet.pet\/loja\/produto\/racao-golden-para-gatos-adultos-sabor-salmao-1kg\/#breadcrumb\"},\"inLanguage\":\"pt-BR\",\"potentialAction\":[{\"@type\":\"ReadAction\",\"target\":[\"https:\/\/bepet.pet\/loja\/produto\/racao-golden-para-gatos-adultos-sabor-salmao-1kg\/\"]}]},{\"@type\":\"ImageObject\",\"inLanguage\":\"pt-BR\",\"@id\":\"https:\/\/bepet.pet\/loja\/produto\/racao-golden-para-gatos-adultos-sabor-salmao-1kg\/#primaryimage\",\"url\":\"https:\/\/bepet.pet\/loja\/wp-content\/uploads\/2024\/01\/p7fdb7e3e-812a-478e-a142-a9be41081498.png\",\"contentUrl\":\"https:\/\/bepet.pet\/loja\/wp-content\/uploads\/2024\/01\/p7fdb7e3e-812a-478e-a142-a9be41081498.png\",\"width\":800,\"height\":800},{\"@type\":\"BreadcrumbList\",\"@id\":\"https:\/\/bepet.pet\/loja\/produto\/racao-golden-para-gatos-adultos-sabor-salmao-1kg\/#breadcrumb\",\"itemListElement\":[{\"@type\":\"ListItem\",\"position\":1,\"name\":\"Home\",\"item\":\"https:\/\/bepet.pet\/loja\/\"},{\"@type\":\"ListItem\",\"position\":2,\"name\":\"Shop\",\"item\":\"https:\/\/bepet.pet\/loja\/shop-2\/\"},{\"@type\":\"ListItem\",\"position\":3,\"name\":\"Ra\u00e7\u00e3o Golden para Gatos Adultos Sabor Salm\u00e3o 1kg\"}]},{\"@type\":\"WebSite\",\"@id\":\"https:\/\/bepet.pet\/loja\/#website\",\"url\":\"https:\/\/bepet.pet\/loja\/\",\"name\":\"BePet\",\"description\":\"Nossa vida \u00e9 cuidar do seu pet\",\"publisher\":{\"@id\":\"https:\/\/bepet.pet\/loja\/#organization\"},\"potentialAction\":[{\"@type\":\"SearchAction\",\"target\":{\"@type\":\"EntryPoint\",\"urlTemplate\":\"https:\/\/bepet.pet\/loja\/?s={search_term_string}\"},\"query-input\":{\"@type\":\"PropertyValueSpecification\",\"valueRequired\":true,\"valueName\":\"search_term_string\"}}],\"inLanguage\":\"pt-BR\"},{\"@type\":\"Organization\",\"@id\":\"https:\/\/bepet.pet\/loja\/#organization\",\"name\":\"BePet\",\"url\":\"https:\/\/bepet.pet\/loja\/\",\"logo\":{\"@type\":\"ImageObject\",\"inLanguage\":\"pt-BR\",\"@id\":\"https:\/\/bepet.pet\/loja\/#\/schema\/logo\/image\/\",\"url\":\"https:\/\/bepet.pet\/loja\/wp-content\/uploads\/2020\/10\/logo.jpg\",\"contentUrl\":\"https:\/\/bepet.pet\/loja\/wp-content\/uploads\/2020\/10\/logo.jpg\",\"width\":100,\"height\":99,\"caption\":\"BePet\"},\"image\":{\"@id\":\"https:\/\/bepet.pet\/loja\/#\/schema\/logo\/image\/\"}}]}<\/script>\n<!-- \/ Yoast SEO plugin. -->","yoast_head_json":{"title":"Ra\u00e7\u00e3o Golden para Gatos Adultos Sabor Salm\u00e3o 1kg - BePet","robots":{"index":"index","follow":"follow","max-snippet":"max-snippet:-1","max-image-preview":"max-image-preview:large","max-video-preview":"max-video-preview:-1"},"canonical":"https:\/\/bepet.pet\/loja\/produto\/racao-golden-para-gatos-adultos-sabor-salmao-1kg\/","og_locale":"pt_BR","og_type":"article","og_title":"Ra\u00e7\u00e3o Golden para Gatos Adultos Sabor Salm\u00e3o 1kg - BePet","og_description":"A ra\u00e7\u00e3o Golden para gatos adultos sabor salm\u00e3o de 1kg \u00e9 a op\u00e7\u00e3o perfeita para garantir uma alimenta\u00e7\u00e3o saud\u00e1vel e saborosa ao seu felino de estima\u00e7\u00e3o. Desenvolvida com ingredientes de alta qualidade, essa ra\u00e7\u00e3o oferece todos os nutrientes necess\u00e1rios para manter a sa\u00fade e o bem-estar do seu gato. Com um sabor irresist\u00edvel de salm\u00e3o, essa ra\u00e7\u00e3o vai conquistar at\u00e9 os paladares mais exigentes. Al\u00e9m disso, ela possui uma formula\u00e7\u00e3o balanceada, que atende \u00e0s necessidades nutricionais espec\u00edficas dos gatos adultos, proporcionando uma dieta equilibrada e completa. A ra\u00e7\u00e3o Golden para gatos adultos sabor salm\u00e3o de 1kg \u00e9 produzida com ingredientes selecionados, que passam por rigorosos processos de controle de qualidade. Isso garante que o alimento seja seguro e livre de subst\u00e2ncias nocivas, contribuindo para a sa\u00fade do seu gato. Al\u00e9m de ser uma op\u00e7\u00e3o nutritiva, essa ra\u00e7\u00e3o tamb\u00e9m auxilia na manuten\u00e7\u00e3o do peso ideal do seu gato, gra\u00e7as \u00e0 sua formula\u00e7\u00e3o balanceada. Isso \u00e9 fundamental para prevenir problemas de sa\u00fade relacionados \u00e0 obesidade, t\u00e3o comuns em gatos adultos. A embalagem de 1kg \u00e9 pr\u00e1tica e econ\u00f4mica, garantindo que voc\u00ea tenha sempre uma quantidade suficiente de ra\u00e7\u00e3o para o seu gato. Al\u00e9m disso, o formato compacto facilita o armazenamento e conserva\u00e7\u00e3o&hellip; Read More","og_url":"https:\/\/bepet.pet\/loja\/produto\/racao-golden-para-gatos-adultos-sabor-salmao-1kg\/","og_site_name":"BePet","article_modified_time":"2025-12-10T19:50:34+00:00","twitter_card":"summary_large_image","twitter_misc":{"Est. tempo de leitura":"1 minuto"},"schema":{"@context":"https:\/\/schema.org","@graph":[{"@type":"WebPage","@id":"https:\/\/bepet.pet\/loja\/produto\/racao-golden-para-gatos-adultos-sabor-salmao-1kg\/","url":"https:\/\/bepet.pet\/loja\/produto\/racao-golden-para-gatos-adultos-sabor-salmao-1kg\/","name":"Ra\u00e7\u00e3o Golden para Gatos Adultos Sabor Salm\u00e3o 1kg - BePet","isPartOf":{"@id":"https:\/\/bepet.pet\/loja\/#website"},"primaryImageOfPage":{"@id":"https:\/\/bepet.pet\/loja\/produto\/racao-golden-para-gatos-adultos-sabor-salmao-1kg\/#primaryimage"},"image":{"@id":"https:\/\/bepet.pet\/loja\/produto\/racao-golden-para-gatos-adultos-sabor-salmao-1kg\/#primaryimage"},"thumbnailUrl":"https:\/\/bepet.pet\/loja\/wp-content\/uploads\/2024\/01\/p7fdb7e3e-812a-478e-a142-a9be41081498.png","datePublished":"2024-01-13T12:35:48+00:00","dateModified":"2025-12-10T19:50:34+00:00","breadcrumb":{"@id":"https:\/\/bepet.pet\/loja\/produto\/racao-golden-para-gatos-adultos-sabor-salmao-1kg\/#breadcrumb"},"inLanguage":"pt-BR","potentialAction":[{"@type":"ReadAction","target":["https:\/\/bepet.pet\/loja\/produto\/racao-golden-para-gatos-adultos-sabor-salmao-1kg\/"]}]},{"@type":"ImageObject","inLanguage":"pt-BR","@id":"https:\/\/bepet.pet\/loja\/produto\/racao-golden-para-gatos-adultos-sabor-salmao-1kg\/#primaryimage","url":"https:\/\/bepet.pet\/loja\/wp-content\/uploads\/2024\/01\/p7fdb7e3e-812a-478e-a142-a9be41081498.png","contentUrl":"https:\/\/bepet.pet\/loja\/wp-content\/uploads\/2024\/01\/p7fdb7e3e-812a-478e-a142-a9be41081498.png","width":800,"height":800},{"@type":"BreadcrumbList","@id":"https:\/\/bepet.pet\/loja\/produto\/racao-golden-para-gatos-adultos-sabor-salmao-1kg\/#breadcrumb","itemListElement":[{"@type":"ListItem","position":1,"name":"Home","item":"https:\/\/bepet.pet\/loja\/"},{"@type":"ListItem","position":2,"name":"Shop","item":"https:\/\/bepet.pet\/loja\/shop-2\/"},{"@type":"ListItem","position":3,"name":"Ra\u00e7\u00e3o Golden para Gatos Adultos Sabor Salm\u00e3o 1kg"}]},{"@type":"WebSite","@id":"https:\/\/bepet.pet\/loja\/#website","url":"https:\/\/bepet.pet\/loja\/","name":"BePet","description":"Nossa vida \u00e9 cuidar do seu pet","publisher":{"@id":"https:\/\/bepet.pet\/loja\/#organization"},"potentialAction":[{"@type":"SearchAction","target":{"@type":"EntryPoint","urlTemplate":"https:\/\/bepet.pet\/loja\/?s={search_term_string}"},"query-input":{"@type":"PropertyValueSpecification","valueRequired":true,"valueName":"search_term_string"}}],"inLanguage":"pt-BR"},{"@type":"Organization","@id":"https:\/\/bepet.pet\/loja\/#organization","name":"BePet","url":"https:\/\/bepet.pet\/loja\/","logo":{"@type":"ImageObject","inLanguage":"pt-BR","@id":"https:\/\/bepet.pet\/loja\/#\/schema\/logo\/image\/","url":"https:\/\/bepet.pet\/loja\/wp-content\/uploads\/2020\/10\/logo.jpg","contentUrl":"https:\/\/bepet.pet\/loja\/wp-content\/uploads\/2020\/10\/logo.jpg","width":100,"height":99,"caption":"BePet"},"image":{"@id":"https:\/\/bepet.pet\/loja\/#\/schema\/logo\/image\/"}}]}},"jetpack_sharing_enabled":true,"_links":{"self":[{"href":"https:\/\/bepet.pet\/loja\/wp-json\/wp\/v2\/product\/9773","targetHints":{"allow":["GET"]}}],"collection":[{"href":"https:\/\/bepet.pet\/loja\/wp-json\/wp\/v2\/product"}],"about":[{"href":"https:\/\/bepet.pet\/loja\/wp-json\/wp\/v2\/types\/product"}],"replies":[{"embeddable":true,"href":"https:\/\/bepet.pet\/loja\/wp-json\/wp\/v2\/comments?post=9773"}],"wp:featuredmedia":[{"embeddable":true,"href":"https:\/\/bepet.pet\/loja\/wp-json\/wp\/v2\/media\/9772"}],"wp:attachment":[{"href":"https:\/\/bepet.pet\/loja\/wp-json\/wp\/v2\/media?parent=9773"}],"wp:term":[{"taxonomy":"product_brand","embeddable":true,"href":"https:\/\/bepet.pet\/loja\/wp-json\/wp\/v2\/product_brand?post=9773"},{"taxonomy":"product_cat","embeddable":true,"href":"https:\/\/bepet.pet\/loja\/wp-json\/wp\/v2\/product_cat?post=9773"},{"taxonomy":"product_tag","embeddable":true,"href":"https:\/\/bepet.pet\/loja\/wp-json\/wp\/v2\/product_tag?post=9773"}],"curies":[{"name":"wp","href":"https:\/\/api.w.org\/{rel}","templated":true}]}}