{"id":9770,"date":"2024-01-13T12:34:35","date_gmt":"2024-01-13T12:34:35","guid":{"rendered":"https:\/\/bepet.pet\/loja\/produto\/racao-golden-para-gatos-adultos-sabor-frango-10kg\/"},"modified":"2025-12-10T16:55:29","modified_gmt":"2025-12-10T19:55:29","slug":"racao-golden-para-gatos-adultos-sabor-frango-10kg","status":"publish","type":"product","link":"https:\/\/bepet.pet\/loja\/produto\/racao-golden-para-gatos-adultos-sabor-frango-10kg\/","title":{"rendered":"Ra\u00e7\u00e3o Golden para Gatos Adultos Sabor Frango 10kg"},"content":{"rendered":"<p>A ra\u00e7\u00e3o Golden para gatos adultos sabor frango de 10kg \u00e9 a escolha perfeita para garantir uma alimenta\u00e7\u00e3o saud\u00e1vel e equilibrada para o seu felino de estima\u00e7\u00e3o. Desenvolvida com ingredientes de alta qualidade, essa ra\u00e7\u00e3o proporciona todos os nutrientes necess\u00e1rios para manter o seu gato ativo, saud\u00e1vel e feliz.<\/p>\n<p>O sabor irresist\u00edvel do frango \u00e9 uma verdadeira tenta\u00e7\u00e3o para os gatos, tornando a refei\u00e7\u00e3o ainda mais prazerosa. Al\u00e9m disso, a ra\u00e7\u00e3o Golden \u00e9 formulada com ingredientes selecionados, garantindo a absor\u00e7\u00e3o adequada de nutrientes e contribuindo para a sa\u00fade do sistema digestivo do seu pet.<\/p>\n<p>Com a ra\u00e7\u00e3o Golden para gatos adultos sabor frango, voc\u00ea estar\u00e1 oferecendo ao seu felino uma alimenta\u00e7\u00e3o completa e balanceada, que atende \u00e0s necessidades espec\u00edficas dessa fase da vida. Os ingredientes de alta qualidade presentes na f\u00f3rmula s\u00e3o fontes de prote\u00ednas, vitaminas e minerais essenciais para manter a sa\u00fade e o bem-estar do seu gato em dia.<\/p>\n<p>Al\u00e9m disso, a ra\u00e7\u00e3o Golden conta com a tecnologia Nutri Care, que auxilia na sa\u00fade do trato urin\u00e1rio dos gatos, prevenindo problemas relacionados a essa regi\u00e3o. Seu pet estar\u00e1 protegido e com uma alimenta\u00e7\u00e3o de qualidade, garantindo uma vida longa e feliz ao seu lado.<\/p>\n<p>N\u00e3o perca mais tempo e adquira agora mesmo a ra\u00e7\u00e3o Golden para gatos adultos sabor frango de 10kg. Seu gato ir\u00e1 adorar o sabor e voc\u00ea ter\u00e1 a tranquilidade de estar oferecendo o melhor alimento para ele. Aproveite os benef\u00edcios dessa ra\u00e7\u00e3o e proporcione uma nutri\u00e7\u00e3o de qualidade ao seu felino de estima\u00e7\u00e3o.<\/p>\n","protected":false},"excerpt":{"rendered":"<p>A ra\u00e7\u00e3o Golden para gatos adultos sabor frango de 10kg \u00e9 a escolha perfeita para garantir uma alimenta\u00e7\u00e3o saud\u00e1vel e equilibrada para o seu felino de estima\u00e7\u00e3o. Desenvolvida com ingredientes de alta qualidade, essa ra\u00e7\u00e3o proporciona todos os nutrientes necess\u00e1rios para manter o seu gato ativo, saud\u00e1vel e feliz. O sabor irresist\u00edvel do frango \u00e9 uma verdadeira tenta\u00e7\u00e3o para os gatos, tornando a refei\u00e7\u00e3o ainda mais prazerosa. Al\u00e9m disso, a ra\u00e7\u00e3o Golden \u00e9 formulada com ingredientes selecionados, garantindo a absor\u00e7\u00e3o adequada de nutrientes e contribuindo para a sa\u00fade do sistema digestivo do seu pet. Com a ra\u00e7\u00e3o Golden para gatos adultos sabor frango, voc\u00ea estar\u00e1 oferecendo ao seu felino uma alimenta\u00e7\u00e3o completa e balanceada, que atende \u00e0s necessidades espec\u00edficas dessa fase da vida. Os ingredientes de alta qualidade presentes na f\u00f3rmula s\u00e3o fontes de prote\u00ednas, vitaminas e minerais essenciais para manter a sa\u00fade e o bem-estar do seu gato em dia. Al\u00e9m disso, a ra\u00e7\u00e3o Golden conta com a tecnologia Nutri Care, que auxilia na sa\u00fade do trato urin\u00e1rio dos gatos, prevenindo problemas relacionados a essa regi\u00e3o. Seu pet estar\u00e1 protegido e com uma alimenta\u00e7\u00e3o de qualidade, garantindo uma vida longa e feliz ao seu lado. N\u00e3o perca mais tempo&hellip; <a class=\"read-more-link\" href=\"https:\/\/bepet.pet\/loja\/produto\/racao-golden-para-gatos-adultos-sabor-frango-10kg\/\">Read More<\/a><\/p>\n","protected":false},"featured_media":9771,"comment_status":"open","ping_status":"closed","template":"","meta":{"_kadence_starter_templates_imported_post":false},"product_brand":[],"product_cat":[121,133],"product_tag":[],"class_list":{"0":"post-9770","1":"product","2":"type-product","3":"status-publish","4":"has-post-thumbnail","6":"product_cat-racoes","7":"product_cat-secas-gatos","10":"first","11":"instock","12":"shipping-taxable","13":"purchasable","14":"product-type-simple"},"yoast_head":"<!-- This site is optimized with the Yoast SEO plugin v25.5 - https:\/\/yoast.com\/wordpress\/plugins\/seo\/ -->\n<title>Ra\u00e7\u00e3o Golden para Gatos Adultos Sabor Frango 10kg - BePet<\/title>\n<meta name=\"robots\" content=\"index, follow, max-snippet:-1, max-image-preview:large, max-video-preview:-1\" \/>\n<link rel=\"canonical\" href=\"https:\/\/bepet.pet\/loja\/produto\/racao-golden-para-gatos-adultos-sabor-frango-10kg\/\" \/>\n<meta property=\"og:locale\" content=\"pt_BR\" \/>\n<meta property=\"og:type\" content=\"article\" \/>\n<meta property=\"og:title\" content=\"Ra\u00e7\u00e3o Golden para Gatos Adultos Sabor Frango 10kg - BePet\" \/>\n<meta property=\"og:description\" content=\"A ra\u00e7\u00e3o Golden para gatos adultos sabor frango de 10kg \u00e9 a escolha perfeita para garantir uma alimenta\u00e7\u00e3o saud\u00e1vel e equilibrada para o seu felino de estima\u00e7\u00e3o. Desenvolvida com ingredientes de alta qualidade, essa ra\u00e7\u00e3o proporciona todos os nutrientes necess\u00e1rios para manter o seu gato ativo, saud\u00e1vel e feliz. O sabor irresist\u00edvel do frango \u00e9 uma verdadeira tenta\u00e7\u00e3o para os gatos, tornando a refei\u00e7\u00e3o ainda mais prazerosa. Al\u00e9m disso, a ra\u00e7\u00e3o Golden \u00e9 formulada com ingredientes selecionados, garantindo a absor\u00e7\u00e3o adequada de nutrientes e contribuindo para a sa\u00fade do sistema digestivo do seu pet. Com a ra\u00e7\u00e3o Golden para gatos adultos sabor frango, voc\u00ea estar\u00e1 oferecendo ao seu felino uma alimenta\u00e7\u00e3o completa e balanceada, que atende \u00e0s necessidades espec\u00edficas dessa fase da vida. Os ingredientes de alta qualidade presentes na f\u00f3rmula s\u00e3o fontes de prote\u00ednas, vitaminas e minerais essenciais para manter a sa\u00fade e o bem-estar do seu gato em dia. Al\u00e9m disso, a ra\u00e7\u00e3o Golden conta com a tecnologia Nutri Care, que auxilia na sa\u00fade do trato urin\u00e1rio dos gatos, prevenindo problemas relacionados a essa regi\u00e3o. Seu pet estar\u00e1 protegido e com uma alimenta\u00e7\u00e3o de qualidade, garantindo uma vida longa e feliz ao seu lado. N\u00e3o perca mais tempo&hellip; Read More\" \/>\n<meta property=\"og:url\" content=\"https:\/\/bepet.pet\/loja\/produto\/racao-golden-para-gatos-adultos-sabor-frango-10kg\/\" \/>\n<meta property=\"og:site_name\" content=\"BePet\" \/>\n<meta property=\"article:modified_time\" content=\"2025-12-10T19:55:29+00:00\" \/>\n<meta name=\"twitter:card\" content=\"summary_large_image\" \/>\n<meta name=\"twitter:label1\" content=\"Est. tempo de leitura\" \/>\n\t<meta name=\"twitter:data1\" content=\"1 minuto\" \/>\n<script type=\"application\/ld+json\" class=\"yoast-schema-graph\">{\"@context\":\"https:\/\/schema.org\",\"@graph\":[{\"@type\":\"WebPage\",\"@id\":\"https:\/\/bepet.pet\/loja\/produto\/racao-golden-para-gatos-adultos-sabor-frango-10kg\/\",\"url\":\"https:\/\/bepet.pet\/loja\/produto\/racao-golden-para-gatos-adultos-sabor-frango-10kg\/\",\"name\":\"Ra\u00e7\u00e3o Golden para Gatos Adultos Sabor Frango 10kg - BePet\",\"isPartOf\":{\"@id\":\"https:\/\/bepet.pet\/loja\/#website\"},\"primaryImageOfPage\":{\"@id\":\"https:\/\/bepet.pet\/loja\/produto\/racao-golden-para-gatos-adultos-sabor-frango-10kg\/#primaryimage\"},\"image\":{\"@id\":\"https:\/\/bepet.pet\/loja\/produto\/racao-golden-para-gatos-adultos-sabor-frango-10kg\/#primaryimage\"},\"thumbnailUrl\":\"https:\/\/bepet.pet\/loja\/wp-content\/uploads\/2024\/01\/pd4d9dbaf-1bf6-415d-a14a-c093cf393f9a.png\",\"datePublished\":\"2024-01-13T12:34:35+00:00\",\"dateModified\":\"2025-12-10T19:55:29+00:00\",\"breadcrumb\":{\"@id\":\"https:\/\/bepet.pet\/loja\/produto\/racao-golden-para-gatos-adultos-sabor-frango-10kg\/#breadcrumb\"},\"inLanguage\":\"pt-BR\",\"potentialAction\":[{\"@type\":\"ReadAction\",\"target\":[\"https:\/\/bepet.pet\/loja\/produto\/racao-golden-para-gatos-adultos-sabor-frango-10kg\/\"]}]},{\"@type\":\"ImageObject\",\"inLanguage\":\"pt-BR\",\"@id\":\"https:\/\/bepet.pet\/loja\/produto\/racao-golden-para-gatos-adultos-sabor-frango-10kg\/#primaryimage\",\"url\":\"https:\/\/bepet.pet\/loja\/wp-content\/uploads\/2024\/01\/pd4d9dbaf-1bf6-415d-a14a-c093cf393f9a.png\",\"contentUrl\":\"https:\/\/bepet.pet\/loja\/wp-content\/uploads\/2024\/01\/pd4d9dbaf-1bf6-415d-a14a-c093cf393f9a.png\",\"width\":800,\"height\":800},{\"@type\":\"BreadcrumbList\",\"@id\":\"https:\/\/bepet.pet\/loja\/produto\/racao-golden-para-gatos-adultos-sabor-frango-10kg\/#breadcrumb\",\"itemListElement\":[{\"@type\":\"ListItem\",\"position\":1,\"name\":\"Home\",\"item\":\"https:\/\/bepet.pet\/loja\/\"},{\"@type\":\"ListItem\",\"position\":2,\"name\":\"Shop\",\"item\":\"https:\/\/bepet.pet\/loja\/shop-2\/\"},{\"@type\":\"ListItem\",\"position\":3,\"name\":\"Ra\u00e7\u00e3o Golden para Gatos Adultos Sabor Frango 10kg\"}]},{\"@type\":\"WebSite\",\"@id\":\"https:\/\/bepet.pet\/loja\/#website\",\"url\":\"https:\/\/bepet.pet\/loja\/\",\"name\":\"BePet\",\"description\":\"Nossa vida \u00e9 cuidar do seu pet\",\"publisher\":{\"@id\":\"https:\/\/bepet.pet\/loja\/#organization\"},\"potentialAction\":[{\"@type\":\"SearchAction\",\"target\":{\"@type\":\"EntryPoint\",\"urlTemplate\":\"https:\/\/bepet.pet\/loja\/?s={search_term_string}\"},\"query-input\":{\"@type\":\"PropertyValueSpecification\",\"valueRequired\":true,\"valueName\":\"search_term_string\"}}],\"inLanguage\":\"pt-BR\"},{\"@type\":\"Organization\",\"@id\":\"https:\/\/bepet.pet\/loja\/#organization\",\"name\":\"BePet\",\"url\":\"https:\/\/bepet.pet\/loja\/\",\"logo\":{\"@type\":\"ImageObject\",\"inLanguage\":\"pt-BR\",\"@id\":\"https:\/\/bepet.pet\/loja\/#\/schema\/logo\/image\/\",\"url\":\"https:\/\/bepet.pet\/loja\/wp-content\/uploads\/2020\/10\/logo.jpg\",\"contentUrl\":\"https:\/\/bepet.pet\/loja\/wp-content\/uploads\/2020\/10\/logo.jpg\",\"width\":100,\"height\":99,\"caption\":\"BePet\"},\"image\":{\"@id\":\"https:\/\/bepet.pet\/loja\/#\/schema\/logo\/image\/\"}}]}<\/script>\n<!-- \/ Yoast SEO plugin. -->","yoast_head_json":{"title":"Ra\u00e7\u00e3o Golden para Gatos Adultos Sabor Frango 10kg - BePet","robots":{"index":"index","follow":"follow","max-snippet":"max-snippet:-1","max-image-preview":"max-image-preview:large","max-video-preview":"max-video-preview:-1"},"canonical":"https:\/\/bepet.pet\/loja\/produto\/racao-golden-para-gatos-adultos-sabor-frango-10kg\/","og_locale":"pt_BR","og_type":"article","og_title":"Ra\u00e7\u00e3o Golden para Gatos Adultos Sabor Frango 10kg - BePet","og_description":"A ra\u00e7\u00e3o Golden para gatos adultos sabor frango de 10kg \u00e9 a escolha perfeita para garantir uma alimenta\u00e7\u00e3o saud\u00e1vel e equilibrada para o seu felino de estima\u00e7\u00e3o. Desenvolvida com ingredientes de alta qualidade, essa ra\u00e7\u00e3o proporciona todos os nutrientes necess\u00e1rios para manter o seu gato ativo, saud\u00e1vel e feliz. O sabor irresist\u00edvel do frango \u00e9 uma verdadeira tenta\u00e7\u00e3o para os gatos, tornando a refei\u00e7\u00e3o ainda mais prazerosa. Al\u00e9m disso, a ra\u00e7\u00e3o Golden \u00e9 formulada com ingredientes selecionados, garantindo a absor\u00e7\u00e3o adequada de nutrientes e contribuindo para a sa\u00fade do sistema digestivo do seu pet. Com a ra\u00e7\u00e3o Golden para gatos adultos sabor frango, voc\u00ea estar\u00e1 oferecendo ao seu felino uma alimenta\u00e7\u00e3o completa e balanceada, que atende \u00e0s necessidades espec\u00edficas dessa fase da vida. Os ingredientes de alta qualidade presentes na f\u00f3rmula s\u00e3o fontes de prote\u00ednas, vitaminas e minerais essenciais para manter a sa\u00fade e o bem-estar do seu gato em dia. Al\u00e9m disso, a ra\u00e7\u00e3o Golden conta com a tecnologia Nutri Care, que auxilia na sa\u00fade do trato urin\u00e1rio dos gatos, prevenindo problemas relacionados a essa regi\u00e3o. Seu pet estar\u00e1 protegido e com uma alimenta\u00e7\u00e3o de qualidade, garantindo uma vida longa e feliz ao seu lado. N\u00e3o perca mais tempo&hellip; Read More","og_url":"https:\/\/bepet.pet\/loja\/produto\/racao-golden-para-gatos-adultos-sabor-frango-10kg\/","og_site_name":"BePet","article_modified_time":"2025-12-10T19:55:29+00:00","twitter_card":"summary_large_image","twitter_misc":{"Est. tempo de leitura":"1 minuto"},"schema":{"@context":"https:\/\/schema.org","@graph":[{"@type":"WebPage","@id":"https:\/\/bepet.pet\/loja\/produto\/racao-golden-para-gatos-adultos-sabor-frango-10kg\/","url":"https:\/\/bepet.pet\/loja\/produto\/racao-golden-para-gatos-adultos-sabor-frango-10kg\/","name":"Ra\u00e7\u00e3o Golden para Gatos Adultos Sabor Frango 10kg - BePet","isPartOf":{"@id":"https:\/\/bepet.pet\/loja\/#website"},"primaryImageOfPage":{"@id":"https:\/\/bepet.pet\/loja\/produto\/racao-golden-para-gatos-adultos-sabor-frango-10kg\/#primaryimage"},"image":{"@id":"https:\/\/bepet.pet\/loja\/produto\/racao-golden-para-gatos-adultos-sabor-frango-10kg\/#primaryimage"},"thumbnailUrl":"https:\/\/bepet.pet\/loja\/wp-content\/uploads\/2024\/01\/pd4d9dbaf-1bf6-415d-a14a-c093cf393f9a.png","datePublished":"2024-01-13T12:34:35+00:00","dateModified":"2025-12-10T19:55:29+00:00","breadcrumb":{"@id":"https:\/\/bepet.pet\/loja\/produto\/racao-golden-para-gatos-adultos-sabor-frango-10kg\/#breadcrumb"},"inLanguage":"pt-BR","potentialAction":[{"@type":"ReadAction","target":["https:\/\/bepet.pet\/loja\/produto\/racao-golden-para-gatos-adultos-sabor-frango-10kg\/"]}]},{"@type":"ImageObject","inLanguage":"pt-BR","@id":"https:\/\/bepet.pet\/loja\/produto\/racao-golden-para-gatos-adultos-sabor-frango-10kg\/#primaryimage","url":"https:\/\/bepet.pet\/loja\/wp-content\/uploads\/2024\/01\/pd4d9dbaf-1bf6-415d-a14a-c093cf393f9a.png","contentUrl":"https:\/\/bepet.pet\/loja\/wp-content\/uploads\/2024\/01\/pd4d9dbaf-1bf6-415d-a14a-c093cf393f9a.png","width":800,"height":800},{"@type":"BreadcrumbList","@id":"https:\/\/bepet.pet\/loja\/produto\/racao-golden-para-gatos-adultos-sabor-frango-10kg\/#breadcrumb","itemListElement":[{"@type":"ListItem","position":1,"name":"Home","item":"https:\/\/bepet.pet\/loja\/"},{"@type":"ListItem","position":2,"name":"Shop","item":"https:\/\/bepet.pet\/loja\/shop-2\/"},{"@type":"ListItem","position":3,"name":"Ra\u00e7\u00e3o Golden para Gatos Adultos Sabor Frango 10kg"}]},{"@type":"WebSite","@id":"https:\/\/bepet.pet\/loja\/#website","url":"https:\/\/bepet.pet\/loja\/","name":"BePet","description":"Nossa vida \u00e9 cuidar do seu pet","publisher":{"@id":"https:\/\/bepet.pet\/loja\/#organization"},"potentialAction":[{"@type":"SearchAction","target":{"@type":"EntryPoint","urlTemplate":"https:\/\/bepet.pet\/loja\/?s={search_term_string}"},"query-input":{"@type":"PropertyValueSpecification","valueRequired":true,"valueName":"search_term_string"}}],"inLanguage":"pt-BR"},{"@type":"Organization","@id":"https:\/\/bepet.pet\/loja\/#organization","name":"BePet","url":"https:\/\/bepet.pet\/loja\/","logo":{"@type":"ImageObject","inLanguage":"pt-BR","@id":"https:\/\/bepet.pet\/loja\/#\/schema\/logo\/image\/","url":"https:\/\/bepet.pet\/loja\/wp-content\/uploads\/2020\/10\/logo.jpg","contentUrl":"https:\/\/bepet.pet\/loja\/wp-content\/uploads\/2020\/10\/logo.jpg","width":100,"height":99,"caption":"BePet"},"image":{"@id":"https:\/\/bepet.pet\/loja\/#\/schema\/logo\/image\/"}}]}},"jetpack_sharing_enabled":true,"_links":{"self":[{"href":"https:\/\/bepet.pet\/loja\/wp-json\/wp\/v2\/product\/9770","targetHints":{"allow":["GET"]}}],"collection":[{"href":"https:\/\/bepet.pet\/loja\/wp-json\/wp\/v2\/product"}],"about":[{"href":"https:\/\/bepet.pet\/loja\/wp-json\/wp\/v2\/types\/product"}],"replies":[{"embeddable":true,"href":"https:\/\/bepet.pet\/loja\/wp-json\/wp\/v2\/comments?post=9770"}],"wp:featuredmedia":[{"embeddable":true,"href":"https:\/\/bepet.pet\/loja\/wp-json\/wp\/v2\/media\/9771"}],"wp:attachment":[{"href":"https:\/\/bepet.pet\/loja\/wp-json\/wp\/v2\/media?parent=9770"}],"wp:term":[{"taxonomy":"product_brand","embeddable":true,"href":"https:\/\/bepet.pet\/loja\/wp-json\/wp\/v2\/product_brand?post=9770"},{"taxonomy":"product_cat","embeddable":true,"href":"https:\/\/bepet.pet\/loja\/wp-json\/wp\/v2\/product_cat?post=9770"},{"taxonomy":"product_tag","embeddable":true,"href":"https:\/\/bepet.pet\/loja\/wp-json\/wp\/v2\/product_tag?post=9770"}],"curies":[{"name":"wp","href":"https:\/\/api.w.org\/{rel}","templated":true}]}}