{"id":9766,"date":"2024-01-13T12:31:41","date_gmt":"2024-01-13T12:31:41","guid":{"rendered":"https:\/\/bepet.pet\/loja\/produto\/racao-premier-nattu-para-caes-filhotes-de-racas-pequenas-sabor-mandioca-1kg\/"},"modified":"2025-12-10T17:23:59","modified_gmt":"2025-12-10T20:23:59","slug":"racao-premier-nattu-para-caes-filhotes-de-racas-pequenas-sabor-mandioca-1kg","status":"publish","type":"product","link":"https:\/\/bepet.pet\/loja\/produto\/racao-premier-nattu-para-caes-filhotes-de-racas-pequenas-sabor-mandioca-1kg\/","title":{"rendered":"Ra\u00e7\u00e3o Premier Nattu para C\u00e3es Filhotes de Ra\u00e7as Pequenas Sabor Mandioca 1kg"},"content":{"rendered":"<p>Conhe\u00e7a a nova Ra\u00e7\u00e3o Premier Nattu para C\u00e3es Filhotes de Ra\u00e7as Pequenas Sabor Mandioca 1kg, um alimento especialmente desenvolvido para proporcionar uma nutri\u00e7\u00e3o completa e balanceada aos c\u00e3ezinhos em fase de crescimento.<\/p>\n<p>Com um sabor irresist\u00edvel de mandioca, essa ra\u00e7\u00e3o \u00e9 formulada com ingredientes selecionados e de alta qualidade, garantindo assim a sa\u00fade e o bem-estar do seu filhote. Al\u00e9m disso, ela conta com um complexo de vitaminas e minerais essenciais, que contribuem para o fortalecimento do sistema imunol\u00f3gico e auxiliam no desenvolvimento saud\u00e1vel dos ossos e m\u00fasculos.<\/p>\n<p>A Ra\u00e7\u00e3o Premier Nattu para C\u00e3es Filhotes de Ra\u00e7as Pequenas Sabor Mandioca 1kg tamb\u00e9m \u00e9 enriquecida com \u00f4mega 3 e 6, que promovem uma pele saud\u00e1vel e um pelo brilhante, al\u00e9m de auxiliarem na sa\u00fade cardiovascular do seu pet.<\/p>\n<p>Al\u00e9m de todos esses benef\u00edcios, essa ra\u00e7\u00e3o \u00e9 livre de corantes e aromatizantes artificiais, tornando-a ainda mais natural e segura para o seu filhote.<\/p>\n<p>Aproveite agora mesmo e adquira a Ra\u00e7\u00e3o Premier Nattu para C\u00e3es Filhotes de Ra\u00e7as Pequenas Sabor Mandioca 1kg em nosso e-commerce. Garanta uma alimenta\u00e7\u00e3o de qualidade e proporcione ao seu filhote todo o cuidado que ele merece.<\/p>\n","protected":false},"excerpt":{"rendered":"<p>Conhe\u00e7a a nova Ra\u00e7\u00e3o Premier Nattu para C\u00e3es Filhotes de Ra\u00e7as Pequenas Sabor Mandioca 1kg, um alimento especialmente desenvolvido para proporcionar uma nutri\u00e7\u00e3o completa e balanceada aos c\u00e3ezinhos em fase de crescimento. Com um sabor irresist\u00edvel de mandioca, essa ra\u00e7\u00e3o \u00e9 formulada com ingredientes selecionados e de alta qualidade, garantindo assim a sa\u00fade e o bem-estar do seu filhote. Al\u00e9m disso, ela conta com um complexo de vitaminas e minerais essenciais, que contribuem para o fortalecimento do sistema imunol\u00f3gico e auxiliam no desenvolvimento saud\u00e1vel dos ossos e m\u00fasculos. A Ra\u00e7\u00e3o Premier Nattu para C\u00e3es Filhotes de Ra\u00e7as Pequenas Sabor Mandioca 1kg tamb\u00e9m \u00e9 enriquecida com \u00f4mega 3 e 6, que promovem uma pele saud\u00e1vel e um pelo brilhante, al\u00e9m de auxiliarem na sa\u00fade cardiovascular do seu pet. Al\u00e9m de todos esses benef\u00edcios, essa ra\u00e7\u00e3o \u00e9 livre de corantes e aromatizantes artificiais, tornando-a ainda mais natural e segura para o seu filhote. Aproveite agora mesmo e adquira a Ra\u00e7\u00e3o Premier Nattu para C\u00e3es Filhotes de Ra\u00e7as Pequenas Sabor Mandioca 1kg em nosso e-commerce. Garanta uma alimenta\u00e7\u00e3o de qualidade e proporcione ao seu filhote todo o cuidado que ele merece.<\/p>\n","protected":false},"featured_media":9765,"comment_status":"open","ping_status":"closed","template":"","meta":{"_kadence_starter_templates_imported_post":false},"product_brand":[],"product_cat":[121,130],"product_tag":[],"class_list":{"0":"post-9766","1":"product","2":"type-product","3":"status-publish","4":"has-post-thumbnail","6":"product_cat-racoes","7":"product_cat-secas-caes","10":"first","11":"instock","12":"shipping-taxable","13":"purchasable","14":"product-type-simple"},"yoast_head":"<!-- This site is optimized with the Yoast SEO plugin v25.5 - https:\/\/yoast.com\/wordpress\/plugins\/seo\/ -->\n<title>Ra\u00e7\u00e3o Premier Nattu para C\u00e3es Filhotes de Ra\u00e7as Pequenas Sabor Mandioca 1kg - BePet<\/title>\n<meta name=\"robots\" content=\"index, follow, max-snippet:-1, max-image-preview:large, max-video-preview:-1\" \/>\n<link rel=\"canonical\" href=\"https:\/\/bepet.pet\/loja\/produto\/racao-premier-nattu-para-caes-filhotes-de-racas-pequenas-sabor-mandioca-1kg\/\" \/>\n<meta property=\"og:locale\" content=\"pt_BR\" \/>\n<meta property=\"og:type\" content=\"article\" \/>\n<meta property=\"og:title\" content=\"Ra\u00e7\u00e3o Premier Nattu para C\u00e3es Filhotes de Ra\u00e7as Pequenas Sabor Mandioca 1kg - BePet\" \/>\n<meta property=\"og:description\" content=\"Conhe\u00e7a a nova Ra\u00e7\u00e3o Premier Nattu para C\u00e3es Filhotes de Ra\u00e7as Pequenas Sabor Mandioca 1kg, um alimento especialmente desenvolvido para proporcionar uma nutri\u00e7\u00e3o completa e balanceada aos c\u00e3ezinhos em fase de crescimento. Com um sabor irresist\u00edvel de mandioca, essa ra\u00e7\u00e3o \u00e9 formulada com ingredientes selecionados e de alta qualidade, garantindo assim a sa\u00fade e o bem-estar do seu filhote. Al\u00e9m disso, ela conta com um complexo de vitaminas e minerais essenciais, que contribuem para o fortalecimento do sistema imunol\u00f3gico e auxiliam no desenvolvimento saud\u00e1vel dos ossos e m\u00fasculos. A Ra\u00e7\u00e3o Premier Nattu para C\u00e3es Filhotes de Ra\u00e7as Pequenas Sabor Mandioca 1kg tamb\u00e9m \u00e9 enriquecida com \u00f4mega 3 e 6, que promovem uma pele saud\u00e1vel e um pelo brilhante, al\u00e9m de auxiliarem na sa\u00fade cardiovascular do seu pet. Al\u00e9m de todos esses benef\u00edcios, essa ra\u00e7\u00e3o \u00e9 livre de corantes e aromatizantes artificiais, tornando-a ainda mais natural e segura para o seu filhote. Aproveite agora mesmo e adquira a Ra\u00e7\u00e3o Premier Nattu para C\u00e3es Filhotes de Ra\u00e7as Pequenas Sabor Mandioca 1kg em nosso e-commerce. Garanta uma alimenta\u00e7\u00e3o de qualidade e proporcione ao seu filhote todo o cuidado que ele merece.\" \/>\n<meta property=\"og:url\" content=\"https:\/\/bepet.pet\/loja\/produto\/racao-premier-nattu-para-caes-filhotes-de-racas-pequenas-sabor-mandioca-1kg\/\" \/>\n<meta property=\"og:site_name\" content=\"BePet\" \/>\n<meta property=\"article:modified_time\" content=\"2025-12-10T20:23:59+00:00\" \/>\n<meta name=\"twitter:card\" content=\"summary_large_image\" \/>\n<meta name=\"twitter:label1\" content=\"Est. tempo de leitura\" \/>\n\t<meta name=\"twitter:data1\" content=\"1 minuto\" \/>\n<script type=\"application\/ld+json\" class=\"yoast-schema-graph\">{\"@context\":\"https:\/\/schema.org\",\"@graph\":[{\"@type\":\"WebPage\",\"@id\":\"https:\/\/bepet.pet\/loja\/produto\/racao-premier-nattu-para-caes-filhotes-de-racas-pequenas-sabor-mandioca-1kg\/\",\"url\":\"https:\/\/bepet.pet\/loja\/produto\/racao-premier-nattu-para-caes-filhotes-de-racas-pequenas-sabor-mandioca-1kg\/\",\"name\":\"Ra\u00e7\u00e3o Premier Nattu para C\u00e3es Filhotes de Ra\u00e7as Pequenas Sabor Mandioca 1kg - BePet\",\"isPartOf\":{\"@id\":\"https:\/\/bepet.pet\/loja\/#website\"},\"primaryImageOfPage\":{\"@id\":\"https:\/\/bepet.pet\/loja\/produto\/racao-premier-nattu-para-caes-filhotes-de-racas-pequenas-sabor-mandioca-1kg\/#primaryimage\"},\"image\":{\"@id\":\"https:\/\/bepet.pet\/loja\/produto\/racao-premier-nattu-para-caes-filhotes-de-racas-pequenas-sabor-mandioca-1kg\/#primaryimage\"},\"thumbnailUrl\":\"https:\/\/bepet.pet\/loja\/wp-content\/uploads\/2024\/01\/p3670dcd6-8cc6-4758-8ce4-05e12e4418d5.png\",\"datePublished\":\"2024-01-13T12:31:41+00:00\",\"dateModified\":\"2025-12-10T20:23:59+00:00\",\"breadcrumb\":{\"@id\":\"https:\/\/bepet.pet\/loja\/produto\/racao-premier-nattu-para-caes-filhotes-de-racas-pequenas-sabor-mandioca-1kg\/#breadcrumb\"},\"inLanguage\":\"pt-BR\",\"potentialAction\":[{\"@type\":\"ReadAction\",\"target\":[\"https:\/\/bepet.pet\/loja\/produto\/racao-premier-nattu-para-caes-filhotes-de-racas-pequenas-sabor-mandioca-1kg\/\"]}]},{\"@type\":\"ImageObject\",\"inLanguage\":\"pt-BR\",\"@id\":\"https:\/\/bepet.pet\/loja\/produto\/racao-premier-nattu-para-caes-filhotes-de-racas-pequenas-sabor-mandioca-1kg\/#primaryimage\",\"url\":\"https:\/\/bepet.pet\/loja\/wp-content\/uploads\/2024\/01\/p3670dcd6-8cc6-4758-8ce4-05e12e4418d5.png\",\"contentUrl\":\"https:\/\/bepet.pet\/loja\/wp-content\/uploads\/2024\/01\/p3670dcd6-8cc6-4758-8ce4-05e12e4418d5.png\",\"width\":800,\"height\":800},{\"@type\":\"BreadcrumbList\",\"@id\":\"https:\/\/bepet.pet\/loja\/produto\/racao-premier-nattu-para-caes-filhotes-de-racas-pequenas-sabor-mandioca-1kg\/#breadcrumb\",\"itemListElement\":[{\"@type\":\"ListItem\",\"position\":1,\"name\":\"Home\",\"item\":\"https:\/\/bepet.pet\/loja\/\"},{\"@type\":\"ListItem\",\"position\":2,\"name\":\"Shop\",\"item\":\"https:\/\/bepet.pet\/loja\/shop-2\/\"},{\"@type\":\"ListItem\",\"position\":3,\"name\":\"Ra\u00e7\u00e3o Premier Nattu para C\u00e3es Filhotes de Ra\u00e7as Pequenas Sabor Mandioca 1kg\"}]},{\"@type\":\"WebSite\",\"@id\":\"https:\/\/bepet.pet\/loja\/#website\",\"url\":\"https:\/\/bepet.pet\/loja\/\",\"name\":\"BePet\",\"description\":\"Nossa vida \u00e9 cuidar do seu pet\",\"publisher\":{\"@id\":\"https:\/\/bepet.pet\/loja\/#organization\"},\"potentialAction\":[{\"@type\":\"SearchAction\",\"target\":{\"@type\":\"EntryPoint\",\"urlTemplate\":\"https:\/\/bepet.pet\/loja\/?s={search_term_string}\"},\"query-input\":{\"@type\":\"PropertyValueSpecification\",\"valueRequired\":true,\"valueName\":\"search_term_string\"}}],\"inLanguage\":\"pt-BR\"},{\"@type\":\"Organization\",\"@id\":\"https:\/\/bepet.pet\/loja\/#organization\",\"name\":\"BePet\",\"url\":\"https:\/\/bepet.pet\/loja\/\",\"logo\":{\"@type\":\"ImageObject\",\"inLanguage\":\"pt-BR\",\"@id\":\"https:\/\/bepet.pet\/loja\/#\/schema\/logo\/image\/\",\"url\":\"https:\/\/bepet.pet\/loja\/wp-content\/uploads\/2020\/10\/logo.jpg\",\"contentUrl\":\"https:\/\/bepet.pet\/loja\/wp-content\/uploads\/2020\/10\/logo.jpg\",\"width\":100,\"height\":99,\"caption\":\"BePet\"},\"image\":{\"@id\":\"https:\/\/bepet.pet\/loja\/#\/schema\/logo\/image\/\"}}]}<\/script>\n<!-- \/ Yoast SEO plugin. -->","yoast_head_json":{"title":"Ra\u00e7\u00e3o Premier Nattu para C\u00e3es Filhotes de Ra\u00e7as Pequenas Sabor Mandioca 1kg - BePet","robots":{"index":"index","follow":"follow","max-snippet":"max-snippet:-1","max-image-preview":"max-image-preview:large","max-video-preview":"max-video-preview:-1"},"canonical":"https:\/\/bepet.pet\/loja\/produto\/racao-premier-nattu-para-caes-filhotes-de-racas-pequenas-sabor-mandioca-1kg\/","og_locale":"pt_BR","og_type":"article","og_title":"Ra\u00e7\u00e3o Premier Nattu para C\u00e3es Filhotes de Ra\u00e7as Pequenas Sabor Mandioca 1kg - BePet","og_description":"Conhe\u00e7a a nova Ra\u00e7\u00e3o Premier Nattu para C\u00e3es Filhotes de Ra\u00e7as Pequenas Sabor Mandioca 1kg, um alimento especialmente desenvolvido para proporcionar uma nutri\u00e7\u00e3o completa e balanceada aos c\u00e3ezinhos em fase de crescimento. Com um sabor irresist\u00edvel de mandioca, essa ra\u00e7\u00e3o \u00e9 formulada com ingredientes selecionados e de alta qualidade, garantindo assim a sa\u00fade e o bem-estar do seu filhote. Al\u00e9m disso, ela conta com um complexo de vitaminas e minerais essenciais, que contribuem para o fortalecimento do sistema imunol\u00f3gico e auxiliam no desenvolvimento saud\u00e1vel dos ossos e m\u00fasculos. A Ra\u00e7\u00e3o Premier Nattu para C\u00e3es Filhotes de Ra\u00e7as Pequenas Sabor Mandioca 1kg tamb\u00e9m \u00e9 enriquecida com \u00f4mega 3 e 6, que promovem uma pele saud\u00e1vel e um pelo brilhante, al\u00e9m de auxiliarem na sa\u00fade cardiovascular do seu pet. Al\u00e9m de todos esses benef\u00edcios, essa ra\u00e7\u00e3o \u00e9 livre de corantes e aromatizantes artificiais, tornando-a ainda mais natural e segura para o seu filhote. Aproveite agora mesmo e adquira a Ra\u00e7\u00e3o Premier Nattu para C\u00e3es Filhotes de Ra\u00e7as Pequenas Sabor Mandioca 1kg em nosso e-commerce. Garanta uma alimenta\u00e7\u00e3o de qualidade e proporcione ao seu filhote todo o cuidado que ele merece.","og_url":"https:\/\/bepet.pet\/loja\/produto\/racao-premier-nattu-para-caes-filhotes-de-racas-pequenas-sabor-mandioca-1kg\/","og_site_name":"BePet","article_modified_time":"2025-12-10T20:23:59+00:00","twitter_card":"summary_large_image","twitter_misc":{"Est. tempo de leitura":"1 minuto"},"schema":{"@context":"https:\/\/schema.org","@graph":[{"@type":"WebPage","@id":"https:\/\/bepet.pet\/loja\/produto\/racao-premier-nattu-para-caes-filhotes-de-racas-pequenas-sabor-mandioca-1kg\/","url":"https:\/\/bepet.pet\/loja\/produto\/racao-premier-nattu-para-caes-filhotes-de-racas-pequenas-sabor-mandioca-1kg\/","name":"Ra\u00e7\u00e3o Premier Nattu para C\u00e3es Filhotes de Ra\u00e7as Pequenas Sabor Mandioca 1kg - BePet","isPartOf":{"@id":"https:\/\/bepet.pet\/loja\/#website"},"primaryImageOfPage":{"@id":"https:\/\/bepet.pet\/loja\/produto\/racao-premier-nattu-para-caes-filhotes-de-racas-pequenas-sabor-mandioca-1kg\/#primaryimage"},"image":{"@id":"https:\/\/bepet.pet\/loja\/produto\/racao-premier-nattu-para-caes-filhotes-de-racas-pequenas-sabor-mandioca-1kg\/#primaryimage"},"thumbnailUrl":"https:\/\/bepet.pet\/loja\/wp-content\/uploads\/2024\/01\/p3670dcd6-8cc6-4758-8ce4-05e12e4418d5.png","datePublished":"2024-01-13T12:31:41+00:00","dateModified":"2025-12-10T20:23:59+00:00","breadcrumb":{"@id":"https:\/\/bepet.pet\/loja\/produto\/racao-premier-nattu-para-caes-filhotes-de-racas-pequenas-sabor-mandioca-1kg\/#breadcrumb"},"inLanguage":"pt-BR","potentialAction":[{"@type":"ReadAction","target":["https:\/\/bepet.pet\/loja\/produto\/racao-premier-nattu-para-caes-filhotes-de-racas-pequenas-sabor-mandioca-1kg\/"]}]},{"@type":"ImageObject","inLanguage":"pt-BR","@id":"https:\/\/bepet.pet\/loja\/produto\/racao-premier-nattu-para-caes-filhotes-de-racas-pequenas-sabor-mandioca-1kg\/#primaryimage","url":"https:\/\/bepet.pet\/loja\/wp-content\/uploads\/2024\/01\/p3670dcd6-8cc6-4758-8ce4-05e12e4418d5.png","contentUrl":"https:\/\/bepet.pet\/loja\/wp-content\/uploads\/2024\/01\/p3670dcd6-8cc6-4758-8ce4-05e12e4418d5.png","width":800,"height":800},{"@type":"BreadcrumbList","@id":"https:\/\/bepet.pet\/loja\/produto\/racao-premier-nattu-para-caes-filhotes-de-racas-pequenas-sabor-mandioca-1kg\/#breadcrumb","itemListElement":[{"@type":"ListItem","position":1,"name":"Home","item":"https:\/\/bepet.pet\/loja\/"},{"@type":"ListItem","position":2,"name":"Shop","item":"https:\/\/bepet.pet\/loja\/shop-2\/"},{"@type":"ListItem","position":3,"name":"Ra\u00e7\u00e3o Premier Nattu para C\u00e3es Filhotes de Ra\u00e7as Pequenas Sabor Mandioca 1kg"}]},{"@type":"WebSite","@id":"https:\/\/bepet.pet\/loja\/#website","url":"https:\/\/bepet.pet\/loja\/","name":"BePet","description":"Nossa vida \u00e9 cuidar do seu pet","publisher":{"@id":"https:\/\/bepet.pet\/loja\/#organization"},"potentialAction":[{"@type":"SearchAction","target":{"@type":"EntryPoint","urlTemplate":"https:\/\/bepet.pet\/loja\/?s={search_term_string}"},"query-input":{"@type":"PropertyValueSpecification","valueRequired":true,"valueName":"search_term_string"}}],"inLanguage":"pt-BR"},{"@type":"Organization","@id":"https:\/\/bepet.pet\/loja\/#organization","name":"BePet","url":"https:\/\/bepet.pet\/loja\/","logo":{"@type":"ImageObject","inLanguage":"pt-BR","@id":"https:\/\/bepet.pet\/loja\/#\/schema\/logo\/image\/","url":"https:\/\/bepet.pet\/loja\/wp-content\/uploads\/2020\/10\/logo.jpg","contentUrl":"https:\/\/bepet.pet\/loja\/wp-content\/uploads\/2020\/10\/logo.jpg","width":100,"height":99,"caption":"BePet"},"image":{"@id":"https:\/\/bepet.pet\/loja\/#\/schema\/logo\/image\/"}}]}},"jetpack_sharing_enabled":true,"_links":{"self":[{"href":"https:\/\/bepet.pet\/loja\/wp-json\/wp\/v2\/product\/9766","targetHints":{"allow":["GET"]}}],"collection":[{"href":"https:\/\/bepet.pet\/loja\/wp-json\/wp\/v2\/product"}],"about":[{"href":"https:\/\/bepet.pet\/loja\/wp-json\/wp\/v2\/types\/product"}],"replies":[{"embeddable":true,"href":"https:\/\/bepet.pet\/loja\/wp-json\/wp\/v2\/comments?post=9766"}],"wp:featuredmedia":[{"embeddable":true,"href":"https:\/\/bepet.pet\/loja\/wp-json\/wp\/v2\/media\/9765"}],"wp:attachment":[{"href":"https:\/\/bepet.pet\/loja\/wp-json\/wp\/v2\/media?parent=9766"}],"wp:term":[{"taxonomy":"product_brand","embeddable":true,"href":"https:\/\/bepet.pet\/loja\/wp-json\/wp\/v2\/product_brand?post=9766"},{"taxonomy":"product_cat","embeddable":true,"href":"https:\/\/bepet.pet\/loja\/wp-json\/wp\/v2\/product_cat?post=9766"},{"taxonomy":"product_tag","embeddable":true,"href":"https:\/\/bepet.pet\/loja\/wp-json\/wp\/v2\/product_tag?post=9766"}],"curies":[{"name":"wp","href":"https:\/\/api.w.org\/{rel}","templated":true}]}}