{"id":9701,"date":"2024-01-12T18:54:33","date_gmt":"2024-01-12T18:54:33","guid":{"rendered":"https:\/\/bepet.pet\/loja\/produto\/racao-vet-life-natural-feline-renal-400-g\/"},"modified":"2025-12-10T16:57:11","modified_gmt":"2025-12-10T19:57:11","slug":"racao-vet-life-natural-feline-renal-400-g","status":"publish","type":"product","link":"https:\/\/bepet.pet\/loja\/produto\/racao-vet-life-natural-feline-renal-400-g\/","title":{"rendered":"Ra\u00e7\u00e3o Vet Life Natural Feline Renal 400 g"},"content":{"rendered":"<p>Conhe\u00e7a a ra\u00e7\u00e3o Vet Life Natural Feline Renal 400g, a solu\u00e7\u00e3o ideal para cuidar da sa\u00fade renal do seu felino. Desenvolvida com ingredientes de alta qualidade, essa ra\u00e7\u00e3o \u00e9 especialmente formulada para auxiliar no tratamento de doen\u00e7as renais em gatos.<\/p>\n<p>Com um estilo neutro, nosso objetivo \u00e9 divulgar esse produto incr\u00edvel em nosso website e_Commerce, proporcionando informa\u00e7\u00f5es relevantes e precisas sobre seus benef\u00edcios e caracter\u00edsticas. Sabemos o qu\u00e3o importante \u00e9 oferecer uma alimenta\u00e7\u00e3o adequada para os nossos animais de estima\u00e7\u00e3o, principalmente quando est\u00e3o enfrentando problemas de sa\u00fade.<\/p>\n<p>A ra\u00e7\u00e3o Vet Life Natural Feline Renal 400g \u00e9 elaborada com ingredientes naturais selecionados, garantindo uma dieta equilibrada e nutritiva para o seu gato. Sua f\u00f3rmula exclusiva cont\u00e9m n\u00edveis reduzidos de f\u00f3sforo e s\u00f3dio, essenciais para o bom funcionamento dos rins. Al\u00e9m disso, \u00e9 enriquecida com vitaminas e minerais, fortalecendo o sistema imunol\u00f3gico do seu felino.<\/p>\n<p>Atrav\u00e9s do nosso website e_Commerce, voc\u00ea poder\u00e1 adquirir a ra\u00e7\u00e3o Vet Life Natural Feline Renal 400g de forma pr\u00e1tica e segura. Basta acessar nossa plataforma online, selecionar o produto desejado e finalizar a compra com apenas alguns cliques. Entregamos para todo o pa\u00eds, garantindo a comodidade e a satisfa\u00e7\u00e3o dos nossos clientes.<\/p>\n<p>N\u00e3o deixe de oferecer o melhor cuidado para o seu gato. Invista na ra\u00e7\u00e3o Vet Life Natural Feline Renal 400g e proporcione uma alimenta\u00e7\u00e3o saud\u00e1vel e adequada para o tratamento de doen\u00e7as renais. A sa\u00fade do seu felino merece toda a aten\u00e7\u00e3o e carinho, e n\u00f3s estamos aqui para te ajudar nesse processo.<\/p>\n<p>Acesse nosso website e_Commerce e conhe\u00e7a mais sobre a ra\u00e7\u00e3o Vet Life Natural Feline Renal 400g. Conte com a qualidade e confian\u00e7a de uma marca reconhecida no mercado pet. Seu gato agradece!<\/p>\n","protected":false},"excerpt":{"rendered":"<p>Conhe\u00e7a a ra\u00e7\u00e3o Vet Life Natural Feline Renal 400g, a solu\u00e7\u00e3o ideal para cuidar da sa\u00fade renal do seu felino. Desenvolvida com ingredientes de alta qualidade, essa ra\u00e7\u00e3o \u00e9 especialmente formulada para auxiliar no tratamento de doen\u00e7as renais em gatos. Com um estilo neutro, nosso objetivo \u00e9 divulgar esse produto incr\u00edvel em nosso website e_Commerce, proporcionando informa\u00e7\u00f5es relevantes e precisas sobre seus benef\u00edcios e caracter\u00edsticas. Sabemos o qu\u00e3o importante \u00e9 oferecer uma alimenta\u00e7\u00e3o adequada para os nossos animais de estima\u00e7\u00e3o, principalmente quando est\u00e3o enfrentando problemas de sa\u00fade. A ra\u00e7\u00e3o Vet Life Natural Feline Renal 400g \u00e9 elaborada com ingredientes naturais selecionados, garantindo uma dieta equilibrada e nutritiva para o seu gato. Sua f\u00f3rmula exclusiva cont\u00e9m n\u00edveis reduzidos de f\u00f3sforo e s\u00f3dio, essenciais para o bom funcionamento dos rins. Al\u00e9m disso, \u00e9 enriquecida com vitaminas e minerais, fortalecendo o sistema imunol\u00f3gico do seu felino. Atrav\u00e9s do nosso website e_Commerce, voc\u00ea poder\u00e1 adquirir a ra\u00e7\u00e3o Vet Life Natural Feline Renal 400g de forma pr\u00e1tica e segura. Basta acessar nossa plataforma online, selecionar o produto desejado e finalizar a compra com apenas alguns cliques. Entregamos para todo o pa\u00eds, garantindo a comodidade e a satisfa\u00e7\u00e3o dos nossos clientes. N\u00e3o deixe de oferecer o&hellip; <a class=\"read-more-link\" href=\"https:\/\/bepet.pet\/loja\/produto\/racao-vet-life-natural-feline-renal-400-g\/\">Read More<\/a><\/p>\n","protected":false},"featured_media":9868,"comment_status":"open","ping_status":"closed","template":"","meta":{"_kadence_starter_templates_imported_post":false},"product_brand":[],"product_cat":[121,135],"product_tag":[],"class_list":{"0":"post-9701","1":"product","2":"type-product","3":"status-publish","4":"has-post-thumbnail","6":"product_cat-racoes","7":"product_cat-terapeuticas-gatos","10":"first","11":"instock","12":"shipping-taxable","13":"purchasable","14":"product-type-simple"},"yoast_head":"<!-- This site is optimized with the Yoast SEO plugin v25.5 - https:\/\/yoast.com\/wordpress\/plugins\/seo\/ -->\n<title>Ra\u00e7\u00e3o Vet Life Natural Feline Renal 400 g - BePet<\/title>\n<meta name=\"robots\" content=\"index, follow, max-snippet:-1, max-image-preview:large, max-video-preview:-1\" \/>\n<link rel=\"canonical\" href=\"https:\/\/bepet.pet\/loja\/produto\/racao-vet-life-natural-feline-renal-400-g\/\" \/>\n<meta property=\"og:locale\" content=\"pt_BR\" \/>\n<meta property=\"og:type\" content=\"article\" \/>\n<meta property=\"og:title\" content=\"Ra\u00e7\u00e3o Vet Life Natural Feline Renal 400 g - BePet\" \/>\n<meta property=\"og:description\" content=\"Conhe\u00e7a a ra\u00e7\u00e3o Vet Life Natural Feline Renal 400g, a solu\u00e7\u00e3o ideal para cuidar da sa\u00fade renal do seu felino. Desenvolvida com ingredientes de alta qualidade, essa ra\u00e7\u00e3o \u00e9 especialmente formulada para auxiliar no tratamento de doen\u00e7as renais em gatos. Com um estilo neutro, nosso objetivo \u00e9 divulgar esse produto incr\u00edvel em nosso website e_Commerce, proporcionando informa\u00e7\u00f5es relevantes e precisas sobre seus benef\u00edcios e caracter\u00edsticas. Sabemos o qu\u00e3o importante \u00e9 oferecer uma alimenta\u00e7\u00e3o adequada para os nossos animais de estima\u00e7\u00e3o, principalmente quando est\u00e3o enfrentando problemas de sa\u00fade. A ra\u00e7\u00e3o Vet Life Natural Feline Renal 400g \u00e9 elaborada com ingredientes naturais selecionados, garantindo uma dieta equilibrada e nutritiva para o seu gato. Sua f\u00f3rmula exclusiva cont\u00e9m n\u00edveis reduzidos de f\u00f3sforo e s\u00f3dio, essenciais para o bom funcionamento dos rins. Al\u00e9m disso, \u00e9 enriquecida com vitaminas e minerais, fortalecendo o sistema imunol\u00f3gico do seu felino. Atrav\u00e9s do nosso website e_Commerce, voc\u00ea poder\u00e1 adquirir a ra\u00e7\u00e3o Vet Life Natural Feline Renal 400g de forma pr\u00e1tica e segura. Basta acessar nossa plataforma online, selecionar o produto desejado e finalizar a compra com apenas alguns cliques. Entregamos para todo o pa\u00eds, garantindo a comodidade e a satisfa\u00e7\u00e3o dos nossos clientes. N\u00e3o deixe de oferecer o&hellip; Read More\" \/>\n<meta property=\"og:url\" content=\"https:\/\/bepet.pet\/loja\/produto\/racao-vet-life-natural-feline-renal-400-g\/\" \/>\n<meta property=\"og:site_name\" content=\"BePet\" \/>\n<meta property=\"article:modified_time\" content=\"2025-12-10T19:57:11+00:00\" \/>\n<meta name=\"twitter:card\" content=\"summary_large_image\" \/>\n<meta name=\"twitter:label1\" content=\"Est. tempo de leitura\" \/>\n\t<meta name=\"twitter:data1\" content=\"2 minutos\" \/>\n<script type=\"application\/ld+json\" class=\"yoast-schema-graph\">{\"@context\":\"https:\/\/schema.org\",\"@graph\":[{\"@type\":\"WebPage\",\"@id\":\"https:\/\/bepet.pet\/loja\/produto\/racao-vet-life-natural-feline-renal-400-g\/\",\"url\":\"https:\/\/bepet.pet\/loja\/produto\/racao-vet-life-natural-feline-renal-400-g\/\",\"name\":\"Ra\u00e7\u00e3o Vet Life Natural Feline Renal 400 g - BePet\",\"isPartOf\":{\"@id\":\"https:\/\/bepet.pet\/loja\/#website\"},\"primaryImageOfPage\":{\"@id\":\"https:\/\/bepet.pet\/loja\/produto\/racao-vet-life-natural-feline-renal-400-g\/#primaryimage\"},\"image\":{\"@id\":\"https:\/\/bepet.pet\/loja\/produto\/racao-vet-life-natural-feline-renal-400-g\/#primaryimage\"},\"thumbnailUrl\":\"https:\/\/bepet.pet\/loja\/wp-content\/uploads\/2024\/01\/p7dbc67f4-8503-4887-a107-879d4ad8fa12.png\",\"datePublished\":\"2024-01-12T18:54:33+00:00\",\"dateModified\":\"2025-12-10T19:57:11+00:00\",\"breadcrumb\":{\"@id\":\"https:\/\/bepet.pet\/loja\/produto\/racao-vet-life-natural-feline-renal-400-g\/#breadcrumb\"},\"inLanguage\":\"pt-BR\",\"potentialAction\":[{\"@type\":\"ReadAction\",\"target\":[\"https:\/\/bepet.pet\/loja\/produto\/racao-vet-life-natural-feline-renal-400-g\/\"]}]},{\"@type\":\"ImageObject\",\"inLanguage\":\"pt-BR\",\"@id\":\"https:\/\/bepet.pet\/loja\/produto\/racao-vet-life-natural-feline-renal-400-g\/#primaryimage\",\"url\":\"https:\/\/bepet.pet\/loja\/wp-content\/uploads\/2024\/01\/p7dbc67f4-8503-4887-a107-879d4ad8fa12.png\",\"contentUrl\":\"https:\/\/bepet.pet\/loja\/wp-content\/uploads\/2024\/01\/p7dbc67f4-8503-4887-a107-879d4ad8fa12.png\",\"width\":800,\"height\":800},{\"@type\":\"BreadcrumbList\",\"@id\":\"https:\/\/bepet.pet\/loja\/produto\/racao-vet-life-natural-feline-renal-400-g\/#breadcrumb\",\"itemListElement\":[{\"@type\":\"ListItem\",\"position\":1,\"name\":\"Home\",\"item\":\"https:\/\/bepet.pet\/loja\/\"},{\"@type\":\"ListItem\",\"position\":2,\"name\":\"Shop\",\"item\":\"https:\/\/bepet.pet\/loja\/shop-2\/\"},{\"@type\":\"ListItem\",\"position\":3,\"name\":\"Ra\u00e7\u00e3o Vet Life Natural Feline Renal 400 g\"}]},{\"@type\":\"WebSite\",\"@id\":\"https:\/\/bepet.pet\/loja\/#website\",\"url\":\"https:\/\/bepet.pet\/loja\/\",\"name\":\"BePet\",\"description\":\"Nossa vida \u00e9 cuidar do seu pet\",\"publisher\":{\"@id\":\"https:\/\/bepet.pet\/loja\/#organization\"},\"potentialAction\":[{\"@type\":\"SearchAction\",\"target\":{\"@type\":\"EntryPoint\",\"urlTemplate\":\"https:\/\/bepet.pet\/loja\/?s={search_term_string}\"},\"query-input\":{\"@type\":\"PropertyValueSpecification\",\"valueRequired\":true,\"valueName\":\"search_term_string\"}}],\"inLanguage\":\"pt-BR\"},{\"@type\":\"Organization\",\"@id\":\"https:\/\/bepet.pet\/loja\/#organization\",\"name\":\"BePet\",\"url\":\"https:\/\/bepet.pet\/loja\/\",\"logo\":{\"@type\":\"ImageObject\",\"inLanguage\":\"pt-BR\",\"@id\":\"https:\/\/bepet.pet\/loja\/#\/schema\/logo\/image\/\",\"url\":\"https:\/\/bepet.pet\/loja\/wp-content\/uploads\/2020\/10\/logo.jpg\",\"contentUrl\":\"https:\/\/bepet.pet\/loja\/wp-content\/uploads\/2020\/10\/logo.jpg\",\"width\":100,\"height\":99,\"caption\":\"BePet\"},\"image\":{\"@id\":\"https:\/\/bepet.pet\/loja\/#\/schema\/logo\/image\/\"}}]}<\/script>\n<!-- \/ Yoast SEO plugin. -->","yoast_head_json":{"title":"Ra\u00e7\u00e3o Vet Life Natural Feline Renal 400 g - BePet","robots":{"index":"index","follow":"follow","max-snippet":"max-snippet:-1","max-image-preview":"max-image-preview:large","max-video-preview":"max-video-preview:-1"},"canonical":"https:\/\/bepet.pet\/loja\/produto\/racao-vet-life-natural-feline-renal-400-g\/","og_locale":"pt_BR","og_type":"article","og_title":"Ra\u00e7\u00e3o Vet Life Natural Feline Renal 400 g - BePet","og_description":"Conhe\u00e7a a ra\u00e7\u00e3o Vet Life Natural Feline Renal 400g, a solu\u00e7\u00e3o ideal para cuidar da sa\u00fade renal do seu felino. Desenvolvida com ingredientes de alta qualidade, essa ra\u00e7\u00e3o \u00e9 especialmente formulada para auxiliar no tratamento de doen\u00e7as renais em gatos. Com um estilo neutro, nosso objetivo \u00e9 divulgar esse produto incr\u00edvel em nosso website e_Commerce, proporcionando informa\u00e7\u00f5es relevantes e precisas sobre seus benef\u00edcios e caracter\u00edsticas. Sabemos o qu\u00e3o importante \u00e9 oferecer uma alimenta\u00e7\u00e3o adequada para os nossos animais de estima\u00e7\u00e3o, principalmente quando est\u00e3o enfrentando problemas de sa\u00fade. A ra\u00e7\u00e3o Vet Life Natural Feline Renal 400g \u00e9 elaborada com ingredientes naturais selecionados, garantindo uma dieta equilibrada e nutritiva para o seu gato. Sua f\u00f3rmula exclusiva cont\u00e9m n\u00edveis reduzidos de f\u00f3sforo e s\u00f3dio, essenciais para o bom funcionamento dos rins. Al\u00e9m disso, \u00e9 enriquecida com vitaminas e minerais, fortalecendo o sistema imunol\u00f3gico do seu felino. Atrav\u00e9s do nosso website e_Commerce, voc\u00ea poder\u00e1 adquirir a ra\u00e7\u00e3o Vet Life Natural Feline Renal 400g de forma pr\u00e1tica e segura. Basta acessar nossa plataforma online, selecionar o produto desejado e finalizar a compra com apenas alguns cliques. Entregamos para todo o pa\u00eds, garantindo a comodidade e a satisfa\u00e7\u00e3o dos nossos clientes. N\u00e3o deixe de oferecer o&hellip; Read More","og_url":"https:\/\/bepet.pet\/loja\/produto\/racao-vet-life-natural-feline-renal-400-g\/","og_site_name":"BePet","article_modified_time":"2025-12-10T19:57:11+00:00","twitter_card":"summary_large_image","twitter_misc":{"Est. tempo de leitura":"2 minutos"},"schema":{"@context":"https:\/\/schema.org","@graph":[{"@type":"WebPage","@id":"https:\/\/bepet.pet\/loja\/produto\/racao-vet-life-natural-feline-renal-400-g\/","url":"https:\/\/bepet.pet\/loja\/produto\/racao-vet-life-natural-feline-renal-400-g\/","name":"Ra\u00e7\u00e3o Vet Life Natural Feline Renal 400 g - BePet","isPartOf":{"@id":"https:\/\/bepet.pet\/loja\/#website"},"primaryImageOfPage":{"@id":"https:\/\/bepet.pet\/loja\/produto\/racao-vet-life-natural-feline-renal-400-g\/#primaryimage"},"image":{"@id":"https:\/\/bepet.pet\/loja\/produto\/racao-vet-life-natural-feline-renal-400-g\/#primaryimage"},"thumbnailUrl":"https:\/\/bepet.pet\/loja\/wp-content\/uploads\/2024\/01\/p7dbc67f4-8503-4887-a107-879d4ad8fa12.png","datePublished":"2024-01-12T18:54:33+00:00","dateModified":"2025-12-10T19:57:11+00:00","breadcrumb":{"@id":"https:\/\/bepet.pet\/loja\/produto\/racao-vet-life-natural-feline-renal-400-g\/#breadcrumb"},"inLanguage":"pt-BR","potentialAction":[{"@type":"ReadAction","target":["https:\/\/bepet.pet\/loja\/produto\/racao-vet-life-natural-feline-renal-400-g\/"]}]},{"@type":"ImageObject","inLanguage":"pt-BR","@id":"https:\/\/bepet.pet\/loja\/produto\/racao-vet-life-natural-feline-renal-400-g\/#primaryimage","url":"https:\/\/bepet.pet\/loja\/wp-content\/uploads\/2024\/01\/p7dbc67f4-8503-4887-a107-879d4ad8fa12.png","contentUrl":"https:\/\/bepet.pet\/loja\/wp-content\/uploads\/2024\/01\/p7dbc67f4-8503-4887-a107-879d4ad8fa12.png","width":800,"height":800},{"@type":"BreadcrumbList","@id":"https:\/\/bepet.pet\/loja\/produto\/racao-vet-life-natural-feline-renal-400-g\/#breadcrumb","itemListElement":[{"@type":"ListItem","position":1,"name":"Home","item":"https:\/\/bepet.pet\/loja\/"},{"@type":"ListItem","position":2,"name":"Shop","item":"https:\/\/bepet.pet\/loja\/shop-2\/"},{"@type":"ListItem","position":3,"name":"Ra\u00e7\u00e3o Vet Life Natural Feline Renal 400 g"}]},{"@type":"WebSite","@id":"https:\/\/bepet.pet\/loja\/#website","url":"https:\/\/bepet.pet\/loja\/","name":"BePet","description":"Nossa vida \u00e9 cuidar do seu pet","publisher":{"@id":"https:\/\/bepet.pet\/loja\/#organization"},"potentialAction":[{"@type":"SearchAction","target":{"@type":"EntryPoint","urlTemplate":"https:\/\/bepet.pet\/loja\/?s={search_term_string}"},"query-input":{"@type":"PropertyValueSpecification","valueRequired":true,"valueName":"search_term_string"}}],"inLanguage":"pt-BR"},{"@type":"Organization","@id":"https:\/\/bepet.pet\/loja\/#organization","name":"BePet","url":"https:\/\/bepet.pet\/loja\/","logo":{"@type":"ImageObject","inLanguage":"pt-BR","@id":"https:\/\/bepet.pet\/loja\/#\/schema\/logo\/image\/","url":"https:\/\/bepet.pet\/loja\/wp-content\/uploads\/2020\/10\/logo.jpg","contentUrl":"https:\/\/bepet.pet\/loja\/wp-content\/uploads\/2020\/10\/logo.jpg","width":100,"height":99,"caption":"BePet"},"image":{"@id":"https:\/\/bepet.pet\/loja\/#\/schema\/logo\/image\/"}}]}},"jetpack_sharing_enabled":true,"_links":{"self":[{"href":"https:\/\/bepet.pet\/loja\/wp-json\/wp\/v2\/product\/9701","targetHints":{"allow":["GET"]}}],"collection":[{"href":"https:\/\/bepet.pet\/loja\/wp-json\/wp\/v2\/product"}],"about":[{"href":"https:\/\/bepet.pet\/loja\/wp-json\/wp\/v2\/types\/product"}],"replies":[{"embeddable":true,"href":"https:\/\/bepet.pet\/loja\/wp-json\/wp\/v2\/comments?post=9701"}],"wp:featuredmedia":[{"embeddable":true,"href":"https:\/\/bepet.pet\/loja\/wp-json\/wp\/v2\/media\/9868"}],"wp:attachment":[{"href":"https:\/\/bepet.pet\/loja\/wp-json\/wp\/v2\/media?parent=9701"}],"wp:term":[{"taxonomy":"product_brand","embeddable":true,"href":"https:\/\/bepet.pet\/loja\/wp-json\/wp\/v2\/product_brand?post=9701"},{"taxonomy":"product_cat","embeddable":true,"href":"https:\/\/bepet.pet\/loja\/wp-json\/wp\/v2\/product_cat?post=9701"},{"taxonomy":"product_tag","embeddable":true,"href":"https:\/\/bepet.pet\/loja\/wp-json\/wp\/v2\/product_tag?post=9701"}],"curies":[{"name":"wp","href":"https:\/\/api.w.org\/{rel}","templated":true}]}}