{"id":9626,"date":"2024-01-12T11:19:30","date_gmt":"2024-01-12T14:19:30","guid":{"rendered":"https:\/\/bepet.pet\/loja\/produto\/racao-nd-prime-gatos-adultos-castrados-frango-e-roma-75-kg\/"},"modified":"2026-02-06T09:41:59","modified_gmt":"2026-02-06T12:41:59","slug":"racao-nd-prime-gatos-adultos-castrados-frango-e-roma-75-kg","status":"publish","type":"product","link":"https:\/\/bepet.pet\/loja\/produto\/racao-nd-prime-gatos-adultos-castrados-frango-e-roma-75-kg\/","title":{"rendered":"Ra\u00e7\u00e3o N&amp;D Prime Gatos Adultos Castrados Frango e Rom\u00e3 7,5 kg"},"content":{"rendered":"<p>Agora voc\u00ea pode cuidar ainda melhor do seu gato castrado com a ra\u00e7\u00e3o N&amp;D Prime Gatos Adultos Castrados Frango e Rom\u00e3. Com uma f\u00f3rmula exclusiva e balanceada, esse alimento foi desenvolvido pensando nas necessidades espec\u00edficas dos felinos castrados.<\/p>\n<p>Com uma combina\u00e7\u00e3o perfeita de ingredientes, a ra\u00e7\u00e3o N&amp;D Prime proporciona todos os nutrientes essenciais para manter a sa\u00fade e o bem-estar do seu gato. O frango, fonte de prote\u00edna de alta qualidade, aliado \u00e0 rom\u00e3, rica em antioxidantes naturais, promove uma nutri\u00e7\u00e3o completa e equilibrada.<\/p>\n<p>Al\u00e9m disso, essa ra\u00e7\u00e3o possui um teor reduzido de gordura e calorias, auxiliando no controle do peso do seu gato castrado. Com a N&amp;D Prime, voc\u00ea pode garantir uma alimenta\u00e7\u00e3o saud\u00e1vel e saborosa, sem abrir m\u00e3o do prazer de ver o seu felino satisfeito.<\/p>\n<p>A embalagem de 7,5 kg \u00e9 ideal para quem busca praticidade e economia, pois garante um suprimento duradouro do alimento. Al\u00e9m disso, o formato do gr\u00e3o \u00e9 adequado para facilitar a mastiga\u00e7\u00e3o e a digest\u00e3o, evitando problemas gastrointestinais.<\/p>\n<p>A ra\u00e7\u00e3o N&amp;D Prime Gatos Adultos Castrados Frango e Rom\u00e3 \u00e9 a escolha perfeita para cuidar da sa\u00fade do seu gato castrado de forma completa e eficiente. Adquira j\u00e1 o seu pacote e proporcione uma alimenta\u00e7\u00e3o de qualidade para o seu felino. Seu gato merece o melhor!<\/p>\n","protected":false},"excerpt":{"rendered":"<p>Agora voc\u00ea pode cuidar ainda melhor do seu gato castrado com a ra\u00e7\u00e3o N&amp;D Prime Gatos Adultos Castrados Frango e Rom\u00e3. Com uma f\u00f3rmula exclusiva e balanceada, esse alimento foi desenvolvido pensando nas necessidades espec\u00edficas dos felinos castrados. Com uma combina\u00e7\u00e3o perfeita de ingredientes, a ra\u00e7\u00e3o N&amp;D Prime proporciona todos os nutrientes essenciais para manter a sa\u00fade e o bem-estar do seu gato. O frango, fonte de prote\u00edna de alta qualidade, aliado \u00e0 rom\u00e3, rica em antioxidantes naturais, promove uma nutri\u00e7\u00e3o completa e equilibrada. Al\u00e9m disso, essa ra\u00e7\u00e3o possui um teor reduzido de gordura e calorias, auxiliando no controle do peso do seu gato castrado. Com a N&amp;D Prime, voc\u00ea pode garantir uma alimenta\u00e7\u00e3o saud\u00e1vel e saborosa, sem abrir m\u00e3o do prazer de ver o seu felino satisfeito. A embalagem de 7,5 kg \u00e9 ideal para quem busca praticidade e economia, pois garante um suprimento duradouro do alimento. Al\u00e9m disso, o formato do gr\u00e3o \u00e9 adequado para facilitar a mastiga\u00e7\u00e3o e a digest\u00e3o, evitando problemas gastrointestinais. A ra\u00e7\u00e3o N&amp;D Prime Gatos Adultos Castrados Frango e Rom\u00e3 \u00e9 a escolha perfeita para cuidar da sa\u00fade do seu gato castrado de forma completa e eficiente. Adquira j\u00e1 o seu pacote e proporcione&hellip; <a class=\"read-more-link\" href=\"https:\/\/bepet.pet\/loja\/produto\/racao-nd-prime-gatos-adultos-castrados-frango-e-roma-75-kg\/\">Read More<\/a><\/p>\n","protected":false},"featured_media":9720,"comment_status":"open","ping_status":"closed","template":"","meta":{"_kadence_starter_templates_imported_post":false},"product_brand":[],"product_cat":[121,133],"product_tag":[],"class_list":{"0":"post-9626","1":"product","2":"type-product","3":"status-publish","4":"has-post-thumbnail","6":"product_cat-racoes","7":"product_cat-secas-gatos","10":"first","11":"instock","12":"featured","13":"shipping-taxable","14":"purchasable","15":"product-type-simple"},"yoast_head":"<!-- This site is optimized with the Yoast SEO plugin v25.5 - https:\/\/yoast.com\/wordpress\/plugins\/seo\/ -->\n<title>Ra\u00e7\u00e3o N&amp;D Prime Gatos Adultos Castrados Frango e Rom\u00e3 7,5 kg - BePet<\/title>\n<meta name=\"robots\" content=\"index, follow, max-snippet:-1, max-image-preview:large, max-video-preview:-1\" \/>\n<link rel=\"canonical\" href=\"https:\/\/bepet.pet\/loja\/produto\/racao-nd-prime-gatos-adultos-castrados-frango-e-roma-75-kg\/\" \/>\n<meta property=\"og:locale\" content=\"pt_BR\" \/>\n<meta property=\"og:type\" content=\"article\" \/>\n<meta property=\"og:title\" content=\"Ra\u00e7\u00e3o N&amp;D Prime Gatos Adultos Castrados Frango e Rom\u00e3 7,5 kg - BePet\" \/>\n<meta property=\"og:description\" content=\"Agora voc\u00ea pode cuidar ainda melhor do seu gato castrado com a ra\u00e7\u00e3o N&amp;D Prime Gatos Adultos Castrados Frango e Rom\u00e3. Com uma f\u00f3rmula exclusiva e balanceada, esse alimento foi desenvolvido pensando nas necessidades espec\u00edficas dos felinos castrados. Com uma combina\u00e7\u00e3o perfeita de ingredientes, a ra\u00e7\u00e3o N&amp;D Prime proporciona todos os nutrientes essenciais para manter a sa\u00fade e o bem-estar do seu gato. O frango, fonte de prote\u00edna de alta qualidade, aliado \u00e0 rom\u00e3, rica em antioxidantes naturais, promove uma nutri\u00e7\u00e3o completa e equilibrada. Al\u00e9m disso, essa ra\u00e7\u00e3o possui um teor reduzido de gordura e calorias, auxiliando no controle do peso do seu gato castrado. Com a N&amp;D Prime, voc\u00ea pode garantir uma alimenta\u00e7\u00e3o saud\u00e1vel e saborosa, sem abrir m\u00e3o do prazer de ver o seu felino satisfeito. A embalagem de 7,5 kg \u00e9 ideal para quem busca praticidade e economia, pois garante um suprimento duradouro do alimento. Al\u00e9m disso, o formato do gr\u00e3o \u00e9 adequado para facilitar a mastiga\u00e7\u00e3o e a digest\u00e3o, evitando problemas gastrointestinais. A ra\u00e7\u00e3o N&amp;D Prime Gatos Adultos Castrados Frango e Rom\u00e3 \u00e9 a escolha perfeita para cuidar da sa\u00fade do seu gato castrado de forma completa e eficiente. Adquira j\u00e1 o seu pacote e proporcione&hellip; Read More\" \/>\n<meta property=\"og:url\" content=\"https:\/\/bepet.pet\/loja\/produto\/racao-nd-prime-gatos-adultos-castrados-frango-e-roma-75-kg\/\" \/>\n<meta property=\"og:site_name\" content=\"BePet\" \/>\n<meta property=\"article:modified_time\" content=\"2026-02-06T12:41:59+00:00\" \/>\n<meta property=\"og:image\" content=\"https:\/\/bepet.pet\/loja\/wp-content\/uploads\/2024\/01\/p6b468314-5ea3-4a8c-8b2b-1589b67e21d0.png\" \/>\n\t<meta property=\"og:image:width\" content=\"482\" \/>\n\t<meta property=\"og:image:height\" content=\"663\" \/>\n\t<meta property=\"og:image:type\" content=\"image\/png\" \/>\n<meta name=\"twitter:card\" content=\"summary_large_image\" \/>\n<meta name=\"twitter:label1\" content=\"Est. tempo de leitura\" \/>\n\t<meta name=\"twitter:data1\" content=\"1 minuto\" \/>\n<script type=\"application\/ld+json\" class=\"yoast-schema-graph\">{\"@context\":\"https:\/\/schema.org\",\"@graph\":[{\"@type\":\"WebPage\",\"@id\":\"https:\/\/bepet.pet\/loja\/produto\/racao-nd-prime-gatos-adultos-castrados-frango-e-roma-75-kg\/\",\"url\":\"https:\/\/bepet.pet\/loja\/produto\/racao-nd-prime-gatos-adultos-castrados-frango-e-roma-75-kg\/\",\"name\":\"Ra\u00e7\u00e3o N&amp;D Prime Gatos Adultos Castrados Frango e Rom\u00e3 7,5 kg - BePet\",\"isPartOf\":{\"@id\":\"https:\/\/bepet.pet\/loja\/#website\"},\"primaryImageOfPage\":{\"@id\":\"https:\/\/bepet.pet\/loja\/produto\/racao-nd-prime-gatos-adultos-castrados-frango-e-roma-75-kg\/#primaryimage\"},\"image\":{\"@id\":\"https:\/\/bepet.pet\/loja\/produto\/racao-nd-prime-gatos-adultos-castrados-frango-e-roma-75-kg\/#primaryimage\"},\"thumbnailUrl\":\"https:\/\/bepet.pet\/loja\/wp-content\/uploads\/2024\/01\/p6b468314-5ea3-4a8c-8b2b-1589b67e21d0.png\",\"datePublished\":\"2024-01-12T14:19:30+00:00\",\"dateModified\":\"2026-02-06T12:41:59+00:00\",\"breadcrumb\":{\"@id\":\"https:\/\/bepet.pet\/loja\/produto\/racao-nd-prime-gatos-adultos-castrados-frango-e-roma-75-kg\/#breadcrumb\"},\"inLanguage\":\"pt-BR\",\"potentialAction\":[{\"@type\":\"ReadAction\",\"target\":[\"https:\/\/bepet.pet\/loja\/produto\/racao-nd-prime-gatos-adultos-castrados-frango-e-roma-75-kg\/\"]}]},{\"@type\":\"ImageObject\",\"inLanguage\":\"pt-BR\",\"@id\":\"https:\/\/bepet.pet\/loja\/produto\/racao-nd-prime-gatos-adultos-castrados-frango-e-roma-75-kg\/#primaryimage\",\"url\":\"https:\/\/bepet.pet\/loja\/wp-content\/uploads\/2024\/01\/p6b468314-5ea3-4a8c-8b2b-1589b67e21d0.png\",\"contentUrl\":\"https:\/\/bepet.pet\/loja\/wp-content\/uploads\/2024\/01\/p6b468314-5ea3-4a8c-8b2b-1589b67e21d0.png\",\"width\":482,\"height\":663},{\"@type\":\"BreadcrumbList\",\"@id\":\"https:\/\/bepet.pet\/loja\/produto\/racao-nd-prime-gatos-adultos-castrados-frango-e-roma-75-kg\/#breadcrumb\",\"itemListElement\":[{\"@type\":\"ListItem\",\"position\":1,\"name\":\"Home\",\"item\":\"https:\/\/bepet.pet\/loja\/\"},{\"@type\":\"ListItem\",\"position\":2,\"name\":\"Shop\",\"item\":\"https:\/\/bepet.pet\/loja\/shop-2\/\"},{\"@type\":\"ListItem\",\"position\":3,\"name\":\"Ra\u00e7\u00e3o N&amp;D Prime Gatos Adultos Castrados Frango e Rom\u00e3 7,5 kg\"}]},{\"@type\":\"WebSite\",\"@id\":\"https:\/\/bepet.pet\/loja\/#website\",\"url\":\"https:\/\/bepet.pet\/loja\/\",\"name\":\"BePet\",\"description\":\"Nossa vida \u00e9 cuidar do seu pet\",\"publisher\":{\"@id\":\"https:\/\/bepet.pet\/loja\/#organization\"},\"potentialAction\":[{\"@type\":\"SearchAction\",\"target\":{\"@type\":\"EntryPoint\",\"urlTemplate\":\"https:\/\/bepet.pet\/loja\/?s={search_term_string}\"},\"query-input\":{\"@type\":\"PropertyValueSpecification\",\"valueRequired\":true,\"valueName\":\"search_term_string\"}}],\"inLanguage\":\"pt-BR\"},{\"@type\":\"Organization\",\"@id\":\"https:\/\/bepet.pet\/loja\/#organization\",\"name\":\"BePet\",\"url\":\"https:\/\/bepet.pet\/loja\/\",\"logo\":{\"@type\":\"ImageObject\",\"inLanguage\":\"pt-BR\",\"@id\":\"https:\/\/bepet.pet\/loja\/#\/schema\/logo\/image\/\",\"url\":\"https:\/\/bepet.pet\/loja\/wp-content\/uploads\/2020\/10\/logo.jpg\",\"contentUrl\":\"https:\/\/bepet.pet\/loja\/wp-content\/uploads\/2020\/10\/logo.jpg\",\"width\":100,\"height\":99,\"caption\":\"BePet\"},\"image\":{\"@id\":\"https:\/\/bepet.pet\/loja\/#\/schema\/logo\/image\/\"}}]}<\/script>\n<!-- \/ Yoast SEO plugin. -->","yoast_head_json":{"title":"Ra\u00e7\u00e3o N&amp;D Prime Gatos Adultos Castrados Frango e Rom\u00e3 7,5 kg - BePet","robots":{"index":"index","follow":"follow","max-snippet":"max-snippet:-1","max-image-preview":"max-image-preview:large","max-video-preview":"max-video-preview:-1"},"canonical":"https:\/\/bepet.pet\/loja\/produto\/racao-nd-prime-gatos-adultos-castrados-frango-e-roma-75-kg\/","og_locale":"pt_BR","og_type":"article","og_title":"Ra\u00e7\u00e3o N&amp;D Prime Gatos Adultos Castrados Frango e Rom\u00e3 7,5 kg - BePet","og_description":"Agora voc\u00ea pode cuidar ainda melhor do seu gato castrado com a ra\u00e7\u00e3o N&amp;D Prime Gatos Adultos Castrados Frango e Rom\u00e3. Com uma f\u00f3rmula exclusiva e balanceada, esse alimento foi desenvolvido pensando nas necessidades espec\u00edficas dos felinos castrados. Com uma combina\u00e7\u00e3o perfeita de ingredientes, a ra\u00e7\u00e3o N&amp;D Prime proporciona todos os nutrientes essenciais para manter a sa\u00fade e o bem-estar do seu gato. O frango, fonte de prote\u00edna de alta qualidade, aliado \u00e0 rom\u00e3, rica em antioxidantes naturais, promove uma nutri\u00e7\u00e3o completa e equilibrada. Al\u00e9m disso, essa ra\u00e7\u00e3o possui um teor reduzido de gordura e calorias, auxiliando no controle do peso do seu gato castrado. Com a N&amp;D Prime, voc\u00ea pode garantir uma alimenta\u00e7\u00e3o saud\u00e1vel e saborosa, sem abrir m\u00e3o do prazer de ver o seu felino satisfeito. A embalagem de 7,5 kg \u00e9 ideal para quem busca praticidade e economia, pois garante um suprimento duradouro do alimento. Al\u00e9m disso, o formato do gr\u00e3o \u00e9 adequado para facilitar a mastiga\u00e7\u00e3o e a digest\u00e3o, evitando problemas gastrointestinais. A ra\u00e7\u00e3o N&amp;D Prime Gatos Adultos Castrados Frango e Rom\u00e3 \u00e9 a escolha perfeita para cuidar da sa\u00fade do seu gato castrado de forma completa e eficiente. Adquira j\u00e1 o seu pacote e proporcione&hellip; Read More","og_url":"https:\/\/bepet.pet\/loja\/produto\/racao-nd-prime-gatos-adultos-castrados-frango-e-roma-75-kg\/","og_site_name":"BePet","article_modified_time":"2026-02-06T12:41:59+00:00","og_image":[{"width":482,"height":663,"url":"https:\/\/bepet.pet\/loja\/wp-content\/uploads\/2024\/01\/p6b468314-5ea3-4a8c-8b2b-1589b67e21d0.png","type":"image\/png"}],"twitter_card":"summary_large_image","twitter_misc":{"Est. tempo de leitura":"1 minuto"},"schema":{"@context":"https:\/\/schema.org","@graph":[{"@type":"WebPage","@id":"https:\/\/bepet.pet\/loja\/produto\/racao-nd-prime-gatos-adultos-castrados-frango-e-roma-75-kg\/","url":"https:\/\/bepet.pet\/loja\/produto\/racao-nd-prime-gatos-adultos-castrados-frango-e-roma-75-kg\/","name":"Ra\u00e7\u00e3o N&amp;D Prime Gatos Adultos Castrados Frango e Rom\u00e3 7,5 kg - BePet","isPartOf":{"@id":"https:\/\/bepet.pet\/loja\/#website"},"primaryImageOfPage":{"@id":"https:\/\/bepet.pet\/loja\/produto\/racao-nd-prime-gatos-adultos-castrados-frango-e-roma-75-kg\/#primaryimage"},"image":{"@id":"https:\/\/bepet.pet\/loja\/produto\/racao-nd-prime-gatos-adultos-castrados-frango-e-roma-75-kg\/#primaryimage"},"thumbnailUrl":"https:\/\/bepet.pet\/loja\/wp-content\/uploads\/2024\/01\/p6b468314-5ea3-4a8c-8b2b-1589b67e21d0.png","datePublished":"2024-01-12T14:19:30+00:00","dateModified":"2026-02-06T12:41:59+00:00","breadcrumb":{"@id":"https:\/\/bepet.pet\/loja\/produto\/racao-nd-prime-gatos-adultos-castrados-frango-e-roma-75-kg\/#breadcrumb"},"inLanguage":"pt-BR","potentialAction":[{"@type":"ReadAction","target":["https:\/\/bepet.pet\/loja\/produto\/racao-nd-prime-gatos-adultos-castrados-frango-e-roma-75-kg\/"]}]},{"@type":"ImageObject","inLanguage":"pt-BR","@id":"https:\/\/bepet.pet\/loja\/produto\/racao-nd-prime-gatos-adultos-castrados-frango-e-roma-75-kg\/#primaryimage","url":"https:\/\/bepet.pet\/loja\/wp-content\/uploads\/2024\/01\/p6b468314-5ea3-4a8c-8b2b-1589b67e21d0.png","contentUrl":"https:\/\/bepet.pet\/loja\/wp-content\/uploads\/2024\/01\/p6b468314-5ea3-4a8c-8b2b-1589b67e21d0.png","width":482,"height":663},{"@type":"BreadcrumbList","@id":"https:\/\/bepet.pet\/loja\/produto\/racao-nd-prime-gatos-adultos-castrados-frango-e-roma-75-kg\/#breadcrumb","itemListElement":[{"@type":"ListItem","position":1,"name":"Home","item":"https:\/\/bepet.pet\/loja\/"},{"@type":"ListItem","position":2,"name":"Shop","item":"https:\/\/bepet.pet\/loja\/shop-2\/"},{"@type":"ListItem","position":3,"name":"Ra\u00e7\u00e3o N&amp;D Prime Gatos Adultos Castrados Frango e Rom\u00e3 7,5 kg"}]},{"@type":"WebSite","@id":"https:\/\/bepet.pet\/loja\/#website","url":"https:\/\/bepet.pet\/loja\/","name":"BePet","description":"Nossa vida \u00e9 cuidar do seu pet","publisher":{"@id":"https:\/\/bepet.pet\/loja\/#organization"},"potentialAction":[{"@type":"SearchAction","target":{"@type":"EntryPoint","urlTemplate":"https:\/\/bepet.pet\/loja\/?s={search_term_string}"},"query-input":{"@type":"PropertyValueSpecification","valueRequired":true,"valueName":"search_term_string"}}],"inLanguage":"pt-BR"},{"@type":"Organization","@id":"https:\/\/bepet.pet\/loja\/#organization","name":"BePet","url":"https:\/\/bepet.pet\/loja\/","logo":{"@type":"ImageObject","inLanguage":"pt-BR","@id":"https:\/\/bepet.pet\/loja\/#\/schema\/logo\/image\/","url":"https:\/\/bepet.pet\/loja\/wp-content\/uploads\/2020\/10\/logo.jpg","contentUrl":"https:\/\/bepet.pet\/loja\/wp-content\/uploads\/2020\/10\/logo.jpg","width":100,"height":99,"caption":"BePet"},"image":{"@id":"https:\/\/bepet.pet\/loja\/#\/schema\/logo\/image\/"}}]}},"jetpack_sharing_enabled":true,"_links":{"self":[{"href":"https:\/\/bepet.pet\/loja\/wp-json\/wp\/v2\/product\/9626","targetHints":{"allow":["GET"]}}],"collection":[{"href":"https:\/\/bepet.pet\/loja\/wp-json\/wp\/v2\/product"}],"about":[{"href":"https:\/\/bepet.pet\/loja\/wp-json\/wp\/v2\/types\/product"}],"replies":[{"embeddable":true,"href":"https:\/\/bepet.pet\/loja\/wp-json\/wp\/v2\/comments?post=9626"}],"wp:featuredmedia":[{"embeddable":true,"href":"https:\/\/bepet.pet\/loja\/wp-json\/wp\/v2\/media\/9720"}],"wp:attachment":[{"href":"https:\/\/bepet.pet\/loja\/wp-json\/wp\/v2\/media?parent=9626"}],"wp:term":[{"taxonomy":"product_brand","embeddable":true,"href":"https:\/\/bepet.pet\/loja\/wp-json\/wp\/v2\/product_brand?post=9626"},{"taxonomy":"product_cat","embeddable":true,"href":"https:\/\/bepet.pet\/loja\/wp-json\/wp\/v2\/product_cat?post=9626"},{"taxonomy":"product_tag","embeddable":true,"href":"https:\/\/bepet.pet\/loja\/wp-json\/wp\/v2\/product_tag?post=9626"}],"curies":[{"name":"wp","href":"https:\/\/api.w.org\/{rel}","templated":true}]}}