{"id":9612,"date":"2024-01-12T13:53:41","date_gmt":"2024-01-12T13:53:41","guid":{"rendered":"https:\/\/bepet.pet\/loja\/produto\/ograx-artro-20-30-capsulas\/"},"modified":"2026-01-19T16:19:22","modified_gmt":"2026-01-19T19:19:22","slug":"ograx-artro-20-30-capsulas","status":"publish","type":"product","link":"https:\/\/bepet.pet\/loja\/produto\/ograx-artro-20-30-capsulas\/","title":{"rendered":"Ograx Artro 20 30 c\u00e1psulas"},"content":{"rendered":"<p>Conhe\u00e7a o Ograx Artro 20, a solu\u00e7\u00e3o eficaz para o al\u00edvio das dores articulares. Com suas 30 c\u00e1psulas, este produto \u00e9 perfeito para quem busca uma vida mais confort\u00e1vel e livre de inc\u00f4modos.<\/p>\n<p>Desenvolvido com tecnologia avan\u00e7ada, o Ograx Artro 20 possui uma f\u00f3rmula exclusiva que combina ingredientes naturais com propriedades anti-inflamat\u00f3rias e analg\u00e9sicas. Essa combina\u00e7\u00e3o poderosa proporciona um al\u00edvio imediato das dores articulares, permitindo que voc\u00ea retome suas atividades di\u00e1rias com mais facilidade.<\/p>\n<p>As c\u00e1psulas do Ograx Artro 20 s\u00e3o f\u00e1ceis de serem ingeridas e possuem uma absor\u00e7\u00e3o r\u00e1pida pelo organismo, garantindo resultados efetivos em pouco tempo. Al\u00e9m disso, o produto n\u00e3o apresenta efeitos colaterais indesejados, o que o torna seguro para uso cont\u00ednuo.<\/p>\n<p>Se voc\u00ea sofre com dores articulares e busca uma solu\u00e7\u00e3o eficiente, o Ograx Artro 20 \u00e9 a escolha certa. Com ele, voc\u00ea poder\u00e1 desfrutar de uma vida mais ativa e sem limita\u00e7\u00f5es, podendo realizar suas atividades favoritas sem preocupa\u00e7\u00f5es.<\/p>\n<p>Aproveite agora mesmo para adquirir o Ograx Artro 20 em nosso e-commerce. Garantimos a qualidade do produto e a entrega r\u00e1pida em sua casa. N\u00e3o deixe que as dores articulares limitem sua qualidade de vida. Experimente o Ograx Artro 20 e sinta a diferen\u00e7a em seu bem-estar.<\/p>\n","protected":false},"excerpt":{"rendered":"<p>Conhe\u00e7a o Ograx Artro 20, a solu\u00e7\u00e3o eficaz para o al\u00edvio das dores articulares. Com suas 30 c\u00e1psulas, este produto \u00e9 perfeito para quem busca uma vida mais confort\u00e1vel e livre de inc\u00f4modos. Desenvolvido com tecnologia avan\u00e7ada, o Ograx Artro 20 possui uma f\u00f3rmula exclusiva que combina ingredientes naturais com propriedades anti-inflamat\u00f3rias e analg\u00e9sicas. Essa combina\u00e7\u00e3o poderosa proporciona um al\u00edvio imediato das dores articulares, permitindo que voc\u00ea retome suas atividades di\u00e1rias com mais facilidade. As c\u00e1psulas do Ograx Artro 20 s\u00e3o f\u00e1ceis de serem ingeridas e possuem uma absor\u00e7\u00e3o r\u00e1pida pelo organismo, garantindo resultados efetivos em pouco tempo. Al\u00e9m disso, o produto n\u00e3o apresenta efeitos colaterais indesejados, o que o torna seguro para uso cont\u00ednuo. Se voc\u00ea sofre com dores articulares e busca uma solu\u00e7\u00e3o eficiente, o Ograx Artro 20 \u00e9 a escolha certa. Com ele, voc\u00ea poder\u00e1 desfrutar de uma vida mais ativa e sem limita\u00e7\u00f5es, podendo realizar suas atividades favoritas sem preocupa\u00e7\u00f5es. Aproveite agora mesmo para adquirir o Ograx Artro 20 em nosso e-commerce. Garantimos a qualidade do produto e a entrega r\u00e1pida em sua casa. N\u00e3o deixe que as dores articulares limitem sua qualidade de vida. Experimente o Ograx Artro 20 e sinta a diferen\u00e7a em seu&hellip; <a class=\"read-more-link\" href=\"https:\/\/bepet.pet\/loja\/produto\/ograx-artro-20-30-capsulas\/\">Read More<\/a><\/p>\n","protected":false},"featured_media":9611,"comment_status":"open","ping_status":"closed","template":"","meta":{"_kadence_starter_templates_imported_post":false},"product_brand":[],"product_cat":[120,145],"product_tag":[],"class_list":{"0":"post-9612","1":"product","2":"type-product","3":"status-publish","4":"has-post-thumbnail","6":"product_cat-medicamentos","7":"product_cat-suplementos-e-vitaminas","10":"first","11":"instock","12":"shipping-taxable","13":"purchasable","14":"product-type-simple"},"yoast_head":"<!-- This site is optimized with the Yoast SEO plugin v25.5 - https:\/\/yoast.com\/wordpress\/plugins\/seo\/ -->\n<title>Ograx Artro 20 30 c\u00e1psulas - BePet<\/title>\n<meta name=\"robots\" content=\"index, follow, max-snippet:-1, max-image-preview:large, max-video-preview:-1\" \/>\n<link rel=\"canonical\" href=\"https:\/\/bepet.pet\/loja\/produto\/ograx-artro-20-30-capsulas\/\" \/>\n<meta property=\"og:locale\" content=\"pt_BR\" \/>\n<meta property=\"og:type\" content=\"article\" \/>\n<meta property=\"og:title\" content=\"Ograx Artro 20 30 c\u00e1psulas - BePet\" \/>\n<meta property=\"og:description\" content=\"Conhe\u00e7a o Ograx Artro 20, a solu\u00e7\u00e3o eficaz para o al\u00edvio das dores articulares. Com suas 30 c\u00e1psulas, este produto \u00e9 perfeito para quem busca uma vida mais confort\u00e1vel e livre de inc\u00f4modos. Desenvolvido com tecnologia avan\u00e7ada, o Ograx Artro 20 possui uma f\u00f3rmula exclusiva que combina ingredientes naturais com propriedades anti-inflamat\u00f3rias e analg\u00e9sicas. Essa combina\u00e7\u00e3o poderosa proporciona um al\u00edvio imediato das dores articulares, permitindo que voc\u00ea retome suas atividades di\u00e1rias com mais facilidade. As c\u00e1psulas do Ograx Artro 20 s\u00e3o f\u00e1ceis de serem ingeridas e possuem uma absor\u00e7\u00e3o r\u00e1pida pelo organismo, garantindo resultados efetivos em pouco tempo. Al\u00e9m disso, o produto n\u00e3o apresenta efeitos colaterais indesejados, o que o torna seguro para uso cont\u00ednuo. Se voc\u00ea sofre com dores articulares e busca uma solu\u00e7\u00e3o eficiente, o Ograx Artro 20 \u00e9 a escolha certa. Com ele, voc\u00ea poder\u00e1 desfrutar de uma vida mais ativa e sem limita\u00e7\u00f5es, podendo realizar suas atividades favoritas sem preocupa\u00e7\u00f5es. Aproveite agora mesmo para adquirir o Ograx Artro 20 em nosso e-commerce. Garantimos a qualidade do produto e a entrega r\u00e1pida em sua casa. N\u00e3o deixe que as dores articulares limitem sua qualidade de vida. Experimente o Ograx Artro 20 e sinta a diferen\u00e7a em seu&hellip; Read More\" \/>\n<meta property=\"og:url\" content=\"https:\/\/bepet.pet\/loja\/produto\/ograx-artro-20-30-capsulas\/\" \/>\n<meta property=\"og:site_name\" content=\"BePet\" \/>\n<meta property=\"article:modified_time\" content=\"2026-01-19T19:19:22+00:00\" \/>\n<meta name=\"twitter:card\" content=\"summary_large_image\" \/>\n<meta name=\"twitter:label1\" content=\"Est. tempo de leitura\" \/>\n\t<meta name=\"twitter:data1\" content=\"1 minuto\" \/>\n<script type=\"application\/ld+json\" class=\"yoast-schema-graph\">{\"@context\":\"https:\/\/schema.org\",\"@graph\":[{\"@type\":\"WebPage\",\"@id\":\"https:\/\/bepet.pet\/loja\/produto\/ograx-artro-20-30-capsulas\/\",\"url\":\"https:\/\/bepet.pet\/loja\/produto\/ograx-artro-20-30-capsulas\/\",\"name\":\"Ograx Artro 20 30 c\u00e1psulas - BePet\",\"isPartOf\":{\"@id\":\"https:\/\/bepet.pet\/loja\/#website\"},\"primaryImageOfPage\":{\"@id\":\"https:\/\/bepet.pet\/loja\/produto\/ograx-artro-20-30-capsulas\/#primaryimage\"},\"image\":{\"@id\":\"https:\/\/bepet.pet\/loja\/produto\/ograx-artro-20-30-capsulas\/#primaryimage\"},\"thumbnailUrl\":\"https:\/\/bepet.pet\/loja\/wp-content\/uploads\/2024\/01\/p4a55f462-2c24-405a-a1b2-730df0bce225.png\",\"datePublished\":\"2024-01-12T13:53:41+00:00\",\"dateModified\":\"2026-01-19T19:19:22+00:00\",\"breadcrumb\":{\"@id\":\"https:\/\/bepet.pet\/loja\/produto\/ograx-artro-20-30-capsulas\/#breadcrumb\"},\"inLanguage\":\"pt-BR\",\"potentialAction\":[{\"@type\":\"ReadAction\",\"target\":[\"https:\/\/bepet.pet\/loja\/produto\/ograx-artro-20-30-capsulas\/\"]}]},{\"@type\":\"ImageObject\",\"inLanguage\":\"pt-BR\",\"@id\":\"https:\/\/bepet.pet\/loja\/produto\/ograx-artro-20-30-capsulas\/#primaryimage\",\"url\":\"https:\/\/bepet.pet\/loja\/wp-content\/uploads\/2024\/01\/p4a55f462-2c24-405a-a1b2-730df0bce225.png\",\"contentUrl\":\"https:\/\/bepet.pet\/loja\/wp-content\/uploads\/2024\/01\/p4a55f462-2c24-405a-a1b2-730df0bce225.png\",\"width\":800,\"height\":600},{\"@type\":\"BreadcrumbList\",\"@id\":\"https:\/\/bepet.pet\/loja\/produto\/ograx-artro-20-30-capsulas\/#breadcrumb\",\"itemListElement\":[{\"@type\":\"ListItem\",\"position\":1,\"name\":\"Home\",\"item\":\"https:\/\/bepet.pet\/loja\/\"},{\"@type\":\"ListItem\",\"position\":2,\"name\":\"Shop\",\"item\":\"https:\/\/bepet.pet\/loja\/shop-2\/\"},{\"@type\":\"ListItem\",\"position\":3,\"name\":\"Ograx Artro 20 30 c\u00e1psulas\"}]},{\"@type\":\"WebSite\",\"@id\":\"https:\/\/bepet.pet\/loja\/#website\",\"url\":\"https:\/\/bepet.pet\/loja\/\",\"name\":\"BePet\",\"description\":\"Nossa vida \u00e9 cuidar do seu pet\",\"publisher\":{\"@id\":\"https:\/\/bepet.pet\/loja\/#organization\"},\"potentialAction\":[{\"@type\":\"SearchAction\",\"target\":{\"@type\":\"EntryPoint\",\"urlTemplate\":\"https:\/\/bepet.pet\/loja\/?s={search_term_string}\"},\"query-input\":{\"@type\":\"PropertyValueSpecification\",\"valueRequired\":true,\"valueName\":\"search_term_string\"}}],\"inLanguage\":\"pt-BR\"},{\"@type\":\"Organization\",\"@id\":\"https:\/\/bepet.pet\/loja\/#organization\",\"name\":\"BePet\",\"url\":\"https:\/\/bepet.pet\/loja\/\",\"logo\":{\"@type\":\"ImageObject\",\"inLanguage\":\"pt-BR\",\"@id\":\"https:\/\/bepet.pet\/loja\/#\/schema\/logo\/image\/\",\"url\":\"https:\/\/bepet.pet\/loja\/wp-content\/uploads\/2020\/10\/logo.jpg\",\"contentUrl\":\"https:\/\/bepet.pet\/loja\/wp-content\/uploads\/2020\/10\/logo.jpg\",\"width\":100,\"height\":99,\"caption\":\"BePet\"},\"image\":{\"@id\":\"https:\/\/bepet.pet\/loja\/#\/schema\/logo\/image\/\"}}]}<\/script>\n<!-- \/ Yoast SEO plugin. -->","yoast_head_json":{"title":"Ograx Artro 20 30 c\u00e1psulas - BePet","robots":{"index":"index","follow":"follow","max-snippet":"max-snippet:-1","max-image-preview":"max-image-preview:large","max-video-preview":"max-video-preview:-1"},"canonical":"https:\/\/bepet.pet\/loja\/produto\/ograx-artro-20-30-capsulas\/","og_locale":"pt_BR","og_type":"article","og_title":"Ograx Artro 20 30 c\u00e1psulas - BePet","og_description":"Conhe\u00e7a o Ograx Artro 20, a solu\u00e7\u00e3o eficaz para o al\u00edvio das dores articulares. Com suas 30 c\u00e1psulas, este produto \u00e9 perfeito para quem busca uma vida mais confort\u00e1vel e livre de inc\u00f4modos. Desenvolvido com tecnologia avan\u00e7ada, o Ograx Artro 20 possui uma f\u00f3rmula exclusiva que combina ingredientes naturais com propriedades anti-inflamat\u00f3rias e analg\u00e9sicas. Essa combina\u00e7\u00e3o poderosa proporciona um al\u00edvio imediato das dores articulares, permitindo que voc\u00ea retome suas atividades di\u00e1rias com mais facilidade. As c\u00e1psulas do Ograx Artro 20 s\u00e3o f\u00e1ceis de serem ingeridas e possuem uma absor\u00e7\u00e3o r\u00e1pida pelo organismo, garantindo resultados efetivos em pouco tempo. Al\u00e9m disso, o produto n\u00e3o apresenta efeitos colaterais indesejados, o que o torna seguro para uso cont\u00ednuo. Se voc\u00ea sofre com dores articulares e busca uma solu\u00e7\u00e3o eficiente, o Ograx Artro 20 \u00e9 a escolha certa. Com ele, voc\u00ea poder\u00e1 desfrutar de uma vida mais ativa e sem limita\u00e7\u00f5es, podendo realizar suas atividades favoritas sem preocupa\u00e7\u00f5es. Aproveite agora mesmo para adquirir o Ograx Artro 20 em nosso e-commerce. Garantimos a qualidade do produto e a entrega r\u00e1pida em sua casa. N\u00e3o deixe que as dores articulares limitem sua qualidade de vida. Experimente o Ograx Artro 20 e sinta a diferen\u00e7a em seu&hellip; Read More","og_url":"https:\/\/bepet.pet\/loja\/produto\/ograx-artro-20-30-capsulas\/","og_site_name":"BePet","article_modified_time":"2026-01-19T19:19:22+00:00","twitter_card":"summary_large_image","twitter_misc":{"Est. tempo de leitura":"1 minuto"},"schema":{"@context":"https:\/\/schema.org","@graph":[{"@type":"WebPage","@id":"https:\/\/bepet.pet\/loja\/produto\/ograx-artro-20-30-capsulas\/","url":"https:\/\/bepet.pet\/loja\/produto\/ograx-artro-20-30-capsulas\/","name":"Ograx Artro 20 30 c\u00e1psulas - BePet","isPartOf":{"@id":"https:\/\/bepet.pet\/loja\/#website"},"primaryImageOfPage":{"@id":"https:\/\/bepet.pet\/loja\/produto\/ograx-artro-20-30-capsulas\/#primaryimage"},"image":{"@id":"https:\/\/bepet.pet\/loja\/produto\/ograx-artro-20-30-capsulas\/#primaryimage"},"thumbnailUrl":"https:\/\/bepet.pet\/loja\/wp-content\/uploads\/2024\/01\/p4a55f462-2c24-405a-a1b2-730df0bce225.png","datePublished":"2024-01-12T13:53:41+00:00","dateModified":"2026-01-19T19:19:22+00:00","breadcrumb":{"@id":"https:\/\/bepet.pet\/loja\/produto\/ograx-artro-20-30-capsulas\/#breadcrumb"},"inLanguage":"pt-BR","potentialAction":[{"@type":"ReadAction","target":["https:\/\/bepet.pet\/loja\/produto\/ograx-artro-20-30-capsulas\/"]}]},{"@type":"ImageObject","inLanguage":"pt-BR","@id":"https:\/\/bepet.pet\/loja\/produto\/ograx-artro-20-30-capsulas\/#primaryimage","url":"https:\/\/bepet.pet\/loja\/wp-content\/uploads\/2024\/01\/p4a55f462-2c24-405a-a1b2-730df0bce225.png","contentUrl":"https:\/\/bepet.pet\/loja\/wp-content\/uploads\/2024\/01\/p4a55f462-2c24-405a-a1b2-730df0bce225.png","width":800,"height":600},{"@type":"BreadcrumbList","@id":"https:\/\/bepet.pet\/loja\/produto\/ograx-artro-20-30-capsulas\/#breadcrumb","itemListElement":[{"@type":"ListItem","position":1,"name":"Home","item":"https:\/\/bepet.pet\/loja\/"},{"@type":"ListItem","position":2,"name":"Shop","item":"https:\/\/bepet.pet\/loja\/shop-2\/"},{"@type":"ListItem","position":3,"name":"Ograx Artro 20 30 c\u00e1psulas"}]},{"@type":"WebSite","@id":"https:\/\/bepet.pet\/loja\/#website","url":"https:\/\/bepet.pet\/loja\/","name":"BePet","description":"Nossa vida \u00e9 cuidar do seu pet","publisher":{"@id":"https:\/\/bepet.pet\/loja\/#organization"},"potentialAction":[{"@type":"SearchAction","target":{"@type":"EntryPoint","urlTemplate":"https:\/\/bepet.pet\/loja\/?s={search_term_string}"},"query-input":{"@type":"PropertyValueSpecification","valueRequired":true,"valueName":"search_term_string"}}],"inLanguage":"pt-BR"},{"@type":"Organization","@id":"https:\/\/bepet.pet\/loja\/#organization","name":"BePet","url":"https:\/\/bepet.pet\/loja\/","logo":{"@type":"ImageObject","inLanguage":"pt-BR","@id":"https:\/\/bepet.pet\/loja\/#\/schema\/logo\/image\/","url":"https:\/\/bepet.pet\/loja\/wp-content\/uploads\/2020\/10\/logo.jpg","contentUrl":"https:\/\/bepet.pet\/loja\/wp-content\/uploads\/2020\/10\/logo.jpg","width":100,"height":99,"caption":"BePet"},"image":{"@id":"https:\/\/bepet.pet\/loja\/#\/schema\/logo\/image\/"}}]}},"jetpack_sharing_enabled":true,"_links":{"self":[{"href":"https:\/\/bepet.pet\/loja\/wp-json\/wp\/v2\/product\/9612","targetHints":{"allow":["GET"]}}],"collection":[{"href":"https:\/\/bepet.pet\/loja\/wp-json\/wp\/v2\/product"}],"about":[{"href":"https:\/\/bepet.pet\/loja\/wp-json\/wp\/v2\/types\/product"}],"replies":[{"embeddable":true,"href":"https:\/\/bepet.pet\/loja\/wp-json\/wp\/v2\/comments?post=9612"}],"wp:featuredmedia":[{"embeddable":true,"href":"https:\/\/bepet.pet\/loja\/wp-json\/wp\/v2\/media\/9611"}],"wp:attachment":[{"href":"https:\/\/bepet.pet\/loja\/wp-json\/wp\/v2\/media?parent=9612"}],"wp:term":[{"taxonomy":"product_brand","embeddable":true,"href":"https:\/\/bepet.pet\/loja\/wp-json\/wp\/v2\/product_brand?post=9612"},{"taxonomy":"product_cat","embeddable":true,"href":"https:\/\/bepet.pet\/loja\/wp-json\/wp\/v2\/product_cat?post=9612"},{"taxonomy":"product_tag","embeddable":true,"href":"https:\/\/bepet.pet\/loja\/wp-json\/wp\/v2\/product_tag?post=9612"}],"curies":[{"name":"wp","href":"https:\/\/api.w.org\/{rel}","templated":true}]}}