{"id":9582,"date":"2024-01-11T18:50:46","date_gmt":"2024-01-11T21:50:46","guid":{"rendered":"https:\/\/bepet.pet\/loja\/produto\/shampoo-cloresten-antifungico-e-bacteriano-dr-clean-caes-e-gatos-200-ml\/"},"modified":"2025-12-10T16:48:45","modified_gmt":"2025-12-10T19:48:45","slug":"shampoo-cloresten-antifungico-e-bacteriano-dr-clean-caes-e-gatos-200-ml","status":"publish","type":"product","link":"https:\/\/bepet.pet\/loja\/produto\/shampoo-cloresten-antifungico-e-bacteriano-dr-clean-caes-e-gatos-200-ml\/","title":{"rendered":"Shampoo Cloresten Antif\u00fangico e Bacteriano Dr.Clean C\u00e3es e Gatos 200 ml"},"content":{"rendered":"<p>Conhe\u00e7a o Shampoo Cloresten Antif\u00fangico e Bacteriano Dr.Clean, a solu\u00e7\u00e3o ideal para cuidar da sa\u00fade e higiene do seu pet. Desenvolvido especialmente para c\u00e3es e gatos, este produto \u00e9 a escolha perfeita para combater fungos e bact\u00e9rias que podem afetar a pele dos animais.<\/p>\n<p>Com uma f\u00f3rmula exclusiva, o Shampoo Cloresten possui propriedades antif\u00fangicas e bactericidas, garantindo uma limpeza profunda e eficaz. Sua a\u00e7\u00e3o atua diretamente nos agentes causadores de doen\u00e7as de pele, proporcionando al\u00edvio imediato e prevenindo futuros problemas.<\/p>\n<p>Al\u00e9m disso, o Shampoo Cloresten conta com ingredientes suaves, que n\u00e3o irritam a pele do seu pet, tornando-o seguro para uso frequente. Seu pH balanceado mant\u00e9m o equil\u00edbrio natural da pele, evitando ressecamento e mantendo-a saud\u00e1vel e hidratada.<\/p>\n<p>Este produto \u00e9 f\u00e1cil de aplicar e enxaguar, tornando o banho do seu animal de estima\u00e7\u00e3o uma tarefa r\u00e1pida e pr\u00e1tica. Basta molhar o pelo do seu pet, aplicar o Shampoo Cloresten massageando suavemente e enxaguar abundantemente. Voc\u00ea notar\u00e1 a diferen\u00e7a logo na primeira lavagem.<\/p>\n<p>O Shampoo Cloresten Antif\u00fangico e Bacteriano Dr.Clean est\u00e1 dispon\u00edvel em embalagem de 200 ml, perfeita para uso dom\u00e9stico. Adquira j\u00e1 o seu e proporcione ao seu pet uma pelagem bonita, saud\u00e1vel e livre de problemas de pele.<\/p>\n<p>N\u00e3o deixe que fungos e bact\u00e9rias prejudiquem a sa\u00fade do seu animal de estima\u00e7\u00e3o. Conte com o Shampoo Cloresten Antif\u00fangico e Bacteriano Dr.Clean para cuidar e proteger seu pet. Garanta j\u00e1 o seu e proporcione o melhor para o seu companheiro de quatro patas.<\/p>\n","protected":false},"excerpt":{"rendered":"<p>Conhe\u00e7a o Shampoo Cloresten Antif\u00fangico e Bacteriano Dr.Clean, a solu\u00e7\u00e3o ideal para cuidar da sa\u00fade e higiene do seu pet. Desenvolvido especialmente para c\u00e3es e gatos, este produto \u00e9 a escolha perfeita para combater fungos e bact\u00e9rias que podem afetar a pele dos animais. Com uma f\u00f3rmula exclusiva, o Shampoo Cloresten possui propriedades antif\u00fangicas e bactericidas, garantindo uma limpeza profunda e eficaz. Sua a\u00e7\u00e3o atua diretamente nos agentes causadores de doen\u00e7as de pele, proporcionando al\u00edvio imediato e prevenindo futuros problemas. Al\u00e9m disso, o Shampoo Cloresten conta com ingredientes suaves, que n\u00e3o irritam a pele do seu pet, tornando-o seguro para uso frequente. Seu pH balanceado mant\u00e9m o equil\u00edbrio natural da pele, evitando ressecamento e mantendo-a saud\u00e1vel e hidratada. Este produto \u00e9 f\u00e1cil de aplicar e enxaguar, tornando o banho do seu animal de estima\u00e7\u00e3o uma tarefa r\u00e1pida e pr\u00e1tica. Basta molhar o pelo do seu pet, aplicar o Shampoo Cloresten massageando suavemente e enxaguar abundantemente. Voc\u00ea notar\u00e1 a diferen\u00e7a logo na primeira lavagem. O Shampoo Cloresten Antif\u00fangico e Bacteriano Dr.Clean est\u00e1 dispon\u00edvel em embalagem de 200 ml, perfeita para uso dom\u00e9stico. Adquira j\u00e1 o seu e proporcione ao seu pet uma pelagem bonita, saud\u00e1vel e livre de problemas de pele.&hellip; <a class=\"read-more-link\" href=\"https:\/\/bepet.pet\/loja\/produto\/shampoo-cloresten-antifungico-e-bacteriano-dr-clean-caes-e-gatos-200-ml\/\">Read More<\/a><\/p>\n","protected":false},"featured_media":10067,"comment_status":"open","ping_status":"closed","template":"","meta":{"_kadence_starter_templates_imported_post":false},"product_brand":[],"product_cat":[122,142,143],"product_tag":[],"class_list":{"0":"post-9582","1":"product","2":"type-product","3":"status-publish","4":"has-post-thumbnail","6":"product_cat-higiene-e-limpeza","7":"product_cat-shampoo","8":"product_cat-shampoo-medicamentoso","11":"first","12":"instock","13":"shipping-taxable","14":"purchasable","15":"product-type-simple"},"yoast_head":"<!-- This site is optimized with the Yoast SEO plugin v25.5 - https:\/\/yoast.com\/wordpress\/plugins\/seo\/ -->\n<title>Shampoo Cloresten Antif\u00fangico e Bacteriano Dr.Clean C\u00e3es e Gatos 200 ml - BePet<\/title>\n<meta name=\"robots\" content=\"index, follow, max-snippet:-1, max-image-preview:large, max-video-preview:-1\" \/>\n<link rel=\"canonical\" href=\"https:\/\/bepet.pet\/loja\/produto\/shampoo-cloresten-antifungico-e-bacteriano-dr-clean-caes-e-gatos-200-ml\/\" \/>\n<meta property=\"og:locale\" content=\"pt_BR\" \/>\n<meta property=\"og:type\" content=\"article\" \/>\n<meta property=\"og:title\" content=\"Shampoo Cloresten Antif\u00fangico e Bacteriano Dr.Clean C\u00e3es e Gatos 200 ml - BePet\" \/>\n<meta property=\"og:description\" content=\"Conhe\u00e7a o Shampoo Cloresten Antif\u00fangico e Bacteriano Dr.Clean, a solu\u00e7\u00e3o ideal para cuidar da sa\u00fade e higiene do seu pet. Desenvolvido especialmente para c\u00e3es e gatos, este produto \u00e9 a escolha perfeita para combater fungos e bact\u00e9rias que podem afetar a pele dos animais. Com uma f\u00f3rmula exclusiva, o Shampoo Cloresten possui propriedades antif\u00fangicas e bactericidas, garantindo uma limpeza profunda e eficaz. Sua a\u00e7\u00e3o atua diretamente nos agentes causadores de doen\u00e7as de pele, proporcionando al\u00edvio imediato e prevenindo futuros problemas. Al\u00e9m disso, o Shampoo Cloresten conta com ingredientes suaves, que n\u00e3o irritam a pele do seu pet, tornando-o seguro para uso frequente. Seu pH balanceado mant\u00e9m o equil\u00edbrio natural da pele, evitando ressecamento e mantendo-a saud\u00e1vel e hidratada. Este produto \u00e9 f\u00e1cil de aplicar e enxaguar, tornando o banho do seu animal de estima\u00e7\u00e3o uma tarefa r\u00e1pida e pr\u00e1tica. Basta molhar o pelo do seu pet, aplicar o Shampoo Cloresten massageando suavemente e enxaguar abundantemente. Voc\u00ea notar\u00e1 a diferen\u00e7a logo na primeira lavagem. O Shampoo Cloresten Antif\u00fangico e Bacteriano Dr.Clean est\u00e1 dispon\u00edvel em embalagem de 200 ml, perfeita para uso dom\u00e9stico. Adquira j\u00e1 o seu e proporcione ao seu pet uma pelagem bonita, saud\u00e1vel e livre de problemas de pele.&hellip; Read More\" \/>\n<meta property=\"og:url\" content=\"https:\/\/bepet.pet\/loja\/produto\/shampoo-cloresten-antifungico-e-bacteriano-dr-clean-caes-e-gatos-200-ml\/\" \/>\n<meta property=\"og:site_name\" content=\"BePet\" \/>\n<meta property=\"article:modified_time\" content=\"2025-12-10T19:48:45+00:00\" \/>\n<meta property=\"og:image\" content=\"https:\/\/bepet.pet\/loja\/wp-content\/uploads\/2024\/01\/p1531315d-cec8-4260-9a59-de67b3a92374.png\" \/>\n\t<meta property=\"og:image:width\" content=\"800\" \/>\n\t<meta property=\"og:image:height\" content=\"800\" \/>\n\t<meta property=\"og:image:type\" content=\"image\/png\" \/>\n<meta name=\"twitter:card\" content=\"summary_large_image\" \/>\n<meta name=\"twitter:label1\" content=\"Est. tempo de leitura\" \/>\n\t<meta name=\"twitter:data1\" content=\"1 minuto\" \/>\n<script type=\"application\/ld+json\" class=\"yoast-schema-graph\">{\"@context\":\"https:\/\/schema.org\",\"@graph\":[{\"@type\":\"WebPage\",\"@id\":\"https:\/\/bepet.pet\/loja\/produto\/shampoo-cloresten-antifungico-e-bacteriano-dr-clean-caes-e-gatos-200-ml\/\",\"url\":\"https:\/\/bepet.pet\/loja\/produto\/shampoo-cloresten-antifungico-e-bacteriano-dr-clean-caes-e-gatos-200-ml\/\",\"name\":\"Shampoo Cloresten Antif\u00fangico e Bacteriano Dr.Clean C\u00e3es e Gatos 200 ml - BePet\",\"isPartOf\":{\"@id\":\"https:\/\/bepet.pet\/loja\/#website\"},\"primaryImageOfPage\":{\"@id\":\"https:\/\/bepet.pet\/loja\/produto\/shampoo-cloresten-antifungico-e-bacteriano-dr-clean-caes-e-gatos-200-ml\/#primaryimage\"},\"image\":{\"@id\":\"https:\/\/bepet.pet\/loja\/produto\/shampoo-cloresten-antifungico-e-bacteriano-dr-clean-caes-e-gatos-200-ml\/#primaryimage\"},\"thumbnailUrl\":\"https:\/\/bepet.pet\/loja\/wp-content\/uploads\/2024\/01\/p1531315d-cec8-4260-9a59-de67b3a92374.png\",\"datePublished\":\"2024-01-11T21:50:46+00:00\",\"dateModified\":\"2025-12-10T19:48:45+00:00\",\"breadcrumb\":{\"@id\":\"https:\/\/bepet.pet\/loja\/produto\/shampoo-cloresten-antifungico-e-bacteriano-dr-clean-caes-e-gatos-200-ml\/#breadcrumb\"},\"inLanguage\":\"pt-BR\",\"potentialAction\":[{\"@type\":\"ReadAction\",\"target\":[\"https:\/\/bepet.pet\/loja\/produto\/shampoo-cloresten-antifungico-e-bacteriano-dr-clean-caes-e-gatos-200-ml\/\"]}]},{\"@type\":\"ImageObject\",\"inLanguage\":\"pt-BR\",\"@id\":\"https:\/\/bepet.pet\/loja\/produto\/shampoo-cloresten-antifungico-e-bacteriano-dr-clean-caes-e-gatos-200-ml\/#primaryimage\",\"url\":\"https:\/\/bepet.pet\/loja\/wp-content\/uploads\/2024\/01\/p1531315d-cec8-4260-9a59-de67b3a92374.png\",\"contentUrl\":\"https:\/\/bepet.pet\/loja\/wp-content\/uploads\/2024\/01\/p1531315d-cec8-4260-9a59-de67b3a92374.png\",\"width\":800,\"height\":800},{\"@type\":\"BreadcrumbList\",\"@id\":\"https:\/\/bepet.pet\/loja\/produto\/shampoo-cloresten-antifungico-e-bacteriano-dr-clean-caes-e-gatos-200-ml\/#breadcrumb\",\"itemListElement\":[{\"@type\":\"ListItem\",\"position\":1,\"name\":\"Home\",\"item\":\"https:\/\/bepet.pet\/loja\/\"},{\"@type\":\"ListItem\",\"position\":2,\"name\":\"Shop\",\"item\":\"https:\/\/bepet.pet\/loja\/shop-2\/\"},{\"@type\":\"ListItem\",\"position\":3,\"name\":\"Shampoo Cloresten Antif\u00fangico e Bacteriano Dr.Clean C\u00e3es e Gatos 200 ml\"}]},{\"@type\":\"WebSite\",\"@id\":\"https:\/\/bepet.pet\/loja\/#website\",\"url\":\"https:\/\/bepet.pet\/loja\/\",\"name\":\"BePet\",\"description\":\"Nossa vida \u00e9 cuidar do seu pet\",\"publisher\":{\"@id\":\"https:\/\/bepet.pet\/loja\/#organization\"},\"potentialAction\":[{\"@type\":\"SearchAction\",\"target\":{\"@type\":\"EntryPoint\",\"urlTemplate\":\"https:\/\/bepet.pet\/loja\/?s={search_term_string}\"},\"query-input\":{\"@type\":\"PropertyValueSpecification\",\"valueRequired\":true,\"valueName\":\"search_term_string\"}}],\"inLanguage\":\"pt-BR\"},{\"@type\":\"Organization\",\"@id\":\"https:\/\/bepet.pet\/loja\/#organization\",\"name\":\"BePet\",\"url\":\"https:\/\/bepet.pet\/loja\/\",\"logo\":{\"@type\":\"ImageObject\",\"inLanguage\":\"pt-BR\",\"@id\":\"https:\/\/bepet.pet\/loja\/#\/schema\/logo\/image\/\",\"url\":\"https:\/\/bepet.pet\/loja\/wp-content\/uploads\/2020\/10\/logo.jpg\",\"contentUrl\":\"https:\/\/bepet.pet\/loja\/wp-content\/uploads\/2020\/10\/logo.jpg\",\"width\":100,\"height\":99,\"caption\":\"BePet\"},\"image\":{\"@id\":\"https:\/\/bepet.pet\/loja\/#\/schema\/logo\/image\/\"}}]}<\/script>\n<!-- \/ Yoast SEO plugin. -->","yoast_head_json":{"title":"Shampoo Cloresten Antif\u00fangico e Bacteriano Dr.Clean C\u00e3es e Gatos 200 ml - BePet","robots":{"index":"index","follow":"follow","max-snippet":"max-snippet:-1","max-image-preview":"max-image-preview:large","max-video-preview":"max-video-preview:-1"},"canonical":"https:\/\/bepet.pet\/loja\/produto\/shampoo-cloresten-antifungico-e-bacteriano-dr-clean-caes-e-gatos-200-ml\/","og_locale":"pt_BR","og_type":"article","og_title":"Shampoo Cloresten Antif\u00fangico e Bacteriano Dr.Clean C\u00e3es e Gatos 200 ml - BePet","og_description":"Conhe\u00e7a o Shampoo Cloresten Antif\u00fangico e Bacteriano Dr.Clean, a solu\u00e7\u00e3o ideal para cuidar da sa\u00fade e higiene do seu pet. Desenvolvido especialmente para c\u00e3es e gatos, este produto \u00e9 a escolha perfeita para combater fungos e bact\u00e9rias que podem afetar a pele dos animais. Com uma f\u00f3rmula exclusiva, o Shampoo Cloresten possui propriedades antif\u00fangicas e bactericidas, garantindo uma limpeza profunda e eficaz. Sua a\u00e7\u00e3o atua diretamente nos agentes causadores de doen\u00e7as de pele, proporcionando al\u00edvio imediato e prevenindo futuros problemas. Al\u00e9m disso, o Shampoo Cloresten conta com ingredientes suaves, que n\u00e3o irritam a pele do seu pet, tornando-o seguro para uso frequente. Seu pH balanceado mant\u00e9m o equil\u00edbrio natural da pele, evitando ressecamento e mantendo-a saud\u00e1vel e hidratada. Este produto \u00e9 f\u00e1cil de aplicar e enxaguar, tornando o banho do seu animal de estima\u00e7\u00e3o uma tarefa r\u00e1pida e pr\u00e1tica. Basta molhar o pelo do seu pet, aplicar o Shampoo Cloresten massageando suavemente e enxaguar abundantemente. Voc\u00ea notar\u00e1 a diferen\u00e7a logo na primeira lavagem. O Shampoo Cloresten Antif\u00fangico e Bacteriano Dr.Clean est\u00e1 dispon\u00edvel em embalagem de 200 ml, perfeita para uso dom\u00e9stico. Adquira j\u00e1 o seu e proporcione ao seu pet uma pelagem bonita, saud\u00e1vel e livre de problemas de pele.&hellip; Read More","og_url":"https:\/\/bepet.pet\/loja\/produto\/shampoo-cloresten-antifungico-e-bacteriano-dr-clean-caes-e-gatos-200-ml\/","og_site_name":"BePet","article_modified_time":"2025-12-10T19:48:45+00:00","og_image":[{"width":800,"height":800,"url":"https:\/\/bepet.pet\/loja\/wp-content\/uploads\/2024\/01\/p1531315d-cec8-4260-9a59-de67b3a92374.png","type":"image\/png"}],"twitter_card":"summary_large_image","twitter_misc":{"Est. tempo de leitura":"1 minuto"},"schema":{"@context":"https:\/\/schema.org","@graph":[{"@type":"WebPage","@id":"https:\/\/bepet.pet\/loja\/produto\/shampoo-cloresten-antifungico-e-bacteriano-dr-clean-caes-e-gatos-200-ml\/","url":"https:\/\/bepet.pet\/loja\/produto\/shampoo-cloresten-antifungico-e-bacteriano-dr-clean-caes-e-gatos-200-ml\/","name":"Shampoo Cloresten Antif\u00fangico e Bacteriano Dr.Clean C\u00e3es e Gatos 200 ml - BePet","isPartOf":{"@id":"https:\/\/bepet.pet\/loja\/#website"},"primaryImageOfPage":{"@id":"https:\/\/bepet.pet\/loja\/produto\/shampoo-cloresten-antifungico-e-bacteriano-dr-clean-caes-e-gatos-200-ml\/#primaryimage"},"image":{"@id":"https:\/\/bepet.pet\/loja\/produto\/shampoo-cloresten-antifungico-e-bacteriano-dr-clean-caes-e-gatos-200-ml\/#primaryimage"},"thumbnailUrl":"https:\/\/bepet.pet\/loja\/wp-content\/uploads\/2024\/01\/p1531315d-cec8-4260-9a59-de67b3a92374.png","datePublished":"2024-01-11T21:50:46+00:00","dateModified":"2025-12-10T19:48:45+00:00","breadcrumb":{"@id":"https:\/\/bepet.pet\/loja\/produto\/shampoo-cloresten-antifungico-e-bacteriano-dr-clean-caes-e-gatos-200-ml\/#breadcrumb"},"inLanguage":"pt-BR","potentialAction":[{"@type":"ReadAction","target":["https:\/\/bepet.pet\/loja\/produto\/shampoo-cloresten-antifungico-e-bacteriano-dr-clean-caes-e-gatos-200-ml\/"]}]},{"@type":"ImageObject","inLanguage":"pt-BR","@id":"https:\/\/bepet.pet\/loja\/produto\/shampoo-cloresten-antifungico-e-bacteriano-dr-clean-caes-e-gatos-200-ml\/#primaryimage","url":"https:\/\/bepet.pet\/loja\/wp-content\/uploads\/2024\/01\/p1531315d-cec8-4260-9a59-de67b3a92374.png","contentUrl":"https:\/\/bepet.pet\/loja\/wp-content\/uploads\/2024\/01\/p1531315d-cec8-4260-9a59-de67b3a92374.png","width":800,"height":800},{"@type":"BreadcrumbList","@id":"https:\/\/bepet.pet\/loja\/produto\/shampoo-cloresten-antifungico-e-bacteriano-dr-clean-caes-e-gatos-200-ml\/#breadcrumb","itemListElement":[{"@type":"ListItem","position":1,"name":"Home","item":"https:\/\/bepet.pet\/loja\/"},{"@type":"ListItem","position":2,"name":"Shop","item":"https:\/\/bepet.pet\/loja\/shop-2\/"},{"@type":"ListItem","position":3,"name":"Shampoo Cloresten Antif\u00fangico e Bacteriano Dr.Clean C\u00e3es e Gatos 200 ml"}]},{"@type":"WebSite","@id":"https:\/\/bepet.pet\/loja\/#website","url":"https:\/\/bepet.pet\/loja\/","name":"BePet","description":"Nossa vida \u00e9 cuidar do seu pet","publisher":{"@id":"https:\/\/bepet.pet\/loja\/#organization"},"potentialAction":[{"@type":"SearchAction","target":{"@type":"EntryPoint","urlTemplate":"https:\/\/bepet.pet\/loja\/?s={search_term_string}"},"query-input":{"@type":"PropertyValueSpecification","valueRequired":true,"valueName":"search_term_string"}}],"inLanguage":"pt-BR"},{"@type":"Organization","@id":"https:\/\/bepet.pet\/loja\/#organization","name":"BePet","url":"https:\/\/bepet.pet\/loja\/","logo":{"@type":"ImageObject","inLanguage":"pt-BR","@id":"https:\/\/bepet.pet\/loja\/#\/schema\/logo\/image\/","url":"https:\/\/bepet.pet\/loja\/wp-content\/uploads\/2020\/10\/logo.jpg","contentUrl":"https:\/\/bepet.pet\/loja\/wp-content\/uploads\/2020\/10\/logo.jpg","width":100,"height":99,"caption":"BePet"},"image":{"@id":"https:\/\/bepet.pet\/loja\/#\/schema\/logo\/image\/"}}]}},"jetpack_sharing_enabled":true,"_links":{"self":[{"href":"https:\/\/bepet.pet\/loja\/wp-json\/wp\/v2\/product\/9582","targetHints":{"allow":["GET"]}}],"collection":[{"href":"https:\/\/bepet.pet\/loja\/wp-json\/wp\/v2\/product"}],"about":[{"href":"https:\/\/bepet.pet\/loja\/wp-json\/wp\/v2\/types\/product"}],"replies":[{"embeddable":true,"href":"https:\/\/bepet.pet\/loja\/wp-json\/wp\/v2\/comments?post=9582"}],"wp:featuredmedia":[{"embeddable":true,"href":"https:\/\/bepet.pet\/loja\/wp-json\/wp\/v2\/media\/10067"}],"wp:attachment":[{"href":"https:\/\/bepet.pet\/loja\/wp-json\/wp\/v2\/media?parent=9582"}],"wp:term":[{"taxonomy":"product_brand","embeddable":true,"href":"https:\/\/bepet.pet\/loja\/wp-json\/wp\/v2\/product_brand?post=9582"},{"taxonomy":"product_cat","embeddable":true,"href":"https:\/\/bepet.pet\/loja\/wp-json\/wp\/v2\/product_cat?post=9582"},{"taxonomy":"product_tag","embeddable":true,"href":"https:\/\/bepet.pet\/loja\/wp-json\/wp\/v2\/product_tag?post=9582"}],"curies":[{"name":"wp","href":"https:\/\/api.w.org\/{rel}","templated":true}]}}