{"id":9577,"date":"2024-01-11T18:47:04","date_gmt":"2024-01-11T21:47:04","guid":{"rendered":"https:\/\/bepet.pet\/loja\/produto\/antibiotico-agemoxi-cl-250-mg-caes-e-gatos-10-comprimidos\/"},"modified":"2026-03-10T16:06:56","modified_gmt":"2026-03-10T19:06:56","slug":"antibiotico-agemoxi-cl-250-mg-caes-e-gatos-10-comprimidos","status":"publish","type":"product","link":"https:\/\/bepet.pet\/loja\/produto\/antibiotico-agemoxi-cl-250-mg-caes-e-gatos-10-comprimidos\/","title":{"rendered":"Antibi\u00f3tico Agemoxi CL 250 mg C\u00e3es e Gatos 10 comprimidos"},"content":{"rendered":"<p>Conhe\u00e7a o mais novo lan\u00e7amento da nossa linha de produtos para pets: o Antibi\u00f3tico Agemoxi CL 250 mg C\u00e3es e Gatos, dispon\u00edvel em embalagens com 10 comprimidos. <\/p>\n<p>Desenvolvido especialmente para atender \u00e0s necessidades de sa\u00fade dos seus animais de estima\u00e7\u00e3o, o Agemoxi CL \u00e9 um antibi\u00f3tico de alta qualidade e efic\u00e1cia comprovada. <\/p>\n<p>Com sua f\u00f3rmula exclusiva, o Agemoxi CL age diretamente no combate \u00e0s infec\u00e7\u00f5es bacterianas que podem acometer c\u00e3es e gatos, proporcionando um tratamento r\u00e1pido e eficiente. <\/p>\n<p>Al\u00e9m disso, o Agemoxi CL \u00e9 extremamente seguro, sendo indicado para animais de todas as idades e portes. Seu uso \u00e9 simples e pr\u00e1tico, garantindo a comodidade tanto para os pets quanto para os seus tutores. <\/p>\n<p>Ao adquirir o Antibi\u00f3tico Agemoxi CL 250 mg C\u00e3es e Gatos, voc\u00ea estar\u00e1 investindo na sa\u00fade e bem-estar do seu animal de estima\u00e7\u00e3o. Com apenas 10 comprimidos, voc\u00ea ter\u00e1 um tratamento completo, sem a necessidade de compras frequentes. <\/p>\n<p>Garanta agora mesmo o Agemoxi CL para o seu pet e proporcione a ele uma vida saud\u00e1vel e livre de infec\u00e7\u00f5es bacterianas. Aproveite nossas condi\u00e7\u00f5es especiais de lan\u00e7amento e adquira o Antibi\u00f3tico Agemoxi CL 250 mg C\u00e3es e Gatos com desconto exclusivo em nosso website e_Commerce. N\u00e3o perca essa oportunidade!<\/p>\n","protected":false},"excerpt":{"rendered":"<p>Conhe\u00e7a o mais novo lan\u00e7amento da nossa linha de produtos para pets: o Antibi\u00f3tico Agemoxi CL 250 mg C\u00e3es e Gatos, dispon\u00edvel em embalagens com 10 comprimidos. Desenvolvido especialmente para atender \u00e0s necessidades de sa\u00fade dos seus animais de estima\u00e7\u00e3o, o Agemoxi CL \u00e9 um antibi\u00f3tico de alta qualidade e efic\u00e1cia comprovada. Com sua f\u00f3rmula exclusiva, o Agemoxi CL age diretamente no combate \u00e0s infec\u00e7\u00f5es bacterianas que podem acometer c\u00e3es e gatos, proporcionando um tratamento r\u00e1pido e eficiente. Al\u00e9m disso, o Agemoxi CL \u00e9 extremamente seguro, sendo indicado para animais de todas as idades e portes. Seu uso \u00e9 simples e pr\u00e1tico, garantindo a comodidade tanto para os pets quanto para os seus tutores. Ao adquirir o Antibi\u00f3tico Agemoxi CL 250 mg C\u00e3es e Gatos, voc\u00ea estar\u00e1 investindo na sa\u00fade e bem-estar do seu animal de estima\u00e7\u00e3o. Com apenas 10 comprimidos, voc\u00ea ter\u00e1 um tratamento completo, sem a necessidade de compras frequentes. Garanta agora mesmo o Agemoxi CL para o seu pet e proporcione a ele uma vida saud\u00e1vel e livre de infec\u00e7\u00f5es bacterianas. Aproveite nossas condi\u00e7\u00f5es especiais de lan\u00e7amento e adquira o Antibi\u00f3tico Agemoxi CL 250 mg C\u00e3es e Gatos com desconto exclusivo em nosso website e_Commerce. N\u00e3o perca&hellip; <a class=\"read-more-link\" href=\"https:\/\/bepet.pet\/loja\/produto\/antibiotico-agemoxi-cl-250-mg-caes-e-gatos-10-comprimidos\/\">Read More<\/a><\/p>\n","protected":false},"featured_media":9580,"comment_status":"open","ping_status":"closed","template":"","meta":{"_kadence_starter_templates_imported_post":false},"product_brand":[],"product_cat":[147,120],"product_tag":[],"class_list":{"0":"post-9577","1":"product","2":"type-product","3":"status-publish","4":"has-post-thumbnail","6":"product_cat-antibioticos","7":"product_cat-medicamentos","10":"first","11":"instock","12":"shipping-taxable","13":"purchasable","14":"product-type-simple"},"yoast_head":"<!-- This site is optimized with the Yoast SEO plugin v25.5 - https:\/\/yoast.com\/wordpress\/plugins\/seo\/ -->\n<title>Antibi\u00f3tico Agemoxi CL 250 mg C\u00e3es e Gatos 10 comprimidos - BePet<\/title>\n<meta name=\"robots\" content=\"index, follow, max-snippet:-1, max-image-preview:large, max-video-preview:-1\" \/>\n<link rel=\"canonical\" href=\"https:\/\/bepet.pet\/loja\/produto\/antibiotico-agemoxi-cl-250-mg-caes-e-gatos-10-comprimidos\/\" \/>\n<meta property=\"og:locale\" content=\"pt_BR\" \/>\n<meta property=\"og:type\" content=\"article\" \/>\n<meta property=\"og:title\" content=\"Antibi\u00f3tico Agemoxi CL 250 mg C\u00e3es e Gatos 10 comprimidos - BePet\" \/>\n<meta property=\"og:description\" content=\"Conhe\u00e7a o mais novo lan\u00e7amento da nossa linha de produtos para pets: o Antibi\u00f3tico Agemoxi CL 250 mg C\u00e3es e Gatos, dispon\u00edvel em embalagens com 10 comprimidos. Desenvolvido especialmente para atender \u00e0s necessidades de sa\u00fade dos seus animais de estima\u00e7\u00e3o, o Agemoxi CL \u00e9 um antibi\u00f3tico de alta qualidade e efic\u00e1cia comprovada. Com sua f\u00f3rmula exclusiva, o Agemoxi CL age diretamente no combate \u00e0s infec\u00e7\u00f5es bacterianas que podem acometer c\u00e3es e gatos, proporcionando um tratamento r\u00e1pido e eficiente. Al\u00e9m disso, o Agemoxi CL \u00e9 extremamente seguro, sendo indicado para animais de todas as idades e portes. Seu uso \u00e9 simples e pr\u00e1tico, garantindo a comodidade tanto para os pets quanto para os seus tutores. Ao adquirir o Antibi\u00f3tico Agemoxi CL 250 mg C\u00e3es e Gatos, voc\u00ea estar\u00e1 investindo na sa\u00fade e bem-estar do seu animal de estima\u00e7\u00e3o. Com apenas 10 comprimidos, voc\u00ea ter\u00e1 um tratamento completo, sem a necessidade de compras frequentes. Garanta agora mesmo o Agemoxi CL para o seu pet e proporcione a ele uma vida saud\u00e1vel e livre de infec\u00e7\u00f5es bacterianas. Aproveite nossas condi\u00e7\u00f5es especiais de lan\u00e7amento e adquira o Antibi\u00f3tico Agemoxi CL 250 mg C\u00e3es e Gatos com desconto exclusivo em nosso website e_Commerce. N\u00e3o perca&hellip; Read More\" \/>\n<meta property=\"og:url\" content=\"https:\/\/bepet.pet\/loja\/produto\/antibiotico-agemoxi-cl-250-mg-caes-e-gatos-10-comprimidos\/\" \/>\n<meta property=\"og:site_name\" content=\"BePet\" \/>\n<meta property=\"article:modified_time\" content=\"2026-03-10T19:06:56+00:00\" \/>\n<meta property=\"og:image\" content=\"https:\/\/bepet.pet\/loja\/wp-content\/uploads\/2024\/01\/Design-sem-nome-2024-04-04T104650.936.png\" \/>\n\t<meta property=\"og:image:width\" content=\"600\" \/>\n\t<meta property=\"og:image:height\" content=\"400\" \/>\n\t<meta property=\"og:image:type\" content=\"image\/png\" \/>\n<meta name=\"twitter:card\" content=\"summary_large_image\" \/>\n<meta name=\"twitter:label1\" content=\"Est. tempo de leitura\" \/>\n\t<meta name=\"twitter:data1\" content=\"2 minutos\" \/>\n<script type=\"application\/ld+json\" class=\"yoast-schema-graph\">{\"@context\":\"https:\/\/schema.org\",\"@graph\":[{\"@type\":\"WebPage\",\"@id\":\"https:\/\/bepet.pet\/loja\/produto\/antibiotico-agemoxi-cl-250-mg-caes-e-gatos-10-comprimidos\/\",\"url\":\"https:\/\/bepet.pet\/loja\/produto\/antibiotico-agemoxi-cl-250-mg-caes-e-gatos-10-comprimidos\/\",\"name\":\"Antibi\u00f3tico Agemoxi CL 250 mg C\u00e3es e Gatos 10 comprimidos - BePet\",\"isPartOf\":{\"@id\":\"https:\/\/bepet.pet\/loja\/#website\"},\"primaryImageOfPage\":{\"@id\":\"https:\/\/bepet.pet\/loja\/produto\/antibiotico-agemoxi-cl-250-mg-caes-e-gatos-10-comprimidos\/#primaryimage\"},\"image\":{\"@id\":\"https:\/\/bepet.pet\/loja\/produto\/antibiotico-agemoxi-cl-250-mg-caes-e-gatos-10-comprimidos\/#primaryimage\"},\"thumbnailUrl\":\"https:\/\/bepet.pet\/loja\/wp-content\/uploads\/2024\/01\/pb2aac7d0-ab1a-459f-ba4c-988cc63741a7.png\",\"datePublished\":\"2024-01-11T21:47:04+00:00\",\"dateModified\":\"2026-03-10T19:06:56+00:00\",\"breadcrumb\":{\"@id\":\"https:\/\/bepet.pet\/loja\/produto\/antibiotico-agemoxi-cl-250-mg-caes-e-gatos-10-comprimidos\/#breadcrumb\"},\"inLanguage\":\"pt-BR\",\"potentialAction\":[{\"@type\":\"ReadAction\",\"target\":[\"https:\/\/bepet.pet\/loja\/produto\/antibiotico-agemoxi-cl-250-mg-caes-e-gatos-10-comprimidos\/\"]}]},{\"@type\":\"ImageObject\",\"inLanguage\":\"pt-BR\",\"@id\":\"https:\/\/bepet.pet\/loja\/produto\/antibiotico-agemoxi-cl-250-mg-caes-e-gatos-10-comprimidos\/#primaryimage\",\"url\":\"https:\/\/bepet.pet\/loja\/wp-content\/uploads\/2024\/01\/pb2aac7d0-ab1a-459f-ba4c-988cc63741a7.png\",\"contentUrl\":\"https:\/\/bepet.pet\/loja\/wp-content\/uploads\/2024\/01\/pb2aac7d0-ab1a-459f-ba4c-988cc63741a7.png\",\"width\":383,\"height\":382},{\"@type\":\"BreadcrumbList\",\"@id\":\"https:\/\/bepet.pet\/loja\/produto\/antibiotico-agemoxi-cl-250-mg-caes-e-gatos-10-comprimidos\/#breadcrumb\",\"itemListElement\":[{\"@type\":\"ListItem\",\"position\":1,\"name\":\"Home\",\"item\":\"https:\/\/bepet.pet\/loja\/\"},{\"@type\":\"ListItem\",\"position\":2,\"name\":\"Shop\",\"item\":\"https:\/\/bepet.pet\/loja\/shop-2\/\"},{\"@type\":\"ListItem\",\"position\":3,\"name\":\"Antibi\u00f3tico Agemoxi CL 250 mg C\u00e3es e Gatos 10 comprimidos\"}]},{\"@type\":\"WebSite\",\"@id\":\"https:\/\/bepet.pet\/loja\/#website\",\"url\":\"https:\/\/bepet.pet\/loja\/\",\"name\":\"BePet\",\"description\":\"Nossa vida \u00e9 cuidar do seu pet\",\"publisher\":{\"@id\":\"https:\/\/bepet.pet\/loja\/#organization\"},\"potentialAction\":[{\"@type\":\"SearchAction\",\"target\":{\"@type\":\"EntryPoint\",\"urlTemplate\":\"https:\/\/bepet.pet\/loja\/?s={search_term_string}\"},\"query-input\":{\"@type\":\"PropertyValueSpecification\",\"valueRequired\":true,\"valueName\":\"search_term_string\"}}],\"inLanguage\":\"pt-BR\"},{\"@type\":\"Organization\",\"@id\":\"https:\/\/bepet.pet\/loja\/#organization\",\"name\":\"BePet\",\"url\":\"https:\/\/bepet.pet\/loja\/\",\"logo\":{\"@type\":\"ImageObject\",\"inLanguage\":\"pt-BR\",\"@id\":\"https:\/\/bepet.pet\/loja\/#\/schema\/logo\/image\/\",\"url\":\"https:\/\/bepet.pet\/loja\/wp-content\/uploads\/2020\/10\/logo.jpg\",\"contentUrl\":\"https:\/\/bepet.pet\/loja\/wp-content\/uploads\/2020\/10\/logo.jpg\",\"width\":100,\"height\":99,\"caption\":\"BePet\"},\"image\":{\"@id\":\"https:\/\/bepet.pet\/loja\/#\/schema\/logo\/image\/\"}}]}<\/script>\n<!-- \/ Yoast SEO plugin. -->","yoast_head_json":{"title":"Antibi\u00f3tico Agemoxi CL 250 mg C\u00e3es e Gatos 10 comprimidos - BePet","robots":{"index":"index","follow":"follow","max-snippet":"max-snippet:-1","max-image-preview":"max-image-preview:large","max-video-preview":"max-video-preview:-1"},"canonical":"https:\/\/bepet.pet\/loja\/produto\/antibiotico-agemoxi-cl-250-mg-caes-e-gatos-10-comprimidos\/","og_locale":"pt_BR","og_type":"article","og_title":"Antibi\u00f3tico Agemoxi CL 250 mg C\u00e3es e Gatos 10 comprimidos - BePet","og_description":"Conhe\u00e7a o mais novo lan\u00e7amento da nossa linha de produtos para pets: o Antibi\u00f3tico Agemoxi CL 250 mg C\u00e3es e Gatos, dispon\u00edvel em embalagens com 10 comprimidos. Desenvolvido especialmente para atender \u00e0s necessidades de sa\u00fade dos seus animais de estima\u00e7\u00e3o, o Agemoxi CL \u00e9 um antibi\u00f3tico de alta qualidade e efic\u00e1cia comprovada. Com sua f\u00f3rmula exclusiva, o Agemoxi CL age diretamente no combate \u00e0s infec\u00e7\u00f5es bacterianas que podem acometer c\u00e3es e gatos, proporcionando um tratamento r\u00e1pido e eficiente. Al\u00e9m disso, o Agemoxi CL \u00e9 extremamente seguro, sendo indicado para animais de todas as idades e portes. Seu uso \u00e9 simples e pr\u00e1tico, garantindo a comodidade tanto para os pets quanto para os seus tutores. Ao adquirir o Antibi\u00f3tico Agemoxi CL 250 mg C\u00e3es e Gatos, voc\u00ea estar\u00e1 investindo na sa\u00fade e bem-estar do seu animal de estima\u00e7\u00e3o. Com apenas 10 comprimidos, voc\u00ea ter\u00e1 um tratamento completo, sem a necessidade de compras frequentes. Garanta agora mesmo o Agemoxi CL para o seu pet e proporcione a ele uma vida saud\u00e1vel e livre de infec\u00e7\u00f5es bacterianas. Aproveite nossas condi\u00e7\u00f5es especiais de lan\u00e7amento e adquira o Antibi\u00f3tico Agemoxi CL 250 mg C\u00e3es e Gatos com desconto exclusivo em nosso website e_Commerce. N\u00e3o perca&hellip; Read More","og_url":"https:\/\/bepet.pet\/loja\/produto\/antibiotico-agemoxi-cl-250-mg-caes-e-gatos-10-comprimidos\/","og_site_name":"BePet","article_modified_time":"2026-03-10T19:06:56+00:00","og_image":[{"width":600,"height":400,"url":"https:\/\/bepet.pet\/loja\/wp-content\/uploads\/2024\/01\/Design-sem-nome-2024-04-04T104650.936.png","type":"image\/png"}],"twitter_card":"summary_large_image","twitter_misc":{"Est. tempo de leitura":"2 minutos"},"schema":{"@context":"https:\/\/schema.org","@graph":[{"@type":"WebPage","@id":"https:\/\/bepet.pet\/loja\/produto\/antibiotico-agemoxi-cl-250-mg-caes-e-gatos-10-comprimidos\/","url":"https:\/\/bepet.pet\/loja\/produto\/antibiotico-agemoxi-cl-250-mg-caes-e-gatos-10-comprimidos\/","name":"Antibi\u00f3tico Agemoxi CL 250 mg C\u00e3es e Gatos 10 comprimidos - BePet","isPartOf":{"@id":"https:\/\/bepet.pet\/loja\/#website"},"primaryImageOfPage":{"@id":"https:\/\/bepet.pet\/loja\/produto\/antibiotico-agemoxi-cl-250-mg-caes-e-gatos-10-comprimidos\/#primaryimage"},"image":{"@id":"https:\/\/bepet.pet\/loja\/produto\/antibiotico-agemoxi-cl-250-mg-caes-e-gatos-10-comprimidos\/#primaryimage"},"thumbnailUrl":"https:\/\/bepet.pet\/loja\/wp-content\/uploads\/2024\/01\/pb2aac7d0-ab1a-459f-ba4c-988cc63741a7.png","datePublished":"2024-01-11T21:47:04+00:00","dateModified":"2026-03-10T19:06:56+00:00","breadcrumb":{"@id":"https:\/\/bepet.pet\/loja\/produto\/antibiotico-agemoxi-cl-250-mg-caes-e-gatos-10-comprimidos\/#breadcrumb"},"inLanguage":"pt-BR","potentialAction":[{"@type":"ReadAction","target":["https:\/\/bepet.pet\/loja\/produto\/antibiotico-agemoxi-cl-250-mg-caes-e-gatos-10-comprimidos\/"]}]},{"@type":"ImageObject","inLanguage":"pt-BR","@id":"https:\/\/bepet.pet\/loja\/produto\/antibiotico-agemoxi-cl-250-mg-caes-e-gatos-10-comprimidos\/#primaryimage","url":"https:\/\/bepet.pet\/loja\/wp-content\/uploads\/2024\/01\/pb2aac7d0-ab1a-459f-ba4c-988cc63741a7.png","contentUrl":"https:\/\/bepet.pet\/loja\/wp-content\/uploads\/2024\/01\/pb2aac7d0-ab1a-459f-ba4c-988cc63741a7.png","width":383,"height":382},{"@type":"BreadcrumbList","@id":"https:\/\/bepet.pet\/loja\/produto\/antibiotico-agemoxi-cl-250-mg-caes-e-gatos-10-comprimidos\/#breadcrumb","itemListElement":[{"@type":"ListItem","position":1,"name":"Home","item":"https:\/\/bepet.pet\/loja\/"},{"@type":"ListItem","position":2,"name":"Shop","item":"https:\/\/bepet.pet\/loja\/shop-2\/"},{"@type":"ListItem","position":3,"name":"Antibi\u00f3tico Agemoxi CL 250 mg C\u00e3es e Gatos 10 comprimidos"}]},{"@type":"WebSite","@id":"https:\/\/bepet.pet\/loja\/#website","url":"https:\/\/bepet.pet\/loja\/","name":"BePet","description":"Nossa vida \u00e9 cuidar do seu pet","publisher":{"@id":"https:\/\/bepet.pet\/loja\/#organization"},"potentialAction":[{"@type":"SearchAction","target":{"@type":"EntryPoint","urlTemplate":"https:\/\/bepet.pet\/loja\/?s={search_term_string}"},"query-input":{"@type":"PropertyValueSpecification","valueRequired":true,"valueName":"search_term_string"}}],"inLanguage":"pt-BR"},{"@type":"Organization","@id":"https:\/\/bepet.pet\/loja\/#organization","name":"BePet","url":"https:\/\/bepet.pet\/loja\/","logo":{"@type":"ImageObject","inLanguage":"pt-BR","@id":"https:\/\/bepet.pet\/loja\/#\/schema\/logo\/image\/","url":"https:\/\/bepet.pet\/loja\/wp-content\/uploads\/2020\/10\/logo.jpg","contentUrl":"https:\/\/bepet.pet\/loja\/wp-content\/uploads\/2020\/10\/logo.jpg","width":100,"height":99,"caption":"BePet"},"image":{"@id":"https:\/\/bepet.pet\/loja\/#\/schema\/logo\/image\/"}}]}},"jetpack_sharing_enabled":true,"_links":{"self":[{"href":"https:\/\/bepet.pet\/loja\/wp-json\/wp\/v2\/product\/9577","targetHints":{"allow":["GET"]}}],"collection":[{"href":"https:\/\/bepet.pet\/loja\/wp-json\/wp\/v2\/product"}],"about":[{"href":"https:\/\/bepet.pet\/loja\/wp-json\/wp\/v2\/types\/product"}],"replies":[{"embeddable":true,"href":"https:\/\/bepet.pet\/loja\/wp-json\/wp\/v2\/comments?post=9577"}],"wp:featuredmedia":[{"embeddable":true,"href":"https:\/\/bepet.pet\/loja\/wp-json\/wp\/v2\/media\/9580"}],"wp:attachment":[{"href":"https:\/\/bepet.pet\/loja\/wp-json\/wp\/v2\/media?parent=9577"}],"wp:term":[{"taxonomy":"product_brand","embeddable":true,"href":"https:\/\/bepet.pet\/loja\/wp-json\/wp\/v2\/product_brand?post=9577"},{"taxonomy":"product_cat","embeddable":true,"href":"https:\/\/bepet.pet\/loja\/wp-json\/wp\/v2\/product_cat?post=9577"},{"taxonomy":"product_tag","embeddable":true,"href":"https:\/\/bepet.pet\/loja\/wp-json\/wp\/v2\/product_tag?post=9577"}],"curies":[{"name":"wp","href":"https:\/\/api.w.org\/{rel}","templated":true}]}}