{"id":9565,"date":"2024-01-11T18:33:34","date_gmt":"2024-01-11T21:33:34","guid":{"rendered":"https:\/\/bepet.pet\/loja\/produto\/antipulgas-simparic-5mg-para-caes-13-a-25kg-1-comprimido\/"},"modified":"2025-12-10T17:08:36","modified_gmt":"2025-12-10T20:08:36","slug":"antipulgas-simparic-5-mg-para-caes-13-a-25-kg-1-comprimido-zoetis","status":"publish","type":"product","link":"https:\/\/bepet.pet\/loja\/produto\/antipulgas-simparic-5-mg-para-caes-13-a-25-kg-1-comprimido-zoetis\/","title":{"rendered":"Antipulgas Simparic 5 mg para c\u00e3es 1,3 a 2,5 kg 1 comprimido &#8211; Zoetis"},"content":{"rendered":"<p>Proteja o seu fiel companheiro de quatro patas com o Antipulgas Simparic 5mg para c\u00e3es. Desenvolvido especialmente para c\u00e3es de 1,3 a 2,5kg, este comprimido \u00e9 a solu\u00e7\u00e3o eficaz e segura para eliminar pulgas e carrapatos.<\/p>\n<p>Com o Antipulgas Simparic, voc\u00ea pode ter a tranquilidade de saber que seu c\u00e3o est\u00e1 protegido contra esses parasitas inc\u00f4modos. Sua f\u00f3rmula avan\u00e7ada age rapidamente, eliminando pulgas em at\u00e9 8 horas e carrapatos em at\u00e9 48 horas ap\u00f3s a administra\u00e7\u00e3o.<\/p>\n<p>Al\u00e9m disso, o Antipulgas Simparic n\u00e3o apenas mata pulgas e carrapatos, mas tamb\u00e9m previne novas infesta\u00e7\u00f5es por at\u00e9 35 dias. Isso significa que seu c\u00e3o estar\u00e1 protegido por mais tempo, sem a necessidade de reaplica\u00e7\u00f5es frequentes.<\/p>\n<p>A administra\u00e7\u00e3o do comprimido \u00e9 simples e pr\u00e1tica, tornando o processo de prote\u00e7\u00e3o do seu c\u00e3o ainda mais f\u00e1cil. Basta oferecer o comprimido oralmente, de acordo com o peso do seu c\u00e3o, e pronto. N\u00e3o \u00e9 necess\u00e1rio se preocupar com banhos ou contato com \u00e1gua, pois o Antipulgas Simparic \u00e9 resistente \u00e0 \u00e1gua.<\/p>\n<p>O Antipulgas Simparic \u00e9 fabricado com altos padr\u00f5es de qualidade e seguran\u00e7a, garantindo a sa\u00fade do seu c\u00e3o. \u00c9 recomendado por veterin\u00e1rios em todo o mundo e utilizado por milhares de tutores respons\u00e1veis.<\/p>\n<p>N\u00e3o deixe que pulgas e carrapatos incomodem o seu c\u00e3o. Proteja-o com o Antipulgas Simparic 5mg para c\u00e3es de 1,3 a 2,5kg. Garanta a sa\u00fade e o bem-estar do seu fiel amigo. Adquira agora mesmo o seu no nosso e-commerce.<\/p>\n","protected":false},"excerpt":{"rendered":"<p>Proteja o seu fiel companheiro de quatro patas com o Antipulgas Simparic 5mg para c\u00e3es. Desenvolvido especialmente para c\u00e3es de 1,3 a 2,5kg, este comprimido \u00e9 a solu\u00e7\u00e3o eficaz e segura para eliminar pulgas e carrapatos. Com o Antipulgas Simparic, voc\u00ea pode ter a tranquilidade de saber que seu c\u00e3o est\u00e1 protegido contra esses parasitas inc\u00f4modos. Sua f\u00f3rmula avan\u00e7ada age rapidamente, eliminando pulgas em at\u00e9 8 horas e carrapatos em at\u00e9 48 horas ap\u00f3s a administra\u00e7\u00e3o. Al\u00e9m disso, o Antipulgas Simparic n\u00e3o apenas mata pulgas e carrapatos, mas tamb\u00e9m previne novas infesta\u00e7\u00f5es por at\u00e9 35 dias. Isso significa que seu c\u00e3o estar\u00e1 protegido por mais tempo, sem a necessidade de reaplica\u00e7\u00f5es frequentes. A administra\u00e7\u00e3o do comprimido \u00e9 simples e pr\u00e1tica, tornando o processo de prote\u00e7\u00e3o do seu c\u00e3o ainda mais f\u00e1cil. Basta oferecer o comprimido oralmente, de acordo com o peso do seu c\u00e3o, e pronto. N\u00e3o \u00e9 necess\u00e1rio se preocupar com banhos ou contato com \u00e1gua, pois o Antipulgas Simparic \u00e9 resistente \u00e0 \u00e1gua. O Antipulgas Simparic \u00e9 fabricado com altos padr\u00f5es de qualidade e seguran\u00e7a, garantindo a sa\u00fade do seu c\u00e3o. \u00c9 recomendado por veterin\u00e1rios em todo o mundo e utilizado por milhares de tutores respons\u00e1veis. N\u00e3o deixe&hellip; <a class=\"read-more-link\" href=\"https:\/\/bepet.pet\/loja\/produto\/antipulgas-simparic-5-mg-para-caes-13-a-25-kg-1-comprimido-zoetis\/\">Read More<\/a><\/p>\n","protected":false},"featured_media":10153,"comment_status":"open","ping_status":"closed","template":"","meta":{"_kadence_starter_templates_imported_post":false},"product_brand":[],"product_cat":[124,125,120],"product_tag":[],"class_list":{"0":"post-9565","1":"product","2":"type-product","3":"status-publish","4":"has-post-thumbnail","6":"product_cat-antipulgas","7":"product_cat-antipulgas-caes","8":"product_cat-medicamentos","11":"first","12":"instock","13":"shipping-taxable","14":"purchasable","15":"product-type-simple"},"yoast_head":"<!-- This site is optimized with the Yoast SEO plugin v25.5 - https:\/\/yoast.com\/wordpress\/plugins\/seo\/ -->\n<title>Antipulgas Simparic 5 mg para c\u00e3es 1,3 a 2,5 kg 1 comprimido - Zoetis - BePet<\/title>\n<meta name=\"robots\" content=\"index, follow, max-snippet:-1, max-image-preview:large, max-video-preview:-1\" \/>\n<link rel=\"canonical\" href=\"https:\/\/bepet.pet\/loja\/produto\/antipulgas-simparic-5-mg-para-caes-13-a-25-kg-1-comprimido-zoetis\/\" \/>\n<meta property=\"og:locale\" content=\"pt_BR\" \/>\n<meta property=\"og:type\" content=\"article\" \/>\n<meta property=\"og:title\" content=\"Antipulgas Simparic 5 mg para c\u00e3es 1,3 a 2,5 kg 1 comprimido - Zoetis - BePet\" \/>\n<meta property=\"og:description\" content=\"Proteja o seu fiel companheiro de quatro patas com o Antipulgas Simparic 5mg para c\u00e3es. Desenvolvido especialmente para c\u00e3es de 1,3 a 2,5kg, este comprimido \u00e9 a solu\u00e7\u00e3o eficaz e segura para eliminar pulgas e carrapatos. Com o Antipulgas Simparic, voc\u00ea pode ter a tranquilidade de saber que seu c\u00e3o est\u00e1 protegido contra esses parasitas inc\u00f4modos. Sua f\u00f3rmula avan\u00e7ada age rapidamente, eliminando pulgas em at\u00e9 8 horas e carrapatos em at\u00e9 48 horas ap\u00f3s a administra\u00e7\u00e3o. Al\u00e9m disso, o Antipulgas Simparic n\u00e3o apenas mata pulgas e carrapatos, mas tamb\u00e9m previne novas infesta\u00e7\u00f5es por at\u00e9 35 dias. Isso significa que seu c\u00e3o estar\u00e1 protegido por mais tempo, sem a necessidade de reaplica\u00e7\u00f5es frequentes. A administra\u00e7\u00e3o do comprimido \u00e9 simples e pr\u00e1tica, tornando o processo de prote\u00e7\u00e3o do seu c\u00e3o ainda mais f\u00e1cil. Basta oferecer o comprimido oralmente, de acordo com o peso do seu c\u00e3o, e pronto. N\u00e3o \u00e9 necess\u00e1rio se preocupar com banhos ou contato com \u00e1gua, pois o Antipulgas Simparic \u00e9 resistente \u00e0 \u00e1gua. O Antipulgas Simparic \u00e9 fabricado com altos padr\u00f5es de qualidade e seguran\u00e7a, garantindo a sa\u00fade do seu c\u00e3o. \u00c9 recomendado por veterin\u00e1rios em todo o mundo e utilizado por milhares de tutores respons\u00e1veis. N\u00e3o deixe&hellip; Read More\" \/>\n<meta property=\"og:url\" content=\"https:\/\/bepet.pet\/loja\/produto\/antipulgas-simparic-5-mg-para-caes-13-a-25-kg-1-comprimido-zoetis\/\" \/>\n<meta property=\"og:site_name\" content=\"BePet\" \/>\n<meta property=\"article:modified_time\" content=\"2025-12-10T20:08:36+00:00\" \/>\n<meta property=\"og:image\" content=\"https:\/\/bepet.pet\/loja\/wp-content\/uploads\/2024\/01\/p65a5c0fb-78c9-4977-93d9-80a3662677ba.png\" \/>\n\t<meta property=\"og:image:width\" content=\"800\" \/>\n\t<meta property=\"og:image:height\" content=\"799\" \/>\n\t<meta property=\"og:image:type\" content=\"image\/png\" \/>\n<meta name=\"twitter:card\" content=\"summary_large_image\" \/>\n<meta name=\"twitter:label1\" content=\"Est. tempo de leitura\" \/>\n\t<meta name=\"twitter:data1\" content=\"1 minuto\" \/>\n<script type=\"application\/ld+json\" class=\"yoast-schema-graph\">{\"@context\":\"https:\/\/schema.org\",\"@graph\":[{\"@type\":\"WebPage\",\"@id\":\"https:\/\/bepet.pet\/loja\/produto\/antipulgas-simparic-5-mg-para-caes-13-a-25-kg-1-comprimido-zoetis\/\",\"url\":\"https:\/\/bepet.pet\/loja\/produto\/antipulgas-simparic-5-mg-para-caes-13-a-25-kg-1-comprimido-zoetis\/\",\"name\":\"Antipulgas Simparic 5 mg para c\u00e3es 1,3 a 2,5 kg 1 comprimido - Zoetis - BePet\",\"isPartOf\":{\"@id\":\"https:\/\/bepet.pet\/loja\/#website\"},\"primaryImageOfPage\":{\"@id\":\"https:\/\/bepet.pet\/loja\/produto\/antipulgas-simparic-5-mg-para-caes-13-a-25-kg-1-comprimido-zoetis\/#primaryimage\"},\"image\":{\"@id\":\"https:\/\/bepet.pet\/loja\/produto\/antipulgas-simparic-5-mg-para-caes-13-a-25-kg-1-comprimido-zoetis\/#primaryimage\"},\"thumbnailUrl\":\"https:\/\/bepet.pet\/loja\/wp-content\/uploads\/2024\/01\/p65a5c0fb-78c9-4977-93d9-80a3662677ba.png\",\"datePublished\":\"2024-01-11T21:33:34+00:00\",\"dateModified\":\"2025-12-10T20:08:36+00:00\",\"breadcrumb\":{\"@id\":\"https:\/\/bepet.pet\/loja\/produto\/antipulgas-simparic-5-mg-para-caes-13-a-25-kg-1-comprimido-zoetis\/#breadcrumb\"},\"inLanguage\":\"pt-BR\",\"potentialAction\":[{\"@type\":\"ReadAction\",\"target\":[\"https:\/\/bepet.pet\/loja\/produto\/antipulgas-simparic-5-mg-para-caes-13-a-25-kg-1-comprimido-zoetis\/\"]}]},{\"@type\":\"ImageObject\",\"inLanguage\":\"pt-BR\",\"@id\":\"https:\/\/bepet.pet\/loja\/produto\/antipulgas-simparic-5-mg-para-caes-13-a-25-kg-1-comprimido-zoetis\/#primaryimage\",\"url\":\"https:\/\/bepet.pet\/loja\/wp-content\/uploads\/2024\/01\/p65a5c0fb-78c9-4977-93d9-80a3662677ba.png\",\"contentUrl\":\"https:\/\/bepet.pet\/loja\/wp-content\/uploads\/2024\/01\/p65a5c0fb-78c9-4977-93d9-80a3662677ba.png\",\"width\":800,\"height\":799},{\"@type\":\"BreadcrumbList\",\"@id\":\"https:\/\/bepet.pet\/loja\/produto\/antipulgas-simparic-5-mg-para-caes-13-a-25-kg-1-comprimido-zoetis\/#breadcrumb\",\"itemListElement\":[{\"@type\":\"ListItem\",\"position\":1,\"name\":\"Home\",\"item\":\"https:\/\/bepet.pet\/loja\/\"},{\"@type\":\"ListItem\",\"position\":2,\"name\":\"Shop\",\"item\":\"https:\/\/bepet.pet\/loja\/shop-2\/\"},{\"@type\":\"ListItem\",\"position\":3,\"name\":\"Antipulgas Simparic 5 mg para c\u00e3es 1,3 a 2,5 kg 1 comprimido &#8211; Zoetis\"}]},{\"@type\":\"WebSite\",\"@id\":\"https:\/\/bepet.pet\/loja\/#website\",\"url\":\"https:\/\/bepet.pet\/loja\/\",\"name\":\"BePet\",\"description\":\"Nossa vida \u00e9 cuidar do seu pet\",\"publisher\":{\"@id\":\"https:\/\/bepet.pet\/loja\/#organization\"},\"potentialAction\":[{\"@type\":\"SearchAction\",\"target\":{\"@type\":\"EntryPoint\",\"urlTemplate\":\"https:\/\/bepet.pet\/loja\/?s={search_term_string}\"},\"query-input\":{\"@type\":\"PropertyValueSpecification\",\"valueRequired\":true,\"valueName\":\"search_term_string\"}}],\"inLanguage\":\"pt-BR\"},{\"@type\":\"Organization\",\"@id\":\"https:\/\/bepet.pet\/loja\/#organization\",\"name\":\"BePet\",\"url\":\"https:\/\/bepet.pet\/loja\/\",\"logo\":{\"@type\":\"ImageObject\",\"inLanguage\":\"pt-BR\",\"@id\":\"https:\/\/bepet.pet\/loja\/#\/schema\/logo\/image\/\",\"url\":\"https:\/\/bepet.pet\/loja\/wp-content\/uploads\/2020\/10\/logo.jpg\",\"contentUrl\":\"https:\/\/bepet.pet\/loja\/wp-content\/uploads\/2020\/10\/logo.jpg\",\"width\":100,\"height\":99,\"caption\":\"BePet\"},\"image\":{\"@id\":\"https:\/\/bepet.pet\/loja\/#\/schema\/logo\/image\/\"}}]}<\/script>\n<!-- \/ Yoast SEO plugin. -->","yoast_head_json":{"title":"Antipulgas Simparic 5 mg para c\u00e3es 1,3 a 2,5 kg 1 comprimido - Zoetis - BePet","robots":{"index":"index","follow":"follow","max-snippet":"max-snippet:-1","max-image-preview":"max-image-preview:large","max-video-preview":"max-video-preview:-1"},"canonical":"https:\/\/bepet.pet\/loja\/produto\/antipulgas-simparic-5-mg-para-caes-13-a-25-kg-1-comprimido-zoetis\/","og_locale":"pt_BR","og_type":"article","og_title":"Antipulgas Simparic 5 mg para c\u00e3es 1,3 a 2,5 kg 1 comprimido - Zoetis - BePet","og_description":"Proteja o seu fiel companheiro de quatro patas com o Antipulgas Simparic 5mg para c\u00e3es. Desenvolvido especialmente para c\u00e3es de 1,3 a 2,5kg, este comprimido \u00e9 a solu\u00e7\u00e3o eficaz e segura para eliminar pulgas e carrapatos. Com o Antipulgas Simparic, voc\u00ea pode ter a tranquilidade de saber que seu c\u00e3o est\u00e1 protegido contra esses parasitas inc\u00f4modos. Sua f\u00f3rmula avan\u00e7ada age rapidamente, eliminando pulgas em at\u00e9 8 horas e carrapatos em at\u00e9 48 horas ap\u00f3s a administra\u00e7\u00e3o. Al\u00e9m disso, o Antipulgas Simparic n\u00e3o apenas mata pulgas e carrapatos, mas tamb\u00e9m previne novas infesta\u00e7\u00f5es por at\u00e9 35 dias. Isso significa que seu c\u00e3o estar\u00e1 protegido por mais tempo, sem a necessidade de reaplica\u00e7\u00f5es frequentes. A administra\u00e7\u00e3o do comprimido \u00e9 simples e pr\u00e1tica, tornando o processo de prote\u00e7\u00e3o do seu c\u00e3o ainda mais f\u00e1cil. Basta oferecer o comprimido oralmente, de acordo com o peso do seu c\u00e3o, e pronto. N\u00e3o \u00e9 necess\u00e1rio se preocupar com banhos ou contato com \u00e1gua, pois o Antipulgas Simparic \u00e9 resistente \u00e0 \u00e1gua. O Antipulgas Simparic \u00e9 fabricado com altos padr\u00f5es de qualidade e seguran\u00e7a, garantindo a sa\u00fade do seu c\u00e3o. \u00c9 recomendado por veterin\u00e1rios em todo o mundo e utilizado por milhares de tutores respons\u00e1veis. N\u00e3o deixe&hellip; Read More","og_url":"https:\/\/bepet.pet\/loja\/produto\/antipulgas-simparic-5-mg-para-caes-13-a-25-kg-1-comprimido-zoetis\/","og_site_name":"BePet","article_modified_time":"2025-12-10T20:08:36+00:00","og_image":[{"width":800,"height":799,"url":"https:\/\/bepet.pet\/loja\/wp-content\/uploads\/2024\/01\/p65a5c0fb-78c9-4977-93d9-80a3662677ba.png","type":"image\/png"}],"twitter_card":"summary_large_image","twitter_misc":{"Est. tempo de leitura":"1 minuto"},"schema":{"@context":"https:\/\/schema.org","@graph":[{"@type":"WebPage","@id":"https:\/\/bepet.pet\/loja\/produto\/antipulgas-simparic-5-mg-para-caes-13-a-25-kg-1-comprimido-zoetis\/","url":"https:\/\/bepet.pet\/loja\/produto\/antipulgas-simparic-5-mg-para-caes-13-a-25-kg-1-comprimido-zoetis\/","name":"Antipulgas Simparic 5 mg para c\u00e3es 1,3 a 2,5 kg 1 comprimido - Zoetis - BePet","isPartOf":{"@id":"https:\/\/bepet.pet\/loja\/#website"},"primaryImageOfPage":{"@id":"https:\/\/bepet.pet\/loja\/produto\/antipulgas-simparic-5-mg-para-caes-13-a-25-kg-1-comprimido-zoetis\/#primaryimage"},"image":{"@id":"https:\/\/bepet.pet\/loja\/produto\/antipulgas-simparic-5-mg-para-caes-13-a-25-kg-1-comprimido-zoetis\/#primaryimage"},"thumbnailUrl":"https:\/\/bepet.pet\/loja\/wp-content\/uploads\/2024\/01\/p65a5c0fb-78c9-4977-93d9-80a3662677ba.png","datePublished":"2024-01-11T21:33:34+00:00","dateModified":"2025-12-10T20:08:36+00:00","breadcrumb":{"@id":"https:\/\/bepet.pet\/loja\/produto\/antipulgas-simparic-5-mg-para-caes-13-a-25-kg-1-comprimido-zoetis\/#breadcrumb"},"inLanguage":"pt-BR","potentialAction":[{"@type":"ReadAction","target":["https:\/\/bepet.pet\/loja\/produto\/antipulgas-simparic-5-mg-para-caes-13-a-25-kg-1-comprimido-zoetis\/"]}]},{"@type":"ImageObject","inLanguage":"pt-BR","@id":"https:\/\/bepet.pet\/loja\/produto\/antipulgas-simparic-5-mg-para-caes-13-a-25-kg-1-comprimido-zoetis\/#primaryimage","url":"https:\/\/bepet.pet\/loja\/wp-content\/uploads\/2024\/01\/p65a5c0fb-78c9-4977-93d9-80a3662677ba.png","contentUrl":"https:\/\/bepet.pet\/loja\/wp-content\/uploads\/2024\/01\/p65a5c0fb-78c9-4977-93d9-80a3662677ba.png","width":800,"height":799},{"@type":"BreadcrumbList","@id":"https:\/\/bepet.pet\/loja\/produto\/antipulgas-simparic-5-mg-para-caes-13-a-25-kg-1-comprimido-zoetis\/#breadcrumb","itemListElement":[{"@type":"ListItem","position":1,"name":"Home","item":"https:\/\/bepet.pet\/loja\/"},{"@type":"ListItem","position":2,"name":"Shop","item":"https:\/\/bepet.pet\/loja\/shop-2\/"},{"@type":"ListItem","position":3,"name":"Antipulgas Simparic 5 mg para c\u00e3es 1,3 a 2,5 kg 1 comprimido &#8211; Zoetis"}]},{"@type":"WebSite","@id":"https:\/\/bepet.pet\/loja\/#website","url":"https:\/\/bepet.pet\/loja\/","name":"BePet","description":"Nossa vida \u00e9 cuidar do seu pet","publisher":{"@id":"https:\/\/bepet.pet\/loja\/#organization"},"potentialAction":[{"@type":"SearchAction","target":{"@type":"EntryPoint","urlTemplate":"https:\/\/bepet.pet\/loja\/?s={search_term_string}"},"query-input":{"@type":"PropertyValueSpecification","valueRequired":true,"valueName":"search_term_string"}}],"inLanguage":"pt-BR"},{"@type":"Organization","@id":"https:\/\/bepet.pet\/loja\/#organization","name":"BePet","url":"https:\/\/bepet.pet\/loja\/","logo":{"@type":"ImageObject","inLanguage":"pt-BR","@id":"https:\/\/bepet.pet\/loja\/#\/schema\/logo\/image\/","url":"https:\/\/bepet.pet\/loja\/wp-content\/uploads\/2020\/10\/logo.jpg","contentUrl":"https:\/\/bepet.pet\/loja\/wp-content\/uploads\/2020\/10\/logo.jpg","width":100,"height":99,"caption":"BePet"},"image":{"@id":"https:\/\/bepet.pet\/loja\/#\/schema\/logo\/image\/"}}]}},"jetpack_sharing_enabled":true,"_links":{"self":[{"href":"https:\/\/bepet.pet\/loja\/wp-json\/wp\/v2\/product\/9565","targetHints":{"allow":["GET"]}}],"collection":[{"href":"https:\/\/bepet.pet\/loja\/wp-json\/wp\/v2\/product"}],"about":[{"href":"https:\/\/bepet.pet\/loja\/wp-json\/wp\/v2\/types\/product"}],"replies":[{"embeddable":true,"href":"https:\/\/bepet.pet\/loja\/wp-json\/wp\/v2\/comments?post=9565"}],"wp:featuredmedia":[{"embeddable":true,"href":"https:\/\/bepet.pet\/loja\/wp-json\/wp\/v2\/media\/10153"}],"wp:attachment":[{"href":"https:\/\/bepet.pet\/loja\/wp-json\/wp\/v2\/media?parent=9565"}],"wp:term":[{"taxonomy":"product_brand","embeddable":true,"href":"https:\/\/bepet.pet\/loja\/wp-json\/wp\/v2\/product_brand?post=9565"},{"taxonomy":"product_cat","embeddable":true,"href":"https:\/\/bepet.pet\/loja\/wp-json\/wp\/v2\/product_cat?post=9565"},{"taxonomy":"product_tag","embeddable":true,"href":"https:\/\/bepet.pet\/loja\/wp-json\/wp\/v2\/product_tag?post=9565"}],"curies":[{"name":"wp","href":"https:\/\/api.w.org\/{rel}","templated":true}]}}