{"id":9551,"date":"2024-01-11T18:01:35","date_gmt":"2024-01-11T21:01:35","guid":{"rendered":"https:\/\/bepet.pet\/loja\/produto\/biscoito-premier-cookie-para-caes-adultos-porte-pequeno-sabor-original-250g\/"},"modified":"2025-12-10T17:05:23","modified_gmt":"2025-12-10T20:05:23","slug":"biscoito-premier-cookie-para-caes-adultos-porte-pequeno-sabor-original-250g","status":"publish","type":"product","link":"https:\/\/bepet.pet\/loja\/produto\/biscoito-premier-cookie-para-caes-adultos-porte-pequeno-sabor-original-250g\/","title":{"rendered":"Biscoito PremieR Cookie para C\u00e3es Adultos Porte Pequeno Sabor Original &#8211; 250g"},"content":{"rendered":"<p>Conhe\u00e7a o novo Biscoito PremieR Cookie para C\u00e3es Adultos Porte Pequeno Sabor Original &#8211; 250g, o petisco perfeito para agradar o seu melhor amigo de quatro patas. <\/p>\n<p>Desenvolvido pela renomada marca PremieR, especialista em alimentos de alta qualidade para pets, o Biscoito PremieR Cookie \u00e9 uma op\u00e7\u00e3o deliciosa e saud\u00e1vel para complementar a dieta do seu c\u00e3ozinho.<\/p>\n<p>Com um sabor irresist\u00edvel de originalidade, esse biscoito foi cuidadosamente elaborado para atender \u00e0s necessidades nutricionais espec\u00edficas de c\u00e3es adultos de porte pequeno. Seu tamanho e textura s\u00e3o ideais para a mastiga\u00e7\u00e3o, proporcionando uma experi\u00eancia agrad\u00e1vel ao seu pet.<\/p>\n<p>Al\u00e9m de ser uma op\u00e7\u00e3o saborosa, o Biscoito PremieR Cookie tamb\u00e9m \u00e9 enriquecido com vitaminas e minerais essenciais, contribuindo para a sa\u00fade e bem-estar do seu c\u00e3o. Sua f\u00f3rmula exclusiva cont\u00e9m ingredientes selecionados, garantindo uma alimenta\u00e7\u00e3o equilibrada e nutritiva.<\/p>\n<p>Ao oferecer o Biscoito PremieR Cookie para o seu c\u00e3ozinho, voc\u00ea estar\u00e1 proporcionando momentos de prazer e cuidado, fortalecendo ainda mais o v\u00ednculo entre voc\u00eas. Seu pet vai adorar cada mordida desse petisco especial.<\/p>\n<p>A PremieR \u00e9 uma marca reconhecida e confi\u00e1vel no mercado pet, comprometida em oferecer produtos de alta qualidade e seguros para os animais de estima\u00e7\u00e3o. Com o Biscoito PremieR Cookie, voc\u00ea tem a certeza de estar oferecendo o melhor para o seu c\u00e3ozinho.<\/p>\n<p>N\u00e3o perca tempo e experimente agora mesmo o Biscoito PremieR Cookie para C\u00e3es Adultos Porte Pequeno Sabor Original &#8211; 250g. Adquira j\u00e1 o seu e proporcione momentos de sabor e cuidado para o seu melhor amigo de quatro patas. Pe\u00e7a agora mesmo pelo nosso website e aproveite essa novidade!<\/p>\n","protected":false},"excerpt":{"rendered":"<p>Conhe\u00e7a o novo Biscoito PremieR Cookie para C\u00e3es Adultos Porte Pequeno Sabor Original &#8211; 250g, o petisco perfeito para agradar o seu melhor amigo de quatro patas. Desenvolvido pela renomada marca PremieR, especialista em alimentos de alta qualidade para pets, o Biscoito PremieR Cookie \u00e9 uma op\u00e7\u00e3o deliciosa e saud\u00e1vel para complementar a dieta do seu c\u00e3ozinho. Com um sabor irresist\u00edvel de originalidade, esse biscoito foi cuidadosamente elaborado para atender \u00e0s necessidades nutricionais espec\u00edficas de c\u00e3es adultos de porte pequeno. Seu tamanho e textura s\u00e3o ideais para a mastiga\u00e7\u00e3o, proporcionando uma experi\u00eancia agrad\u00e1vel ao seu pet. Al\u00e9m de ser uma op\u00e7\u00e3o saborosa, o Biscoito PremieR Cookie tamb\u00e9m \u00e9 enriquecido com vitaminas e minerais essenciais, contribuindo para a sa\u00fade e bem-estar do seu c\u00e3o. Sua f\u00f3rmula exclusiva cont\u00e9m ingredientes selecionados, garantindo uma alimenta\u00e7\u00e3o equilibrada e nutritiva. Ao oferecer o Biscoito PremieR Cookie para o seu c\u00e3ozinho, voc\u00ea estar\u00e1 proporcionando momentos de prazer e cuidado, fortalecendo ainda mais o v\u00ednculo entre voc\u00eas. Seu pet vai adorar cada mordida desse petisco especial. A PremieR \u00e9 uma marca reconhecida e confi\u00e1vel no mercado pet, comprometida em oferecer produtos de alta qualidade e seguros para os animais de estima\u00e7\u00e3o. Com o Biscoito PremieR Cookie, voc\u00ea&hellip; <a class=\"read-more-link\" href=\"https:\/\/bepet.pet\/loja\/produto\/biscoito-premier-cookie-para-caes-adultos-porte-pequeno-sabor-original-250g\/\">Read More<\/a><\/p>\n","protected":false},"featured_media":10363,"comment_status":"open","ping_status":"closed","template":"","meta":{"_kadence_starter_templates_imported_post":false},"product_brand":[],"product_cat":[123,139],"product_tag":[],"class_list":{"0":"post-9551","1":"product","2":"type-product","3":"status-publish","4":"has-post-thumbnail","6":"product_cat-petiscos","7":"product_cat-petiscos-caes","10":"first","11":"instock","12":"shipping-taxable","13":"purchasable","14":"product-type-simple"},"yoast_head":"<!-- This site is optimized with the Yoast SEO plugin v25.5 - https:\/\/yoast.com\/wordpress\/plugins\/seo\/ -->\n<title>Biscoito PremieR Cookie para C\u00e3es Adultos Porte Pequeno Sabor Original - 250g - BePet<\/title>\n<meta name=\"robots\" content=\"index, follow, max-snippet:-1, max-image-preview:large, max-video-preview:-1\" \/>\n<link rel=\"canonical\" href=\"https:\/\/bepet.pet\/loja\/produto\/biscoito-premier-cookie-para-caes-adultos-porte-pequeno-sabor-original-250g\/\" \/>\n<meta property=\"og:locale\" content=\"pt_BR\" \/>\n<meta property=\"og:type\" content=\"article\" \/>\n<meta property=\"og:title\" content=\"Biscoito PremieR Cookie para C\u00e3es Adultos Porte Pequeno Sabor Original - 250g - BePet\" \/>\n<meta property=\"og:description\" content=\"Conhe\u00e7a o novo Biscoito PremieR Cookie para C\u00e3es Adultos Porte Pequeno Sabor Original &#8211; 250g, o petisco perfeito para agradar o seu melhor amigo de quatro patas. Desenvolvido pela renomada marca PremieR, especialista em alimentos de alta qualidade para pets, o Biscoito PremieR Cookie \u00e9 uma op\u00e7\u00e3o deliciosa e saud\u00e1vel para complementar a dieta do seu c\u00e3ozinho. Com um sabor irresist\u00edvel de originalidade, esse biscoito foi cuidadosamente elaborado para atender \u00e0s necessidades nutricionais espec\u00edficas de c\u00e3es adultos de porte pequeno. Seu tamanho e textura s\u00e3o ideais para a mastiga\u00e7\u00e3o, proporcionando uma experi\u00eancia agrad\u00e1vel ao seu pet. Al\u00e9m de ser uma op\u00e7\u00e3o saborosa, o Biscoito PremieR Cookie tamb\u00e9m \u00e9 enriquecido com vitaminas e minerais essenciais, contribuindo para a sa\u00fade e bem-estar do seu c\u00e3o. Sua f\u00f3rmula exclusiva cont\u00e9m ingredientes selecionados, garantindo uma alimenta\u00e7\u00e3o equilibrada e nutritiva. Ao oferecer o Biscoito PremieR Cookie para o seu c\u00e3ozinho, voc\u00ea estar\u00e1 proporcionando momentos de prazer e cuidado, fortalecendo ainda mais o v\u00ednculo entre voc\u00eas. Seu pet vai adorar cada mordida desse petisco especial. A PremieR \u00e9 uma marca reconhecida e confi\u00e1vel no mercado pet, comprometida em oferecer produtos de alta qualidade e seguros para os animais de estima\u00e7\u00e3o. Com o Biscoito PremieR Cookie, voc\u00ea&hellip; Read More\" \/>\n<meta property=\"og:url\" content=\"https:\/\/bepet.pet\/loja\/produto\/biscoito-premier-cookie-para-caes-adultos-porte-pequeno-sabor-original-250g\/\" \/>\n<meta property=\"og:site_name\" content=\"BePet\" \/>\n<meta property=\"article:modified_time\" content=\"2025-12-10T20:05:23+00:00\" \/>\n<meta property=\"og:image\" content=\"https:\/\/bepet.pet\/loja\/wp-content\/uploads\/2024\/01\/p50ef8045-b4c9-40a0-a64a-9a30ce3e92f3.png\" \/>\n\t<meta property=\"og:image:width\" content=\"632\" \/>\n\t<meta property=\"og:image:height\" content=\"800\" \/>\n\t<meta property=\"og:image:type\" content=\"image\/png\" \/>\n<meta name=\"twitter:card\" content=\"summary_large_image\" \/>\n<meta name=\"twitter:label1\" content=\"Est. tempo de leitura\" \/>\n\t<meta name=\"twitter:data1\" content=\"2 minutos\" \/>\n<script type=\"application\/ld+json\" class=\"yoast-schema-graph\">{\"@context\":\"https:\/\/schema.org\",\"@graph\":[{\"@type\":\"WebPage\",\"@id\":\"https:\/\/bepet.pet\/loja\/produto\/biscoito-premier-cookie-para-caes-adultos-porte-pequeno-sabor-original-250g\/\",\"url\":\"https:\/\/bepet.pet\/loja\/produto\/biscoito-premier-cookie-para-caes-adultos-porte-pequeno-sabor-original-250g\/\",\"name\":\"Biscoito PremieR Cookie para C\u00e3es Adultos Porte Pequeno Sabor Original - 250g - BePet\",\"isPartOf\":{\"@id\":\"https:\/\/bepet.pet\/loja\/#website\"},\"primaryImageOfPage\":{\"@id\":\"https:\/\/bepet.pet\/loja\/produto\/biscoito-premier-cookie-para-caes-adultos-porte-pequeno-sabor-original-250g\/#primaryimage\"},\"image\":{\"@id\":\"https:\/\/bepet.pet\/loja\/produto\/biscoito-premier-cookie-para-caes-adultos-porte-pequeno-sabor-original-250g\/#primaryimage\"},\"thumbnailUrl\":\"https:\/\/bepet.pet\/loja\/wp-content\/uploads\/2024\/01\/p50ef8045-b4c9-40a0-a64a-9a30ce3e92f3.png\",\"datePublished\":\"2024-01-11T21:01:35+00:00\",\"dateModified\":\"2025-12-10T20:05:23+00:00\",\"breadcrumb\":{\"@id\":\"https:\/\/bepet.pet\/loja\/produto\/biscoito-premier-cookie-para-caes-adultos-porte-pequeno-sabor-original-250g\/#breadcrumb\"},\"inLanguage\":\"pt-BR\",\"potentialAction\":[{\"@type\":\"ReadAction\",\"target\":[\"https:\/\/bepet.pet\/loja\/produto\/biscoito-premier-cookie-para-caes-adultos-porte-pequeno-sabor-original-250g\/\"]}]},{\"@type\":\"ImageObject\",\"inLanguage\":\"pt-BR\",\"@id\":\"https:\/\/bepet.pet\/loja\/produto\/biscoito-premier-cookie-para-caes-adultos-porte-pequeno-sabor-original-250g\/#primaryimage\",\"url\":\"https:\/\/bepet.pet\/loja\/wp-content\/uploads\/2024\/01\/p50ef8045-b4c9-40a0-a64a-9a30ce3e92f3.png\",\"contentUrl\":\"https:\/\/bepet.pet\/loja\/wp-content\/uploads\/2024\/01\/p50ef8045-b4c9-40a0-a64a-9a30ce3e92f3.png\",\"width\":632,\"height\":800},{\"@type\":\"BreadcrumbList\",\"@id\":\"https:\/\/bepet.pet\/loja\/produto\/biscoito-premier-cookie-para-caes-adultos-porte-pequeno-sabor-original-250g\/#breadcrumb\",\"itemListElement\":[{\"@type\":\"ListItem\",\"position\":1,\"name\":\"Home\",\"item\":\"https:\/\/bepet.pet\/loja\/\"},{\"@type\":\"ListItem\",\"position\":2,\"name\":\"Shop\",\"item\":\"https:\/\/bepet.pet\/loja\/shop-2\/\"},{\"@type\":\"ListItem\",\"position\":3,\"name\":\"Biscoito PremieR Cookie para C\u00e3es Adultos Porte Pequeno Sabor Original &#8211; 250g\"}]},{\"@type\":\"WebSite\",\"@id\":\"https:\/\/bepet.pet\/loja\/#website\",\"url\":\"https:\/\/bepet.pet\/loja\/\",\"name\":\"BePet\",\"description\":\"Nossa vida \u00e9 cuidar do seu pet\",\"publisher\":{\"@id\":\"https:\/\/bepet.pet\/loja\/#organization\"},\"potentialAction\":[{\"@type\":\"SearchAction\",\"target\":{\"@type\":\"EntryPoint\",\"urlTemplate\":\"https:\/\/bepet.pet\/loja\/?s={search_term_string}\"},\"query-input\":{\"@type\":\"PropertyValueSpecification\",\"valueRequired\":true,\"valueName\":\"search_term_string\"}}],\"inLanguage\":\"pt-BR\"},{\"@type\":\"Organization\",\"@id\":\"https:\/\/bepet.pet\/loja\/#organization\",\"name\":\"BePet\",\"url\":\"https:\/\/bepet.pet\/loja\/\",\"logo\":{\"@type\":\"ImageObject\",\"inLanguage\":\"pt-BR\",\"@id\":\"https:\/\/bepet.pet\/loja\/#\/schema\/logo\/image\/\",\"url\":\"https:\/\/bepet.pet\/loja\/wp-content\/uploads\/2020\/10\/logo.jpg\",\"contentUrl\":\"https:\/\/bepet.pet\/loja\/wp-content\/uploads\/2020\/10\/logo.jpg\",\"width\":100,\"height\":99,\"caption\":\"BePet\"},\"image\":{\"@id\":\"https:\/\/bepet.pet\/loja\/#\/schema\/logo\/image\/\"}}]}<\/script>\n<!-- \/ Yoast SEO plugin. -->","yoast_head_json":{"title":"Biscoito PremieR Cookie para C\u00e3es Adultos Porte Pequeno Sabor Original - 250g - BePet","robots":{"index":"index","follow":"follow","max-snippet":"max-snippet:-1","max-image-preview":"max-image-preview:large","max-video-preview":"max-video-preview:-1"},"canonical":"https:\/\/bepet.pet\/loja\/produto\/biscoito-premier-cookie-para-caes-adultos-porte-pequeno-sabor-original-250g\/","og_locale":"pt_BR","og_type":"article","og_title":"Biscoito PremieR Cookie para C\u00e3es Adultos Porte Pequeno Sabor Original - 250g - BePet","og_description":"Conhe\u00e7a o novo Biscoito PremieR Cookie para C\u00e3es Adultos Porte Pequeno Sabor Original &#8211; 250g, o petisco perfeito para agradar o seu melhor amigo de quatro patas. Desenvolvido pela renomada marca PremieR, especialista em alimentos de alta qualidade para pets, o Biscoito PremieR Cookie \u00e9 uma op\u00e7\u00e3o deliciosa e saud\u00e1vel para complementar a dieta do seu c\u00e3ozinho. Com um sabor irresist\u00edvel de originalidade, esse biscoito foi cuidadosamente elaborado para atender \u00e0s necessidades nutricionais espec\u00edficas de c\u00e3es adultos de porte pequeno. Seu tamanho e textura s\u00e3o ideais para a mastiga\u00e7\u00e3o, proporcionando uma experi\u00eancia agrad\u00e1vel ao seu pet. Al\u00e9m de ser uma op\u00e7\u00e3o saborosa, o Biscoito PremieR Cookie tamb\u00e9m \u00e9 enriquecido com vitaminas e minerais essenciais, contribuindo para a sa\u00fade e bem-estar do seu c\u00e3o. Sua f\u00f3rmula exclusiva cont\u00e9m ingredientes selecionados, garantindo uma alimenta\u00e7\u00e3o equilibrada e nutritiva. Ao oferecer o Biscoito PremieR Cookie para o seu c\u00e3ozinho, voc\u00ea estar\u00e1 proporcionando momentos de prazer e cuidado, fortalecendo ainda mais o v\u00ednculo entre voc\u00eas. Seu pet vai adorar cada mordida desse petisco especial. A PremieR \u00e9 uma marca reconhecida e confi\u00e1vel no mercado pet, comprometida em oferecer produtos de alta qualidade e seguros para os animais de estima\u00e7\u00e3o. Com o Biscoito PremieR Cookie, voc\u00ea&hellip; Read More","og_url":"https:\/\/bepet.pet\/loja\/produto\/biscoito-premier-cookie-para-caes-adultos-porte-pequeno-sabor-original-250g\/","og_site_name":"BePet","article_modified_time":"2025-12-10T20:05:23+00:00","og_image":[{"width":632,"height":800,"url":"https:\/\/bepet.pet\/loja\/wp-content\/uploads\/2024\/01\/p50ef8045-b4c9-40a0-a64a-9a30ce3e92f3.png","type":"image\/png"}],"twitter_card":"summary_large_image","twitter_misc":{"Est. tempo de leitura":"2 minutos"},"schema":{"@context":"https:\/\/schema.org","@graph":[{"@type":"WebPage","@id":"https:\/\/bepet.pet\/loja\/produto\/biscoito-premier-cookie-para-caes-adultos-porte-pequeno-sabor-original-250g\/","url":"https:\/\/bepet.pet\/loja\/produto\/biscoito-premier-cookie-para-caes-adultos-porte-pequeno-sabor-original-250g\/","name":"Biscoito PremieR Cookie para C\u00e3es Adultos Porte Pequeno Sabor Original - 250g - BePet","isPartOf":{"@id":"https:\/\/bepet.pet\/loja\/#website"},"primaryImageOfPage":{"@id":"https:\/\/bepet.pet\/loja\/produto\/biscoito-premier-cookie-para-caes-adultos-porte-pequeno-sabor-original-250g\/#primaryimage"},"image":{"@id":"https:\/\/bepet.pet\/loja\/produto\/biscoito-premier-cookie-para-caes-adultos-porte-pequeno-sabor-original-250g\/#primaryimage"},"thumbnailUrl":"https:\/\/bepet.pet\/loja\/wp-content\/uploads\/2024\/01\/p50ef8045-b4c9-40a0-a64a-9a30ce3e92f3.png","datePublished":"2024-01-11T21:01:35+00:00","dateModified":"2025-12-10T20:05:23+00:00","breadcrumb":{"@id":"https:\/\/bepet.pet\/loja\/produto\/biscoito-premier-cookie-para-caes-adultos-porte-pequeno-sabor-original-250g\/#breadcrumb"},"inLanguage":"pt-BR","potentialAction":[{"@type":"ReadAction","target":["https:\/\/bepet.pet\/loja\/produto\/biscoito-premier-cookie-para-caes-adultos-porte-pequeno-sabor-original-250g\/"]}]},{"@type":"ImageObject","inLanguage":"pt-BR","@id":"https:\/\/bepet.pet\/loja\/produto\/biscoito-premier-cookie-para-caes-adultos-porte-pequeno-sabor-original-250g\/#primaryimage","url":"https:\/\/bepet.pet\/loja\/wp-content\/uploads\/2024\/01\/p50ef8045-b4c9-40a0-a64a-9a30ce3e92f3.png","contentUrl":"https:\/\/bepet.pet\/loja\/wp-content\/uploads\/2024\/01\/p50ef8045-b4c9-40a0-a64a-9a30ce3e92f3.png","width":632,"height":800},{"@type":"BreadcrumbList","@id":"https:\/\/bepet.pet\/loja\/produto\/biscoito-premier-cookie-para-caes-adultos-porte-pequeno-sabor-original-250g\/#breadcrumb","itemListElement":[{"@type":"ListItem","position":1,"name":"Home","item":"https:\/\/bepet.pet\/loja\/"},{"@type":"ListItem","position":2,"name":"Shop","item":"https:\/\/bepet.pet\/loja\/shop-2\/"},{"@type":"ListItem","position":3,"name":"Biscoito PremieR Cookie para C\u00e3es Adultos Porte Pequeno Sabor Original &#8211; 250g"}]},{"@type":"WebSite","@id":"https:\/\/bepet.pet\/loja\/#website","url":"https:\/\/bepet.pet\/loja\/","name":"BePet","description":"Nossa vida \u00e9 cuidar do seu pet","publisher":{"@id":"https:\/\/bepet.pet\/loja\/#organization"},"potentialAction":[{"@type":"SearchAction","target":{"@type":"EntryPoint","urlTemplate":"https:\/\/bepet.pet\/loja\/?s={search_term_string}"},"query-input":{"@type":"PropertyValueSpecification","valueRequired":true,"valueName":"search_term_string"}}],"inLanguage":"pt-BR"},{"@type":"Organization","@id":"https:\/\/bepet.pet\/loja\/#organization","name":"BePet","url":"https:\/\/bepet.pet\/loja\/","logo":{"@type":"ImageObject","inLanguage":"pt-BR","@id":"https:\/\/bepet.pet\/loja\/#\/schema\/logo\/image\/","url":"https:\/\/bepet.pet\/loja\/wp-content\/uploads\/2020\/10\/logo.jpg","contentUrl":"https:\/\/bepet.pet\/loja\/wp-content\/uploads\/2020\/10\/logo.jpg","width":100,"height":99,"caption":"BePet"},"image":{"@id":"https:\/\/bepet.pet\/loja\/#\/schema\/logo\/image\/"}}]}},"jetpack_sharing_enabled":true,"_links":{"self":[{"href":"https:\/\/bepet.pet\/loja\/wp-json\/wp\/v2\/product\/9551","targetHints":{"allow":["GET"]}}],"collection":[{"href":"https:\/\/bepet.pet\/loja\/wp-json\/wp\/v2\/product"}],"about":[{"href":"https:\/\/bepet.pet\/loja\/wp-json\/wp\/v2\/types\/product"}],"replies":[{"embeddable":true,"href":"https:\/\/bepet.pet\/loja\/wp-json\/wp\/v2\/comments?post=9551"}],"wp:featuredmedia":[{"embeddable":true,"href":"https:\/\/bepet.pet\/loja\/wp-json\/wp\/v2\/media\/10363"}],"wp:attachment":[{"href":"https:\/\/bepet.pet\/loja\/wp-json\/wp\/v2\/media?parent=9551"}],"wp:term":[{"taxonomy":"product_brand","embeddable":true,"href":"https:\/\/bepet.pet\/loja\/wp-json\/wp\/v2\/product_brand?post=9551"},{"taxonomy":"product_cat","embeddable":true,"href":"https:\/\/bepet.pet\/loja\/wp-json\/wp\/v2\/product_cat?post=9551"},{"taxonomy":"product_tag","embeddable":true,"href":"https:\/\/bepet.pet\/loja\/wp-json\/wp\/v2\/product_tag?post=9551"}],"curies":[{"name":"wp","href":"https:\/\/api.w.org\/{rel}","templated":true}]}}