{"id":9498,"date":"2024-01-11T18:29:25","date_gmt":"2024-01-11T18:29:25","guid":{"rendered":"https:\/\/bepet.pet\/loja\/produto\/ograx-derme-10-30-capsulas\/"},"modified":"2025-12-10T17:17:50","modified_gmt":"2025-12-10T20:17:50","slug":"ograx-derme-10-30-capsulas","status":"publish","type":"product","link":"https:\/\/bepet.pet\/loja\/produto\/ograx-derme-10-30-capsulas\/","title":{"rendered":"Ograx Derme 10 30 c\u00e1psulas"},"content":{"rendered":"<p>Conhe\u00e7a o Ograx Derme 10, um produto revolucion\u00e1rio que vai transformar a sua pele. Composto por 30 c\u00e1psulas, este suplemento \u00e9 a solu\u00e7\u00e3o perfeita para quem busca uma pele saud\u00e1vel e radiante.<\/p>\n<p>Desenvolvido com ingredientes de alta qualidade, o Ograx Derme 10 atua de forma eficaz no combate aos sinais de envelhecimento, proporcionando uma apar\u00eancia mais jovem e rejuvenescida. Sua f\u00f3rmula exclusiva cont\u00e9m nutrientes essenciais que estimulam a produ\u00e7\u00e3o de col\u00e1geno, respons\u00e1vel pela elasticidade e firmeza da pele.<\/p>\n<p>Al\u00e9m disso, o Ograx Derme 10 tamb\u00e9m possui propriedades antioxidantes, que combatem os radicais livres e protegem a pele contra danos causados pelo estresse, polui\u00e7\u00e3o e exposi\u00e7\u00e3o solar. Com o uso regular do produto, voc\u00ea ir\u00e1 notar uma redu\u00e7\u00e3o significativa de rugas, linhas de express\u00e3o e manchas, deixando sua pele visivelmente mais bonita e saud\u00e1vel.<\/p>\n<p>A praticidade do Ograx Derme 10 tamb\u00e9m \u00e9 um grande diferencial. As c\u00e1psulas s\u00e3o f\u00e1ceis de serem ingeridas e podem ser incorporadas facilmente na sua rotina di\u00e1ria. Basta tomar uma c\u00e1psula por dia para desfrutar de todos os benef\u00edcios que este suplemento oferece.<\/p>\n<p>N\u00e3o perca tempo e adquira agora mesmo o Ograx Derme 10. Aproveite para garantir uma pele radiante e saud\u00e1vel, com resultados vis\u00edveis em pouco tempo. Experimente e comprove por si mesmo a efic\u00e1cia desse produto. A sua pele merece o melhor!<\/p>\n","protected":false},"excerpt":{"rendered":"<p>Conhe\u00e7a o Ograx Derme 10, um produto revolucion\u00e1rio que vai transformar a sua pele. Composto por 30 c\u00e1psulas, este suplemento \u00e9 a solu\u00e7\u00e3o perfeita para quem busca uma pele saud\u00e1vel e radiante. Desenvolvido com ingredientes de alta qualidade, o Ograx Derme 10 atua de forma eficaz no combate aos sinais de envelhecimento, proporcionando uma apar\u00eancia mais jovem e rejuvenescida. Sua f\u00f3rmula exclusiva cont\u00e9m nutrientes essenciais que estimulam a produ\u00e7\u00e3o de col\u00e1geno, respons\u00e1vel pela elasticidade e firmeza da pele. Al\u00e9m disso, o Ograx Derme 10 tamb\u00e9m possui propriedades antioxidantes, que combatem os radicais livres e protegem a pele contra danos causados pelo estresse, polui\u00e7\u00e3o e exposi\u00e7\u00e3o solar. Com o uso regular do produto, voc\u00ea ir\u00e1 notar uma redu\u00e7\u00e3o significativa de rugas, linhas de express\u00e3o e manchas, deixando sua pele visivelmente mais bonita e saud\u00e1vel. A praticidade do Ograx Derme 10 tamb\u00e9m \u00e9 um grande diferencial. As c\u00e1psulas s\u00e3o f\u00e1ceis de serem ingeridas e podem ser incorporadas facilmente na sua rotina di\u00e1ria. Basta tomar uma c\u00e1psula por dia para desfrutar de todos os benef\u00edcios que este suplemento oferece. N\u00e3o perca tempo e adquira agora mesmo o Ograx Derme 10. Aproveite para garantir uma pele radiante e saud\u00e1vel, com resultados vis\u00edveis em pouco&hellip; <a class=\"read-more-link\" href=\"https:\/\/bepet.pet\/loja\/produto\/ograx-derme-10-30-capsulas\/\">Read More<\/a><\/p>\n","protected":false},"featured_media":9497,"comment_status":"open","ping_status":"closed","template":"","meta":{"_kadence_starter_templates_imported_post":false},"product_brand":[],"product_cat":[120,145],"product_tag":[],"class_list":{"0":"post-9498","1":"product","2":"type-product","3":"status-publish","4":"has-post-thumbnail","6":"product_cat-medicamentos","7":"product_cat-suplementos-e-vitaminas","10":"first","11":"instock","12":"shipping-taxable","13":"purchasable","14":"product-type-simple"},"yoast_head":"<!-- This site is optimized with the Yoast SEO plugin v25.5 - https:\/\/yoast.com\/wordpress\/plugins\/seo\/ -->\n<title>Ograx Derme 10 30 c\u00e1psulas - BePet<\/title>\n<meta name=\"robots\" content=\"index, follow, max-snippet:-1, max-image-preview:large, max-video-preview:-1\" \/>\n<link rel=\"canonical\" href=\"https:\/\/bepet.pet\/loja\/produto\/ograx-derme-10-30-capsulas\/\" \/>\n<meta property=\"og:locale\" content=\"pt_BR\" \/>\n<meta property=\"og:type\" content=\"article\" \/>\n<meta property=\"og:title\" content=\"Ograx Derme 10 30 c\u00e1psulas - BePet\" \/>\n<meta property=\"og:description\" content=\"Conhe\u00e7a o Ograx Derme 10, um produto revolucion\u00e1rio que vai transformar a sua pele. Composto por 30 c\u00e1psulas, este suplemento \u00e9 a solu\u00e7\u00e3o perfeita para quem busca uma pele saud\u00e1vel e radiante. Desenvolvido com ingredientes de alta qualidade, o Ograx Derme 10 atua de forma eficaz no combate aos sinais de envelhecimento, proporcionando uma apar\u00eancia mais jovem e rejuvenescida. Sua f\u00f3rmula exclusiva cont\u00e9m nutrientes essenciais que estimulam a produ\u00e7\u00e3o de col\u00e1geno, respons\u00e1vel pela elasticidade e firmeza da pele. Al\u00e9m disso, o Ograx Derme 10 tamb\u00e9m possui propriedades antioxidantes, que combatem os radicais livres e protegem a pele contra danos causados pelo estresse, polui\u00e7\u00e3o e exposi\u00e7\u00e3o solar. Com o uso regular do produto, voc\u00ea ir\u00e1 notar uma redu\u00e7\u00e3o significativa de rugas, linhas de express\u00e3o e manchas, deixando sua pele visivelmente mais bonita e saud\u00e1vel. A praticidade do Ograx Derme 10 tamb\u00e9m \u00e9 um grande diferencial. As c\u00e1psulas s\u00e3o f\u00e1ceis de serem ingeridas e podem ser incorporadas facilmente na sua rotina di\u00e1ria. Basta tomar uma c\u00e1psula por dia para desfrutar de todos os benef\u00edcios que este suplemento oferece. N\u00e3o perca tempo e adquira agora mesmo o Ograx Derme 10. Aproveite para garantir uma pele radiante e saud\u00e1vel, com resultados vis\u00edveis em pouco&hellip; Read More\" \/>\n<meta property=\"og:url\" content=\"https:\/\/bepet.pet\/loja\/produto\/ograx-derme-10-30-capsulas\/\" \/>\n<meta property=\"og:site_name\" content=\"BePet\" \/>\n<meta property=\"article:modified_time\" content=\"2025-12-10T20:17:50+00:00\" \/>\n<meta name=\"twitter:card\" content=\"summary_large_image\" \/>\n<meta name=\"twitter:label1\" content=\"Est. tempo de leitura\" \/>\n\t<meta name=\"twitter:data1\" content=\"1 minuto\" \/>\n<script type=\"application\/ld+json\" class=\"yoast-schema-graph\">{\"@context\":\"https:\/\/schema.org\",\"@graph\":[{\"@type\":\"WebPage\",\"@id\":\"https:\/\/bepet.pet\/loja\/produto\/ograx-derme-10-30-capsulas\/\",\"url\":\"https:\/\/bepet.pet\/loja\/produto\/ograx-derme-10-30-capsulas\/\",\"name\":\"Ograx Derme 10 30 c\u00e1psulas - BePet\",\"isPartOf\":{\"@id\":\"https:\/\/bepet.pet\/loja\/#website\"},\"primaryImageOfPage\":{\"@id\":\"https:\/\/bepet.pet\/loja\/produto\/ograx-derme-10-30-capsulas\/#primaryimage\"},\"image\":{\"@id\":\"https:\/\/bepet.pet\/loja\/produto\/ograx-derme-10-30-capsulas\/#primaryimage\"},\"thumbnailUrl\":\"https:\/\/bepet.pet\/loja\/wp-content\/uploads\/2024\/01\/pad4d2b8e-aa2f-4523-a74b-576a14dacaf7.png\",\"datePublished\":\"2024-01-11T18:29:25+00:00\",\"dateModified\":\"2025-12-10T20:17:50+00:00\",\"breadcrumb\":{\"@id\":\"https:\/\/bepet.pet\/loja\/produto\/ograx-derme-10-30-capsulas\/#breadcrumb\"},\"inLanguage\":\"pt-BR\",\"potentialAction\":[{\"@type\":\"ReadAction\",\"target\":[\"https:\/\/bepet.pet\/loja\/produto\/ograx-derme-10-30-capsulas\/\"]}]},{\"@type\":\"ImageObject\",\"inLanguage\":\"pt-BR\",\"@id\":\"https:\/\/bepet.pet\/loja\/produto\/ograx-derme-10-30-capsulas\/#primaryimage\",\"url\":\"https:\/\/bepet.pet\/loja\/wp-content\/uploads\/2024\/01\/pad4d2b8e-aa2f-4523-a74b-576a14dacaf7.png\",\"contentUrl\":\"https:\/\/bepet.pet\/loja\/wp-content\/uploads\/2024\/01\/pad4d2b8e-aa2f-4523-a74b-576a14dacaf7.png\",\"width\":600,\"height\":450},{\"@type\":\"BreadcrumbList\",\"@id\":\"https:\/\/bepet.pet\/loja\/produto\/ograx-derme-10-30-capsulas\/#breadcrumb\",\"itemListElement\":[{\"@type\":\"ListItem\",\"position\":1,\"name\":\"Home\",\"item\":\"https:\/\/bepet.pet\/loja\/\"},{\"@type\":\"ListItem\",\"position\":2,\"name\":\"Shop\",\"item\":\"https:\/\/bepet.pet\/loja\/shop-2\/\"},{\"@type\":\"ListItem\",\"position\":3,\"name\":\"Ograx Derme 10 30 c\u00e1psulas\"}]},{\"@type\":\"WebSite\",\"@id\":\"https:\/\/bepet.pet\/loja\/#website\",\"url\":\"https:\/\/bepet.pet\/loja\/\",\"name\":\"BePet\",\"description\":\"Nossa vida \u00e9 cuidar do seu pet\",\"publisher\":{\"@id\":\"https:\/\/bepet.pet\/loja\/#organization\"},\"potentialAction\":[{\"@type\":\"SearchAction\",\"target\":{\"@type\":\"EntryPoint\",\"urlTemplate\":\"https:\/\/bepet.pet\/loja\/?s={search_term_string}\"},\"query-input\":{\"@type\":\"PropertyValueSpecification\",\"valueRequired\":true,\"valueName\":\"search_term_string\"}}],\"inLanguage\":\"pt-BR\"},{\"@type\":\"Organization\",\"@id\":\"https:\/\/bepet.pet\/loja\/#organization\",\"name\":\"BePet\",\"url\":\"https:\/\/bepet.pet\/loja\/\",\"logo\":{\"@type\":\"ImageObject\",\"inLanguage\":\"pt-BR\",\"@id\":\"https:\/\/bepet.pet\/loja\/#\/schema\/logo\/image\/\",\"url\":\"https:\/\/bepet.pet\/loja\/wp-content\/uploads\/2020\/10\/logo.jpg\",\"contentUrl\":\"https:\/\/bepet.pet\/loja\/wp-content\/uploads\/2020\/10\/logo.jpg\",\"width\":100,\"height\":99,\"caption\":\"BePet\"},\"image\":{\"@id\":\"https:\/\/bepet.pet\/loja\/#\/schema\/logo\/image\/\"}}]}<\/script>\n<!-- \/ Yoast SEO plugin. -->","yoast_head_json":{"title":"Ograx Derme 10 30 c\u00e1psulas - BePet","robots":{"index":"index","follow":"follow","max-snippet":"max-snippet:-1","max-image-preview":"max-image-preview:large","max-video-preview":"max-video-preview:-1"},"canonical":"https:\/\/bepet.pet\/loja\/produto\/ograx-derme-10-30-capsulas\/","og_locale":"pt_BR","og_type":"article","og_title":"Ograx Derme 10 30 c\u00e1psulas - BePet","og_description":"Conhe\u00e7a o Ograx Derme 10, um produto revolucion\u00e1rio que vai transformar a sua pele. Composto por 30 c\u00e1psulas, este suplemento \u00e9 a solu\u00e7\u00e3o perfeita para quem busca uma pele saud\u00e1vel e radiante. Desenvolvido com ingredientes de alta qualidade, o Ograx Derme 10 atua de forma eficaz no combate aos sinais de envelhecimento, proporcionando uma apar\u00eancia mais jovem e rejuvenescida. Sua f\u00f3rmula exclusiva cont\u00e9m nutrientes essenciais que estimulam a produ\u00e7\u00e3o de col\u00e1geno, respons\u00e1vel pela elasticidade e firmeza da pele. Al\u00e9m disso, o Ograx Derme 10 tamb\u00e9m possui propriedades antioxidantes, que combatem os radicais livres e protegem a pele contra danos causados pelo estresse, polui\u00e7\u00e3o e exposi\u00e7\u00e3o solar. Com o uso regular do produto, voc\u00ea ir\u00e1 notar uma redu\u00e7\u00e3o significativa de rugas, linhas de express\u00e3o e manchas, deixando sua pele visivelmente mais bonita e saud\u00e1vel. A praticidade do Ograx Derme 10 tamb\u00e9m \u00e9 um grande diferencial. As c\u00e1psulas s\u00e3o f\u00e1ceis de serem ingeridas e podem ser incorporadas facilmente na sua rotina di\u00e1ria. Basta tomar uma c\u00e1psula por dia para desfrutar de todos os benef\u00edcios que este suplemento oferece. N\u00e3o perca tempo e adquira agora mesmo o Ograx Derme 10. Aproveite para garantir uma pele radiante e saud\u00e1vel, com resultados vis\u00edveis em pouco&hellip; Read More","og_url":"https:\/\/bepet.pet\/loja\/produto\/ograx-derme-10-30-capsulas\/","og_site_name":"BePet","article_modified_time":"2025-12-10T20:17:50+00:00","twitter_card":"summary_large_image","twitter_misc":{"Est. tempo de leitura":"1 minuto"},"schema":{"@context":"https:\/\/schema.org","@graph":[{"@type":"WebPage","@id":"https:\/\/bepet.pet\/loja\/produto\/ograx-derme-10-30-capsulas\/","url":"https:\/\/bepet.pet\/loja\/produto\/ograx-derme-10-30-capsulas\/","name":"Ograx Derme 10 30 c\u00e1psulas - BePet","isPartOf":{"@id":"https:\/\/bepet.pet\/loja\/#website"},"primaryImageOfPage":{"@id":"https:\/\/bepet.pet\/loja\/produto\/ograx-derme-10-30-capsulas\/#primaryimage"},"image":{"@id":"https:\/\/bepet.pet\/loja\/produto\/ograx-derme-10-30-capsulas\/#primaryimage"},"thumbnailUrl":"https:\/\/bepet.pet\/loja\/wp-content\/uploads\/2024\/01\/pad4d2b8e-aa2f-4523-a74b-576a14dacaf7.png","datePublished":"2024-01-11T18:29:25+00:00","dateModified":"2025-12-10T20:17:50+00:00","breadcrumb":{"@id":"https:\/\/bepet.pet\/loja\/produto\/ograx-derme-10-30-capsulas\/#breadcrumb"},"inLanguage":"pt-BR","potentialAction":[{"@type":"ReadAction","target":["https:\/\/bepet.pet\/loja\/produto\/ograx-derme-10-30-capsulas\/"]}]},{"@type":"ImageObject","inLanguage":"pt-BR","@id":"https:\/\/bepet.pet\/loja\/produto\/ograx-derme-10-30-capsulas\/#primaryimage","url":"https:\/\/bepet.pet\/loja\/wp-content\/uploads\/2024\/01\/pad4d2b8e-aa2f-4523-a74b-576a14dacaf7.png","contentUrl":"https:\/\/bepet.pet\/loja\/wp-content\/uploads\/2024\/01\/pad4d2b8e-aa2f-4523-a74b-576a14dacaf7.png","width":600,"height":450},{"@type":"BreadcrumbList","@id":"https:\/\/bepet.pet\/loja\/produto\/ograx-derme-10-30-capsulas\/#breadcrumb","itemListElement":[{"@type":"ListItem","position":1,"name":"Home","item":"https:\/\/bepet.pet\/loja\/"},{"@type":"ListItem","position":2,"name":"Shop","item":"https:\/\/bepet.pet\/loja\/shop-2\/"},{"@type":"ListItem","position":3,"name":"Ograx Derme 10 30 c\u00e1psulas"}]},{"@type":"WebSite","@id":"https:\/\/bepet.pet\/loja\/#website","url":"https:\/\/bepet.pet\/loja\/","name":"BePet","description":"Nossa vida \u00e9 cuidar do seu pet","publisher":{"@id":"https:\/\/bepet.pet\/loja\/#organization"},"potentialAction":[{"@type":"SearchAction","target":{"@type":"EntryPoint","urlTemplate":"https:\/\/bepet.pet\/loja\/?s={search_term_string}"},"query-input":{"@type":"PropertyValueSpecification","valueRequired":true,"valueName":"search_term_string"}}],"inLanguage":"pt-BR"},{"@type":"Organization","@id":"https:\/\/bepet.pet\/loja\/#organization","name":"BePet","url":"https:\/\/bepet.pet\/loja\/","logo":{"@type":"ImageObject","inLanguage":"pt-BR","@id":"https:\/\/bepet.pet\/loja\/#\/schema\/logo\/image\/","url":"https:\/\/bepet.pet\/loja\/wp-content\/uploads\/2020\/10\/logo.jpg","contentUrl":"https:\/\/bepet.pet\/loja\/wp-content\/uploads\/2020\/10\/logo.jpg","width":100,"height":99,"caption":"BePet"},"image":{"@id":"https:\/\/bepet.pet\/loja\/#\/schema\/logo\/image\/"}}]}},"jetpack_sharing_enabled":true,"_links":{"self":[{"href":"https:\/\/bepet.pet\/loja\/wp-json\/wp\/v2\/product\/9498","targetHints":{"allow":["GET"]}}],"collection":[{"href":"https:\/\/bepet.pet\/loja\/wp-json\/wp\/v2\/product"}],"about":[{"href":"https:\/\/bepet.pet\/loja\/wp-json\/wp\/v2\/types\/product"}],"replies":[{"embeddable":true,"href":"https:\/\/bepet.pet\/loja\/wp-json\/wp\/v2\/comments?post=9498"}],"wp:featuredmedia":[{"embeddable":true,"href":"https:\/\/bepet.pet\/loja\/wp-json\/wp\/v2\/media\/9497"}],"wp:attachment":[{"href":"https:\/\/bepet.pet\/loja\/wp-json\/wp\/v2\/media?parent=9498"}],"wp:term":[{"taxonomy":"product_brand","embeddable":true,"href":"https:\/\/bepet.pet\/loja\/wp-json\/wp\/v2\/product_brand?post=9498"},{"taxonomy":"product_cat","embeddable":true,"href":"https:\/\/bepet.pet\/loja\/wp-json\/wp\/v2\/product_cat?post=9498"},{"taxonomy":"product_tag","embeddable":true,"href":"https:\/\/bepet.pet\/loja\/wp-json\/wp\/v2\/product_tag?post=9498"}],"curies":[{"name":"wp","href":"https:\/\/api.w.org\/{rel}","templated":true}]}}