{"id":9405,"date":"2024-01-10T17:59:53","date_gmt":"2024-01-10T20:59:53","guid":{"rendered":"https:\/\/bepet.pet\/loja\/produto\/racao-vet-life-natural-urinary-struvite-para-gatos-adultos-struvite-2kg\/"},"modified":"2025-12-10T17:43:20","modified_gmt":"2025-12-10T20:43:20","slug":"racao-vet-life-natural-urinary-struvite-para-gatos-adultos-struvite-2kg","status":"publish","type":"product","link":"https:\/\/bepet.pet\/loja\/produto\/racao-vet-life-natural-urinary-struvite-para-gatos-adultos-struvite-2kg\/","title":{"rendered":"Ra\u00e7\u00e3o Vet Life Natural Urinary Struvite para Gatos Adultos &#8211; Struvite 2kg"},"content":{"rendered":"<p>A Ra\u00e7\u00e3o Vet Life Natural Urinary Struvite para Gatos Adultos \u00e9 a solu\u00e7\u00e3o perfeita para cuidar da sa\u00fade do seu felino de maneira eficaz e natural. Com uma f\u00f3rmula exclusiva e balanceada, esse alimento \u00e9 especialmente desenvolvido para gatos com problemas urin\u00e1rios, como a forma\u00e7\u00e3o de cristais de estruvita.<\/p>\n<p>Com um alto teor de fibras sol\u00faveis e ingredientes selecionados, a Ra\u00e7\u00e3o Vet Life Natural Urinary Struvite auxilia na preven\u00e7\u00e3o e tratamento desses problemas, promovendo a sa\u00fade do trato urin\u00e1rio do seu gato. Al\u00e9m disso, ela contribui para o equil\u00edbrio do pH urin\u00e1rio, evitando a forma\u00e7\u00e3o de novos cristais e garantindo o bem-estar do seu amigo de quatro patas.<\/p>\n<p>Ao optar pela Ra\u00e7\u00e3o Vet Life Natural Urinary Struvite, voc\u00ea estar\u00e1 proporcionando ao seu gato uma alimenta\u00e7\u00e3o completa e balanceada, com todos os nutrientes necess\u00e1rios para uma vida saud\u00e1vel. Seu sabor irresist\u00edvel e textura agrad\u00e1vel tornam a refei\u00e7\u00e3o ainda mais prazerosa para o seu felino.<\/p>\n<p>Dispon\u00edvel em embalagens de 2kg, a Ra\u00e7\u00e3o Vet Life Natural Urinary Struvite \u00e9 o investimento certo para a sa\u00fade do seu gato. Al\u00e9m disso, voc\u00ea pode adquiri-la de forma pr\u00e1tica e segura em nosso e-commerce, garantindo a comodidade de receber o produto diretamente em sua casa.<\/p>\n<p>N\u00e3o deixe que problemas urin\u00e1rios afetem a qualidade de vida do seu gato. Invista na Ra\u00e7\u00e3o Vet Life Natural Urinary Struvite e proporcione a ele uma alimenta\u00e7\u00e3o de qualidade, que cuida da sa\u00fade e bem-estar do seu felino. Afinal, ele merece o melhor!<\/p>\n","protected":false},"excerpt":{"rendered":"<p>A Ra\u00e7\u00e3o Vet Life Natural Urinary Struvite para Gatos Adultos \u00e9 a solu\u00e7\u00e3o perfeita para cuidar da sa\u00fade do seu felino de maneira eficaz e natural. Com uma f\u00f3rmula exclusiva e balanceada, esse alimento \u00e9 especialmente desenvolvido para gatos com problemas urin\u00e1rios, como a forma\u00e7\u00e3o de cristais de estruvita. Com um alto teor de fibras sol\u00faveis e ingredientes selecionados, a Ra\u00e7\u00e3o Vet Life Natural Urinary Struvite auxilia na preven\u00e7\u00e3o e tratamento desses problemas, promovendo a sa\u00fade do trato urin\u00e1rio do seu gato. Al\u00e9m disso, ela contribui para o equil\u00edbrio do pH urin\u00e1rio, evitando a forma\u00e7\u00e3o de novos cristais e garantindo o bem-estar do seu amigo de quatro patas. Ao optar pela Ra\u00e7\u00e3o Vet Life Natural Urinary Struvite, voc\u00ea estar\u00e1 proporcionando ao seu gato uma alimenta\u00e7\u00e3o completa e balanceada, com todos os nutrientes necess\u00e1rios para uma vida saud\u00e1vel. Seu sabor irresist\u00edvel e textura agrad\u00e1vel tornam a refei\u00e7\u00e3o ainda mais prazerosa para o seu felino. Dispon\u00edvel em embalagens de 2kg, a Ra\u00e7\u00e3o Vet Life Natural Urinary Struvite \u00e9 o investimento certo para a sa\u00fade do seu gato. Al\u00e9m disso, voc\u00ea pode adquiri-la de forma pr\u00e1tica e segura em nosso e-commerce, garantindo a comodidade de receber o produto diretamente em sua casa. N\u00e3o&hellip; <a class=\"read-more-link\" href=\"https:\/\/bepet.pet\/loja\/produto\/racao-vet-life-natural-urinary-struvite-para-gatos-adultos-struvite-2kg\/\">Read More<\/a><\/p>\n","protected":false},"featured_media":9870,"comment_status":"open","ping_status":"closed","template":"","meta":{"_kadence_starter_templates_imported_post":false},"product_brand":[],"product_cat":[121,135],"product_tag":[],"class_list":{"0":"post-9405","1":"product","2":"type-product","3":"status-publish","4":"has-post-thumbnail","6":"product_cat-racoes","7":"product_cat-terapeuticas-gatos","10":"first","11":"instock","12":"shipping-taxable","13":"purchasable","14":"product-type-simple"},"yoast_head":"<!-- This site is optimized with the Yoast SEO plugin v25.5 - https:\/\/yoast.com\/wordpress\/plugins\/seo\/ -->\n<title>Ra\u00e7\u00e3o Vet Life Natural Urinary Struvite para Gatos Adultos - Struvite 2kg - BePet<\/title>\n<meta name=\"robots\" content=\"index, follow, max-snippet:-1, max-image-preview:large, max-video-preview:-1\" \/>\n<link rel=\"canonical\" href=\"https:\/\/bepet.pet\/loja\/produto\/racao-vet-life-natural-urinary-struvite-para-gatos-adultos-struvite-2kg\/\" \/>\n<meta property=\"og:locale\" content=\"pt_BR\" \/>\n<meta property=\"og:type\" content=\"article\" \/>\n<meta property=\"og:title\" content=\"Ra\u00e7\u00e3o Vet Life Natural Urinary Struvite para Gatos Adultos - Struvite 2kg - BePet\" \/>\n<meta property=\"og:description\" content=\"A Ra\u00e7\u00e3o Vet Life Natural Urinary Struvite para Gatos Adultos \u00e9 a solu\u00e7\u00e3o perfeita para cuidar da sa\u00fade do seu felino de maneira eficaz e natural. Com uma f\u00f3rmula exclusiva e balanceada, esse alimento \u00e9 especialmente desenvolvido para gatos com problemas urin\u00e1rios, como a forma\u00e7\u00e3o de cristais de estruvita. Com um alto teor de fibras sol\u00faveis e ingredientes selecionados, a Ra\u00e7\u00e3o Vet Life Natural Urinary Struvite auxilia na preven\u00e7\u00e3o e tratamento desses problemas, promovendo a sa\u00fade do trato urin\u00e1rio do seu gato. Al\u00e9m disso, ela contribui para o equil\u00edbrio do pH urin\u00e1rio, evitando a forma\u00e7\u00e3o de novos cristais e garantindo o bem-estar do seu amigo de quatro patas. Ao optar pela Ra\u00e7\u00e3o Vet Life Natural Urinary Struvite, voc\u00ea estar\u00e1 proporcionando ao seu gato uma alimenta\u00e7\u00e3o completa e balanceada, com todos os nutrientes necess\u00e1rios para uma vida saud\u00e1vel. Seu sabor irresist\u00edvel e textura agrad\u00e1vel tornam a refei\u00e7\u00e3o ainda mais prazerosa para o seu felino. Dispon\u00edvel em embalagens de 2kg, a Ra\u00e7\u00e3o Vet Life Natural Urinary Struvite \u00e9 o investimento certo para a sa\u00fade do seu gato. Al\u00e9m disso, voc\u00ea pode adquiri-la de forma pr\u00e1tica e segura em nosso e-commerce, garantindo a comodidade de receber o produto diretamente em sua casa. N\u00e3o&hellip; Read More\" \/>\n<meta property=\"og:url\" content=\"https:\/\/bepet.pet\/loja\/produto\/racao-vet-life-natural-urinary-struvite-para-gatos-adultos-struvite-2kg\/\" \/>\n<meta property=\"og:site_name\" content=\"BePet\" \/>\n<meta property=\"article:modified_time\" content=\"2025-12-10T20:43:20+00:00\" \/>\n<meta property=\"og:image\" content=\"https:\/\/bepet.pet\/loja\/wp-content\/uploads\/2024\/01\/p5397f7fe-dd68-47e5-a68e-9fa9c667a0fc.png\" \/>\n\t<meta property=\"og:image:width\" content=\"800\" \/>\n\t<meta property=\"og:image:height\" content=\"800\" \/>\n\t<meta property=\"og:image:type\" content=\"image\/png\" \/>\n<meta name=\"twitter:card\" content=\"summary_large_image\" \/>\n<meta name=\"twitter:label1\" content=\"Est. tempo de leitura\" \/>\n\t<meta name=\"twitter:data1\" content=\"1 minuto\" \/>\n<script type=\"application\/ld+json\" class=\"yoast-schema-graph\">{\"@context\":\"https:\/\/schema.org\",\"@graph\":[{\"@type\":\"WebPage\",\"@id\":\"https:\/\/bepet.pet\/loja\/produto\/racao-vet-life-natural-urinary-struvite-para-gatos-adultos-struvite-2kg\/\",\"url\":\"https:\/\/bepet.pet\/loja\/produto\/racao-vet-life-natural-urinary-struvite-para-gatos-adultos-struvite-2kg\/\",\"name\":\"Ra\u00e7\u00e3o Vet Life Natural Urinary Struvite para Gatos Adultos - Struvite 2kg - BePet\",\"isPartOf\":{\"@id\":\"https:\/\/bepet.pet\/loja\/#website\"},\"primaryImageOfPage\":{\"@id\":\"https:\/\/bepet.pet\/loja\/produto\/racao-vet-life-natural-urinary-struvite-para-gatos-adultos-struvite-2kg\/#primaryimage\"},\"image\":{\"@id\":\"https:\/\/bepet.pet\/loja\/produto\/racao-vet-life-natural-urinary-struvite-para-gatos-adultos-struvite-2kg\/#primaryimage\"},\"thumbnailUrl\":\"https:\/\/bepet.pet\/loja\/wp-content\/uploads\/2024\/01\/p5397f7fe-dd68-47e5-a68e-9fa9c667a0fc.png\",\"datePublished\":\"2024-01-10T20:59:53+00:00\",\"dateModified\":\"2025-12-10T20:43:20+00:00\",\"breadcrumb\":{\"@id\":\"https:\/\/bepet.pet\/loja\/produto\/racao-vet-life-natural-urinary-struvite-para-gatos-adultos-struvite-2kg\/#breadcrumb\"},\"inLanguage\":\"pt-BR\",\"potentialAction\":[{\"@type\":\"ReadAction\",\"target\":[\"https:\/\/bepet.pet\/loja\/produto\/racao-vet-life-natural-urinary-struvite-para-gatos-adultos-struvite-2kg\/\"]}]},{\"@type\":\"ImageObject\",\"inLanguage\":\"pt-BR\",\"@id\":\"https:\/\/bepet.pet\/loja\/produto\/racao-vet-life-natural-urinary-struvite-para-gatos-adultos-struvite-2kg\/#primaryimage\",\"url\":\"https:\/\/bepet.pet\/loja\/wp-content\/uploads\/2024\/01\/p5397f7fe-dd68-47e5-a68e-9fa9c667a0fc.png\",\"contentUrl\":\"https:\/\/bepet.pet\/loja\/wp-content\/uploads\/2024\/01\/p5397f7fe-dd68-47e5-a68e-9fa9c667a0fc.png\",\"width\":800,\"height\":800},{\"@type\":\"BreadcrumbList\",\"@id\":\"https:\/\/bepet.pet\/loja\/produto\/racao-vet-life-natural-urinary-struvite-para-gatos-adultos-struvite-2kg\/#breadcrumb\",\"itemListElement\":[{\"@type\":\"ListItem\",\"position\":1,\"name\":\"Home\",\"item\":\"https:\/\/bepet.pet\/loja\/\"},{\"@type\":\"ListItem\",\"position\":2,\"name\":\"Shop\",\"item\":\"https:\/\/bepet.pet\/loja\/shop-2\/\"},{\"@type\":\"ListItem\",\"position\":3,\"name\":\"Ra\u00e7\u00e3o Vet Life Natural Urinary Struvite para Gatos Adultos &#8211; Struvite 2kg\"}]},{\"@type\":\"WebSite\",\"@id\":\"https:\/\/bepet.pet\/loja\/#website\",\"url\":\"https:\/\/bepet.pet\/loja\/\",\"name\":\"BePet\",\"description\":\"Nossa vida \u00e9 cuidar do seu pet\",\"publisher\":{\"@id\":\"https:\/\/bepet.pet\/loja\/#organization\"},\"potentialAction\":[{\"@type\":\"SearchAction\",\"target\":{\"@type\":\"EntryPoint\",\"urlTemplate\":\"https:\/\/bepet.pet\/loja\/?s={search_term_string}\"},\"query-input\":{\"@type\":\"PropertyValueSpecification\",\"valueRequired\":true,\"valueName\":\"search_term_string\"}}],\"inLanguage\":\"pt-BR\"},{\"@type\":\"Organization\",\"@id\":\"https:\/\/bepet.pet\/loja\/#organization\",\"name\":\"BePet\",\"url\":\"https:\/\/bepet.pet\/loja\/\",\"logo\":{\"@type\":\"ImageObject\",\"inLanguage\":\"pt-BR\",\"@id\":\"https:\/\/bepet.pet\/loja\/#\/schema\/logo\/image\/\",\"url\":\"https:\/\/bepet.pet\/loja\/wp-content\/uploads\/2020\/10\/logo.jpg\",\"contentUrl\":\"https:\/\/bepet.pet\/loja\/wp-content\/uploads\/2020\/10\/logo.jpg\",\"width\":100,\"height\":99,\"caption\":\"BePet\"},\"image\":{\"@id\":\"https:\/\/bepet.pet\/loja\/#\/schema\/logo\/image\/\"}}]}<\/script>\n<!-- \/ Yoast SEO plugin. -->","yoast_head_json":{"title":"Ra\u00e7\u00e3o Vet Life Natural Urinary Struvite para Gatos Adultos - Struvite 2kg - BePet","robots":{"index":"index","follow":"follow","max-snippet":"max-snippet:-1","max-image-preview":"max-image-preview:large","max-video-preview":"max-video-preview:-1"},"canonical":"https:\/\/bepet.pet\/loja\/produto\/racao-vet-life-natural-urinary-struvite-para-gatos-adultos-struvite-2kg\/","og_locale":"pt_BR","og_type":"article","og_title":"Ra\u00e7\u00e3o Vet Life Natural Urinary Struvite para Gatos Adultos - Struvite 2kg - BePet","og_description":"A Ra\u00e7\u00e3o Vet Life Natural Urinary Struvite para Gatos Adultos \u00e9 a solu\u00e7\u00e3o perfeita para cuidar da sa\u00fade do seu felino de maneira eficaz e natural. Com uma f\u00f3rmula exclusiva e balanceada, esse alimento \u00e9 especialmente desenvolvido para gatos com problemas urin\u00e1rios, como a forma\u00e7\u00e3o de cristais de estruvita. Com um alto teor de fibras sol\u00faveis e ingredientes selecionados, a Ra\u00e7\u00e3o Vet Life Natural Urinary Struvite auxilia na preven\u00e7\u00e3o e tratamento desses problemas, promovendo a sa\u00fade do trato urin\u00e1rio do seu gato. Al\u00e9m disso, ela contribui para o equil\u00edbrio do pH urin\u00e1rio, evitando a forma\u00e7\u00e3o de novos cristais e garantindo o bem-estar do seu amigo de quatro patas. Ao optar pela Ra\u00e7\u00e3o Vet Life Natural Urinary Struvite, voc\u00ea estar\u00e1 proporcionando ao seu gato uma alimenta\u00e7\u00e3o completa e balanceada, com todos os nutrientes necess\u00e1rios para uma vida saud\u00e1vel. Seu sabor irresist\u00edvel e textura agrad\u00e1vel tornam a refei\u00e7\u00e3o ainda mais prazerosa para o seu felino. Dispon\u00edvel em embalagens de 2kg, a Ra\u00e7\u00e3o Vet Life Natural Urinary Struvite \u00e9 o investimento certo para a sa\u00fade do seu gato. Al\u00e9m disso, voc\u00ea pode adquiri-la de forma pr\u00e1tica e segura em nosso e-commerce, garantindo a comodidade de receber o produto diretamente em sua casa. N\u00e3o&hellip; Read More","og_url":"https:\/\/bepet.pet\/loja\/produto\/racao-vet-life-natural-urinary-struvite-para-gatos-adultos-struvite-2kg\/","og_site_name":"BePet","article_modified_time":"2025-12-10T20:43:20+00:00","og_image":[{"width":800,"height":800,"url":"https:\/\/bepet.pet\/loja\/wp-content\/uploads\/2024\/01\/p5397f7fe-dd68-47e5-a68e-9fa9c667a0fc.png","type":"image\/png"}],"twitter_card":"summary_large_image","twitter_misc":{"Est. tempo de leitura":"1 minuto"},"schema":{"@context":"https:\/\/schema.org","@graph":[{"@type":"WebPage","@id":"https:\/\/bepet.pet\/loja\/produto\/racao-vet-life-natural-urinary-struvite-para-gatos-adultos-struvite-2kg\/","url":"https:\/\/bepet.pet\/loja\/produto\/racao-vet-life-natural-urinary-struvite-para-gatos-adultos-struvite-2kg\/","name":"Ra\u00e7\u00e3o Vet Life Natural Urinary Struvite para Gatos Adultos - Struvite 2kg - BePet","isPartOf":{"@id":"https:\/\/bepet.pet\/loja\/#website"},"primaryImageOfPage":{"@id":"https:\/\/bepet.pet\/loja\/produto\/racao-vet-life-natural-urinary-struvite-para-gatos-adultos-struvite-2kg\/#primaryimage"},"image":{"@id":"https:\/\/bepet.pet\/loja\/produto\/racao-vet-life-natural-urinary-struvite-para-gatos-adultos-struvite-2kg\/#primaryimage"},"thumbnailUrl":"https:\/\/bepet.pet\/loja\/wp-content\/uploads\/2024\/01\/p5397f7fe-dd68-47e5-a68e-9fa9c667a0fc.png","datePublished":"2024-01-10T20:59:53+00:00","dateModified":"2025-12-10T20:43:20+00:00","breadcrumb":{"@id":"https:\/\/bepet.pet\/loja\/produto\/racao-vet-life-natural-urinary-struvite-para-gatos-adultos-struvite-2kg\/#breadcrumb"},"inLanguage":"pt-BR","potentialAction":[{"@type":"ReadAction","target":["https:\/\/bepet.pet\/loja\/produto\/racao-vet-life-natural-urinary-struvite-para-gatos-adultos-struvite-2kg\/"]}]},{"@type":"ImageObject","inLanguage":"pt-BR","@id":"https:\/\/bepet.pet\/loja\/produto\/racao-vet-life-natural-urinary-struvite-para-gatos-adultos-struvite-2kg\/#primaryimage","url":"https:\/\/bepet.pet\/loja\/wp-content\/uploads\/2024\/01\/p5397f7fe-dd68-47e5-a68e-9fa9c667a0fc.png","contentUrl":"https:\/\/bepet.pet\/loja\/wp-content\/uploads\/2024\/01\/p5397f7fe-dd68-47e5-a68e-9fa9c667a0fc.png","width":800,"height":800},{"@type":"BreadcrumbList","@id":"https:\/\/bepet.pet\/loja\/produto\/racao-vet-life-natural-urinary-struvite-para-gatos-adultos-struvite-2kg\/#breadcrumb","itemListElement":[{"@type":"ListItem","position":1,"name":"Home","item":"https:\/\/bepet.pet\/loja\/"},{"@type":"ListItem","position":2,"name":"Shop","item":"https:\/\/bepet.pet\/loja\/shop-2\/"},{"@type":"ListItem","position":3,"name":"Ra\u00e7\u00e3o Vet Life Natural Urinary Struvite para Gatos Adultos &#8211; Struvite 2kg"}]},{"@type":"WebSite","@id":"https:\/\/bepet.pet\/loja\/#website","url":"https:\/\/bepet.pet\/loja\/","name":"BePet","description":"Nossa vida \u00e9 cuidar do seu pet","publisher":{"@id":"https:\/\/bepet.pet\/loja\/#organization"},"potentialAction":[{"@type":"SearchAction","target":{"@type":"EntryPoint","urlTemplate":"https:\/\/bepet.pet\/loja\/?s={search_term_string}"},"query-input":{"@type":"PropertyValueSpecification","valueRequired":true,"valueName":"search_term_string"}}],"inLanguage":"pt-BR"},{"@type":"Organization","@id":"https:\/\/bepet.pet\/loja\/#organization","name":"BePet","url":"https:\/\/bepet.pet\/loja\/","logo":{"@type":"ImageObject","inLanguage":"pt-BR","@id":"https:\/\/bepet.pet\/loja\/#\/schema\/logo\/image\/","url":"https:\/\/bepet.pet\/loja\/wp-content\/uploads\/2020\/10\/logo.jpg","contentUrl":"https:\/\/bepet.pet\/loja\/wp-content\/uploads\/2020\/10\/logo.jpg","width":100,"height":99,"caption":"BePet"},"image":{"@id":"https:\/\/bepet.pet\/loja\/#\/schema\/logo\/image\/"}}]}},"jetpack_sharing_enabled":true,"_links":{"self":[{"href":"https:\/\/bepet.pet\/loja\/wp-json\/wp\/v2\/product\/9405","targetHints":{"allow":["GET"]}}],"collection":[{"href":"https:\/\/bepet.pet\/loja\/wp-json\/wp\/v2\/product"}],"about":[{"href":"https:\/\/bepet.pet\/loja\/wp-json\/wp\/v2\/types\/product"}],"replies":[{"embeddable":true,"href":"https:\/\/bepet.pet\/loja\/wp-json\/wp\/v2\/comments?post=9405"}],"wp:featuredmedia":[{"embeddable":true,"href":"https:\/\/bepet.pet\/loja\/wp-json\/wp\/v2\/media\/9870"}],"wp:attachment":[{"href":"https:\/\/bepet.pet\/loja\/wp-json\/wp\/v2\/media?parent=9405"}],"wp:term":[{"taxonomy":"product_brand","embeddable":true,"href":"https:\/\/bepet.pet\/loja\/wp-json\/wp\/v2\/product_brand?post=9405"},{"taxonomy":"product_cat","embeddable":true,"href":"https:\/\/bepet.pet\/loja\/wp-json\/wp\/v2\/product_cat?post=9405"},{"taxonomy":"product_tag","embeddable":true,"href":"https:\/\/bepet.pet\/loja\/wp-json\/wp\/v2\/product_tag?post=9405"}],"curies":[{"name":"wp","href":"https:\/\/api.w.org\/{rel}","templated":true}]}}