{"id":9373,"date":"2024-01-10T20:37:11","date_gmt":"2024-01-10T20:37:11","guid":{"rendered":"https:\/\/bepet.pet\/loja\/produto\/racao-vet-life-natural-mini-canine-hypoallergenic-2kg\/"},"modified":"2025-12-10T17:06:03","modified_gmt":"2025-12-10T20:06:03","slug":"racao-vet-life-natural-mini-canine-hypoallergenic-2kg","status":"publish","type":"product","link":"https:\/\/bepet.pet\/loja\/produto\/racao-vet-life-natural-mini-canine-hypoallergenic-2kg\/","title":{"rendered":"Ra\u00e7\u00e3o Vet Life Natural Mini Canine Hypoallergenic 2kg"},"content":{"rendered":"<p>A Vet Life Natural Mini Canine Hypoallergenic 2kg \u00e9 a solu\u00e7\u00e3o perfeita para c\u00e3es de pequeno porte com sensibilidade alimentar. Desenvolvida com ingredientes cuidadosamente selecionados, essa ra\u00e7\u00e3o \u00e9 a op\u00e7\u00e3o ideal para garantir a sa\u00fade e o bem-estar do seu pet.<\/p>\n<p>Com sua f\u00f3rmula hipoalerg\u00eanica, livre de corantes e aromatizantes artificiais, essa ra\u00e7\u00e3o \u00e9 especialmente formulada para minimizar o risco de rea\u00e7\u00f5es al\u00e9rgicas, proporcionando uma alimenta\u00e7\u00e3o segura e nutritiva para o seu c\u00e3ozinho.<\/p>\n<p>Al\u00e9m disso, a Vet Life Natural Mini Canine Hypoallergenic 2kg \u00e9 enriquecida com nutrientes essenciais, como \u00f4mega 3 e 6, que contribuem para a sa\u00fade da pele e pelagem, fortalecendo o sistema imunol\u00f3gico e promovendo uma apar\u00eancia saud\u00e1vel e brilhante.<\/p>\n<p>Com um sabor irresist\u00edvel, essa ra\u00e7\u00e3o vai conquistar o paladar exigente do seu pet, incentivando-o a se alimentar de forma adequada e balanceada. Seu tamanho miniatura \u00e9 especialmente desenvolvido para c\u00e3es de porte pequeno, facilitando a mastiga\u00e7\u00e3o e digest\u00e3o.<\/p>\n<p>No e-commerce, voc\u00ea encontrar\u00e1 essa ra\u00e7\u00e3o em embalagem de 2kg, perfeita para experimentar e comprovar os benef\u00edcios que ela proporciona ao seu pet. Aproveite essa oportunidade e garanta uma alimenta\u00e7\u00e3o de qualidade para o seu c\u00e3ozinho.<\/p>\n<p>N\u00e3o perca tempo e adquira agora mesmo a Vet Life Natural Mini Canine Hypoallergenic 2kg. Seu pet merece o melhor!<\/p>\n","protected":false},"excerpt":{"rendered":"<p>A Vet Life Natural Mini Canine Hypoallergenic 2kg \u00e9 a solu\u00e7\u00e3o perfeita para c\u00e3es de pequeno porte com sensibilidade alimentar. Desenvolvida com ingredientes cuidadosamente selecionados, essa ra\u00e7\u00e3o \u00e9 a op\u00e7\u00e3o ideal para garantir a sa\u00fade e o bem-estar do seu pet. Com sua f\u00f3rmula hipoalerg\u00eanica, livre de corantes e aromatizantes artificiais, essa ra\u00e7\u00e3o \u00e9 especialmente formulada para minimizar o risco de rea\u00e7\u00f5es al\u00e9rgicas, proporcionando uma alimenta\u00e7\u00e3o segura e nutritiva para o seu c\u00e3ozinho. Al\u00e9m disso, a Vet Life Natural Mini Canine Hypoallergenic 2kg \u00e9 enriquecida com nutrientes essenciais, como \u00f4mega 3 e 6, que contribuem para a sa\u00fade da pele e pelagem, fortalecendo o sistema imunol\u00f3gico e promovendo uma apar\u00eancia saud\u00e1vel e brilhante. Com um sabor irresist\u00edvel, essa ra\u00e7\u00e3o vai conquistar o paladar exigente do seu pet, incentivando-o a se alimentar de forma adequada e balanceada. Seu tamanho miniatura \u00e9 especialmente desenvolvido para c\u00e3es de porte pequeno, facilitando a mastiga\u00e7\u00e3o e digest\u00e3o. No e-commerce, voc\u00ea encontrar\u00e1 essa ra\u00e7\u00e3o em embalagem de 2kg, perfeita para experimentar e comprovar os benef\u00edcios que ela proporciona ao seu pet. Aproveite essa oportunidade e garanta uma alimenta\u00e7\u00e3o de qualidade para o seu c\u00e3ozinho. N\u00e3o perca tempo e adquira agora mesmo a Vet Life Natural Mini&hellip; <a class=\"read-more-link\" href=\"https:\/\/bepet.pet\/loja\/produto\/racao-vet-life-natural-mini-canine-hypoallergenic-2kg\/\">Read More<\/a><\/p>\n","protected":false},"featured_media":9879,"comment_status":"open","ping_status":"closed","template":"","meta":{"_kadence_starter_templates_imported_post":false},"product_brand":[],"product_cat":[121,132],"product_tag":[],"class_list":{"0":"post-9373","1":"product","2":"type-product","3":"status-publish","4":"has-post-thumbnail","6":"product_cat-racoes","7":"product_cat-terapeuticas-caes","10":"first","11":"instock","12":"shipping-taxable","13":"purchasable","14":"product-type-simple"},"yoast_head":"<!-- This site is optimized with the Yoast SEO plugin v25.5 - https:\/\/yoast.com\/wordpress\/plugins\/seo\/ -->\n<title>Ra\u00e7\u00e3o Vet Life Natural Mini Canine Hypoallergenic 2kg - BePet<\/title>\n<meta name=\"robots\" content=\"index, follow, max-snippet:-1, max-image-preview:large, max-video-preview:-1\" \/>\n<link rel=\"canonical\" href=\"https:\/\/bepet.pet\/loja\/produto\/racao-vet-life-natural-mini-canine-hypoallergenic-2kg\/\" \/>\n<meta property=\"og:locale\" content=\"pt_BR\" \/>\n<meta property=\"og:type\" content=\"article\" \/>\n<meta property=\"og:title\" content=\"Ra\u00e7\u00e3o Vet Life Natural Mini Canine Hypoallergenic 2kg - BePet\" \/>\n<meta property=\"og:description\" content=\"A Vet Life Natural Mini Canine Hypoallergenic 2kg \u00e9 a solu\u00e7\u00e3o perfeita para c\u00e3es de pequeno porte com sensibilidade alimentar. Desenvolvida com ingredientes cuidadosamente selecionados, essa ra\u00e7\u00e3o \u00e9 a op\u00e7\u00e3o ideal para garantir a sa\u00fade e o bem-estar do seu pet. Com sua f\u00f3rmula hipoalerg\u00eanica, livre de corantes e aromatizantes artificiais, essa ra\u00e7\u00e3o \u00e9 especialmente formulada para minimizar o risco de rea\u00e7\u00f5es al\u00e9rgicas, proporcionando uma alimenta\u00e7\u00e3o segura e nutritiva para o seu c\u00e3ozinho. Al\u00e9m disso, a Vet Life Natural Mini Canine Hypoallergenic 2kg \u00e9 enriquecida com nutrientes essenciais, como \u00f4mega 3 e 6, que contribuem para a sa\u00fade da pele e pelagem, fortalecendo o sistema imunol\u00f3gico e promovendo uma apar\u00eancia saud\u00e1vel e brilhante. Com um sabor irresist\u00edvel, essa ra\u00e7\u00e3o vai conquistar o paladar exigente do seu pet, incentivando-o a se alimentar de forma adequada e balanceada. Seu tamanho miniatura \u00e9 especialmente desenvolvido para c\u00e3es de porte pequeno, facilitando a mastiga\u00e7\u00e3o e digest\u00e3o. No e-commerce, voc\u00ea encontrar\u00e1 essa ra\u00e7\u00e3o em embalagem de 2kg, perfeita para experimentar e comprovar os benef\u00edcios que ela proporciona ao seu pet. Aproveite essa oportunidade e garanta uma alimenta\u00e7\u00e3o de qualidade para o seu c\u00e3ozinho. N\u00e3o perca tempo e adquira agora mesmo a Vet Life Natural Mini&hellip; Read More\" \/>\n<meta property=\"og:url\" content=\"https:\/\/bepet.pet\/loja\/produto\/racao-vet-life-natural-mini-canine-hypoallergenic-2kg\/\" \/>\n<meta property=\"og:site_name\" content=\"BePet\" \/>\n<meta property=\"article:modified_time\" content=\"2025-12-10T20:06:03+00:00\" \/>\n<meta property=\"og:image\" content=\"https:\/\/bepet.pet\/loja\/wp-content\/uploads\/2024\/01\/p7fb57ef8-daf4-481d-802a-85d63594536e.png\" \/>\n\t<meta property=\"og:image:width\" content=\"266\" \/>\n\t<meta property=\"og:image:height\" content=\"400\" \/>\n\t<meta property=\"og:image:type\" content=\"image\/png\" \/>\n<meta name=\"twitter:card\" content=\"summary_large_image\" \/>\n<meta name=\"twitter:label1\" content=\"Est. tempo de leitura\" \/>\n\t<meta name=\"twitter:data1\" content=\"1 minuto\" \/>\n<script type=\"application\/ld+json\" class=\"yoast-schema-graph\">{\"@context\":\"https:\/\/schema.org\",\"@graph\":[{\"@type\":\"WebPage\",\"@id\":\"https:\/\/bepet.pet\/loja\/produto\/racao-vet-life-natural-mini-canine-hypoallergenic-2kg\/\",\"url\":\"https:\/\/bepet.pet\/loja\/produto\/racao-vet-life-natural-mini-canine-hypoallergenic-2kg\/\",\"name\":\"Ra\u00e7\u00e3o Vet Life Natural Mini Canine Hypoallergenic 2kg - BePet\",\"isPartOf\":{\"@id\":\"https:\/\/bepet.pet\/loja\/#website\"},\"primaryImageOfPage\":{\"@id\":\"https:\/\/bepet.pet\/loja\/produto\/racao-vet-life-natural-mini-canine-hypoallergenic-2kg\/#primaryimage\"},\"image\":{\"@id\":\"https:\/\/bepet.pet\/loja\/produto\/racao-vet-life-natural-mini-canine-hypoallergenic-2kg\/#primaryimage\"},\"thumbnailUrl\":\"https:\/\/bepet.pet\/loja\/wp-content\/uploads\/2024\/01\/p06705f56-5eb1-4cbb-bbcb-243e83b9edb3.png\",\"datePublished\":\"2024-01-10T20:37:11+00:00\",\"dateModified\":\"2025-12-10T20:06:03+00:00\",\"breadcrumb\":{\"@id\":\"https:\/\/bepet.pet\/loja\/produto\/racao-vet-life-natural-mini-canine-hypoallergenic-2kg\/#breadcrumb\"},\"inLanguage\":\"pt-BR\",\"potentialAction\":[{\"@type\":\"ReadAction\",\"target\":[\"https:\/\/bepet.pet\/loja\/produto\/racao-vet-life-natural-mini-canine-hypoallergenic-2kg\/\"]}]},{\"@type\":\"ImageObject\",\"inLanguage\":\"pt-BR\",\"@id\":\"https:\/\/bepet.pet\/loja\/produto\/racao-vet-life-natural-mini-canine-hypoallergenic-2kg\/#primaryimage\",\"url\":\"https:\/\/bepet.pet\/loja\/wp-content\/uploads\/2024\/01\/p06705f56-5eb1-4cbb-bbcb-243e83b9edb3.png\",\"contentUrl\":\"https:\/\/bepet.pet\/loja\/wp-content\/uploads\/2024\/01\/p06705f56-5eb1-4cbb-bbcb-243e83b9edb3.png\",\"width\":711,\"height\":800},{\"@type\":\"BreadcrumbList\",\"@id\":\"https:\/\/bepet.pet\/loja\/produto\/racao-vet-life-natural-mini-canine-hypoallergenic-2kg\/#breadcrumb\",\"itemListElement\":[{\"@type\":\"ListItem\",\"position\":1,\"name\":\"Home\",\"item\":\"https:\/\/bepet.pet\/loja\/\"},{\"@type\":\"ListItem\",\"position\":2,\"name\":\"Shop\",\"item\":\"https:\/\/bepet.pet\/loja\/shop-2\/\"},{\"@type\":\"ListItem\",\"position\":3,\"name\":\"Ra\u00e7\u00e3o Vet Life Natural Mini Canine Hypoallergenic 2kg\"}]},{\"@type\":\"WebSite\",\"@id\":\"https:\/\/bepet.pet\/loja\/#website\",\"url\":\"https:\/\/bepet.pet\/loja\/\",\"name\":\"BePet\",\"description\":\"Nossa vida \u00e9 cuidar do seu pet\",\"publisher\":{\"@id\":\"https:\/\/bepet.pet\/loja\/#organization\"},\"potentialAction\":[{\"@type\":\"SearchAction\",\"target\":{\"@type\":\"EntryPoint\",\"urlTemplate\":\"https:\/\/bepet.pet\/loja\/?s={search_term_string}\"},\"query-input\":{\"@type\":\"PropertyValueSpecification\",\"valueRequired\":true,\"valueName\":\"search_term_string\"}}],\"inLanguage\":\"pt-BR\"},{\"@type\":\"Organization\",\"@id\":\"https:\/\/bepet.pet\/loja\/#organization\",\"name\":\"BePet\",\"url\":\"https:\/\/bepet.pet\/loja\/\",\"logo\":{\"@type\":\"ImageObject\",\"inLanguage\":\"pt-BR\",\"@id\":\"https:\/\/bepet.pet\/loja\/#\/schema\/logo\/image\/\",\"url\":\"https:\/\/bepet.pet\/loja\/wp-content\/uploads\/2020\/10\/logo.jpg\",\"contentUrl\":\"https:\/\/bepet.pet\/loja\/wp-content\/uploads\/2020\/10\/logo.jpg\",\"width\":100,\"height\":99,\"caption\":\"BePet\"},\"image\":{\"@id\":\"https:\/\/bepet.pet\/loja\/#\/schema\/logo\/image\/\"}}]}<\/script>\n<!-- \/ Yoast SEO plugin. -->","yoast_head_json":{"title":"Ra\u00e7\u00e3o Vet Life Natural Mini Canine Hypoallergenic 2kg - BePet","robots":{"index":"index","follow":"follow","max-snippet":"max-snippet:-1","max-image-preview":"max-image-preview:large","max-video-preview":"max-video-preview:-1"},"canonical":"https:\/\/bepet.pet\/loja\/produto\/racao-vet-life-natural-mini-canine-hypoallergenic-2kg\/","og_locale":"pt_BR","og_type":"article","og_title":"Ra\u00e7\u00e3o Vet Life Natural Mini Canine Hypoallergenic 2kg - BePet","og_description":"A Vet Life Natural Mini Canine Hypoallergenic 2kg \u00e9 a solu\u00e7\u00e3o perfeita para c\u00e3es de pequeno porte com sensibilidade alimentar. Desenvolvida com ingredientes cuidadosamente selecionados, essa ra\u00e7\u00e3o \u00e9 a op\u00e7\u00e3o ideal para garantir a sa\u00fade e o bem-estar do seu pet. Com sua f\u00f3rmula hipoalerg\u00eanica, livre de corantes e aromatizantes artificiais, essa ra\u00e7\u00e3o \u00e9 especialmente formulada para minimizar o risco de rea\u00e7\u00f5es al\u00e9rgicas, proporcionando uma alimenta\u00e7\u00e3o segura e nutritiva para o seu c\u00e3ozinho. Al\u00e9m disso, a Vet Life Natural Mini Canine Hypoallergenic 2kg \u00e9 enriquecida com nutrientes essenciais, como \u00f4mega 3 e 6, que contribuem para a sa\u00fade da pele e pelagem, fortalecendo o sistema imunol\u00f3gico e promovendo uma apar\u00eancia saud\u00e1vel e brilhante. Com um sabor irresist\u00edvel, essa ra\u00e7\u00e3o vai conquistar o paladar exigente do seu pet, incentivando-o a se alimentar de forma adequada e balanceada. Seu tamanho miniatura \u00e9 especialmente desenvolvido para c\u00e3es de porte pequeno, facilitando a mastiga\u00e7\u00e3o e digest\u00e3o. No e-commerce, voc\u00ea encontrar\u00e1 essa ra\u00e7\u00e3o em embalagem de 2kg, perfeita para experimentar e comprovar os benef\u00edcios que ela proporciona ao seu pet. Aproveite essa oportunidade e garanta uma alimenta\u00e7\u00e3o de qualidade para o seu c\u00e3ozinho. N\u00e3o perca tempo e adquira agora mesmo a Vet Life Natural Mini&hellip; Read More","og_url":"https:\/\/bepet.pet\/loja\/produto\/racao-vet-life-natural-mini-canine-hypoallergenic-2kg\/","og_site_name":"BePet","article_modified_time":"2025-12-10T20:06:03+00:00","og_image":[{"width":266,"height":400,"url":"https:\/\/bepet.pet\/loja\/wp-content\/uploads\/2024\/01\/p7fb57ef8-daf4-481d-802a-85d63594536e.png","type":"image\/png"}],"twitter_card":"summary_large_image","twitter_misc":{"Est. tempo de leitura":"1 minuto"},"schema":{"@context":"https:\/\/schema.org","@graph":[{"@type":"WebPage","@id":"https:\/\/bepet.pet\/loja\/produto\/racao-vet-life-natural-mini-canine-hypoallergenic-2kg\/","url":"https:\/\/bepet.pet\/loja\/produto\/racao-vet-life-natural-mini-canine-hypoallergenic-2kg\/","name":"Ra\u00e7\u00e3o Vet Life Natural Mini Canine Hypoallergenic 2kg - BePet","isPartOf":{"@id":"https:\/\/bepet.pet\/loja\/#website"},"primaryImageOfPage":{"@id":"https:\/\/bepet.pet\/loja\/produto\/racao-vet-life-natural-mini-canine-hypoallergenic-2kg\/#primaryimage"},"image":{"@id":"https:\/\/bepet.pet\/loja\/produto\/racao-vet-life-natural-mini-canine-hypoallergenic-2kg\/#primaryimage"},"thumbnailUrl":"https:\/\/bepet.pet\/loja\/wp-content\/uploads\/2024\/01\/p06705f56-5eb1-4cbb-bbcb-243e83b9edb3.png","datePublished":"2024-01-10T20:37:11+00:00","dateModified":"2025-12-10T20:06:03+00:00","breadcrumb":{"@id":"https:\/\/bepet.pet\/loja\/produto\/racao-vet-life-natural-mini-canine-hypoallergenic-2kg\/#breadcrumb"},"inLanguage":"pt-BR","potentialAction":[{"@type":"ReadAction","target":["https:\/\/bepet.pet\/loja\/produto\/racao-vet-life-natural-mini-canine-hypoallergenic-2kg\/"]}]},{"@type":"ImageObject","inLanguage":"pt-BR","@id":"https:\/\/bepet.pet\/loja\/produto\/racao-vet-life-natural-mini-canine-hypoallergenic-2kg\/#primaryimage","url":"https:\/\/bepet.pet\/loja\/wp-content\/uploads\/2024\/01\/p06705f56-5eb1-4cbb-bbcb-243e83b9edb3.png","contentUrl":"https:\/\/bepet.pet\/loja\/wp-content\/uploads\/2024\/01\/p06705f56-5eb1-4cbb-bbcb-243e83b9edb3.png","width":711,"height":800},{"@type":"BreadcrumbList","@id":"https:\/\/bepet.pet\/loja\/produto\/racao-vet-life-natural-mini-canine-hypoallergenic-2kg\/#breadcrumb","itemListElement":[{"@type":"ListItem","position":1,"name":"Home","item":"https:\/\/bepet.pet\/loja\/"},{"@type":"ListItem","position":2,"name":"Shop","item":"https:\/\/bepet.pet\/loja\/shop-2\/"},{"@type":"ListItem","position":3,"name":"Ra\u00e7\u00e3o Vet Life Natural Mini Canine Hypoallergenic 2kg"}]},{"@type":"WebSite","@id":"https:\/\/bepet.pet\/loja\/#website","url":"https:\/\/bepet.pet\/loja\/","name":"BePet","description":"Nossa vida \u00e9 cuidar do seu pet","publisher":{"@id":"https:\/\/bepet.pet\/loja\/#organization"},"potentialAction":[{"@type":"SearchAction","target":{"@type":"EntryPoint","urlTemplate":"https:\/\/bepet.pet\/loja\/?s={search_term_string}"},"query-input":{"@type":"PropertyValueSpecification","valueRequired":true,"valueName":"search_term_string"}}],"inLanguage":"pt-BR"},{"@type":"Organization","@id":"https:\/\/bepet.pet\/loja\/#organization","name":"BePet","url":"https:\/\/bepet.pet\/loja\/","logo":{"@type":"ImageObject","inLanguage":"pt-BR","@id":"https:\/\/bepet.pet\/loja\/#\/schema\/logo\/image\/","url":"https:\/\/bepet.pet\/loja\/wp-content\/uploads\/2020\/10\/logo.jpg","contentUrl":"https:\/\/bepet.pet\/loja\/wp-content\/uploads\/2020\/10\/logo.jpg","width":100,"height":99,"caption":"BePet"},"image":{"@id":"https:\/\/bepet.pet\/loja\/#\/schema\/logo\/image\/"}}]}},"jetpack_sharing_enabled":true,"_links":{"self":[{"href":"https:\/\/bepet.pet\/loja\/wp-json\/wp\/v2\/product\/9373","targetHints":{"allow":["GET"]}}],"collection":[{"href":"https:\/\/bepet.pet\/loja\/wp-json\/wp\/v2\/product"}],"about":[{"href":"https:\/\/bepet.pet\/loja\/wp-json\/wp\/v2\/types\/product"}],"replies":[{"embeddable":true,"href":"https:\/\/bepet.pet\/loja\/wp-json\/wp\/v2\/comments?post=9373"}],"wp:featuredmedia":[{"embeddable":true,"href":"https:\/\/bepet.pet\/loja\/wp-json\/wp\/v2\/media\/9879"}],"wp:attachment":[{"href":"https:\/\/bepet.pet\/loja\/wp-json\/wp\/v2\/media?parent=9373"}],"wp:term":[{"taxonomy":"product_brand","embeddable":true,"href":"https:\/\/bepet.pet\/loja\/wp-json\/wp\/v2\/product_brand?post=9373"},{"taxonomy":"product_cat","embeddable":true,"href":"https:\/\/bepet.pet\/loja\/wp-json\/wp\/v2\/product_cat?post=9373"},{"taxonomy":"product_tag","embeddable":true,"href":"https:\/\/bepet.pet\/loja\/wp-json\/wp\/v2\/product_tag?post=9373"}],"curies":[{"name":"wp","href":"https:\/\/api.w.org\/{rel}","templated":true}]}}