{"id":9347,"date":"2024-01-10T17:12:59","date_gmt":"2024-01-10T20:12:59","guid":{"rendered":"https:\/\/bepet.pet\/loja\/produto\/racao-premier-golden-formula-caes-adultos-frango-e-arroz-mini-bits-3kg\/"},"modified":"2026-02-04T12:28:33","modified_gmt":"2026-02-04T15:28:33","slug":"racao-golden-formula-mini-bits-para-caes-adultos-de-porte-pequeno-sabor-frango-e-arroz-3kg","status":"publish","type":"product","link":"https:\/\/bepet.pet\/loja\/produto\/racao-golden-formula-mini-bits-para-caes-adultos-de-porte-pequeno-sabor-frango-e-arroz-3kg\/","title":{"rendered":"Ra\u00e7\u00e3o Golden F\u00f3rmula Mini Bits para C\u00e3es Adultos de Porte Pequeno Sabor Frango e Arroz 3kg"},"content":{"rendered":"<p>Conhe\u00e7a a ra\u00e7\u00e3o Premier Golden Formula C\u00e3es Adultos Frango e Arroz Mini Bits 3kg, uma op\u00e7\u00e3o de qualidade para o seu melhor amigo de quatro patas. <\/p>\n<p>Desenvolvida especialmente para c\u00e3es adultos de ra\u00e7as pequenas, essa ra\u00e7\u00e3o oferece todos os nutrientes essenciais para garantir uma alimenta\u00e7\u00e3o equilibrada e saud\u00e1vel. <\/p>\n<p>Com um sabor irresist\u00edvel de frango e arroz, a Premier Golden Formula \u00e9 formulada com ingredientes selecionados e de alta qualidade, garantindo uma refei\u00e7\u00e3o saborosa e nutritiva para o seu pet. <\/p>\n<p>Al\u00e9m disso, os mini bits presentes na ra\u00e7\u00e3o s\u00e3o especialmente desenvolvidos para facilitar a mastiga\u00e7\u00e3o dos c\u00e3es de porte pequeno, garantindo uma melhor digest\u00e3o e absor\u00e7\u00e3o dos nutrientes. <\/p>\n<p>A ra\u00e7\u00e3o Premier Golden Formula tamb\u00e9m conta com um balan\u00e7o ideal de prote\u00ednas, gorduras e carboidratos, proporcionando energia suficiente para o dia a dia do seu c\u00e3o, sem que ele ganhe peso em excesso. <\/p>\n<p>Com a alimenta\u00e7\u00e3o adequada, seu c\u00e3o ter\u00e1 uma pelagem mais bonita e brilhante, al\u00e9m de uma sa\u00fade geral melhor. <\/p>\n<p>N\u00e3o perca mais tempo e experimente a ra\u00e7\u00e3o Premier Golden Formula C\u00e3es Adultos Frango e Arroz Mini Bits 3kg. Seu c\u00e3o vai adorar o sabor e voc\u00ea vai notar a diferen\u00e7a na sa\u00fade e vitalidade dele. <\/p>\n<p>Aproveite para adquirir agora mesmo essa op\u00e7\u00e3o de qualidade e ofere\u00e7a o melhor para o seu melhor amigo.<\/p>\n","protected":false},"excerpt":{"rendered":"<p>Conhe\u00e7a a ra\u00e7\u00e3o Premier Golden Formula C\u00e3es Adultos Frango e Arroz Mini Bits 3kg, uma op\u00e7\u00e3o de qualidade para o seu melhor amigo de quatro patas. Desenvolvida especialmente para c\u00e3es adultos de ra\u00e7as pequenas, essa ra\u00e7\u00e3o oferece todos os nutrientes essenciais para garantir uma alimenta\u00e7\u00e3o equilibrada e saud\u00e1vel. Com um sabor irresist\u00edvel de frango e arroz, a Premier Golden Formula \u00e9 formulada com ingredientes selecionados e de alta qualidade, garantindo uma refei\u00e7\u00e3o saborosa e nutritiva para o seu pet. Al\u00e9m disso, os mini bits presentes na ra\u00e7\u00e3o s\u00e3o especialmente desenvolvidos para facilitar a mastiga\u00e7\u00e3o dos c\u00e3es de porte pequeno, garantindo uma melhor digest\u00e3o e absor\u00e7\u00e3o dos nutrientes. A ra\u00e7\u00e3o Premier Golden Formula tamb\u00e9m conta com um balan\u00e7o ideal de prote\u00ednas, gorduras e carboidratos, proporcionando energia suficiente para o dia a dia do seu c\u00e3o, sem que ele ganhe peso em excesso. Com a alimenta\u00e7\u00e3o adequada, seu c\u00e3o ter\u00e1 uma pelagem mais bonita e brilhante, al\u00e9m de uma sa\u00fade geral melhor. N\u00e3o perca mais tempo e experimente a ra\u00e7\u00e3o Premier Golden Formula C\u00e3es Adultos Frango e Arroz Mini Bits 3kg. Seu c\u00e3o vai adorar o sabor e voc\u00ea vai notar a diferen\u00e7a na sa\u00fade e vitalidade dele. Aproveite para adquirir agora&hellip; <a class=\"read-more-link\" href=\"https:\/\/bepet.pet\/loja\/produto\/racao-golden-formula-mini-bits-para-caes-adultos-de-porte-pequeno-sabor-frango-e-arroz-3kg\/\">Read More<\/a><\/p>\n","protected":false},"featured_media":9346,"comment_status":"open","ping_status":"closed","template":"","meta":{"_kadence_starter_templates_imported_post":false},"product_brand":[],"product_cat":[121,130],"product_tag":[],"class_list":{"0":"post-9347","1":"product","2":"type-product","3":"status-publish","4":"has-post-thumbnail","6":"product_cat-racoes","7":"product_cat-secas-caes","10":"first","11":"instock","12":"shipping-taxable","13":"purchasable","14":"product-type-simple"},"yoast_head":"<!-- This site is optimized with the Yoast SEO plugin v25.5 - https:\/\/yoast.com\/wordpress\/plugins\/seo\/ -->\n<title>Ra\u00e7\u00e3o Golden F\u00f3rmula Mini Bits para C\u00e3es Adultos de Porte Pequeno Sabor Frango e Arroz 3kg - BePet<\/title>\n<meta name=\"robots\" content=\"index, follow, max-snippet:-1, max-image-preview:large, max-video-preview:-1\" \/>\n<link rel=\"canonical\" href=\"https:\/\/bepet.pet\/loja\/produto\/racao-golden-formula-mini-bits-para-caes-adultos-de-porte-pequeno-sabor-frango-e-arroz-3kg\/\" \/>\n<meta property=\"og:locale\" content=\"pt_BR\" \/>\n<meta property=\"og:type\" content=\"article\" \/>\n<meta property=\"og:title\" content=\"Ra\u00e7\u00e3o Golden F\u00f3rmula Mini Bits para C\u00e3es Adultos de Porte Pequeno Sabor Frango e Arroz 3kg - BePet\" \/>\n<meta property=\"og:description\" content=\"Conhe\u00e7a a ra\u00e7\u00e3o Premier Golden Formula C\u00e3es Adultos Frango e Arroz Mini Bits 3kg, uma op\u00e7\u00e3o de qualidade para o seu melhor amigo de quatro patas. Desenvolvida especialmente para c\u00e3es adultos de ra\u00e7as pequenas, essa ra\u00e7\u00e3o oferece todos os nutrientes essenciais para garantir uma alimenta\u00e7\u00e3o equilibrada e saud\u00e1vel. Com um sabor irresist\u00edvel de frango e arroz, a Premier Golden Formula \u00e9 formulada com ingredientes selecionados e de alta qualidade, garantindo uma refei\u00e7\u00e3o saborosa e nutritiva para o seu pet. Al\u00e9m disso, os mini bits presentes na ra\u00e7\u00e3o s\u00e3o especialmente desenvolvidos para facilitar a mastiga\u00e7\u00e3o dos c\u00e3es de porte pequeno, garantindo uma melhor digest\u00e3o e absor\u00e7\u00e3o dos nutrientes. A ra\u00e7\u00e3o Premier Golden Formula tamb\u00e9m conta com um balan\u00e7o ideal de prote\u00ednas, gorduras e carboidratos, proporcionando energia suficiente para o dia a dia do seu c\u00e3o, sem que ele ganhe peso em excesso. Com a alimenta\u00e7\u00e3o adequada, seu c\u00e3o ter\u00e1 uma pelagem mais bonita e brilhante, al\u00e9m de uma sa\u00fade geral melhor. N\u00e3o perca mais tempo e experimente a ra\u00e7\u00e3o Premier Golden Formula C\u00e3es Adultos Frango e Arroz Mini Bits 3kg. Seu c\u00e3o vai adorar o sabor e voc\u00ea vai notar a diferen\u00e7a na sa\u00fade e vitalidade dele. Aproveite para adquirir agora&hellip; Read More\" \/>\n<meta property=\"og:url\" content=\"https:\/\/bepet.pet\/loja\/produto\/racao-golden-formula-mini-bits-para-caes-adultos-de-porte-pequeno-sabor-frango-e-arroz-3kg\/\" \/>\n<meta property=\"og:site_name\" content=\"BePet\" \/>\n<meta property=\"article:modified_time\" content=\"2026-02-04T15:28:33+00:00\" \/>\n<meta property=\"og:image\" content=\"https:\/\/bepet.pet\/loja\/wp-content\/uploads\/2024\/01\/Design-sem-nome-28.png\" \/>\n\t<meta property=\"og:image:width\" content=\"600\" \/>\n\t<meta property=\"og:image:height\" content=\"400\" \/>\n\t<meta property=\"og:image:type\" content=\"image\/png\" \/>\n<meta name=\"twitter:card\" content=\"summary_large_image\" \/>\n<meta name=\"twitter:label1\" content=\"Est. tempo de leitura\" \/>\n\t<meta name=\"twitter:data1\" content=\"2 minutos\" \/>\n<script type=\"application\/ld+json\" class=\"yoast-schema-graph\">{\"@context\":\"https:\/\/schema.org\",\"@graph\":[{\"@type\":\"WebPage\",\"@id\":\"https:\/\/bepet.pet\/loja\/produto\/racao-golden-formula-mini-bits-para-caes-adultos-de-porte-pequeno-sabor-frango-e-arroz-3kg\/\",\"url\":\"https:\/\/bepet.pet\/loja\/produto\/racao-golden-formula-mini-bits-para-caes-adultos-de-porte-pequeno-sabor-frango-e-arroz-3kg\/\",\"name\":\"Ra\u00e7\u00e3o Golden F\u00f3rmula Mini Bits para C\u00e3es Adultos de Porte Pequeno Sabor Frango e Arroz 3kg - BePet\",\"isPartOf\":{\"@id\":\"https:\/\/bepet.pet\/loja\/#website\"},\"primaryImageOfPage\":{\"@id\":\"https:\/\/bepet.pet\/loja\/produto\/racao-golden-formula-mini-bits-para-caes-adultos-de-porte-pequeno-sabor-frango-e-arroz-3kg\/#primaryimage\"},\"image\":{\"@id\":\"https:\/\/bepet.pet\/loja\/produto\/racao-golden-formula-mini-bits-para-caes-adultos-de-porte-pequeno-sabor-frango-e-arroz-3kg\/#primaryimage\"},\"thumbnailUrl\":\"https:\/\/bepet.pet\/loja\/wp-content\/uploads\/2024\/01\/p8cc92f1e-b02e-4700-81df-e7308d226b04.png\",\"datePublished\":\"2024-01-10T20:12:59+00:00\",\"dateModified\":\"2026-02-04T15:28:33+00:00\",\"breadcrumb\":{\"@id\":\"https:\/\/bepet.pet\/loja\/produto\/racao-golden-formula-mini-bits-para-caes-adultos-de-porte-pequeno-sabor-frango-e-arroz-3kg\/#breadcrumb\"},\"inLanguage\":\"pt-BR\",\"potentialAction\":[{\"@type\":\"ReadAction\",\"target\":[\"https:\/\/bepet.pet\/loja\/produto\/racao-golden-formula-mini-bits-para-caes-adultos-de-porte-pequeno-sabor-frango-e-arroz-3kg\/\"]}]},{\"@type\":\"ImageObject\",\"inLanguage\":\"pt-BR\",\"@id\":\"https:\/\/bepet.pet\/loja\/produto\/racao-golden-formula-mini-bits-para-caes-adultos-de-porte-pequeno-sabor-frango-e-arroz-3kg\/#primaryimage\",\"url\":\"https:\/\/bepet.pet\/loja\/wp-content\/uploads\/2024\/01\/p8cc92f1e-b02e-4700-81df-e7308d226b04.png\",\"contentUrl\":\"https:\/\/bepet.pet\/loja\/wp-content\/uploads\/2024\/01\/p8cc92f1e-b02e-4700-81df-e7308d226b04.png\",\"width\":188,\"height\":400},{\"@type\":\"BreadcrumbList\",\"@id\":\"https:\/\/bepet.pet\/loja\/produto\/racao-golden-formula-mini-bits-para-caes-adultos-de-porte-pequeno-sabor-frango-e-arroz-3kg\/#breadcrumb\",\"itemListElement\":[{\"@type\":\"ListItem\",\"position\":1,\"name\":\"Home\",\"item\":\"https:\/\/bepet.pet\/loja\/\"},{\"@type\":\"ListItem\",\"position\":2,\"name\":\"Shop\",\"item\":\"https:\/\/bepet.pet\/loja\/shop-2\/\"},{\"@type\":\"ListItem\",\"position\":3,\"name\":\"Ra\u00e7\u00e3o Golden F\u00f3rmula Mini Bits para C\u00e3es Adultos de Porte Pequeno Sabor Frango e Arroz 3kg\"}]},{\"@type\":\"WebSite\",\"@id\":\"https:\/\/bepet.pet\/loja\/#website\",\"url\":\"https:\/\/bepet.pet\/loja\/\",\"name\":\"BePet\",\"description\":\"Nossa vida \u00e9 cuidar do seu pet\",\"publisher\":{\"@id\":\"https:\/\/bepet.pet\/loja\/#organization\"},\"potentialAction\":[{\"@type\":\"SearchAction\",\"target\":{\"@type\":\"EntryPoint\",\"urlTemplate\":\"https:\/\/bepet.pet\/loja\/?s={search_term_string}\"},\"query-input\":{\"@type\":\"PropertyValueSpecification\",\"valueRequired\":true,\"valueName\":\"search_term_string\"}}],\"inLanguage\":\"pt-BR\"},{\"@type\":\"Organization\",\"@id\":\"https:\/\/bepet.pet\/loja\/#organization\",\"name\":\"BePet\",\"url\":\"https:\/\/bepet.pet\/loja\/\",\"logo\":{\"@type\":\"ImageObject\",\"inLanguage\":\"pt-BR\",\"@id\":\"https:\/\/bepet.pet\/loja\/#\/schema\/logo\/image\/\",\"url\":\"https:\/\/bepet.pet\/loja\/wp-content\/uploads\/2020\/10\/logo.jpg\",\"contentUrl\":\"https:\/\/bepet.pet\/loja\/wp-content\/uploads\/2020\/10\/logo.jpg\",\"width\":100,\"height\":99,\"caption\":\"BePet\"},\"image\":{\"@id\":\"https:\/\/bepet.pet\/loja\/#\/schema\/logo\/image\/\"}}]}<\/script>\n<!-- \/ Yoast SEO plugin. -->","yoast_head_json":{"title":"Ra\u00e7\u00e3o Golden F\u00f3rmula Mini Bits para C\u00e3es Adultos de Porte Pequeno Sabor Frango e Arroz 3kg - BePet","robots":{"index":"index","follow":"follow","max-snippet":"max-snippet:-1","max-image-preview":"max-image-preview:large","max-video-preview":"max-video-preview:-1"},"canonical":"https:\/\/bepet.pet\/loja\/produto\/racao-golden-formula-mini-bits-para-caes-adultos-de-porte-pequeno-sabor-frango-e-arroz-3kg\/","og_locale":"pt_BR","og_type":"article","og_title":"Ra\u00e7\u00e3o Golden F\u00f3rmula Mini Bits para C\u00e3es Adultos de Porte Pequeno Sabor Frango e Arroz 3kg - BePet","og_description":"Conhe\u00e7a a ra\u00e7\u00e3o Premier Golden Formula C\u00e3es Adultos Frango e Arroz Mini Bits 3kg, uma op\u00e7\u00e3o de qualidade para o seu melhor amigo de quatro patas. Desenvolvida especialmente para c\u00e3es adultos de ra\u00e7as pequenas, essa ra\u00e7\u00e3o oferece todos os nutrientes essenciais para garantir uma alimenta\u00e7\u00e3o equilibrada e saud\u00e1vel. Com um sabor irresist\u00edvel de frango e arroz, a Premier Golden Formula \u00e9 formulada com ingredientes selecionados e de alta qualidade, garantindo uma refei\u00e7\u00e3o saborosa e nutritiva para o seu pet. Al\u00e9m disso, os mini bits presentes na ra\u00e7\u00e3o s\u00e3o especialmente desenvolvidos para facilitar a mastiga\u00e7\u00e3o dos c\u00e3es de porte pequeno, garantindo uma melhor digest\u00e3o e absor\u00e7\u00e3o dos nutrientes. A ra\u00e7\u00e3o Premier Golden Formula tamb\u00e9m conta com um balan\u00e7o ideal de prote\u00ednas, gorduras e carboidratos, proporcionando energia suficiente para o dia a dia do seu c\u00e3o, sem que ele ganhe peso em excesso. Com a alimenta\u00e7\u00e3o adequada, seu c\u00e3o ter\u00e1 uma pelagem mais bonita e brilhante, al\u00e9m de uma sa\u00fade geral melhor. N\u00e3o perca mais tempo e experimente a ra\u00e7\u00e3o Premier Golden Formula C\u00e3es Adultos Frango e Arroz Mini Bits 3kg. Seu c\u00e3o vai adorar o sabor e voc\u00ea vai notar a diferen\u00e7a na sa\u00fade e vitalidade dele. Aproveite para adquirir agora&hellip; Read More","og_url":"https:\/\/bepet.pet\/loja\/produto\/racao-golden-formula-mini-bits-para-caes-adultos-de-porte-pequeno-sabor-frango-e-arroz-3kg\/","og_site_name":"BePet","article_modified_time":"2026-02-04T15:28:33+00:00","og_image":[{"width":600,"height":400,"url":"https:\/\/bepet.pet\/loja\/wp-content\/uploads\/2024\/01\/Design-sem-nome-28.png","type":"image\/png"}],"twitter_card":"summary_large_image","twitter_misc":{"Est. tempo de leitura":"2 minutos"},"schema":{"@context":"https:\/\/schema.org","@graph":[{"@type":"WebPage","@id":"https:\/\/bepet.pet\/loja\/produto\/racao-golden-formula-mini-bits-para-caes-adultos-de-porte-pequeno-sabor-frango-e-arroz-3kg\/","url":"https:\/\/bepet.pet\/loja\/produto\/racao-golden-formula-mini-bits-para-caes-adultos-de-porte-pequeno-sabor-frango-e-arroz-3kg\/","name":"Ra\u00e7\u00e3o Golden F\u00f3rmula Mini Bits para C\u00e3es Adultos de Porte Pequeno Sabor Frango e Arroz 3kg - BePet","isPartOf":{"@id":"https:\/\/bepet.pet\/loja\/#website"},"primaryImageOfPage":{"@id":"https:\/\/bepet.pet\/loja\/produto\/racao-golden-formula-mini-bits-para-caes-adultos-de-porte-pequeno-sabor-frango-e-arroz-3kg\/#primaryimage"},"image":{"@id":"https:\/\/bepet.pet\/loja\/produto\/racao-golden-formula-mini-bits-para-caes-adultos-de-porte-pequeno-sabor-frango-e-arroz-3kg\/#primaryimage"},"thumbnailUrl":"https:\/\/bepet.pet\/loja\/wp-content\/uploads\/2024\/01\/p8cc92f1e-b02e-4700-81df-e7308d226b04.png","datePublished":"2024-01-10T20:12:59+00:00","dateModified":"2026-02-04T15:28:33+00:00","breadcrumb":{"@id":"https:\/\/bepet.pet\/loja\/produto\/racao-golden-formula-mini-bits-para-caes-adultos-de-porte-pequeno-sabor-frango-e-arroz-3kg\/#breadcrumb"},"inLanguage":"pt-BR","potentialAction":[{"@type":"ReadAction","target":["https:\/\/bepet.pet\/loja\/produto\/racao-golden-formula-mini-bits-para-caes-adultos-de-porte-pequeno-sabor-frango-e-arroz-3kg\/"]}]},{"@type":"ImageObject","inLanguage":"pt-BR","@id":"https:\/\/bepet.pet\/loja\/produto\/racao-golden-formula-mini-bits-para-caes-adultos-de-porte-pequeno-sabor-frango-e-arroz-3kg\/#primaryimage","url":"https:\/\/bepet.pet\/loja\/wp-content\/uploads\/2024\/01\/p8cc92f1e-b02e-4700-81df-e7308d226b04.png","contentUrl":"https:\/\/bepet.pet\/loja\/wp-content\/uploads\/2024\/01\/p8cc92f1e-b02e-4700-81df-e7308d226b04.png","width":188,"height":400},{"@type":"BreadcrumbList","@id":"https:\/\/bepet.pet\/loja\/produto\/racao-golden-formula-mini-bits-para-caes-adultos-de-porte-pequeno-sabor-frango-e-arroz-3kg\/#breadcrumb","itemListElement":[{"@type":"ListItem","position":1,"name":"Home","item":"https:\/\/bepet.pet\/loja\/"},{"@type":"ListItem","position":2,"name":"Shop","item":"https:\/\/bepet.pet\/loja\/shop-2\/"},{"@type":"ListItem","position":3,"name":"Ra\u00e7\u00e3o Golden F\u00f3rmula Mini Bits para C\u00e3es Adultos de Porte Pequeno Sabor Frango e Arroz 3kg"}]},{"@type":"WebSite","@id":"https:\/\/bepet.pet\/loja\/#website","url":"https:\/\/bepet.pet\/loja\/","name":"BePet","description":"Nossa vida \u00e9 cuidar do seu pet","publisher":{"@id":"https:\/\/bepet.pet\/loja\/#organization"},"potentialAction":[{"@type":"SearchAction","target":{"@type":"EntryPoint","urlTemplate":"https:\/\/bepet.pet\/loja\/?s={search_term_string}"},"query-input":{"@type":"PropertyValueSpecification","valueRequired":true,"valueName":"search_term_string"}}],"inLanguage":"pt-BR"},{"@type":"Organization","@id":"https:\/\/bepet.pet\/loja\/#organization","name":"BePet","url":"https:\/\/bepet.pet\/loja\/","logo":{"@type":"ImageObject","inLanguage":"pt-BR","@id":"https:\/\/bepet.pet\/loja\/#\/schema\/logo\/image\/","url":"https:\/\/bepet.pet\/loja\/wp-content\/uploads\/2020\/10\/logo.jpg","contentUrl":"https:\/\/bepet.pet\/loja\/wp-content\/uploads\/2020\/10\/logo.jpg","width":100,"height":99,"caption":"BePet"},"image":{"@id":"https:\/\/bepet.pet\/loja\/#\/schema\/logo\/image\/"}}]}},"jetpack_sharing_enabled":true,"_links":{"self":[{"href":"https:\/\/bepet.pet\/loja\/wp-json\/wp\/v2\/product\/9347","targetHints":{"allow":["GET"]}}],"collection":[{"href":"https:\/\/bepet.pet\/loja\/wp-json\/wp\/v2\/product"}],"about":[{"href":"https:\/\/bepet.pet\/loja\/wp-json\/wp\/v2\/types\/product"}],"replies":[{"embeddable":true,"href":"https:\/\/bepet.pet\/loja\/wp-json\/wp\/v2\/comments?post=9347"}],"wp:featuredmedia":[{"embeddable":true,"href":"https:\/\/bepet.pet\/loja\/wp-json\/wp\/v2\/media\/9346"}],"wp:attachment":[{"href":"https:\/\/bepet.pet\/loja\/wp-json\/wp\/v2\/media?parent=9347"}],"wp:term":[{"taxonomy":"product_brand","embeddable":true,"href":"https:\/\/bepet.pet\/loja\/wp-json\/wp\/v2\/product_brand?post=9347"},{"taxonomy":"product_cat","embeddable":true,"href":"https:\/\/bepet.pet\/loja\/wp-json\/wp\/v2\/product_cat?post=9347"},{"taxonomy":"product_tag","embeddable":true,"href":"https:\/\/bepet.pet\/loja\/wp-json\/wp\/v2\/product_tag?post=9347"}],"curies":[{"name":"wp","href":"https:\/\/api.w.org\/{rel}","templated":true}]}}