{"id":9345,"date":"2024-01-10T17:09:38","date_gmt":"2024-01-10T20:09:38","guid":{"rendered":"https:\/\/bepet.pet\/loja\/produto\/racao-frost-caes-filhotes-racas-grandes-supra-15-kg\/"},"modified":"2025-12-10T16:54:17","modified_gmt":"2025-12-10T19:54:17","slug":"racao-frost-caes-filhotes-racas-grandes-supra-15-kg","status":"publish","type":"product","link":"https:\/\/bepet.pet\/loja\/produto\/racao-frost-caes-filhotes-racas-grandes-supra-15-kg\/","title":{"rendered":"Ra\u00e7\u00e3o Frost C\u00e3es Filhotes Ra\u00e7as Grandes Supra 15 kg"},"content":{"rendered":"<p>Conhe\u00e7a a ra\u00e7\u00e3o Frost C\u00e3es Filhotes Ra\u00e7as Grandes Supra 15 kg, o alimento perfeito para garantir o crescimento saud\u00e1vel e o desenvolvimento adequado do seu c\u00e3ozinho de ra\u00e7a grande. <\/p>\n<p>Desenvolvida com ingredientes selecionados e de alta qualidade, a ra\u00e7\u00e3o Frost Supra oferece todos os nutrientes essenciais para suprir as necessidades nutricionais espec\u00edficas de filhotes de ra\u00e7as grandes. <\/p>\n<p>Com um equil\u00edbrio perfeito de prote\u00ednas, vitaminas e minerais, essa ra\u00e7\u00e3o proporciona um crescimento saud\u00e1vel, fortalecendo os ossos e m\u00fasculos do seu filhote. Al\u00e9m disso, ela tamb\u00e9m auxilia no desenvolvimento do sistema imunol\u00f3gico, garantindo uma vida longa e cheia de energia para o seu pet. <\/p>\n<p>A ra\u00e7\u00e3o Frost C\u00e3es Filhotes Ra\u00e7as Grandes Supra tamb\u00e9m conta com um sabor irresist\u00edvel, o que facilita a adapta\u00e7\u00e3o do seu filhote \u00e0 alimenta\u00e7\u00e3o e estimula o apetite. <\/p>\n<p>Al\u00e9m disso, essa ra\u00e7\u00e3o \u00e9 produzida com ingredientes de alta digestibilidade, o que facilita a absor\u00e7\u00e3o dos nutrientes pelo organismo do seu c\u00e3ozinho, evitando desconfortos digestivos e proporcionando uma melhor sa\u00fade intestinal. <\/p>\n<p>Com a ra\u00e7\u00e3o Frost Supra, voc\u00ea ter\u00e1 a certeza de estar oferecendo ao seu filhote o melhor alimento para garantir um crescimento saud\u00e1vel e uma vida cheia de energia. <\/p>\n<p>Adquira agora mesmo a ra\u00e7\u00e3o Frost C\u00e3es Filhotes Ra\u00e7as Grandes Supra 15 kg e proporcione ao seu c\u00e3ozinho uma alimenta\u00e7\u00e3o de qualidade, pensada especialmente para as necessidades dele.<\/p>\n","protected":false},"excerpt":{"rendered":"<p>Conhe\u00e7a a ra\u00e7\u00e3o Frost C\u00e3es Filhotes Ra\u00e7as Grandes Supra 15 kg, o alimento perfeito para garantir o crescimento saud\u00e1vel e o desenvolvimento adequado do seu c\u00e3ozinho de ra\u00e7a grande. Desenvolvida com ingredientes selecionados e de alta qualidade, a ra\u00e7\u00e3o Frost Supra oferece todos os nutrientes essenciais para suprir as necessidades nutricionais espec\u00edficas de filhotes de ra\u00e7as grandes. Com um equil\u00edbrio perfeito de prote\u00ednas, vitaminas e minerais, essa ra\u00e7\u00e3o proporciona um crescimento saud\u00e1vel, fortalecendo os ossos e m\u00fasculos do seu filhote. Al\u00e9m disso, ela tamb\u00e9m auxilia no desenvolvimento do sistema imunol\u00f3gico, garantindo uma vida longa e cheia de energia para o seu pet. A ra\u00e7\u00e3o Frost C\u00e3es Filhotes Ra\u00e7as Grandes Supra tamb\u00e9m conta com um sabor irresist\u00edvel, o que facilita a adapta\u00e7\u00e3o do seu filhote \u00e0 alimenta\u00e7\u00e3o e estimula o apetite. Al\u00e9m disso, essa ra\u00e7\u00e3o \u00e9 produzida com ingredientes de alta digestibilidade, o que facilita a absor\u00e7\u00e3o dos nutrientes pelo organismo do seu c\u00e3ozinho, evitando desconfortos digestivos e proporcionando uma melhor sa\u00fade intestinal. Com a ra\u00e7\u00e3o Frost Supra, voc\u00ea ter\u00e1 a certeza de estar oferecendo ao seu filhote o melhor alimento para garantir um crescimento saud\u00e1vel e uma vida cheia de energia. Adquira agora mesmo a ra\u00e7\u00e3o Frost C\u00e3es Filhotes Ra\u00e7as&hellip; <a class=\"read-more-link\" href=\"https:\/\/bepet.pet\/loja\/produto\/racao-frost-caes-filhotes-racas-grandes-supra-15-kg\/\">Read More<\/a><\/p>\n","protected":false},"featured_media":9342,"comment_status":"open","ping_status":"closed","template":"","meta":{"_kadence_starter_templates_imported_post":false},"product_brand":[],"product_cat":[121,130],"product_tag":[],"class_list":{"0":"post-9345","1":"product","2":"type-product","3":"status-publish","4":"has-post-thumbnail","6":"product_cat-racoes","7":"product_cat-secas-caes","10":"first","11":"instock","12":"shipping-taxable","13":"purchasable","14":"product-type-simple"},"yoast_head":"<!-- This site is optimized with the Yoast SEO plugin v25.5 - https:\/\/yoast.com\/wordpress\/plugins\/seo\/ -->\n<title>Ra\u00e7\u00e3o Frost C\u00e3es Filhotes Ra\u00e7as Grandes Supra 15 kg - BePet<\/title>\n<meta name=\"robots\" content=\"index, follow, max-snippet:-1, max-image-preview:large, max-video-preview:-1\" \/>\n<link rel=\"canonical\" href=\"https:\/\/bepet.pet\/loja\/produto\/racao-frost-caes-filhotes-racas-grandes-supra-15-kg\/\" \/>\n<meta property=\"og:locale\" content=\"pt_BR\" \/>\n<meta property=\"og:type\" content=\"article\" \/>\n<meta property=\"og:title\" content=\"Ra\u00e7\u00e3o Frost C\u00e3es Filhotes Ra\u00e7as Grandes Supra 15 kg - BePet\" \/>\n<meta property=\"og:description\" content=\"Conhe\u00e7a a ra\u00e7\u00e3o Frost C\u00e3es Filhotes Ra\u00e7as Grandes Supra 15 kg, o alimento perfeito para garantir o crescimento saud\u00e1vel e o desenvolvimento adequado do seu c\u00e3ozinho de ra\u00e7a grande. Desenvolvida com ingredientes selecionados e de alta qualidade, a ra\u00e7\u00e3o Frost Supra oferece todos os nutrientes essenciais para suprir as necessidades nutricionais espec\u00edficas de filhotes de ra\u00e7as grandes. Com um equil\u00edbrio perfeito de prote\u00ednas, vitaminas e minerais, essa ra\u00e7\u00e3o proporciona um crescimento saud\u00e1vel, fortalecendo os ossos e m\u00fasculos do seu filhote. Al\u00e9m disso, ela tamb\u00e9m auxilia no desenvolvimento do sistema imunol\u00f3gico, garantindo uma vida longa e cheia de energia para o seu pet. A ra\u00e7\u00e3o Frost C\u00e3es Filhotes Ra\u00e7as Grandes Supra tamb\u00e9m conta com um sabor irresist\u00edvel, o que facilita a adapta\u00e7\u00e3o do seu filhote \u00e0 alimenta\u00e7\u00e3o e estimula o apetite. Al\u00e9m disso, essa ra\u00e7\u00e3o \u00e9 produzida com ingredientes de alta digestibilidade, o que facilita a absor\u00e7\u00e3o dos nutrientes pelo organismo do seu c\u00e3ozinho, evitando desconfortos digestivos e proporcionando uma melhor sa\u00fade intestinal. Com a ra\u00e7\u00e3o Frost Supra, voc\u00ea ter\u00e1 a certeza de estar oferecendo ao seu filhote o melhor alimento para garantir um crescimento saud\u00e1vel e uma vida cheia de energia. Adquira agora mesmo a ra\u00e7\u00e3o Frost C\u00e3es Filhotes Ra\u00e7as&hellip; Read More\" \/>\n<meta property=\"og:url\" content=\"https:\/\/bepet.pet\/loja\/produto\/racao-frost-caes-filhotes-racas-grandes-supra-15-kg\/\" \/>\n<meta property=\"og:site_name\" content=\"BePet\" \/>\n<meta property=\"article:modified_time\" content=\"2025-12-10T19:54:17+00:00\" \/>\n<meta property=\"og:image\" content=\"https:\/\/bepet.pet\/loja\/wp-content\/uploads\/2024\/01\/Design-sem-nome-20.png\" \/>\n\t<meta property=\"og:image:width\" content=\"600\" \/>\n\t<meta property=\"og:image:height\" content=\"400\" \/>\n\t<meta property=\"og:image:type\" content=\"image\/png\" \/>\n<meta name=\"twitter:card\" content=\"summary_large_image\" \/>\n<meta name=\"twitter:label1\" content=\"Est. tempo de leitura\" \/>\n\t<meta name=\"twitter:data1\" content=\"2 minutos\" \/>\n<script type=\"application\/ld+json\" class=\"yoast-schema-graph\">{\"@context\":\"https:\/\/schema.org\",\"@graph\":[{\"@type\":\"WebPage\",\"@id\":\"https:\/\/bepet.pet\/loja\/produto\/racao-frost-caes-filhotes-racas-grandes-supra-15-kg\/\",\"url\":\"https:\/\/bepet.pet\/loja\/produto\/racao-frost-caes-filhotes-racas-grandes-supra-15-kg\/\",\"name\":\"Ra\u00e7\u00e3o Frost C\u00e3es Filhotes Ra\u00e7as Grandes Supra 15 kg - BePet\",\"isPartOf\":{\"@id\":\"https:\/\/bepet.pet\/loja\/#website\"},\"primaryImageOfPage\":{\"@id\":\"https:\/\/bepet.pet\/loja\/produto\/racao-frost-caes-filhotes-racas-grandes-supra-15-kg\/#primaryimage\"},\"image\":{\"@id\":\"https:\/\/bepet.pet\/loja\/produto\/racao-frost-caes-filhotes-racas-grandes-supra-15-kg\/#primaryimage\"},\"thumbnailUrl\":\"https:\/\/bepet.pet\/loja\/wp-content\/uploads\/2024\/01\/pa08f3319-d262-4509-8dc7-2657de66f4a4.jpeg\",\"datePublished\":\"2024-01-10T20:09:38+00:00\",\"dateModified\":\"2025-12-10T19:54:17+00:00\",\"breadcrumb\":{\"@id\":\"https:\/\/bepet.pet\/loja\/produto\/racao-frost-caes-filhotes-racas-grandes-supra-15-kg\/#breadcrumb\"},\"inLanguage\":\"pt-BR\",\"potentialAction\":[{\"@type\":\"ReadAction\",\"target\":[\"https:\/\/bepet.pet\/loja\/produto\/racao-frost-caes-filhotes-racas-grandes-supra-15-kg\/\"]}]},{\"@type\":\"ImageObject\",\"inLanguage\":\"pt-BR\",\"@id\":\"https:\/\/bepet.pet\/loja\/produto\/racao-frost-caes-filhotes-racas-grandes-supra-15-kg\/#primaryimage\",\"url\":\"https:\/\/bepet.pet\/loja\/wp-content\/uploads\/2024\/01\/pa08f3319-d262-4509-8dc7-2657de66f4a4.jpeg\",\"contentUrl\":\"https:\/\/bepet.pet\/loja\/wp-content\/uploads\/2024\/01\/pa08f3319-d262-4509-8dc7-2657de66f4a4.jpeg\",\"width\":400,\"height\":400},{\"@type\":\"BreadcrumbList\",\"@id\":\"https:\/\/bepet.pet\/loja\/produto\/racao-frost-caes-filhotes-racas-grandes-supra-15-kg\/#breadcrumb\",\"itemListElement\":[{\"@type\":\"ListItem\",\"position\":1,\"name\":\"Home\",\"item\":\"https:\/\/bepet.pet\/loja\/\"},{\"@type\":\"ListItem\",\"position\":2,\"name\":\"Shop\",\"item\":\"https:\/\/bepet.pet\/loja\/shop-2\/\"},{\"@type\":\"ListItem\",\"position\":3,\"name\":\"Ra\u00e7\u00e3o Frost C\u00e3es Filhotes Ra\u00e7as Grandes Supra 15 kg\"}]},{\"@type\":\"WebSite\",\"@id\":\"https:\/\/bepet.pet\/loja\/#website\",\"url\":\"https:\/\/bepet.pet\/loja\/\",\"name\":\"BePet\",\"description\":\"Nossa vida \u00e9 cuidar do seu pet\",\"publisher\":{\"@id\":\"https:\/\/bepet.pet\/loja\/#organization\"},\"potentialAction\":[{\"@type\":\"SearchAction\",\"target\":{\"@type\":\"EntryPoint\",\"urlTemplate\":\"https:\/\/bepet.pet\/loja\/?s={search_term_string}\"},\"query-input\":{\"@type\":\"PropertyValueSpecification\",\"valueRequired\":true,\"valueName\":\"search_term_string\"}}],\"inLanguage\":\"pt-BR\"},{\"@type\":\"Organization\",\"@id\":\"https:\/\/bepet.pet\/loja\/#organization\",\"name\":\"BePet\",\"url\":\"https:\/\/bepet.pet\/loja\/\",\"logo\":{\"@type\":\"ImageObject\",\"inLanguage\":\"pt-BR\",\"@id\":\"https:\/\/bepet.pet\/loja\/#\/schema\/logo\/image\/\",\"url\":\"https:\/\/bepet.pet\/loja\/wp-content\/uploads\/2020\/10\/logo.jpg\",\"contentUrl\":\"https:\/\/bepet.pet\/loja\/wp-content\/uploads\/2020\/10\/logo.jpg\",\"width\":100,\"height\":99,\"caption\":\"BePet\"},\"image\":{\"@id\":\"https:\/\/bepet.pet\/loja\/#\/schema\/logo\/image\/\"}}]}<\/script>\n<!-- \/ Yoast SEO plugin. -->","yoast_head_json":{"title":"Ra\u00e7\u00e3o Frost C\u00e3es Filhotes Ra\u00e7as Grandes Supra 15 kg - BePet","robots":{"index":"index","follow":"follow","max-snippet":"max-snippet:-1","max-image-preview":"max-image-preview:large","max-video-preview":"max-video-preview:-1"},"canonical":"https:\/\/bepet.pet\/loja\/produto\/racao-frost-caes-filhotes-racas-grandes-supra-15-kg\/","og_locale":"pt_BR","og_type":"article","og_title":"Ra\u00e7\u00e3o Frost C\u00e3es Filhotes Ra\u00e7as Grandes Supra 15 kg - BePet","og_description":"Conhe\u00e7a a ra\u00e7\u00e3o Frost C\u00e3es Filhotes Ra\u00e7as Grandes Supra 15 kg, o alimento perfeito para garantir o crescimento saud\u00e1vel e o desenvolvimento adequado do seu c\u00e3ozinho de ra\u00e7a grande. Desenvolvida com ingredientes selecionados e de alta qualidade, a ra\u00e7\u00e3o Frost Supra oferece todos os nutrientes essenciais para suprir as necessidades nutricionais espec\u00edficas de filhotes de ra\u00e7as grandes. Com um equil\u00edbrio perfeito de prote\u00ednas, vitaminas e minerais, essa ra\u00e7\u00e3o proporciona um crescimento saud\u00e1vel, fortalecendo os ossos e m\u00fasculos do seu filhote. Al\u00e9m disso, ela tamb\u00e9m auxilia no desenvolvimento do sistema imunol\u00f3gico, garantindo uma vida longa e cheia de energia para o seu pet. A ra\u00e7\u00e3o Frost C\u00e3es Filhotes Ra\u00e7as Grandes Supra tamb\u00e9m conta com um sabor irresist\u00edvel, o que facilita a adapta\u00e7\u00e3o do seu filhote \u00e0 alimenta\u00e7\u00e3o e estimula o apetite. Al\u00e9m disso, essa ra\u00e7\u00e3o \u00e9 produzida com ingredientes de alta digestibilidade, o que facilita a absor\u00e7\u00e3o dos nutrientes pelo organismo do seu c\u00e3ozinho, evitando desconfortos digestivos e proporcionando uma melhor sa\u00fade intestinal. Com a ra\u00e7\u00e3o Frost Supra, voc\u00ea ter\u00e1 a certeza de estar oferecendo ao seu filhote o melhor alimento para garantir um crescimento saud\u00e1vel e uma vida cheia de energia. Adquira agora mesmo a ra\u00e7\u00e3o Frost C\u00e3es Filhotes Ra\u00e7as&hellip; Read More","og_url":"https:\/\/bepet.pet\/loja\/produto\/racao-frost-caes-filhotes-racas-grandes-supra-15-kg\/","og_site_name":"BePet","article_modified_time":"2025-12-10T19:54:17+00:00","og_image":[{"width":600,"height":400,"url":"https:\/\/bepet.pet\/loja\/wp-content\/uploads\/2024\/01\/Design-sem-nome-20.png","type":"image\/png"}],"twitter_card":"summary_large_image","twitter_misc":{"Est. tempo de leitura":"2 minutos"},"schema":{"@context":"https:\/\/schema.org","@graph":[{"@type":"WebPage","@id":"https:\/\/bepet.pet\/loja\/produto\/racao-frost-caes-filhotes-racas-grandes-supra-15-kg\/","url":"https:\/\/bepet.pet\/loja\/produto\/racao-frost-caes-filhotes-racas-grandes-supra-15-kg\/","name":"Ra\u00e7\u00e3o Frost C\u00e3es Filhotes Ra\u00e7as Grandes Supra 15 kg - BePet","isPartOf":{"@id":"https:\/\/bepet.pet\/loja\/#website"},"primaryImageOfPage":{"@id":"https:\/\/bepet.pet\/loja\/produto\/racao-frost-caes-filhotes-racas-grandes-supra-15-kg\/#primaryimage"},"image":{"@id":"https:\/\/bepet.pet\/loja\/produto\/racao-frost-caes-filhotes-racas-grandes-supra-15-kg\/#primaryimage"},"thumbnailUrl":"https:\/\/bepet.pet\/loja\/wp-content\/uploads\/2024\/01\/pa08f3319-d262-4509-8dc7-2657de66f4a4.jpeg","datePublished":"2024-01-10T20:09:38+00:00","dateModified":"2025-12-10T19:54:17+00:00","breadcrumb":{"@id":"https:\/\/bepet.pet\/loja\/produto\/racao-frost-caes-filhotes-racas-grandes-supra-15-kg\/#breadcrumb"},"inLanguage":"pt-BR","potentialAction":[{"@type":"ReadAction","target":["https:\/\/bepet.pet\/loja\/produto\/racao-frost-caes-filhotes-racas-grandes-supra-15-kg\/"]}]},{"@type":"ImageObject","inLanguage":"pt-BR","@id":"https:\/\/bepet.pet\/loja\/produto\/racao-frost-caes-filhotes-racas-grandes-supra-15-kg\/#primaryimage","url":"https:\/\/bepet.pet\/loja\/wp-content\/uploads\/2024\/01\/pa08f3319-d262-4509-8dc7-2657de66f4a4.jpeg","contentUrl":"https:\/\/bepet.pet\/loja\/wp-content\/uploads\/2024\/01\/pa08f3319-d262-4509-8dc7-2657de66f4a4.jpeg","width":400,"height":400},{"@type":"BreadcrumbList","@id":"https:\/\/bepet.pet\/loja\/produto\/racao-frost-caes-filhotes-racas-grandes-supra-15-kg\/#breadcrumb","itemListElement":[{"@type":"ListItem","position":1,"name":"Home","item":"https:\/\/bepet.pet\/loja\/"},{"@type":"ListItem","position":2,"name":"Shop","item":"https:\/\/bepet.pet\/loja\/shop-2\/"},{"@type":"ListItem","position":3,"name":"Ra\u00e7\u00e3o Frost C\u00e3es Filhotes Ra\u00e7as Grandes Supra 15 kg"}]},{"@type":"WebSite","@id":"https:\/\/bepet.pet\/loja\/#website","url":"https:\/\/bepet.pet\/loja\/","name":"BePet","description":"Nossa vida \u00e9 cuidar do seu pet","publisher":{"@id":"https:\/\/bepet.pet\/loja\/#organization"},"potentialAction":[{"@type":"SearchAction","target":{"@type":"EntryPoint","urlTemplate":"https:\/\/bepet.pet\/loja\/?s={search_term_string}"},"query-input":{"@type":"PropertyValueSpecification","valueRequired":true,"valueName":"search_term_string"}}],"inLanguage":"pt-BR"},{"@type":"Organization","@id":"https:\/\/bepet.pet\/loja\/#organization","name":"BePet","url":"https:\/\/bepet.pet\/loja\/","logo":{"@type":"ImageObject","inLanguage":"pt-BR","@id":"https:\/\/bepet.pet\/loja\/#\/schema\/logo\/image\/","url":"https:\/\/bepet.pet\/loja\/wp-content\/uploads\/2020\/10\/logo.jpg","contentUrl":"https:\/\/bepet.pet\/loja\/wp-content\/uploads\/2020\/10\/logo.jpg","width":100,"height":99,"caption":"BePet"},"image":{"@id":"https:\/\/bepet.pet\/loja\/#\/schema\/logo\/image\/"}}]}},"jetpack_sharing_enabled":true,"_links":{"self":[{"href":"https:\/\/bepet.pet\/loja\/wp-json\/wp\/v2\/product\/9345","targetHints":{"allow":["GET"]}}],"collection":[{"href":"https:\/\/bepet.pet\/loja\/wp-json\/wp\/v2\/product"}],"about":[{"href":"https:\/\/bepet.pet\/loja\/wp-json\/wp\/v2\/types\/product"}],"replies":[{"embeddable":true,"href":"https:\/\/bepet.pet\/loja\/wp-json\/wp\/v2\/comments?post=9345"}],"wp:featuredmedia":[{"embeddable":true,"href":"https:\/\/bepet.pet\/loja\/wp-json\/wp\/v2\/media\/9342"}],"wp:attachment":[{"href":"https:\/\/bepet.pet\/loja\/wp-json\/wp\/v2\/media?parent=9345"}],"wp:term":[{"taxonomy":"product_brand","embeddable":true,"href":"https:\/\/bepet.pet\/loja\/wp-json\/wp\/v2\/product_brand?post=9345"},{"taxonomy":"product_cat","embeddable":true,"href":"https:\/\/bepet.pet\/loja\/wp-json\/wp\/v2\/product_cat?post=9345"},{"taxonomy":"product_tag","embeddable":true,"href":"https:\/\/bepet.pet\/loja\/wp-json\/wp\/v2\/product_tag?post=9345"}],"curies":[{"name":"wp","href":"https:\/\/api.w.org\/{rel}","templated":true}]}}