{"id":9286,"date":"2024-01-03T21:02:58","date_gmt":"2024-01-03T21:02:58","guid":{"rendered":"https:\/\/bepet.pet\/loja\/produto\/areia-pipicat-classic-para-gatos-12-kg\/"},"modified":"2025-12-10T16:52:41","modified_gmt":"2025-12-10T19:52:41","slug":"areia-pipicat-classic-para-gatos-12-kg","status":"publish","type":"product","link":"https:\/\/bepet.pet\/loja\/produto\/areia-pipicat-classic-para-gatos-12-kg\/","title":{"rendered":"Areia Pipicat Classic para Gatos 12 kg"},"content":{"rendered":"<p>Descubra a melhor op\u00e7\u00e3o de areia para o seu gato: a Areia Pipicat Classic para Gatos 12 kg. <\/p>\n<p>Com o objetivo de proporcionar o m\u00e1ximo de conforto e higiene para o seu felino, a Pipicat Classic \u00e9 a escolha perfeita para manter a caixa de areia sempre limpa e livre de odores desagrad\u00e1veis.<\/p>\n<p>Desenvolvida com uma f\u00f3rmula exclusiva, a Areia Pipicat Classic \u00e9 extremamente absorvente, garantindo que os dejetos do seu gato sejam rapidamente encapsulados, facilitando a limpeza di\u00e1ria. Al\u00e9m disso, ela possui gr\u00e3os finos que n\u00e3o machucam as patinhas sens\u00edveis dos felinos.<\/p>\n<p>Com uma embalagem de 12 kg, a Areia Pipicat Classic \u00e9 econ\u00f4mica e duradoura, proporcionando um excelente custo-benef\u00edcio para os tutores de gatos. Sua alta qualidade garante que a caixa de areia fique sempre fresca e seca, evitando o mau cheiro e mantendo o ambiente livre de bact\u00e9rias.<\/p>\n<p>A Pipicat Classic \u00e9 a escolha de muitos tutores de gatos exigentes, que buscam o melhor para seus felinos. Al\u00e9m disso, a areia \u00e9 recomendada por veterin\u00e1rios, que reconhecem sua efici\u00eancia na manuten\u00e7\u00e3o da higiene e bem-estar dos gatos.<\/p>\n<p>N\u00e3o perca tempo e garanta agora mesmo a Areia Pipicat Classic para Gatos 12 kg. Proporcione ao seu gato o m\u00e1ximo de conforto e higiene que ele merece. Acesse nosso website e_Commerce e adquira j\u00e1 esse produto de qualidade com apenas alguns cliques.<\/p>\n","protected":false},"excerpt":{"rendered":"<p>Descubra a melhor op\u00e7\u00e3o de areia para o seu gato: a Areia Pipicat Classic para Gatos 12 kg. Com o objetivo de proporcionar o m\u00e1ximo de conforto e higiene para o seu felino, a Pipicat Classic \u00e9 a escolha perfeita para manter a caixa de areia sempre limpa e livre de odores desagrad\u00e1veis. Desenvolvida com uma f\u00f3rmula exclusiva, a Areia Pipicat Classic \u00e9 extremamente absorvente, garantindo que os dejetos do seu gato sejam rapidamente encapsulados, facilitando a limpeza di\u00e1ria. Al\u00e9m disso, ela possui gr\u00e3os finos que n\u00e3o machucam as patinhas sens\u00edveis dos felinos. Com uma embalagem de 12 kg, a Areia Pipicat Classic \u00e9 econ\u00f4mica e duradoura, proporcionando um excelente custo-benef\u00edcio para os tutores de gatos. Sua alta qualidade garante que a caixa de areia fique sempre fresca e seca, evitando o mau cheiro e mantendo o ambiente livre de bact\u00e9rias. A Pipicat Classic \u00e9 a escolha de muitos tutores de gatos exigentes, que buscam o melhor para seus felinos. Al\u00e9m disso, a areia \u00e9 recomendada por veterin\u00e1rios, que reconhecem sua efici\u00eancia na manuten\u00e7\u00e3o da higiene e bem-estar dos gatos. N\u00e3o perca tempo e garanta agora mesmo a Areia Pipicat Classic para Gatos 12 kg. Proporcione ao seu gato o&hellip; <a class=\"read-more-link\" href=\"https:\/\/bepet.pet\/loja\/produto\/areia-pipicat-classic-para-gatos-12-kg\/\">Read More<\/a><\/p>\n","protected":false},"featured_media":10057,"comment_status":"open","ping_status":"closed","template":"","meta":{"_kadence_starter_templates_imported_post":false},"product_brand":[],"product_cat":[136,122],"product_tag":[],"class_list":{"0":"post-9286","1":"product","2":"type-product","3":"status-publish","4":"has-post-thumbnail","6":"product_cat-areia-granulados","7":"product_cat-higiene-e-limpeza","10":"first","11":"outofstock","12":"shipping-taxable","13":"purchasable","14":"product-type-simple"},"yoast_head":"<!-- This site is optimized with the Yoast SEO plugin v25.5 - https:\/\/yoast.com\/wordpress\/plugins\/seo\/ -->\n<title>Areia Pipicat Classic para Gatos 12 kg - BePet<\/title>\n<meta name=\"robots\" content=\"index, follow, max-snippet:-1, max-image-preview:large, max-video-preview:-1\" \/>\n<link rel=\"canonical\" href=\"https:\/\/bepet.pet\/loja\/produto\/areia-pipicat-classic-para-gatos-12-kg\/\" \/>\n<meta property=\"og:locale\" content=\"pt_BR\" \/>\n<meta property=\"og:type\" content=\"article\" \/>\n<meta property=\"og:title\" content=\"Areia Pipicat Classic para Gatos 12 kg - BePet\" \/>\n<meta property=\"og:description\" content=\"Descubra a melhor op\u00e7\u00e3o de areia para o seu gato: a Areia Pipicat Classic para Gatos 12 kg. Com o objetivo de proporcionar o m\u00e1ximo de conforto e higiene para o seu felino, a Pipicat Classic \u00e9 a escolha perfeita para manter a caixa de areia sempre limpa e livre de odores desagrad\u00e1veis. Desenvolvida com uma f\u00f3rmula exclusiva, a Areia Pipicat Classic \u00e9 extremamente absorvente, garantindo que os dejetos do seu gato sejam rapidamente encapsulados, facilitando a limpeza di\u00e1ria. Al\u00e9m disso, ela possui gr\u00e3os finos que n\u00e3o machucam as patinhas sens\u00edveis dos felinos. Com uma embalagem de 12 kg, a Areia Pipicat Classic \u00e9 econ\u00f4mica e duradoura, proporcionando um excelente custo-benef\u00edcio para os tutores de gatos. Sua alta qualidade garante que a caixa de areia fique sempre fresca e seca, evitando o mau cheiro e mantendo o ambiente livre de bact\u00e9rias. A Pipicat Classic \u00e9 a escolha de muitos tutores de gatos exigentes, que buscam o melhor para seus felinos. Al\u00e9m disso, a areia \u00e9 recomendada por veterin\u00e1rios, que reconhecem sua efici\u00eancia na manuten\u00e7\u00e3o da higiene e bem-estar dos gatos. N\u00e3o perca tempo e garanta agora mesmo a Areia Pipicat Classic para Gatos 12 kg. Proporcione ao seu gato o&hellip; Read More\" \/>\n<meta property=\"og:url\" content=\"https:\/\/bepet.pet\/loja\/produto\/areia-pipicat-classic-para-gatos-12-kg\/\" \/>\n<meta property=\"og:site_name\" content=\"BePet\" \/>\n<meta property=\"article:modified_time\" content=\"2025-12-10T19:52:41+00:00\" \/>\n<meta name=\"twitter:card\" content=\"summary_large_image\" \/>\n<meta name=\"twitter:label1\" content=\"Est. tempo de leitura\" \/>\n\t<meta name=\"twitter:data1\" content=\"1 minuto\" \/>\n<script type=\"application\/ld+json\" class=\"yoast-schema-graph\">{\"@context\":\"https:\/\/schema.org\",\"@graph\":[{\"@type\":\"WebPage\",\"@id\":\"https:\/\/bepet.pet\/loja\/produto\/areia-pipicat-classic-para-gatos-12-kg\/\",\"url\":\"https:\/\/bepet.pet\/loja\/produto\/areia-pipicat-classic-para-gatos-12-kg\/\",\"name\":\"Areia Pipicat Classic para Gatos 12 kg - BePet\",\"isPartOf\":{\"@id\":\"https:\/\/bepet.pet\/loja\/#website\"},\"primaryImageOfPage\":{\"@id\":\"https:\/\/bepet.pet\/loja\/produto\/areia-pipicat-classic-para-gatos-12-kg\/#primaryimage\"},\"image\":{\"@id\":\"https:\/\/bepet.pet\/loja\/produto\/areia-pipicat-classic-para-gatos-12-kg\/#primaryimage\"},\"thumbnailUrl\":\"https:\/\/bepet.pet\/loja\/wp-content\/uploads\/2024\/01\/p0fef87a6-8f75-43f9-81ca-2b4df34e81b1.png\",\"datePublished\":\"2024-01-03T21:02:58+00:00\",\"dateModified\":\"2025-12-10T19:52:41+00:00\",\"breadcrumb\":{\"@id\":\"https:\/\/bepet.pet\/loja\/produto\/areia-pipicat-classic-para-gatos-12-kg\/#breadcrumb\"},\"inLanguage\":\"pt-BR\",\"potentialAction\":[{\"@type\":\"ReadAction\",\"target\":[\"https:\/\/bepet.pet\/loja\/produto\/areia-pipicat-classic-para-gatos-12-kg\/\"]}]},{\"@type\":\"ImageObject\",\"inLanguage\":\"pt-BR\",\"@id\":\"https:\/\/bepet.pet\/loja\/produto\/areia-pipicat-classic-para-gatos-12-kg\/#primaryimage\",\"url\":\"https:\/\/bepet.pet\/loja\/wp-content\/uploads\/2024\/01\/p0fef87a6-8f75-43f9-81ca-2b4df34e81b1.png\",\"contentUrl\":\"https:\/\/bepet.pet\/loja\/wp-content\/uploads\/2024\/01\/p0fef87a6-8f75-43f9-81ca-2b4df34e81b1.png\",\"width\":800,\"height\":800},{\"@type\":\"BreadcrumbList\",\"@id\":\"https:\/\/bepet.pet\/loja\/produto\/areia-pipicat-classic-para-gatos-12-kg\/#breadcrumb\",\"itemListElement\":[{\"@type\":\"ListItem\",\"position\":1,\"name\":\"Home\",\"item\":\"https:\/\/bepet.pet\/loja\/\"},{\"@type\":\"ListItem\",\"position\":2,\"name\":\"Shop\",\"item\":\"https:\/\/bepet.pet\/loja\/shop-2\/\"},{\"@type\":\"ListItem\",\"position\":3,\"name\":\"Areia Pipicat Classic para Gatos 12 kg\"}]},{\"@type\":\"WebSite\",\"@id\":\"https:\/\/bepet.pet\/loja\/#website\",\"url\":\"https:\/\/bepet.pet\/loja\/\",\"name\":\"BePet\",\"description\":\"Nossa vida \u00e9 cuidar do seu pet\",\"publisher\":{\"@id\":\"https:\/\/bepet.pet\/loja\/#organization\"},\"potentialAction\":[{\"@type\":\"SearchAction\",\"target\":{\"@type\":\"EntryPoint\",\"urlTemplate\":\"https:\/\/bepet.pet\/loja\/?s={search_term_string}\"},\"query-input\":{\"@type\":\"PropertyValueSpecification\",\"valueRequired\":true,\"valueName\":\"search_term_string\"}}],\"inLanguage\":\"pt-BR\"},{\"@type\":\"Organization\",\"@id\":\"https:\/\/bepet.pet\/loja\/#organization\",\"name\":\"BePet\",\"url\":\"https:\/\/bepet.pet\/loja\/\",\"logo\":{\"@type\":\"ImageObject\",\"inLanguage\":\"pt-BR\",\"@id\":\"https:\/\/bepet.pet\/loja\/#\/schema\/logo\/image\/\",\"url\":\"https:\/\/bepet.pet\/loja\/wp-content\/uploads\/2020\/10\/logo.jpg\",\"contentUrl\":\"https:\/\/bepet.pet\/loja\/wp-content\/uploads\/2020\/10\/logo.jpg\",\"width\":100,\"height\":99,\"caption\":\"BePet\"},\"image\":{\"@id\":\"https:\/\/bepet.pet\/loja\/#\/schema\/logo\/image\/\"}}]}<\/script>\n<!-- \/ Yoast SEO plugin. -->","yoast_head_json":{"title":"Areia Pipicat Classic para Gatos 12 kg - BePet","robots":{"index":"index","follow":"follow","max-snippet":"max-snippet:-1","max-image-preview":"max-image-preview:large","max-video-preview":"max-video-preview:-1"},"canonical":"https:\/\/bepet.pet\/loja\/produto\/areia-pipicat-classic-para-gatos-12-kg\/","og_locale":"pt_BR","og_type":"article","og_title":"Areia Pipicat Classic para Gatos 12 kg - BePet","og_description":"Descubra a melhor op\u00e7\u00e3o de areia para o seu gato: a Areia Pipicat Classic para Gatos 12 kg. Com o objetivo de proporcionar o m\u00e1ximo de conforto e higiene para o seu felino, a Pipicat Classic \u00e9 a escolha perfeita para manter a caixa de areia sempre limpa e livre de odores desagrad\u00e1veis. Desenvolvida com uma f\u00f3rmula exclusiva, a Areia Pipicat Classic \u00e9 extremamente absorvente, garantindo que os dejetos do seu gato sejam rapidamente encapsulados, facilitando a limpeza di\u00e1ria. Al\u00e9m disso, ela possui gr\u00e3os finos que n\u00e3o machucam as patinhas sens\u00edveis dos felinos. Com uma embalagem de 12 kg, a Areia Pipicat Classic \u00e9 econ\u00f4mica e duradoura, proporcionando um excelente custo-benef\u00edcio para os tutores de gatos. Sua alta qualidade garante que a caixa de areia fique sempre fresca e seca, evitando o mau cheiro e mantendo o ambiente livre de bact\u00e9rias. A Pipicat Classic \u00e9 a escolha de muitos tutores de gatos exigentes, que buscam o melhor para seus felinos. Al\u00e9m disso, a areia \u00e9 recomendada por veterin\u00e1rios, que reconhecem sua efici\u00eancia na manuten\u00e7\u00e3o da higiene e bem-estar dos gatos. N\u00e3o perca tempo e garanta agora mesmo a Areia Pipicat Classic para Gatos 12 kg. Proporcione ao seu gato o&hellip; Read More","og_url":"https:\/\/bepet.pet\/loja\/produto\/areia-pipicat-classic-para-gatos-12-kg\/","og_site_name":"BePet","article_modified_time":"2025-12-10T19:52:41+00:00","twitter_card":"summary_large_image","twitter_misc":{"Est. tempo de leitura":"1 minuto"},"schema":{"@context":"https:\/\/schema.org","@graph":[{"@type":"WebPage","@id":"https:\/\/bepet.pet\/loja\/produto\/areia-pipicat-classic-para-gatos-12-kg\/","url":"https:\/\/bepet.pet\/loja\/produto\/areia-pipicat-classic-para-gatos-12-kg\/","name":"Areia Pipicat Classic para Gatos 12 kg - BePet","isPartOf":{"@id":"https:\/\/bepet.pet\/loja\/#website"},"primaryImageOfPage":{"@id":"https:\/\/bepet.pet\/loja\/produto\/areia-pipicat-classic-para-gatos-12-kg\/#primaryimage"},"image":{"@id":"https:\/\/bepet.pet\/loja\/produto\/areia-pipicat-classic-para-gatos-12-kg\/#primaryimage"},"thumbnailUrl":"https:\/\/bepet.pet\/loja\/wp-content\/uploads\/2024\/01\/p0fef87a6-8f75-43f9-81ca-2b4df34e81b1.png","datePublished":"2024-01-03T21:02:58+00:00","dateModified":"2025-12-10T19:52:41+00:00","breadcrumb":{"@id":"https:\/\/bepet.pet\/loja\/produto\/areia-pipicat-classic-para-gatos-12-kg\/#breadcrumb"},"inLanguage":"pt-BR","potentialAction":[{"@type":"ReadAction","target":["https:\/\/bepet.pet\/loja\/produto\/areia-pipicat-classic-para-gatos-12-kg\/"]}]},{"@type":"ImageObject","inLanguage":"pt-BR","@id":"https:\/\/bepet.pet\/loja\/produto\/areia-pipicat-classic-para-gatos-12-kg\/#primaryimage","url":"https:\/\/bepet.pet\/loja\/wp-content\/uploads\/2024\/01\/p0fef87a6-8f75-43f9-81ca-2b4df34e81b1.png","contentUrl":"https:\/\/bepet.pet\/loja\/wp-content\/uploads\/2024\/01\/p0fef87a6-8f75-43f9-81ca-2b4df34e81b1.png","width":800,"height":800},{"@type":"BreadcrumbList","@id":"https:\/\/bepet.pet\/loja\/produto\/areia-pipicat-classic-para-gatos-12-kg\/#breadcrumb","itemListElement":[{"@type":"ListItem","position":1,"name":"Home","item":"https:\/\/bepet.pet\/loja\/"},{"@type":"ListItem","position":2,"name":"Shop","item":"https:\/\/bepet.pet\/loja\/shop-2\/"},{"@type":"ListItem","position":3,"name":"Areia Pipicat Classic para Gatos 12 kg"}]},{"@type":"WebSite","@id":"https:\/\/bepet.pet\/loja\/#website","url":"https:\/\/bepet.pet\/loja\/","name":"BePet","description":"Nossa vida \u00e9 cuidar do seu pet","publisher":{"@id":"https:\/\/bepet.pet\/loja\/#organization"},"potentialAction":[{"@type":"SearchAction","target":{"@type":"EntryPoint","urlTemplate":"https:\/\/bepet.pet\/loja\/?s={search_term_string}"},"query-input":{"@type":"PropertyValueSpecification","valueRequired":true,"valueName":"search_term_string"}}],"inLanguage":"pt-BR"},{"@type":"Organization","@id":"https:\/\/bepet.pet\/loja\/#organization","name":"BePet","url":"https:\/\/bepet.pet\/loja\/","logo":{"@type":"ImageObject","inLanguage":"pt-BR","@id":"https:\/\/bepet.pet\/loja\/#\/schema\/logo\/image\/","url":"https:\/\/bepet.pet\/loja\/wp-content\/uploads\/2020\/10\/logo.jpg","contentUrl":"https:\/\/bepet.pet\/loja\/wp-content\/uploads\/2020\/10\/logo.jpg","width":100,"height":99,"caption":"BePet"},"image":{"@id":"https:\/\/bepet.pet\/loja\/#\/schema\/logo\/image\/"}}]}},"jetpack_sharing_enabled":true,"_links":{"self":[{"href":"https:\/\/bepet.pet\/loja\/wp-json\/wp\/v2\/product\/9286","targetHints":{"allow":["GET"]}}],"collection":[{"href":"https:\/\/bepet.pet\/loja\/wp-json\/wp\/v2\/product"}],"about":[{"href":"https:\/\/bepet.pet\/loja\/wp-json\/wp\/v2\/types\/product"}],"replies":[{"embeddable":true,"href":"https:\/\/bepet.pet\/loja\/wp-json\/wp\/v2\/comments?post=9286"}],"wp:featuredmedia":[{"embeddable":true,"href":"https:\/\/bepet.pet\/loja\/wp-json\/wp\/v2\/media\/10057"}],"wp:attachment":[{"href":"https:\/\/bepet.pet\/loja\/wp-json\/wp\/v2\/media?parent=9286"}],"wp:term":[{"taxonomy":"product_brand","embeddable":true,"href":"https:\/\/bepet.pet\/loja\/wp-json\/wp\/v2\/product_brand?post=9286"},{"taxonomy":"product_cat","embeddable":true,"href":"https:\/\/bepet.pet\/loja\/wp-json\/wp\/v2\/product_cat?post=9286"},{"taxonomy":"product_tag","embeddable":true,"href":"https:\/\/bepet.pet\/loja\/wp-json\/wp\/v2\/product_tag?post=9286"}],"curies":[{"name":"wp","href":"https:\/\/api.w.org\/{rel}","templated":true}]}}