{"id":9276,"date":"2024-01-03T20:55:28","date_gmt":"2024-01-03T20:55:28","guid":{"rendered":"https:\/\/bepet.pet\/loja\/produto\/racao-royal-canin-gastrointestinal-low-fat-caes-adultos-10-kg\/"},"modified":"2025-12-10T16:55:00","modified_gmt":"2025-12-10T19:55:00","slug":"racao-royal-canin-gastrointestinal-low-fat-caes-adultos-10-kg","status":"publish","type":"product","link":"https:\/\/bepet.pet\/loja\/produto\/racao-royal-canin-gastrointestinal-low-fat-caes-adultos-10-kg\/","title":{"rendered":"Ra\u00e7\u00e3o Royal Canin Gastrointestinal Low Fat C\u00e3es Adultos 10 kg"},"content":{"rendered":"<p>A Ra\u00e7\u00e3o Royal Canin Gastrointestinal Low Fat \u00e9 uma op\u00e7\u00e3o de alimento especialmente desenvolvida para c\u00e3es adultos que necessitam de cuidados especiais com a sa\u00fade digestiva. Com um teor reduzido de gordura, essa ra\u00e7\u00e3o proporciona uma dieta equilibrada e nutritiva para o seu pet.<\/p>\n<p>Indicada para c\u00e3es com sensibilidade digestiva, a Ra\u00e7\u00e3o Royal Canin Gastrointestinal Low Fat \u00e9 formulada com ingredientes de alta qualidade, que ajudam a promover a sa\u00fade intestinal do seu c\u00e3o. Al\u00e9m disso, ela conta com um complexo de antioxidantes que auxilia no fortalecimento do sistema imunol\u00f3gico.<\/p>\n<p>Com 10 kg de produto, essa ra\u00e7\u00e3o \u00e9 perfeita para quem busca uma op\u00e7\u00e3o econ\u00f4mica e de qualidade para a alimenta\u00e7\u00e3o do seu c\u00e3o. Ela possui uma textura palat\u00e1vel, que facilita a mastiga\u00e7\u00e3o e a digest\u00e3o do alimento, garantindo uma absor\u00e7\u00e3o adequada dos nutrientes.<\/p>\n<p>Ao escolher a Ra\u00e7\u00e3o Royal Canin Gastrointestinal Low Fat, voc\u00ea estar\u00e1 proporcionando ao seu c\u00e3o uma alimenta\u00e7\u00e3o balanceada e saborosa, que ir\u00e1 contribuir para a sua sa\u00fade e bem-estar. Afinal, cuidar da sa\u00fade do seu pet \u00e9 essencial para garantir uma vida longa e feliz ao seu lado.<\/p>\n<p>Adquira agora mesmo a Ra\u00e7\u00e3o Royal Canin Gastrointestinal Low Fat para c\u00e3es adultos de 10 kg e proporcione ao seu pet uma alimenta\u00e7\u00e3o de qualidade, que ir\u00e1 contribuir para a sua sa\u00fade digestiva. Aproveite os benef\u00edcios desse produto e proporcione ao seu c\u00e3o uma vida mais saud\u00e1vel e feliz.<\/p>\n","protected":false},"excerpt":{"rendered":"<p>A Ra\u00e7\u00e3o Royal Canin Gastrointestinal Low Fat \u00e9 uma op\u00e7\u00e3o de alimento especialmente desenvolvida para c\u00e3es adultos que necessitam de cuidados especiais com a sa\u00fade digestiva. Com um teor reduzido de gordura, essa ra\u00e7\u00e3o proporciona uma dieta equilibrada e nutritiva para o seu pet. Indicada para c\u00e3es com sensibilidade digestiva, a Ra\u00e7\u00e3o Royal Canin Gastrointestinal Low Fat \u00e9 formulada com ingredientes de alta qualidade, que ajudam a promover a sa\u00fade intestinal do seu c\u00e3o. Al\u00e9m disso, ela conta com um complexo de antioxidantes que auxilia no fortalecimento do sistema imunol\u00f3gico. Com 10 kg de produto, essa ra\u00e7\u00e3o \u00e9 perfeita para quem busca uma op\u00e7\u00e3o econ\u00f4mica e de qualidade para a alimenta\u00e7\u00e3o do seu c\u00e3o. Ela possui uma textura palat\u00e1vel, que facilita a mastiga\u00e7\u00e3o e a digest\u00e3o do alimento, garantindo uma absor\u00e7\u00e3o adequada dos nutrientes. Ao escolher a Ra\u00e7\u00e3o Royal Canin Gastrointestinal Low Fat, voc\u00ea estar\u00e1 proporcionando ao seu c\u00e3o uma alimenta\u00e7\u00e3o balanceada e saborosa, que ir\u00e1 contribuir para a sua sa\u00fade e bem-estar. Afinal, cuidar da sa\u00fade do seu pet \u00e9 essencial para garantir uma vida longa e feliz ao seu lado. Adquira agora mesmo a Ra\u00e7\u00e3o Royal Canin Gastrointestinal Low Fat para c\u00e3es adultos de 10 kg e proporcione&hellip; <a class=\"read-more-link\" href=\"https:\/\/bepet.pet\/loja\/produto\/racao-royal-canin-gastrointestinal-low-fat-caes-adultos-10-kg\/\">Read More<\/a><\/p>\n","protected":false},"featured_media":9337,"comment_status":"open","ping_status":"closed","template":"","meta":{"_kadence_starter_templates_imported_post":false},"product_brand":[],"product_cat":[121,132],"product_tag":[],"class_list":{"0":"post-9276","1":"product","2":"type-product","3":"status-publish","4":"has-post-thumbnail","6":"product_cat-racoes","7":"product_cat-terapeuticas-caes","10":"first","11":"instock","12":"shipping-taxable","13":"purchasable","14":"product-type-simple"},"yoast_head":"<!-- This site is optimized with the Yoast SEO plugin v25.5 - https:\/\/yoast.com\/wordpress\/plugins\/seo\/ -->\n<title>Ra\u00e7\u00e3o Royal Canin Gastrointestinal Low Fat C\u00e3es Adultos 10 kg - BePet<\/title>\n<meta name=\"robots\" content=\"index, follow, max-snippet:-1, max-image-preview:large, max-video-preview:-1\" \/>\n<link rel=\"canonical\" href=\"https:\/\/bepet.pet\/loja\/produto\/racao-royal-canin-gastrointestinal-low-fat-caes-adultos-10-kg\/\" \/>\n<meta property=\"og:locale\" content=\"pt_BR\" \/>\n<meta property=\"og:type\" content=\"article\" \/>\n<meta property=\"og:title\" content=\"Ra\u00e7\u00e3o Royal Canin Gastrointestinal Low Fat C\u00e3es Adultos 10 kg - BePet\" \/>\n<meta property=\"og:description\" content=\"A Ra\u00e7\u00e3o Royal Canin Gastrointestinal Low Fat \u00e9 uma op\u00e7\u00e3o de alimento especialmente desenvolvida para c\u00e3es adultos que necessitam de cuidados especiais com a sa\u00fade digestiva. Com um teor reduzido de gordura, essa ra\u00e7\u00e3o proporciona uma dieta equilibrada e nutritiva para o seu pet. Indicada para c\u00e3es com sensibilidade digestiva, a Ra\u00e7\u00e3o Royal Canin Gastrointestinal Low Fat \u00e9 formulada com ingredientes de alta qualidade, que ajudam a promover a sa\u00fade intestinal do seu c\u00e3o. Al\u00e9m disso, ela conta com um complexo de antioxidantes que auxilia no fortalecimento do sistema imunol\u00f3gico. Com 10 kg de produto, essa ra\u00e7\u00e3o \u00e9 perfeita para quem busca uma op\u00e7\u00e3o econ\u00f4mica e de qualidade para a alimenta\u00e7\u00e3o do seu c\u00e3o. Ela possui uma textura palat\u00e1vel, que facilita a mastiga\u00e7\u00e3o e a digest\u00e3o do alimento, garantindo uma absor\u00e7\u00e3o adequada dos nutrientes. Ao escolher a Ra\u00e7\u00e3o Royal Canin Gastrointestinal Low Fat, voc\u00ea estar\u00e1 proporcionando ao seu c\u00e3o uma alimenta\u00e7\u00e3o balanceada e saborosa, que ir\u00e1 contribuir para a sua sa\u00fade e bem-estar. Afinal, cuidar da sa\u00fade do seu pet \u00e9 essencial para garantir uma vida longa e feliz ao seu lado. Adquira agora mesmo a Ra\u00e7\u00e3o Royal Canin Gastrointestinal Low Fat para c\u00e3es adultos de 10 kg e proporcione&hellip; Read More\" \/>\n<meta property=\"og:url\" content=\"https:\/\/bepet.pet\/loja\/produto\/racao-royal-canin-gastrointestinal-low-fat-caes-adultos-10-kg\/\" \/>\n<meta property=\"og:site_name\" content=\"BePet\" \/>\n<meta property=\"article:modified_time\" content=\"2025-12-10T19:55:00+00:00\" \/>\n<meta name=\"twitter:card\" content=\"summary_large_image\" \/>\n<meta name=\"twitter:label1\" content=\"Est. tempo de leitura\" \/>\n\t<meta name=\"twitter:data1\" content=\"1 minuto\" \/>\n<script type=\"application\/ld+json\" class=\"yoast-schema-graph\">{\"@context\":\"https:\/\/schema.org\",\"@graph\":[{\"@type\":\"WebPage\",\"@id\":\"https:\/\/bepet.pet\/loja\/produto\/racao-royal-canin-gastrointestinal-low-fat-caes-adultos-10-kg\/\",\"url\":\"https:\/\/bepet.pet\/loja\/produto\/racao-royal-canin-gastrointestinal-low-fat-caes-adultos-10-kg\/\",\"name\":\"Ra\u00e7\u00e3o Royal Canin Gastrointestinal Low Fat C\u00e3es Adultos 10 kg - BePet\",\"isPartOf\":{\"@id\":\"https:\/\/bepet.pet\/loja\/#website\"},\"primaryImageOfPage\":{\"@id\":\"https:\/\/bepet.pet\/loja\/produto\/racao-royal-canin-gastrointestinal-low-fat-caes-adultos-10-kg\/#primaryimage\"},\"image\":{\"@id\":\"https:\/\/bepet.pet\/loja\/produto\/racao-royal-canin-gastrointestinal-low-fat-caes-adultos-10-kg\/#primaryimage\"},\"thumbnailUrl\":\"https:\/\/bepet.pet\/loja\/wp-content\/uploads\/2024\/01\/p77815f52-9268-4013-9a61-d830927d59de.png\",\"datePublished\":\"2024-01-03T20:55:28+00:00\",\"dateModified\":\"2025-12-10T19:55:00+00:00\",\"breadcrumb\":{\"@id\":\"https:\/\/bepet.pet\/loja\/produto\/racao-royal-canin-gastrointestinal-low-fat-caes-adultos-10-kg\/#breadcrumb\"},\"inLanguage\":\"pt-BR\",\"potentialAction\":[{\"@type\":\"ReadAction\",\"target\":[\"https:\/\/bepet.pet\/loja\/produto\/racao-royal-canin-gastrointestinal-low-fat-caes-adultos-10-kg\/\"]}]},{\"@type\":\"ImageObject\",\"inLanguage\":\"pt-BR\",\"@id\":\"https:\/\/bepet.pet\/loja\/produto\/racao-royal-canin-gastrointestinal-low-fat-caes-adultos-10-kg\/#primaryimage\",\"url\":\"https:\/\/bepet.pet\/loja\/wp-content\/uploads\/2024\/01\/p77815f52-9268-4013-9a61-d830927d59de.png\",\"contentUrl\":\"https:\/\/bepet.pet\/loja\/wp-content\/uploads\/2024\/01\/p77815f52-9268-4013-9a61-d830927d59de.png\",\"width\":800,\"height\":800},{\"@type\":\"BreadcrumbList\",\"@id\":\"https:\/\/bepet.pet\/loja\/produto\/racao-royal-canin-gastrointestinal-low-fat-caes-adultos-10-kg\/#breadcrumb\",\"itemListElement\":[{\"@type\":\"ListItem\",\"position\":1,\"name\":\"Home\",\"item\":\"https:\/\/bepet.pet\/loja\/\"},{\"@type\":\"ListItem\",\"position\":2,\"name\":\"Shop\",\"item\":\"https:\/\/bepet.pet\/loja\/shop-2\/\"},{\"@type\":\"ListItem\",\"position\":3,\"name\":\"Ra\u00e7\u00e3o Royal Canin Gastrointestinal Low Fat C\u00e3es Adultos 10 kg\"}]},{\"@type\":\"WebSite\",\"@id\":\"https:\/\/bepet.pet\/loja\/#website\",\"url\":\"https:\/\/bepet.pet\/loja\/\",\"name\":\"BePet\",\"description\":\"Nossa vida \u00e9 cuidar do seu pet\",\"publisher\":{\"@id\":\"https:\/\/bepet.pet\/loja\/#organization\"},\"potentialAction\":[{\"@type\":\"SearchAction\",\"target\":{\"@type\":\"EntryPoint\",\"urlTemplate\":\"https:\/\/bepet.pet\/loja\/?s={search_term_string}\"},\"query-input\":{\"@type\":\"PropertyValueSpecification\",\"valueRequired\":true,\"valueName\":\"search_term_string\"}}],\"inLanguage\":\"pt-BR\"},{\"@type\":\"Organization\",\"@id\":\"https:\/\/bepet.pet\/loja\/#organization\",\"name\":\"BePet\",\"url\":\"https:\/\/bepet.pet\/loja\/\",\"logo\":{\"@type\":\"ImageObject\",\"inLanguage\":\"pt-BR\",\"@id\":\"https:\/\/bepet.pet\/loja\/#\/schema\/logo\/image\/\",\"url\":\"https:\/\/bepet.pet\/loja\/wp-content\/uploads\/2020\/10\/logo.jpg\",\"contentUrl\":\"https:\/\/bepet.pet\/loja\/wp-content\/uploads\/2020\/10\/logo.jpg\",\"width\":100,\"height\":99,\"caption\":\"BePet\"},\"image\":{\"@id\":\"https:\/\/bepet.pet\/loja\/#\/schema\/logo\/image\/\"}}]}<\/script>\n<!-- \/ Yoast SEO plugin. -->","yoast_head_json":{"title":"Ra\u00e7\u00e3o Royal Canin Gastrointestinal Low Fat C\u00e3es Adultos 10 kg - BePet","robots":{"index":"index","follow":"follow","max-snippet":"max-snippet:-1","max-image-preview":"max-image-preview:large","max-video-preview":"max-video-preview:-1"},"canonical":"https:\/\/bepet.pet\/loja\/produto\/racao-royal-canin-gastrointestinal-low-fat-caes-adultos-10-kg\/","og_locale":"pt_BR","og_type":"article","og_title":"Ra\u00e7\u00e3o Royal Canin Gastrointestinal Low Fat C\u00e3es Adultos 10 kg - BePet","og_description":"A Ra\u00e7\u00e3o Royal Canin Gastrointestinal Low Fat \u00e9 uma op\u00e7\u00e3o de alimento especialmente desenvolvida para c\u00e3es adultos que necessitam de cuidados especiais com a sa\u00fade digestiva. Com um teor reduzido de gordura, essa ra\u00e7\u00e3o proporciona uma dieta equilibrada e nutritiva para o seu pet. Indicada para c\u00e3es com sensibilidade digestiva, a Ra\u00e7\u00e3o Royal Canin Gastrointestinal Low Fat \u00e9 formulada com ingredientes de alta qualidade, que ajudam a promover a sa\u00fade intestinal do seu c\u00e3o. Al\u00e9m disso, ela conta com um complexo de antioxidantes que auxilia no fortalecimento do sistema imunol\u00f3gico. Com 10 kg de produto, essa ra\u00e7\u00e3o \u00e9 perfeita para quem busca uma op\u00e7\u00e3o econ\u00f4mica e de qualidade para a alimenta\u00e7\u00e3o do seu c\u00e3o. Ela possui uma textura palat\u00e1vel, que facilita a mastiga\u00e7\u00e3o e a digest\u00e3o do alimento, garantindo uma absor\u00e7\u00e3o adequada dos nutrientes. Ao escolher a Ra\u00e7\u00e3o Royal Canin Gastrointestinal Low Fat, voc\u00ea estar\u00e1 proporcionando ao seu c\u00e3o uma alimenta\u00e7\u00e3o balanceada e saborosa, que ir\u00e1 contribuir para a sua sa\u00fade e bem-estar. Afinal, cuidar da sa\u00fade do seu pet \u00e9 essencial para garantir uma vida longa e feliz ao seu lado. Adquira agora mesmo a Ra\u00e7\u00e3o Royal Canin Gastrointestinal Low Fat para c\u00e3es adultos de 10 kg e proporcione&hellip; Read More","og_url":"https:\/\/bepet.pet\/loja\/produto\/racao-royal-canin-gastrointestinal-low-fat-caes-adultos-10-kg\/","og_site_name":"BePet","article_modified_time":"2025-12-10T19:55:00+00:00","twitter_card":"summary_large_image","twitter_misc":{"Est. tempo de leitura":"1 minuto"},"schema":{"@context":"https:\/\/schema.org","@graph":[{"@type":"WebPage","@id":"https:\/\/bepet.pet\/loja\/produto\/racao-royal-canin-gastrointestinal-low-fat-caes-adultos-10-kg\/","url":"https:\/\/bepet.pet\/loja\/produto\/racao-royal-canin-gastrointestinal-low-fat-caes-adultos-10-kg\/","name":"Ra\u00e7\u00e3o Royal Canin Gastrointestinal Low Fat C\u00e3es Adultos 10 kg - BePet","isPartOf":{"@id":"https:\/\/bepet.pet\/loja\/#website"},"primaryImageOfPage":{"@id":"https:\/\/bepet.pet\/loja\/produto\/racao-royal-canin-gastrointestinal-low-fat-caes-adultos-10-kg\/#primaryimage"},"image":{"@id":"https:\/\/bepet.pet\/loja\/produto\/racao-royal-canin-gastrointestinal-low-fat-caes-adultos-10-kg\/#primaryimage"},"thumbnailUrl":"https:\/\/bepet.pet\/loja\/wp-content\/uploads\/2024\/01\/p77815f52-9268-4013-9a61-d830927d59de.png","datePublished":"2024-01-03T20:55:28+00:00","dateModified":"2025-12-10T19:55:00+00:00","breadcrumb":{"@id":"https:\/\/bepet.pet\/loja\/produto\/racao-royal-canin-gastrointestinal-low-fat-caes-adultos-10-kg\/#breadcrumb"},"inLanguage":"pt-BR","potentialAction":[{"@type":"ReadAction","target":["https:\/\/bepet.pet\/loja\/produto\/racao-royal-canin-gastrointestinal-low-fat-caes-adultos-10-kg\/"]}]},{"@type":"ImageObject","inLanguage":"pt-BR","@id":"https:\/\/bepet.pet\/loja\/produto\/racao-royal-canin-gastrointestinal-low-fat-caes-adultos-10-kg\/#primaryimage","url":"https:\/\/bepet.pet\/loja\/wp-content\/uploads\/2024\/01\/p77815f52-9268-4013-9a61-d830927d59de.png","contentUrl":"https:\/\/bepet.pet\/loja\/wp-content\/uploads\/2024\/01\/p77815f52-9268-4013-9a61-d830927d59de.png","width":800,"height":800},{"@type":"BreadcrumbList","@id":"https:\/\/bepet.pet\/loja\/produto\/racao-royal-canin-gastrointestinal-low-fat-caes-adultos-10-kg\/#breadcrumb","itemListElement":[{"@type":"ListItem","position":1,"name":"Home","item":"https:\/\/bepet.pet\/loja\/"},{"@type":"ListItem","position":2,"name":"Shop","item":"https:\/\/bepet.pet\/loja\/shop-2\/"},{"@type":"ListItem","position":3,"name":"Ra\u00e7\u00e3o Royal Canin Gastrointestinal Low Fat C\u00e3es Adultos 10 kg"}]},{"@type":"WebSite","@id":"https:\/\/bepet.pet\/loja\/#website","url":"https:\/\/bepet.pet\/loja\/","name":"BePet","description":"Nossa vida \u00e9 cuidar do seu pet","publisher":{"@id":"https:\/\/bepet.pet\/loja\/#organization"},"potentialAction":[{"@type":"SearchAction","target":{"@type":"EntryPoint","urlTemplate":"https:\/\/bepet.pet\/loja\/?s={search_term_string}"},"query-input":{"@type":"PropertyValueSpecification","valueRequired":true,"valueName":"search_term_string"}}],"inLanguage":"pt-BR"},{"@type":"Organization","@id":"https:\/\/bepet.pet\/loja\/#organization","name":"BePet","url":"https:\/\/bepet.pet\/loja\/","logo":{"@type":"ImageObject","inLanguage":"pt-BR","@id":"https:\/\/bepet.pet\/loja\/#\/schema\/logo\/image\/","url":"https:\/\/bepet.pet\/loja\/wp-content\/uploads\/2020\/10\/logo.jpg","contentUrl":"https:\/\/bepet.pet\/loja\/wp-content\/uploads\/2020\/10\/logo.jpg","width":100,"height":99,"caption":"BePet"},"image":{"@id":"https:\/\/bepet.pet\/loja\/#\/schema\/logo\/image\/"}}]}},"jetpack_sharing_enabled":true,"_links":{"self":[{"href":"https:\/\/bepet.pet\/loja\/wp-json\/wp\/v2\/product\/9276","targetHints":{"allow":["GET"]}}],"collection":[{"href":"https:\/\/bepet.pet\/loja\/wp-json\/wp\/v2\/product"}],"about":[{"href":"https:\/\/bepet.pet\/loja\/wp-json\/wp\/v2\/types\/product"}],"replies":[{"embeddable":true,"href":"https:\/\/bepet.pet\/loja\/wp-json\/wp\/v2\/comments?post=9276"}],"wp:featuredmedia":[{"embeddable":true,"href":"https:\/\/bepet.pet\/loja\/wp-json\/wp\/v2\/media\/9337"}],"wp:attachment":[{"href":"https:\/\/bepet.pet\/loja\/wp-json\/wp\/v2\/media?parent=9276"}],"wp:term":[{"taxonomy":"product_brand","embeddable":true,"href":"https:\/\/bepet.pet\/loja\/wp-json\/wp\/v2\/product_brand?post=9276"},{"taxonomy":"product_cat","embeddable":true,"href":"https:\/\/bepet.pet\/loja\/wp-json\/wp\/v2\/product_cat?post=9276"},{"taxonomy":"product_tag","embeddable":true,"href":"https:\/\/bepet.pet\/loja\/wp-json\/wp\/v2\/product_tag?post=9276"}],"curies":[{"name":"wp","href":"https:\/\/api.w.org\/{rel}","templated":true}]}}