{"id":9268,"date":"2024-01-03T17:44:41","date_gmt":"2024-01-03T20:44:41","guid":{"rendered":"https:\/\/bepet.pet\/loja\/produto\/racao-nd-prime-gatos-adultos-castrados-frango-e-roma-15-kg\/"},"modified":"2025-12-10T17:10:46","modified_gmt":"2025-12-10T20:10:46","slug":"racao-nd-prime-gatos-adultos-castrados-frango-e-roma-15-kg","status":"publish","type":"product","link":"https:\/\/bepet.pet\/loja\/produto\/racao-nd-prime-gatos-adultos-castrados-frango-e-roma-15-kg\/","title":{"rendered":"Ra\u00e7\u00e3o N&amp;D Prime Gatos Adultos Castrados Frango e Rom\u00e3 1,5 kg"},"content":{"rendered":"<p>Agora voc\u00ea pode oferecer o melhor para o seu gato castrado. Apresentamos a ra\u00e7\u00e3o N&amp;D Prime Gatos Adultos Castrados, com sabor irresist\u00edvel de frango e rom\u00e3. <\/p>\n<p>Desenvolvida especialmente para atender \u00e0s necessidades nutricionais dos felinos castrados, essa ra\u00e7\u00e3o oferece uma alimenta\u00e7\u00e3o equilibrada e completa. Com ingredientes de alta qualidade, ela proporciona todos os nutrientes necess\u00e1rios para manter seu gato saud\u00e1vel e cheio de energia.<\/p>\n<p>A ra\u00e7\u00e3o N&amp;D Prime Gatos Adultos Castrados \u00e9 formulada com frango fresco, fonte de prote\u00ednas de alta qualidade, que auxilia no desenvolvimento muscular do seu gato. Al\u00e9m disso, conta com a presen\u00e7a da rom\u00e3, um superalimento rico em antioxidantes, que contribui para o fortalecimento do sistema imunol\u00f3gico.<\/p>\n<p>Com o tamanho ideal para gatos adultos castrados, a embalagem de 1,5 kg garante uma alimenta\u00e7\u00e3o balanceada por um longo per\u00edodo de tempo. Assim, voc\u00ea pode ter a certeza de que seu gato estar\u00e1 sempre bem alimentado, sem excessos.<\/p>\n<p>A ra\u00e7\u00e3o N&amp;D Prime Gatos Adultos Castrados \u00e9 produzida com ingredientes cuidadosamente selecionados, sem o uso de corantes artificiais, conservantes ou transg\u00eanicos. Isso garante uma alimenta\u00e7\u00e3o natural e saud\u00e1vel para o seu gato.<\/p>\n<p>N\u00e3o perca mais tempo e ofere\u00e7a o melhor para o seu gato castrado. Experimente a ra\u00e7\u00e3o N&amp;D Prime Gatos Adultos Castrados Frango e Rom\u00e3 1,5 kg e proporcione uma vida mais feliz e saud\u00e1vel para o seu companheiro de quatro patas. Compre agora mesmo em nosso website e-commerce e aproveite os benef\u00edcios dessa ra\u00e7\u00e3o de qualidade superior.<\/p>\n","protected":false},"excerpt":{"rendered":"<p>Agora voc\u00ea pode oferecer o melhor para o seu gato castrado. Apresentamos a ra\u00e7\u00e3o N&amp;D Prime Gatos Adultos Castrados, com sabor irresist\u00edvel de frango e rom\u00e3. Desenvolvida especialmente para atender \u00e0s necessidades nutricionais dos felinos castrados, essa ra\u00e7\u00e3o oferece uma alimenta\u00e7\u00e3o equilibrada e completa. Com ingredientes de alta qualidade, ela proporciona todos os nutrientes necess\u00e1rios para manter seu gato saud\u00e1vel e cheio de energia. A ra\u00e7\u00e3o N&amp;D Prime Gatos Adultos Castrados \u00e9 formulada com frango fresco, fonte de prote\u00ednas de alta qualidade, que auxilia no desenvolvimento muscular do seu gato. Al\u00e9m disso, conta com a presen\u00e7a da rom\u00e3, um superalimento rico em antioxidantes, que contribui para o fortalecimento do sistema imunol\u00f3gico. Com o tamanho ideal para gatos adultos castrados, a embalagem de 1,5 kg garante uma alimenta\u00e7\u00e3o balanceada por um longo per\u00edodo de tempo. Assim, voc\u00ea pode ter a certeza de que seu gato estar\u00e1 sempre bem alimentado, sem excessos. A ra\u00e7\u00e3o N&amp;D Prime Gatos Adultos Castrados \u00e9 produzida com ingredientes cuidadosamente selecionados, sem o uso de corantes artificiais, conservantes ou transg\u00eanicos. Isso garante uma alimenta\u00e7\u00e3o natural e saud\u00e1vel para o seu gato. N\u00e3o perca mais tempo e ofere\u00e7a o melhor para o seu gato castrado. Experimente a ra\u00e7\u00e3o N&amp;D&hellip; <a class=\"read-more-link\" href=\"https:\/\/bepet.pet\/loja\/produto\/racao-nd-prime-gatos-adultos-castrados-frango-e-roma-15-kg\/\">Read More<\/a><\/p>\n","protected":false},"featured_media":9361,"comment_status":"open","ping_status":"closed","template":"","meta":{"_kadence_starter_templates_imported_post":false},"product_brand":[],"product_cat":[121],"product_tag":[],"class_list":{"0":"post-9268","1":"product","2":"type-product","3":"status-publish","4":"has-post-thumbnail","6":"product_cat-racoes","9":"first","10":"instock","11":"shipping-taxable","12":"purchasable","13":"product-type-simple"},"yoast_head":"<!-- This site is optimized with the Yoast SEO plugin v25.5 - https:\/\/yoast.com\/wordpress\/plugins\/seo\/ -->\n<title>Ra\u00e7\u00e3o N&amp;D Prime Gatos Adultos Castrados Frango e Rom\u00e3 1,5 kg - BePet<\/title>\n<meta name=\"robots\" content=\"index, follow, max-snippet:-1, max-image-preview:large, max-video-preview:-1\" \/>\n<link rel=\"canonical\" href=\"https:\/\/bepet.pet\/loja\/produto\/racao-nd-prime-gatos-adultos-castrados-frango-e-roma-15-kg\/\" \/>\n<meta property=\"og:locale\" content=\"pt_BR\" \/>\n<meta property=\"og:type\" content=\"article\" \/>\n<meta property=\"og:title\" content=\"Ra\u00e7\u00e3o N&amp;D Prime Gatos Adultos Castrados Frango e Rom\u00e3 1,5 kg - BePet\" \/>\n<meta property=\"og:description\" content=\"Agora voc\u00ea pode oferecer o melhor para o seu gato castrado. Apresentamos a ra\u00e7\u00e3o N&amp;D Prime Gatos Adultos Castrados, com sabor irresist\u00edvel de frango e rom\u00e3. Desenvolvida especialmente para atender \u00e0s necessidades nutricionais dos felinos castrados, essa ra\u00e7\u00e3o oferece uma alimenta\u00e7\u00e3o equilibrada e completa. Com ingredientes de alta qualidade, ela proporciona todos os nutrientes necess\u00e1rios para manter seu gato saud\u00e1vel e cheio de energia. A ra\u00e7\u00e3o N&amp;D Prime Gatos Adultos Castrados \u00e9 formulada com frango fresco, fonte de prote\u00ednas de alta qualidade, que auxilia no desenvolvimento muscular do seu gato. Al\u00e9m disso, conta com a presen\u00e7a da rom\u00e3, um superalimento rico em antioxidantes, que contribui para o fortalecimento do sistema imunol\u00f3gico. Com o tamanho ideal para gatos adultos castrados, a embalagem de 1,5 kg garante uma alimenta\u00e7\u00e3o balanceada por um longo per\u00edodo de tempo. Assim, voc\u00ea pode ter a certeza de que seu gato estar\u00e1 sempre bem alimentado, sem excessos. A ra\u00e7\u00e3o N&amp;D Prime Gatos Adultos Castrados \u00e9 produzida com ingredientes cuidadosamente selecionados, sem o uso de corantes artificiais, conservantes ou transg\u00eanicos. Isso garante uma alimenta\u00e7\u00e3o natural e saud\u00e1vel para o seu gato. N\u00e3o perca mais tempo e ofere\u00e7a o melhor para o seu gato castrado. Experimente a ra\u00e7\u00e3o N&amp;D&hellip; Read More\" \/>\n<meta property=\"og:url\" content=\"https:\/\/bepet.pet\/loja\/produto\/racao-nd-prime-gatos-adultos-castrados-frango-e-roma-15-kg\/\" \/>\n<meta property=\"og:site_name\" content=\"BePet\" \/>\n<meta property=\"article:modified_time\" content=\"2025-12-10T20:10:46+00:00\" \/>\n<meta property=\"og:image\" content=\"https:\/\/bepet.pet\/loja\/wp-content\/uploads\/2024\/01\/p2876575d-4bda-4cc7-b5ff-eb8ac0546876.png\" \/>\n\t<meta property=\"og:image:width\" content=\"482\" \/>\n\t<meta property=\"og:image:height\" content=\"663\" \/>\n\t<meta property=\"og:image:type\" content=\"image\/png\" \/>\n<meta name=\"twitter:card\" content=\"summary_large_image\" \/>\n<meta name=\"twitter:label1\" content=\"Est. tempo de leitura\" \/>\n\t<meta name=\"twitter:data1\" content=\"1 minuto\" \/>\n<script type=\"application\/ld+json\" class=\"yoast-schema-graph\">{\"@context\":\"https:\/\/schema.org\",\"@graph\":[{\"@type\":\"WebPage\",\"@id\":\"https:\/\/bepet.pet\/loja\/produto\/racao-nd-prime-gatos-adultos-castrados-frango-e-roma-15-kg\/\",\"url\":\"https:\/\/bepet.pet\/loja\/produto\/racao-nd-prime-gatos-adultos-castrados-frango-e-roma-15-kg\/\",\"name\":\"Ra\u00e7\u00e3o N&amp;D Prime Gatos Adultos Castrados Frango e Rom\u00e3 1,5 kg - BePet\",\"isPartOf\":{\"@id\":\"https:\/\/bepet.pet\/loja\/#website\"},\"primaryImageOfPage\":{\"@id\":\"https:\/\/bepet.pet\/loja\/produto\/racao-nd-prime-gatos-adultos-castrados-frango-e-roma-15-kg\/#primaryimage\"},\"image\":{\"@id\":\"https:\/\/bepet.pet\/loja\/produto\/racao-nd-prime-gatos-adultos-castrados-frango-e-roma-15-kg\/#primaryimage\"},\"thumbnailUrl\":\"https:\/\/bepet.pet\/loja\/wp-content\/uploads\/2024\/01\/p2876575d-4bda-4cc7-b5ff-eb8ac0546876.png\",\"datePublished\":\"2024-01-03T20:44:41+00:00\",\"dateModified\":\"2025-12-10T20:10:46+00:00\",\"breadcrumb\":{\"@id\":\"https:\/\/bepet.pet\/loja\/produto\/racao-nd-prime-gatos-adultos-castrados-frango-e-roma-15-kg\/#breadcrumb\"},\"inLanguage\":\"pt-BR\",\"potentialAction\":[{\"@type\":\"ReadAction\",\"target\":[\"https:\/\/bepet.pet\/loja\/produto\/racao-nd-prime-gatos-adultos-castrados-frango-e-roma-15-kg\/\"]}]},{\"@type\":\"ImageObject\",\"inLanguage\":\"pt-BR\",\"@id\":\"https:\/\/bepet.pet\/loja\/produto\/racao-nd-prime-gatos-adultos-castrados-frango-e-roma-15-kg\/#primaryimage\",\"url\":\"https:\/\/bepet.pet\/loja\/wp-content\/uploads\/2024\/01\/p2876575d-4bda-4cc7-b5ff-eb8ac0546876.png\",\"contentUrl\":\"https:\/\/bepet.pet\/loja\/wp-content\/uploads\/2024\/01\/p2876575d-4bda-4cc7-b5ff-eb8ac0546876.png\",\"width\":482,\"height\":663},{\"@type\":\"BreadcrumbList\",\"@id\":\"https:\/\/bepet.pet\/loja\/produto\/racao-nd-prime-gatos-adultos-castrados-frango-e-roma-15-kg\/#breadcrumb\",\"itemListElement\":[{\"@type\":\"ListItem\",\"position\":1,\"name\":\"Home\",\"item\":\"https:\/\/bepet.pet\/loja\/\"},{\"@type\":\"ListItem\",\"position\":2,\"name\":\"Shop\",\"item\":\"https:\/\/bepet.pet\/loja\/shop-2\/\"},{\"@type\":\"ListItem\",\"position\":3,\"name\":\"Ra\u00e7\u00e3o N&amp;D Prime Gatos Adultos Castrados Frango e Rom\u00e3 1,5 kg\"}]},{\"@type\":\"WebSite\",\"@id\":\"https:\/\/bepet.pet\/loja\/#website\",\"url\":\"https:\/\/bepet.pet\/loja\/\",\"name\":\"BePet\",\"description\":\"Nossa vida \u00e9 cuidar do seu pet\",\"publisher\":{\"@id\":\"https:\/\/bepet.pet\/loja\/#organization\"},\"potentialAction\":[{\"@type\":\"SearchAction\",\"target\":{\"@type\":\"EntryPoint\",\"urlTemplate\":\"https:\/\/bepet.pet\/loja\/?s={search_term_string}\"},\"query-input\":{\"@type\":\"PropertyValueSpecification\",\"valueRequired\":true,\"valueName\":\"search_term_string\"}}],\"inLanguage\":\"pt-BR\"},{\"@type\":\"Organization\",\"@id\":\"https:\/\/bepet.pet\/loja\/#organization\",\"name\":\"BePet\",\"url\":\"https:\/\/bepet.pet\/loja\/\",\"logo\":{\"@type\":\"ImageObject\",\"inLanguage\":\"pt-BR\",\"@id\":\"https:\/\/bepet.pet\/loja\/#\/schema\/logo\/image\/\",\"url\":\"https:\/\/bepet.pet\/loja\/wp-content\/uploads\/2020\/10\/logo.jpg\",\"contentUrl\":\"https:\/\/bepet.pet\/loja\/wp-content\/uploads\/2020\/10\/logo.jpg\",\"width\":100,\"height\":99,\"caption\":\"BePet\"},\"image\":{\"@id\":\"https:\/\/bepet.pet\/loja\/#\/schema\/logo\/image\/\"}}]}<\/script>\n<!-- \/ Yoast SEO plugin. -->","yoast_head_json":{"title":"Ra\u00e7\u00e3o N&amp;D Prime Gatos Adultos Castrados Frango e Rom\u00e3 1,5 kg - BePet","robots":{"index":"index","follow":"follow","max-snippet":"max-snippet:-1","max-image-preview":"max-image-preview:large","max-video-preview":"max-video-preview:-1"},"canonical":"https:\/\/bepet.pet\/loja\/produto\/racao-nd-prime-gatos-adultos-castrados-frango-e-roma-15-kg\/","og_locale":"pt_BR","og_type":"article","og_title":"Ra\u00e7\u00e3o N&amp;D Prime Gatos Adultos Castrados Frango e Rom\u00e3 1,5 kg - BePet","og_description":"Agora voc\u00ea pode oferecer o melhor para o seu gato castrado. Apresentamos a ra\u00e7\u00e3o N&amp;D Prime Gatos Adultos Castrados, com sabor irresist\u00edvel de frango e rom\u00e3. Desenvolvida especialmente para atender \u00e0s necessidades nutricionais dos felinos castrados, essa ra\u00e7\u00e3o oferece uma alimenta\u00e7\u00e3o equilibrada e completa. Com ingredientes de alta qualidade, ela proporciona todos os nutrientes necess\u00e1rios para manter seu gato saud\u00e1vel e cheio de energia. A ra\u00e7\u00e3o N&amp;D Prime Gatos Adultos Castrados \u00e9 formulada com frango fresco, fonte de prote\u00ednas de alta qualidade, que auxilia no desenvolvimento muscular do seu gato. Al\u00e9m disso, conta com a presen\u00e7a da rom\u00e3, um superalimento rico em antioxidantes, que contribui para o fortalecimento do sistema imunol\u00f3gico. Com o tamanho ideal para gatos adultos castrados, a embalagem de 1,5 kg garante uma alimenta\u00e7\u00e3o balanceada por um longo per\u00edodo de tempo. Assim, voc\u00ea pode ter a certeza de que seu gato estar\u00e1 sempre bem alimentado, sem excessos. A ra\u00e7\u00e3o N&amp;D Prime Gatos Adultos Castrados \u00e9 produzida com ingredientes cuidadosamente selecionados, sem o uso de corantes artificiais, conservantes ou transg\u00eanicos. Isso garante uma alimenta\u00e7\u00e3o natural e saud\u00e1vel para o seu gato. N\u00e3o perca mais tempo e ofere\u00e7a o melhor para o seu gato castrado. Experimente a ra\u00e7\u00e3o N&amp;D&hellip; Read More","og_url":"https:\/\/bepet.pet\/loja\/produto\/racao-nd-prime-gatos-adultos-castrados-frango-e-roma-15-kg\/","og_site_name":"BePet","article_modified_time":"2025-12-10T20:10:46+00:00","og_image":[{"width":482,"height":663,"url":"https:\/\/bepet.pet\/loja\/wp-content\/uploads\/2024\/01\/p2876575d-4bda-4cc7-b5ff-eb8ac0546876.png","type":"image\/png"}],"twitter_card":"summary_large_image","twitter_misc":{"Est. tempo de leitura":"1 minuto"},"schema":{"@context":"https:\/\/schema.org","@graph":[{"@type":"WebPage","@id":"https:\/\/bepet.pet\/loja\/produto\/racao-nd-prime-gatos-adultos-castrados-frango-e-roma-15-kg\/","url":"https:\/\/bepet.pet\/loja\/produto\/racao-nd-prime-gatos-adultos-castrados-frango-e-roma-15-kg\/","name":"Ra\u00e7\u00e3o N&amp;D Prime Gatos Adultos Castrados Frango e Rom\u00e3 1,5 kg - BePet","isPartOf":{"@id":"https:\/\/bepet.pet\/loja\/#website"},"primaryImageOfPage":{"@id":"https:\/\/bepet.pet\/loja\/produto\/racao-nd-prime-gatos-adultos-castrados-frango-e-roma-15-kg\/#primaryimage"},"image":{"@id":"https:\/\/bepet.pet\/loja\/produto\/racao-nd-prime-gatos-adultos-castrados-frango-e-roma-15-kg\/#primaryimage"},"thumbnailUrl":"https:\/\/bepet.pet\/loja\/wp-content\/uploads\/2024\/01\/p2876575d-4bda-4cc7-b5ff-eb8ac0546876.png","datePublished":"2024-01-03T20:44:41+00:00","dateModified":"2025-12-10T20:10:46+00:00","breadcrumb":{"@id":"https:\/\/bepet.pet\/loja\/produto\/racao-nd-prime-gatos-adultos-castrados-frango-e-roma-15-kg\/#breadcrumb"},"inLanguage":"pt-BR","potentialAction":[{"@type":"ReadAction","target":["https:\/\/bepet.pet\/loja\/produto\/racao-nd-prime-gatos-adultos-castrados-frango-e-roma-15-kg\/"]}]},{"@type":"ImageObject","inLanguage":"pt-BR","@id":"https:\/\/bepet.pet\/loja\/produto\/racao-nd-prime-gatos-adultos-castrados-frango-e-roma-15-kg\/#primaryimage","url":"https:\/\/bepet.pet\/loja\/wp-content\/uploads\/2024\/01\/p2876575d-4bda-4cc7-b5ff-eb8ac0546876.png","contentUrl":"https:\/\/bepet.pet\/loja\/wp-content\/uploads\/2024\/01\/p2876575d-4bda-4cc7-b5ff-eb8ac0546876.png","width":482,"height":663},{"@type":"BreadcrumbList","@id":"https:\/\/bepet.pet\/loja\/produto\/racao-nd-prime-gatos-adultos-castrados-frango-e-roma-15-kg\/#breadcrumb","itemListElement":[{"@type":"ListItem","position":1,"name":"Home","item":"https:\/\/bepet.pet\/loja\/"},{"@type":"ListItem","position":2,"name":"Shop","item":"https:\/\/bepet.pet\/loja\/shop-2\/"},{"@type":"ListItem","position":3,"name":"Ra\u00e7\u00e3o N&amp;D Prime Gatos Adultos Castrados Frango e Rom\u00e3 1,5 kg"}]},{"@type":"WebSite","@id":"https:\/\/bepet.pet\/loja\/#website","url":"https:\/\/bepet.pet\/loja\/","name":"BePet","description":"Nossa vida \u00e9 cuidar do seu pet","publisher":{"@id":"https:\/\/bepet.pet\/loja\/#organization"},"potentialAction":[{"@type":"SearchAction","target":{"@type":"EntryPoint","urlTemplate":"https:\/\/bepet.pet\/loja\/?s={search_term_string}"},"query-input":{"@type":"PropertyValueSpecification","valueRequired":true,"valueName":"search_term_string"}}],"inLanguage":"pt-BR"},{"@type":"Organization","@id":"https:\/\/bepet.pet\/loja\/#organization","name":"BePet","url":"https:\/\/bepet.pet\/loja\/","logo":{"@type":"ImageObject","inLanguage":"pt-BR","@id":"https:\/\/bepet.pet\/loja\/#\/schema\/logo\/image\/","url":"https:\/\/bepet.pet\/loja\/wp-content\/uploads\/2020\/10\/logo.jpg","contentUrl":"https:\/\/bepet.pet\/loja\/wp-content\/uploads\/2020\/10\/logo.jpg","width":100,"height":99,"caption":"BePet"},"image":{"@id":"https:\/\/bepet.pet\/loja\/#\/schema\/logo\/image\/"}}]}},"jetpack_sharing_enabled":true,"_links":{"self":[{"href":"https:\/\/bepet.pet\/loja\/wp-json\/wp\/v2\/product\/9268","targetHints":{"allow":["GET"]}}],"collection":[{"href":"https:\/\/bepet.pet\/loja\/wp-json\/wp\/v2\/product"}],"about":[{"href":"https:\/\/bepet.pet\/loja\/wp-json\/wp\/v2\/types\/product"}],"replies":[{"embeddable":true,"href":"https:\/\/bepet.pet\/loja\/wp-json\/wp\/v2\/comments?post=9268"}],"wp:featuredmedia":[{"embeddable":true,"href":"https:\/\/bepet.pet\/loja\/wp-json\/wp\/v2\/media\/9361"}],"wp:attachment":[{"href":"https:\/\/bepet.pet\/loja\/wp-json\/wp\/v2\/media?parent=9268"}],"wp:term":[{"taxonomy":"product_brand","embeddable":true,"href":"https:\/\/bepet.pet\/loja\/wp-json\/wp\/v2\/product_brand?post=9268"},{"taxonomy":"product_cat","embeddable":true,"href":"https:\/\/bepet.pet\/loja\/wp-json\/wp\/v2\/product_cat?post=9268"},{"taxonomy":"product_tag","embeddable":true,"href":"https:\/\/bepet.pet\/loja\/wp-json\/wp\/v2\/product_tag?post=9268"}],"curies":[{"name":"wp","href":"https:\/\/api.w.org\/{rel}","templated":true}]}}