{"id":9265,"date":"2024-01-03T17:40:00","date_gmt":"2024-01-03T20:40:00","guid":{"rendered":"https:\/\/bepet.pet\/loja\/produto\/antipulgas-simparic-10mg-para-caes-26-a-5kg-1-comprimido\/"},"modified":"2026-02-24T10:11:50","modified_gmt":"2026-02-24T13:11:50","slug":"antipulgas-simparic-10-mg-para-caes-26-a-5-kg-1-comprimido-zoetis","status":"publish","type":"product","link":"https:\/\/bepet.pet\/loja\/produto\/antipulgas-simparic-10-mg-para-caes-26-a-5-kg-1-comprimido-zoetis\/","title":{"rendered":"Antipulgas Simparic 10 mg para c\u00e3es 2,6 a 5 kg  1 comprimido &#8211; Zoetis"},"content":{"rendered":"<p>Conhe\u00e7a o Antipulgas Simparic 10mg para C\u00e3es, a solu\u00e7\u00e3o eficaz e segura para proteger o seu fiel companheiro de infesta\u00e7\u00f5es indesejadas. Com apenas um comprimido, voc\u00ea garante a sa\u00fade e o bem-estar do seu c\u00e3ozinho de 2,6 a 5kg.<\/p>\n<p>Desenvolvido com uma f\u00f3rmula avan\u00e7ada, o Antipulgas Simparic 10mg \u00e9 altamente eficiente no combate e preven\u00e7\u00e3o de pulgas, carrapatos e sarnas. Sua a\u00e7\u00e3o come\u00e7a em apenas 3 horas, eliminando rapidamente os parasitas e proporcionando al\u00edvio imediato ao seu pet.<\/p>\n<p>Al\u00e9m disso, o Simparic 10mg \u00e9 extremamente seguro, pois possui uma tecnologia exclusiva que age diretamente nos parasitas, sem afetar a sa\u00fade do seu c\u00e3o. Ele \u00e9 indicado para c\u00e3es a partir de 8 semanas de idade, tornando-se uma op\u00e7\u00e3o ideal para filhotes e adultos.<\/p>\n<p>Com a utiliza\u00e7\u00e3o regular do Simparic 10mg, voc\u00ea garante a prote\u00e7\u00e3o cont\u00ednua do seu c\u00e3ozinho, evitando reinfesta\u00e7\u00f5es e poss\u00edveis doen\u00e7as transmitidas por pulgas e carrapatos. Dessa forma, voc\u00ea proporciona uma vida mais saud\u00e1vel e feliz para o seu pet.<\/p>\n<p>Adquira agora mesmo o Antipulgas Simparic 10mg para C\u00e3es e proporcione ao seu fiel amigo a prote\u00e7\u00e3o que ele merece. Acesse nosso website e_Commerce e aproveite essa oferta exclusiva. N\u00e3o perca tempo, cuide da sa\u00fade do seu c\u00e3o com Simparic!<\/p>\n","protected":false},"excerpt":{"rendered":"<p>Conhe\u00e7a o Antipulgas Simparic 10mg para C\u00e3es, a solu\u00e7\u00e3o eficaz e segura para proteger o seu fiel companheiro de infesta\u00e7\u00f5es indesejadas. Com apenas um comprimido, voc\u00ea garante a sa\u00fade e o bem-estar do seu c\u00e3ozinho de 2,6 a 5kg. Desenvolvido com uma f\u00f3rmula avan\u00e7ada, o Antipulgas Simparic 10mg \u00e9 altamente eficiente no combate e preven\u00e7\u00e3o de pulgas, carrapatos e sarnas. Sua a\u00e7\u00e3o come\u00e7a em apenas 3 horas, eliminando rapidamente os parasitas e proporcionando al\u00edvio imediato ao seu pet. Al\u00e9m disso, o Simparic 10mg \u00e9 extremamente seguro, pois possui uma tecnologia exclusiva que age diretamente nos parasitas, sem afetar a sa\u00fade do seu c\u00e3o. Ele \u00e9 indicado para c\u00e3es a partir de 8 semanas de idade, tornando-se uma op\u00e7\u00e3o ideal para filhotes e adultos. Com a utiliza\u00e7\u00e3o regular do Simparic 10mg, voc\u00ea garante a prote\u00e7\u00e3o cont\u00ednua do seu c\u00e3ozinho, evitando reinfesta\u00e7\u00f5es e poss\u00edveis doen\u00e7as transmitidas por pulgas e carrapatos. Dessa forma, voc\u00ea proporciona uma vida mais saud\u00e1vel e feliz para o seu pet. Adquira agora mesmo o Antipulgas Simparic 10mg para C\u00e3es e proporcione ao seu fiel amigo a prote\u00e7\u00e3o que ele merece. Acesse nosso website e_Commerce e aproveite essa oferta exclusiva. N\u00e3o perca tempo, cuide da sa\u00fade do seu c\u00e3o&hellip; <a class=\"read-more-link\" href=\"https:\/\/bepet.pet\/loja\/produto\/antipulgas-simparic-10-mg-para-caes-26-a-5-kg-1-comprimido-zoetis\/\">Read More<\/a><\/p>\n","protected":false},"featured_media":10154,"comment_status":"open","ping_status":"closed","template":"","meta":{"_kadence_starter_templates_imported_post":false},"product_brand":[],"product_cat":[124,125,120],"product_tag":[],"class_list":{"0":"post-9265","1":"product","2":"type-product","3":"status-publish","4":"has-post-thumbnail","6":"product_cat-antipulgas","7":"product_cat-antipulgas-caes","8":"product_cat-medicamentos","11":"first","12":"instock","13":"shipping-taxable","14":"purchasable","15":"product-type-simple"},"yoast_head":"<!-- This site is optimized with the Yoast SEO plugin v25.5 - https:\/\/yoast.com\/wordpress\/plugins\/seo\/ -->\n<title>Antipulgas Simparic 10 mg para c\u00e3es 2,6 a 5 kg 1 comprimido - Zoetis - BePet<\/title>\n<meta name=\"robots\" content=\"index, follow, max-snippet:-1, max-image-preview:large, max-video-preview:-1\" \/>\n<link rel=\"canonical\" href=\"https:\/\/bepet.pet\/loja\/produto\/antipulgas-simparic-10-mg-para-caes-26-a-5-kg-1-comprimido-zoetis\/\" \/>\n<meta property=\"og:locale\" content=\"pt_BR\" \/>\n<meta property=\"og:type\" content=\"article\" \/>\n<meta property=\"og:title\" content=\"Antipulgas Simparic 10 mg para c\u00e3es 2,6 a 5 kg 1 comprimido - Zoetis - BePet\" \/>\n<meta property=\"og:description\" content=\"Conhe\u00e7a o Antipulgas Simparic 10mg para C\u00e3es, a solu\u00e7\u00e3o eficaz e segura para proteger o seu fiel companheiro de infesta\u00e7\u00f5es indesejadas. Com apenas um comprimido, voc\u00ea garante a sa\u00fade e o bem-estar do seu c\u00e3ozinho de 2,6 a 5kg. Desenvolvido com uma f\u00f3rmula avan\u00e7ada, o Antipulgas Simparic 10mg \u00e9 altamente eficiente no combate e preven\u00e7\u00e3o de pulgas, carrapatos e sarnas. Sua a\u00e7\u00e3o come\u00e7a em apenas 3 horas, eliminando rapidamente os parasitas e proporcionando al\u00edvio imediato ao seu pet. Al\u00e9m disso, o Simparic 10mg \u00e9 extremamente seguro, pois possui uma tecnologia exclusiva que age diretamente nos parasitas, sem afetar a sa\u00fade do seu c\u00e3o. Ele \u00e9 indicado para c\u00e3es a partir de 8 semanas de idade, tornando-se uma op\u00e7\u00e3o ideal para filhotes e adultos. Com a utiliza\u00e7\u00e3o regular do Simparic 10mg, voc\u00ea garante a prote\u00e7\u00e3o cont\u00ednua do seu c\u00e3ozinho, evitando reinfesta\u00e7\u00f5es e poss\u00edveis doen\u00e7as transmitidas por pulgas e carrapatos. Dessa forma, voc\u00ea proporciona uma vida mais saud\u00e1vel e feliz para o seu pet. Adquira agora mesmo o Antipulgas Simparic 10mg para C\u00e3es e proporcione ao seu fiel amigo a prote\u00e7\u00e3o que ele merece. Acesse nosso website e_Commerce e aproveite essa oferta exclusiva. N\u00e3o perca tempo, cuide da sa\u00fade do seu c\u00e3o&hellip; Read More\" \/>\n<meta property=\"og:url\" content=\"https:\/\/bepet.pet\/loja\/produto\/antipulgas-simparic-10-mg-para-caes-26-a-5-kg-1-comprimido-zoetis\/\" \/>\n<meta property=\"og:site_name\" content=\"BePet\" \/>\n<meta property=\"article:modified_time\" content=\"2026-02-24T13:11:50+00:00\" \/>\n<meta property=\"og:image\" content=\"https:\/\/bepet.pet\/loja\/wp-content\/uploads\/2024\/01\/p09af739c-6b4f-43d5-a5dd-cac75b69e759.png\" \/>\n\t<meta property=\"og:image:width\" content=\"800\" \/>\n\t<meta property=\"og:image:height\" content=\"799\" \/>\n\t<meta property=\"og:image:type\" content=\"image\/png\" \/>\n<meta name=\"twitter:card\" content=\"summary_large_image\" \/>\n<meta name=\"twitter:label1\" content=\"Est. tempo de leitura\" \/>\n\t<meta name=\"twitter:data1\" content=\"2 minutos\" \/>\n<script type=\"application\/ld+json\" class=\"yoast-schema-graph\">{\"@context\":\"https:\/\/schema.org\",\"@graph\":[{\"@type\":\"WebPage\",\"@id\":\"https:\/\/bepet.pet\/loja\/produto\/antipulgas-simparic-10-mg-para-caes-26-a-5-kg-1-comprimido-zoetis\/\",\"url\":\"https:\/\/bepet.pet\/loja\/produto\/antipulgas-simparic-10-mg-para-caes-26-a-5-kg-1-comprimido-zoetis\/\",\"name\":\"Antipulgas Simparic 10 mg para c\u00e3es 2,6 a 5 kg 1 comprimido - Zoetis - BePet\",\"isPartOf\":{\"@id\":\"https:\/\/bepet.pet\/loja\/#website\"},\"primaryImageOfPage\":{\"@id\":\"https:\/\/bepet.pet\/loja\/produto\/antipulgas-simparic-10-mg-para-caes-26-a-5-kg-1-comprimido-zoetis\/#primaryimage\"},\"image\":{\"@id\":\"https:\/\/bepet.pet\/loja\/produto\/antipulgas-simparic-10-mg-para-caes-26-a-5-kg-1-comprimido-zoetis\/#primaryimage\"},\"thumbnailUrl\":\"https:\/\/bepet.pet\/loja\/wp-content\/uploads\/2024\/01\/p09af739c-6b4f-43d5-a5dd-cac75b69e759.png\",\"datePublished\":\"2024-01-03T20:40:00+00:00\",\"dateModified\":\"2026-02-24T13:11:50+00:00\",\"breadcrumb\":{\"@id\":\"https:\/\/bepet.pet\/loja\/produto\/antipulgas-simparic-10-mg-para-caes-26-a-5-kg-1-comprimido-zoetis\/#breadcrumb\"},\"inLanguage\":\"pt-BR\",\"potentialAction\":[{\"@type\":\"ReadAction\",\"target\":[\"https:\/\/bepet.pet\/loja\/produto\/antipulgas-simparic-10-mg-para-caes-26-a-5-kg-1-comprimido-zoetis\/\"]}]},{\"@type\":\"ImageObject\",\"inLanguage\":\"pt-BR\",\"@id\":\"https:\/\/bepet.pet\/loja\/produto\/antipulgas-simparic-10-mg-para-caes-26-a-5-kg-1-comprimido-zoetis\/#primaryimage\",\"url\":\"https:\/\/bepet.pet\/loja\/wp-content\/uploads\/2024\/01\/p09af739c-6b4f-43d5-a5dd-cac75b69e759.png\",\"contentUrl\":\"https:\/\/bepet.pet\/loja\/wp-content\/uploads\/2024\/01\/p09af739c-6b4f-43d5-a5dd-cac75b69e759.png\",\"width\":800,\"height\":799},{\"@type\":\"BreadcrumbList\",\"@id\":\"https:\/\/bepet.pet\/loja\/produto\/antipulgas-simparic-10-mg-para-caes-26-a-5-kg-1-comprimido-zoetis\/#breadcrumb\",\"itemListElement\":[{\"@type\":\"ListItem\",\"position\":1,\"name\":\"Home\",\"item\":\"https:\/\/bepet.pet\/loja\/\"},{\"@type\":\"ListItem\",\"position\":2,\"name\":\"Shop\",\"item\":\"https:\/\/bepet.pet\/loja\/shop-2\/\"},{\"@type\":\"ListItem\",\"position\":3,\"name\":\"Antipulgas Simparic 10 mg para c\u00e3es 2,6 a 5 kg 1 comprimido &#8211; Zoetis\"}]},{\"@type\":\"WebSite\",\"@id\":\"https:\/\/bepet.pet\/loja\/#website\",\"url\":\"https:\/\/bepet.pet\/loja\/\",\"name\":\"BePet\",\"description\":\"Nossa vida \u00e9 cuidar do seu pet\",\"publisher\":{\"@id\":\"https:\/\/bepet.pet\/loja\/#organization\"},\"potentialAction\":[{\"@type\":\"SearchAction\",\"target\":{\"@type\":\"EntryPoint\",\"urlTemplate\":\"https:\/\/bepet.pet\/loja\/?s={search_term_string}\"},\"query-input\":{\"@type\":\"PropertyValueSpecification\",\"valueRequired\":true,\"valueName\":\"search_term_string\"}}],\"inLanguage\":\"pt-BR\"},{\"@type\":\"Organization\",\"@id\":\"https:\/\/bepet.pet\/loja\/#organization\",\"name\":\"BePet\",\"url\":\"https:\/\/bepet.pet\/loja\/\",\"logo\":{\"@type\":\"ImageObject\",\"inLanguage\":\"pt-BR\",\"@id\":\"https:\/\/bepet.pet\/loja\/#\/schema\/logo\/image\/\",\"url\":\"https:\/\/bepet.pet\/loja\/wp-content\/uploads\/2020\/10\/logo.jpg\",\"contentUrl\":\"https:\/\/bepet.pet\/loja\/wp-content\/uploads\/2020\/10\/logo.jpg\",\"width\":100,\"height\":99,\"caption\":\"BePet\"},\"image\":{\"@id\":\"https:\/\/bepet.pet\/loja\/#\/schema\/logo\/image\/\"}}]}<\/script>\n<!-- \/ Yoast SEO plugin. -->","yoast_head_json":{"title":"Antipulgas Simparic 10 mg para c\u00e3es 2,6 a 5 kg 1 comprimido - Zoetis - BePet","robots":{"index":"index","follow":"follow","max-snippet":"max-snippet:-1","max-image-preview":"max-image-preview:large","max-video-preview":"max-video-preview:-1"},"canonical":"https:\/\/bepet.pet\/loja\/produto\/antipulgas-simparic-10-mg-para-caes-26-a-5-kg-1-comprimido-zoetis\/","og_locale":"pt_BR","og_type":"article","og_title":"Antipulgas Simparic 10 mg para c\u00e3es 2,6 a 5 kg 1 comprimido - Zoetis - BePet","og_description":"Conhe\u00e7a o Antipulgas Simparic 10mg para C\u00e3es, a solu\u00e7\u00e3o eficaz e segura para proteger o seu fiel companheiro de infesta\u00e7\u00f5es indesejadas. Com apenas um comprimido, voc\u00ea garante a sa\u00fade e o bem-estar do seu c\u00e3ozinho de 2,6 a 5kg. Desenvolvido com uma f\u00f3rmula avan\u00e7ada, o Antipulgas Simparic 10mg \u00e9 altamente eficiente no combate e preven\u00e7\u00e3o de pulgas, carrapatos e sarnas. Sua a\u00e7\u00e3o come\u00e7a em apenas 3 horas, eliminando rapidamente os parasitas e proporcionando al\u00edvio imediato ao seu pet. Al\u00e9m disso, o Simparic 10mg \u00e9 extremamente seguro, pois possui uma tecnologia exclusiva que age diretamente nos parasitas, sem afetar a sa\u00fade do seu c\u00e3o. Ele \u00e9 indicado para c\u00e3es a partir de 8 semanas de idade, tornando-se uma op\u00e7\u00e3o ideal para filhotes e adultos. Com a utiliza\u00e7\u00e3o regular do Simparic 10mg, voc\u00ea garante a prote\u00e7\u00e3o cont\u00ednua do seu c\u00e3ozinho, evitando reinfesta\u00e7\u00f5es e poss\u00edveis doen\u00e7as transmitidas por pulgas e carrapatos. Dessa forma, voc\u00ea proporciona uma vida mais saud\u00e1vel e feliz para o seu pet. Adquira agora mesmo o Antipulgas Simparic 10mg para C\u00e3es e proporcione ao seu fiel amigo a prote\u00e7\u00e3o que ele merece. Acesse nosso website e_Commerce e aproveite essa oferta exclusiva. N\u00e3o perca tempo, cuide da sa\u00fade do seu c\u00e3o&hellip; Read More","og_url":"https:\/\/bepet.pet\/loja\/produto\/antipulgas-simparic-10-mg-para-caes-26-a-5-kg-1-comprimido-zoetis\/","og_site_name":"BePet","article_modified_time":"2026-02-24T13:11:50+00:00","og_image":[{"width":800,"height":799,"url":"https:\/\/bepet.pet\/loja\/wp-content\/uploads\/2024\/01\/p09af739c-6b4f-43d5-a5dd-cac75b69e759.png","type":"image\/png"}],"twitter_card":"summary_large_image","twitter_misc":{"Est. tempo de leitura":"2 minutos"},"schema":{"@context":"https:\/\/schema.org","@graph":[{"@type":"WebPage","@id":"https:\/\/bepet.pet\/loja\/produto\/antipulgas-simparic-10-mg-para-caes-26-a-5-kg-1-comprimido-zoetis\/","url":"https:\/\/bepet.pet\/loja\/produto\/antipulgas-simparic-10-mg-para-caes-26-a-5-kg-1-comprimido-zoetis\/","name":"Antipulgas Simparic 10 mg para c\u00e3es 2,6 a 5 kg 1 comprimido - Zoetis - BePet","isPartOf":{"@id":"https:\/\/bepet.pet\/loja\/#website"},"primaryImageOfPage":{"@id":"https:\/\/bepet.pet\/loja\/produto\/antipulgas-simparic-10-mg-para-caes-26-a-5-kg-1-comprimido-zoetis\/#primaryimage"},"image":{"@id":"https:\/\/bepet.pet\/loja\/produto\/antipulgas-simparic-10-mg-para-caes-26-a-5-kg-1-comprimido-zoetis\/#primaryimage"},"thumbnailUrl":"https:\/\/bepet.pet\/loja\/wp-content\/uploads\/2024\/01\/p09af739c-6b4f-43d5-a5dd-cac75b69e759.png","datePublished":"2024-01-03T20:40:00+00:00","dateModified":"2026-02-24T13:11:50+00:00","breadcrumb":{"@id":"https:\/\/bepet.pet\/loja\/produto\/antipulgas-simparic-10-mg-para-caes-26-a-5-kg-1-comprimido-zoetis\/#breadcrumb"},"inLanguage":"pt-BR","potentialAction":[{"@type":"ReadAction","target":["https:\/\/bepet.pet\/loja\/produto\/antipulgas-simparic-10-mg-para-caes-26-a-5-kg-1-comprimido-zoetis\/"]}]},{"@type":"ImageObject","inLanguage":"pt-BR","@id":"https:\/\/bepet.pet\/loja\/produto\/antipulgas-simparic-10-mg-para-caes-26-a-5-kg-1-comprimido-zoetis\/#primaryimage","url":"https:\/\/bepet.pet\/loja\/wp-content\/uploads\/2024\/01\/p09af739c-6b4f-43d5-a5dd-cac75b69e759.png","contentUrl":"https:\/\/bepet.pet\/loja\/wp-content\/uploads\/2024\/01\/p09af739c-6b4f-43d5-a5dd-cac75b69e759.png","width":800,"height":799},{"@type":"BreadcrumbList","@id":"https:\/\/bepet.pet\/loja\/produto\/antipulgas-simparic-10-mg-para-caes-26-a-5-kg-1-comprimido-zoetis\/#breadcrumb","itemListElement":[{"@type":"ListItem","position":1,"name":"Home","item":"https:\/\/bepet.pet\/loja\/"},{"@type":"ListItem","position":2,"name":"Shop","item":"https:\/\/bepet.pet\/loja\/shop-2\/"},{"@type":"ListItem","position":3,"name":"Antipulgas Simparic 10 mg para c\u00e3es 2,6 a 5 kg 1 comprimido &#8211; Zoetis"}]},{"@type":"WebSite","@id":"https:\/\/bepet.pet\/loja\/#website","url":"https:\/\/bepet.pet\/loja\/","name":"BePet","description":"Nossa vida \u00e9 cuidar do seu pet","publisher":{"@id":"https:\/\/bepet.pet\/loja\/#organization"},"potentialAction":[{"@type":"SearchAction","target":{"@type":"EntryPoint","urlTemplate":"https:\/\/bepet.pet\/loja\/?s={search_term_string}"},"query-input":{"@type":"PropertyValueSpecification","valueRequired":true,"valueName":"search_term_string"}}],"inLanguage":"pt-BR"},{"@type":"Organization","@id":"https:\/\/bepet.pet\/loja\/#organization","name":"BePet","url":"https:\/\/bepet.pet\/loja\/","logo":{"@type":"ImageObject","inLanguage":"pt-BR","@id":"https:\/\/bepet.pet\/loja\/#\/schema\/logo\/image\/","url":"https:\/\/bepet.pet\/loja\/wp-content\/uploads\/2020\/10\/logo.jpg","contentUrl":"https:\/\/bepet.pet\/loja\/wp-content\/uploads\/2020\/10\/logo.jpg","width":100,"height":99,"caption":"BePet"},"image":{"@id":"https:\/\/bepet.pet\/loja\/#\/schema\/logo\/image\/"}}]}},"jetpack_sharing_enabled":true,"_links":{"self":[{"href":"https:\/\/bepet.pet\/loja\/wp-json\/wp\/v2\/product\/9265","targetHints":{"allow":["GET"]}}],"collection":[{"href":"https:\/\/bepet.pet\/loja\/wp-json\/wp\/v2\/product"}],"about":[{"href":"https:\/\/bepet.pet\/loja\/wp-json\/wp\/v2\/types\/product"}],"replies":[{"embeddable":true,"href":"https:\/\/bepet.pet\/loja\/wp-json\/wp\/v2\/comments?post=9265"}],"wp:featuredmedia":[{"embeddable":true,"href":"https:\/\/bepet.pet\/loja\/wp-json\/wp\/v2\/media\/10154"}],"wp:attachment":[{"href":"https:\/\/bepet.pet\/loja\/wp-json\/wp\/v2\/media?parent=9265"}],"wp:term":[{"taxonomy":"product_brand","embeddable":true,"href":"https:\/\/bepet.pet\/loja\/wp-json\/wp\/v2\/product_brand?post=9265"},{"taxonomy":"product_cat","embeddable":true,"href":"https:\/\/bepet.pet\/loja\/wp-json\/wp\/v2\/product_cat?post=9265"},{"taxonomy":"product_tag","embeddable":true,"href":"https:\/\/bepet.pet\/loja\/wp-json\/wp\/v2\/product_tag?post=9265"}],"curies":[{"name":"wp","href":"https:\/\/api.w.org\/{rel}","templated":true}]}}