{"id":9260,"date":"2024-01-03T17:18:15","date_gmt":"2024-01-03T20:18:15","guid":{"rendered":"https:\/\/bepet.pet\/loja\/produto\/racao-biofresh-gatos-castrados-salmao-15kg\/"},"modified":"2025-12-10T17:07:52","modified_gmt":"2025-12-10T20:07:52","slug":"racao-biofresh-gatos-castrados-salmao-15kg","status":"publish","type":"product","link":"https:\/\/bepet.pet\/loja\/produto\/racao-biofresh-gatos-castrados-salmao-15kg\/","title":{"rendered":"Ra\u00e7\u00e3o Biofresh Gatos Castrados Salm\u00e3o 1,5kg"},"content":{"rendered":"<p>Aproveite o melhor da alimenta\u00e7\u00e3o para o seu gato castrado com a ra\u00e7\u00e3o Biofresh Salm\u00e3o 1,5kg. Desenvolvida especialmente para atender \u00e0s necessidades nutricionais desses felinos, essa ra\u00e7\u00e3o garante uma dieta equilibrada e saud\u00e1vel.<\/p>\n<p>Com ingredientes selecionados e de alta qualidade, a ra\u00e7\u00e3o Biofresh Salm\u00e3o proporciona uma alimenta\u00e7\u00e3o completa e balanceada para o seu gato castrado. O salm\u00e3o, fonte de prote\u00ednas nobres, \u00e9 o ingrediente principal dessa ra\u00e7\u00e3o, fornecendo todos os nutrientes essenciais para a sa\u00fade e vitalidade do seu pet.<\/p>\n<p>Al\u00e9m disso, a ra\u00e7\u00e3o Biofresh Salm\u00e3o conta com ingredientes funcionais que auxiliam no controle do peso, evitando o ganho excessivo de peso comum em gatos castrados. Com uma f\u00f3rmula exclusiva, essa ra\u00e7\u00e3o ajuda a manter o peso ideal do seu gato, prevenindo problemas de sa\u00fade relacionados \u00e0 obesidade.<\/p>\n<p>A ra\u00e7\u00e3o Biofresh Salm\u00e3o tamb\u00e9m \u00e9 enriquecida com \u00f4mega 3 e \u00f4mega 6, que promovem a sa\u00fade da pele e dos pelos do seu gato, deixando-os mais brilhantes e sedosos. Al\u00e9m disso, possui ingredientes que auxiliam na sa\u00fade urin\u00e1ria, prevenindo problemas como infec\u00e7\u00f5es e c\u00e1lculos renais.<\/p>\n<p>Com a ra\u00e7\u00e3o Biofresh Salm\u00e3o, voc\u00ea oferece ao seu gato castrado uma alimenta\u00e7\u00e3o de qualidade, que contribui para a sua sa\u00fade e bem-estar. Aproveite e adquira j\u00e1 esse produto em nosso e-commerce e proporcione ao seu pet uma vida mais saud\u00e1vel e feliz.<\/p>\n","protected":false},"excerpt":{"rendered":"<p>Aproveite o melhor da alimenta\u00e7\u00e3o para o seu gato castrado com a ra\u00e7\u00e3o Biofresh Salm\u00e3o 1,5kg. Desenvolvida especialmente para atender \u00e0s necessidades nutricionais desses felinos, essa ra\u00e7\u00e3o garante uma dieta equilibrada e saud\u00e1vel. Com ingredientes selecionados e de alta qualidade, a ra\u00e7\u00e3o Biofresh Salm\u00e3o proporciona uma alimenta\u00e7\u00e3o completa e balanceada para o seu gato castrado. O salm\u00e3o, fonte de prote\u00ednas nobres, \u00e9 o ingrediente principal dessa ra\u00e7\u00e3o, fornecendo todos os nutrientes essenciais para a sa\u00fade e vitalidade do seu pet. Al\u00e9m disso, a ra\u00e7\u00e3o Biofresh Salm\u00e3o conta com ingredientes funcionais que auxiliam no controle do peso, evitando o ganho excessivo de peso comum em gatos castrados. Com uma f\u00f3rmula exclusiva, essa ra\u00e7\u00e3o ajuda a manter o peso ideal do seu gato, prevenindo problemas de sa\u00fade relacionados \u00e0 obesidade. A ra\u00e7\u00e3o Biofresh Salm\u00e3o tamb\u00e9m \u00e9 enriquecida com \u00f4mega 3 e \u00f4mega 6, que promovem a sa\u00fade da pele e dos pelos do seu gato, deixando-os mais brilhantes e sedosos. Al\u00e9m disso, possui ingredientes que auxiliam na sa\u00fade urin\u00e1ria, prevenindo problemas como infec\u00e7\u00f5es e c\u00e1lculos renais. Com a ra\u00e7\u00e3o Biofresh Salm\u00e3o, voc\u00ea oferece ao seu gato castrado uma alimenta\u00e7\u00e3o de qualidade, que contribui para a sua sa\u00fade e bem-estar. Aproveite e adquira&hellip; <a class=\"read-more-link\" href=\"https:\/\/bepet.pet\/loja\/produto\/racao-biofresh-gatos-castrados-salmao-15kg\/\">Read More<\/a><\/p>\n","protected":false},"featured_media":10572,"comment_status":"open","ping_status":"closed","template":"","meta":{"_kadence_starter_templates_imported_post":false},"product_brand":[],"product_cat":[121,133],"product_tag":[],"class_list":{"0":"post-9260","1":"product","2":"type-product","3":"status-publish","4":"has-post-thumbnail","6":"product_cat-racoes","7":"product_cat-secas-gatos","10":"first","11":"instock","12":"shipping-taxable","13":"purchasable","14":"product-type-simple"},"yoast_head":"<!-- This site is optimized with the Yoast SEO plugin v25.5 - https:\/\/yoast.com\/wordpress\/plugins\/seo\/ -->\n<title>Ra\u00e7\u00e3o Biofresh Gatos Castrados Salm\u00e3o 1,5kg - BePet<\/title>\n<meta name=\"robots\" content=\"index, follow, max-snippet:-1, max-image-preview:large, max-video-preview:-1\" \/>\n<link rel=\"canonical\" href=\"https:\/\/bepet.pet\/loja\/produto\/racao-biofresh-gatos-castrados-salmao-15kg\/\" \/>\n<meta property=\"og:locale\" content=\"pt_BR\" \/>\n<meta property=\"og:type\" content=\"article\" \/>\n<meta property=\"og:title\" content=\"Ra\u00e7\u00e3o Biofresh Gatos Castrados Salm\u00e3o 1,5kg - BePet\" \/>\n<meta property=\"og:description\" content=\"Aproveite o melhor da alimenta\u00e7\u00e3o para o seu gato castrado com a ra\u00e7\u00e3o Biofresh Salm\u00e3o 1,5kg. Desenvolvida especialmente para atender \u00e0s necessidades nutricionais desses felinos, essa ra\u00e7\u00e3o garante uma dieta equilibrada e saud\u00e1vel. Com ingredientes selecionados e de alta qualidade, a ra\u00e7\u00e3o Biofresh Salm\u00e3o proporciona uma alimenta\u00e7\u00e3o completa e balanceada para o seu gato castrado. O salm\u00e3o, fonte de prote\u00ednas nobres, \u00e9 o ingrediente principal dessa ra\u00e7\u00e3o, fornecendo todos os nutrientes essenciais para a sa\u00fade e vitalidade do seu pet. Al\u00e9m disso, a ra\u00e7\u00e3o Biofresh Salm\u00e3o conta com ingredientes funcionais que auxiliam no controle do peso, evitando o ganho excessivo de peso comum em gatos castrados. Com uma f\u00f3rmula exclusiva, essa ra\u00e7\u00e3o ajuda a manter o peso ideal do seu gato, prevenindo problemas de sa\u00fade relacionados \u00e0 obesidade. A ra\u00e7\u00e3o Biofresh Salm\u00e3o tamb\u00e9m \u00e9 enriquecida com \u00f4mega 3 e \u00f4mega 6, que promovem a sa\u00fade da pele e dos pelos do seu gato, deixando-os mais brilhantes e sedosos. Al\u00e9m disso, possui ingredientes que auxiliam na sa\u00fade urin\u00e1ria, prevenindo problemas como infec\u00e7\u00f5es e c\u00e1lculos renais. Com a ra\u00e7\u00e3o Biofresh Salm\u00e3o, voc\u00ea oferece ao seu gato castrado uma alimenta\u00e7\u00e3o de qualidade, que contribui para a sua sa\u00fade e bem-estar. Aproveite e adquira&hellip; Read More\" \/>\n<meta property=\"og:url\" content=\"https:\/\/bepet.pet\/loja\/produto\/racao-biofresh-gatos-castrados-salmao-15kg\/\" \/>\n<meta property=\"og:site_name\" content=\"BePet\" \/>\n<meta property=\"article:modified_time\" content=\"2025-12-10T20:07:52+00:00\" \/>\n<meta property=\"og:image\" content=\"https:\/\/bepet.pet\/loja\/wp-content\/uploads\/2024\/03\/p3ac875d4-14f0-4441-ba48-5fced3601f00.png\" \/>\n\t<meta property=\"og:image:width\" content=\"800\" \/>\n\t<meta property=\"og:image:height\" content=\"800\" \/>\n\t<meta property=\"og:image:type\" content=\"image\/png\" \/>\n<meta name=\"twitter:card\" content=\"summary_large_image\" \/>\n<meta name=\"twitter:label1\" content=\"Est. tempo de leitura\" \/>\n\t<meta name=\"twitter:data1\" content=\"2 minutos\" \/>\n<script type=\"application\/ld+json\" class=\"yoast-schema-graph\">{\"@context\":\"https:\/\/schema.org\",\"@graph\":[{\"@type\":\"WebPage\",\"@id\":\"https:\/\/bepet.pet\/loja\/produto\/racao-biofresh-gatos-castrados-salmao-15kg\/\",\"url\":\"https:\/\/bepet.pet\/loja\/produto\/racao-biofresh-gatos-castrados-salmao-15kg\/\",\"name\":\"Ra\u00e7\u00e3o Biofresh Gatos Castrados Salm\u00e3o 1,5kg - BePet\",\"isPartOf\":{\"@id\":\"https:\/\/bepet.pet\/loja\/#website\"},\"primaryImageOfPage\":{\"@id\":\"https:\/\/bepet.pet\/loja\/produto\/racao-biofresh-gatos-castrados-salmao-15kg\/#primaryimage\"},\"image\":{\"@id\":\"https:\/\/bepet.pet\/loja\/produto\/racao-biofresh-gatos-castrados-salmao-15kg\/#primaryimage\"},\"thumbnailUrl\":\"https:\/\/bepet.pet\/loja\/wp-content\/uploads\/2024\/03\/p3ac875d4-14f0-4441-ba48-5fced3601f00.png\",\"datePublished\":\"2024-01-03T20:18:15+00:00\",\"dateModified\":\"2025-12-10T20:07:52+00:00\",\"breadcrumb\":{\"@id\":\"https:\/\/bepet.pet\/loja\/produto\/racao-biofresh-gatos-castrados-salmao-15kg\/#breadcrumb\"},\"inLanguage\":\"pt-BR\",\"potentialAction\":[{\"@type\":\"ReadAction\",\"target\":[\"https:\/\/bepet.pet\/loja\/produto\/racao-biofresh-gatos-castrados-salmao-15kg\/\"]}]},{\"@type\":\"ImageObject\",\"inLanguage\":\"pt-BR\",\"@id\":\"https:\/\/bepet.pet\/loja\/produto\/racao-biofresh-gatos-castrados-salmao-15kg\/#primaryimage\",\"url\":\"https:\/\/bepet.pet\/loja\/wp-content\/uploads\/2024\/03\/p3ac875d4-14f0-4441-ba48-5fced3601f00.png\",\"contentUrl\":\"https:\/\/bepet.pet\/loja\/wp-content\/uploads\/2024\/03\/p3ac875d4-14f0-4441-ba48-5fced3601f00.png\",\"width\":800,\"height\":800},{\"@type\":\"BreadcrumbList\",\"@id\":\"https:\/\/bepet.pet\/loja\/produto\/racao-biofresh-gatos-castrados-salmao-15kg\/#breadcrumb\",\"itemListElement\":[{\"@type\":\"ListItem\",\"position\":1,\"name\":\"Home\",\"item\":\"https:\/\/bepet.pet\/loja\/\"},{\"@type\":\"ListItem\",\"position\":2,\"name\":\"Shop\",\"item\":\"https:\/\/bepet.pet\/loja\/shop-2\/\"},{\"@type\":\"ListItem\",\"position\":3,\"name\":\"Ra\u00e7\u00e3o Biofresh Gatos Castrados Salm\u00e3o 1,5kg\"}]},{\"@type\":\"WebSite\",\"@id\":\"https:\/\/bepet.pet\/loja\/#website\",\"url\":\"https:\/\/bepet.pet\/loja\/\",\"name\":\"BePet\",\"description\":\"Nossa vida \u00e9 cuidar do seu pet\",\"publisher\":{\"@id\":\"https:\/\/bepet.pet\/loja\/#organization\"},\"potentialAction\":[{\"@type\":\"SearchAction\",\"target\":{\"@type\":\"EntryPoint\",\"urlTemplate\":\"https:\/\/bepet.pet\/loja\/?s={search_term_string}\"},\"query-input\":{\"@type\":\"PropertyValueSpecification\",\"valueRequired\":true,\"valueName\":\"search_term_string\"}}],\"inLanguage\":\"pt-BR\"},{\"@type\":\"Organization\",\"@id\":\"https:\/\/bepet.pet\/loja\/#organization\",\"name\":\"BePet\",\"url\":\"https:\/\/bepet.pet\/loja\/\",\"logo\":{\"@type\":\"ImageObject\",\"inLanguage\":\"pt-BR\",\"@id\":\"https:\/\/bepet.pet\/loja\/#\/schema\/logo\/image\/\",\"url\":\"https:\/\/bepet.pet\/loja\/wp-content\/uploads\/2020\/10\/logo.jpg\",\"contentUrl\":\"https:\/\/bepet.pet\/loja\/wp-content\/uploads\/2020\/10\/logo.jpg\",\"width\":100,\"height\":99,\"caption\":\"BePet\"},\"image\":{\"@id\":\"https:\/\/bepet.pet\/loja\/#\/schema\/logo\/image\/\"}}]}<\/script>\n<!-- \/ Yoast SEO plugin. -->","yoast_head_json":{"title":"Ra\u00e7\u00e3o Biofresh Gatos Castrados Salm\u00e3o 1,5kg - BePet","robots":{"index":"index","follow":"follow","max-snippet":"max-snippet:-1","max-image-preview":"max-image-preview:large","max-video-preview":"max-video-preview:-1"},"canonical":"https:\/\/bepet.pet\/loja\/produto\/racao-biofresh-gatos-castrados-salmao-15kg\/","og_locale":"pt_BR","og_type":"article","og_title":"Ra\u00e7\u00e3o Biofresh Gatos Castrados Salm\u00e3o 1,5kg - BePet","og_description":"Aproveite o melhor da alimenta\u00e7\u00e3o para o seu gato castrado com a ra\u00e7\u00e3o Biofresh Salm\u00e3o 1,5kg. Desenvolvida especialmente para atender \u00e0s necessidades nutricionais desses felinos, essa ra\u00e7\u00e3o garante uma dieta equilibrada e saud\u00e1vel. Com ingredientes selecionados e de alta qualidade, a ra\u00e7\u00e3o Biofresh Salm\u00e3o proporciona uma alimenta\u00e7\u00e3o completa e balanceada para o seu gato castrado. O salm\u00e3o, fonte de prote\u00ednas nobres, \u00e9 o ingrediente principal dessa ra\u00e7\u00e3o, fornecendo todos os nutrientes essenciais para a sa\u00fade e vitalidade do seu pet. Al\u00e9m disso, a ra\u00e7\u00e3o Biofresh Salm\u00e3o conta com ingredientes funcionais que auxiliam no controle do peso, evitando o ganho excessivo de peso comum em gatos castrados. Com uma f\u00f3rmula exclusiva, essa ra\u00e7\u00e3o ajuda a manter o peso ideal do seu gato, prevenindo problemas de sa\u00fade relacionados \u00e0 obesidade. A ra\u00e7\u00e3o Biofresh Salm\u00e3o tamb\u00e9m \u00e9 enriquecida com \u00f4mega 3 e \u00f4mega 6, que promovem a sa\u00fade da pele e dos pelos do seu gato, deixando-os mais brilhantes e sedosos. Al\u00e9m disso, possui ingredientes que auxiliam na sa\u00fade urin\u00e1ria, prevenindo problemas como infec\u00e7\u00f5es e c\u00e1lculos renais. Com a ra\u00e7\u00e3o Biofresh Salm\u00e3o, voc\u00ea oferece ao seu gato castrado uma alimenta\u00e7\u00e3o de qualidade, que contribui para a sua sa\u00fade e bem-estar. Aproveite e adquira&hellip; Read More","og_url":"https:\/\/bepet.pet\/loja\/produto\/racao-biofresh-gatos-castrados-salmao-15kg\/","og_site_name":"BePet","article_modified_time":"2025-12-10T20:07:52+00:00","og_image":[{"width":800,"height":800,"url":"https:\/\/bepet.pet\/loja\/wp-content\/uploads\/2024\/03\/p3ac875d4-14f0-4441-ba48-5fced3601f00.png","type":"image\/png"}],"twitter_card":"summary_large_image","twitter_misc":{"Est. tempo de leitura":"2 minutos"},"schema":{"@context":"https:\/\/schema.org","@graph":[{"@type":"WebPage","@id":"https:\/\/bepet.pet\/loja\/produto\/racao-biofresh-gatos-castrados-salmao-15kg\/","url":"https:\/\/bepet.pet\/loja\/produto\/racao-biofresh-gatos-castrados-salmao-15kg\/","name":"Ra\u00e7\u00e3o Biofresh Gatos Castrados Salm\u00e3o 1,5kg - BePet","isPartOf":{"@id":"https:\/\/bepet.pet\/loja\/#website"},"primaryImageOfPage":{"@id":"https:\/\/bepet.pet\/loja\/produto\/racao-biofresh-gatos-castrados-salmao-15kg\/#primaryimage"},"image":{"@id":"https:\/\/bepet.pet\/loja\/produto\/racao-biofresh-gatos-castrados-salmao-15kg\/#primaryimage"},"thumbnailUrl":"https:\/\/bepet.pet\/loja\/wp-content\/uploads\/2024\/03\/p3ac875d4-14f0-4441-ba48-5fced3601f00.png","datePublished":"2024-01-03T20:18:15+00:00","dateModified":"2025-12-10T20:07:52+00:00","breadcrumb":{"@id":"https:\/\/bepet.pet\/loja\/produto\/racao-biofresh-gatos-castrados-salmao-15kg\/#breadcrumb"},"inLanguage":"pt-BR","potentialAction":[{"@type":"ReadAction","target":["https:\/\/bepet.pet\/loja\/produto\/racao-biofresh-gatos-castrados-salmao-15kg\/"]}]},{"@type":"ImageObject","inLanguage":"pt-BR","@id":"https:\/\/bepet.pet\/loja\/produto\/racao-biofresh-gatos-castrados-salmao-15kg\/#primaryimage","url":"https:\/\/bepet.pet\/loja\/wp-content\/uploads\/2024\/03\/p3ac875d4-14f0-4441-ba48-5fced3601f00.png","contentUrl":"https:\/\/bepet.pet\/loja\/wp-content\/uploads\/2024\/03\/p3ac875d4-14f0-4441-ba48-5fced3601f00.png","width":800,"height":800},{"@type":"BreadcrumbList","@id":"https:\/\/bepet.pet\/loja\/produto\/racao-biofresh-gatos-castrados-salmao-15kg\/#breadcrumb","itemListElement":[{"@type":"ListItem","position":1,"name":"Home","item":"https:\/\/bepet.pet\/loja\/"},{"@type":"ListItem","position":2,"name":"Shop","item":"https:\/\/bepet.pet\/loja\/shop-2\/"},{"@type":"ListItem","position":3,"name":"Ra\u00e7\u00e3o Biofresh Gatos Castrados Salm\u00e3o 1,5kg"}]},{"@type":"WebSite","@id":"https:\/\/bepet.pet\/loja\/#website","url":"https:\/\/bepet.pet\/loja\/","name":"BePet","description":"Nossa vida \u00e9 cuidar do seu pet","publisher":{"@id":"https:\/\/bepet.pet\/loja\/#organization"},"potentialAction":[{"@type":"SearchAction","target":{"@type":"EntryPoint","urlTemplate":"https:\/\/bepet.pet\/loja\/?s={search_term_string}"},"query-input":{"@type":"PropertyValueSpecification","valueRequired":true,"valueName":"search_term_string"}}],"inLanguage":"pt-BR"},{"@type":"Organization","@id":"https:\/\/bepet.pet\/loja\/#organization","name":"BePet","url":"https:\/\/bepet.pet\/loja\/","logo":{"@type":"ImageObject","inLanguage":"pt-BR","@id":"https:\/\/bepet.pet\/loja\/#\/schema\/logo\/image\/","url":"https:\/\/bepet.pet\/loja\/wp-content\/uploads\/2020\/10\/logo.jpg","contentUrl":"https:\/\/bepet.pet\/loja\/wp-content\/uploads\/2020\/10\/logo.jpg","width":100,"height":99,"caption":"BePet"},"image":{"@id":"https:\/\/bepet.pet\/loja\/#\/schema\/logo\/image\/"}}]}},"jetpack_sharing_enabled":true,"_links":{"self":[{"href":"https:\/\/bepet.pet\/loja\/wp-json\/wp\/v2\/product\/9260","targetHints":{"allow":["GET"]}}],"collection":[{"href":"https:\/\/bepet.pet\/loja\/wp-json\/wp\/v2\/product"}],"about":[{"href":"https:\/\/bepet.pet\/loja\/wp-json\/wp\/v2\/types\/product"}],"replies":[{"embeddable":true,"href":"https:\/\/bepet.pet\/loja\/wp-json\/wp\/v2\/comments?post=9260"}],"wp:featuredmedia":[{"embeddable":true,"href":"https:\/\/bepet.pet\/loja\/wp-json\/wp\/v2\/media\/10572"}],"wp:attachment":[{"href":"https:\/\/bepet.pet\/loja\/wp-json\/wp\/v2\/media?parent=9260"}],"wp:term":[{"taxonomy":"product_brand","embeddable":true,"href":"https:\/\/bepet.pet\/loja\/wp-json\/wp\/v2\/product_brand?post=9260"},{"taxonomy":"product_cat","embeddable":true,"href":"https:\/\/bepet.pet\/loja\/wp-json\/wp\/v2\/product_cat?post=9260"},{"taxonomy":"product_tag","embeddable":true,"href":"https:\/\/bepet.pet\/loja\/wp-json\/wp\/v2\/product_tag?post=9260"}],"curies":[{"name":"wp","href":"https:\/\/api.w.org\/{rel}","templated":true}]}}