{"id":9256,"date":"2024-01-03T16:33:19","date_gmt":"2024-01-03T19:33:19","guid":{"rendered":"https:\/\/bepet.pet\/loja\/produto\/racao-golden-gatos-castrados-carne-3-kg\/"},"modified":"2026-02-04T12:30:55","modified_gmt":"2026-02-04T15:30:55","slug":"racao-golden-gatos-castrados-carne-3-kg","status":"publish","type":"product","link":"https:\/\/bepet.pet\/loja\/produto\/racao-golden-gatos-castrados-carne-3-kg\/","title":{"rendered":"Ra\u00e7\u00e3o Golden Gatos Castrados Carne 3 kg"},"content":{"rendered":"<p>A ra\u00e7\u00e3o Golden Gatos Castrados Carne 3 kg \u00e9 a op\u00e7\u00e3o perfeita para garantir uma alimenta\u00e7\u00e3o saud\u00e1vel e equilibrada para o seu felino. Desenvolvida especialmente para gatos castrados, essa ra\u00e7\u00e3o atende \u00e0s necessidades nutricionais espec\u00edficas desses animais, proporcionando uma vida mais saud\u00e1vel e feliz.<\/p>\n<p>Com um sabor irresist\u00edvel de carne, essa ra\u00e7\u00e3o vai conquistar o paladar exigente do seu gato, garantindo que ele se alimente de forma adequada e com prazer. Al\u00e9m disso, a Golden Gatos Castrados Carne 3 kg conta com ingredientes selecionados, que proporcionam uma digest\u00e3o mais f\u00e1cil e uma absor\u00e7\u00e3o de nutrientes mais eficiente.<\/p>\n<p>A castra\u00e7\u00e3o \u00e9 um procedimento importante para o bem-estar do seu gato, mas tamb\u00e9m pode trazer algumas mudan\u00e7as em seu organismo, como a diminui\u00e7\u00e3o do metabolismo e a tend\u00eancia ao ganho de peso. Por isso, \u00e9 fundamental oferecer uma alimenta\u00e7\u00e3o adequada para evitar problemas de sa\u00fade futuros.<\/p>\n<p>A ra\u00e7\u00e3o Golden Gatos Castrados Carne 3 kg possui uma f\u00f3rmula balanceada, com n\u00edveis reduzidos de gordura e calorias, auxiliando no controle do peso e prevenindo a obesidade. Al\u00e9m disso, essa ra\u00e7\u00e3o cont\u00e9m taurina, um amino\u00e1cido essencial para a sa\u00fade ocular e card\u00edaca dos gatos.<\/p>\n<p>Ao escolher a Golden Gatos Castrados Carne 3 kg, voc\u00ea est\u00e1 oferecendo ao seu felino uma alimenta\u00e7\u00e3o de qualidade, que contribui para a sua sa\u00fade e bem-estar. Com essa ra\u00e7\u00e3o, seu gato ter\u00e1 uma pelagem mais bonita, uma pele saud\u00e1vel e mais energia para brincar e se divertir.<\/p>\n<p>N\u00e3o deixe de proporcionar ao seu gato toda a nutri\u00e7\u00e3o que ele precisa. Adquira agora mesmo a ra\u00e7\u00e3o Golden Gatos Castrados Carne 3 kg e veja a diferen\u00e7a que uma alimenta\u00e7\u00e3o balanceada pode fazer na vida do seu felino. Seu gato merece o melhor!<\/p>\n","protected":false},"excerpt":{"rendered":"<p>A ra\u00e7\u00e3o Golden Gatos Castrados Carne 3 kg \u00e9 a op\u00e7\u00e3o perfeita para garantir uma alimenta\u00e7\u00e3o saud\u00e1vel e equilibrada para o seu felino. Desenvolvida especialmente para gatos castrados, essa ra\u00e7\u00e3o atende \u00e0s necessidades nutricionais espec\u00edficas desses animais, proporcionando uma vida mais saud\u00e1vel e feliz. Com um sabor irresist\u00edvel de carne, essa ra\u00e7\u00e3o vai conquistar o paladar exigente do seu gato, garantindo que ele se alimente de forma adequada e com prazer. Al\u00e9m disso, a Golden Gatos Castrados Carne 3 kg conta com ingredientes selecionados, que proporcionam uma digest\u00e3o mais f\u00e1cil e uma absor\u00e7\u00e3o de nutrientes mais eficiente. A castra\u00e7\u00e3o \u00e9 um procedimento importante para o bem-estar do seu gato, mas tamb\u00e9m pode trazer algumas mudan\u00e7as em seu organismo, como a diminui\u00e7\u00e3o do metabolismo e a tend\u00eancia ao ganho de peso. Por isso, \u00e9 fundamental oferecer uma alimenta\u00e7\u00e3o adequada para evitar problemas de sa\u00fade futuros. A ra\u00e7\u00e3o Golden Gatos Castrados Carne 3 kg possui uma f\u00f3rmula balanceada, com n\u00edveis reduzidos de gordura e calorias, auxiliando no controle do peso e prevenindo a obesidade. Al\u00e9m disso, essa ra\u00e7\u00e3o cont\u00e9m taurina, um amino\u00e1cido essencial para a sa\u00fade ocular e card\u00edaca dos gatos. Ao escolher a Golden Gatos Castrados Carne 3 kg, voc\u00ea est\u00e1&hellip; <a class=\"read-more-link\" href=\"https:\/\/bepet.pet\/loja\/produto\/racao-golden-gatos-castrados-carne-3-kg\/\">Read More<\/a><\/p>\n","protected":false},"featured_media":9301,"comment_status":"open","ping_status":"closed","template":"","meta":{"_kadence_starter_templates_imported_post":false},"product_brand":[],"product_cat":[121,133],"product_tag":[],"class_list":{"0":"post-9256","1":"product","2":"type-product","3":"status-publish","4":"has-post-thumbnail","6":"product_cat-racoes","7":"product_cat-secas-gatos","10":"first","11":"instock","12":"shipping-taxable","13":"purchasable","14":"product-type-simple"},"yoast_head":"<!-- This site is optimized with the Yoast SEO plugin v25.5 - https:\/\/yoast.com\/wordpress\/plugins\/seo\/ -->\n<title>Ra\u00e7\u00e3o Golden Gatos Castrados Carne 3 kg - BePet<\/title>\n<meta name=\"robots\" content=\"index, follow, max-snippet:-1, max-image-preview:large, max-video-preview:-1\" \/>\n<link rel=\"canonical\" href=\"https:\/\/bepet.pet\/loja\/produto\/racao-golden-gatos-castrados-carne-3-kg\/\" \/>\n<meta property=\"og:locale\" content=\"pt_BR\" \/>\n<meta property=\"og:type\" content=\"article\" \/>\n<meta property=\"og:title\" content=\"Ra\u00e7\u00e3o Golden Gatos Castrados Carne 3 kg - BePet\" \/>\n<meta property=\"og:description\" content=\"A ra\u00e7\u00e3o Golden Gatos Castrados Carne 3 kg \u00e9 a op\u00e7\u00e3o perfeita para garantir uma alimenta\u00e7\u00e3o saud\u00e1vel e equilibrada para o seu felino. Desenvolvida especialmente para gatos castrados, essa ra\u00e7\u00e3o atende \u00e0s necessidades nutricionais espec\u00edficas desses animais, proporcionando uma vida mais saud\u00e1vel e feliz. Com um sabor irresist\u00edvel de carne, essa ra\u00e7\u00e3o vai conquistar o paladar exigente do seu gato, garantindo que ele se alimente de forma adequada e com prazer. Al\u00e9m disso, a Golden Gatos Castrados Carne 3 kg conta com ingredientes selecionados, que proporcionam uma digest\u00e3o mais f\u00e1cil e uma absor\u00e7\u00e3o de nutrientes mais eficiente. A castra\u00e7\u00e3o \u00e9 um procedimento importante para o bem-estar do seu gato, mas tamb\u00e9m pode trazer algumas mudan\u00e7as em seu organismo, como a diminui\u00e7\u00e3o do metabolismo e a tend\u00eancia ao ganho de peso. Por isso, \u00e9 fundamental oferecer uma alimenta\u00e7\u00e3o adequada para evitar problemas de sa\u00fade futuros. A ra\u00e7\u00e3o Golden Gatos Castrados Carne 3 kg possui uma f\u00f3rmula balanceada, com n\u00edveis reduzidos de gordura e calorias, auxiliando no controle do peso e prevenindo a obesidade. Al\u00e9m disso, essa ra\u00e7\u00e3o cont\u00e9m taurina, um amino\u00e1cido essencial para a sa\u00fade ocular e card\u00edaca dos gatos. Ao escolher a Golden Gatos Castrados Carne 3 kg, voc\u00ea est\u00e1&hellip; Read More\" \/>\n<meta property=\"og:url\" content=\"https:\/\/bepet.pet\/loja\/produto\/racao-golden-gatos-castrados-carne-3-kg\/\" \/>\n<meta property=\"og:site_name\" content=\"BePet\" \/>\n<meta property=\"article:modified_time\" content=\"2026-02-04T15:30:55+00:00\" \/>\n<meta property=\"og:image\" content=\"https:\/\/bepet.pet\/loja\/wp-content\/uploads\/2024\/01\/Design-sem-nome-66.png\" \/>\n\t<meta property=\"og:image:width\" content=\"600\" \/>\n\t<meta property=\"og:image:height\" content=\"400\" \/>\n\t<meta property=\"og:image:type\" content=\"image\/png\" \/>\n<meta name=\"twitter:card\" content=\"summary_large_image\" \/>\n<meta name=\"twitter:label1\" content=\"Est. tempo de leitura\" \/>\n\t<meta name=\"twitter:data1\" content=\"2 minutos\" \/>\n<script type=\"application\/ld+json\" class=\"yoast-schema-graph\">{\"@context\":\"https:\/\/schema.org\",\"@graph\":[{\"@type\":\"WebPage\",\"@id\":\"https:\/\/bepet.pet\/loja\/produto\/racao-golden-gatos-castrados-carne-3-kg\/\",\"url\":\"https:\/\/bepet.pet\/loja\/produto\/racao-golden-gatos-castrados-carne-3-kg\/\",\"name\":\"Ra\u00e7\u00e3o Golden Gatos Castrados Carne 3 kg - BePet\",\"isPartOf\":{\"@id\":\"https:\/\/bepet.pet\/loja\/#website\"},\"primaryImageOfPage\":{\"@id\":\"https:\/\/bepet.pet\/loja\/produto\/racao-golden-gatos-castrados-carne-3-kg\/#primaryimage\"},\"image\":{\"@id\":\"https:\/\/bepet.pet\/loja\/produto\/racao-golden-gatos-castrados-carne-3-kg\/#primaryimage\"},\"thumbnailUrl\":\"https:\/\/bepet.pet\/loja\/wp-content\/uploads\/2024\/01\/p01f9d55a-684b-476f-a8cb-9ad516ae0096.png\",\"datePublished\":\"2024-01-03T19:33:19+00:00\",\"dateModified\":\"2026-02-04T15:30:55+00:00\",\"breadcrumb\":{\"@id\":\"https:\/\/bepet.pet\/loja\/produto\/racao-golden-gatos-castrados-carne-3-kg\/#breadcrumb\"},\"inLanguage\":\"pt-BR\",\"potentialAction\":[{\"@type\":\"ReadAction\",\"target\":[\"https:\/\/bepet.pet\/loja\/produto\/racao-golden-gatos-castrados-carne-3-kg\/\"]}]},{\"@type\":\"ImageObject\",\"inLanguage\":\"pt-BR\",\"@id\":\"https:\/\/bepet.pet\/loja\/produto\/racao-golden-gatos-castrados-carne-3-kg\/#primaryimage\",\"url\":\"https:\/\/bepet.pet\/loja\/wp-content\/uploads\/2024\/01\/p01f9d55a-684b-476f-a8cb-9ad516ae0096.png\",\"contentUrl\":\"https:\/\/bepet.pet\/loja\/wp-content\/uploads\/2024\/01\/p01f9d55a-684b-476f-a8cb-9ad516ae0096.png\",\"width\":474,\"height\":800},{\"@type\":\"BreadcrumbList\",\"@id\":\"https:\/\/bepet.pet\/loja\/produto\/racao-golden-gatos-castrados-carne-3-kg\/#breadcrumb\",\"itemListElement\":[{\"@type\":\"ListItem\",\"position\":1,\"name\":\"Home\",\"item\":\"https:\/\/bepet.pet\/loja\/\"},{\"@type\":\"ListItem\",\"position\":2,\"name\":\"Shop\",\"item\":\"https:\/\/bepet.pet\/loja\/shop-2\/\"},{\"@type\":\"ListItem\",\"position\":3,\"name\":\"Ra\u00e7\u00e3o Golden Gatos Castrados Carne 3 kg\"}]},{\"@type\":\"WebSite\",\"@id\":\"https:\/\/bepet.pet\/loja\/#website\",\"url\":\"https:\/\/bepet.pet\/loja\/\",\"name\":\"BePet\",\"description\":\"Nossa vida \u00e9 cuidar do seu pet\",\"publisher\":{\"@id\":\"https:\/\/bepet.pet\/loja\/#organization\"},\"potentialAction\":[{\"@type\":\"SearchAction\",\"target\":{\"@type\":\"EntryPoint\",\"urlTemplate\":\"https:\/\/bepet.pet\/loja\/?s={search_term_string}\"},\"query-input\":{\"@type\":\"PropertyValueSpecification\",\"valueRequired\":true,\"valueName\":\"search_term_string\"}}],\"inLanguage\":\"pt-BR\"},{\"@type\":\"Organization\",\"@id\":\"https:\/\/bepet.pet\/loja\/#organization\",\"name\":\"BePet\",\"url\":\"https:\/\/bepet.pet\/loja\/\",\"logo\":{\"@type\":\"ImageObject\",\"inLanguage\":\"pt-BR\",\"@id\":\"https:\/\/bepet.pet\/loja\/#\/schema\/logo\/image\/\",\"url\":\"https:\/\/bepet.pet\/loja\/wp-content\/uploads\/2020\/10\/logo.jpg\",\"contentUrl\":\"https:\/\/bepet.pet\/loja\/wp-content\/uploads\/2020\/10\/logo.jpg\",\"width\":100,\"height\":99,\"caption\":\"BePet\"},\"image\":{\"@id\":\"https:\/\/bepet.pet\/loja\/#\/schema\/logo\/image\/\"}}]}<\/script>\n<!-- \/ Yoast SEO plugin. -->","yoast_head_json":{"title":"Ra\u00e7\u00e3o Golden Gatos Castrados Carne 3 kg - BePet","robots":{"index":"index","follow":"follow","max-snippet":"max-snippet:-1","max-image-preview":"max-image-preview:large","max-video-preview":"max-video-preview:-1"},"canonical":"https:\/\/bepet.pet\/loja\/produto\/racao-golden-gatos-castrados-carne-3-kg\/","og_locale":"pt_BR","og_type":"article","og_title":"Ra\u00e7\u00e3o Golden Gatos Castrados Carne 3 kg - BePet","og_description":"A ra\u00e7\u00e3o Golden Gatos Castrados Carne 3 kg \u00e9 a op\u00e7\u00e3o perfeita para garantir uma alimenta\u00e7\u00e3o saud\u00e1vel e equilibrada para o seu felino. Desenvolvida especialmente para gatos castrados, essa ra\u00e7\u00e3o atende \u00e0s necessidades nutricionais espec\u00edficas desses animais, proporcionando uma vida mais saud\u00e1vel e feliz. Com um sabor irresist\u00edvel de carne, essa ra\u00e7\u00e3o vai conquistar o paladar exigente do seu gato, garantindo que ele se alimente de forma adequada e com prazer. Al\u00e9m disso, a Golden Gatos Castrados Carne 3 kg conta com ingredientes selecionados, que proporcionam uma digest\u00e3o mais f\u00e1cil e uma absor\u00e7\u00e3o de nutrientes mais eficiente. A castra\u00e7\u00e3o \u00e9 um procedimento importante para o bem-estar do seu gato, mas tamb\u00e9m pode trazer algumas mudan\u00e7as em seu organismo, como a diminui\u00e7\u00e3o do metabolismo e a tend\u00eancia ao ganho de peso. Por isso, \u00e9 fundamental oferecer uma alimenta\u00e7\u00e3o adequada para evitar problemas de sa\u00fade futuros. A ra\u00e7\u00e3o Golden Gatos Castrados Carne 3 kg possui uma f\u00f3rmula balanceada, com n\u00edveis reduzidos de gordura e calorias, auxiliando no controle do peso e prevenindo a obesidade. Al\u00e9m disso, essa ra\u00e7\u00e3o cont\u00e9m taurina, um amino\u00e1cido essencial para a sa\u00fade ocular e card\u00edaca dos gatos. Ao escolher a Golden Gatos Castrados Carne 3 kg, voc\u00ea est\u00e1&hellip; Read More","og_url":"https:\/\/bepet.pet\/loja\/produto\/racao-golden-gatos-castrados-carne-3-kg\/","og_site_name":"BePet","article_modified_time":"2026-02-04T15:30:55+00:00","og_image":[{"width":600,"height":400,"url":"https:\/\/bepet.pet\/loja\/wp-content\/uploads\/2024\/01\/Design-sem-nome-66.png","type":"image\/png"}],"twitter_card":"summary_large_image","twitter_misc":{"Est. tempo de leitura":"2 minutos"},"schema":{"@context":"https:\/\/schema.org","@graph":[{"@type":"WebPage","@id":"https:\/\/bepet.pet\/loja\/produto\/racao-golden-gatos-castrados-carne-3-kg\/","url":"https:\/\/bepet.pet\/loja\/produto\/racao-golden-gatos-castrados-carne-3-kg\/","name":"Ra\u00e7\u00e3o Golden Gatos Castrados Carne 3 kg - BePet","isPartOf":{"@id":"https:\/\/bepet.pet\/loja\/#website"},"primaryImageOfPage":{"@id":"https:\/\/bepet.pet\/loja\/produto\/racao-golden-gatos-castrados-carne-3-kg\/#primaryimage"},"image":{"@id":"https:\/\/bepet.pet\/loja\/produto\/racao-golden-gatos-castrados-carne-3-kg\/#primaryimage"},"thumbnailUrl":"https:\/\/bepet.pet\/loja\/wp-content\/uploads\/2024\/01\/p01f9d55a-684b-476f-a8cb-9ad516ae0096.png","datePublished":"2024-01-03T19:33:19+00:00","dateModified":"2026-02-04T15:30:55+00:00","breadcrumb":{"@id":"https:\/\/bepet.pet\/loja\/produto\/racao-golden-gatos-castrados-carne-3-kg\/#breadcrumb"},"inLanguage":"pt-BR","potentialAction":[{"@type":"ReadAction","target":["https:\/\/bepet.pet\/loja\/produto\/racao-golden-gatos-castrados-carne-3-kg\/"]}]},{"@type":"ImageObject","inLanguage":"pt-BR","@id":"https:\/\/bepet.pet\/loja\/produto\/racao-golden-gatos-castrados-carne-3-kg\/#primaryimage","url":"https:\/\/bepet.pet\/loja\/wp-content\/uploads\/2024\/01\/p01f9d55a-684b-476f-a8cb-9ad516ae0096.png","contentUrl":"https:\/\/bepet.pet\/loja\/wp-content\/uploads\/2024\/01\/p01f9d55a-684b-476f-a8cb-9ad516ae0096.png","width":474,"height":800},{"@type":"BreadcrumbList","@id":"https:\/\/bepet.pet\/loja\/produto\/racao-golden-gatos-castrados-carne-3-kg\/#breadcrumb","itemListElement":[{"@type":"ListItem","position":1,"name":"Home","item":"https:\/\/bepet.pet\/loja\/"},{"@type":"ListItem","position":2,"name":"Shop","item":"https:\/\/bepet.pet\/loja\/shop-2\/"},{"@type":"ListItem","position":3,"name":"Ra\u00e7\u00e3o Golden Gatos Castrados Carne 3 kg"}]},{"@type":"WebSite","@id":"https:\/\/bepet.pet\/loja\/#website","url":"https:\/\/bepet.pet\/loja\/","name":"BePet","description":"Nossa vida \u00e9 cuidar do seu pet","publisher":{"@id":"https:\/\/bepet.pet\/loja\/#organization"},"potentialAction":[{"@type":"SearchAction","target":{"@type":"EntryPoint","urlTemplate":"https:\/\/bepet.pet\/loja\/?s={search_term_string}"},"query-input":{"@type":"PropertyValueSpecification","valueRequired":true,"valueName":"search_term_string"}}],"inLanguage":"pt-BR"},{"@type":"Organization","@id":"https:\/\/bepet.pet\/loja\/#organization","name":"BePet","url":"https:\/\/bepet.pet\/loja\/","logo":{"@type":"ImageObject","inLanguage":"pt-BR","@id":"https:\/\/bepet.pet\/loja\/#\/schema\/logo\/image\/","url":"https:\/\/bepet.pet\/loja\/wp-content\/uploads\/2020\/10\/logo.jpg","contentUrl":"https:\/\/bepet.pet\/loja\/wp-content\/uploads\/2020\/10\/logo.jpg","width":100,"height":99,"caption":"BePet"},"image":{"@id":"https:\/\/bepet.pet\/loja\/#\/schema\/logo\/image\/"}}]}},"jetpack_sharing_enabled":true,"_links":{"self":[{"href":"https:\/\/bepet.pet\/loja\/wp-json\/wp\/v2\/product\/9256","targetHints":{"allow":["GET"]}}],"collection":[{"href":"https:\/\/bepet.pet\/loja\/wp-json\/wp\/v2\/product"}],"about":[{"href":"https:\/\/bepet.pet\/loja\/wp-json\/wp\/v2\/types\/product"}],"replies":[{"embeddable":true,"href":"https:\/\/bepet.pet\/loja\/wp-json\/wp\/v2\/comments?post=9256"}],"wp:featuredmedia":[{"embeddable":true,"href":"https:\/\/bepet.pet\/loja\/wp-json\/wp\/v2\/media\/9301"}],"wp:attachment":[{"href":"https:\/\/bepet.pet\/loja\/wp-json\/wp\/v2\/media?parent=9256"}],"wp:term":[{"taxonomy":"product_brand","embeddable":true,"href":"https:\/\/bepet.pet\/loja\/wp-json\/wp\/v2\/product_brand?post=9256"},{"taxonomy":"product_cat","embeddable":true,"href":"https:\/\/bepet.pet\/loja\/wp-json\/wp\/v2\/product_cat?post=9256"},{"taxonomy":"product_tag","embeddable":true,"href":"https:\/\/bepet.pet\/loja\/wp-json\/wp\/v2\/product_tag?post=9256"}],"curies":[{"name":"wp","href":"https:\/\/api.w.org\/{rel}","templated":true}]}}