{"id":9250,"date":"2024-01-03T15:54:40","date_gmt":"2024-01-03T18:54:40","guid":{"rendered":"https:\/\/bepet.pet\/loja\/produto\/racao-frost-caes-adultos-racas-minis-e-pequenas\/"},"modified":"2025-12-10T17:02:34","modified_gmt":"2025-12-10T20:02:34","slug":"racao-frost-caes-adultos-racas-minis-e-pequenas-15kg","status":"publish","type":"product","link":"https:\/\/bepet.pet\/loja\/produto\/racao-frost-caes-adultos-racas-minis-e-pequenas-15kg\/","title":{"rendered":"Ra\u00e7\u00e3o Frost C\u00e3es Adultos Ra\u00e7as Minis e Pequenas 15Kg"},"content":{"rendered":"<p>A Supra Frost apresenta sua mais nova novidade para os donos de c\u00e3es adultos de ra\u00e7as minis e pequenas: a ra\u00e7\u00e3o seca Supra Frost Adult SB. Desenvolvida com todo o cuidado e expertise da marca, essa ra\u00e7\u00e3o \u00e9 perfeita para suprir todas as necessidades nutricionais do seu fiel companheiro.<\/p>\n<p>Com um estilo neutro e voltado para a divulga\u00e7\u00e3o de produtos ou servi\u00e7os, nosso objetivo \u00e9 apresentar essa ra\u00e7\u00e3o de forma clara e objetiva, destacando seus benef\u00edcios e diferenciais. <\/p>\n<p>A ra\u00e7\u00e3o seca Supra Frost Adult SB \u00e9 formulada com ingredientes de alta qualidade, selecionados criteriosamente para garantir uma alimenta\u00e7\u00e3o balanceada e saud\u00e1vel para c\u00e3es adultos de ra\u00e7as minis e pequenas. Sua f\u00f3rmula exclusiva conta com nutrientes essenciais, como prote\u00ednas de alto valor biol\u00f3gico, vitaminas e minerais, que contribuem para o desenvolvimento e manuten\u00e7\u00e3o da sa\u00fade do seu pet.<\/p>\n<p>Al\u00e9m disso, a Supra Frost se preocupa com a sa\u00fade bucal dos c\u00e3es e por isso, a ra\u00e7\u00e3o Adult SB possui uma textura especial que ajuda a reduzir o ac\u00famulo de t\u00e1rtaro e a promover uma melhor higiene oral. Seu formato e tamanho tamb\u00e9m s\u00e3o adaptados para facilitar a mastiga\u00e7\u00e3o dos c\u00e3es de ra\u00e7as menores, proporcionando uma refei\u00e7\u00e3o prazerosa e nutritiva.<\/p>\n<p>A Supra Frost Adult SB \u00e9 uma ra\u00e7\u00e3o completa e balanceada, que atende todas as necessidades nutricionais espec\u00edficas dos c\u00e3es adultos de ra\u00e7as minis e pequenas. Seu pet ter\u00e1 uma alimenta\u00e7\u00e3o saud\u00e1vel, com todos os nutrientes necess\u00e1rios para uma vida ativa e cheia de energia.<\/p>\n<p>N\u00e3o perca mais tempo e experimente a ra\u00e7\u00e3o seca Supra Frost Adult SB para o seu c\u00e3o. Garanta uma alimenta\u00e7\u00e3o de qualidade e cuide da sa\u00fade do seu pet da melhor maneira poss\u00edvel. Visite nosso website e_Commerce e adquira j\u00e1 esse produto incr\u00edvel. Seu c\u00e3ozinho vai adorar!<\/p>\n","protected":false},"excerpt":{"rendered":"<p>A Supra Frost apresenta sua mais nova novidade para os donos de c\u00e3es adultos de ra\u00e7as minis e pequenas: a ra\u00e7\u00e3o seca Supra Frost Adult SB. Desenvolvida com todo o cuidado e expertise da marca, essa ra\u00e7\u00e3o \u00e9 perfeita para suprir todas as necessidades nutricionais do seu fiel companheiro. Com um estilo neutro e voltado para a divulga\u00e7\u00e3o de produtos ou servi\u00e7os, nosso objetivo \u00e9 apresentar essa ra\u00e7\u00e3o de forma clara e objetiva, destacando seus benef\u00edcios e diferenciais. A ra\u00e7\u00e3o seca Supra Frost Adult SB \u00e9 formulada com ingredientes de alta qualidade, selecionados criteriosamente para garantir uma alimenta\u00e7\u00e3o balanceada e saud\u00e1vel para c\u00e3es adultos de ra\u00e7as minis e pequenas. Sua f\u00f3rmula exclusiva conta com nutrientes essenciais, como prote\u00ednas de alto valor biol\u00f3gico, vitaminas e minerais, que contribuem para o desenvolvimento e manuten\u00e7\u00e3o da sa\u00fade do seu pet. Al\u00e9m disso, a Supra Frost se preocupa com a sa\u00fade bucal dos c\u00e3es e por isso, a ra\u00e7\u00e3o Adult SB possui uma textura especial que ajuda a reduzir o ac\u00famulo de t\u00e1rtaro e a promover uma melhor higiene oral. Seu formato e tamanho tamb\u00e9m s\u00e3o adaptados para facilitar a mastiga\u00e7\u00e3o dos c\u00e3es de ra\u00e7as menores, proporcionando uma refei\u00e7\u00e3o prazerosa e nutritiva. A Supra&hellip; <a class=\"read-more-link\" href=\"https:\/\/bepet.pet\/loja\/produto\/racao-frost-caes-adultos-racas-minis-e-pequenas-15kg\/\">Read More<\/a><\/p>\n","protected":false},"featured_media":9251,"comment_status":"open","ping_status":"closed","template":"","meta":{"_kadence_starter_templates_imported_post":false},"product_brand":[],"product_cat":[121,130],"product_tag":[],"class_list":{"0":"post-9250","1":"product","2":"type-product","3":"status-publish","4":"has-post-thumbnail","6":"product_cat-racoes","7":"product_cat-secas-caes","10":"first","11":"instock","12":"shipping-taxable","13":"purchasable","14":"product-type-simple"},"yoast_head":"<!-- This site is optimized with the Yoast SEO plugin v25.5 - https:\/\/yoast.com\/wordpress\/plugins\/seo\/ -->\n<title>Ra\u00e7\u00e3o Frost C\u00e3es Adultos Ra\u00e7as Minis e Pequenas 15Kg - BePet<\/title>\n<meta name=\"robots\" content=\"index, follow, max-snippet:-1, max-image-preview:large, max-video-preview:-1\" \/>\n<link rel=\"canonical\" href=\"https:\/\/bepet.pet\/loja\/produto\/racao-frost-caes-adultos-racas-minis-e-pequenas-15kg\/\" \/>\n<meta property=\"og:locale\" content=\"pt_BR\" \/>\n<meta property=\"og:type\" content=\"article\" \/>\n<meta property=\"og:title\" content=\"Ra\u00e7\u00e3o Frost C\u00e3es Adultos Ra\u00e7as Minis e Pequenas 15Kg - BePet\" \/>\n<meta property=\"og:description\" content=\"A Supra Frost apresenta sua mais nova novidade para os donos de c\u00e3es adultos de ra\u00e7as minis e pequenas: a ra\u00e7\u00e3o seca Supra Frost Adult SB. Desenvolvida com todo o cuidado e expertise da marca, essa ra\u00e7\u00e3o \u00e9 perfeita para suprir todas as necessidades nutricionais do seu fiel companheiro. Com um estilo neutro e voltado para a divulga\u00e7\u00e3o de produtos ou servi\u00e7os, nosso objetivo \u00e9 apresentar essa ra\u00e7\u00e3o de forma clara e objetiva, destacando seus benef\u00edcios e diferenciais. A ra\u00e7\u00e3o seca Supra Frost Adult SB \u00e9 formulada com ingredientes de alta qualidade, selecionados criteriosamente para garantir uma alimenta\u00e7\u00e3o balanceada e saud\u00e1vel para c\u00e3es adultos de ra\u00e7as minis e pequenas. Sua f\u00f3rmula exclusiva conta com nutrientes essenciais, como prote\u00ednas de alto valor biol\u00f3gico, vitaminas e minerais, que contribuem para o desenvolvimento e manuten\u00e7\u00e3o da sa\u00fade do seu pet. Al\u00e9m disso, a Supra Frost se preocupa com a sa\u00fade bucal dos c\u00e3es e por isso, a ra\u00e7\u00e3o Adult SB possui uma textura especial que ajuda a reduzir o ac\u00famulo de t\u00e1rtaro e a promover uma melhor higiene oral. Seu formato e tamanho tamb\u00e9m s\u00e3o adaptados para facilitar a mastiga\u00e7\u00e3o dos c\u00e3es de ra\u00e7as menores, proporcionando uma refei\u00e7\u00e3o prazerosa e nutritiva. A Supra&hellip; Read More\" \/>\n<meta property=\"og:url\" content=\"https:\/\/bepet.pet\/loja\/produto\/racao-frost-caes-adultos-racas-minis-e-pequenas-15kg\/\" \/>\n<meta property=\"og:site_name\" content=\"BePet\" \/>\n<meta property=\"article:modified_time\" content=\"2025-12-10T20:02:34+00:00\" \/>\n<meta property=\"og:image\" content=\"https:\/\/bepet.pet\/loja\/wp-content\/uploads\/2024\/01\/Design-sem-nome-19.png\" \/>\n\t<meta property=\"og:image:width\" content=\"600\" \/>\n\t<meta property=\"og:image:height\" content=\"400\" \/>\n\t<meta property=\"og:image:type\" content=\"image\/png\" \/>\n<meta name=\"twitter:card\" content=\"summary_large_image\" \/>\n<meta name=\"twitter:label1\" content=\"Est. tempo de leitura\" \/>\n\t<meta name=\"twitter:data1\" content=\"2 minutos\" \/>\n<script type=\"application\/ld+json\" class=\"yoast-schema-graph\">{\"@context\":\"https:\/\/schema.org\",\"@graph\":[{\"@type\":\"WebPage\",\"@id\":\"https:\/\/bepet.pet\/loja\/produto\/racao-frost-caes-adultos-racas-minis-e-pequenas-15kg\/\",\"url\":\"https:\/\/bepet.pet\/loja\/produto\/racao-frost-caes-adultos-racas-minis-e-pequenas-15kg\/\",\"name\":\"Ra\u00e7\u00e3o Frost C\u00e3es Adultos Ra\u00e7as Minis e Pequenas 15Kg - BePet\",\"isPartOf\":{\"@id\":\"https:\/\/bepet.pet\/loja\/#website\"},\"primaryImageOfPage\":{\"@id\":\"https:\/\/bepet.pet\/loja\/produto\/racao-frost-caes-adultos-racas-minis-e-pequenas-15kg\/#primaryimage\"},\"image\":{\"@id\":\"https:\/\/bepet.pet\/loja\/produto\/racao-frost-caes-adultos-racas-minis-e-pequenas-15kg\/#primaryimage\"},\"thumbnailUrl\":\"https:\/\/bepet.pet\/loja\/wp-content\/uploads\/2024\/01\/p7fa5689c-dbe2-488f-965e-40decce890ad.jpeg\",\"datePublished\":\"2024-01-03T18:54:40+00:00\",\"dateModified\":\"2025-12-10T20:02:34+00:00\",\"breadcrumb\":{\"@id\":\"https:\/\/bepet.pet\/loja\/produto\/racao-frost-caes-adultos-racas-minis-e-pequenas-15kg\/#breadcrumb\"},\"inLanguage\":\"pt-BR\",\"potentialAction\":[{\"@type\":\"ReadAction\",\"target\":[\"https:\/\/bepet.pet\/loja\/produto\/racao-frost-caes-adultos-racas-minis-e-pequenas-15kg\/\"]}]},{\"@type\":\"ImageObject\",\"inLanguage\":\"pt-BR\",\"@id\":\"https:\/\/bepet.pet\/loja\/produto\/racao-frost-caes-adultos-racas-minis-e-pequenas-15kg\/#primaryimage\",\"url\":\"https:\/\/bepet.pet\/loja\/wp-content\/uploads\/2024\/01\/p7fa5689c-dbe2-488f-965e-40decce890ad.jpeg\",\"contentUrl\":\"https:\/\/bepet.pet\/loja\/wp-content\/uploads\/2024\/01\/p7fa5689c-dbe2-488f-965e-40decce890ad.jpeg\",\"width\":371,\"height\":600},{\"@type\":\"BreadcrumbList\",\"@id\":\"https:\/\/bepet.pet\/loja\/produto\/racao-frost-caes-adultos-racas-minis-e-pequenas-15kg\/#breadcrumb\",\"itemListElement\":[{\"@type\":\"ListItem\",\"position\":1,\"name\":\"Home\",\"item\":\"https:\/\/bepet.pet\/loja\/\"},{\"@type\":\"ListItem\",\"position\":2,\"name\":\"Shop\",\"item\":\"https:\/\/bepet.pet\/loja\/shop-2\/\"},{\"@type\":\"ListItem\",\"position\":3,\"name\":\"Ra\u00e7\u00e3o Frost C\u00e3es Adultos Ra\u00e7as Minis e Pequenas 15Kg\"}]},{\"@type\":\"WebSite\",\"@id\":\"https:\/\/bepet.pet\/loja\/#website\",\"url\":\"https:\/\/bepet.pet\/loja\/\",\"name\":\"BePet\",\"description\":\"Nossa vida \u00e9 cuidar do seu pet\",\"publisher\":{\"@id\":\"https:\/\/bepet.pet\/loja\/#organization\"},\"potentialAction\":[{\"@type\":\"SearchAction\",\"target\":{\"@type\":\"EntryPoint\",\"urlTemplate\":\"https:\/\/bepet.pet\/loja\/?s={search_term_string}\"},\"query-input\":{\"@type\":\"PropertyValueSpecification\",\"valueRequired\":true,\"valueName\":\"search_term_string\"}}],\"inLanguage\":\"pt-BR\"},{\"@type\":\"Organization\",\"@id\":\"https:\/\/bepet.pet\/loja\/#organization\",\"name\":\"BePet\",\"url\":\"https:\/\/bepet.pet\/loja\/\",\"logo\":{\"@type\":\"ImageObject\",\"inLanguage\":\"pt-BR\",\"@id\":\"https:\/\/bepet.pet\/loja\/#\/schema\/logo\/image\/\",\"url\":\"https:\/\/bepet.pet\/loja\/wp-content\/uploads\/2020\/10\/logo.jpg\",\"contentUrl\":\"https:\/\/bepet.pet\/loja\/wp-content\/uploads\/2020\/10\/logo.jpg\",\"width\":100,\"height\":99,\"caption\":\"BePet\"},\"image\":{\"@id\":\"https:\/\/bepet.pet\/loja\/#\/schema\/logo\/image\/\"}}]}<\/script>\n<!-- \/ Yoast SEO plugin. -->","yoast_head_json":{"title":"Ra\u00e7\u00e3o Frost C\u00e3es Adultos Ra\u00e7as Minis e Pequenas 15Kg - BePet","robots":{"index":"index","follow":"follow","max-snippet":"max-snippet:-1","max-image-preview":"max-image-preview:large","max-video-preview":"max-video-preview:-1"},"canonical":"https:\/\/bepet.pet\/loja\/produto\/racao-frost-caes-adultos-racas-minis-e-pequenas-15kg\/","og_locale":"pt_BR","og_type":"article","og_title":"Ra\u00e7\u00e3o Frost C\u00e3es Adultos Ra\u00e7as Minis e Pequenas 15Kg - BePet","og_description":"A Supra Frost apresenta sua mais nova novidade para os donos de c\u00e3es adultos de ra\u00e7as minis e pequenas: a ra\u00e7\u00e3o seca Supra Frost Adult SB. Desenvolvida com todo o cuidado e expertise da marca, essa ra\u00e7\u00e3o \u00e9 perfeita para suprir todas as necessidades nutricionais do seu fiel companheiro. Com um estilo neutro e voltado para a divulga\u00e7\u00e3o de produtos ou servi\u00e7os, nosso objetivo \u00e9 apresentar essa ra\u00e7\u00e3o de forma clara e objetiva, destacando seus benef\u00edcios e diferenciais. A ra\u00e7\u00e3o seca Supra Frost Adult SB \u00e9 formulada com ingredientes de alta qualidade, selecionados criteriosamente para garantir uma alimenta\u00e7\u00e3o balanceada e saud\u00e1vel para c\u00e3es adultos de ra\u00e7as minis e pequenas. Sua f\u00f3rmula exclusiva conta com nutrientes essenciais, como prote\u00ednas de alto valor biol\u00f3gico, vitaminas e minerais, que contribuem para o desenvolvimento e manuten\u00e7\u00e3o da sa\u00fade do seu pet. Al\u00e9m disso, a Supra Frost se preocupa com a sa\u00fade bucal dos c\u00e3es e por isso, a ra\u00e7\u00e3o Adult SB possui uma textura especial que ajuda a reduzir o ac\u00famulo de t\u00e1rtaro e a promover uma melhor higiene oral. Seu formato e tamanho tamb\u00e9m s\u00e3o adaptados para facilitar a mastiga\u00e7\u00e3o dos c\u00e3es de ra\u00e7as menores, proporcionando uma refei\u00e7\u00e3o prazerosa e nutritiva. A Supra&hellip; Read More","og_url":"https:\/\/bepet.pet\/loja\/produto\/racao-frost-caes-adultos-racas-minis-e-pequenas-15kg\/","og_site_name":"BePet","article_modified_time":"2025-12-10T20:02:34+00:00","og_image":[{"width":600,"height":400,"url":"https:\/\/bepet.pet\/loja\/wp-content\/uploads\/2024\/01\/Design-sem-nome-19.png","type":"image\/png"}],"twitter_card":"summary_large_image","twitter_misc":{"Est. tempo de leitura":"2 minutos"},"schema":{"@context":"https:\/\/schema.org","@graph":[{"@type":"WebPage","@id":"https:\/\/bepet.pet\/loja\/produto\/racao-frost-caes-adultos-racas-minis-e-pequenas-15kg\/","url":"https:\/\/bepet.pet\/loja\/produto\/racao-frost-caes-adultos-racas-minis-e-pequenas-15kg\/","name":"Ra\u00e7\u00e3o Frost C\u00e3es Adultos Ra\u00e7as Minis e Pequenas 15Kg - BePet","isPartOf":{"@id":"https:\/\/bepet.pet\/loja\/#website"},"primaryImageOfPage":{"@id":"https:\/\/bepet.pet\/loja\/produto\/racao-frost-caes-adultos-racas-minis-e-pequenas-15kg\/#primaryimage"},"image":{"@id":"https:\/\/bepet.pet\/loja\/produto\/racao-frost-caes-adultos-racas-minis-e-pequenas-15kg\/#primaryimage"},"thumbnailUrl":"https:\/\/bepet.pet\/loja\/wp-content\/uploads\/2024\/01\/p7fa5689c-dbe2-488f-965e-40decce890ad.jpeg","datePublished":"2024-01-03T18:54:40+00:00","dateModified":"2025-12-10T20:02:34+00:00","breadcrumb":{"@id":"https:\/\/bepet.pet\/loja\/produto\/racao-frost-caes-adultos-racas-minis-e-pequenas-15kg\/#breadcrumb"},"inLanguage":"pt-BR","potentialAction":[{"@type":"ReadAction","target":["https:\/\/bepet.pet\/loja\/produto\/racao-frost-caes-adultos-racas-minis-e-pequenas-15kg\/"]}]},{"@type":"ImageObject","inLanguage":"pt-BR","@id":"https:\/\/bepet.pet\/loja\/produto\/racao-frost-caes-adultos-racas-minis-e-pequenas-15kg\/#primaryimage","url":"https:\/\/bepet.pet\/loja\/wp-content\/uploads\/2024\/01\/p7fa5689c-dbe2-488f-965e-40decce890ad.jpeg","contentUrl":"https:\/\/bepet.pet\/loja\/wp-content\/uploads\/2024\/01\/p7fa5689c-dbe2-488f-965e-40decce890ad.jpeg","width":371,"height":600},{"@type":"BreadcrumbList","@id":"https:\/\/bepet.pet\/loja\/produto\/racao-frost-caes-adultos-racas-minis-e-pequenas-15kg\/#breadcrumb","itemListElement":[{"@type":"ListItem","position":1,"name":"Home","item":"https:\/\/bepet.pet\/loja\/"},{"@type":"ListItem","position":2,"name":"Shop","item":"https:\/\/bepet.pet\/loja\/shop-2\/"},{"@type":"ListItem","position":3,"name":"Ra\u00e7\u00e3o Frost C\u00e3es Adultos Ra\u00e7as Minis e Pequenas 15Kg"}]},{"@type":"WebSite","@id":"https:\/\/bepet.pet\/loja\/#website","url":"https:\/\/bepet.pet\/loja\/","name":"BePet","description":"Nossa vida \u00e9 cuidar do seu pet","publisher":{"@id":"https:\/\/bepet.pet\/loja\/#organization"},"potentialAction":[{"@type":"SearchAction","target":{"@type":"EntryPoint","urlTemplate":"https:\/\/bepet.pet\/loja\/?s={search_term_string}"},"query-input":{"@type":"PropertyValueSpecification","valueRequired":true,"valueName":"search_term_string"}}],"inLanguage":"pt-BR"},{"@type":"Organization","@id":"https:\/\/bepet.pet\/loja\/#organization","name":"BePet","url":"https:\/\/bepet.pet\/loja\/","logo":{"@type":"ImageObject","inLanguage":"pt-BR","@id":"https:\/\/bepet.pet\/loja\/#\/schema\/logo\/image\/","url":"https:\/\/bepet.pet\/loja\/wp-content\/uploads\/2020\/10\/logo.jpg","contentUrl":"https:\/\/bepet.pet\/loja\/wp-content\/uploads\/2020\/10\/logo.jpg","width":100,"height":99,"caption":"BePet"},"image":{"@id":"https:\/\/bepet.pet\/loja\/#\/schema\/logo\/image\/"}}]}},"jetpack_sharing_enabled":true,"_links":{"self":[{"href":"https:\/\/bepet.pet\/loja\/wp-json\/wp\/v2\/product\/9250","targetHints":{"allow":["GET"]}}],"collection":[{"href":"https:\/\/bepet.pet\/loja\/wp-json\/wp\/v2\/product"}],"about":[{"href":"https:\/\/bepet.pet\/loja\/wp-json\/wp\/v2\/types\/product"}],"replies":[{"embeddable":true,"href":"https:\/\/bepet.pet\/loja\/wp-json\/wp\/v2\/comments?post=9250"}],"wp:featuredmedia":[{"embeddable":true,"href":"https:\/\/bepet.pet\/loja\/wp-json\/wp\/v2\/media\/9251"}],"wp:attachment":[{"href":"https:\/\/bepet.pet\/loja\/wp-json\/wp\/v2\/media?parent=9250"}],"wp:term":[{"taxonomy":"product_brand","embeddable":true,"href":"https:\/\/bepet.pet\/loja\/wp-json\/wp\/v2\/product_brand?post=9250"},{"taxonomy":"product_cat","embeddable":true,"href":"https:\/\/bepet.pet\/loja\/wp-json\/wp\/v2\/product_cat?post=9250"},{"taxonomy":"product_tag","embeddable":true,"href":"https:\/\/bepet.pet\/loja\/wp-json\/wp\/v2\/product_tag?post=9250"}],"curies":[{"name":"wp","href":"https:\/\/api.w.org\/{rel}","templated":true}]}}