{"id":9211,"date":"2023-12-15T19:47:05","date_gmt":"2023-12-15T19:47:05","guid":{"rendered":"https:\/\/bepet.pet\/loja\/produto\/racao-royal-canin-hypoallergenic-small-dog-caes-adultos-2kg\/"},"modified":"2025-12-10T16:59:28","modified_gmt":"2025-12-10T19:59:28","slug":"racao-royal-canin-hypoallergenic-small-dog-caes-adultos-2kg","status":"publish","type":"product","link":"https:\/\/bepet.pet\/loja\/produto\/racao-royal-canin-hypoallergenic-small-dog-caes-adultos-2kg\/","title":{"rendered":"Ra\u00e7\u00e3o Royal Canin Hypoallergenic Small Dog C\u00e3es Adultos 2kg"},"content":{"rendered":"<p>Descubra a solu\u00e7\u00e3o perfeita para cuidar da sa\u00fade do seu c\u00e3o adulto de porte pequeno com a ra\u00e7\u00e3o Royal Canin Hypoallergenic Small Dog. Desenvolvida com a mais alta qualidade e tecnologia, essa ra\u00e7\u00e3o \u00e9 a escolha ideal para c\u00e3es com sensibilidade alimentar.<\/p>\n<p>Com o objetivo de atender \u00e0s necessidades espec\u00edficas dos c\u00e3es adultos de porte pequeno, a ra\u00e7\u00e3o Royal Canin Hypoallergenic Small Dog \u00e9 formulada com ingredientes selecionados cuidadosamente para evitar rea\u00e7\u00f5es al\u00e9rgicas. Seu c\u00e3o merece uma alimenta\u00e7\u00e3o equilibrada e livre de desconfortos, e essa ra\u00e7\u00e3o oferece exatamente isso.<\/p>\n<p>Al\u00e9m de ser hipoalerg\u00eanica, essa ra\u00e7\u00e3o tamb\u00e9m conta com nutrientes essenciais para a manuten\u00e7\u00e3o da sa\u00fade e vitalidade do seu c\u00e3o. Sua f\u00f3rmula exclusiva proporciona uma digest\u00e3o saud\u00e1vel, al\u00e9m de contribuir para a sa\u00fade da pele e pelagem, fortalecimento do sistema imunol\u00f3gico e sa\u00fade dental.<\/p>\n<p>Ao optar pela ra\u00e7\u00e3o Royal Canin Hypoallergenic Small Dog, voc\u00ea est\u00e1 escolhendo oferecer ao seu c\u00e3o uma alimenta\u00e7\u00e3o completa e balanceada, que ir\u00e1 suprir todas as suas necessidades nutricionais. Sua textura e sabor irresist\u00edveis garantem que seu c\u00e3o ir\u00e1 adorar cada refei\u00e7\u00e3o.<\/p>\n<p>No e-commerce, voc\u00ea encontra a embalagem de 2kg da ra\u00e7\u00e3o Royal Canin Hypoallergenic Small Dog, perfeita para experimentar e comprovar os benef\u00edcios desse alimento. Invista na sa\u00fade e bem-estar do seu c\u00e3o, adquira agora mesmo a ra\u00e7\u00e3o que ir\u00e1 proporcionar uma vida mais saud\u00e1vel e feliz para o seu fiel companheiro.<\/p>\n","protected":false},"excerpt":{"rendered":"<p>Descubra a solu\u00e7\u00e3o perfeita para cuidar da sa\u00fade do seu c\u00e3o adulto de porte pequeno com a ra\u00e7\u00e3o Royal Canin Hypoallergenic Small Dog. Desenvolvida com a mais alta qualidade e tecnologia, essa ra\u00e7\u00e3o \u00e9 a escolha ideal para c\u00e3es com sensibilidade alimentar. Com o objetivo de atender \u00e0s necessidades espec\u00edficas dos c\u00e3es adultos de porte pequeno, a ra\u00e7\u00e3o Royal Canin Hypoallergenic Small Dog \u00e9 formulada com ingredientes selecionados cuidadosamente para evitar rea\u00e7\u00f5es al\u00e9rgicas. Seu c\u00e3o merece uma alimenta\u00e7\u00e3o equilibrada e livre de desconfortos, e essa ra\u00e7\u00e3o oferece exatamente isso. Al\u00e9m de ser hipoalerg\u00eanica, essa ra\u00e7\u00e3o tamb\u00e9m conta com nutrientes essenciais para a manuten\u00e7\u00e3o da sa\u00fade e vitalidade do seu c\u00e3o. Sua f\u00f3rmula exclusiva proporciona uma digest\u00e3o saud\u00e1vel, al\u00e9m de contribuir para a sa\u00fade da pele e pelagem, fortalecimento do sistema imunol\u00f3gico e sa\u00fade dental. Ao optar pela ra\u00e7\u00e3o Royal Canin Hypoallergenic Small Dog, voc\u00ea est\u00e1 escolhendo oferecer ao seu c\u00e3o uma alimenta\u00e7\u00e3o completa e balanceada, que ir\u00e1 suprir todas as suas necessidades nutricionais. Sua textura e sabor irresist\u00edveis garantem que seu c\u00e3o ir\u00e1 adorar cada refei\u00e7\u00e3o. No e-commerce, voc\u00ea encontra a embalagem de 2kg da ra\u00e7\u00e3o Royal Canin Hypoallergenic Small Dog, perfeita para experimentar e comprovar os benef\u00edcios desse alimento.&hellip; <a class=\"read-more-link\" href=\"https:\/\/bepet.pet\/loja\/produto\/racao-royal-canin-hypoallergenic-small-dog-caes-adultos-2kg\/\">Read More<\/a><\/p>\n","protected":false},"featured_media":9210,"comment_status":"open","ping_status":"closed","template":"","meta":{"_kadence_starter_templates_imported_post":false},"product_brand":[],"product_cat":[121,132],"product_tag":[],"class_list":{"0":"post-9211","1":"product","2":"type-product","3":"status-publish","4":"has-post-thumbnail","6":"product_cat-racoes","7":"product_cat-terapeuticas-caes","10":"first","11":"instock","12":"shipping-taxable","13":"purchasable","14":"product-type-simple"},"yoast_head":"<!-- This site is optimized with the Yoast SEO plugin v25.5 - https:\/\/yoast.com\/wordpress\/plugins\/seo\/ -->\n<title>Ra\u00e7\u00e3o Royal Canin Hypoallergenic Small Dog C\u00e3es Adultos 2kg - BePet<\/title>\n<meta name=\"robots\" content=\"index, follow, max-snippet:-1, max-image-preview:large, max-video-preview:-1\" \/>\n<link rel=\"canonical\" href=\"https:\/\/bepet.pet\/loja\/produto\/racao-royal-canin-hypoallergenic-small-dog-caes-adultos-2kg\/\" \/>\n<meta property=\"og:locale\" content=\"pt_BR\" \/>\n<meta property=\"og:type\" content=\"article\" \/>\n<meta property=\"og:title\" content=\"Ra\u00e7\u00e3o Royal Canin Hypoallergenic Small Dog C\u00e3es Adultos 2kg - BePet\" \/>\n<meta property=\"og:description\" content=\"Descubra a solu\u00e7\u00e3o perfeita para cuidar da sa\u00fade do seu c\u00e3o adulto de porte pequeno com a ra\u00e7\u00e3o Royal Canin Hypoallergenic Small Dog. Desenvolvida com a mais alta qualidade e tecnologia, essa ra\u00e7\u00e3o \u00e9 a escolha ideal para c\u00e3es com sensibilidade alimentar. Com o objetivo de atender \u00e0s necessidades espec\u00edficas dos c\u00e3es adultos de porte pequeno, a ra\u00e7\u00e3o Royal Canin Hypoallergenic Small Dog \u00e9 formulada com ingredientes selecionados cuidadosamente para evitar rea\u00e7\u00f5es al\u00e9rgicas. Seu c\u00e3o merece uma alimenta\u00e7\u00e3o equilibrada e livre de desconfortos, e essa ra\u00e7\u00e3o oferece exatamente isso. Al\u00e9m de ser hipoalerg\u00eanica, essa ra\u00e7\u00e3o tamb\u00e9m conta com nutrientes essenciais para a manuten\u00e7\u00e3o da sa\u00fade e vitalidade do seu c\u00e3o. Sua f\u00f3rmula exclusiva proporciona uma digest\u00e3o saud\u00e1vel, al\u00e9m de contribuir para a sa\u00fade da pele e pelagem, fortalecimento do sistema imunol\u00f3gico e sa\u00fade dental. Ao optar pela ra\u00e7\u00e3o Royal Canin Hypoallergenic Small Dog, voc\u00ea est\u00e1 escolhendo oferecer ao seu c\u00e3o uma alimenta\u00e7\u00e3o completa e balanceada, que ir\u00e1 suprir todas as suas necessidades nutricionais. Sua textura e sabor irresist\u00edveis garantem que seu c\u00e3o ir\u00e1 adorar cada refei\u00e7\u00e3o. No e-commerce, voc\u00ea encontra a embalagem de 2kg da ra\u00e7\u00e3o Royal Canin Hypoallergenic Small Dog, perfeita para experimentar e comprovar os benef\u00edcios desse alimento.&hellip; Read More\" \/>\n<meta property=\"og:url\" content=\"https:\/\/bepet.pet\/loja\/produto\/racao-royal-canin-hypoallergenic-small-dog-caes-adultos-2kg\/\" \/>\n<meta property=\"og:site_name\" content=\"BePet\" \/>\n<meta property=\"article:modified_time\" content=\"2025-12-10T19:59:28+00:00\" \/>\n<meta name=\"twitter:card\" content=\"summary_large_image\" \/>\n<meta name=\"twitter:label1\" content=\"Est. tempo de leitura\" \/>\n\t<meta name=\"twitter:data1\" content=\"1 minuto\" \/>\n<script type=\"application\/ld+json\" class=\"yoast-schema-graph\">{\"@context\":\"https:\/\/schema.org\",\"@graph\":[{\"@type\":\"WebPage\",\"@id\":\"https:\/\/bepet.pet\/loja\/produto\/racao-royal-canin-hypoallergenic-small-dog-caes-adultos-2kg\/\",\"url\":\"https:\/\/bepet.pet\/loja\/produto\/racao-royal-canin-hypoallergenic-small-dog-caes-adultos-2kg\/\",\"name\":\"Ra\u00e7\u00e3o Royal Canin Hypoallergenic Small Dog C\u00e3es Adultos 2kg - BePet\",\"isPartOf\":{\"@id\":\"https:\/\/bepet.pet\/loja\/#website\"},\"primaryImageOfPage\":{\"@id\":\"https:\/\/bepet.pet\/loja\/produto\/racao-royal-canin-hypoallergenic-small-dog-caes-adultos-2kg\/#primaryimage\"},\"image\":{\"@id\":\"https:\/\/bepet.pet\/loja\/produto\/racao-royal-canin-hypoallergenic-small-dog-caes-adultos-2kg\/#primaryimage\"},\"thumbnailUrl\":\"https:\/\/bepet.pet\/loja\/wp-content\/uploads\/2023\/12\/p7f71249d-336d-4e47-98f3-7f8aa22acbf1.png\",\"datePublished\":\"2023-12-15T19:47:05+00:00\",\"dateModified\":\"2025-12-10T19:59:28+00:00\",\"breadcrumb\":{\"@id\":\"https:\/\/bepet.pet\/loja\/produto\/racao-royal-canin-hypoallergenic-small-dog-caes-adultos-2kg\/#breadcrumb\"},\"inLanguage\":\"pt-BR\",\"potentialAction\":[{\"@type\":\"ReadAction\",\"target\":[\"https:\/\/bepet.pet\/loja\/produto\/racao-royal-canin-hypoallergenic-small-dog-caes-adultos-2kg\/\"]}]},{\"@type\":\"ImageObject\",\"inLanguage\":\"pt-BR\",\"@id\":\"https:\/\/bepet.pet\/loja\/produto\/racao-royal-canin-hypoallergenic-small-dog-caes-adultos-2kg\/#primaryimage\",\"url\":\"https:\/\/bepet.pet\/loja\/wp-content\/uploads\/2023\/12\/p7f71249d-336d-4e47-98f3-7f8aa22acbf1.png\",\"contentUrl\":\"https:\/\/bepet.pet\/loja\/wp-content\/uploads\/2023\/12\/p7f71249d-336d-4e47-98f3-7f8aa22acbf1.png\",\"width\":250,\"height\":354},{\"@type\":\"BreadcrumbList\",\"@id\":\"https:\/\/bepet.pet\/loja\/produto\/racao-royal-canin-hypoallergenic-small-dog-caes-adultos-2kg\/#breadcrumb\",\"itemListElement\":[{\"@type\":\"ListItem\",\"position\":1,\"name\":\"Home\",\"item\":\"https:\/\/bepet.pet\/loja\/\"},{\"@type\":\"ListItem\",\"position\":2,\"name\":\"Shop\",\"item\":\"https:\/\/bepet.pet\/loja\/shop-2\/\"},{\"@type\":\"ListItem\",\"position\":3,\"name\":\"Ra\u00e7\u00e3o Royal Canin Hypoallergenic Small Dog C\u00e3es Adultos 2kg\"}]},{\"@type\":\"WebSite\",\"@id\":\"https:\/\/bepet.pet\/loja\/#website\",\"url\":\"https:\/\/bepet.pet\/loja\/\",\"name\":\"BePet\",\"description\":\"Nossa vida \u00e9 cuidar do seu pet\",\"publisher\":{\"@id\":\"https:\/\/bepet.pet\/loja\/#organization\"},\"potentialAction\":[{\"@type\":\"SearchAction\",\"target\":{\"@type\":\"EntryPoint\",\"urlTemplate\":\"https:\/\/bepet.pet\/loja\/?s={search_term_string}\"},\"query-input\":{\"@type\":\"PropertyValueSpecification\",\"valueRequired\":true,\"valueName\":\"search_term_string\"}}],\"inLanguage\":\"pt-BR\"},{\"@type\":\"Organization\",\"@id\":\"https:\/\/bepet.pet\/loja\/#organization\",\"name\":\"BePet\",\"url\":\"https:\/\/bepet.pet\/loja\/\",\"logo\":{\"@type\":\"ImageObject\",\"inLanguage\":\"pt-BR\",\"@id\":\"https:\/\/bepet.pet\/loja\/#\/schema\/logo\/image\/\",\"url\":\"https:\/\/bepet.pet\/loja\/wp-content\/uploads\/2020\/10\/logo.jpg\",\"contentUrl\":\"https:\/\/bepet.pet\/loja\/wp-content\/uploads\/2020\/10\/logo.jpg\",\"width\":100,\"height\":99,\"caption\":\"BePet\"},\"image\":{\"@id\":\"https:\/\/bepet.pet\/loja\/#\/schema\/logo\/image\/\"}}]}<\/script>\n<!-- \/ Yoast SEO plugin. -->","yoast_head_json":{"title":"Ra\u00e7\u00e3o Royal Canin Hypoallergenic Small Dog C\u00e3es Adultos 2kg - BePet","robots":{"index":"index","follow":"follow","max-snippet":"max-snippet:-1","max-image-preview":"max-image-preview:large","max-video-preview":"max-video-preview:-1"},"canonical":"https:\/\/bepet.pet\/loja\/produto\/racao-royal-canin-hypoallergenic-small-dog-caes-adultos-2kg\/","og_locale":"pt_BR","og_type":"article","og_title":"Ra\u00e7\u00e3o Royal Canin Hypoallergenic Small Dog C\u00e3es Adultos 2kg - BePet","og_description":"Descubra a solu\u00e7\u00e3o perfeita para cuidar da sa\u00fade do seu c\u00e3o adulto de porte pequeno com a ra\u00e7\u00e3o Royal Canin Hypoallergenic Small Dog. Desenvolvida com a mais alta qualidade e tecnologia, essa ra\u00e7\u00e3o \u00e9 a escolha ideal para c\u00e3es com sensibilidade alimentar. Com o objetivo de atender \u00e0s necessidades espec\u00edficas dos c\u00e3es adultos de porte pequeno, a ra\u00e7\u00e3o Royal Canin Hypoallergenic Small Dog \u00e9 formulada com ingredientes selecionados cuidadosamente para evitar rea\u00e7\u00f5es al\u00e9rgicas. Seu c\u00e3o merece uma alimenta\u00e7\u00e3o equilibrada e livre de desconfortos, e essa ra\u00e7\u00e3o oferece exatamente isso. Al\u00e9m de ser hipoalerg\u00eanica, essa ra\u00e7\u00e3o tamb\u00e9m conta com nutrientes essenciais para a manuten\u00e7\u00e3o da sa\u00fade e vitalidade do seu c\u00e3o. Sua f\u00f3rmula exclusiva proporciona uma digest\u00e3o saud\u00e1vel, al\u00e9m de contribuir para a sa\u00fade da pele e pelagem, fortalecimento do sistema imunol\u00f3gico e sa\u00fade dental. Ao optar pela ra\u00e7\u00e3o Royal Canin Hypoallergenic Small Dog, voc\u00ea est\u00e1 escolhendo oferecer ao seu c\u00e3o uma alimenta\u00e7\u00e3o completa e balanceada, que ir\u00e1 suprir todas as suas necessidades nutricionais. Sua textura e sabor irresist\u00edveis garantem que seu c\u00e3o ir\u00e1 adorar cada refei\u00e7\u00e3o. No e-commerce, voc\u00ea encontra a embalagem de 2kg da ra\u00e7\u00e3o Royal Canin Hypoallergenic Small Dog, perfeita para experimentar e comprovar os benef\u00edcios desse alimento.&hellip; Read More","og_url":"https:\/\/bepet.pet\/loja\/produto\/racao-royal-canin-hypoallergenic-small-dog-caes-adultos-2kg\/","og_site_name":"BePet","article_modified_time":"2025-12-10T19:59:28+00:00","twitter_card":"summary_large_image","twitter_misc":{"Est. tempo de leitura":"1 minuto"},"schema":{"@context":"https:\/\/schema.org","@graph":[{"@type":"WebPage","@id":"https:\/\/bepet.pet\/loja\/produto\/racao-royal-canin-hypoallergenic-small-dog-caes-adultos-2kg\/","url":"https:\/\/bepet.pet\/loja\/produto\/racao-royal-canin-hypoallergenic-small-dog-caes-adultos-2kg\/","name":"Ra\u00e7\u00e3o Royal Canin Hypoallergenic Small Dog C\u00e3es Adultos 2kg - BePet","isPartOf":{"@id":"https:\/\/bepet.pet\/loja\/#website"},"primaryImageOfPage":{"@id":"https:\/\/bepet.pet\/loja\/produto\/racao-royal-canin-hypoallergenic-small-dog-caes-adultos-2kg\/#primaryimage"},"image":{"@id":"https:\/\/bepet.pet\/loja\/produto\/racao-royal-canin-hypoallergenic-small-dog-caes-adultos-2kg\/#primaryimage"},"thumbnailUrl":"https:\/\/bepet.pet\/loja\/wp-content\/uploads\/2023\/12\/p7f71249d-336d-4e47-98f3-7f8aa22acbf1.png","datePublished":"2023-12-15T19:47:05+00:00","dateModified":"2025-12-10T19:59:28+00:00","breadcrumb":{"@id":"https:\/\/bepet.pet\/loja\/produto\/racao-royal-canin-hypoallergenic-small-dog-caes-adultos-2kg\/#breadcrumb"},"inLanguage":"pt-BR","potentialAction":[{"@type":"ReadAction","target":["https:\/\/bepet.pet\/loja\/produto\/racao-royal-canin-hypoallergenic-small-dog-caes-adultos-2kg\/"]}]},{"@type":"ImageObject","inLanguage":"pt-BR","@id":"https:\/\/bepet.pet\/loja\/produto\/racao-royal-canin-hypoallergenic-small-dog-caes-adultos-2kg\/#primaryimage","url":"https:\/\/bepet.pet\/loja\/wp-content\/uploads\/2023\/12\/p7f71249d-336d-4e47-98f3-7f8aa22acbf1.png","contentUrl":"https:\/\/bepet.pet\/loja\/wp-content\/uploads\/2023\/12\/p7f71249d-336d-4e47-98f3-7f8aa22acbf1.png","width":250,"height":354},{"@type":"BreadcrumbList","@id":"https:\/\/bepet.pet\/loja\/produto\/racao-royal-canin-hypoallergenic-small-dog-caes-adultos-2kg\/#breadcrumb","itemListElement":[{"@type":"ListItem","position":1,"name":"Home","item":"https:\/\/bepet.pet\/loja\/"},{"@type":"ListItem","position":2,"name":"Shop","item":"https:\/\/bepet.pet\/loja\/shop-2\/"},{"@type":"ListItem","position":3,"name":"Ra\u00e7\u00e3o Royal Canin Hypoallergenic Small Dog C\u00e3es Adultos 2kg"}]},{"@type":"WebSite","@id":"https:\/\/bepet.pet\/loja\/#website","url":"https:\/\/bepet.pet\/loja\/","name":"BePet","description":"Nossa vida \u00e9 cuidar do seu pet","publisher":{"@id":"https:\/\/bepet.pet\/loja\/#organization"},"potentialAction":[{"@type":"SearchAction","target":{"@type":"EntryPoint","urlTemplate":"https:\/\/bepet.pet\/loja\/?s={search_term_string}"},"query-input":{"@type":"PropertyValueSpecification","valueRequired":true,"valueName":"search_term_string"}}],"inLanguage":"pt-BR"},{"@type":"Organization","@id":"https:\/\/bepet.pet\/loja\/#organization","name":"BePet","url":"https:\/\/bepet.pet\/loja\/","logo":{"@type":"ImageObject","inLanguage":"pt-BR","@id":"https:\/\/bepet.pet\/loja\/#\/schema\/logo\/image\/","url":"https:\/\/bepet.pet\/loja\/wp-content\/uploads\/2020\/10\/logo.jpg","contentUrl":"https:\/\/bepet.pet\/loja\/wp-content\/uploads\/2020\/10\/logo.jpg","width":100,"height":99,"caption":"BePet"},"image":{"@id":"https:\/\/bepet.pet\/loja\/#\/schema\/logo\/image\/"}}]}},"jetpack_sharing_enabled":true,"_links":{"self":[{"href":"https:\/\/bepet.pet\/loja\/wp-json\/wp\/v2\/product\/9211","targetHints":{"allow":["GET"]}}],"collection":[{"href":"https:\/\/bepet.pet\/loja\/wp-json\/wp\/v2\/product"}],"about":[{"href":"https:\/\/bepet.pet\/loja\/wp-json\/wp\/v2\/types\/product"}],"replies":[{"embeddable":true,"href":"https:\/\/bepet.pet\/loja\/wp-json\/wp\/v2\/comments?post=9211"}],"wp:featuredmedia":[{"embeddable":true,"href":"https:\/\/bepet.pet\/loja\/wp-json\/wp\/v2\/media\/9210"}],"wp:attachment":[{"href":"https:\/\/bepet.pet\/loja\/wp-json\/wp\/v2\/media?parent=9211"}],"wp:term":[{"taxonomy":"product_brand","embeddable":true,"href":"https:\/\/bepet.pet\/loja\/wp-json\/wp\/v2\/product_brand?post=9211"},{"taxonomy":"product_cat","embeddable":true,"href":"https:\/\/bepet.pet\/loja\/wp-json\/wp\/v2\/product_cat?post=9211"},{"taxonomy":"product_tag","embeddable":true,"href":"https:\/\/bepet.pet\/loja\/wp-json\/wp\/v2\/product_tag?post=9211"}],"curies":[{"name":"wp","href":"https:\/\/api.w.org\/{rel}","templated":true}]}}