{"id":9203,"date":"2023-12-15T16:32:37","date_gmt":"2023-12-15T19:32:37","guid":{"rendered":"https:\/\/bepet.pet\/loja\/produto\/racao-golden-special-para-caes-adultos-frango-e-carne-15kg\/"},"modified":"2025-12-10T17:03:58","modified_gmt":"2025-12-10T20:03:58","slug":"racao-golden-special-para-caes-adultos-frango-e-carne-15kg","status":"publish","type":"product","link":"https:\/\/bepet.pet\/loja\/produto\/racao-golden-special-para-caes-adultos-frango-e-carne-15kg\/","title":{"rendered":"Ra\u00e7\u00e3o Golden Special para C\u00e3es Adultos Frango e Carne 15kg"},"content":{"rendered":"<p>A ra\u00e7\u00e3o Golden Special para C\u00e3es Adultos Frango e Carne 15kg \u00e9 a escolha perfeita para garantir a sa\u00fade e o bem-estar do seu c\u00e3o. Desenvolvida com ingredientes de alta qualidade, essa ra\u00e7\u00e3o proporciona todos os nutrientes necess\u00e1rios para uma alimenta\u00e7\u00e3o balanceada.<\/p>\n<p>Com um sabor irresist\u00edvel de frango e carne, essa ra\u00e7\u00e3o vai deixar o seu c\u00e3o ainda mais animado para as refei\u00e7\u00f5es. Al\u00e9m disso, ela conta com uma formula\u00e7\u00e3o especial que ajuda a manter a sa\u00fade da pele e do pelo, garantindo um aspecto brilhante e sedoso.<\/p>\n<p>A Golden Special para C\u00e3es Adultos Frango e Carne 15kg tamb\u00e9m \u00e9 enriquecida com vitaminas e minerais essenciais, que contribuem para o fortalecimento do sistema imunol\u00f3gico e para a sa\u00fade dos ossos e dentes. Seu c\u00e3o ficar\u00e1 mais resistente a doen\u00e7as e ter\u00e1 uma vida mais saud\u00e1vel.<\/p>\n<p>Essa ra\u00e7\u00e3o tamb\u00e9m possui um alto teor de prote\u00ednas, provenientes do frango e da carne, que s\u00e3o importantes para o desenvolvimento e manuten\u00e7\u00e3o dos m\u00fasculos. Seu c\u00e3o ter\u00e1 toda a energia necess\u00e1ria para brincar, correr e se divertir.<\/p>\n<p>Al\u00e9m disso, a Golden Special para C\u00e3es Adultos Frango e Carne 15kg \u00e9 de f\u00e1cil digest\u00e3o, o que garante uma melhor absor\u00e7\u00e3o dos nutrientes e evita problemas gastrointestinais.<\/p>\n<p>Agora voc\u00ea pode oferecer ao seu c\u00e3o uma alimenta\u00e7\u00e3o de qualidade, com sabor e todos os nutrientes que ele precisa. A ra\u00e7\u00e3o Golden Special para C\u00e3es Adultos Frango e Carne 15kg est\u00e1 dispon\u00edvel em nosso e-commerce, garantindo praticidade e comodidade na hora de adquirir o produto.<\/p>\n<p>Invista na sa\u00fade e no bem-estar do seu c\u00e3o, escolha a ra\u00e7\u00e3o Golden Special para C\u00e3es Adultos Frango e Carne 15kg. Seu amigo de quatro patas vai adorar e voc\u00ea ter\u00e1 a certeza de estar oferecendo o melhor para ele.<\/p>\n","protected":false},"excerpt":{"rendered":"<p>A ra\u00e7\u00e3o Golden Special para C\u00e3es Adultos Frango e Carne 15kg \u00e9 a escolha perfeita para garantir a sa\u00fade e o bem-estar do seu c\u00e3o. Desenvolvida com ingredientes de alta qualidade, essa ra\u00e7\u00e3o proporciona todos os nutrientes necess\u00e1rios para uma alimenta\u00e7\u00e3o balanceada. Com um sabor irresist\u00edvel de frango e carne, essa ra\u00e7\u00e3o vai deixar o seu c\u00e3o ainda mais animado para as refei\u00e7\u00f5es. Al\u00e9m disso, ela conta com uma formula\u00e7\u00e3o especial que ajuda a manter a sa\u00fade da pele e do pelo, garantindo um aspecto brilhante e sedoso. A Golden Special para C\u00e3es Adultos Frango e Carne 15kg tamb\u00e9m \u00e9 enriquecida com vitaminas e minerais essenciais, que contribuem para o fortalecimento do sistema imunol\u00f3gico e para a sa\u00fade dos ossos e dentes. Seu c\u00e3o ficar\u00e1 mais resistente a doen\u00e7as e ter\u00e1 uma vida mais saud\u00e1vel. Essa ra\u00e7\u00e3o tamb\u00e9m possui um alto teor de prote\u00ednas, provenientes do frango e da carne, que s\u00e3o importantes para o desenvolvimento e manuten\u00e7\u00e3o dos m\u00fasculos. Seu c\u00e3o ter\u00e1 toda a energia necess\u00e1ria para brincar, correr e se divertir. Al\u00e9m disso, a Golden Special para C\u00e3es Adultos Frango e Carne 15kg \u00e9 de f\u00e1cil digest\u00e3o, o que garante uma melhor absor\u00e7\u00e3o dos nutrientes e evita problemas&hellip; <a class=\"read-more-link\" href=\"https:\/\/bepet.pet\/loja\/produto\/racao-golden-special-para-caes-adultos-frango-e-carne-15kg\/\">Read More<\/a><\/p>\n","protected":false},"featured_media":9202,"comment_status":"open","ping_status":"closed","template":"","meta":{"_kadence_starter_templates_imported_post":false},"product_brand":[],"product_cat":[121,130],"product_tag":[],"class_list":{"0":"post-9203","1":"product","2":"type-product","3":"status-publish","4":"has-post-thumbnail","6":"product_cat-racoes","7":"product_cat-secas-caes","10":"first","11":"instock","12":"shipping-taxable","13":"purchasable","14":"product-type-simple"},"yoast_head":"<!-- This site is optimized with the Yoast SEO plugin v25.5 - https:\/\/yoast.com\/wordpress\/plugins\/seo\/ -->\n<title>Ra\u00e7\u00e3o Golden Special para C\u00e3es Adultos Frango e Carne 15kg - BePet<\/title>\n<meta name=\"robots\" content=\"index, follow, max-snippet:-1, max-image-preview:large, max-video-preview:-1\" \/>\n<link rel=\"canonical\" href=\"https:\/\/bepet.pet\/loja\/produto\/racao-golden-special-para-caes-adultos-frango-e-carne-15kg\/\" \/>\n<meta property=\"og:locale\" content=\"pt_BR\" \/>\n<meta property=\"og:type\" content=\"article\" \/>\n<meta property=\"og:title\" content=\"Ra\u00e7\u00e3o Golden Special para C\u00e3es Adultos Frango e Carne 15kg - BePet\" \/>\n<meta property=\"og:description\" content=\"A ra\u00e7\u00e3o Golden Special para C\u00e3es Adultos Frango e Carne 15kg \u00e9 a escolha perfeita para garantir a sa\u00fade e o bem-estar do seu c\u00e3o. Desenvolvida com ingredientes de alta qualidade, essa ra\u00e7\u00e3o proporciona todos os nutrientes necess\u00e1rios para uma alimenta\u00e7\u00e3o balanceada. Com um sabor irresist\u00edvel de frango e carne, essa ra\u00e7\u00e3o vai deixar o seu c\u00e3o ainda mais animado para as refei\u00e7\u00f5es. Al\u00e9m disso, ela conta com uma formula\u00e7\u00e3o especial que ajuda a manter a sa\u00fade da pele e do pelo, garantindo um aspecto brilhante e sedoso. A Golden Special para C\u00e3es Adultos Frango e Carne 15kg tamb\u00e9m \u00e9 enriquecida com vitaminas e minerais essenciais, que contribuem para o fortalecimento do sistema imunol\u00f3gico e para a sa\u00fade dos ossos e dentes. Seu c\u00e3o ficar\u00e1 mais resistente a doen\u00e7as e ter\u00e1 uma vida mais saud\u00e1vel. Essa ra\u00e7\u00e3o tamb\u00e9m possui um alto teor de prote\u00ednas, provenientes do frango e da carne, que s\u00e3o importantes para o desenvolvimento e manuten\u00e7\u00e3o dos m\u00fasculos. Seu c\u00e3o ter\u00e1 toda a energia necess\u00e1ria para brincar, correr e se divertir. Al\u00e9m disso, a Golden Special para C\u00e3es Adultos Frango e Carne 15kg \u00e9 de f\u00e1cil digest\u00e3o, o que garante uma melhor absor\u00e7\u00e3o dos nutrientes e evita problemas&hellip; Read More\" \/>\n<meta property=\"og:url\" content=\"https:\/\/bepet.pet\/loja\/produto\/racao-golden-special-para-caes-adultos-frango-e-carne-15kg\/\" \/>\n<meta property=\"og:site_name\" content=\"BePet\" \/>\n<meta property=\"article:modified_time\" content=\"2025-12-10T20:03:58+00:00\" \/>\n<meta property=\"og:image\" content=\"https:\/\/bepet.pet\/loja\/wp-content\/uploads\/2023\/12\/Design-sem-nome-37.png\" \/>\n\t<meta property=\"og:image:width\" content=\"600\" \/>\n\t<meta property=\"og:image:height\" content=\"400\" \/>\n\t<meta property=\"og:image:type\" content=\"image\/png\" \/>\n<meta name=\"twitter:card\" content=\"summary_large_image\" \/>\n<meta name=\"twitter:label1\" content=\"Est. tempo de leitura\" \/>\n\t<meta name=\"twitter:data1\" content=\"2 minutos\" \/>\n<script type=\"application\/ld+json\" class=\"yoast-schema-graph\">{\"@context\":\"https:\/\/schema.org\",\"@graph\":[{\"@type\":\"WebPage\",\"@id\":\"https:\/\/bepet.pet\/loja\/produto\/racao-golden-special-para-caes-adultos-frango-e-carne-15kg\/\",\"url\":\"https:\/\/bepet.pet\/loja\/produto\/racao-golden-special-para-caes-adultos-frango-e-carne-15kg\/\",\"name\":\"Ra\u00e7\u00e3o Golden Special para C\u00e3es Adultos Frango e Carne 15kg - BePet\",\"isPartOf\":{\"@id\":\"https:\/\/bepet.pet\/loja\/#website\"},\"primaryImageOfPage\":{\"@id\":\"https:\/\/bepet.pet\/loja\/produto\/racao-golden-special-para-caes-adultos-frango-e-carne-15kg\/#primaryimage\"},\"image\":{\"@id\":\"https:\/\/bepet.pet\/loja\/produto\/racao-golden-special-para-caes-adultos-frango-e-carne-15kg\/#primaryimage\"},\"thumbnailUrl\":\"https:\/\/bepet.pet\/loja\/wp-content\/uploads\/2023\/12\/p6cd8b9dd-7655-4417-b2a3-e0a40e7b91bc.png\",\"datePublished\":\"2023-12-15T19:32:37+00:00\",\"dateModified\":\"2025-12-10T20:03:58+00:00\",\"breadcrumb\":{\"@id\":\"https:\/\/bepet.pet\/loja\/produto\/racao-golden-special-para-caes-adultos-frango-e-carne-15kg\/#breadcrumb\"},\"inLanguage\":\"pt-BR\",\"potentialAction\":[{\"@type\":\"ReadAction\",\"target\":[\"https:\/\/bepet.pet\/loja\/produto\/racao-golden-special-para-caes-adultos-frango-e-carne-15kg\/\"]}]},{\"@type\":\"ImageObject\",\"inLanguage\":\"pt-BR\",\"@id\":\"https:\/\/bepet.pet\/loja\/produto\/racao-golden-special-para-caes-adultos-frango-e-carne-15kg\/#primaryimage\",\"url\":\"https:\/\/bepet.pet\/loja\/wp-content\/uploads\/2023\/12\/p6cd8b9dd-7655-4417-b2a3-e0a40e7b91bc.png\",\"contentUrl\":\"https:\/\/bepet.pet\/loja\/wp-content\/uploads\/2023\/12\/p6cd8b9dd-7655-4417-b2a3-e0a40e7b91bc.png\",\"width\":196,\"height\":400},{\"@type\":\"BreadcrumbList\",\"@id\":\"https:\/\/bepet.pet\/loja\/produto\/racao-golden-special-para-caes-adultos-frango-e-carne-15kg\/#breadcrumb\",\"itemListElement\":[{\"@type\":\"ListItem\",\"position\":1,\"name\":\"Home\",\"item\":\"https:\/\/bepet.pet\/loja\/\"},{\"@type\":\"ListItem\",\"position\":2,\"name\":\"Shop\",\"item\":\"https:\/\/bepet.pet\/loja\/shop-2\/\"},{\"@type\":\"ListItem\",\"position\":3,\"name\":\"Ra\u00e7\u00e3o Golden Special para C\u00e3es Adultos Frango e Carne 15kg\"}]},{\"@type\":\"WebSite\",\"@id\":\"https:\/\/bepet.pet\/loja\/#website\",\"url\":\"https:\/\/bepet.pet\/loja\/\",\"name\":\"BePet\",\"description\":\"Nossa vida \u00e9 cuidar do seu pet\",\"publisher\":{\"@id\":\"https:\/\/bepet.pet\/loja\/#organization\"},\"potentialAction\":[{\"@type\":\"SearchAction\",\"target\":{\"@type\":\"EntryPoint\",\"urlTemplate\":\"https:\/\/bepet.pet\/loja\/?s={search_term_string}\"},\"query-input\":{\"@type\":\"PropertyValueSpecification\",\"valueRequired\":true,\"valueName\":\"search_term_string\"}}],\"inLanguage\":\"pt-BR\"},{\"@type\":\"Organization\",\"@id\":\"https:\/\/bepet.pet\/loja\/#organization\",\"name\":\"BePet\",\"url\":\"https:\/\/bepet.pet\/loja\/\",\"logo\":{\"@type\":\"ImageObject\",\"inLanguage\":\"pt-BR\",\"@id\":\"https:\/\/bepet.pet\/loja\/#\/schema\/logo\/image\/\",\"url\":\"https:\/\/bepet.pet\/loja\/wp-content\/uploads\/2020\/10\/logo.jpg\",\"contentUrl\":\"https:\/\/bepet.pet\/loja\/wp-content\/uploads\/2020\/10\/logo.jpg\",\"width\":100,\"height\":99,\"caption\":\"BePet\"},\"image\":{\"@id\":\"https:\/\/bepet.pet\/loja\/#\/schema\/logo\/image\/\"}}]}<\/script>\n<!-- \/ Yoast SEO plugin. -->","yoast_head_json":{"title":"Ra\u00e7\u00e3o Golden Special para C\u00e3es Adultos Frango e Carne 15kg - BePet","robots":{"index":"index","follow":"follow","max-snippet":"max-snippet:-1","max-image-preview":"max-image-preview:large","max-video-preview":"max-video-preview:-1"},"canonical":"https:\/\/bepet.pet\/loja\/produto\/racao-golden-special-para-caes-adultos-frango-e-carne-15kg\/","og_locale":"pt_BR","og_type":"article","og_title":"Ra\u00e7\u00e3o Golden Special para C\u00e3es Adultos Frango e Carne 15kg - BePet","og_description":"A ra\u00e7\u00e3o Golden Special para C\u00e3es Adultos Frango e Carne 15kg \u00e9 a escolha perfeita para garantir a sa\u00fade e o bem-estar do seu c\u00e3o. Desenvolvida com ingredientes de alta qualidade, essa ra\u00e7\u00e3o proporciona todos os nutrientes necess\u00e1rios para uma alimenta\u00e7\u00e3o balanceada. Com um sabor irresist\u00edvel de frango e carne, essa ra\u00e7\u00e3o vai deixar o seu c\u00e3o ainda mais animado para as refei\u00e7\u00f5es. Al\u00e9m disso, ela conta com uma formula\u00e7\u00e3o especial que ajuda a manter a sa\u00fade da pele e do pelo, garantindo um aspecto brilhante e sedoso. A Golden Special para C\u00e3es Adultos Frango e Carne 15kg tamb\u00e9m \u00e9 enriquecida com vitaminas e minerais essenciais, que contribuem para o fortalecimento do sistema imunol\u00f3gico e para a sa\u00fade dos ossos e dentes. Seu c\u00e3o ficar\u00e1 mais resistente a doen\u00e7as e ter\u00e1 uma vida mais saud\u00e1vel. Essa ra\u00e7\u00e3o tamb\u00e9m possui um alto teor de prote\u00ednas, provenientes do frango e da carne, que s\u00e3o importantes para o desenvolvimento e manuten\u00e7\u00e3o dos m\u00fasculos. Seu c\u00e3o ter\u00e1 toda a energia necess\u00e1ria para brincar, correr e se divertir. Al\u00e9m disso, a Golden Special para C\u00e3es Adultos Frango e Carne 15kg \u00e9 de f\u00e1cil digest\u00e3o, o que garante uma melhor absor\u00e7\u00e3o dos nutrientes e evita problemas&hellip; Read More","og_url":"https:\/\/bepet.pet\/loja\/produto\/racao-golden-special-para-caes-adultos-frango-e-carne-15kg\/","og_site_name":"BePet","article_modified_time":"2025-12-10T20:03:58+00:00","og_image":[{"width":600,"height":400,"url":"https:\/\/bepet.pet\/loja\/wp-content\/uploads\/2023\/12\/Design-sem-nome-37.png","type":"image\/png"}],"twitter_card":"summary_large_image","twitter_misc":{"Est. tempo de leitura":"2 minutos"},"schema":{"@context":"https:\/\/schema.org","@graph":[{"@type":"WebPage","@id":"https:\/\/bepet.pet\/loja\/produto\/racao-golden-special-para-caes-adultos-frango-e-carne-15kg\/","url":"https:\/\/bepet.pet\/loja\/produto\/racao-golden-special-para-caes-adultos-frango-e-carne-15kg\/","name":"Ra\u00e7\u00e3o Golden Special para C\u00e3es Adultos Frango e Carne 15kg - BePet","isPartOf":{"@id":"https:\/\/bepet.pet\/loja\/#website"},"primaryImageOfPage":{"@id":"https:\/\/bepet.pet\/loja\/produto\/racao-golden-special-para-caes-adultos-frango-e-carne-15kg\/#primaryimage"},"image":{"@id":"https:\/\/bepet.pet\/loja\/produto\/racao-golden-special-para-caes-adultos-frango-e-carne-15kg\/#primaryimage"},"thumbnailUrl":"https:\/\/bepet.pet\/loja\/wp-content\/uploads\/2023\/12\/p6cd8b9dd-7655-4417-b2a3-e0a40e7b91bc.png","datePublished":"2023-12-15T19:32:37+00:00","dateModified":"2025-12-10T20:03:58+00:00","breadcrumb":{"@id":"https:\/\/bepet.pet\/loja\/produto\/racao-golden-special-para-caes-adultos-frango-e-carne-15kg\/#breadcrumb"},"inLanguage":"pt-BR","potentialAction":[{"@type":"ReadAction","target":["https:\/\/bepet.pet\/loja\/produto\/racao-golden-special-para-caes-adultos-frango-e-carne-15kg\/"]}]},{"@type":"ImageObject","inLanguage":"pt-BR","@id":"https:\/\/bepet.pet\/loja\/produto\/racao-golden-special-para-caes-adultos-frango-e-carne-15kg\/#primaryimage","url":"https:\/\/bepet.pet\/loja\/wp-content\/uploads\/2023\/12\/p6cd8b9dd-7655-4417-b2a3-e0a40e7b91bc.png","contentUrl":"https:\/\/bepet.pet\/loja\/wp-content\/uploads\/2023\/12\/p6cd8b9dd-7655-4417-b2a3-e0a40e7b91bc.png","width":196,"height":400},{"@type":"BreadcrumbList","@id":"https:\/\/bepet.pet\/loja\/produto\/racao-golden-special-para-caes-adultos-frango-e-carne-15kg\/#breadcrumb","itemListElement":[{"@type":"ListItem","position":1,"name":"Home","item":"https:\/\/bepet.pet\/loja\/"},{"@type":"ListItem","position":2,"name":"Shop","item":"https:\/\/bepet.pet\/loja\/shop-2\/"},{"@type":"ListItem","position":3,"name":"Ra\u00e7\u00e3o Golden Special para C\u00e3es Adultos Frango e Carne 15kg"}]},{"@type":"WebSite","@id":"https:\/\/bepet.pet\/loja\/#website","url":"https:\/\/bepet.pet\/loja\/","name":"BePet","description":"Nossa vida \u00e9 cuidar do seu pet","publisher":{"@id":"https:\/\/bepet.pet\/loja\/#organization"},"potentialAction":[{"@type":"SearchAction","target":{"@type":"EntryPoint","urlTemplate":"https:\/\/bepet.pet\/loja\/?s={search_term_string}"},"query-input":{"@type":"PropertyValueSpecification","valueRequired":true,"valueName":"search_term_string"}}],"inLanguage":"pt-BR"},{"@type":"Organization","@id":"https:\/\/bepet.pet\/loja\/#organization","name":"BePet","url":"https:\/\/bepet.pet\/loja\/","logo":{"@type":"ImageObject","inLanguage":"pt-BR","@id":"https:\/\/bepet.pet\/loja\/#\/schema\/logo\/image\/","url":"https:\/\/bepet.pet\/loja\/wp-content\/uploads\/2020\/10\/logo.jpg","contentUrl":"https:\/\/bepet.pet\/loja\/wp-content\/uploads\/2020\/10\/logo.jpg","width":100,"height":99,"caption":"BePet"},"image":{"@id":"https:\/\/bepet.pet\/loja\/#\/schema\/logo\/image\/"}}]}},"jetpack_sharing_enabled":true,"_links":{"self":[{"href":"https:\/\/bepet.pet\/loja\/wp-json\/wp\/v2\/product\/9203","targetHints":{"allow":["GET"]}}],"collection":[{"href":"https:\/\/bepet.pet\/loja\/wp-json\/wp\/v2\/product"}],"about":[{"href":"https:\/\/bepet.pet\/loja\/wp-json\/wp\/v2\/types\/product"}],"replies":[{"embeddable":true,"href":"https:\/\/bepet.pet\/loja\/wp-json\/wp\/v2\/comments?post=9203"}],"wp:featuredmedia":[{"embeddable":true,"href":"https:\/\/bepet.pet\/loja\/wp-json\/wp\/v2\/media\/9202"}],"wp:attachment":[{"href":"https:\/\/bepet.pet\/loja\/wp-json\/wp\/v2\/media?parent=9203"}],"wp:term":[{"taxonomy":"product_brand","embeddable":true,"href":"https:\/\/bepet.pet\/loja\/wp-json\/wp\/v2\/product_brand?post=9203"},{"taxonomy":"product_cat","embeddable":true,"href":"https:\/\/bepet.pet\/loja\/wp-json\/wp\/v2\/product_cat?post=9203"},{"taxonomy":"product_tag","embeddable":true,"href":"https:\/\/bepet.pet\/loja\/wp-json\/wp\/v2\/product_tag?post=9203"}],"curies":[{"name":"wp","href":"https:\/\/api.w.org\/{rel}","templated":true}]}}