{"id":9197,"date":"2023-12-15T16:23:49","date_gmt":"2023-12-15T19:23:49","guid":{"rendered":"https:\/\/bepet.pet\/loja\/produto\/racao-frost-caes-adultos-racas-grandes-15kg\/"},"modified":"2025-12-10T16:53:00","modified_gmt":"2025-12-10T19:53:00","slug":"racao-frost-ad-ml-15-kg","status":"publish","type":"product","link":"https:\/\/bepet.pet\/loja\/produto\/racao-frost-ad-ml-15-kg\/","title":{"rendered":"RA\u00c7\u00c3O FROST AD M&amp;L 15 KG"},"content":{"rendered":"<p>Agora voc\u00ea pode oferecer ao seu fiel companheiro o melhor alimento para garantir sua sa\u00fade e vitalidade. Apresentamos a ra\u00e7\u00e3o Frost C\u00e3es Adultos Ra\u00e7as Grandes, dispon\u00edvel em embalagem de 15kg, especialmente desenvolvida para atender \u00e0s necessidades nutricionais espec\u00edficas dos c\u00e3es de porte grande.<\/p>\n<p>Com uma f\u00f3rmula balanceada e ingredientes de alta qualidade, a ra\u00e7\u00e3o Frost proporciona uma alimenta\u00e7\u00e3o completa e equilibrada, garantindo que seu c\u00e3o receba todos os nutrientes necess\u00e1rios para uma vida saud\u00e1vel. Seus componentes selecionados, como prote\u00ednas de origem animal, vitaminas e minerais essenciais, contribuem para o fortalecimento dos ossos, m\u00fasculos e sistema imunol\u00f3gico do seu pet.<\/p>\n<p>Al\u00e9m disso, a ra\u00e7\u00e3o Frost C\u00e3es Adultos Ra\u00e7as Grandes \u00e9 formulada com ingredientes de f\u00e1cil digest\u00e3o, o que facilita a absor\u00e7\u00e3o dos nutrientes pelo organismo do seu c\u00e3o. Isso resulta em uma melhor assimila\u00e7\u00e3o dos alimentos, evitando desconfortos digestivos e garantindo uma sa\u00fade intestinal equilibrada.<\/p>\n<p>A embalagem de 15kg \u00e9 ideal para fam\u00edlias que possuem c\u00e3es de porte grande, garantindo um suprimento adequado de alimento por um longo per\u00edodo de tempo. Al\u00e9m disso, a ra\u00e7\u00e3o Frost possui uma excelente rela\u00e7\u00e3o custo-benef\u00edcio, oferecendo um produto de qualidade a um pre\u00e7o acess\u00edvel.<\/p>\n<p>N\u00e3o perca mais tempo e proporcione ao seu c\u00e3o o alimento que ele merece. Adquira agora mesmo a ra\u00e7\u00e3o Frost C\u00e3es Adultos Ra\u00e7as Grandes 15kg e proporcione uma vida saud\u00e1vel e feliz ao seu fiel amigo. Acesse nosso website e_Commerce e fa\u00e7a seu pedido hoje mesmo. Seu c\u00e3o ir\u00e1 agradecer!<\/p>\n","protected":false},"excerpt":{"rendered":"<p>Agora voc\u00ea pode oferecer ao seu fiel companheiro o melhor alimento para garantir sua sa\u00fade e vitalidade. Apresentamos a ra\u00e7\u00e3o Frost C\u00e3es Adultos Ra\u00e7as Grandes, dispon\u00edvel em embalagem de 15kg, especialmente desenvolvida para atender \u00e0s necessidades nutricionais espec\u00edficas dos c\u00e3es de porte grande. Com uma f\u00f3rmula balanceada e ingredientes de alta qualidade, a ra\u00e7\u00e3o Frost proporciona uma alimenta\u00e7\u00e3o completa e equilibrada, garantindo que seu c\u00e3o receba todos os nutrientes necess\u00e1rios para uma vida saud\u00e1vel. Seus componentes selecionados, como prote\u00ednas de origem animal, vitaminas e minerais essenciais, contribuem para o fortalecimento dos ossos, m\u00fasculos e sistema imunol\u00f3gico do seu pet. Al\u00e9m disso, a ra\u00e7\u00e3o Frost C\u00e3es Adultos Ra\u00e7as Grandes \u00e9 formulada com ingredientes de f\u00e1cil digest\u00e3o, o que facilita a absor\u00e7\u00e3o dos nutrientes pelo organismo do seu c\u00e3o. Isso resulta em uma melhor assimila\u00e7\u00e3o dos alimentos, evitando desconfortos digestivos e garantindo uma sa\u00fade intestinal equilibrada. A embalagem de 15kg \u00e9 ideal para fam\u00edlias que possuem c\u00e3es de porte grande, garantindo um suprimento adequado de alimento por um longo per\u00edodo de tempo. Al\u00e9m disso, a ra\u00e7\u00e3o Frost possui uma excelente rela\u00e7\u00e3o custo-benef\u00edcio, oferecendo um produto de qualidade a um pre\u00e7o acess\u00edvel. N\u00e3o perca mais tempo e proporcione ao seu c\u00e3o o alimento&hellip; <a class=\"read-more-link\" href=\"https:\/\/bepet.pet\/loja\/produto\/racao-frost-ad-ml-15-kg\/\">Read More<\/a><\/p>\n","protected":false},"featured_media":10803,"comment_status":"open","ping_status":"closed","template":"","meta":{"_kadence_starter_templates_imported_post":false},"product_brand":[],"product_cat":[121,130],"product_tag":[],"class_list":{"0":"post-9197","1":"product","2":"type-product","3":"status-publish","4":"has-post-thumbnail","6":"product_cat-racoes","7":"product_cat-secas-caes","10":"first","11":"instock","12":"shipping-taxable","13":"purchasable","14":"product-type-simple"},"yoast_head":"<!-- This site is optimized with the Yoast SEO plugin v25.5 - https:\/\/yoast.com\/wordpress\/plugins\/seo\/ -->\n<title>RA\u00c7\u00c3O FROST AD M&amp;L 15 KG - BePet<\/title>\n<meta name=\"robots\" content=\"index, follow, max-snippet:-1, max-image-preview:large, max-video-preview:-1\" \/>\n<link rel=\"canonical\" href=\"https:\/\/bepet.pet\/loja\/produto\/racao-frost-ad-ml-15-kg\/\" \/>\n<meta property=\"og:locale\" content=\"pt_BR\" \/>\n<meta property=\"og:type\" content=\"article\" \/>\n<meta property=\"og:title\" content=\"RA\u00c7\u00c3O FROST AD M&amp;L 15 KG - BePet\" \/>\n<meta property=\"og:description\" content=\"Agora voc\u00ea pode oferecer ao seu fiel companheiro o melhor alimento para garantir sua sa\u00fade e vitalidade. Apresentamos a ra\u00e7\u00e3o Frost C\u00e3es Adultos Ra\u00e7as Grandes, dispon\u00edvel em embalagem de 15kg, especialmente desenvolvida para atender \u00e0s necessidades nutricionais espec\u00edficas dos c\u00e3es de porte grande. Com uma f\u00f3rmula balanceada e ingredientes de alta qualidade, a ra\u00e7\u00e3o Frost proporciona uma alimenta\u00e7\u00e3o completa e equilibrada, garantindo que seu c\u00e3o receba todos os nutrientes necess\u00e1rios para uma vida saud\u00e1vel. Seus componentes selecionados, como prote\u00ednas de origem animal, vitaminas e minerais essenciais, contribuem para o fortalecimento dos ossos, m\u00fasculos e sistema imunol\u00f3gico do seu pet. Al\u00e9m disso, a ra\u00e7\u00e3o Frost C\u00e3es Adultos Ra\u00e7as Grandes \u00e9 formulada com ingredientes de f\u00e1cil digest\u00e3o, o que facilita a absor\u00e7\u00e3o dos nutrientes pelo organismo do seu c\u00e3o. Isso resulta em uma melhor assimila\u00e7\u00e3o dos alimentos, evitando desconfortos digestivos e garantindo uma sa\u00fade intestinal equilibrada. A embalagem de 15kg \u00e9 ideal para fam\u00edlias que possuem c\u00e3es de porte grande, garantindo um suprimento adequado de alimento por um longo per\u00edodo de tempo. Al\u00e9m disso, a ra\u00e7\u00e3o Frost possui uma excelente rela\u00e7\u00e3o custo-benef\u00edcio, oferecendo um produto de qualidade a um pre\u00e7o acess\u00edvel. N\u00e3o perca mais tempo e proporcione ao seu c\u00e3o o alimento&hellip; Read More\" \/>\n<meta property=\"og:url\" content=\"https:\/\/bepet.pet\/loja\/produto\/racao-frost-ad-ml-15-kg\/\" \/>\n<meta property=\"og:site_name\" content=\"BePet\" \/>\n<meta property=\"article:modified_time\" content=\"2025-12-10T19:53:00+00:00\" \/>\n<meta property=\"og:image\" content=\"https:\/\/bepet.pet\/loja\/wp-content\/uploads\/2024\/04\/p9cd37cd3-0d34-4213-848e-ca6ed3ec004e.png\" \/>\n\t<meta property=\"og:image:width\" content=\"800\" \/>\n\t<meta property=\"og:image:height\" content=\"800\" \/>\n\t<meta property=\"og:image:type\" content=\"image\/png\" \/>\n<meta name=\"twitter:card\" content=\"summary_large_image\" \/>\n<meta name=\"twitter:label1\" content=\"Est. tempo de leitura\" \/>\n\t<meta name=\"twitter:data1\" content=\"2 minutos\" \/>\n<script type=\"application\/ld+json\" class=\"yoast-schema-graph\">{\"@context\":\"https:\/\/schema.org\",\"@graph\":[{\"@type\":\"WebPage\",\"@id\":\"https:\/\/bepet.pet\/loja\/produto\/racao-frost-ad-ml-15-kg\/\",\"url\":\"https:\/\/bepet.pet\/loja\/produto\/racao-frost-ad-ml-15-kg\/\",\"name\":\"RA\u00c7\u00c3O FROST AD M&amp;L 15 KG - BePet\",\"isPartOf\":{\"@id\":\"https:\/\/bepet.pet\/loja\/#website\"},\"primaryImageOfPage\":{\"@id\":\"https:\/\/bepet.pet\/loja\/produto\/racao-frost-ad-ml-15-kg\/#primaryimage\"},\"image\":{\"@id\":\"https:\/\/bepet.pet\/loja\/produto\/racao-frost-ad-ml-15-kg\/#primaryimage\"},\"thumbnailUrl\":\"https:\/\/bepet.pet\/loja\/wp-content\/uploads\/2024\/04\/p9cd37cd3-0d34-4213-848e-ca6ed3ec004e.png\",\"datePublished\":\"2023-12-15T19:23:49+00:00\",\"dateModified\":\"2025-12-10T19:53:00+00:00\",\"breadcrumb\":{\"@id\":\"https:\/\/bepet.pet\/loja\/produto\/racao-frost-ad-ml-15-kg\/#breadcrumb\"},\"inLanguage\":\"pt-BR\",\"potentialAction\":[{\"@type\":\"ReadAction\",\"target\":[\"https:\/\/bepet.pet\/loja\/produto\/racao-frost-ad-ml-15-kg\/\"]}]},{\"@type\":\"ImageObject\",\"inLanguage\":\"pt-BR\",\"@id\":\"https:\/\/bepet.pet\/loja\/produto\/racao-frost-ad-ml-15-kg\/#primaryimage\",\"url\":\"https:\/\/bepet.pet\/loja\/wp-content\/uploads\/2024\/04\/p9cd37cd3-0d34-4213-848e-ca6ed3ec004e.png\",\"contentUrl\":\"https:\/\/bepet.pet\/loja\/wp-content\/uploads\/2024\/04\/p9cd37cd3-0d34-4213-848e-ca6ed3ec004e.png\",\"width\":800,\"height\":800},{\"@type\":\"BreadcrumbList\",\"@id\":\"https:\/\/bepet.pet\/loja\/produto\/racao-frost-ad-ml-15-kg\/#breadcrumb\",\"itemListElement\":[{\"@type\":\"ListItem\",\"position\":1,\"name\":\"Home\",\"item\":\"https:\/\/bepet.pet\/loja\/\"},{\"@type\":\"ListItem\",\"position\":2,\"name\":\"Shop\",\"item\":\"https:\/\/bepet.pet\/loja\/shop-2\/\"},{\"@type\":\"ListItem\",\"position\":3,\"name\":\"RA\u00c7\u00c3O FROST AD M&amp;L 15 KG\"}]},{\"@type\":\"WebSite\",\"@id\":\"https:\/\/bepet.pet\/loja\/#website\",\"url\":\"https:\/\/bepet.pet\/loja\/\",\"name\":\"BePet\",\"description\":\"Nossa vida \u00e9 cuidar do seu pet\",\"publisher\":{\"@id\":\"https:\/\/bepet.pet\/loja\/#organization\"},\"potentialAction\":[{\"@type\":\"SearchAction\",\"target\":{\"@type\":\"EntryPoint\",\"urlTemplate\":\"https:\/\/bepet.pet\/loja\/?s={search_term_string}\"},\"query-input\":{\"@type\":\"PropertyValueSpecification\",\"valueRequired\":true,\"valueName\":\"search_term_string\"}}],\"inLanguage\":\"pt-BR\"},{\"@type\":\"Organization\",\"@id\":\"https:\/\/bepet.pet\/loja\/#organization\",\"name\":\"BePet\",\"url\":\"https:\/\/bepet.pet\/loja\/\",\"logo\":{\"@type\":\"ImageObject\",\"inLanguage\":\"pt-BR\",\"@id\":\"https:\/\/bepet.pet\/loja\/#\/schema\/logo\/image\/\",\"url\":\"https:\/\/bepet.pet\/loja\/wp-content\/uploads\/2020\/10\/logo.jpg\",\"contentUrl\":\"https:\/\/bepet.pet\/loja\/wp-content\/uploads\/2020\/10\/logo.jpg\",\"width\":100,\"height\":99,\"caption\":\"BePet\"},\"image\":{\"@id\":\"https:\/\/bepet.pet\/loja\/#\/schema\/logo\/image\/\"}}]}<\/script>\n<!-- \/ Yoast SEO plugin. -->","yoast_head_json":{"title":"RA\u00c7\u00c3O FROST AD M&amp;L 15 KG - BePet","robots":{"index":"index","follow":"follow","max-snippet":"max-snippet:-1","max-image-preview":"max-image-preview:large","max-video-preview":"max-video-preview:-1"},"canonical":"https:\/\/bepet.pet\/loja\/produto\/racao-frost-ad-ml-15-kg\/","og_locale":"pt_BR","og_type":"article","og_title":"RA\u00c7\u00c3O FROST AD M&amp;L 15 KG - BePet","og_description":"Agora voc\u00ea pode oferecer ao seu fiel companheiro o melhor alimento para garantir sua sa\u00fade e vitalidade. Apresentamos a ra\u00e7\u00e3o Frost C\u00e3es Adultos Ra\u00e7as Grandes, dispon\u00edvel em embalagem de 15kg, especialmente desenvolvida para atender \u00e0s necessidades nutricionais espec\u00edficas dos c\u00e3es de porte grande. Com uma f\u00f3rmula balanceada e ingredientes de alta qualidade, a ra\u00e7\u00e3o Frost proporciona uma alimenta\u00e7\u00e3o completa e equilibrada, garantindo que seu c\u00e3o receba todos os nutrientes necess\u00e1rios para uma vida saud\u00e1vel. Seus componentes selecionados, como prote\u00ednas de origem animal, vitaminas e minerais essenciais, contribuem para o fortalecimento dos ossos, m\u00fasculos e sistema imunol\u00f3gico do seu pet. Al\u00e9m disso, a ra\u00e7\u00e3o Frost C\u00e3es Adultos Ra\u00e7as Grandes \u00e9 formulada com ingredientes de f\u00e1cil digest\u00e3o, o que facilita a absor\u00e7\u00e3o dos nutrientes pelo organismo do seu c\u00e3o. Isso resulta em uma melhor assimila\u00e7\u00e3o dos alimentos, evitando desconfortos digestivos e garantindo uma sa\u00fade intestinal equilibrada. A embalagem de 15kg \u00e9 ideal para fam\u00edlias que possuem c\u00e3es de porte grande, garantindo um suprimento adequado de alimento por um longo per\u00edodo de tempo. Al\u00e9m disso, a ra\u00e7\u00e3o Frost possui uma excelente rela\u00e7\u00e3o custo-benef\u00edcio, oferecendo um produto de qualidade a um pre\u00e7o acess\u00edvel. N\u00e3o perca mais tempo e proporcione ao seu c\u00e3o o alimento&hellip; Read More","og_url":"https:\/\/bepet.pet\/loja\/produto\/racao-frost-ad-ml-15-kg\/","og_site_name":"BePet","article_modified_time":"2025-12-10T19:53:00+00:00","og_image":[{"width":800,"height":800,"url":"https:\/\/bepet.pet\/loja\/wp-content\/uploads\/2024\/04\/p9cd37cd3-0d34-4213-848e-ca6ed3ec004e.png","type":"image\/png"}],"twitter_card":"summary_large_image","twitter_misc":{"Est. tempo de leitura":"2 minutos"},"schema":{"@context":"https:\/\/schema.org","@graph":[{"@type":"WebPage","@id":"https:\/\/bepet.pet\/loja\/produto\/racao-frost-ad-ml-15-kg\/","url":"https:\/\/bepet.pet\/loja\/produto\/racao-frost-ad-ml-15-kg\/","name":"RA\u00c7\u00c3O FROST AD M&amp;L 15 KG - BePet","isPartOf":{"@id":"https:\/\/bepet.pet\/loja\/#website"},"primaryImageOfPage":{"@id":"https:\/\/bepet.pet\/loja\/produto\/racao-frost-ad-ml-15-kg\/#primaryimage"},"image":{"@id":"https:\/\/bepet.pet\/loja\/produto\/racao-frost-ad-ml-15-kg\/#primaryimage"},"thumbnailUrl":"https:\/\/bepet.pet\/loja\/wp-content\/uploads\/2024\/04\/p9cd37cd3-0d34-4213-848e-ca6ed3ec004e.png","datePublished":"2023-12-15T19:23:49+00:00","dateModified":"2025-12-10T19:53:00+00:00","breadcrumb":{"@id":"https:\/\/bepet.pet\/loja\/produto\/racao-frost-ad-ml-15-kg\/#breadcrumb"},"inLanguage":"pt-BR","potentialAction":[{"@type":"ReadAction","target":["https:\/\/bepet.pet\/loja\/produto\/racao-frost-ad-ml-15-kg\/"]}]},{"@type":"ImageObject","inLanguage":"pt-BR","@id":"https:\/\/bepet.pet\/loja\/produto\/racao-frost-ad-ml-15-kg\/#primaryimage","url":"https:\/\/bepet.pet\/loja\/wp-content\/uploads\/2024\/04\/p9cd37cd3-0d34-4213-848e-ca6ed3ec004e.png","contentUrl":"https:\/\/bepet.pet\/loja\/wp-content\/uploads\/2024\/04\/p9cd37cd3-0d34-4213-848e-ca6ed3ec004e.png","width":800,"height":800},{"@type":"BreadcrumbList","@id":"https:\/\/bepet.pet\/loja\/produto\/racao-frost-ad-ml-15-kg\/#breadcrumb","itemListElement":[{"@type":"ListItem","position":1,"name":"Home","item":"https:\/\/bepet.pet\/loja\/"},{"@type":"ListItem","position":2,"name":"Shop","item":"https:\/\/bepet.pet\/loja\/shop-2\/"},{"@type":"ListItem","position":3,"name":"RA\u00c7\u00c3O FROST AD M&amp;L 15 KG"}]},{"@type":"WebSite","@id":"https:\/\/bepet.pet\/loja\/#website","url":"https:\/\/bepet.pet\/loja\/","name":"BePet","description":"Nossa vida \u00e9 cuidar do seu pet","publisher":{"@id":"https:\/\/bepet.pet\/loja\/#organization"},"potentialAction":[{"@type":"SearchAction","target":{"@type":"EntryPoint","urlTemplate":"https:\/\/bepet.pet\/loja\/?s={search_term_string}"},"query-input":{"@type":"PropertyValueSpecification","valueRequired":true,"valueName":"search_term_string"}}],"inLanguage":"pt-BR"},{"@type":"Organization","@id":"https:\/\/bepet.pet\/loja\/#organization","name":"BePet","url":"https:\/\/bepet.pet\/loja\/","logo":{"@type":"ImageObject","inLanguage":"pt-BR","@id":"https:\/\/bepet.pet\/loja\/#\/schema\/logo\/image\/","url":"https:\/\/bepet.pet\/loja\/wp-content\/uploads\/2020\/10\/logo.jpg","contentUrl":"https:\/\/bepet.pet\/loja\/wp-content\/uploads\/2020\/10\/logo.jpg","width":100,"height":99,"caption":"BePet"},"image":{"@id":"https:\/\/bepet.pet\/loja\/#\/schema\/logo\/image\/"}}]}},"jetpack_sharing_enabled":true,"_links":{"self":[{"href":"https:\/\/bepet.pet\/loja\/wp-json\/wp\/v2\/product\/9197","targetHints":{"allow":["GET"]}}],"collection":[{"href":"https:\/\/bepet.pet\/loja\/wp-json\/wp\/v2\/product"}],"about":[{"href":"https:\/\/bepet.pet\/loja\/wp-json\/wp\/v2\/types\/product"}],"replies":[{"embeddable":true,"href":"https:\/\/bepet.pet\/loja\/wp-json\/wp\/v2\/comments?post=9197"}],"wp:featuredmedia":[{"embeddable":true,"href":"https:\/\/bepet.pet\/loja\/wp-json\/wp\/v2\/media\/10803"}],"wp:attachment":[{"href":"https:\/\/bepet.pet\/loja\/wp-json\/wp\/v2\/media?parent=9197"}],"wp:term":[{"taxonomy":"product_brand","embeddable":true,"href":"https:\/\/bepet.pet\/loja\/wp-json\/wp\/v2\/product_brand?post=9197"},{"taxonomy":"product_cat","embeddable":true,"href":"https:\/\/bepet.pet\/loja\/wp-json\/wp\/v2\/product_cat?post=9197"},{"taxonomy":"product_tag","embeddable":true,"href":"https:\/\/bepet.pet\/loja\/wp-json\/wp\/v2\/product_tag?post=9197"}],"curies":[{"name":"wp","href":"https:\/\/api.w.org\/{rel}","templated":true}]}}