{"id":9191,"date":"2023-12-13T17:05:06","date_gmt":"2023-12-13T20:05:06","guid":{"rendered":"https:\/\/bepet.pet\/loja\/produto\/regenerador-articular-vetnil-condroton-1000mg-60-comprimidos\/"},"modified":"2025-12-10T16:46:24","modified_gmt":"2025-12-10T19:46:24","slug":"regenerador-articular-vetnil-condroton-1000mg-60-comprimidos","status":"publish","type":"product","link":"https:\/\/bepet.pet\/loja\/produto\/regenerador-articular-vetnil-condroton-1000mg-60-comprimidos\/","title":{"rendered":"Regenerador Articular Vetnil Condroton 1000mg 60 Comprimidos"},"content":{"rendered":"<p>Regenerador Articular Vetnil Condroton 1000mg 60 Comprimidos: A solu\u00e7\u00e3o para o bem-estar do seu pet!<\/p>\n<p>Apresentamos o Regenerador Articular Vetnil Condroton 1000mg 60 Comprimidos, o produto que vai proporcionar uma vida mais saud\u00e1vel e ativa para o seu companheiro de quatro patas. Desenvolvido pela renomada marca Vetnil, refer\u00eancia no mercado veterin\u00e1rio, este regenerador articular \u00e9 a escolha ideal para cuidar das articula\u00e7\u00f5es do seu pet.<\/p>\n<p>Com o passar dos anos, assim como n\u00f3s humanos, os animais tamb\u00e9m podem sofrer com problemas articulares, que podem causar desconforto e limita\u00e7\u00f5es em suas atividades di\u00e1rias. Pensando nisso, a Vetnil criou o Condroton, um suplemento alimentar que auxilia na regenera\u00e7\u00e3o das articula\u00e7\u00f5es, promovendo maior flexibilidade e mobilidade para o seu pet.<\/p>\n<p>O Condroton \u00e9 composto por condroitina e glicosamina, subst\u00e2ncias essenciais para a sa\u00fade das articula\u00e7\u00f5es. Esses componentes atuam diretamente no combate \u00e0 degenera\u00e7\u00e3o da cartilagem, estimulando a produ\u00e7\u00e3o de l\u00edquido sinovial, respons\u00e1vel pela lubrifica\u00e7\u00e3o das articula\u00e7\u00f5es. Al\u00e9m disso, o produto possui a\u00e7\u00e3o anti-inflamat\u00f3ria, aliviando dores e reduzindo a inflama\u00e7\u00e3o nas articula\u00e7\u00f5es.<\/p>\n<p>Com uma f\u00f3rmula exclusiva e de alta qualidade, o Regenerador Articular Vetnil Condroton 1000mg 60 Comprimidos \u00e9 indicado para c\u00e3es de todas as ra\u00e7as e idades. Seja para preven\u00e7\u00e3o ou tratamento de problemas articulares, este produto \u00e9 a escolha certa para garantir o bem-estar do seu pet.<\/p>\n<p>Ao adquirir o Condroton, voc\u00ea estar\u00e1 investindo na sa\u00fade e qualidade de vida do seu animal de estima\u00e7\u00e3o. Com apenas 60 comprimidos, voc\u00ea ter\u00e1 um suplemento completo para um m\u00eas de tratamento. E para sua comodidade, o produto est\u00e1 dispon\u00edvel em nosso e-commerce, onde voc\u00ea pode realizar sua compra de forma r\u00e1pida, segura e receber diretamente em sua casa.<\/p>\n<p>N\u00e3o deixe que problemas articulares limitem a felicidade do seu pet. Invista no Regenerador Articular Vetnil Condroton 1000mg 60 Comprimidos e proporcione uma vida mais saud\u00e1vel e ativa para o seu companheiro de quatro patas. Afinal, ele merece todo o cuidado e carinho que voc\u00ea pode oferecer. Acesse nosso website e-commerce e garanta j\u00e1 o seu!<\/p>\n","protected":false},"excerpt":{"rendered":"<p>Regenerador Articular Vetnil Condroton 1000mg 60 Comprimidos: A solu\u00e7\u00e3o para o bem-estar do seu pet! Apresentamos o Regenerador Articular Vetnil Condroton 1000mg 60 Comprimidos, o produto que vai proporcionar uma vida mais saud\u00e1vel e ativa para o seu companheiro de quatro patas. Desenvolvido pela renomada marca Vetnil, refer\u00eancia no mercado veterin\u00e1rio, este regenerador articular \u00e9 a escolha ideal para cuidar das articula\u00e7\u00f5es do seu pet. Com o passar dos anos, assim como n\u00f3s humanos, os animais tamb\u00e9m podem sofrer com problemas articulares, que podem causar desconforto e limita\u00e7\u00f5es em suas atividades di\u00e1rias. Pensando nisso, a Vetnil criou o Condroton, um suplemento alimentar que auxilia na regenera\u00e7\u00e3o das articula\u00e7\u00f5es, promovendo maior flexibilidade e mobilidade para o seu pet. O Condroton \u00e9 composto por condroitina e glicosamina, subst\u00e2ncias essenciais para a sa\u00fade das articula\u00e7\u00f5es. Esses componentes atuam diretamente no combate \u00e0 degenera\u00e7\u00e3o da cartilagem, estimulando a produ\u00e7\u00e3o de l\u00edquido sinovial, respons\u00e1vel pela lubrifica\u00e7\u00e3o das articula\u00e7\u00f5es. Al\u00e9m disso, o produto possui a\u00e7\u00e3o anti-inflamat\u00f3ria, aliviando dores e reduzindo a inflama\u00e7\u00e3o nas articula\u00e7\u00f5es. Com uma f\u00f3rmula exclusiva e de alta qualidade, o Regenerador Articular Vetnil Condroton 1000mg 60 Comprimidos \u00e9 indicado para c\u00e3es de todas as ra\u00e7as e idades. Seja para preven\u00e7\u00e3o ou tratamento de&hellip; <a class=\"read-more-link\" href=\"https:\/\/bepet.pet\/loja\/produto\/regenerador-articular-vetnil-condroton-1000mg-60-comprimidos\/\">Read More<\/a><\/p>\n","protected":false},"featured_media":9190,"comment_status":"open","ping_status":"closed","template":"","meta":{"_kadence_starter_templates_imported_post":false},"product_brand":[],"product_cat":[141,120],"product_tag":[],"class_list":{"0":"post-9191","1":"product","2":"type-product","3":"status-publish","4":"has-post-thumbnail","6":"product_cat-anti-inflamatorios","7":"product_cat-medicamentos","10":"first","11":"instock","12":"shipping-taxable","13":"purchasable","14":"product-type-simple"},"yoast_head":"<!-- This site is optimized with the Yoast SEO plugin v25.5 - https:\/\/yoast.com\/wordpress\/plugins\/seo\/ -->\n<title>Regenerador Articular Vetnil Condroton 1000mg 60 Comprimidos - BePet<\/title>\n<meta name=\"robots\" content=\"index, follow, max-snippet:-1, max-image-preview:large, max-video-preview:-1\" \/>\n<link rel=\"canonical\" href=\"https:\/\/bepet.pet\/loja\/produto\/regenerador-articular-vetnil-condroton-1000mg-60-comprimidos\/\" \/>\n<meta property=\"og:locale\" content=\"pt_BR\" \/>\n<meta property=\"og:type\" content=\"article\" \/>\n<meta property=\"og:title\" content=\"Regenerador Articular Vetnil Condroton 1000mg 60 Comprimidos - BePet\" \/>\n<meta property=\"og:description\" content=\"Regenerador Articular Vetnil Condroton 1000mg 60 Comprimidos: A solu\u00e7\u00e3o para o bem-estar do seu pet! Apresentamos o Regenerador Articular Vetnil Condroton 1000mg 60 Comprimidos, o produto que vai proporcionar uma vida mais saud\u00e1vel e ativa para o seu companheiro de quatro patas. Desenvolvido pela renomada marca Vetnil, refer\u00eancia no mercado veterin\u00e1rio, este regenerador articular \u00e9 a escolha ideal para cuidar das articula\u00e7\u00f5es do seu pet. Com o passar dos anos, assim como n\u00f3s humanos, os animais tamb\u00e9m podem sofrer com problemas articulares, que podem causar desconforto e limita\u00e7\u00f5es em suas atividades di\u00e1rias. Pensando nisso, a Vetnil criou o Condroton, um suplemento alimentar que auxilia na regenera\u00e7\u00e3o das articula\u00e7\u00f5es, promovendo maior flexibilidade e mobilidade para o seu pet. O Condroton \u00e9 composto por condroitina e glicosamina, subst\u00e2ncias essenciais para a sa\u00fade das articula\u00e7\u00f5es. Esses componentes atuam diretamente no combate \u00e0 degenera\u00e7\u00e3o da cartilagem, estimulando a produ\u00e7\u00e3o de l\u00edquido sinovial, respons\u00e1vel pela lubrifica\u00e7\u00e3o das articula\u00e7\u00f5es. Al\u00e9m disso, o produto possui a\u00e7\u00e3o anti-inflamat\u00f3ria, aliviando dores e reduzindo a inflama\u00e7\u00e3o nas articula\u00e7\u00f5es. Com uma f\u00f3rmula exclusiva e de alta qualidade, o Regenerador Articular Vetnil Condroton 1000mg 60 Comprimidos \u00e9 indicado para c\u00e3es de todas as ra\u00e7as e idades. Seja para preven\u00e7\u00e3o ou tratamento de&hellip; Read More\" \/>\n<meta property=\"og:url\" content=\"https:\/\/bepet.pet\/loja\/produto\/regenerador-articular-vetnil-condroton-1000mg-60-comprimidos\/\" \/>\n<meta property=\"og:site_name\" content=\"BePet\" \/>\n<meta property=\"article:modified_time\" content=\"2025-12-10T19:46:24+00:00\" \/>\n<meta property=\"og:image\" content=\"https:\/\/bepet.pet\/loja\/wp-content\/uploads\/2023\/12\/Design-sem-nome-2024-04-03T181736.605.png\" \/>\n\t<meta property=\"og:image:width\" content=\"600\" \/>\n\t<meta property=\"og:image:height\" content=\"400\" \/>\n\t<meta property=\"og:image:type\" content=\"image\/png\" \/>\n<meta name=\"twitter:card\" content=\"summary_large_image\" \/>\n<meta name=\"twitter:label1\" content=\"Est. tempo de leitura\" \/>\n\t<meta name=\"twitter:data1\" content=\"3 minutos\" \/>\n<script type=\"application\/ld+json\" class=\"yoast-schema-graph\">{\"@context\":\"https:\/\/schema.org\",\"@graph\":[{\"@type\":\"WebPage\",\"@id\":\"https:\/\/bepet.pet\/loja\/produto\/regenerador-articular-vetnil-condroton-1000mg-60-comprimidos\/\",\"url\":\"https:\/\/bepet.pet\/loja\/produto\/regenerador-articular-vetnil-condroton-1000mg-60-comprimidos\/\",\"name\":\"Regenerador Articular Vetnil Condroton 1000mg 60 Comprimidos - BePet\",\"isPartOf\":{\"@id\":\"https:\/\/bepet.pet\/loja\/#website\"},\"primaryImageOfPage\":{\"@id\":\"https:\/\/bepet.pet\/loja\/produto\/regenerador-articular-vetnil-condroton-1000mg-60-comprimidos\/#primaryimage\"},\"image\":{\"@id\":\"https:\/\/bepet.pet\/loja\/produto\/regenerador-articular-vetnil-condroton-1000mg-60-comprimidos\/#primaryimage\"},\"thumbnailUrl\":\"https:\/\/bepet.pet\/loja\/wp-content\/uploads\/2023\/12\/p6fe5aba3-f520-4c2b-b013-2d11ba9f64e2.png\",\"datePublished\":\"2023-12-13T20:05:06+00:00\",\"dateModified\":\"2025-12-10T19:46:24+00:00\",\"breadcrumb\":{\"@id\":\"https:\/\/bepet.pet\/loja\/produto\/regenerador-articular-vetnil-condroton-1000mg-60-comprimidos\/#breadcrumb\"},\"inLanguage\":\"pt-BR\",\"potentialAction\":[{\"@type\":\"ReadAction\",\"target\":[\"https:\/\/bepet.pet\/loja\/produto\/regenerador-articular-vetnil-condroton-1000mg-60-comprimidos\/\"]}]},{\"@type\":\"ImageObject\",\"inLanguage\":\"pt-BR\",\"@id\":\"https:\/\/bepet.pet\/loja\/produto\/regenerador-articular-vetnil-condroton-1000mg-60-comprimidos\/#primaryimage\",\"url\":\"https:\/\/bepet.pet\/loja\/wp-content\/uploads\/2023\/12\/p6fe5aba3-f520-4c2b-b013-2d11ba9f64e2.png\",\"contentUrl\":\"https:\/\/bepet.pet\/loja\/wp-content\/uploads\/2023\/12\/p6fe5aba3-f520-4c2b-b013-2d11ba9f64e2.png\",\"width\":358,\"height\":473},{\"@type\":\"BreadcrumbList\",\"@id\":\"https:\/\/bepet.pet\/loja\/produto\/regenerador-articular-vetnil-condroton-1000mg-60-comprimidos\/#breadcrumb\",\"itemListElement\":[{\"@type\":\"ListItem\",\"position\":1,\"name\":\"Home\",\"item\":\"https:\/\/bepet.pet\/loja\/\"},{\"@type\":\"ListItem\",\"position\":2,\"name\":\"Shop\",\"item\":\"https:\/\/bepet.pet\/loja\/shop-2\/\"},{\"@type\":\"ListItem\",\"position\":3,\"name\":\"Regenerador Articular Vetnil Condroton 1000mg 60 Comprimidos\"}]},{\"@type\":\"WebSite\",\"@id\":\"https:\/\/bepet.pet\/loja\/#website\",\"url\":\"https:\/\/bepet.pet\/loja\/\",\"name\":\"BePet\",\"description\":\"Nossa vida \u00e9 cuidar do seu pet\",\"publisher\":{\"@id\":\"https:\/\/bepet.pet\/loja\/#organization\"},\"potentialAction\":[{\"@type\":\"SearchAction\",\"target\":{\"@type\":\"EntryPoint\",\"urlTemplate\":\"https:\/\/bepet.pet\/loja\/?s={search_term_string}\"},\"query-input\":{\"@type\":\"PropertyValueSpecification\",\"valueRequired\":true,\"valueName\":\"search_term_string\"}}],\"inLanguage\":\"pt-BR\"},{\"@type\":\"Organization\",\"@id\":\"https:\/\/bepet.pet\/loja\/#organization\",\"name\":\"BePet\",\"url\":\"https:\/\/bepet.pet\/loja\/\",\"logo\":{\"@type\":\"ImageObject\",\"inLanguage\":\"pt-BR\",\"@id\":\"https:\/\/bepet.pet\/loja\/#\/schema\/logo\/image\/\",\"url\":\"https:\/\/bepet.pet\/loja\/wp-content\/uploads\/2020\/10\/logo.jpg\",\"contentUrl\":\"https:\/\/bepet.pet\/loja\/wp-content\/uploads\/2020\/10\/logo.jpg\",\"width\":100,\"height\":99,\"caption\":\"BePet\"},\"image\":{\"@id\":\"https:\/\/bepet.pet\/loja\/#\/schema\/logo\/image\/\"}}]}<\/script>\n<!-- \/ Yoast SEO plugin. -->","yoast_head_json":{"title":"Regenerador Articular Vetnil Condroton 1000mg 60 Comprimidos - BePet","robots":{"index":"index","follow":"follow","max-snippet":"max-snippet:-1","max-image-preview":"max-image-preview:large","max-video-preview":"max-video-preview:-1"},"canonical":"https:\/\/bepet.pet\/loja\/produto\/regenerador-articular-vetnil-condroton-1000mg-60-comprimidos\/","og_locale":"pt_BR","og_type":"article","og_title":"Regenerador Articular Vetnil Condroton 1000mg 60 Comprimidos - BePet","og_description":"Regenerador Articular Vetnil Condroton 1000mg 60 Comprimidos: A solu\u00e7\u00e3o para o bem-estar do seu pet! Apresentamos o Regenerador Articular Vetnil Condroton 1000mg 60 Comprimidos, o produto que vai proporcionar uma vida mais saud\u00e1vel e ativa para o seu companheiro de quatro patas. Desenvolvido pela renomada marca Vetnil, refer\u00eancia no mercado veterin\u00e1rio, este regenerador articular \u00e9 a escolha ideal para cuidar das articula\u00e7\u00f5es do seu pet. Com o passar dos anos, assim como n\u00f3s humanos, os animais tamb\u00e9m podem sofrer com problemas articulares, que podem causar desconforto e limita\u00e7\u00f5es em suas atividades di\u00e1rias. Pensando nisso, a Vetnil criou o Condroton, um suplemento alimentar que auxilia na regenera\u00e7\u00e3o das articula\u00e7\u00f5es, promovendo maior flexibilidade e mobilidade para o seu pet. O Condroton \u00e9 composto por condroitina e glicosamina, subst\u00e2ncias essenciais para a sa\u00fade das articula\u00e7\u00f5es. Esses componentes atuam diretamente no combate \u00e0 degenera\u00e7\u00e3o da cartilagem, estimulando a produ\u00e7\u00e3o de l\u00edquido sinovial, respons\u00e1vel pela lubrifica\u00e7\u00e3o das articula\u00e7\u00f5es. Al\u00e9m disso, o produto possui a\u00e7\u00e3o anti-inflamat\u00f3ria, aliviando dores e reduzindo a inflama\u00e7\u00e3o nas articula\u00e7\u00f5es. Com uma f\u00f3rmula exclusiva e de alta qualidade, o Regenerador Articular Vetnil Condroton 1000mg 60 Comprimidos \u00e9 indicado para c\u00e3es de todas as ra\u00e7as e idades. Seja para preven\u00e7\u00e3o ou tratamento de&hellip; Read More","og_url":"https:\/\/bepet.pet\/loja\/produto\/regenerador-articular-vetnil-condroton-1000mg-60-comprimidos\/","og_site_name":"BePet","article_modified_time":"2025-12-10T19:46:24+00:00","og_image":[{"width":600,"height":400,"url":"https:\/\/bepet.pet\/loja\/wp-content\/uploads\/2023\/12\/Design-sem-nome-2024-04-03T181736.605.png","type":"image\/png"}],"twitter_card":"summary_large_image","twitter_misc":{"Est. tempo de leitura":"3 minutos"},"schema":{"@context":"https:\/\/schema.org","@graph":[{"@type":"WebPage","@id":"https:\/\/bepet.pet\/loja\/produto\/regenerador-articular-vetnil-condroton-1000mg-60-comprimidos\/","url":"https:\/\/bepet.pet\/loja\/produto\/regenerador-articular-vetnil-condroton-1000mg-60-comprimidos\/","name":"Regenerador Articular Vetnil Condroton 1000mg 60 Comprimidos - BePet","isPartOf":{"@id":"https:\/\/bepet.pet\/loja\/#website"},"primaryImageOfPage":{"@id":"https:\/\/bepet.pet\/loja\/produto\/regenerador-articular-vetnil-condroton-1000mg-60-comprimidos\/#primaryimage"},"image":{"@id":"https:\/\/bepet.pet\/loja\/produto\/regenerador-articular-vetnil-condroton-1000mg-60-comprimidos\/#primaryimage"},"thumbnailUrl":"https:\/\/bepet.pet\/loja\/wp-content\/uploads\/2023\/12\/p6fe5aba3-f520-4c2b-b013-2d11ba9f64e2.png","datePublished":"2023-12-13T20:05:06+00:00","dateModified":"2025-12-10T19:46:24+00:00","breadcrumb":{"@id":"https:\/\/bepet.pet\/loja\/produto\/regenerador-articular-vetnil-condroton-1000mg-60-comprimidos\/#breadcrumb"},"inLanguage":"pt-BR","potentialAction":[{"@type":"ReadAction","target":["https:\/\/bepet.pet\/loja\/produto\/regenerador-articular-vetnil-condroton-1000mg-60-comprimidos\/"]}]},{"@type":"ImageObject","inLanguage":"pt-BR","@id":"https:\/\/bepet.pet\/loja\/produto\/regenerador-articular-vetnil-condroton-1000mg-60-comprimidos\/#primaryimage","url":"https:\/\/bepet.pet\/loja\/wp-content\/uploads\/2023\/12\/p6fe5aba3-f520-4c2b-b013-2d11ba9f64e2.png","contentUrl":"https:\/\/bepet.pet\/loja\/wp-content\/uploads\/2023\/12\/p6fe5aba3-f520-4c2b-b013-2d11ba9f64e2.png","width":358,"height":473},{"@type":"BreadcrumbList","@id":"https:\/\/bepet.pet\/loja\/produto\/regenerador-articular-vetnil-condroton-1000mg-60-comprimidos\/#breadcrumb","itemListElement":[{"@type":"ListItem","position":1,"name":"Home","item":"https:\/\/bepet.pet\/loja\/"},{"@type":"ListItem","position":2,"name":"Shop","item":"https:\/\/bepet.pet\/loja\/shop-2\/"},{"@type":"ListItem","position":3,"name":"Regenerador Articular Vetnil Condroton 1000mg 60 Comprimidos"}]},{"@type":"WebSite","@id":"https:\/\/bepet.pet\/loja\/#website","url":"https:\/\/bepet.pet\/loja\/","name":"BePet","description":"Nossa vida \u00e9 cuidar do seu pet","publisher":{"@id":"https:\/\/bepet.pet\/loja\/#organization"},"potentialAction":[{"@type":"SearchAction","target":{"@type":"EntryPoint","urlTemplate":"https:\/\/bepet.pet\/loja\/?s={search_term_string}"},"query-input":{"@type":"PropertyValueSpecification","valueRequired":true,"valueName":"search_term_string"}}],"inLanguage":"pt-BR"},{"@type":"Organization","@id":"https:\/\/bepet.pet\/loja\/#organization","name":"BePet","url":"https:\/\/bepet.pet\/loja\/","logo":{"@type":"ImageObject","inLanguage":"pt-BR","@id":"https:\/\/bepet.pet\/loja\/#\/schema\/logo\/image\/","url":"https:\/\/bepet.pet\/loja\/wp-content\/uploads\/2020\/10\/logo.jpg","contentUrl":"https:\/\/bepet.pet\/loja\/wp-content\/uploads\/2020\/10\/logo.jpg","width":100,"height":99,"caption":"BePet"},"image":{"@id":"https:\/\/bepet.pet\/loja\/#\/schema\/logo\/image\/"}}]}},"jetpack_sharing_enabled":true,"_links":{"self":[{"href":"https:\/\/bepet.pet\/loja\/wp-json\/wp\/v2\/product\/9191","targetHints":{"allow":["GET"]}}],"collection":[{"href":"https:\/\/bepet.pet\/loja\/wp-json\/wp\/v2\/product"}],"about":[{"href":"https:\/\/bepet.pet\/loja\/wp-json\/wp\/v2\/types\/product"}],"replies":[{"embeddable":true,"href":"https:\/\/bepet.pet\/loja\/wp-json\/wp\/v2\/comments?post=9191"}],"wp:featuredmedia":[{"embeddable":true,"href":"https:\/\/bepet.pet\/loja\/wp-json\/wp\/v2\/media\/9190"}],"wp:attachment":[{"href":"https:\/\/bepet.pet\/loja\/wp-json\/wp\/v2\/media?parent=9191"}],"wp:term":[{"taxonomy":"product_brand","embeddable":true,"href":"https:\/\/bepet.pet\/loja\/wp-json\/wp\/v2\/product_brand?post=9191"},{"taxonomy":"product_cat","embeddable":true,"href":"https:\/\/bepet.pet\/loja\/wp-json\/wp\/v2\/product_cat?post=9191"},{"taxonomy":"product_tag","embeddable":true,"href":"https:\/\/bepet.pet\/loja\/wp-json\/wp\/v2\/product_tag?post=9191"}],"curies":[{"name":"wp","href":"https:\/\/api.w.org\/{rel}","templated":true}]}}