{"id":9189,"date":"2023-12-13T20:02:53","date_gmt":"2023-12-13T20:02:53","guid":{"rendered":"https:\/\/bepet.pet\/loja\/produto\/regenerador-articular-vetnil-condroton-500mg-60-comprimidos\/"},"modified":"2025-12-10T16:46:19","modified_gmt":"2025-12-10T19:46:19","slug":"regenerador-articular-vetnil-condroton-500mg-60-comprimidos","status":"publish","type":"product","link":"https:\/\/bepet.pet\/loja\/produto\/regenerador-articular-vetnil-condroton-500mg-60-comprimidos\/","title":{"rendered":"Regenerador Articular Vetnil Condroton 500mg 60 Comprimidos"},"content":{"rendered":"<p>Conhe\u00e7a o Regenerador Articular Vetnil Condroton 500mg 60 Comprimidos, a solu\u00e7\u00e3o eficaz para o cuidado das articula\u00e7\u00f5es do seu pet. Desenvolvido pela renomada marca Vetnil, esse produto \u00e9 a escolha ideal para promover a sa\u00fade e o bem-estar dos animais de estima\u00e7\u00e3o.<\/p>\n<p>Com o passar dos anos, \u00e9 comum que os pets comecem a apresentar problemas nas articula\u00e7\u00f5es, o que pode causar desconforto e limita\u00e7\u00f5es em suas atividades di\u00e1rias. Pensando nisso, a Vetnil criou o Condroton, um regenerador articular formulado com ingredientes de alta qualidade e comprovada efic\u00e1cia.<\/p>\n<p>O Condroton \u00e9 indicado para c\u00e3es e gatos de todas as idades, desde filhotes at\u00e9 animais idosos. Sua f\u00f3rmula exclusiva cont\u00e9m sulfato de condroitina A, sulfato de glicosamina e minerais essenciais, que atuam diretamente na regenera\u00e7\u00e3o das cartilagens, promovendo maior flexibilidade e mobilidade nas articula\u00e7\u00f5es.<\/p>\n<p>Al\u00e9m disso, o Condroton tamb\u00e9m auxilia no combate aos processos inflamat\u00f3rios, reduzindo a dor e o desconforto causados pelas doen\u00e7as articulares. Seu uso regular contribui para a melhora da qualidade de vida do seu pet, permitindo que ele desfrute de suas atividades favoritas sem restri\u00e7\u00f5es.<\/p>\n<p>Apresentado em forma de comprimidos palat\u00e1veis, o Condroton \u00e9 de f\u00e1cil administra\u00e7\u00e3o, podendo ser oferecido diretamente na boca do animal ou misturado \u00e0 sua alimenta\u00e7\u00e3o. Com uma embalagem contendo 60 comprimidos, voc\u00ea ter\u00e1 um suprimento suficiente para garantir o tratamento cont\u00ednuo por um longo per\u00edodo.<\/p>\n<p>N\u00e3o deixe que as doen\u00e7as articulares limitem a vida do seu pet. Invista no Regenerador Articular Vetnil Condroton 500mg 60 Comprimidos e proporcione a ele uma vida mais saud\u00e1vel e feliz. Adquira agora mesmo o seu no nosso website e_Commerce e ofere\u00e7a o melhor cuidado para o seu companheiro de quatro patas.<\/p>\n","protected":false},"excerpt":{"rendered":"<p>Conhe\u00e7a o Regenerador Articular Vetnil Condroton 500mg 60 Comprimidos, a solu\u00e7\u00e3o eficaz para o cuidado das articula\u00e7\u00f5es do seu pet. Desenvolvido pela renomada marca Vetnil, esse produto \u00e9 a escolha ideal para promover a sa\u00fade e o bem-estar dos animais de estima\u00e7\u00e3o. Com o passar dos anos, \u00e9 comum que os pets comecem a apresentar problemas nas articula\u00e7\u00f5es, o que pode causar desconforto e limita\u00e7\u00f5es em suas atividades di\u00e1rias. Pensando nisso, a Vetnil criou o Condroton, um regenerador articular formulado com ingredientes de alta qualidade e comprovada efic\u00e1cia. O Condroton \u00e9 indicado para c\u00e3es e gatos de todas as idades, desde filhotes at\u00e9 animais idosos. Sua f\u00f3rmula exclusiva cont\u00e9m sulfato de condroitina A, sulfato de glicosamina e minerais essenciais, que atuam diretamente na regenera\u00e7\u00e3o das cartilagens, promovendo maior flexibilidade e mobilidade nas articula\u00e7\u00f5es. Al\u00e9m disso, o Condroton tamb\u00e9m auxilia no combate aos processos inflamat\u00f3rios, reduzindo a dor e o desconforto causados pelas doen\u00e7as articulares. Seu uso regular contribui para a melhora da qualidade de vida do seu pet, permitindo que ele desfrute de suas atividades favoritas sem restri\u00e7\u00f5es. Apresentado em forma de comprimidos palat\u00e1veis, o Condroton \u00e9 de f\u00e1cil administra\u00e7\u00e3o, podendo ser oferecido diretamente na boca do animal ou misturado&hellip; <a class=\"read-more-link\" href=\"https:\/\/bepet.pet\/loja\/produto\/regenerador-articular-vetnil-condroton-500mg-60-comprimidos\/\">Read More<\/a><\/p>\n","protected":false},"featured_media":9188,"comment_status":"open","ping_status":"closed","template":"","meta":{"_kadence_starter_templates_imported_post":false},"product_brand":[],"product_cat":[141,120],"product_tag":[],"class_list":{"0":"post-9189","1":"product","2":"type-product","3":"status-publish","4":"has-post-thumbnail","6":"product_cat-anti-inflamatorios","7":"product_cat-medicamentos","10":"first","11":"instock","12":"shipping-taxable","13":"purchasable","14":"product-type-simple"},"yoast_head":"<!-- This site is optimized with the Yoast SEO plugin v25.5 - https:\/\/yoast.com\/wordpress\/plugins\/seo\/ -->\n<title>Regenerador Articular Vetnil Condroton 500mg 60 Comprimidos - BePet<\/title>\n<meta name=\"robots\" content=\"index, follow, max-snippet:-1, max-image-preview:large, max-video-preview:-1\" \/>\n<link rel=\"canonical\" href=\"https:\/\/bepet.pet\/loja\/produto\/regenerador-articular-vetnil-condroton-500mg-60-comprimidos\/\" \/>\n<meta property=\"og:locale\" content=\"pt_BR\" \/>\n<meta property=\"og:type\" content=\"article\" \/>\n<meta property=\"og:title\" content=\"Regenerador Articular Vetnil Condroton 500mg 60 Comprimidos - BePet\" \/>\n<meta property=\"og:description\" content=\"Conhe\u00e7a o Regenerador Articular Vetnil Condroton 500mg 60 Comprimidos, a solu\u00e7\u00e3o eficaz para o cuidado das articula\u00e7\u00f5es do seu pet. Desenvolvido pela renomada marca Vetnil, esse produto \u00e9 a escolha ideal para promover a sa\u00fade e o bem-estar dos animais de estima\u00e7\u00e3o. Com o passar dos anos, \u00e9 comum que os pets comecem a apresentar problemas nas articula\u00e7\u00f5es, o que pode causar desconforto e limita\u00e7\u00f5es em suas atividades di\u00e1rias. Pensando nisso, a Vetnil criou o Condroton, um regenerador articular formulado com ingredientes de alta qualidade e comprovada efic\u00e1cia. O Condroton \u00e9 indicado para c\u00e3es e gatos de todas as idades, desde filhotes at\u00e9 animais idosos. Sua f\u00f3rmula exclusiva cont\u00e9m sulfato de condroitina A, sulfato de glicosamina e minerais essenciais, que atuam diretamente na regenera\u00e7\u00e3o das cartilagens, promovendo maior flexibilidade e mobilidade nas articula\u00e7\u00f5es. Al\u00e9m disso, o Condroton tamb\u00e9m auxilia no combate aos processos inflamat\u00f3rios, reduzindo a dor e o desconforto causados pelas doen\u00e7as articulares. Seu uso regular contribui para a melhora da qualidade de vida do seu pet, permitindo que ele desfrute de suas atividades favoritas sem restri\u00e7\u00f5es. Apresentado em forma de comprimidos palat\u00e1veis, o Condroton \u00e9 de f\u00e1cil administra\u00e7\u00e3o, podendo ser oferecido diretamente na boca do animal ou misturado&hellip; Read More\" \/>\n<meta property=\"og:url\" content=\"https:\/\/bepet.pet\/loja\/produto\/regenerador-articular-vetnil-condroton-500mg-60-comprimidos\/\" \/>\n<meta property=\"og:site_name\" content=\"BePet\" \/>\n<meta property=\"article:modified_time\" content=\"2025-12-10T19:46:19+00:00\" \/>\n<meta name=\"twitter:card\" content=\"summary_large_image\" \/>\n<meta name=\"twitter:label1\" content=\"Est. tempo de leitura\" \/>\n\t<meta name=\"twitter:data1\" content=\"1 minuto\" \/>\n<script type=\"application\/ld+json\" class=\"yoast-schema-graph\">{\"@context\":\"https:\/\/schema.org\",\"@graph\":[{\"@type\":\"WebPage\",\"@id\":\"https:\/\/bepet.pet\/loja\/produto\/regenerador-articular-vetnil-condroton-500mg-60-comprimidos\/\",\"url\":\"https:\/\/bepet.pet\/loja\/produto\/regenerador-articular-vetnil-condroton-500mg-60-comprimidos\/\",\"name\":\"Regenerador Articular Vetnil Condroton 500mg 60 Comprimidos - BePet\",\"isPartOf\":{\"@id\":\"https:\/\/bepet.pet\/loja\/#website\"},\"primaryImageOfPage\":{\"@id\":\"https:\/\/bepet.pet\/loja\/produto\/regenerador-articular-vetnil-condroton-500mg-60-comprimidos\/#primaryimage\"},\"image\":{\"@id\":\"https:\/\/bepet.pet\/loja\/produto\/regenerador-articular-vetnil-condroton-500mg-60-comprimidos\/#primaryimage\"},\"thumbnailUrl\":\"https:\/\/bepet.pet\/loja\/wp-content\/uploads\/2023\/12\/p377cf6c5-6963-4311-930c-28c44e78044f.png\",\"datePublished\":\"2023-12-13T20:02:53+00:00\",\"dateModified\":\"2025-12-10T19:46:19+00:00\",\"breadcrumb\":{\"@id\":\"https:\/\/bepet.pet\/loja\/produto\/regenerador-articular-vetnil-condroton-500mg-60-comprimidos\/#breadcrumb\"},\"inLanguage\":\"pt-BR\",\"potentialAction\":[{\"@type\":\"ReadAction\",\"target\":[\"https:\/\/bepet.pet\/loja\/produto\/regenerador-articular-vetnil-condroton-500mg-60-comprimidos\/\"]}]},{\"@type\":\"ImageObject\",\"inLanguage\":\"pt-BR\",\"@id\":\"https:\/\/bepet.pet\/loja\/produto\/regenerador-articular-vetnil-condroton-500mg-60-comprimidos\/#primaryimage\",\"url\":\"https:\/\/bepet.pet\/loja\/wp-content\/uploads\/2023\/12\/p377cf6c5-6963-4311-930c-28c44e78044f.png\",\"contentUrl\":\"https:\/\/bepet.pet\/loja\/wp-content\/uploads\/2023\/12\/p377cf6c5-6963-4311-930c-28c44e78044f.png\",\"width\":799,\"height\":799},{\"@type\":\"BreadcrumbList\",\"@id\":\"https:\/\/bepet.pet\/loja\/produto\/regenerador-articular-vetnil-condroton-500mg-60-comprimidos\/#breadcrumb\",\"itemListElement\":[{\"@type\":\"ListItem\",\"position\":1,\"name\":\"Home\",\"item\":\"https:\/\/bepet.pet\/loja\/\"},{\"@type\":\"ListItem\",\"position\":2,\"name\":\"Shop\",\"item\":\"https:\/\/bepet.pet\/loja\/shop-2\/\"},{\"@type\":\"ListItem\",\"position\":3,\"name\":\"Regenerador Articular Vetnil Condroton 500mg 60 Comprimidos\"}]},{\"@type\":\"WebSite\",\"@id\":\"https:\/\/bepet.pet\/loja\/#website\",\"url\":\"https:\/\/bepet.pet\/loja\/\",\"name\":\"BePet\",\"description\":\"Nossa vida \u00e9 cuidar do seu pet\",\"publisher\":{\"@id\":\"https:\/\/bepet.pet\/loja\/#organization\"},\"potentialAction\":[{\"@type\":\"SearchAction\",\"target\":{\"@type\":\"EntryPoint\",\"urlTemplate\":\"https:\/\/bepet.pet\/loja\/?s={search_term_string}\"},\"query-input\":{\"@type\":\"PropertyValueSpecification\",\"valueRequired\":true,\"valueName\":\"search_term_string\"}}],\"inLanguage\":\"pt-BR\"},{\"@type\":\"Organization\",\"@id\":\"https:\/\/bepet.pet\/loja\/#organization\",\"name\":\"BePet\",\"url\":\"https:\/\/bepet.pet\/loja\/\",\"logo\":{\"@type\":\"ImageObject\",\"inLanguage\":\"pt-BR\",\"@id\":\"https:\/\/bepet.pet\/loja\/#\/schema\/logo\/image\/\",\"url\":\"https:\/\/bepet.pet\/loja\/wp-content\/uploads\/2020\/10\/logo.jpg\",\"contentUrl\":\"https:\/\/bepet.pet\/loja\/wp-content\/uploads\/2020\/10\/logo.jpg\",\"width\":100,\"height\":99,\"caption\":\"BePet\"},\"image\":{\"@id\":\"https:\/\/bepet.pet\/loja\/#\/schema\/logo\/image\/\"}}]}<\/script>\n<!-- \/ Yoast SEO plugin. -->","yoast_head_json":{"title":"Regenerador Articular Vetnil Condroton 500mg 60 Comprimidos - BePet","robots":{"index":"index","follow":"follow","max-snippet":"max-snippet:-1","max-image-preview":"max-image-preview:large","max-video-preview":"max-video-preview:-1"},"canonical":"https:\/\/bepet.pet\/loja\/produto\/regenerador-articular-vetnil-condroton-500mg-60-comprimidos\/","og_locale":"pt_BR","og_type":"article","og_title":"Regenerador Articular Vetnil Condroton 500mg 60 Comprimidos - BePet","og_description":"Conhe\u00e7a o Regenerador Articular Vetnil Condroton 500mg 60 Comprimidos, a solu\u00e7\u00e3o eficaz para o cuidado das articula\u00e7\u00f5es do seu pet. Desenvolvido pela renomada marca Vetnil, esse produto \u00e9 a escolha ideal para promover a sa\u00fade e o bem-estar dos animais de estima\u00e7\u00e3o. Com o passar dos anos, \u00e9 comum que os pets comecem a apresentar problemas nas articula\u00e7\u00f5es, o que pode causar desconforto e limita\u00e7\u00f5es em suas atividades di\u00e1rias. Pensando nisso, a Vetnil criou o Condroton, um regenerador articular formulado com ingredientes de alta qualidade e comprovada efic\u00e1cia. O Condroton \u00e9 indicado para c\u00e3es e gatos de todas as idades, desde filhotes at\u00e9 animais idosos. Sua f\u00f3rmula exclusiva cont\u00e9m sulfato de condroitina A, sulfato de glicosamina e minerais essenciais, que atuam diretamente na regenera\u00e7\u00e3o das cartilagens, promovendo maior flexibilidade e mobilidade nas articula\u00e7\u00f5es. Al\u00e9m disso, o Condroton tamb\u00e9m auxilia no combate aos processos inflamat\u00f3rios, reduzindo a dor e o desconforto causados pelas doen\u00e7as articulares. Seu uso regular contribui para a melhora da qualidade de vida do seu pet, permitindo que ele desfrute de suas atividades favoritas sem restri\u00e7\u00f5es. Apresentado em forma de comprimidos palat\u00e1veis, o Condroton \u00e9 de f\u00e1cil administra\u00e7\u00e3o, podendo ser oferecido diretamente na boca do animal ou misturado&hellip; Read More","og_url":"https:\/\/bepet.pet\/loja\/produto\/regenerador-articular-vetnil-condroton-500mg-60-comprimidos\/","og_site_name":"BePet","article_modified_time":"2025-12-10T19:46:19+00:00","twitter_card":"summary_large_image","twitter_misc":{"Est. tempo de leitura":"1 minuto"},"schema":{"@context":"https:\/\/schema.org","@graph":[{"@type":"WebPage","@id":"https:\/\/bepet.pet\/loja\/produto\/regenerador-articular-vetnil-condroton-500mg-60-comprimidos\/","url":"https:\/\/bepet.pet\/loja\/produto\/regenerador-articular-vetnil-condroton-500mg-60-comprimidos\/","name":"Regenerador Articular Vetnil Condroton 500mg 60 Comprimidos - BePet","isPartOf":{"@id":"https:\/\/bepet.pet\/loja\/#website"},"primaryImageOfPage":{"@id":"https:\/\/bepet.pet\/loja\/produto\/regenerador-articular-vetnil-condroton-500mg-60-comprimidos\/#primaryimage"},"image":{"@id":"https:\/\/bepet.pet\/loja\/produto\/regenerador-articular-vetnil-condroton-500mg-60-comprimidos\/#primaryimage"},"thumbnailUrl":"https:\/\/bepet.pet\/loja\/wp-content\/uploads\/2023\/12\/p377cf6c5-6963-4311-930c-28c44e78044f.png","datePublished":"2023-12-13T20:02:53+00:00","dateModified":"2025-12-10T19:46:19+00:00","breadcrumb":{"@id":"https:\/\/bepet.pet\/loja\/produto\/regenerador-articular-vetnil-condroton-500mg-60-comprimidos\/#breadcrumb"},"inLanguage":"pt-BR","potentialAction":[{"@type":"ReadAction","target":["https:\/\/bepet.pet\/loja\/produto\/regenerador-articular-vetnil-condroton-500mg-60-comprimidos\/"]}]},{"@type":"ImageObject","inLanguage":"pt-BR","@id":"https:\/\/bepet.pet\/loja\/produto\/regenerador-articular-vetnil-condroton-500mg-60-comprimidos\/#primaryimage","url":"https:\/\/bepet.pet\/loja\/wp-content\/uploads\/2023\/12\/p377cf6c5-6963-4311-930c-28c44e78044f.png","contentUrl":"https:\/\/bepet.pet\/loja\/wp-content\/uploads\/2023\/12\/p377cf6c5-6963-4311-930c-28c44e78044f.png","width":799,"height":799},{"@type":"BreadcrumbList","@id":"https:\/\/bepet.pet\/loja\/produto\/regenerador-articular-vetnil-condroton-500mg-60-comprimidos\/#breadcrumb","itemListElement":[{"@type":"ListItem","position":1,"name":"Home","item":"https:\/\/bepet.pet\/loja\/"},{"@type":"ListItem","position":2,"name":"Shop","item":"https:\/\/bepet.pet\/loja\/shop-2\/"},{"@type":"ListItem","position":3,"name":"Regenerador Articular Vetnil Condroton 500mg 60 Comprimidos"}]},{"@type":"WebSite","@id":"https:\/\/bepet.pet\/loja\/#website","url":"https:\/\/bepet.pet\/loja\/","name":"BePet","description":"Nossa vida \u00e9 cuidar do seu pet","publisher":{"@id":"https:\/\/bepet.pet\/loja\/#organization"},"potentialAction":[{"@type":"SearchAction","target":{"@type":"EntryPoint","urlTemplate":"https:\/\/bepet.pet\/loja\/?s={search_term_string}"},"query-input":{"@type":"PropertyValueSpecification","valueRequired":true,"valueName":"search_term_string"}}],"inLanguage":"pt-BR"},{"@type":"Organization","@id":"https:\/\/bepet.pet\/loja\/#organization","name":"BePet","url":"https:\/\/bepet.pet\/loja\/","logo":{"@type":"ImageObject","inLanguage":"pt-BR","@id":"https:\/\/bepet.pet\/loja\/#\/schema\/logo\/image\/","url":"https:\/\/bepet.pet\/loja\/wp-content\/uploads\/2020\/10\/logo.jpg","contentUrl":"https:\/\/bepet.pet\/loja\/wp-content\/uploads\/2020\/10\/logo.jpg","width":100,"height":99,"caption":"BePet"},"image":{"@id":"https:\/\/bepet.pet\/loja\/#\/schema\/logo\/image\/"}}]}},"jetpack_sharing_enabled":true,"_links":{"self":[{"href":"https:\/\/bepet.pet\/loja\/wp-json\/wp\/v2\/product\/9189","targetHints":{"allow":["GET"]}}],"collection":[{"href":"https:\/\/bepet.pet\/loja\/wp-json\/wp\/v2\/product"}],"about":[{"href":"https:\/\/bepet.pet\/loja\/wp-json\/wp\/v2\/types\/product"}],"replies":[{"embeddable":true,"href":"https:\/\/bepet.pet\/loja\/wp-json\/wp\/v2\/comments?post=9189"}],"wp:featuredmedia":[{"embeddable":true,"href":"https:\/\/bepet.pet\/loja\/wp-json\/wp\/v2\/media\/9188"}],"wp:attachment":[{"href":"https:\/\/bepet.pet\/loja\/wp-json\/wp\/v2\/media?parent=9189"}],"wp:term":[{"taxonomy":"product_brand","embeddable":true,"href":"https:\/\/bepet.pet\/loja\/wp-json\/wp\/v2\/product_brand?post=9189"},{"taxonomy":"product_cat","embeddable":true,"href":"https:\/\/bepet.pet\/loja\/wp-json\/wp\/v2\/product_cat?post=9189"},{"taxonomy":"product_tag","embeddable":true,"href":"https:\/\/bepet.pet\/loja\/wp-json\/wp\/v2\/product_tag?post=9189"}],"curies":[{"name":"wp","href":"https:\/\/api.w.org\/{rel}","templated":true}]}}