{"id":9157,"date":"2023-12-13T18:56:50","date_gmt":"2023-12-13T18:56:50","guid":{"rendered":"https:\/\/bepet.pet\/loja\/produto\/coleira-antipulgas-e-carrapatos-seresto-caes-acima-8kg\/"},"modified":"2026-02-10T09:36:11","modified_gmt":"2026-02-10T12:36:11","slug":"coleira-antipulgas-e-carrapatos-seresto-caes-acima-8kg","status":"publish","type":"product","link":"https:\/\/bepet.pet\/loja\/produto\/coleira-antipulgas-e-carrapatos-seresto-caes-acima-8kg\/","title":{"rendered":"Coleira Antipulgas e Carrapatos Seresto c\u00e3es acima 8kg"},"content":{"rendered":"<p>A coleira antipulgas e carrapatos Seresto \u00e9 a solu\u00e7\u00e3o ideal para manter o seu c\u00e3o protegido contra esses parasitas indesej\u00e1veis. Especialmente desenvolvida para c\u00e3es acima de 8kg, essa coleira oferece uma prote\u00e7\u00e3o eficaz e duradoura.<\/p>\n<p>Com a tecnologia inovadora de libera\u00e7\u00e3o controlada de subst\u00e2ncias ativas, a coleira Seresto garante uma prote\u00e7\u00e3o cont\u00ednua por at\u00e9 8 meses. Isso significa que o seu c\u00e3o estar\u00e1 protegido durante todo esse per\u00edodo, sem a necessidade de reaplica\u00e7\u00f5es mensais como outros produtos do mercado.<\/p>\n<p>Al\u00e9m de ser eficiente contra pulgas e carrapatos, a coleira Seresto tamb\u00e9m ajuda a prevenir a infesta\u00e7\u00e3o por piolhos e repelir mosquitos transmissores de doen\u00e7as, como a leishmaniose. Com ela, voc\u00ea garante a sa\u00fade e o bem-estar do seu c\u00e3o, proporcionando-lhe uma vida livre de inc\u00f4modos e riscos.<\/p>\n<p>A coleira \u00e9 f\u00e1cil de colocar e ajustar, garantindo o conforto do seu c\u00e3o durante todo o per\u00edodo de uso. Ela \u00e9 resistente \u00e0 \u00e1gua, o que permite que o seu pet possa tomar banho ou nadar sem comprometer a efic\u00e1cia do produto.<\/p>\n<p>No nosso website e-commerce, voc\u00ea encontra a coleira antipulgas e carrapatos Seresto para c\u00e3es acima de 8kg com um pre\u00e7o especial e entrega r\u00e1pida em todo o pa\u00eds. N\u00e3o deixe seu c\u00e3o exposto a esses parasitas, adquira agora mesmo a coleira Seresto e proporcione a ele a prote\u00e7\u00e3o que ele merece.<\/p>\n","protected":false},"excerpt":{"rendered":"<p>A coleira antipulgas e carrapatos Seresto \u00e9 a solu\u00e7\u00e3o ideal para manter o seu c\u00e3o protegido contra esses parasitas indesej\u00e1veis. Especialmente desenvolvida para c\u00e3es acima de 8kg, essa coleira oferece uma prote\u00e7\u00e3o eficaz e duradoura. Com a tecnologia inovadora de libera\u00e7\u00e3o controlada de subst\u00e2ncias ativas, a coleira Seresto garante uma prote\u00e7\u00e3o cont\u00ednua por at\u00e9 8 meses. Isso significa que o seu c\u00e3o estar\u00e1 protegido durante todo esse per\u00edodo, sem a necessidade de reaplica\u00e7\u00f5es mensais como outros produtos do mercado. Al\u00e9m de ser eficiente contra pulgas e carrapatos, a coleira Seresto tamb\u00e9m ajuda a prevenir a infesta\u00e7\u00e3o por piolhos e repelir mosquitos transmissores de doen\u00e7as, como a leishmaniose. Com ela, voc\u00ea garante a sa\u00fade e o bem-estar do seu c\u00e3o, proporcionando-lhe uma vida livre de inc\u00f4modos e riscos. A coleira \u00e9 f\u00e1cil de colocar e ajustar, garantindo o conforto do seu c\u00e3o durante todo o per\u00edodo de uso. Ela \u00e9 resistente \u00e0 \u00e1gua, o que permite que o seu pet possa tomar banho ou nadar sem comprometer a efic\u00e1cia do produto. No nosso website e-commerce, voc\u00ea encontra a coleira antipulgas e carrapatos Seresto para c\u00e3es acima de 8kg com um pre\u00e7o especial e entrega r\u00e1pida em todo o pa\u00eds. N\u00e3o deixe&hellip; <a class=\"read-more-link\" href=\"https:\/\/bepet.pet\/loja\/produto\/coleira-antipulgas-e-carrapatos-seresto-caes-acima-8kg\/\">Read More<\/a><\/p>\n","protected":false},"featured_media":9164,"comment_status":"open","ping_status":"closed","template":"","meta":{"_kadence_starter_templates_imported_post":false},"product_brand":[],"product_cat":[124,125,120],"product_tag":[],"class_list":{"0":"post-9157","1":"product","2":"type-product","3":"status-publish","4":"has-post-thumbnail","6":"product_cat-antipulgas","7":"product_cat-antipulgas-caes","8":"product_cat-medicamentos","11":"first","12":"instock","13":"shipping-taxable","14":"purchasable","15":"product-type-simple"},"yoast_head":"<!-- This site is optimized with the Yoast SEO plugin v25.5 - https:\/\/yoast.com\/wordpress\/plugins\/seo\/ -->\n<title>Coleira Antipulgas e Carrapatos Seresto c\u00e3es acima 8kg - BePet<\/title>\n<meta name=\"robots\" content=\"index, follow, max-snippet:-1, max-image-preview:large, max-video-preview:-1\" \/>\n<link rel=\"canonical\" href=\"https:\/\/bepet.pet\/loja\/produto\/coleira-antipulgas-e-carrapatos-seresto-caes-acima-8kg\/\" \/>\n<meta property=\"og:locale\" content=\"pt_BR\" \/>\n<meta property=\"og:type\" content=\"article\" \/>\n<meta property=\"og:title\" content=\"Coleira Antipulgas e Carrapatos Seresto c\u00e3es acima 8kg - BePet\" \/>\n<meta property=\"og:description\" content=\"A coleira antipulgas e carrapatos Seresto \u00e9 a solu\u00e7\u00e3o ideal para manter o seu c\u00e3o protegido contra esses parasitas indesej\u00e1veis. Especialmente desenvolvida para c\u00e3es acima de 8kg, essa coleira oferece uma prote\u00e7\u00e3o eficaz e duradoura. Com a tecnologia inovadora de libera\u00e7\u00e3o controlada de subst\u00e2ncias ativas, a coleira Seresto garante uma prote\u00e7\u00e3o cont\u00ednua por at\u00e9 8 meses. Isso significa que o seu c\u00e3o estar\u00e1 protegido durante todo esse per\u00edodo, sem a necessidade de reaplica\u00e7\u00f5es mensais como outros produtos do mercado. Al\u00e9m de ser eficiente contra pulgas e carrapatos, a coleira Seresto tamb\u00e9m ajuda a prevenir a infesta\u00e7\u00e3o por piolhos e repelir mosquitos transmissores de doen\u00e7as, como a leishmaniose. Com ela, voc\u00ea garante a sa\u00fade e o bem-estar do seu c\u00e3o, proporcionando-lhe uma vida livre de inc\u00f4modos e riscos. A coleira \u00e9 f\u00e1cil de colocar e ajustar, garantindo o conforto do seu c\u00e3o durante todo o per\u00edodo de uso. Ela \u00e9 resistente \u00e0 \u00e1gua, o que permite que o seu pet possa tomar banho ou nadar sem comprometer a efic\u00e1cia do produto. No nosso website e-commerce, voc\u00ea encontra a coleira antipulgas e carrapatos Seresto para c\u00e3es acima de 8kg com um pre\u00e7o especial e entrega r\u00e1pida em todo o pa\u00eds. N\u00e3o deixe&hellip; Read More\" \/>\n<meta property=\"og:url\" content=\"https:\/\/bepet.pet\/loja\/produto\/coleira-antipulgas-e-carrapatos-seresto-caes-acima-8kg\/\" \/>\n<meta property=\"og:site_name\" content=\"BePet\" \/>\n<meta property=\"article:modified_time\" content=\"2026-02-10T12:36:11+00:00\" \/>\n<meta name=\"twitter:card\" content=\"summary_large_image\" \/>\n<meta name=\"twitter:label1\" content=\"Est. tempo de leitura\" \/>\n\t<meta name=\"twitter:data1\" content=\"1 minuto\" \/>\n<script type=\"application\/ld+json\" class=\"yoast-schema-graph\">{\"@context\":\"https:\/\/schema.org\",\"@graph\":[{\"@type\":\"WebPage\",\"@id\":\"https:\/\/bepet.pet\/loja\/produto\/coleira-antipulgas-e-carrapatos-seresto-caes-acima-8kg\/\",\"url\":\"https:\/\/bepet.pet\/loja\/produto\/coleira-antipulgas-e-carrapatos-seresto-caes-acima-8kg\/\",\"name\":\"Coleira Antipulgas e Carrapatos Seresto c\u00e3es acima 8kg - BePet\",\"isPartOf\":{\"@id\":\"https:\/\/bepet.pet\/loja\/#website\"},\"primaryImageOfPage\":{\"@id\":\"https:\/\/bepet.pet\/loja\/produto\/coleira-antipulgas-e-carrapatos-seresto-caes-acima-8kg\/#primaryimage\"},\"image\":{\"@id\":\"https:\/\/bepet.pet\/loja\/produto\/coleira-antipulgas-e-carrapatos-seresto-caes-acima-8kg\/#primaryimage\"},\"thumbnailUrl\":\"https:\/\/bepet.pet\/loja\/wp-content\/uploads\/2023\/12\/pcf297e69-3409-4301-9a2e-8f1d56aa9cef.png\",\"datePublished\":\"2023-12-13T18:56:50+00:00\",\"dateModified\":\"2026-02-10T12:36:11+00:00\",\"breadcrumb\":{\"@id\":\"https:\/\/bepet.pet\/loja\/produto\/coleira-antipulgas-e-carrapatos-seresto-caes-acima-8kg\/#breadcrumb\"},\"inLanguage\":\"pt-BR\",\"potentialAction\":[{\"@type\":\"ReadAction\",\"target\":[\"https:\/\/bepet.pet\/loja\/produto\/coleira-antipulgas-e-carrapatos-seresto-caes-acima-8kg\/\"]}]},{\"@type\":\"ImageObject\",\"inLanguage\":\"pt-BR\",\"@id\":\"https:\/\/bepet.pet\/loja\/produto\/coleira-antipulgas-e-carrapatos-seresto-caes-acima-8kg\/#primaryimage\",\"url\":\"https:\/\/bepet.pet\/loja\/wp-content\/uploads\/2023\/12\/pcf297e69-3409-4301-9a2e-8f1d56aa9cef.png\",\"contentUrl\":\"https:\/\/bepet.pet\/loja\/wp-content\/uploads\/2023\/12\/pcf297e69-3409-4301-9a2e-8f1d56aa9cef.png\",\"width\":800,\"height\":800},{\"@type\":\"BreadcrumbList\",\"@id\":\"https:\/\/bepet.pet\/loja\/produto\/coleira-antipulgas-e-carrapatos-seresto-caes-acima-8kg\/#breadcrumb\",\"itemListElement\":[{\"@type\":\"ListItem\",\"position\":1,\"name\":\"Home\",\"item\":\"https:\/\/bepet.pet\/loja\/\"},{\"@type\":\"ListItem\",\"position\":2,\"name\":\"Shop\",\"item\":\"https:\/\/bepet.pet\/loja\/shop-2\/\"},{\"@type\":\"ListItem\",\"position\":3,\"name\":\"Coleira Antipulgas e Carrapatos Seresto c\u00e3es acima 8kg\"}]},{\"@type\":\"WebSite\",\"@id\":\"https:\/\/bepet.pet\/loja\/#website\",\"url\":\"https:\/\/bepet.pet\/loja\/\",\"name\":\"BePet\",\"description\":\"Nossa vida \u00e9 cuidar do seu pet\",\"publisher\":{\"@id\":\"https:\/\/bepet.pet\/loja\/#organization\"},\"potentialAction\":[{\"@type\":\"SearchAction\",\"target\":{\"@type\":\"EntryPoint\",\"urlTemplate\":\"https:\/\/bepet.pet\/loja\/?s={search_term_string}\"},\"query-input\":{\"@type\":\"PropertyValueSpecification\",\"valueRequired\":true,\"valueName\":\"search_term_string\"}}],\"inLanguage\":\"pt-BR\"},{\"@type\":\"Organization\",\"@id\":\"https:\/\/bepet.pet\/loja\/#organization\",\"name\":\"BePet\",\"url\":\"https:\/\/bepet.pet\/loja\/\",\"logo\":{\"@type\":\"ImageObject\",\"inLanguage\":\"pt-BR\",\"@id\":\"https:\/\/bepet.pet\/loja\/#\/schema\/logo\/image\/\",\"url\":\"https:\/\/bepet.pet\/loja\/wp-content\/uploads\/2020\/10\/logo.jpg\",\"contentUrl\":\"https:\/\/bepet.pet\/loja\/wp-content\/uploads\/2020\/10\/logo.jpg\",\"width\":100,\"height\":99,\"caption\":\"BePet\"},\"image\":{\"@id\":\"https:\/\/bepet.pet\/loja\/#\/schema\/logo\/image\/\"}}]}<\/script>\n<!-- \/ Yoast SEO plugin. -->","yoast_head_json":{"title":"Coleira Antipulgas e Carrapatos Seresto c\u00e3es acima 8kg - BePet","robots":{"index":"index","follow":"follow","max-snippet":"max-snippet:-1","max-image-preview":"max-image-preview:large","max-video-preview":"max-video-preview:-1"},"canonical":"https:\/\/bepet.pet\/loja\/produto\/coleira-antipulgas-e-carrapatos-seresto-caes-acima-8kg\/","og_locale":"pt_BR","og_type":"article","og_title":"Coleira Antipulgas e Carrapatos Seresto c\u00e3es acima 8kg - BePet","og_description":"A coleira antipulgas e carrapatos Seresto \u00e9 a solu\u00e7\u00e3o ideal para manter o seu c\u00e3o protegido contra esses parasitas indesej\u00e1veis. Especialmente desenvolvida para c\u00e3es acima de 8kg, essa coleira oferece uma prote\u00e7\u00e3o eficaz e duradoura. Com a tecnologia inovadora de libera\u00e7\u00e3o controlada de subst\u00e2ncias ativas, a coleira Seresto garante uma prote\u00e7\u00e3o cont\u00ednua por at\u00e9 8 meses. Isso significa que o seu c\u00e3o estar\u00e1 protegido durante todo esse per\u00edodo, sem a necessidade de reaplica\u00e7\u00f5es mensais como outros produtos do mercado. Al\u00e9m de ser eficiente contra pulgas e carrapatos, a coleira Seresto tamb\u00e9m ajuda a prevenir a infesta\u00e7\u00e3o por piolhos e repelir mosquitos transmissores de doen\u00e7as, como a leishmaniose. Com ela, voc\u00ea garante a sa\u00fade e o bem-estar do seu c\u00e3o, proporcionando-lhe uma vida livre de inc\u00f4modos e riscos. A coleira \u00e9 f\u00e1cil de colocar e ajustar, garantindo o conforto do seu c\u00e3o durante todo o per\u00edodo de uso. Ela \u00e9 resistente \u00e0 \u00e1gua, o que permite que o seu pet possa tomar banho ou nadar sem comprometer a efic\u00e1cia do produto. No nosso website e-commerce, voc\u00ea encontra a coleira antipulgas e carrapatos Seresto para c\u00e3es acima de 8kg com um pre\u00e7o especial e entrega r\u00e1pida em todo o pa\u00eds. N\u00e3o deixe&hellip; Read More","og_url":"https:\/\/bepet.pet\/loja\/produto\/coleira-antipulgas-e-carrapatos-seresto-caes-acima-8kg\/","og_site_name":"BePet","article_modified_time":"2026-02-10T12:36:11+00:00","twitter_card":"summary_large_image","twitter_misc":{"Est. tempo de leitura":"1 minuto"},"schema":{"@context":"https:\/\/schema.org","@graph":[{"@type":"WebPage","@id":"https:\/\/bepet.pet\/loja\/produto\/coleira-antipulgas-e-carrapatos-seresto-caes-acima-8kg\/","url":"https:\/\/bepet.pet\/loja\/produto\/coleira-antipulgas-e-carrapatos-seresto-caes-acima-8kg\/","name":"Coleira Antipulgas e Carrapatos Seresto c\u00e3es acima 8kg - BePet","isPartOf":{"@id":"https:\/\/bepet.pet\/loja\/#website"},"primaryImageOfPage":{"@id":"https:\/\/bepet.pet\/loja\/produto\/coleira-antipulgas-e-carrapatos-seresto-caes-acima-8kg\/#primaryimage"},"image":{"@id":"https:\/\/bepet.pet\/loja\/produto\/coleira-antipulgas-e-carrapatos-seresto-caes-acima-8kg\/#primaryimage"},"thumbnailUrl":"https:\/\/bepet.pet\/loja\/wp-content\/uploads\/2023\/12\/pcf297e69-3409-4301-9a2e-8f1d56aa9cef.png","datePublished":"2023-12-13T18:56:50+00:00","dateModified":"2026-02-10T12:36:11+00:00","breadcrumb":{"@id":"https:\/\/bepet.pet\/loja\/produto\/coleira-antipulgas-e-carrapatos-seresto-caes-acima-8kg\/#breadcrumb"},"inLanguage":"pt-BR","potentialAction":[{"@type":"ReadAction","target":["https:\/\/bepet.pet\/loja\/produto\/coleira-antipulgas-e-carrapatos-seresto-caes-acima-8kg\/"]}]},{"@type":"ImageObject","inLanguage":"pt-BR","@id":"https:\/\/bepet.pet\/loja\/produto\/coleira-antipulgas-e-carrapatos-seresto-caes-acima-8kg\/#primaryimage","url":"https:\/\/bepet.pet\/loja\/wp-content\/uploads\/2023\/12\/pcf297e69-3409-4301-9a2e-8f1d56aa9cef.png","contentUrl":"https:\/\/bepet.pet\/loja\/wp-content\/uploads\/2023\/12\/pcf297e69-3409-4301-9a2e-8f1d56aa9cef.png","width":800,"height":800},{"@type":"BreadcrumbList","@id":"https:\/\/bepet.pet\/loja\/produto\/coleira-antipulgas-e-carrapatos-seresto-caes-acima-8kg\/#breadcrumb","itemListElement":[{"@type":"ListItem","position":1,"name":"Home","item":"https:\/\/bepet.pet\/loja\/"},{"@type":"ListItem","position":2,"name":"Shop","item":"https:\/\/bepet.pet\/loja\/shop-2\/"},{"@type":"ListItem","position":3,"name":"Coleira Antipulgas e Carrapatos Seresto c\u00e3es acima 8kg"}]},{"@type":"WebSite","@id":"https:\/\/bepet.pet\/loja\/#website","url":"https:\/\/bepet.pet\/loja\/","name":"BePet","description":"Nossa vida \u00e9 cuidar do seu pet","publisher":{"@id":"https:\/\/bepet.pet\/loja\/#organization"},"potentialAction":[{"@type":"SearchAction","target":{"@type":"EntryPoint","urlTemplate":"https:\/\/bepet.pet\/loja\/?s={search_term_string}"},"query-input":{"@type":"PropertyValueSpecification","valueRequired":true,"valueName":"search_term_string"}}],"inLanguage":"pt-BR"},{"@type":"Organization","@id":"https:\/\/bepet.pet\/loja\/#organization","name":"BePet","url":"https:\/\/bepet.pet\/loja\/","logo":{"@type":"ImageObject","inLanguage":"pt-BR","@id":"https:\/\/bepet.pet\/loja\/#\/schema\/logo\/image\/","url":"https:\/\/bepet.pet\/loja\/wp-content\/uploads\/2020\/10\/logo.jpg","contentUrl":"https:\/\/bepet.pet\/loja\/wp-content\/uploads\/2020\/10\/logo.jpg","width":100,"height":99,"caption":"BePet"},"image":{"@id":"https:\/\/bepet.pet\/loja\/#\/schema\/logo\/image\/"}}]}},"jetpack_sharing_enabled":true,"_links":{"self":[{"href":"https:\/\/bepet.pet\/loja\/wp-json\/wp\/v2\/product\/9157","targetHints":{"allow":["GET"]}}],"collection":[{"href":"https:\/\/bepet.pet\/loja\/wp-json\/wp\/v2\/product"}],"about":[{"href":"https:\/\/bepet.pet\/loja\/wp-json\/wp\/v2\/types\/product"}],"replies":[{"embeddable":true,"href":"https:\/\/bepet.pet\/loja\/wp-json\/wp\/v2\/comments?post=9157"}],"wp:featuredmedia":[{"embeddable":true,"href":"https:\/\/bepet.pet\/loja\/wp-json\/wp\/v2\/media\/9164"}],"wp:attachment":[{"href":"https:\/\/bepet.pet\/loja\/wp-json\/wp\/v2\/media?parent=9157"}],"wp:term":[{"taxonomy":"product_brand","embeddable":true,"href":"https:\/\/bepet.pet\/loja\/wp-json\/wp\/v2\/product_brand?post=9157"},{"taxonomy":"product_cat","embeddable":true,"href":"https:\/\/bepet.pet\/loja\/wp-json\/wp\/v2\/product_cat?post=9157"},{"taxonomy":"product_tag","embeddable":true,"href":"https:\/\/bepet.pet\/loja\/wp-json\/wp\/v2\/product_tag?post=9157"}],"curies":[{"name":"wp","href":"https:\/\/api.w.org\/{rel}","templated":true}]}}