{"id":9122,"date":"2023-11-17T14:48:07","date_gmt":"2023-11-17T17:48:07","guid":{"rendered":"https:\/\/bepet.pet\/loja\/produto\/racao-premier-racas-especificas-yorkshire-25kg\/"},"modified":"2025-12-10T16:50:19","modified_gmt":"2025-12-10T19:50:19","slug":"racao-premier-racas-especificas-yorkshire-25kg","status":"publish","type":"product","link":"https:\/\/bepet.pet\/loja\/produto\/racao-premier-racas-especificas-yorkshire-25kg\/","title":{"rendered":"Ra\u00e7\u00e3o Premier Ra\u00e7as Espec\u00edficas Yorkshire 2,5Kg"},"content":{"rendered":"<p>A Premier Ra\u00e7as Espec\u00edficas apresenta a ra\u00e7\u00e3o perfeita para o seu amado Yorkshire. Desenvolvida com cuidado e dedica\u00e7\u00e3o, a Ra\u00e7\u00e3o Premier Ra\u00e7as Espec\u00edficas Yorkshire 2,5Kg \u00e9 a escolha ideal para garantir a sa\u00fade e o bem-estar do seu peludo.<\/p>\n<p>Com ingredientes selecionados e balanceados, essa ra\u00e7\u00e3o proporciona todos os nutrientes necess\u00e1rios para suprir as necessidades espec\u00edficas da ra\u00e7a Yorkshire. Seu c\u00e3ozinho vai se beneficiar de uma alimenta\u00e7\u00e3o completa e equilibrada, que contribui para o fortalecimento dos ossos, dentes saud\u00e1veis e uma pelagem deslumbrante.<\/p>\n<p>Al\u00e9m disso, a Ra\u00e7\u00e3o Premier Ra\u00e7as Espec\u00edficas Yorkshire \u00e9 enriquecida com prebi\u00f3ticos e probi\u00f3ticos, que auxiliam na sa\u00fade intestinal e na absor\u00e7\u00e3o dos nutrientes, promovendo uma digest\u00e3o mais eficiente e evitando problemas gastrointestinais.<\/p>\n<p>Pensando na sa\u00fade bucal do seu pet, essa ra\u00e7\u00e3o conta com hexametafosfato de s\u00f3dio, um ingrediente que auxilia na redu\u00e7\u00e3o da forma\u00e7\u00e3o de t\u00e1rtaro e na manuten\u00e7\u00e3o de uma boca saud\u00e1vel.<\/p>\n<p>A Premier Ra\u00e7as Espec\u00edficas \u00e9 uma marca renomada e reconhecida por sua qualidade e compromisso com a sa\u00fade dos animais. Com a Ra\u00e7\u00e3o Premier Ra\u00e7as Espec\u00edficas Yorkshire 2,5Kg, voc\u00ea ter\u00e1 a certeza de estar oferecendo o melhor para o seu companheiro de quatro patas.<\/p>\n<p>Aproveite agora mesmo e adquira a Ra\u00e7\u00e3o Premier Ra\u00e7as Espec\u00edficas Yorkshire 2,5Kg para proporcionar uma vida mais saud\u00e1vel e feliz ao seu Yorkshire. Seu c\u00e3ozinho vai agradecer!<\/p>\n","protected":false},"excerpt":{"rendered":"<p>A Premier Ra\u00e7as Espec\u00edficas apresenta a ra\u00e7\u00e3o perfeita para o seu amado Yorkshire. Desenvolvida com cuidado e dedica\u00e7\u00e3o, a Ra\u00e7\u00e3o Premier Ra\u00e7as Espec\u00edficas Yorkshire 2,5Kg \u00e9 a escolha ideal para garantir a sa\u00fade e o bem-estar do seu peludo. Com ingredientes selecionados e balanceados, essa ra\u00e7\u00e3o proporciona todos os nutrientes necess\u00e1rios para suprir as necessidades espec\u00edficas da ra\u00e7a Yorkshire. Seu c\u00e3ozinho vai se beneficiar de uma alimenta\u00e7\u00e3o completa e equilibrada, que contribui para o fortalecimento dos ossos, dentes saud\u00e1veis e uma pelagem deslumbrante. Al\u00e9m disso, a Ra\u00e7\u00e3o Premier Ra\u00e7as Espec\u00edficas Yorkshire \u00e9 enriquecida com prebi\u00f3ticos e probi\u00f3ticos, que auxiliam na sa\u00fade intestinal e na absor\u00e7\u00e3o dos nutrientes, promovendo uma digest\u00e3o mais eficiente e evitando problemas gastrointestinais. Pensando na sa\u00fade bucal do seu pet, essa ra\u00e7\u00e3o conta com hexametafosfato de s\u00f3dio, um ingrediente que auxilia na redu\u00e7\u00e3o da forma\u00e7\u00e3o de t\u00e1rtaro e na manuten\u00e7\u00e3o de uma boca saud\u00e1vel. A Premier Ra\u00e7as Espec\u00edficas \u00e9 uma marca renomada e reconhecida por sua qualidade e compromisso com a sa\u00fade dos animais. Com a Ra\u00e7\u00e3o Premier Ra\u00e7as Espec\u00edficas Yorkshire 2,5Kg, voc\u00ea ter\u00e1 a certeza de estar oferecendo o melhor para o seu companheiro de quatro patas. Aproveite agora mesmo e adquira a Ra\u00e7\u00e3o Premier Ra\u00e7as&hellip; <a class=\"read-more-link\" href=\"https:\/\/bepet.pet\/loja\/produto\/racao-premier-racas-especificas-yorkshire-25kg\/\">Read More<\/a><\/p>\n","protected":false},"featured_media":9121,"comment_status":"open","ping_status":"closed","template":"","meta":{"_kadence_starter_templates_imported_post":false},"product_brand":[],"product_cat":[121],"product_tag":[],"class_list":{"0":"post-9122","1":"product","2":"type-product","3":"status-publish","4":"has-post-thumbnail","6":"product_cat-racoes","9":"first","10":"instock","11":"shipping-taxable","12":"purchasable","13":"product-type-simple"},"yoast_head":"<!-- This site is optimized with the Yoast SEO plugin v25.5 - https:\/\/yoast.com\/wordpress\/plugins\/seo\/ -->\n<title>Ra\u00e7\u00e3o Premier Ra\u00e7as Espec\u00edficas Yorkshire 2,5Kg - BePet<\/title>\n<meta name=\"robots\" content=\"index, follow, max-snippet:-1, max-image-preview:large, max-video-preview:-1\" \/>\n<link rel=\"canonical\" href=\"https:\/\/bepet.pet\/loja\/produto\/racao-premier-racas-especificas-yorkshire-25kg\/\" \/>\n<meta property=\"og:locale\" content=\"pt_BR\" \/>\n<meta property=\"og:type\" content=\"article\" \/>\n<meta property=\"og:title\" content=\"Ra\u00e7\u00e3o Premier Ra\u00e7as Espec\u00edficas Yorkshire 2,5Kg - BePet\" \/>\n<meta property=\"og:description\" content=\"A Premier Ra\u00e7as Espec\u00edficas apresenta a ra\u00e7\u00e3o perfeita para o seu amado Yorkshire. Desenvolvida com cuidado e dedica\u00e7\u00e3o, a Ra\u00e7\u00e3o Premier Ra\u00e7as Espec\u00edficas Yorkshire 2,5Kg \u00e9 a escolha ideal para garantir a sa\u00fade e o bem-estar do seu peludo. Com ingredientes selecionados e balanceados, essa ra\u00e7\u00e3o proporciona todos os nutrientes necess\u00e1rios para suprir as necessidades espec\u00edficas da ra\u00e7a Yorkshire. Seu c\u00e3ozinho vai se beneficiar de uma alimenta\u00e7\u00e3o completa e equilibrada, que contribui para o fortalecimento dos ossos, dentes saud\u00e1veis e uma pelagem deslumbrante. Al\u00e9m disso, a Ra\u00e7\u00e3o Premier Ra\u00e7as Espec\u00edficas Yorkshire \u00e9 enriquecida com prebi\u00f3ticos e probi\u00f3ticos, que auxiliam na sa\u00fade intestinal e na absor\u00e7\u00e3o dos nutrientes, promovendo uma digest\u00e3o mais eficiente e evitando problemas gastrointestinais. Pensando na sa\u00fade bucal do seu pet, essa ra\u00e7\u00e3o conta com hexametafosfato de s\u00f3dio, um ingrediente que auxilia na redu\u00e7\u00e3o da forma\u00e7\u00e3o de t\u00e1rtaro e na manuten\u00e7\u00e3o de uma boca saud\u00e1vel. A Premier Ra\u00e7as Espec\u00edficas \u00e9 uma marca renomada e reconhecida por sua qualidade e compromisso com a sa\u00fade dos animais. Com a Ra\u00e7\u00e3o Premier Ra\u00e7as Espec\u00edficas Yorkshire 2,5Kg, voc\u00ea ter\u00e1 a certeza de estar oferecendo o melhor para o seu companheiro de quatro patas. Aproveite agora mesmo e adquira a Ra\u00e7\u00e3o Premier Ra\u00e7as&hellip; Read More\" \/>\n<meta property=\"og:url\" content=\"https:\/\/bepet.pet\/loja\/produto\/racao-premier-racas-especificas-yorkshire-25kg\/\" \/>\n<meta property=\"og:site_name\" content=\"BePet\" \/>\n<meta property=\"article:modified_time\" content=\"2025-12-10T19:50:19+00:00\" \/>\n<meta property=\"og:image\" content=\"https:\/\/bepet.pet\/loja\/wp-content\/uploads\/2023\/11\/p03fcefe5-bd89-4f7b-acde-1a0ff062f988.png\" \/>\n\t<meta property=\"og:image:width\" content=\"232\" \/>\n\t<meta property=\"og:image:height\" content=\"400\" \/>\n\t<meta property=\"og:image:type\" content=\"image\/png\" \/>\n<meta name=\"twitter:card\" content=\"summary_large_image\" \/>\n<meta name=\"twitter:label1\" content=\"Est. tempo de leitura\" \/>\n\t<meta name=\"twitter:data1\" content=\"2 minutos\" \/>\n<script type=\"application\/ld+json\" class=\"yoast-schema-graph\">{\"@context\":\"https:\/\/schema.org\",\"@graph\":[{\"@type\":\"WebPage\",\"@id\":\"https:\/\/bepet.pet\/loja\/produto\/racao-premier-racas-especificas-yorkshire-25kg\/\",\"url\":\"https:\/\/bepet.pet\/loja\/produto\/racao-premier-racas-especificas-yorkshire-25kg\/\",\"name\":\"Ra\u00e7\u00e3o Premier Ra\u00e7as Espec\u00edficas Yorkshire 2,5Kg - BePet\",\"isPartOf\":{\"@id\":\"https:\/\/bepet.pet\/loja\/#website\"},\"primaryImageOfPage\":{\"@id\":\"https:\/\/bepet.pet\/loja\/produto\/racao-premier-racas-especificas-yorkshire-25kg\/#primaryimage\"},\"image\":{\"@id\":\"https:\/\/bepet.pet\/loja\/produto\/racao-premier-racas-especificas-yorkshire-25kg\/#primaryimage\"},\"thumbnailUrl\":\"https:\/\/bepet.pet\/loja\/wp-content\/uploads\/2023\/11\/p03fcefe5-bd89-4f7b-acde-1a0ff062f988.png\",\"datePublished\":\"2023-11-17T17:48:07+00:00\",\"dateModified\":\"2025-12-10T19:50:19+00:00\",\"breadcrumb\":{\"@id\":\"https:\/\/bepet.pet\/loja\/produto\/racao-premier-racas-especificas-yorkshire-25kg\/#breadcrumb\"},\"inLanguage\":\"pt-BR\",\"potentialAction\":[{\"@type\":\"ReadAction\",\"target\":[\"https:\/\/bepet.pet\/loja\/produto\/racao-premier-racas-especificas-yorkshire-25kg\/\"]}]},{\"@type\":\"ImageObject\",\"inLanguage\":\"pt-BR\",\"@id\":\"https:\/\/bepet.pet\/loja\/produto\/racao-premier-racas-especificas-yorkshire-25kg\/#primaryimage\",\"url\":\"https:\/\/bepet.pet\/loja\/wp-content\/uploads\/2023\/11\/p03fcefe5-bd89-4f7b-acde-1a0ff062f988.png\",\"contentUrl\":\"https:\/\/bepet.pet\/loja\/wp-content\/uploads\/2023\/11\/p03fcefe5-bd89-4f7b-acde-1a0ff062f988.png\",\"width\":232,\"height\":400},{\"@type\":\"BreadcrumbList\",\"@id\":\"https:\/\/bepet.pet\/loja\/produto\/racao-premier-racas-especificas-yorkshire-25kg\/#breadcrumb\",\"itemListElement\":[{\"@type\":\"ListItem\",\"position\":1,\"name\":\"Home\",\"item\":\"https:\/\/bepet.pet\/loja\/\"},{\"@type\":\"ListItem\",\"position\":2,\"name\":\"Shop\",\"item\":\"https:\/\/bepet.pet\/loja\/shop-2\/\"},{\"@type\":\"ListItem\",\"position\":3,\"name\":\"Ra\u00e7\u00e3o Premier Ra\u00e7as Espec\u00edficas Yorkshire 2,5Kg\"}]},{\"@type\":\"WebSite\",\"@id\":\"https:\/\/bepet.pet\/loja\/#website\",\"url\":\"https:\/\/bepet.pet\/loja\/\",\"name\":\"BePet\",\"description\":\"Nossa vida \u00e9 cuidar do seu pet\",\"publisher\":{\"@id\":\"https:\/\/bepet.pet\/loja\/#organization\"},\"potentialAction\":[{\"@type\":\"SearchAction\",\"target\":{\"@type\":\"EntryPoint\",\"urlTemplate\":\"https:\/\/bepet.pet\/loja\/?s={search_term_string}\"},\"query-input\":{\"@type\":\"PropertyValueSpecification\",\"valueRequired\":true,\"valueName\":\"search_term_string\"}}],\"inLanguage\":\"pt-BR\"},{\"@type\":\"Organization\",\"@id\":\"https:\/\/bepet.pet\/loja\/#organization\",\"name\":\"BePet\",\"url\":\"https:\/\/bepet.pet\/loja\/\",\"logo\":{\"@type\":\"ImageObject\",\"inLanguage\":\"pt-BR\",\"@id\":\"https:\/\/bepet.pet\/loja\/#\/schema\/logo\/image\/\",\"url\":\"https:\/\/bepet.pet\/loja\/wp-content\/uploads\/2020\/10\/logo.jpg\",\"contentUrl\":\"https:\/\/bepet.pet\/loja\/wp-content\/uploads\/2020\/10\/logo.jpg\",\"width\":100,\"height\":99,\"caption\":\"BePet\"},\"image\":{\"@id\":\"https:\/\/bepet.pet\/loja\/#\/schema\/logo\/image\/\"}}]}<\/script>\n<!-- \/ Yoast SEO plugin. -->","yoast_head_json":{"title":"Ra\u00e7\u00e3o Premier Ra\u00e7as Espec\u00edficas Yorkshire 2,5Kg - BePet","robots":{"index":"index","follow":"follow","max-snippet":"max-snippet:-1","max-image-preview":"max-image-preview:large","max-video-preview":"max-video-preview:-1"},"canonical":"https:\/\/bepet.pet\/loja\/produto\/racao-premier-racas-especificas-yorkshire-25kg\/","og_locale":"pt_BR","og_type":"article","og_title":"Ra\u00e7\u00e3o Premier Ra\u00e7as Espec\u00edficas Yorkshire 2,5Kg - BePet","og_description":"A Premier Ra\u00e7as Espec\u00edficas apresenta a ra\u00e7\u00e3o perfeita para o seu amado Yorkshire. Desenvolvida com cuidado e dedica\u00e7\u00e3o, a Ra\u00e7\u00e3o Premier Ra\u00e7as Espec\u00edficas Yorkshire 2,5Kg \u00e9 a escolha ideal para garantir a sa\u00fade e o bem-estar do seu peludo. Com ingredientes selecionados e balanceados, essa ra\u00e7\u00e3o proporciona todos os nutrientes necess\u00e1rios para suprir as necessidades espec\u00edficas da ra\u00e7a Yorkshire. Seu c\u00e3ozinho vai se beneficiar de uma alimenta\u00e7\u00e3o completa e equilibrada, que contribui para o fortalecimento dos ossos, dentes saud\u00e1veis e uma pelagem deslumbrante. Al\u00e9m disso, a Ra\u00e7\u00e3o Premier Ra\u00e7as Espec\u00edficas Yorkshire \u00e9 enriquecida com prebi\u00f3ticos e probi\u00f3ticos, que auxiliam na sa\u00fade intestinal e na absor\u00e7\u00e3o dos nutrientes, promovendo uma digest\u00e3o mais eficiente e evitando problemas gastrointestinais. Pensando na sa\u00fade bucal do seu pet, essa ra\u00e7\u00e3o conta com hexametafosfato de s\u00f3dio, um ingrediente que auxilia na redu\u00e7\u00e3o da forma\u00e7\u00e3o de t\u00e1rtaro e na manuten\u00e7\u00e3o de uma boca saud\u00e1vel. A Premier Ra\u00e7as Espec\u00edficas \u00e9 uma marca renomada e reconhecida por sua qualidade e compromisso com a sa\u00fade dos animais. Com a Ra\u00e7\u00e3o Premier Ra\u00e7as Espec\u00edficas Yorkshire 2,5Kg, voc\u00ea ter\u00e1 a certeza de estar oferecendo o melhor para o seu companheiro de quatro patas. Aproveite agora mesmo e adquira a Ra\u00e7\u00e3o Premier Ra\u00e7as&hellip; Read More","og_url":"https:\/\/bepet.pet\/loja\/produto\/racao-premier-racas-especificas-yorkshire-25kg\/","og_site_name":"BePet","article_modified_time":"2025-12-10T19:50:19+00:00","og_image":[{"width":232,"height":400,"url":"https:\/\/bepet.pet\/loja\/wp-content\/uploads\/2023\/11\/p03fcefe5-bd89-4f7b-acde-1a0ff062f988.png","type":"image\/png"}],"twitter_card":"summary_large_image","twitter_misc":{"Est. tempo de leitura":"2 minutos"},"schema":{"@context":"https:\/\/schema.org","@graph":[{"@type":"WebPage","@id":"https:\/\/bepet.pet\/loja\/produto\/racao-premier-racas-especificas-yorkshire-25kg\/","url":"https:\/\/bepet.pet\/loja\/produto\/racao-premier-racas-especificas-yorkshire-25kg\/","name":"Ra\u00e7\u00e3o Premier Ra\u00e7as Espec\u00edficas Yorkshire 2,5Kg - BePet","isPartOf":{"@id":"https:\/\/bepet.pet\/loja\/#website"},"primaryImageOfPage":{"@id":"https:\/\/bepet.pet\/loja\/produto\/racao-premier-racas-especificas-yorkshire-25kg\/#primaryimage"},"image":{"@id":"https:\/\/bepet.pet\/loja\/produto\/racao-premier-racas-especificas-yorkshire-25kg\/#primaryimage"},"thumbnailUrl":"https:\/\/bepet.pet\/loja\/wp-content\/uploads\/2023\/11\/p03fcefe5-bd89-4f7b-acde-1a0ff062f988.png","datePublished":"2023-11-17T17:48:07+00:00","dateModified":"2025-12-10T19:50:19+00:00","breadcrumb":{"@id":"https:\/\/bepet.pet\/loja\/produto\/racao-premier-racas-especificas-yorkshire-25kg\/#breadcrumb"},"inLanguage":"pt-BR","potentialAction":[{"@type":"ReadAction","target":["https:\/\/bepet.pet\/loja\/produto\/racao-premier-racas-especificas-yorkshire-25kg\/"]}]},{"@type":"ImageObject","inLanguage":"pt-BR","@id":"https:\/\/bepet.pet\/loja\/produto\/racao-premier-racas-especificas-yorkshire-25kg\/#primaryimage","url":"https:\/\/bepet.pet\/loja\/wp-content\/uploads\/2023\/11\/p03fcefe5-bd89-4f7b-acde-1a0ff062f988.png","contentUrl":"https:\/\/bepet.pet\/loja\/wp-content\/uploads\/2023\/11\/p03fcefe5-bd89-4f7b-acde-1a0ff062f988.png","width":232,"height":400},{"@type":"BreadcrumbList","@id":"https:\/\/bepet.pet\/loja\/produto\/racao-premier-racas-especificas-yorkshire-25kg\/#breadcrumb","itemListElement":[{"@type":"ListItem","position":1,"name":"Home","item":"https:\/\/bepet.pet\/loja\/"},{"@type":"ListItem","position":2,"name":"Shop","item":"https:\/\/bepet.pet\/loja\/shop-2\/"},{"@type":"ListItem","position":3,"name":"Ra\u00e7\u00e3o Premier Ra\u00e7as Espec\u00edficas Yorkshire 2,5Kg"}]},{"@type":"WebSite","@id":"https:\/\/bepet.pet\/loja\/#website","url":"https:\/\/bepet.pet\/loja\/","name":"BePet","description":"Nossa vida \u00e9 cuidar do seu pet","publisher":{"@id":"https:\/\/bepet.pet\/loja\/#organization"},"potentialAction":[{"@type":"SearchAction","target":{"@type":"EntryPoint","urlTemplate":"https:\/\/bepet.pet\/loja\/?s={search_term_string}"},"query-input":{"@type":"PropertyValueSpecification","valueRequired":true,"valueName":"search_term_string"}}],"inLanguage":"pt-BR"},{"@type":"Organization","@id":"https:\/\/bepet.pet\/loja\/#organization","name":"BePet","url":"https:\/\/bepet.pet\/loja\/","logo":{"@type":"ImageObject","inLanguage":"pt-BR","@id":"https:\/\/bepet.pet\/loja\/#\/schema\/logo\/image\/","url":"https:\/\/bepet.pet\/loja\/wp-content\/uploads\/2020\/10\/logo.jpg","contentUrl":"https:\/\/bepet.pet\/loja\/wp-content\/uploads\/2020\/10\/logo.jpg","width":100,"height":99,"caption":"BePet"},"image":{"@id":"https:\/\/bepet.pet\/loja\/#\/schema\/logo\/image\/"}}]}},"jetpack_sharing_enabled":true,"_links":{"self":[{"href":"https:\/\/bepet.pet\/loja\/wp-json\/wp\/v2\/product\/9122","targetHints":{"allow":["GET"]}}],"collection":[{"href":"https:\/\/bepet.pet\/loja\/wp-json\/wp\/v2\/product"}],"about":[{"href":"https:\/\/bepet.pet\/loja\/wp-json\/wp\/v2\/types\/product"}],"replies":[{"embeddable":true,"href":"https:\/\/bepet.pet\/loja\/wp-json\/wp\/v2\/comments?post=9122"}],"wp:featuredmedia":[{"embeddable":true,"href":"https:\/\/bepet.pet\/loja\/wp-json\/wp\/v2\/media\/9121"}],"wp:attachment":[{"href":"https:\/\/bepet.pet\/loja\/wp-json\/wp\/v2\/media?parent=9122"}],"wp:term":[{"taxonomy":"product_brand","embeddable":true,"href":"https:\/\/bepet.pet\/loja\/wp-json\/wp\/v2\/product_brand?post=9122"},{"taxonomy":"product_cat","embeddable":true,"href":"https:\/\/bepet.pet\/loja\/wp-json\/wp\/v2\/product_cat?post=9122"},{"taxonomy":"product_tag","embeddable":true,"href":"https:\/\/bepet.pet\/loja\/wp-json\/wp\/v2\/product_tag?post=9122"}],"curies":[{"name":"wp","href":"https:\/\/api.w.org\/{rel}","templated":true}]}}