{"id":10963,"date":"2025-06-23T10:11:49","date_gmt":"2025-06-23T13:11:49","guid":{"rendered":"https:\/\/bepet.pet\/loja\/produto\/racao-premier-ambientes-internos-para-caes-adultos-sabor-frango-e-salmao-1kg\/"},"modified":"2025-12-10T16:48:30","modified_gmt":"2025-12-10T19:48:30","slug":"racao-premier-ambientes-internos-para-caes-adultos-sabor-frango-e-salmao-1kg","status":"publish","type":"product","link":"https:\/\/bepet.pet\/loja\/produto\/racao-premier-ambientes-internos-para-caes-adultos-sabor-frango-e-salmao-1kg\/","title":{"rendered":"Ra\u00e7\u00e3o Premier Ambientes Internos para C\u00e3es Adultos Sabor Frango e Salm\u00e3o 1kg"},"content":{"rendered":"<p>Conhe\u00e7a a nova Ra\u00e7\u00e3o Premier Ambientes Internos para C\u00e3es Adultos Sabor Frango e Salm\u00e3o 1kg, o alimento perfeito para garantir a sa\u00fade e o bem-estar do seu pet. <\/p>\n<p>Desenvolvida especialmente para c\u00e3es que vivem em ambientes internos, essa ra\u00e7\u00e3o oferece todos os nutrientes necess\u00e1rios para uma alimenta\u00e7\u00e3o equilibrada e saud\u00e1vel. Com um sabor irresist\u00edvel de frango e salm\u00e3o, seu c\u00e3o vai adorar cada refei\u00e7\u00e3o.<\/p>\n<p>A Ra\u00e7\u00e3o Premier Ambientes Internos possui uma f\u00f3rmula exclusiva que ajuda a controlar os odores das fezes, tornando o conv\u00edvio dentro de casa muito mais agrad\u00e1vel. Al\u00e9m disso, cont\u00e9m ingredientes de alta qualidade que contribuem para a sa\u00fade da pele, pelagem, dentes e ossos do seu c\u00e3o.<\/p>\n<p>Com o objetivo de proporcionar uma vida mais saud\u00e1vel e longa para o seu pet, a Premier Pet desenvolveu essa ra\u00e7\u00e3o com ingredientes selecionados e sem corantes artificiais. Assim, voc\u00ea pode ter a certeza de estar oferecendo o melhor para o seu companheiro de quatro patas.<\/p>\n<p>A embalagem de 1kg \u00e9 perfeita para experimentar ou levar em viagens, garantindo que o seu c\u00e3o tenha uma alimenta\u00e7\u00e3o adequada em qualquer lugar. Al\u00e9m disso, a ra\u00e7\u00e3o possui uma textura e tamanho de gr\u00e3os ideais para facilitar a mastiga\u00e7\u00e3o e a digest\u00e3o do seu pet.<\/p>\n<p>N\u00e3o perca a oportunidade de proporcionar uma alimenta\u00e7\u00e3o de qualidade para o seu c\u00e3o. Adquira agora mesmo a Ra\u00e7\u00e3o Premier Ambientes Internos para C\u00e3es Adultos Sabor Frango e Salm\u00e3o 1kg e veja a diferen\u00e7a na sa\u00fade e no bem-estar do seu pet. Aproveite!<\/p>\n","protected":false},"excerpt":{"rendered":"<p>Conhe\u00e7a a nova Ra\u00e7\u00e3o Premier Ambientes Internos para C\u00e3es Adultos Sabor Frango e Salm\u00e3o 1kg, o alimento perfeito para garantir a sa\u00fade e o bem-estar do seu pet. Desenvolvida especialmente para c\u00e3es que vivem em ambientes internos, essa ra\u00e7\u00e3o oferece todos os nutrientes necess\u00e1rios para uma alimenta\u00e7\u00e3o equilibrada e saud\u00e1vel. Com um sabor irresist\u00edvel de frango e salm\u00e3o, seu c\u00e3o vai adorar cada refei\u00e7\u00e3o. A Ra\u00e7\u00e3o Premier Ambientes Internos possui uma f\u00f3rmula exclusiva que ajuda a controlar os odores das fezes, tornando o conv\u00edvio dentro de casa muito mais agrad\u00e1vel. Al\u00e9m disso, cont\u00e9m ingredientes de alta qualidade que contribuem para a sa\u00fade da pele, pelagem, dentes e ossos do seu c\u00e3o. Com o objetivo de proporcionar uma vida mais saud\u00e1vel e longa para o seu pet, a Premier Pet desenvolveu essa ra\u00e7\u00e3o com ingredientes selecionados e sem corantes artificiais. Assim, voc\u00ea pode ter a certeza de estar oferecendo o melhor para o seu companheiro de quatro patas. A embalagem de 1kg \u00e9 perfeita para experimentar ou levar em viagens, garantindo que o seu c\u00e3o tenha uma alimenta\u00e7\u00e3o adequada em qualquer lugar. Al\u00e9m disso, a ra\u00e7\u00e3o possui uma textura e tamanho de gr\u00e3os ideais para facilitar a mastiga\u00e7\u00e3o e a digest\u00e3o&hellip; <a class=\"read-more-link\" href=\"https:\/\/bepet.pet\/loja\/produto\/racao-premier-ambientes-internos-para-caes-adultos-sabor-frango-e-salmao-1kg\/\">Read More<\/a><\/p>\n","protected":false},"featured_media":10961,"comment_status":"open","ping_status":"closed","template":"","meta":{"_kadence_starter_templates_imported_post":false},"product_brand":[],"product_cat":[121,130],"product_tag":[],"class_list":{"0":"post-10963","1":"product","2":"type-product","3":"status-publish","4":"has-post-thumbnail","6":"product_cat-racoes","7":"product_cat-secas-caes","10":"first","11":"instock","12":"shipping-taxable","13":"purchasable","14":"product-type-simple"},"yoast_head":"<!-- This site is optimized with the Yoast SEO plugin v25.5 - https:\/\/yoast.com\/wordpress\/plugins\/seo\/ -->\n<title>Ra\u00e7\u00e3o Premier Ambientes Internos para C\u00e3es Adultos Sabor Frango e Salm\u00e3o 1kg - BePet<\/title>\n<meta name=\"robots\" content=\"index, follow, max-snippet:-1, max-image-preview:large, max-video-preview:-1\" \/>\n<link rel=\"canonical\" href=\"https:\/\/bepet.pet\/loja\/produto\/racao-premier-ambientes-internos-para-caes-adultos-sabor-frango-e-salmao-1kg\/\" \/>\n<meta property=\"og:locale\" content=\"pt_BR\" \/>\n<meta property=\"og:type\" content=\"article\" \/>\n<meta property=\"og:title\" content=\"Ra\u00e7\u00e3o Premier Ambientes Internos para C\u00e3es Adultos Sabor Frango e Salm\u00e3o 1kg - BePet\" \/>\n<meta property=\"og:description\" content=\"Conhe\u00e7a a nova Ra\u00e7\u00e3o Premier Ambientes Internos para C\u00e3es Adultos Sabor Frango e Salm\u00e3o 1kg, o alimento perfeito para garantir a sa\u00fade e o bem-estar do seu pet. Desenvolvida especialmente para c\u00e3es que vivem em ambientes internos, essa ra\u00e7\u00e3o oferece todos os nutrientes necess\u00e1rios para uma alimenta\u00e7\u00e3o equilibrada e saud\u00e1vel. Com um sabor irresist\u00edvel de frango e salm\u00e3o, seu c\u00e3o vai adorar cada refei\u00e7\u00e3o. A Ra\u00e7\u00e3o Premier Ambientes Internos possui uma f\u00f3rmula exclusiva que ajuda a controlar os odores das fezes, tornando o conv\u00edvio dentro de casa muito mais agrad\u00e1vel. Al\u00e9m disso, cont\u00e9m ingredientes de alta qualidade que contribuem para a sa\u00fade da pele, pelagem, dentes e ossos do seu c\u00e3o. Com o objetivo de proporcionar uma vida mais saud\u00e1vel e longa para o seu pet, a Premier Pet desenvolveu essa ra\u00e7\u00e3o com ingredientes selecionados e sem corantes artificiais. Assim, voc\u00ea pode ter a certeza de estar oferecendo o melhor para o seu companheiro de quatro patas. A embalagem de 1kg \u00e9 perfeita para experimentar ou levar em viagens, garantindo que o seu c\u00e3o tenha uma alimenta\u00e7\u00e3o adequada em qualquer lugar. Al\u00e9m disso, a ra\u00e7\u00e3o possui uma textura e tamanho de gr\u00e3os ideais para facilitar a mastiga\u00e7\u00e3o e a digest\u00e3o&hellip; Read More\" \/>\n<meta property=\"og:url\" content=\"https:\/\/bepet.pet\/loja\/produto\/racao-premier-ambientes-internos-para-caes-adultos-sabor-frango-e-salmao-1kg\/\" \/>\n<meta property=\"og:site_name\" content=\"BePet\" \/>\n<meta property=\"article:modified_time\" content=\"2025-12-10T19:48:30+00:00\" \/>\n<meta name=\"twitter:card\" content=\"summary_large_image\" \/>\n<meta name=\"twitter:label1\" content=\"Est. tempo de leitura\" \/>\n\t<meta name=\"twitter:data1\" content=\"1 minuto\" \/>\n<script type=\"application\/ld+json\" class=\"yoast-schema-graph\">{\"@context\":\"https:\/\/schema.org\",\"@graph\":[{\"@type\":\"WebPage\",\"@id\":\"https:\/\/bepet.pet\/loja\/produto\/racao-premier-ambientes-internos-para-caes-adultos-sabor-frango-e-salmao-1kg\/\",\"url\":\"https:\/\/bepet.pet\/loja\/produto\/racao-premier-ambientes-internos-para-caes-adultos-sabor-frango-e-salmao-1kg\/\",\"name\":\"Ra\u00e7\u00e3o Premier Ambientes Internos para C\u00e3es Adultos Sabor Frango e Salm\u00e3o 1kg - BePet\",\"isPartOf\":{\"@id\":\"https:\/\/bepet.pet\/loja\/#website\"},\"primaryImageOfPage\":{\"@id\":\"https:\/\/bepet.pet\/loja\/produto\/racao-premier-ambientes-internos-para-caes-adultos-sabor-frango-e-salmao-1kg\/#primaryimage\"},\"image\":{\"@id\":\"https:\/\/bepet.pet\/loja\/produto\/racao-premier-ambientes-internos-para-caes-adultos-sabor-frango-e-salmao-1kg\/#primaryimage\"},\"thumbnailUrl\":\"https:\/\/bepet.pet\/loja\/wp-content\/uploads\/2025\/06\/p36bb19aa-4e26-4269-92c8-be86bf4b7773.png\",\"datePublished\":\"2025-06-23T13:11:49+00:00\",\"dateModified\":\"2025-12-10T19:48:30+00:00\",\"breadcrumb\":{\"@id\":\"https:\/\/bepet.pet\/loja\/produto\/racao-premier-ambientes-internos-para-caes-adultos-sabor-frango-e-salmao-1kg\/#breadcrumb\"},\"inLanguage\":\"pt-BR\",\"potentialAction\":[{\"@type\":\"ReadAction\",\"target\":[\"https:\/\/bepet.pet\/loja\/produto\/racao-premier-ambientes-internos-para-caes-adultos-sabor-frango-e-salmao-1kg\/\"]}]},{\"@type\":\"ImageObject\",\"inLanguage\":\"pt-BR\",\"@id\":\"https:\/\/bepet.pet\/loja\/produto\/racao-premier-ambientes-internos-para-caes-adultos-sabor-frango-e-salmao-1kg\/#primaryimage\",\"url\":\"https:\/\/bepet.pet\/loja\/wp-content\/uploads\/2025\/06\/p36bb19aa-4e26-4269-92c8-be86bf4b7773.png\",\"contentUrl\":\"https:\/\/bepet.pet\/loja\/wp-content\/uploads\/2025\/06\/p36bb19aa-4e26-4269-92c8-be86bf4b7773.png\",\"width\":201,\"height\":400},{\"@type\":\"BreadcrumbList\",\"@id\":\"https:\/\/bepet.pet\/loja\/produto\/racao-premier-ambientes-internos-para-caes-adultos-sabor-frango-e-salmao-1kg\/#breadcrumb\",\"itemListElement\":[{\"@type\":\"ListItem\",\"position\":1,\"name\":\"Home\",\"item\":\"https:\/\/bepet.pet\/loja\/\"},{\"@type\":\"ListItem\",\"position\":2,\"name\":\"Shop\",\"item\":\"https:\/\/bepet.pet\/loja\/shop-2\/\"},{\"@type\":\"ListItem\",\"position\":3,\"name\":\"Ra\u00e7\u00e3o Premier Ambientes Internos para C\u00e3es Adultos Sabor Frango e Salm\u00e3o 1kg\"}]},{\"@type\":\"WebSite\",\"@id\":\"https:\/\/bepet.pet\/loja\/#website\",\"url\":\"https:\/\/bepet.pet\/loja\/\",\"name\":\"BePet\",\"description\":\"Nossa vida \u00e9 cuidar do seu pet\",\"publisher\":{\"@id\":\"https:\/\/bepet.pet\/loja\/#organization\"},\"potentialAction\":[{\"@type\":\"SearchAction\",\"target\":{\"@type\":\"EntryPoint\",\"urlTemplate\":\"https:\/\/bepet.pet\/loja\/?s={search_term_string}\"},\"query-input\":{\"@type\":\"PropertyValueSpecification\",\"valueRequired\":true,\"valueName\":\"search_term_string\"}}],\"inLanguage\":\"pt-BR\"},{\"@type\":\"Organization\",\"@id\":\"https:\/\/bepet.pet\/loja\/#organization\",\"name\":\"BePet\",\"url\":\"https:\/\/bepet.pet\/loja\/\",\"logo\":{\"@type\":\"ImageObject\",\"inLanguage\":\"pt-BR\",\"@id\":\"https:\/\/bepet.pet\/loja\/#\/schema\/logo\/image\/\",\"url\":\"https:\/\/bepet.pet\/loja\/wp-content\/uploads\/2020\/10\/logo.jpg\",\"contentUrl\":\"https:\/\/bepet.pet\/loja\/wp-content\/uploads\/2020\/10\/logo.jpg\",\"width\":100,\"height\":99,\"caption\":\"BePet\"},\"image\":{\"@id\":\"https:\/\/bepet.pet\/loja\/#\/schema\/logo\/image\/\"}}]}<\/script>\n<!-- \/ Yoast SEO plugin. -->","yoast_head_json":{"title":"Ra\u00e7\u00e3o Premier Ambientes Internos para C\u00e3es Adultos Sabor Frango e Salm\u00e3o 1kg - BePet","robots":{"index":"index","follow":"follow","max-snippet":"max-snippet:-1","max-image-preview":"max-image-preview:large","max-video-preview":"max-video-preview:-1"},"canonical":"https:\/\/bepet.pet\/loja\/produto\/racao-premier-ambientes-internos-para-caes-adultos-sabor-frango-e-salmao-1kg\/","og_locale":"pt_BR","og_type":"article","og_title":"Ra\u00e7\u00e3o Premier Ambientes Internos para C\u00e3es Adultos Sabor Frango e Salm\u00e3o 1kg - BePet","og_description":"Conhe\u00e7a a nova Ra\u00e7\u00e3o Premier Ambientes Internos para C\u00e3es Adultos Sabor Frango e Salm\u00e3o 1kg, o alimento perfeito para garantir a sa\u00fade e o bem-estar do seu pet. Desenvolvida especialmente para c\u00e3es que vivem em ambientes internos, essa ra\u00e7\u00e3o oferece todos os nutrientes necess\u00e1rios para uma alimenta\u00e7\u00e3o equilibrada e saud\u00e1vel. Com um sabor irresist\u00edvel de frango e salm\u00e3o, seu c\u00e3o vai adorar cada refei\u00e7\u00e3o. A Ra\u00e7\u00e3o Premier Ambientes Internos possui uma f\u00f3rmula exclusiva que ajuda a controlar os odores das fezes, tornando o conv\u00edvio dentro de casa muito mais agrad\u00e1vel. Al\u00e9m disso, cont\u00e9m ingredientes de alta qualidade que contribuem para a sa\u00fade da pele, pelagem, dentes e ossos do seu c\u00e3o. Com o objetivo de proporcionar uma vida mais saud\u00e1vel e longa para o seu pet, a Premier Pet desenvolveu essa ra\u00e7\u00e3o com ingredientes selecionados e sem corantes artificiais. Assim, voc\u00ea pode ter a certeza de estar oferecendo o melhor para o seu companheiro de quatro patas. A embalagem de 1kg \u00e9 perfeita para experimentar ou levar em viagens, garantindo que o seu c\u00e3o tenha uma alimenta\u00e7\u00e3o adequada em qualquer lugar. Al\u00e9m disso, a ra\u00e7\u00e3o possui uma textura e tamanho de gr\u00e3os ideais para facilitar a mastiga\u00e7\u00e3o e a digest\u00e3o&hellip; Read More","og_url":"https:\/\/bepet.pet\/loja\/produto\/racao-premier-ambientes-internos-para-caes-adultos-sabor-frango-e-salmao-1kg\/","og_site_name":"BePet","article_modified_time":"2025-12-10T19:48:30+00:00","twitter_card":"summary_large_image","twitter_misc":{"Est. tempo de leitura":"1 minuto"},"schema":{"@context":"https:\/\/schema.org","@graph":[{"@type":"WebPage","@id":"https:\/\/bepet.pet\/loja\/produto\/racao-premier-ambientes-internos-para-caes-adultos-sabor-frango-e-salmao-1kg\/","url":"https:\/\/bepet.pet\/loja\/produto\/racao-premier-ambientes-internos-para-caes-adultos-sabor-frango-e-salmao-1kg\/","name":"Ra\u00e7\u00e3o Premier Ambientes Internos para C\u00e3es Adultos Sabor Frango e Salm\u00e3o 1kg - BePet","isPartOf":{"@id":"https:\/\/bepet.pet\/loja\/#website"},"primaryImageOfPage":{"@id":"https:\/\/bepet.pet\/loja\/produto\/racao-premier-ambientes-internos-para-caes-adultos-sabor-frango-e-salmao-1kg\/#primaryimage"},"image":{"@id":"https:\/\/bepet.pet\/loja\/produto\/racao-premier-ambientes-internos-para-caes-adultos-sabor-frango-e-salmao-1kg\/#primaryimage"},"thumbnailUrl":"https:\/\/bepet.pet\/loja\/wp-content\/uploads\/2025\/06\/p36bb19aa-4e26-4269-92c8-be86bf4b7773.png","datePublished":"2025-06-23T13:11:49+00:00","dateModified":"2025-12-10T19:48:30+00:00","breadcrumb":{"@id":"https:\/\/bepet.pet\/loja\/produto\/racao-premier-ambientes-internos-para-caes-adultos-sabor-frango-e-salmao-1kg\/#breadcrumb"},"inLanguage":"pt-BR","potentialAction":[{"@type":"ReadAction","target":["https:\/\/bepet.pet\/loja\/produto\/racao-premier-ambientes-internos-para-caes-adultos-sabor-frango-e-salmao-1kg\/"]}]},{"@type":"ImageObject","inLanguage":"pt-BR","@id":"https:\/\/bepet.pet\/loja\/produto\/racao-premier-ambientes-internos-para-caes-adultos-sabor-frango-e-salmao-1kg\/#primaryimage","url":"https:\/\/bepet.pet\/loja\/wp-content\/uploads\/2025\/06\/p36bb19aa-4e26-4269-92c8-be86bf4b7773.png","contentUrl":"https:\/\/bepet.pet\/loja\/wp-content\/uploads\/2025\/06\/p36bb19aa-4e26-4269-92c8-be86bf4b7773.png","width":201,"height":400},{"@type":"BreadcrumbList","@id":"https:\/\/bepet.pet\/loja\/produto\/racao-premier-ambientes-internos-para-caes-adultos-sabor-frango-e-salmao-1kg\/#breadcrumb","itemListElement":[{"@type":"ListItem","position":1,"name":"Home","item":"https:\/\/bepet.pet\/loja\/"},{"@type":"ListItem","position":2,"name":"Shop","item":"https:\/\/bepet.pet\/loja\/shop-2\/"},{"@type":"ListItem","position":3,"name":"Ra\u00e7\u00e3o Premier Ambientes Internos para C\u00e3es Adultos Sabor Frango e Salm\u00e3o 1kg"}]},{"@type":"WebSite","@id":"https:\/\/bepet.pet\/loja\/#website","url":"https:\/\/bepet.pet\/loja\/","name":"BePet","description":"Nossa vida \u00e9 cuidar do seu pet","publisher":{"@id":"https:\/\/bepet.pet\/loja\/#organization"},"potentialAction":[{"@type":"SearchAction","target":{"@type":"EntryPoint","urlTemplate":"https:\/\/bepet.pet\/loja\/?s={search_term_string}"},"query-input":{"@type":"PropertyValueSpecification","valueRequired":true,"valueName":"search_term_string"}}],"inLanguage":"pt-BR"},{"@type":"Organization","@id":"https:\/\/bepet.pet\/loja\/#organization","name":"BePet","url":"https:\/\/bepet.pet\/loja\/","logo":{"@type":"ImageObject","inLanguage":"pt-BR","@id":"https:\/\/bepet.pet\/loja\/#\/schema\/logo\/image\/","url":"https:\/\/bepet.pet\/loja\/wp-content\/uploads\/2020\/10\/logo.jpg","contentUrl":"https:\/\/bepet.pet\/loja\/wp-content\/uploads\/2020\/10\/logo.jpg","width":100,"height":99,"caption":"BePet"},"image":{"@id":"https:\/\/bepet.pet\/loja\/#\/schema\/logo\/image\/"}}]}},"jetpack_sharing_enabled":true,"_links":{"self":[{"href":"https:\/\/bepet.pet\/loja\/wp-json\/wp\/v2\/product\/10963","targetHints":{"allow":["GET"]}}],"collection":[{"href":"https:\/\/bepet.pet\/loja\/wp-json\/wp\/v2\/product"}],"about":[{"href":"https:\/\/bepet.pet\/loja\/wp-json\/wp\/v2\/types\/product"}],"replies":[{"embeddable":true,"href":"https:\/\/bepet.pet\/loja\/wp-json\/wp\/v2\/comments?post=10963"}],"wp:featuredmedia":[{"embeddable":true,"href":"https:\/\/bepet.pet\/loja\/wp-json\/wp\/v2\/media\/10961"}],"wp:attachment":[{"href":"https:\/\/bepet.pet\/loja\/wp-json\/wp\/v2\/media?parent=10963"}],"wp:term":[{"taxonomy":"product_brand","embeddable":true,"href":"https:\/\/bepet.pet\/loja\/wp-json\/wp\/v2\/product_brand?post=10963"},{"taxonomy":"product_cat","embeddable":true,"href":"https:\/\/bepet.pet\/loja\/wp-json\/wp\/v2\/product_cat?post=10963"},{"taxonomy":"product_tag","embeddable":true,"href":"https:\/\/bepet.pet\/loja\/wp-json\/wp\/v2\/product_tag?post=10963"}],"curies":[{"name":"wp","href":"https:\/\/api.w.org\/{rel}","templated":true}]}}