{"id":10944,"date":"2025-06-17T14:36:36","date_gmt":"2025-06-17T17:36:36","guid":{"rendered":"https:\/\/bepet.pet\/loja\/produto\/churu-caes-frango-e-salmao\/"},"modified":"2026-02-10T16:23:34","modified_gmt":"2026-02-10T19:23:34","slug":"pure-churu-dog-sabor-frango-com-salmao-para-caes-56-g","status":"publish","type":"product","link":"https:\/\/bepet.pet\/loja\/produto\/pure-churu-dog-sabor-frango-com-salmao-para-caes-56-g\/","title":{"rendered":"Pur\u00ea Churu Dog Sabor Frango com Salm\u00e3o para C\u00e3es 56 g"},"content":{"rendered":"<p>**Apresentamos o CHURU C\u00c3ES FRANGO E SALM\u00c3O: O Petisco Irresist\u00edvel para Seu Melhor Amigo!**<\/p>\n<p>Descubra o CHURU C\u00c3ES FRANGO E SALM\u00c3O, um delicioso petisco desenvolvido especialmente para c\u00e3es que valorizam o sabor e a qualidade. Com uma combina\u00e7\u00e3o \u00fanica de frango e salm\u00e3o, este produto \u00e9 ideal para agradar at\u00e9 os paladares mais exigentes.<\/p>\n<p>**Caracter\u00edsticas do Produto:**<br \/>&#8211; **Ingredientes Naturais:** Feito com frango e salm\u00e3o de alta qualidade, sem adi\u00e7\u00e3o de conservantes artificiais.<br \/>&#8211; **Textura Cremosa:** A consist\u00eancia cremosa do CHURU permite que voc\u00ea ofere\u00e7a o petisco diretamente da embalagem ou como complemento nas refei\u00e7\u00f5es.<br \/>&#8211; **Praticidade:** Ideal para ser utilizado como recompensa durante o treinamento ou simplesmente como um agrado no dia a dia.<\/p>\n<p>**Benef\u00edcios:**<br \/>&#8211; **Saud\u00e1vel e Nutritivo:** Rico em prote\u00ednas essenciais, o CHURU C\u00c3ES FRANGO E SALM\u00c3O contribui para a sa\u00fade e bem-estar do seu c\u00e3o.<br \/>&#8211; **Apropriado para Todas as Ra\u00e7as:** Seu formato e sabor s\u00e3o adequados para c\u00e3es de todos os tamanhos e idades, tornando-o um petisco vers\u00e1til.<br \/>&#8211; **F\u00e1cil de Servir:** A embalagem facilita a administra\u00e7\u00e3o, permitindo que voc\u00ea compartilhe momentos especiais com seu pet a qualquer hora.<\/p>\n<p>**Experimente o CHURU C\u00c3ES FRANGO E SALM\u00c3O e transforme a hora do lanche em um momento de pura felicidade!** Visite nosso site e adquira j\u00e1 o seu. Seu c\u00e3o merece esse carinho!<\/p>\n","protected":false},"excerpt":{"rendered":"<p>**Apresentamos o CHURU C\u00c3ES FRANGO E SALM\u00c3O: O Petisco Irresist\u00edvel para Seu Melhor Amigo!** Descubra o CHURU C\u00c3ES FRANGO E SALM\u00c3O, um delicioso petisco desenvolvido especialmente para c\u00e3es que valorizam o sabor e a qualidade. Com uma combina\u00e7\u00e3o \u00fanica de frango e salm\u00e3o, este produto \u00e9 ideal para agradar at\u00e9 os paladares mais exigentes. **Caracter\u00edsticas do Produto:**&#8211; **Ingredientes Naturais:** Feito com frango e salm\u00e3o de alta qualidade, sem adi\u00e7\u00e3o de conservantes artificiais.&#8211; **Textura Cremosa:** A consist\u00eancia cremosa do CHURU permite que voc\u00ea ofere\u00e7a o petisco diretamente da embalagem ou como complemento nas refei\u00e7\u00f5es.&#8211; **Praticidade:** Ideal para ser utilizado como recompensa durante o treinamento ou simplesmente como um agrado no dia a dia. **Benef\u00edcios:**&#8211; **Saud\u00e1vel e Nutritivo:** Rico em prote\u00ednas essenciais, o CHURU C\u00c3ES FRANGO E SALM\u00c3O contribui para a sa\u00fade e bem-estar do seu c\u00e3o.&#8211; **Apropriado para Todas as Ra\u00e7as:** Seu formato e sabor s\u00e3o adequados para c\u00e3es de todos os tamanhos e idades, tornando-o um petisco vers\u00e1til.&#8211; **F\u00e1cil de Servir:** A embalagem facilita a administra\u00e7\u00e3o, permitindo que voc\u00ea compartilhe momentos especiais com seu pet a qualquer hora. **Experimente o CHURU C\u00c3ES FRANGO E SALM\u00c3O e transforme a hora do lanche em um momento de pura felicidade!** Visite nosso site&hellip; <a class=\"read-more-link\" href=\"https:\/\/bepet.pet\/loja\/produto\/pure-churu-dog-sabor-frango-com-salmao-para-caes-56-g\/\">Read More<\/a><\/p>\n","protected":false},"featured_media":10942,"comment_status":"open","ping_status":"closed","template":"","meta":{"_kadence_starter_templates_imported_post":false},"product_brand":[],"product_cat":[123,139],"product_tag":[],"class_list":{"0":"post-10944","1":"product","2":"type-product","3":"status-publish","4":"has-post-thumbnail","6":"product_cat-petiscos","7":"product_cat-petiscos-caes","10":"first","11":"instock","12":"shipping-taxable","13":"purchasable","14":"product-type-simple"},"yoast_head":"<!-- This site is optimized with the Yoast SEO plugin v25.5 - https:\/\/yoast.com\/wordpress\/plugins\/seo\/ -->\n<title>Pur\u00ea Churu Dog Sabor Frango com Salm\u00e3o para C\u00e3es 56 g - BePet<\/title>\n<meta name=\"robots\" content=\"index, follow, max-snippet:-1, max-image-preview:large, max-video-preview:-1\" \/>\n<link rel=\"canonical\" href=\"https:\/\/bepet.pet\/loja\/produto\/pure-churu-dog-sabor-frango-com-salmao-para-caes-56-g\/\" \/>\n<meta property=\"og:locale\" content=\"pt_BR\" \/>\n<meta property=\"og:type\" content=\"article\" \/>\n<meta property=\"og:title\" content=\"Pur\u00ea Churu Dog Sabor Frango com Salm\u00e3o para C\u00e3es 56 g - BePet\" \/>\n<meta property=\"og:description\" content=\"**Apresentamos o CHURU C\u00c3ES FRANGO E SALM\u00c3O: O Petisco Irresist\u00edvel para Seu Melhor Amigo!** Descubra o CHURU C\u00c3ES FRANGO E SALM\u00c3O, um delicioso petisco desenvolvido especialmente para c\u00e3es que valorizam o sabor e a qualidade. Com uma combina\u00e7\u00e3o \u00fanica de frango e salm\u00e3o, este produto \u00e9 ideal para agradar at\u00e9 os paladares mais exigentes. **Caracter\u00edsticas do Produto:**&#8211; **Ingredientes Naturais:** Feito com frango e salm\u00e3o de alta qualidade, sem adi\u00e7\u00e3o de conservantes artificiais.&#8211; **Textura Cremosa:** A consist\u00eancia cremosa do CHURU permite que voc\u00ea ofere\u00e7a o petisco diretamente da embalagem ou como complemento nas refei\u00e7\u00f5es.&#8211; **Praticidade:** Ideal para ser utilizado como recompensa durante o treinamento ou simplesmente como um agrado no dia a dia. **Benef\u00edcios:**&#8211; **Saud\u00e1vel e Nutritivo:** Rico em prote\u00ednas essenciais, o CHURU C\u00c3ES FRANGO E SALM\u00c3O contribui para a sa\u00fade e bem-estar do seu c\u00e3o.&#8211; **Apropriado para Todas as Ra\u00e7as:** Seu formato e sabor s\u00e3o adequados para c\u00e3es de todos os tamanhos e idades, tornando-o um petisco vers\u00e1til.&#8211; **F\u00e1cil de Servir:** A embalagem facilita a administra\u00e7\u00e3o, permitindo que voc\u00ea compartilhe momentos especiais com seu pet a qualquer hora. **Experimente o CHURU C\u00c3ES FRANGO E SALM\u00c3O e transforme a hora do lanche em um momento de pura felicidade!** Visite nosso site&hellip; Read More\" \/>\n<meta property=\"og:url\" content=\"https:\/\/bepet.pet\/loja\/produto\/pure-churu-dog-sabor-frango-com-salmao-para-caes-56-g\/\" \/>\n<meta property=\"og:site_name\" content=\"BePet\" \/>\n<meta property=\"article:modified_time\" content=\"2026-02-10T19:23:34+00:00\" \/>\n<meta property=\"og:image\" content=\"https:\/\/bepet.pet\/loja\/wp-content\/uploads\/2025\/06\/pce0dbf0e-3e09-455b-a92a-1963d0332f50.jpeg\" \/>\n\t<meta property=\"og:image:width\" content=\"1000\" \/>\n\t<meta property=\"og:image:height\" content=\"1000\" \/>\n\t<meta property=\"og:image:type\" content=\"image\/jpeg\" \/>\n<meta name=\"twitter:card\" content=\"summary_large_image\" \/>\n<meta name=\"twitter:label1\" content=\"Est. tempo de leitura\" \/>\n\t<meta name=\"twitter:data1\" content=\"1 minuto\" \/>\n<script type=\"application\/ld+json\" class=\"yoast-schema-graph\">{\"@context\":\"https:\/\/schema.org\",\"@graph\":[{\"@type\":\"WebPage\",\"@id\":\"https:\/\/bepet.pet\/loja\/produto\/pure-churu-dog-sabor-frango-com-salmao-para-caes-56-g\/\",\"url\":\"https:\/\/bepet.pet\/loja\/produto\/pure-churu-dog-sabor-frango-com-salmao-para-caes-56-g\/\",\"name\":\"Pur\u00ea Churu Dog Sabor Frango com Salm\u00e3o para C\u00e3es 56 g - BePet\",\"isPartOf\":{\"@id\":\"https:\/\/bepet.pet\/loja\/#website\"},\"primaryImageOfPage\":{\"@id\":\"https:\/\/bepet.pet\/loja\/produto\/pure-churu-dog-sabor-frango-com-salmao-para-caes-56-g\/#primaryimage\"},\"image\":{\"@id\":\"https:\/\/bepet.pet\/loja\/produto\/pure-churu-dog-sabor-frango-com-salmao-para-caes-56-g\/#primaryimage\"},\"thumbnailUrl\":\"https:\/\/bepet.pet\/loja\/wp-content\/uploads\/2025\/06\/pce0dbf0e-3e09-455b-a92a-1963d0332f50.jpeg\",\"datePublished\":\"2025-06-17T17:36:36+00:00\",\"dateModified\":\"2026-02-10T19:23:34+00:00\",\"breadcrumb\":{\"@id\":\"https:\/\/bepet.pet\/loja\/produto\/pure-churu-dog-sabor-frango-com-salmao-para-caes-56-g\/#breadcrumb\"},\"inLanguage\":\"pt-BR\",\"potentialAction\":[{\"@type\":\"ReadAction\",\"target\":[\"https:\/\/bepet.pet\/loja\/produto\/pure-churu-dog-sabor-frango-com-salmao-para-caes-56-g\/\"]}]},{\"@type\":\"ImageObject\",\"inLanguage\":\"pt-BR\",\"@id\":\"https:\/\/bepet.pet\/loja\/produto\/pure-churu-dog-sabor-frango-com-salmao-para-caes-56-g\/#primaryimage\",\"url\":\"https:\/\/bepet.pet\/loja\/wp-content\/uploads\/2025\/06\/pce0dbf0e-3e09-455b-a92a-1963d0332f50.jpeg\",\"contentUrl\":\"https:\/\/bepet.pet\/loja\/wp-content\/uploads\/2025\/06\/pce0dbf0e-3e09-455b-a92a-1963d0332f50.jpeg\",\"width\":1000,\"height\":1000},{\"@type\":\"BreadcrumbList\",\"@id\":\"https:\/\/bepet.pet\/loja\/produto\/pure-churu-dog-sabor-frango-com-salmao-para-caes-56-g\/#breadcrumb\",\"itemListElement\":[{\"@type\":\"ListItem\",\"position\":1,\"name\":\"Home\",\"item\":\"https:\/\/bepet.pet\/loja\/\"},{\"@type\":\"ListItem\",\"position\":2,\"name\":\"Shop\",\"item\":\"https:\/\/bepet.pet\/loja\/shop-2\/\"},{\"@type\":\"ListItem\",\"position\":3,\"name\":\"Pur\u00ea Churu Dog Sabor Frango com Salm\u00e3o para C\u00e3es 56 g\"}]},{\"@type\":\"WebSite\",\"@id\":\"https:\/\/bepet.pet\/loja\/#website\",\"url\":\"https:\/\/bepet.pet\/loja\/\",\"name\":\"BePet\",\"description\":\"Nossa vida \u00e9 cuidar do seu pet\",\"publisher\":{\"@id\":\"https:\/\/bepet.pet\/loja\/#organization\"},\"potentialAction\":[{\"@type\":\"SearchAction\",\"target\":{\"@type\":\"EntryPoint\",\"urlTemplate\":\"https:\/\/bepet.pet\/loja\/?s={search_term_string}\"},\"query-input\":{\"@type\":\"PropertyValueSpecification\",\"valueRequired\":true,\"valueName\":\"search_term_string\"}}],\"inLanguage\":\"pt-BR\"},{\"@type\":\"Organization\",\"@id\":\"https:\/\/bepet.pet\/loja\/#organization\",\"name\":\"BePet\",\"url\":\"https:\/\/bepet.pet\/loja\/\",\"logo\":{\"@type\":\"ImageObject\",\"inLanguage\":\"pt-BR\",\"@id\":\"https:\/\/bepet.pet\/loja\/#\/schema\/logo\/image\/\",\"url\":\"https:\/\/bepet.pet\/loja\/wp-content\/uploads\/2020\/10\/logo.jpg\",\"contentUrl\":\"https:\/\/bepet.pet\/loja\/wp-content\/uploads\/2020\/10\/logo.jpg\",\"width\":100,\"height\":99,\"caption\":\"BePet\"},\"image\":{\"@id\":\"https:\/\/bepet.pet\/loja\/#\/schema\/logo\/image\/\"}}]}<\/script>\n<!-- \/ Yoast SEO plugin. -->","yoast_head_json":{"title":"Pur\u00ea Churu Dog Sabor Frango com Salm\u00e3o para C\u00e3es 56 g - BePet","robots":{"index":"index","follow":"follow","max-snippet":"max-snippet:-1","max-image-preview":"max-image-preview:large","max-video-preview":"max-video-preview:-1"},"canonical":"https:\/\/bepet.pet\/loja\/produto\/pure-churu-dog-sabor-frango-com-salmao-para-caes-56-g\/","og_locale":"pt_BR","og_type":"article","og_title":"Pur\u00ea Churu Dog Sabor Frango com Salm\u00e3o para C\u00e3es 56 g - BePet","og_description":"**Apresentamos o CHURU C\u00c3ES FRANGO E SALM\u00c3O: O Petisco Irresist\u00edvel para Seu Melhor Amigo!** Descubra o CHURU C\u00c3ES FRANGO E SALM\u00c3O, um delicioso petisco desenvolvido especialmente para c\u00e3es que valorizam o sabor e a qualidade. Com uma combina\u00e7\u00e3o \u00fanica de frango e salm\u00e3o, este produto \u00e9 ideal para agradar at\u00e9 os paladares mais exigentes. **Caracter\u00edsticas do Produto:**&#8211; **Ingredientes Naturais:** Feito com frango e salm\u00e3o de alta qualidade, sem adi\u00e7\u00e3o de conservantes artificiais.&#8211; **Textura Cremosa:** A consist\u00eancia cremosa do CHURU permite que voc\u00ea ofere\u00e7a o petisco diretamente da embalagem ou como complemento nas refei\u00e7\u00f5es.&#8211; **Praticidade:** Ideal para ser utilizado como recompensa durante o treinamento ou simplesmente como um agrado no dia a dia. **Benef\u00edcios:**&#8211; **Saud\u00e1vel e Nutritivo:** Rico em prote\u00ednas essenciais, o CHURU C\u00c3ES FRANGO E SALM\u00c3O contribui para a sa\u00fade e bem-estar do seu c\u00e3o.&#8211; **Apropriado para Todas as Ra\u00e7as:** Seu formato e sabor s\u00e3o adequados para c\u00e3es de todos os tamanhos e idades, tornando-o um petisco vers\u00e1til.&#8211; **F\u00e1cil de Servir:** A embalagem facilita a administra\u00e7\u00e3o, permitindo que voc\u00ea compartilhe momentos especiais com seu pet a qualquer hora. **Experimente o CHURU C\u00c3ES FRANGO E SALM\u00c3O e transforme a hora do lanche em um momento de pura felicidade!** Visite nosso site&hellip; Read More","og_url":"https:\/\/bepet.pet\/loja\/produto\/pure-churu-dog-sabor-frango-com-salmao-para-caes-56-g\/","og_site_name":"BePet","article_modified_time":"2026-02-10T19:23:34+00:00","og_image":[{"width":1000,"height":1000,"url":"https:\/\/bepet.pet\/loja\/wp-content\/uploads\/2025\/06\/pce0dbf0e-3e09-455b-a92a-1963d0332f50.jpeg","type":"image\/jpeg"}],"twitter_card":"summary_large_image","twitter_misc":{"Est. tempo de leitura":"1 minuto"},"schema":{"@context":"https:\/\/schema.org","@graph":[{"@type":"WebPage","@id":"https:\/\/bepet.pet\/loja\/produto\/pure-churu-dog-sabor-frango-com-salmao-para-caes-56-g\/","url":"https:\/\/bepet.pet\/loja\/produto\/pure-churu-dog-sabor-frango-com-salmao-para-caes-56-g\/","name":"Pur\u00ea Churu Dog Sabor Frango com Salm\u00e3o para C\u00e3es 56 g - BePet","isPartOf":{"@id":"https:\/\/bepet.pet\/loja\/#website"},"primaryImageOfPage":{"@id":"https:\/\/bepet.pet\/loja\/produto\/pure-churu-dog-sabor-frango-com-salmao-para-caes-56-g\/#primaryimage"},"image":{"@id":"https:\/\/bepet.pet\/loja\/produto\/pure-churu-dog-sabor-frango-com-salmao-para-caes-56-g\/#primaryimage"},"thumbnailUrl":"https:\/\/bepet.pet\/loja\/wp-content\/uploads\/2025\/06\/pce0dbf0e-3e09-455b-a92a-1963d0332f50.jpeg","datePublished":"2025-06-17T17:36:36+00:00","dateModified":"2026-02-10T19:23:34+00:00","breadcrumb":{"@id":"https:\/\/bepet.pet\/loja\/produto\/pure-churu-dog-sabor-frango-com-salmao-para-caes-56-g\/#breadcrumb"},"inLanguage":"pt-BR","potentialAction":[{"@type":"ReadAction","target":["https:\/\/bepet.pet\/loja\/produto\/pure-churu-dog-sabor-frango-com-salmao-para-caes-56-g\/"]}]},{"@type":"ImageObject","inLanguage":"pt-BR","@id":"https:\/\/bepet.pet\/loja\/produto\/pure-churu-dog-sabor-frango-com-salmao-para-caes-56-g\/#primaryimage","url":"https:\/\/bepet.pet\/loja\/wp-content\/uploads\/2025\/06\/pce0dbf0e-3e09-455b-a92a-1963d0332f50.jpeg","contentUrl":"https:\/\/bepet.pet\/loja\/wp-content\/uploads\/2025\/06\/pce0dbf0e-3e09-455b-a92a-1963d0332f50.jpeg","width":1000,"height":1000},{"@type":"BreadcrumbList","@id":"https:\/\/bepet.pet\/loja\/produto\/pure-churu-dog-sabor-frango-com-salmao-para-caes-56-g\/#breadcrumb","itemListElement":[{"@type":"ListItem","position":1,"name":"Home","item":"https:\/\/bepet.pet\/loja\/"},{"@type":"ListItem","position":2,"name":"Shop","item":"https:\/\/bepet.pet\/loja\/shop-2\/"},{"@type":"ListItem","position":3,"name":"Pur\u00ea Churu Dog Sabor Frango com Salm\u00e3o para C\u00e3es 56 g"}]},{"@type":"WebSite","@id":"https:\/\/bepet.pet\/loja\/#website","url":"https:\/\/bepet.pet\/loja\/","name":"BePet","description":"Nossa vida \u00e9 cuidar do seu pet","publisher":{"@id":"https:\/\/bepet.pet\/loja\/#organization"},"potentialAction":[{"@type":"SearchAction","target":{"@type":"EntryPoint","urlTemplate":"https:\/\/bepet.pet\/loja\/?s={search_term_string}"},"query-input":{"@type":"PropertyValueSpecification","valueRequired":true,"valueName":"search_term_string"}}],"inLanguage":"pt-BR"},{"@type":"Organization","@id":"https:\/\/bepet.pet\/loja\/#organization","name":"BePet","url":"https:\/\/bepet.pet\/loja\/","logo":{"@type":"ImageObject","inLanguage":"pt-BR","@id":"https:\/\/bepet.pet\/loja\/#\/schema\/logo\/image\/","url":"https:\/\/bepet.pet\/loja\/wp-content\/uploads\/2020\/10\/logo.jpg","contentUrl":"https:\/\/bepet.pet\/loja\/wp-content\/uploads\/2020\/10\/logo.jpg","width":100,"height":99,"caption":"BePet"},"image":{"@id":"https:\/\/bepet.pet\/loja\/#\/schema\/logo\/image\/"}}]}},"jetpack_sharing_enabled":true,"_links":{"self":[{"href":"https:\/\/bepet.pet\/loja\/wp-json\/wp\/v2\/product\/10944","targetHints":{"allow":["GET"]}}],"collection":[{"href":"https:\/\/bepet.pet\/loja\/wp-json\/wp\/v2\/product"}],"about":[{"href":"https:\/\/bepet.pet\/loja\/wp-json\/wp\/v2\/types\/product"}],"replies":[{"embeddable":true,"href":"https:\/\/bepet.pet\/loja\/wp-json\/wp\/v2\/comments?post=10944"}],"wp:featuredmedia":[{"embeddable":true,"href":"https:\/\/bepet.pet\/loja\/wp-json\/wp\/v2\/media\/10942"}],"wp:attachment":[{"href":"https:\/\/bepet.pet\/loja\/wp-json\/wp\/v2\/media?parent=10944"}],"wp:term":[{"taxonomy":"product_brand","embeddable":true,"href":"https:\/\/bepet.pet\/loja\/wp-json\/wp\/v2\/product_brand?post=10944"},{"taxonomy":"product_cat","embeddable":true,"href":"https:\/\/bepet.pet\/loja\/wp-json\/wp\/v2\/product_cat?post=10944"},{"taxonomy":"product_tag","embeddable":true,"href":"https:\/\/bepet.pet\/loja\/wp-json\/wp\/v2\/product_tag?post=10944"}],"curies":[{"name":"wp","href":"https:\/\/api.w.org\/{rel}","templated":true}]}}