{"id":10828,"date":"2024-05-27T16:11:59","date_gmt":"2024-05-27T19:11:59","guid":{"rendered":"https:\/\/bepet.pet\/loja\/produto\/enzimac-150ml\/"},"modified":"2025-12-10T17:15:24","modified_gmt":"2025-12-10T20:15:24","slug":"enzimac-150ml","status":"publish","type":"product","link":"https:\/\/bepet.pet\/loja\/produto\/enzimac-150ml\/","title":{"rendered":"ENZIMAC &#8211; 150ML"},"content":{"rendered":"<p>Apresentamos o ENZIMAC &#8211; 150ML, um produto inovador que vai revolucionar a forma como voc\u00ea cuida da sua sa\u00fade. Com uma f\u00f3rmula exclusiva, o ENZIMAC \u00e9 um suplemento enzim\u00e1tico que auxilia na digest\u00e3o, promovendo uma melhor absor\u00e7\u00e3o de nutrientes e contribuindo para o bom funcionamento do sistema digestivo.<\/p>\n<p>Com apenas uma pequena dose di\u00e1ria, voc\u00ea sentir\u00e1 os benef\u00edcios do ENZIMAC em seu dia a dia, proporcionando mais energia, disposi\u00e7\u00e3o e bem-estar. Al\u00e9m disso, o produto \u00e9 de f\u00e1cil ingest\u00e3o e pode ser utilizado por pessoas de todas as idades.<\/p>\n<p>N\u00e3o perca tempo e experimente agora mesmo o ENZIMAC &#8211; 150ML. Aproveite todos os benef\u00edcios que esse produto inovador pode oferecer para a sua sa\u00fade e qualidade de vida. Garanta j\u00e1 o seu e sinta a diferen\u00e7a!<\/p>\n","protected":false},"excerpt":{"rendered":"<p>Apresentamos o ENZIMAC &#8211; 150ML, um produto inovador que vai revolucionar a forma como voc\u00ea cuida da sua sa\u00fade. Com uma f\u00f3rmula exclusiva, o ENZIMAC \u00e9 um suplemento enzim\u00e1tico que auxilia na digest\u00e3o, promovendo uma melhor absor\u00e7\u00e3o de nutrientes e contribuindo para o bom funcionamento do sistema digestivo. Com apenas uma pequena dose di\u00e1ria, voc\u00ea sentir\u00e1 os benef\u00edcios do ENZIMAC em seu dia a dia, proporcionando mais energia, disposi\u00e7\u00e3o e bem-estar. Al\u00e9m disso, o produto \u00e9 de f\u00e1cil ingest\u00e3o e pode ser utilizado por pessoas de todas as idades. N\u00e3o perca tempo e experimente agora mesmo o ENZIMAC &#8211; 150ML. Aproveite todos os benef\u00edcios que esse produto inovador pode oferecer para a sua sa\u00fade e qualidade de vida. Garanta j\u00e1 o seu e sinta a diferen\u00e7a!<\/p>\n","protected":false},"featured_media":10827,"comment_status":"open","ping_status":"closed","template":"","meta":{"_kadence_starter_templates_imported_post":false},"product_brand":[],"product_cat":[122],"product_tag":[],"class_list":{"0":"post-10828","1":"product","2":"type-product","3":"status-publish","4":"has-post-thumbnail","6":"product_cat-higiene-e-limpeza","9":"first","10":"outofstock","11":"shipping-taxable","12":"purchasable","13":"product-type-simple"},"yoast_head":"<!-- This site is optimized with the Yoast SEO plugin v25.5 - https:\/\/yoast.com\/wordpress\/plugins\/seo\/ -->\n<title>ENZIMAC - 150ML - BePet<\/title>\n<meta name=\"robots\" content=\"index, follow, max-snippet:-1, max-image-preview:large, max-video-preview:-1\" \/>\n<link rel=\"canonical\" href=\"https:\/\/bepet.pet\/loja\/produto\/enzimac-150ml\/\" \/>\n<meta property=\"og:locale\" content=\"pt_BR\" \/>\n<meta property=\"og:type\" content=\"article\" \/>\n<meta property=\"og:title\" content=\"ENZIMAC - 150ML - BePet\" \/>\n<meta property=\"og:description\" content=\"Apresentamos o ENZIMAC &#8211; 150ML, um produto inovador que vai revolucionar a forma como voc\u00ea cuida da sua sa\u00fade. Com uma f\u00f3rmula exclusiva, o ENZIMAC \u00e9 um suplemento enzim\u00e1tico que auxilia na digest\u00e3o, promovendo uma melhor absor\u00e7\u00e3o de nutrientes e contribuindo para o bom funcionamento do sistema digestivo. Com apenas uma pequena dose di\u00e1ria, voc\u00ea sentir\u00e1 os benef\u00edcios do ENZIMAC em seu dia a dia, proporcionando mais energia, disposi\u00e7\u00e3o e bem-estar. Al\u00e9m disso, o produto \u00e9 de f\u00e1cil ingest\u00e3o e pode ser utilizado por pessoas de todas as idades. N\u00e3o perca tempo e experimente agora mesmo o ENZIMAC &#8211; 150ML. Aproveite todos os benef\u00edcios que esse produto inovador pode oferecer para a sua sa\u00fade e qualidade de vida. Garanta j\u00e1 o seu e sinta a diferen\u00e7a!\" \/>\n<meta property=\"og:url\" content=\"https:\/\/bepet.pet\/loja\/produto\/enzimac-150ml\/\" \/>\n<meta property=\"og:site_name\" content=\"BePet\" \/>\n<meta property=\"article:modified_time\" content=\"2025-12-10T20:15:24+00:00\" \/>\n<meta property=\"og:image\" content=\"https:\/\/bepet.pet\/loja\/wp-content\/uploads\/2024\/05\/p2db85844-9ebe-4ff5-a15b-d8a575cd85b1.png\" \/>\n\t<meta property=\"og:image:width\" content=\"800\" \/>\n\t<meta property=\"og:image:height\" content=\"789\" \/>\n\t<meta property=\"og:image:type\" content=\"image\/png\" \/>\n<meta name=\"twitter:card\" content=\"summary_large_image\" \/>\n<meta name=\"twitter:label1\" content=\"Est. tempo de leitura\" \/>\n\t<meta name=\"twitter:data1\" content=\"1 minuto\" \/>\n<script type=\"application\/ld+json\" class=\"yoast-schema-graph\">{\"@context\":\"https:\/\/schema.org\",\"@graph\":[{\"@type\":\"WebPage\",\"@id\":\"https:\/\/bepet.pet\/loja\/produto\/enzimac-150ml\/\",\"url\":\"https:\/\/bepet.pet\/loja\/produto\/enzimac-150ml\/\",\"name\":\"ENZIMAC - 150ML - BePet\",\"isPartOf\":{\"@id\":\"https:\/\/bepet.pet\/loja\/#website\"},\"primaryImageOfPage\":{\"@id\":\"https:\/\/bepet.pet\/loja\/produto\/enzimac-150ml\/#primaryimage\"},\"image\":{\"@id\":\"https:\/\/bepet.pet\/loja\/produto\/enzimac-150ml\/#primaryimage\"},\"thumbnailUrl\":\"https:\/\/bepet.pet\/loja\/wp-content\/uploads\/2024\/05\/p2db85844-9ebe-4ff5-a15b-d8a575cd85b1.png\",\"datePublished\":\"2024-05-27T19:11:59+00:00\",\"dateModified\":\"2025-12-10T20:15:24+00:00\",\"breadcrumb\":{\"@id\":\"https:\/\/bepet.pet\/loja\/produto\/enzimac-150ml\/#breadcrumb\"},\"inLanguage\":\"pt-BR\",\"potentialAction\":[{\"@type\":\"ReadAction\",\"target\":[\"https:\/\/bepet.pet\/loja\/produto\/enzimac-150ml\/\"]}]},{\"@type\":\"ImageObject\",\"inLanguage\":\"pt-BR\",\"@id\":\"https:\/\/bepet.pet\/loja\/produto\/enzimac-150ml\/#primaryimage\",\"url\":\"https:\/\/bepet.pet\/loja\/wp-content\/uploads\/2024\/05\/p2db85844-9ebe-4ff5-a15b-d8a575cd85b1.png\",\"contentUrl\":\"https:\/\/bepet.pet\/loja\/wp-content\/uploads\/2024\/05\/p2db85844-9ebe-4ff5-a15b-d8a575cd85b1.png\",\"width\":800,\"height\":789},{\"@type\":\"BreadcrumbList\",\"@id\":\"https:\/\/bepet.pet\/loja\/produto\/enzimac-150ml\/#breadcrumb\",\"itemListElement\":[{\"@type\":\"ListItem\",\"position\":1,\"name\":\"Home\",\"item\":\"https:\/\/bepet.pet\/loja\/\"},{\"@type\":\"ListItem\",\"position\":2,\"name\":\"Shop\",\"item\":\"https:\/\/bepet.pet\/loja\/shop-2\/\"},{\"@type\":\"ListItem\",\"position\":3,\"name\":\"ENZIMAC &#8211; 150ML\"}]},{\"@type\":\"WebSite\",\"@id\":\"https:\/\/bepet.pet\/loja\/#website\",\"url\":\"https:\/\/bepet.pet\/loja\/\",\"name\":\"BePet\",\"description\":\"Nossa vida \u00e9 cuidar do seu pet\",\"publisher\":{\"@id\":\"https:\/\/bepet.pet\/loja\/#organization\"},\"potentialAction\":[{\"@type\":\"SearchAction\",\"target\":{\"@type\":\"EntryPoint\",\"urlTemplate\":\"https:\/\/bepet.pet\/loja\/?s={search_term_string}\"},\"query-input\":{\"@type\":\"PropertyValueSpecification\",\"valueRequired\":true,\"valueName\":\"search_term_string\"}}],\"inLanguage\":\"pt-BR\"},{\"@type\":\"Organization\",\"@id\":\"https:\/\/bepet.pet\/loja\/#organization\",\"name\":\"BePet\",\"url\":\"https:\/\/bepet.pet\/loja\/\",\"logo\":{\"@type\":\"ImageObject\",\"inLanguage\":\"pt-BR\",\"@id\":\"https:\/\/bepet.pet\/loja\/#\/schema\/logo\/image\/\",\"url\":\"https:\/\/bepet.pet\/loja\/wp-content\/uploads\/2020\/10\/logo.jpg\",\"contentUrl\":\"https:\/\/bepet.pet\/loja\/wp-content\/uploads\/2020\/10\/logo.jpg\",\"width\":100,\"height\":99,\"caption\":\"BePet\"},\"image\":{\"@id\":\"https:\/\/bepet.pet\/loja\/#\/schema\/logo\/image\/\"}}]}<\/script>\n<!-- \/ Yoast SEO plugin. -->","yoast_head_json":{"title":"ENZIMAC - 150ML - BePet","robots":{"index":"index","follow":"follow","max-snippet":"max-snippet:-1","max-image-preview":"max-image-preview:large","max-video-preview":"max-video-preview:-1"},"canonical":"https:\/\/bepet.pet\/loja\/produto\/enzimac-150ml\/","og_locale":"pt_BR","og_type":"article","og_title":"ENZIMAC - 150ML - BePet","og_description":"Apresentamos o ENZIMAC &#8211; 150ML, um produto inovador que vai revolucionar a forma como voc\u00ea cuida da sua sa\u00fade. Com uma f\u00f3rmula exclusiva, o ENZIMAC \u00e9 um suplemento enzim\u00e1tico que auxilia na digest\u00e3o, promovendo uma melhor absor\u00e7\u00e3o de nutrientes e contribuindo para o bom funcionamento do sistema digestivo. Com apenas uma pequena dose di\u00e1ria, voc\u00ea sentir\u00e1 os benef\u00edcios do ENZIMAC em seu dia a dia, proporcionando mais energia, disposi\u00e7\u00e3o e bem-estar. Al\u00e9m disso, o produto \u00e9 de f\u00e1cil ingest\u00e3o e pode ser utilizado por pessoas de todas as idades. N\u00e3o perca tempo e experimente agora mesmo o ENZIMAC &#8211; 150ML. Aproveite todos os benef\u00edcios que esse produto inovador pode oferecer para a sua sa\u00fade e qualidade de vida. Garanta j\u00e1 o seu e sinta a diferen\u00e7a!","og_url":"https:\/\/bepet.pet\/loja\/produto\/enzimac-150ml\/","og_site_name":"BePet","article_modified_time":"2025-12-10T20:15:24+00:00","og_image":[{"width":800,"height":789,"url":"https:\/\/bepet.pet\/loja\/wp-content\/uploads\/2024\/05\/p2db85844-9ebe-4ff5-a15b-d8a575cd85b1.png","type":"image\/png"}],"twitter_card":"summary_large_image","twitter_misc":{"Est. tempo de leitura":"1 minuto"},"schema":{"@context":"https:\/\/schema.org","@graph":[{"@type":"WebPage","@id":"https:\/\/bepet.pet\/loja\/produto\/enzimac-150ml\/","url":"https:\/\/bepet.pet\/loja\/produto\/enzimac-150ml\/","name":"ENZIMAC - 150ML - BePet","isPartOf":{"@id":"https:\/\/bepet.pet\/loja\/#website"},"primaryImageOfPage":{"@id":"https:\/\/bepet.pet\/loja\/produto\/enzimac-150ml\/#primaryimage"},"image":{"@id":"https:\/\/bepet.pet\/loja\/produto\/enzimac-150ml\/#primaryimage"},"thumbnailUrl":"https:\/\/bepet.pet\/loja\/wp-content\/uploads\/2024\/05\/p2db85844-9ebe-4ff5-a15b-d8a575cd85b1.png","datePublished":"2024-05-27T19:11:59+00:00","dateModified":"2025-12-10T20:15:24+00:00","breadcrumb":{"@id":"https:\/\/bepet.pet\/loja\/produto\/enzimac-150ml\/#breadcrumb"},"inLanguage":"pt-BR","potentialAction":[{"@type":"ReadAction","target":["https:\/\/bepet.pet\/loja\/produto\/enzimac-150ml\/"]}]},{"@type":"ImageObject","inLanguage":"pt-BR","@id":"https:\/\/bepet.pet\/loja\/produto\/enzimac-150ml\/#primaryimage","url":"https:\/\/bepet.pet\/loja\/wp-content\/uploads\/2024\/05\/p2db85844-9ebe-4ff5-a15b-d8a575cd85b1.png","contentUrl":"https:\/\/bepet.pet\/loja\/wp-content\/uploads\/2024\/05\/p2db85844-9ebe-4ff5-a15b-d8a575cd85b1.png","width":800,"height":789},{"@type":"BreadcrumbList","@id":"https:\/\/bepet.pet\/loja\/produto\/enzimac-150ml\/#breadcrumb","itemListElement":[{"@type":"ListItem","position":1,"name":"Home","item":"https:\/\/bepet.pet\/loja\/"},{"@type":"ListItem","position":2,"name":"Shop","item":"https:\/\/bepet.pet\/loja\/shop-2\/"},{"@type":"ListItem","position":3,"name":"ENZIMAC &#8211; 150ML"}]},{"@type":"WebSite","@id":"https:\/\/bepet.pet\/loja\/#website","url":"https:\/\/bepet.pet\/loja\/","name":"BePet","description":"Nossa vida \u00e9 cuidar do seu pet","publisher":{"@id":"https:\/\/bepet.pet\/loja\/#organization"},"potentialAction":[{"@type":"SearchAction","target":{"@type":"EntryPoint","urlTemplate":"https:\/\/bepet.pet\/loja\/?s={search_term_string}"},"query-input":{"@type":"PropertyValueSpecification","valueRequired":true,"valueName":"search_term_string"}}],"inLanguage":"pt-BR"},{"@type":"Organization","@id":"https:\/\/bepet.pet\/loja\/#organization","name":"BePet","url":"https:\/\/bepet.pet\/loja\/","logo":{"@type":"ImageObject","inLanguage":"pt-BR","@id":"https:\/\/bepet.pet\/loja\/#\/schema\/logo\/image\/","url":"https:\/\/bepet.pet\/loja\/wp-content\/uploads\/2020\/10\/logo.jpg","contentUrl":"https:\/\/bepet.pet\/loja\/wp-content\/uploads\/2020\/10\/logo.jpg","width":100,"height":99,"caption":"BePet"},"image":{"@id":"https:\/\/bepet.pet\/loja\/#\/schema\/logo\/image\/"}}]}},"jetpack_sharing_enabled":true,"_links":{"self":[{"href":"https:\/\/bepet.pet\/loja\/wp-json\/wp\/v2\/product\/10828","targetHints":{"allow":["GET"]}}],"collection":[{"href":"https:\/\/bepet.pet\/loja\/wp-json\/wp\/v2\/product"}],"about":[{"href":"https:\/\/bepet.pet\/loja\/wp-json\/wp\/v2\/types\/product"}],"replies":[{"embeddable":true,"href":"https:\/\/bepet.pet\/loja\/wp-json\/wp\/v2\/comments?post=10828"}],"wp:featuredmedia":[{"embeddable":true,"href":"https:\/\/bepet.pet\/loja\/wp-json\/wp\/v2\/media\/10827"}],"wp:attachment":[{"href":"https:\/\/bepet.pet\/loja\/wp-json\/wp\/v2\/media?parent=10828"}],"wp:term":[{"taxonomy":"product_brand","embeddable":true,"href":"https:\/\/bepet.pet\/loja\/wp-json\/wp\/v2\/product_brand?post=10828"},{"taxonomy":"product_cat","embeddable":true,"href":"https:\/\/bepet.pet\/loja\/wp-json\/wp\/v2\/product_cat?post=10828"},{"taxonomy":"product_tag","embeddable":true,"href":"https:\/\/bepet.pet\/loja\/wp-json\/wp\/v2\/product_tag?post=10828"}],"curies":[{"name":"wp","href":"https:\/\/api.w.org\/{rel}","templated":true}]}}