{"id":10784,"date":"2024-04-26T11:34:34","date_gmt":"2024-04-26T14:34:34","guid":{"rendered":"https:\/\/bepet.pet\/loja\/produto\/racao-frost-senior-minismall-2-5kg\/"},"modified":"2025-12-10T17:38:06","modified_gmt":"2025-12-10T20:38:06","slug":"racao-frost-senior-minismall-2-5kg","status":"publish","type":"product","link":"https:\/\/bepet.pet\/loja\/produto\/racao-frost-senior-minismall-2-5kg\/","title":{"rendered":"RA\u00c7\u00c3O FROST SENIOR MINI&amp;SMALL 2.5KG"},"content":{"rendered":"<p>Apresentamos a ra\u00e7\u00e3o Frost Senior Mini&amp;Small 2.5kg, um alimento especialmente formulado para c\u00e3es idosos de ra\u00e7as pequenas e miniaturas. Com uma combina\u00e7\u00e3o equilibrada de ingredientes de alta qualidade, essa ra\u00e7\u00e3o \u00e9 ideal para garantir a sa\u00fade e vitalidade do seu pet na terceira idade.<\/p>\n<p>Desenvolvida por especialistas em nutri\u00e7\u00e3o animal, a ra\u00e7\u00e3o Frost Senior Mini&amp;Small 2.5kg conta com nutrientes essenciais para promover a sa\u00fade das articula\u00e7\u00f5es, fortalecer o sistema imunol\u00f3gico e manter a sa\u00fade da pele e pelagem do seu c\u00e3ozinho. Al\u00e9m disso, sua f\u00f3rmula \u00e9 de f\u00e1cil digest\u00e3o, evitando problemas gastrointestinais comuns em c\u00e3es mais velhos.<\/p>\n<p>Agora voc\u00ea pode proporcionar ao seu melhor amigo uma alimenta\u00e7\u00e3o completa e balanceada, que atenda \u00e0s necessidades espec\u00edficas da idade avan\u00e7ada. N\u00e3o deixe de experimentar a ra\u00e7\u00e3o Frost Senior Mini&amp;Small 2.5kg e oferecer ao seu c\u00e3ozinho o cuidado e carinho que ele merece. Adquira j\u00e1 o seu pacote e garanta a sa\u00fade e bem-estar do seu pet!<\/p>\n","protected":false},"excerpt":{"rendered":"<p>Apresentamos a ra\u00e7\u00e3o Frost Senior Mini&amp;Small 2.5kg, um alimento especialmente formulado para c\u00e3es idosos de ra\u00e7as pequenas e miniaturas. Com uma combina\u00e7\u00e3o equilibrada de ingredientes de alta qualidade, essa ra\u00e7\u00e3o \u00e9 ideal para garantir a sa\u00fade e vitalidade do seu pet na terceira idade. Desenvolvida por especialistas em nutri\u00e7\u00e3o animal, a ra\u00e7\u00e3o Frost Senior Mini&amp;Small 2.5kg conta com nutrientes essenciais para promover a sa\u00fade das articula\u00e7\u00f5es, fortalecer o sistema imunol\u00f3gico e manter a sa\u00fade da pele e pelagem do seu c\u00e3ozinho. Al\u00e9m disso, sua f\u00f3rmula \u00e9 de f\u00e1cil digest\u00e3o, evitando problemas gastrointestinais comuns em c\u00e3es mais velhos. Agora voc\u00ea pode proporcionar ao seu melhor amigo uma alimenta\u00e7\u00e3o completa e balanceada, que atenda \u00e0s necessidades espec\u00edficas da idade avan\u00e7ada. N\u00e3o deixe de experimentar a ra\u00e7\u00e3o Frost Senior Mini&amp;Small 2.5kg e oferecer ao seu c\u00e3ozinho o cuidado e carinho que ele merece. Adquira j\u00e1 o seu pacote e garanta a sa\u00fade e bem-estar do seu pet!<\/p>\n","protected":false},"featured_media":10785,"comment_status":"open","ping_status":"closed","template":"","meta":{"_kadence_starter_templates_imported_post":false},"product_brand":[],"product_cat":[121,130],"product_tag":[],"class_list":{"0":"post-10784","1":"product","2":"type-product","3":"status-publish","4":"has-post-thumbnail","6":"product_cat-racoes","7":"product_cat-secas-caes","10":"first","11":"instock","12":"shipping-taxable","13":"purchasable","14":"product-type-simple"},"yoast_head":"<!-- This site is optimized with the Yoast SEO plugin v25.5 - https:\/\/yoast.com\/wordpress\/plugins\/seo\/ -->\n<title>RA\u00c7\u00c3O FROST SENIOR MINI&amp;SMALL 2.5KG - BePet<\/title>\n<meta name=\"robots\" content=\"index, follow, max-snippet:-1, max-image-preview:large, max-video-preview:-1\" \/>\n<link rel=\"canonical\" href=\"https:\/\/bepet.pet\/loja\/produto\/racao-frost-senior-minismall-2-5kg\/\" \/>\n<meta property=\"og:locale\" content=\"pt_BR\" \/>\n<meta property=\"og:type\" content=\"article\" \/>\n<meta property=\"og:title\" content=\"RA\u00c7\u00c3O FROST SENIOR MINI&amp;SMALL 2.5KG - BePet\" \/>\n<meta property=\"og:description\" content=\"Apresentamos a ra\u00e7\u00e3o Frost Senior Mini&amp;Small 2.5kg, um alimento especialmente formulado para c\u00e3es idosos de ra\u00e7as pequenas e miniaturas. Com uma combina\u00e7\u00e3o equilibrada de ingredientes de alta qualidade, essa ra\u00e7\u00e3o \u00e9 ideal para garantir a sa\u00fade e vitalidade do seu pet na terceira idade. Desenvolvida por especialistas em nutri\u00e7\u00e3o animal, a ra\u00e7\u00e3o Frost Senior Mini&amp;Small 2.5kg conta com nutrientes essenciais para promover a sa\u00fade das articula\u00e7\u00f5es, fortalecer o sistema imunol\u00f3gico e manter a sa\u00fade da pele e pelagem do seu c\u00e3ozinho. Al\u00e9m disso, sua f\u00f3rmula \u00e9 de f\u00e1cil digest\u00e3o, evitando problemas gastrointestinais comuns em c\u00e3es mais velhos. Agora voc\u00ea pode proporcionar ao seu melhor amigo uma alimenta\u00e7\u00e3o completa e balanceada, que atenda \u00e0s necessidades espec\u00edficas da idade avan\u00e7ada. N\u00e3o deixe de experimentar a ra\u00e7\u00e3o Frost Senior Mini&amp;Small 2.5kg e oferecer ao seu c\u00e3ozinho o cuidado e carinho que ele merece. Adquira j\u00e1 o seu pacote e garanta a sa\u00fade e bem-estar do seu pet!\" \/>\n<meta property=\"og:url\" content=\"https:\/\/bepet.pet\/loja\/produto\/racao-frost-senior-minismall-2-5kg\/\" \/>\n<meta property=\"og:site_name\" content=\"BePet\" \/>\n<meta property=\"article:modified_time\" content=\"2025-12-10T20:38:06+00:00\" \/>\n<meta property=\"og:image\" content=\"https:\/\/bepet.pet\/loja\/wp-content\/uploads\/2024\/04\/pe6f18ce3-8efe-48cc-99b8-a66ad0e3993e.png\" \/>\n\t<meta property=\"og:image:width\" content=\"800\" \/>\n\t<meta property=\"og:image:height\" content=\"800\" \/>\n\t<meta property=\"og:image:type\" content=\"image\/png\" \/>\n<meta name=\"twitter:card\" content=\"summary_large_image\" \/>\n<meta name=\"twitter:label1\" content=\"Est. tempo de leitura\" \/>\n\t<meta name=\"twitter:data1\" content=\"1 minuto\" \/>\n<script type=\"application\/ld+json\" class=\"yoast-schema-graph\">{\"@context\":\"https:\/\/schema.org\",\"@graph\":[{\"@type\":\"WebPage\",\"@id\":\"https:\/\/bepet.pet\/loja\/produto\/racao-frost-senior-minismall-2-5kg\/\",\"url\":\"https:\/\/bepet.pet\/loja\/produto\/racao-frost-senior-minismall-2-5kg\/\",\"name\":\"RA\u00c7\u00c3O FROST SENIOR MINI&amp;SMALL 2.5KG - BePet\",\"isPartOf\":{\"@id\":\"https:\/\/bepet.pet\/loja\/#website\"},\"primaryImageOfPage\":{\"@id\":\"https:\/\/bepet.pet\/loja\/produto\/racao-frost-senior-minismall-2-5kg\/#primaryimage\"},\"image\":{\"@id\":\"https:\/\/bepet.pet\/loja\/produto\/racao-frost-senior-minismall-2-5kg\/#primaryimage\"},\"thumbnailUrl\":\"https:\/\/bepet.pet\/loja\/wp-content\/uploads\/2024\/04\/pe6f18ce3-8efe-48cc-99b8-a66ad0e3993e.png\",\"datePublished\":\"2024-04-26T14:34:34+00:00\",\"dateModified\":\"2025-12-10T20:38:06+00:00\",\"breadcrumb\":{\"@id\":\"https:\/\/bepet.pet\/loja\/produto\/racao-frost-senior-minismall-2-5kg\/#breadcrumb\"},\"inLanguage\":\"pt-BR\",\"potentialAction\":[{\"@type\":\"ReadAction\",\"target\":[\"https:\/\/bepet.pet\/loja\/produto\/racao-frost-senior-minismall-2-5kg\/\"]}]},{\"@type\":\"ImageObject\",\"inLanguage\":\"pt-BR\",\"@id\":\"https:\/\/bepet.pet\/loja\/produto\/racao-frost-senior-minismall-2-5kg\/#primaryimage\",\"url\":\"https:\/\/bepet.pet\/loja\/wp-content\/uploads\/2024\/04\/pe6f18ce3-8efe-48cc-99b8-a66ad0e3993e.png\",\"contentUrl\":\"https:\/\/bepet.pet\/loja\/wp-content\/uploads\/2024\/04\/pe6f18ce3-8efe-48cc-99b8-a66ad0e3993e.png\",\"width\":800,\"height\":800},{\"@type\":\"BreadcrumbList\",\"@id\":\"https:\/\/bepet.pet\/loja\/produto\/racao-frost-senior-minismall-2-5kg\/#breadcrumb\",\"itemListElement\":[{\"@type\":\"ListItem\",\"position\":1,\"name\":\"Home\",\"item\":\"https:\/\/bepet.pet\/loja\/\"},{\"@type\":\"ListItem\",\"position\":2,\"name\":\"Shop\",\"item\":\"https:\/\/bepet.pet\/loja\/shop-2\/\"},{\"@type\":\"ListItem\",\"position\":3,\"name\":\"RA\u00c7\u00c3O FROST SENIOR MINI&amp;SMALL 2.5KG\"}]},{\"@type\":\"WebSite\",\"@id\":\"https:\/\/bepet.pet\/loja\/#website\",\"url\":\"https:\/\/bepet.pet\/loja\/\",\"name\":\"BePet\",\"description\":\"Nossa vida \u00e9 cuidar do seu pet\",\"publisher\":{\"@id\":\"https:\/\/bepet.pet\/loja\/#organization\"},\"potentialAction\":[{\"@type\":\"SearchAction\",\"target\":{\"@type\":\"EntryPoint\",\"urlTemplate\":\"https:\/\/bepet.pet\/loja\/?s={search_term_string}\"},\"query-input\":{\"@type\":\"PropertyValueSpecification\",\"valueRequired\":true,\"valueName\":\"search_term_string\"}}],\"inLanguage\":\"pt-BR\"},{\"@type\":\"Organization\",\"@id\":\"https:\/\/bepet.pet\/loja\/#organization\",\"name\":\"BePet\",\"url\":\"https:\/\/bepet.pet\/loja\/\",\"logo\":{\"@type\":\"ImageObject\",\"inLanguage\":\"pt-BR\",\"@id\":\"https:\/\/bepet.pet\/loja\/#\/schema\/logo\/image\/\",\"url\":\"https:\/\/bepet.pet\/loja\/wp-content\/uploads\/2020\/10\/logo.jpg\",\"contentUrl\":\"https:\/\/bepet.pet\/loja\/wp-content\/uploads\/2020\/10\/logo.jpg\",\"width\":100,\"height\":99,\"caption\":\"BePet\"},\"image\":{\"@id\":\"https:\/\/bepet.pet\/loja\/#\/schema\/logo\/image\/\"}}]}<\/script>\n<!-- \/ Yoast SEO plugin. -->","yoast_head_json":{"title":"RA\u00c7\u00c3O FROST SENIOR MINI&amp;SMALL 2.5KG - BePet","robots":{"index":"index","follow":"follow","max-snippet":"max-snippet:-1","max-image-preview":"max-image-preview:large","max-video-preview":"max-video-preview:-1"},"canonical":"https:\/\/bepet.pet\/loja\/produto\/racao-frost-senior-minismall-2-5kg\/","og_locale":"pt_BR","og_type":"article","og_title":"RA\u00c7\u00c3O FROST SENIOR MINI&amp;SMALL 2.5KG - BePet","og_description":"Apresentamos a ra\u00e7\u00e3o Frost Senior Mini&amp;Small 2.5kg, um alimento especialmente formulado para c\u00e3es idosos de ra\u00e7as pequenas e miniaturas. Com uma combina\u00e7\u00e3o equilibrada de ingredientes de alta qualidade, essa ra\u00e7\u00e3o \u00e9 ideal para garantir a sa\u00fade e vitalidade do seu pet na terceira idade. Desenvolvida por especialistas em nutri\u00e7\u00e3o animal, a ra\u00e7\u00e3o Frost Senior Mini&amp;Small 2.5kg conta com nutrientes essenciais para promover a sa\u00fade das articula\u00e7\u00f5es, fortalecer o sistema imunol\u00f3gico e manter a sa\u00fade da pele e pelagem do seu c\u00e3ozinho. Al\u00e9m disso, sua f\u00f3rmula \u00e9 de f\u00e1cil digest\u00e3o, evitando problemas gastrointestinais comuns em c\u00e3es mais velhos. Agora voc\u00ea pode proporcionar ao seu melhor amigo uma alimenta\u00e7\u00e3o completa e balanceada, que atenda \u00e0s necessidades espec\u00edficas da idade avan\u00e7ada. N\u00e3o deixe de experimentar a ra\u00e7\u00e3o Frost Senior Mini&amp;Small 2.5kg e oferecer ao seu c\u00e3ozinho o cuidado e carinho que ele merece. Adquira j\u00e1 o seu pacote e garanta a sa\u00fade e bem-estar do seu pet!","og_url":"https:\/\/bepet.pet\/loja\/produto\/racao-frost-senior-minismall-2-5kg\/","og_site_name":"BePet","article_modified_time":"2025-12-10T20:38:06+00:00","og_image":[{"width":800,"height":800,"url":"https:\/\/bepet.pet\/loja\/wp-content\/uploads\/2024\/04\/pe6f18ce3-8efe-48cc-99b8-a66ad0e3993e.png","type":"image\/png"}],"twitter_card":"summary_large_image","twitter_misc":{"Est. tempo de leitura":"1 minuto"},"schema":{"@context":"https:\/\/schema.org","@graph":[{"@type":"WebPage","@id":"https:\/\/bepet.pet\/loja\/produto\/racao-frost-senior-minismall-2-5kg\/","url":"https:\/\/bepet.pet\/loja\/produto\/racao-frost-senior-minismall-2-5kg\/","name":"RA\u00c7\u00c3O FROST SENIOR MINI&amp;SMALL 2.5KG - BePet","isPartOf":{"@id":"https:\/\/bepet.pet\/loja\/#website"},"primaryImageOfPage":{"@id":"https:\/\/bepet.pet\/loja\/produto\/racao-frost-senior-minismall-2-5kg\/#primaryimage"},"image":{"@id":"https:\/\/bepet.pet\/loja\/produto\/racao-frost-senior-minismall-2-5kg\/#primaryimage"},"thumbnailUrl":"https:\/\/bepet.pet\/loja\/wp-content\/uploads\/2024\/04\/pe6f18ce3-8efe-48cc-99b8-a66ad0e3993e.png","datePublished":"2024-04-26T14:34:34+00:00","dateModified":"2025-12-10T20:38:06+00:00","breadcrumb":{"@id":"https:\/\/bepet.pet\/loja\/produto\/racao-frost-senior-minismall-2-5kg\/#breadcrumb"},"inLanguage":"pt-BR","potentialAction":[{"@type":"ReadAction","target":["https:\/\/bepet.pet\/loja\/produto\/racao-frost-senior-minismall-2-5kg\/"]}]},{"@type":"ImageObject","inLanguage":"pt-BR","@id":"https:\/\/bepet.pet\/loja\/produto\/racao-frost-senior-minismall-2-5kg\/#primaryimage","url":"https:\/\/bepet.pet\/loja\/wp-content\/uploads\/2024\/04\/pe6f18ce3-8efe-48cc-99b8-a66ad0e3993e.png","contentUrl":"https:\/\/bepet.pet\/loja\/wp-content\/uploads\/2024\/04\/pe6f18ce3-8efe-48cc-99b8-a66ad0e3993e.png","width":800,"height":800},{"@type":"BreadcrumbList","@id":"https:\/\/bepet.pet\/loja\/produto\/racao-frost-senior-minismall-2-5kg\/#breadcrumb","itemListElement":[{"@type":"ListItem","position":1,"name":"Home","item":"https:\/\/bepet.pet\/loja\/"},{"@type":"ListItem","position":2,"name":"Shop","item":"https:\/\/bepet.pet\/loja\/shop-2\/"},{"@type":"ListItem","position":3,"name":"RA\u00c7\u00c3O FROST SENIOR MINI&amp;SMALL 2.5KG"}]},{"@type":"WebSite","@id":"https:\/\/bepet.pet\/loja\/#website","url":"https:\/\/bepet.pet\/loja\/","name":"BePet","description":"Nossa vida \u00e9 cuidar do seu pet","publisher":{"@id":"https:\/\/bepet.pet\/loja\/#organization"},"potentialAction":[{"@type":"SearchAction","target":{"@type":"EntryPoint","urlTemplate":"https:\/\/bepet.pet\/loja\/?s={search_term_string}"},"query-input":{"@type":"PropertyValueSpecification","valueRequired":true,"valueName":"search_term_string"}}],"inLanguage":"pt-BR"},{"@type":"Organization","@id":"https:\/\/bepet.pet\/loja\/#organization","name":"BePet","url":"https:\/\/bepet.pet\/loja\/","logo":{"@type":"ImageObject","inLanguage":"pt-BR","@id":"https:\/\/bepet.pet\/loja\/#\/schema\/logo\/image\/","url":"https:\/\/bepet.pet\/loja\/wp-content\/uploads\/2020\/10\/logo.jpg","contentUrl":"https:\/\/bepet.pet\/loja\/wp-content\/uploads\/2020\/10\/logo.jpg","width":100,"height":99,"caption":"BePet"},"image":{"@id":"https:\/\/bepet.pet\/loja\/#\/schema\/logo\/image\/"}}]}},"jetpack_sharing_enabled":true,"_links":{"self":[{"href":"https:\/\/bepet.pet\/loja\/wp-json\/wp\/v2\/product\/10784","targetHints":{"allow":["GET"]}}],"collection":[{"href":"https:\/\/bepet.pet\/loja\/wp-json\/wp\/v2\/product"}],"about":[{"href":"https:\/\/bepet.pet\/loja\/wp-json\/wp\/v2\/types\/product"}],"replies":[{"embeddable":true,"href":"https:\/\/bepet.pet\/loja\/wp-json\/wp\/v2\/comments?post=10784"}],"wp:featuredmedia":[{"embeddable":true,"href":"https:\/\/bepet.pet\/loja\/wp-json\/wp\/v2\/media\/10785"}],"wp:attachment":[{"href":"https:\/\/bepet.pet\/loja\/wp-json\/wp\/v2\/media?parent=10784"}],"wp:term":[{"taxonomy":"product_brand","embeddable":true,"href":"https:\/\/bepet.pet\/loja\/wp-json\/wp\/v2\/product_brand?post=10784"},{"taxonomy":"product_cat","embeddable":true,"href":"https:\/\/bepet.pet\/loja\/wp-json\/wp\/v2\/product_cat?post=10784"},{"taxonomy":"product_tag","embeddable":true,"href":"https:\/\/bepet.pet\/loja\/wp-json\/wp\/v2\/product_tag?post=10784"}],"curies":[{"name":"wp","href":"https:\/\/api.w.org\/{rel}","templated":true}]}}