{"id":10780,"date":"2024-04-26T11:31:06","date_gmt":"2024-04-26T14:31:06","guid":{"rendered":"https:\/\/bepet.pet\/loja\/produto\/racao-frost-sensitive-minismall-25kg\/"},"modified":"2026-04-29T17:50:59","modified_gmt":"2026-04-29T20:50:59","slug":"racao-frost-sensitive-minismall-25kg","status":"publish","type":"product","link":"https:\/\/bepet.pet\/loja\/produto\/racao-frost-sensitive-minismall-25kg\/","title":{"rendered":"RA\u00c7\u00c3O FROST SENSITIVE MINI&amp;SMALL 2,5KG"},"content":{"rendered":"<p>Conhe\u00e7a a nova ra\u00e7\u00e3o Frost Sensitive Mini&amp;Small, desenvolvida especialmente para c\u00e3es de porte pequeno e mini. Com uma f\u00f3rmula balanceada e ingredientes de alta qualidade, proporciona uma nutri\u00e7\u00e3o completa e equilibrada para o seu pet.<\/p>\n<p>Com 2,5kg, a embalagem \u00e9 pr\u00e1tica e ideal para quem busca praticidade no dia a dia. Al\u00e9m disso, a ra\u00e7\u00e3o Frost Sensitive Mini&amp;Small conta com ingredientes que auxiliam na digest\u00e3o e na sa\u00fade da pele e pelagem do seu c\u00e3o.<\/p>\n<p>N\u00e3o perca mais tempo e garanta j\u00e1 a ra\u00e7\u00e3o Frost Sensitive Mini&amp;Small para o seu melhor amigo. Aproveite os benef\u00edcios de uma alimenta\u00e7\u00e3o de qualidade e proporcione mais sa\u00fade e bem-estar para o seu pet. Experimente!<\/p>\n","protected":false},"excerpt":{"rendered":"<p>Conhe\u00e7a a nova ra\u00e7\u00e3o Frost Sensitive Mini&amp;Small, desenvolvida especialmente para c\u00e3es de porte pequeno e mini. Com uma f\u00f3rmula balanceada e ingredientes de alta qualidade, proporciona uma nutri\u00e7\u00e3o completa e equilibrada para o seu pet. Com 2,5kg, a embalagem \u00e9 pr\u00e1tica e ideal para quem busca praticidade no dia a dia. Al\u00e9m disso, a ra\u00e7\u00e3o Frost Sensitive Mini&amp;Small conta com ingredientes que auxiliam na digest\u00e3o e na sa\u00fade da pele e pelagem do seu c\u00e3o. N\u00e3o perca mais tempo e garanta j\u00e1 a ra\u00e7\u00e3o Frost Sensitive Mini&amp;Small para o seu melhor amigo. Aproveite os benef\u00edcios de uma alimenta\u00e7\u00e3o de qualidade e proporcione mais sa\u00fade e bem-estar para o seu pet. Experimente!<\/p>\n","protected":false},"featured_media":10777,"comment_status":"open","ping_status":"closed","template":"","meta":{"_kadence_starter_templates_imported_post":false},"product_brand":[],"product_cat":[121,130],"product_tag":[],"class_list":{"0":"post-10780","1":"product","2":"type-product","3":"status-publish","4":"has-post-thumbnail","6":"product_cat-racoes","7":"product_cat-secas-caes","10":"first","11":"instock","12":"shipping-taxable","13":"purchasable","14":"product-type-simple"},"yoast_head":"<!-- This site is optimized with the Yoast SEO plugin v25.5 - https:\/\/yoast.com\/wordpress\/plugins\/seo\/ -->\n<title>RA\u00c7\u00c3O FROST SENSITIVE MINI&amp;SMALL 2,5KG - BePet<\/title>\n<meta name=\"robots\" content=\"index, follow, max-snippet:-1, max-image-preview:large, max-video-preview:-1\" \/>\n<link rel=\"canonical\" href=\"https:\/\/bepet.pet\/loja\/produto\/racao-frost-sensitive-minismall-25kg\/\" \/>\n<meta property=\"og:locale\" content=\"pt_BR\" \/>\n<meta property=\"og:type\" content=\"article\" \/>\n<meta property=\"og:title\" content=\"RA\u00c7\u00c3O FROST SENSITIVE MINI&amp;SMALL 2,5KG - BePet\" \/>\n<meta property=\"og:description\" content=\"Conhe\u00e7a a nova ra\u00e7\u00e3o Frost Sensitive Mini&amp;Small, desenvolvida especialmente para c\u00e3es de porte pequeno e mini. Com uma f\u00f3rmula balanceada e ingredientes de alta qualidade, proporciona uma nutri\u00e7\u00e3o completa e equilibrada para o seu pet. Com 2,5kg, a embalagem \u00e9 pr\u00e1tica e ideal para quem busca praticidade no dia a dia. Al\u00e9m disso, a ra\u00e7\u00e3o Frost Sensitive Mini&amp;Small conta com ingredientes que auxiliam na digest\u00e3o e na sa\u00fade da pele e pelagem do seu c\u00e3o. N\u00e3o perca mais tempo e garanta j\u00e1 a ra\u00e7\u00e3o Frost Sensitive Mini&amp;Small para o seu melhor amigo. Aproveite os benef\u00edcios de uma alimenta\u00e7\u00e3o de qualidade e proporcione mais sa\u00fade e bem-estar para o seu pet. Experimente!\" \/>\n<meta property=\"og:url\" content=\"https:\/\/bepet.pet\/loja\/produto\/racao-frost-sensitive-minismall-25kg\/\" \/>\n<meta property=\"og:site_name\" content=\"BePet\" \/>\n<meta property=\"article:modified_time\" content=\"2026-04-29T20:50:59+00:00\" \/>\n<meta property=\"og:image\" content=\"https:\/\/bepet.pet\/loja\/wp-content\/uploads\/2024\/04\/pfcaedf85-8491-4347-b024-7fcd33bc0bfd.png\" \/>\n\t<meta property=\"og:image:width\" content=\"800\" \/>\n\t<meta property=\"og:image:height\" content=\"800\" \/>\n\t<meta property=\"og:image:type\" content=\"image\/png\" \/>\n<meta name=\"twitter:card\" content=\"summary_large_image\" \/>\n<meta name=\"twitter:label1\" content=\"Est. tempo de leitura\" \/>\n\t<meta name=\"twitter:data1\" content=\"1 minuto\" \/>\n<script type=\"application\/ld+json\" class=\"yoast-schema-graph\">{\"@context\":\"https:\/\/schema.org\",\"@graph\":[{\"@type\":\"WebPage\",\"@id\":\"https:\/\/bepet.pet\/loja\/produto\/racao-frost-sensitive-minismall-25kg\/\",\"url\":\"https:\/\/bepet.pet\/loja\/produto\/racao-frost-sensitive-minismall-25kg\/\",\"name\":\"RA\u00c7\u00c3O FROST SENSITIVE MINI&amp;SMALL 2,5KG - BePet\",\"isPartOf\":{\"@id\":\"https:\/\/bepet.pet\/loja\/#website\"},\"primaryImageOfPage\":{\"@id\":\"https:\/\/bepet.pet\/loja\/produto\/racao-frost-sensitive-minismall-25kg\/#primaryimage\"},\"image\":{\"@id\":\"https:\/\/bepet.pet\/loja\/produto\/racao-frost-sensitive-minismall-25kg\/#primaryimage\"},\"thumbnailUrl\":\"https:\/\/bepet.pet\/loja\/wp-content\/uploads\/2024\/04\/pfcaedf85-8491-4347-b024-7fcd33bc0bfd.png\",\"datePublished\":\"2024-04-26T14:31:06+00:00\",\"dateModified\":\"2026-04-29T20:50:59+00:00\",\"breadcrumb\":{\"@id\":\"https:\/\/bepet.pet\/loja\/produto\/racao-frost-sensitive-minismall-25kg\/#breadcrumb\"},\"inLanguage\":\"pt-BR\",\"potentialAction\":[{\"@type\":\"ReadAction\",\"target\":[\"https:\/\/bepet.pet\/loja\/produto\/racao-frost-sensitive-minismall-25kg\/\"]}]},{\"@type\":\"ImageObject\",\"inLanguage\":\"pt-BR\",\"@id\":\"https:\/\/bepet.pet\/loja\/produto\/racao-frost-sensitive-minismall-25kg\/#primaryimage\",\"url\":\"https:\/\/bepet.pet\/loja\/wp-content\/uploads\/2024\/04\/pfcaedf85-8491-4347-b024-7fcd33bc0bfd.png\",\"contentUrl\":\"https:\/\/bepet.pet\/loja\/wp-content\/uploads\/2024\/04\/pfcaedf85-8491-4347-b024-7fcd33bc0bfd.png\",\"width\":800,\"height\":800},{\"@type\":\"BreadcrumbList\",\"@id\":\"https:\/\/bepet.pet\/loja\/produto\/racao-frost-sensitive-minismall-25kg\/#breadcrumb\",\"itemListElement\":[{\"@type\":\"ListItem\",\"position\":1,\"name\":\"Home\",\"item\":\"https:\/\/bepet.pet\/loja\/\"},{\"@type\":\"ListItem\",\"position\":2,\"name\":\"Shop\",\"item\":\"https:\/\/bepet.pet\/loja\/shop-2\/\"},{\"@type\":\"ListItem\",\"position\":3,\"name\":\"RA\u00c7\u00c3O FROST SENSITIVE MINI&amp;SMALL 2,5KG\"}]},{\"@type\":\"WebSite\",\"@id\":\"https:\/\/bepet.pet\/loja\/#website\",\"url\":\"https:\/\/bepet.pet\/loja\/\",\"name\":\"BePet\",\"description\":\"Nossa vida \u00e9 cuidar do seu pet\",\"publisher\":{\"@id\":\"https:\/\/bepet.pet\/loja\/#organization\"},\"potentialAction\":[{\"@type\":\"SearchAction\",\"target\":{\"@type\":\"EntryPoint\",\"urlTemplate\":\"https:\/\/bepet.pet\/loja\/?s={search_term_string}\"},\"query-input\":{\"@type\":\"PropertyValueSpecification\",\"valueRequired\":true,\"valueName\":\"search_term_string\"}}],\"inLanguage\":\"pt-BR\"},{\"@type\":\"Organization\",\"@id\":\"https:\/\/bepet.pet\/loja\/#organization\",\"name\":\"BePet\",\"url\":\"https:\/\/bepet.pet\/loja\/\",\"logo\":{\"@type\":\"ImageObject\",\"inLanguage\":\"pt-BR\",\"@id\":\"https:\/\/bepet.pet\/loja\/#\/schema\/logo\/image\/\",\"url\":\"https:\/\/bepet.pet\/loja\/wp-content\/uploads\/2020\/10\/logo.jpg\",\"contentUrl\":\"https:\/\/bepet.pet\/loja\/wp-content\/uploads\/2020\/10\/logo.jpg\",\"width\":100,\"height\":99,\"caption\":\"BePet\"},\"image\":{\"@id\":\"https:\/\/bepet.pet\/loja\/#\/schema\/logo\/image\/\"}}]}<\/script>\n<!-- \/ Yoast SEO plugin. -->","yoast_head_json":{"title":"RA\u00c7\u00c3O FROST SENSITIVE MINI&amp;SMALL 2,5KG - BePet","robots":{"index":"index","follow":"follow","max-snippet":"max-snippet:-1","max-image-preview":"max-image-preview:large","max-video-preview":"max-video-preview:-1"},"canonical":"https:\/\/bepet.pet\/loja\/produto\/racao-frost-sensitive-minismall-25kg\/","og_locale":"pt_BR","og_type":"article","og_title":"RA\u00c7\u00c3O FROST SENSITIVE MINI&amp;SMALL 2,5KG - BePet","og_description":"Conhe\u00e7a a nova ra\u00e7\u00e3o Frost Sensitive Mini&amp;Small, desenvolvida especialmente para c\u00e3es de porte pequeno e mini. Com uma f\u00f3rmula balanceada e ingredientes de alta qualidade, proporciona uma nutri\u00e7\u00e3o completa e equilibrada para o seu pet. Com 2,5kg, a embalagem \u00e9 pr\u00e1tica e ideal para quem busca praticidade no dia a dia. Al\u00e9m disso, a ra\u00e7\u00e3o Frost Sensitive Mini&amp;Small conta com ingredientes que auxiliam na digest\u00e3o e na sa\u00fade da pele e pelagem do seu c\u00e3o. N\u00e3o perca mais tempo e garanta j\u00e1 a ra\u00e7\u00e3o Frost Sensitive Mini&amp;Small para o seu melhor amigo. Aproveite os benef\u00edcios de uma alimenta\u00e7\u00e3o de qualidade e proporcione mais sa\u00fade e bem-estar para o seu pet. Experimente!","og_url":"https:\/\/bepet.pet\/loja\/produto\/racao-frost-sensitive-minismall-25kg\/","og_site_name":"BePet","article_modified_time":"2026-04-29T20:50:59+00:00","og_image":[{"width":800,"height":800,"url":"https:\/\/bepet.pet\/loja\/wp-content\/uploads\/2024\/04\/pfcaedf85-8491-4347-b024-7fcd33bc0bfd.png","type":"image\/png"}],"twitter_card":"summary_large_image","twitter_misc":{"Est. tempo de leitura":"1 minuto"},"schema":{"@context":"https:\/\/schema.org","@graph":[{"@type":"WebPage","@id":"https:\/\/bepet.pet\/loja\/produto\/racao-frost-sensitive-minismall-25kg\/","url":"https:\/\/bepet.pet\/loja\/produto\/racao-frost-sensitive-minismall-25kg\/","name":"RA\u00c7\u00c3O FROST SENSITIVE MINI&amp;SMALL 2,5KG - BePet","isPartOf":{"@id":"https:\/\/bepet.pet\/loja\/#website"},"primaryImageOfPage":{"@id":"https:\/\/bepet.pet\/loja\/produto\/racao-frost-sensitive-minismall-25kg\/#primaryimage"},"image":{"@id":"https:\/\/bepet.pet\/loja\/produto\/racao-frost-sensitive-minismall-25kg\/#primaryimage"},"thumbnailUrl":"https:\/\/bepet.pet\/loja\/wp-content\/uploads\/2024\/04\/pfcaedf85-8491-4347-b024-7fcd33bc0bfd.png","datePublished":"2024-04-26T14:31:06+00:00","dateModified":"2026-04-29T20:50:59+00:00","breadcrumb":{"@id":"https:\/\/bepet.pet\/loja\/produto\/racao-frost-sensitive-minismall-25kg\/#breadcrumb"},"inLanguage":"pt-BR","potentialAction":[{"@type":"ReadAction","target":["https:\/\/bepet.pet\/loja\/produto\/racao-frost-sensitive-minismall-25kg\/"]}]},{"@type":"ImageObject","inLanguage":"pt-BR","@id":"https:\/\/bepet.pet\/loja\/produto\/racao-frost-sensitive-minismall-25kg\/#primaryimage","url":"https:\/\/bepet.pet\/loja\/wp-content\/uploads\/2024\/04\/pfcaedf85-8491-4347-b024-7fcd33bc0bfd.png","contentUrl":"https:\/\/bepet.pet\/loja\/wp-content\/uploads\/2024\/04\/pfcaedf85-8491-4347-b024-7fcd33bc0bfd.png","width":800,"height":800},{"@type":"BreadcrumbList","@id":"https:\/\/bepet.pet\/loja\/produto\/racao-frost-sensitive-minismall-25kg\/#breadcrumb","itemListElement":[{"@type":"ListItem","position":1,"name":"Home","item":"https:\/\/bepet.pet\/loja\/"},{"@type":"ListItem","position":2,"name":"Shop","item":"https:\/\/bepet.pet\/loja\/shop-2\/"},{"@type":"ListItem","position":3,"name":"RA\u00c7\u00c3O FROST SENSITIVE MINI&amp;SMALL 2,5KG"}]},{"@type":"WebSite","@id":"https:\/\/bepet.pet\/loja\/#website","url":"https:\/\/bepet.pet\/loja\/","name":"BePet","description":"Nossa vida \u00e9 cuidar do seu pet","publisher":{"@id":"https:\/\/bepet.pet\/loja\/#organization"},"potentialAction":[{"@type":"SearchAction","target":{"@type":"EntryPoint","urlTemplate":"https:\/\/bepet.pet\/loja\/?s={search_term_string}"},"query-input":{"@type":"PropertyValueSpecification","valueRequired":true,"valueName":"search_term_string"}}],"inLanguage":"pt-BR"},{"@type":"Organization","@id":"https:\/\/bepet.pet\/loja\/#organization","name":"BePet","url":"https:\/\/bepet.pet\/loja\/","logo":{"@type":"ImageObject","inLanguage":"pt-BR","@id":"https:\/\/bepet.pet\/loja\/#\/schema\/logo\/image\/","url":"https:\/\/bepet.pet\/loja\/wp-content\/uploads\/2020\/10\/logo.jpg","contentUrl":"https:\/\/bepet.pet\/loja\/wp-content\/uploads\/2020\/10\/logo.jpg","width":100,"height":99,"caption":"BePet"},"image":{"@id":"https:\/\/bepet.pet\/loja\/#\/schema\/logo\/image\/"}}]}},"jetpack_sharing_enabled":true,"_links":{"self":[{"href":"https:\/\/bepet.pet\/loja\/wp-json\/wp\/v2\/product\/10780","targetHints":{"allow":["GET"]}}],"collection":[{"href":"https:\/\/bepet.pet\/loja\/wp-json\/wp\/v2\/product"}],"about":[{"href":"https:\/\/bepet.pet\/loja\/wp-json\/wp\/v2\/types\/product"}],"replies":[{"embeddable":true,"href":"https:\/\/bepet.pet\/loja\/wp-json\/wp\/v2\/comments?post=10780"}],"wp:featuredmedia":[{"embeddable":true,"href":"https:\/\/bepet.pet\/loja\/wp-json\/wp\/v2\/media\/10777"}],"wp:attachment":[{"href":"https:\/\/bepet.pet\/loja\/wp-json\/wp\/v2\/media?parent=10780"}],"wp:term":[{"taxonomy":"product_brand","embeddable":true,"href":"https:\/\/bepet.pet\/loja\/wp-json\/wp\/v2\/product_brand?post=10780"},{"taxonomy":"product_cat","embeddable":true,"href":"https:\/\/bepet.pet\/loja\/wp-json\/wp\/v2\/product_cat?post=10780"},{"taxonomy":"product_tag","embeddable":true,"href":"https:\/\/bepet.pet\/loja\/wp-json\/wp\/v2\/product_tag?post=10780"}],"curies":[{"name":"wp","href":"https:\/\/api.w.org\/{rel}","templated":true}]}}