{"id":10554,"date":"2024-03-22T15:36:49","date_gmt":"2024-03-22T18:36:49","guid":{"rendered":"https:\/\/bepet.pet\/loja\/produto\/racao-nero-cat-premium-gatos-adultos-sabor-peixe-e-frango-101kg\/"},"modified":"2025-12-10T17:31:50","modified_gmt":"2025-12-10T20:31:50","slug":"racao-nero-cat-premium-gatos-adultos-sabor-peixe-e-frango-101kg","status":"publish","type":"product","link":"https:\/\/bepet.pet\/loja\/produto\/racao-nero-cat-premium-gatos-adultos-sabor-peixe-e-frango-101kg\/","title":{"rendered":"Ra\u00e7\u00e3o Nero Cat Premium Gatos Adultos sabor Peixe e Frango 10,1kg"},"content":{"rendered":"<p>A Nero Cat Premium apresenta sua ra\u00e7\u00e3o para gatos adultos sabor Peixe e Frango, em embalagem de 10,1kg. Desenvolvida com ingredientes de alta qualidade e balanceada nutricionalmente, proporciona uma alimenta\u00e7\u00e3o completa e saud\u00e1vel para o seu felino. <\/p>\n<p>Com um delicioso sabor que agrada at\u00e9 os paladares mais exigentes, a ra\u00e7\u00e3o Nero Cat Premium \u00e9 a escolha ideal para garantir a sa\u00fade e o bem-estar do seu gato. Al\u00e9m disso, sua f\u00f3rmula \u00e9 enriquecida com vitaminas e minerais essenciais para manter a pelagem brilhante, a pele saud\u00e1vel e o sistema imunol\u00f3gico fortalecido.<\/p>\n<p>N\u00e3o perca tempo e adquira agora mesmo a ra\u00e7\u00e3o Nero Cat Premium sabor Peixe e Frango para proporcionar uma alimenta\u00e7\u00e3o balanceada e saborosa para o seu gato. Acesse nosso site e aproveite!<\/p>\n","protected":false},"excerpt":{"rendered":"<p>A Nero Cat Premium apresenta sua ra\u00e7\u00e3o para gatos adultos sabor Peixe e Frango, em embalagem de 10,1kg. Desenvolvida com ingredientes de alta qualidade e balanceada nutricionalmente, proporciona uma alimenta\u00e7\u00e3o completa e saud\u00e1vel para o seu felino. Com um delicioso sabor que agrada at\u00e9 os paladares mais exigentes, a ra\u00e7\u00e3o Nero Cat Premium \u00e9 a escolha ideal para garantir a sa\u00fade e o bem-estar do seu gato. Al\u00e9m disso, sua f\u00f3rmula \u00e9 enriquecida com vitaminas e minerais essenciais para manter a pelagem brilhante, a pele saud\u00e1vel e o sistema imunol\u00f3gico fortalecido. N\u00e3o perca tempo e adquira agora mesmo a ra\u00e7\u00e3o Nero Cat Premium sabor Peixe e Frango para proporcionar uma alimenta\u00e7\u00e3o balanceada e saborosa para o seu gato. Acesse nosso site e aproveite!<\/p>\n","protected":false},"featured_media":10555,"comment_status":"open","ping_status":"closed","template":"","meta":{"_kadence_starter_templates_imported_post":false},"product_brand":[],"product_cat":[121,133],"product_tag":[],"class_list":{"0":"post-10554","1":"product","2":"type-product","3":"status-publish","4":"has-post-thumbnail","6":"product_cat-racoes","7":"product_cat-secas-gatos","10":"first","11":"outofstock","12":"shipping-taxable","13":"purchasable","14":"product-type-simple"},"yoast_head":"<!-- This site is optimized with the Yoast SEO plugin v25.5 - https:\/\/yoast.com\/wordpress\/plugins\/seo\/ -->\n<title>Ra\u00e7\u00e3o Nero Cat Premium Gatos Adultos sabor Peixe e Frango 10,1kg - BePet<\/title>\n<meta name=\"robots\" content=\"index, follow, max-snippet:-1, max-image-preview:large, max-video-preview:-1\" \/>\n<link rel=\"canonical\" href=\"https:\/\/bepet.pet\/loja\/produto\/racao-nero-cat-premium-gatos-adultos-sabor-peixe-e-frango-101kg\/\" \/>\n<meta property=\"og:locale\" content=\"pt_BR\" \/>\n<meta property=\"og:type\" content=\"article\" \/>\n<meta property=\"og:title\" content=\"Ra\u00e7\u00e3o Nero Cat Premium Gatos Adultos sabor Peixe e Frango 10,1kg - BePet\" \/>\n<meta property=\"og:description\" content=\"A Nero Cat Premium apresenta sua ra\u00e7\u00e3o para gatos adultos sabor Peixe e Frango, em embalagem de 10,1kg. Desenvolvida com ingredientes de alta qualidade e balanceada nutricionalmente, proporciona uma alimenta\u00e7\u00e3o completa e saud\u00e1vel para o seu felino. Com um delicioso sabor que agrada at\u00e9 os paladares mais exigentes, a ra\u00e7\u00e3o Nero Cat Premium \u00e9 a escolha ideal para garantir a sa\u00fade e o bem-estar do seu gato. Al\u00e9m disso, sua f\u00f3rmula \u00e9 enriquecida com vitaminas e minerais essenciais para manter a pelagem brilhante, a pele saud\u00e1vel e o sistema imunol\u00f3gico fortalecido. N\u00e3o perca tempo e adquira agora mesmo a ra\u00e7\u00e3o Nero Cat Premium sabor Peixe e Frango para proporcionar uma alimenta\u00e7\u00e3o balanceada e saborosa para o seu gato. Acesse nosso site e aproveite!\" \/>\n<meta property=\"og:url\" content=\"https:\/\/bepet.pet\/loja\/produto\/racao-nero-cat-premium-gatos-adultos-sabor-peixe-e-frango-101kg\/\" \/>\n<meta property=\"og:site_name\" content=\"BePet\" \/>\n<meta property=\"article:modified_time\" content=\"2025-12-10T20:31:50+00:00\" \/>\n<meta property=\"og:image\" content=\"https:\/\/bepet.pet\/loja\/wp-content\/uploads\/2024\/03\/p3efb164d-82b5-41cd-82e6-d30555281eda.png\" \/>\n\t<meta property=\"og:image:width\" content=\"600\" \/>\n\t<meta property=\"og:image:height\" content=\"400\" \/>\n\t<meta property=\"og:image:type\" content=\"image\/png\" \/>\n<meta name=\"twitter:card\" content=\"summary_large_image\" \/>\n<meta name=\"twitter:label1\" content=\"Est. tempo de leitura\" \/>\n\t<meta name=\"twitter:data1\" content=\"1 minuto\" \/>\n<script type=\"application\/ld+json\" class=\"yoast-schema-graph\">{\"@context\":\"https:\/\/schema.org\",\"@graph\":[{\"@type\":\"WebPage\",\"@id\":\"https:\/\/bepet.pet\/loja\/produto\/racao-nero-cat-premium-gatos-adultos-sabor-peixe-e-frango-101kg\/\",\"url\":\"https:\/\/bepet.pet\/loja\/produto\/racao-nero-cat-premium-gatos-adultos-sabor-peixe-e-frango-101kg\/\",\"name\":\"Ra\u00e7\u00e3o Nero Cat Premium Gatos Adultos sabor Peixe e Frango 10,1kg - BePet\",\"isPartOf\":{\"@id\":\"https:\/\/bepet.pet\/loja\/#website\"},\"primaryImageOfPage\":{\"@id\":\"https:\/\/bepet.pet\/loja\/produto\/racao-nero-cat-premium-gatos-adultos-sabor-peixe-e-frango-101kg\/#primaryimage\"},\"image\":{\"@id\":\"https:\/\/bepet.pet\/loja\/produto\/racao-nero-cat-premium-gatos-adultos-sabor-peixe-e-frango-101kg\/#primaryimage\"},\"thumbnailUrl\":\"https:\/\/bepet.pet\/loja\/wp-content\/uploads\/2024\/03\/p3efb164d-82b5-41cd-82e6-d30555281eda.png\",\"datePublished\":\"2024-03-22T18:36:49+00:00\",\"dateModified\":\"2025-12-10T20:31:50+00:00\",\"breadcrumb\":{\"@id\":\"https:\/\/bepet.pet\/loja\/produto\/racao-nero-cat-premium-gatos-adultos-sabor-peixe-e-frango-101kg\/#breadcrumb\"},\"inLanguage\":\"pt-BR\",\"potentialAction\":[{\"@type\":\"ReadAction\",\"target\":[\"https:\/\/bepet.pet\/loja\/produto\/racao-nero-cat-premium-gatos-adultos-sabor-peixe-e-frango-101kg\/\"]}]},{\"@type\":\"ImageObject\",\"inLanguage\":\"pt-BR\",\"@id\":\"https:\/\/bepet.pet\/loja\/produto\/racao-nero-cat-premium-gatos-adultos-sabor-peixe-e-frango-101kg\/#primaryimage\",\"url\":\"https:\/\/bepet.pet\/loja\/wp-content\/uploads\/2024\/03\/p3efb164d-82b5-41cd-82e6-d30555281eda.png\",\"contentUrl\":\"https:\/\/bepet.pet\/loja\/wp-content\/uploads\/2024\/03\/p3efb164d-82b5-41cd-82e6-d30555281eda.png\",\"width\":600,\"height\":400},{\"@type\":\"BreadcrumbList\",\"@id\":\"https:\/\/bepet.pet\/loja\/produto\/racao-nero-cat-premium-gatos-adultos-sabor-peixe-e-frango-101kg\/#breadcrumb\",\"itemListElement\":[{\"@type\":\"ListItem\",\"position\":1,\"name\":\"Home\",\"item\":\"https:\/\/bepet.pet\/loja\/\"},{\"@type\":\"ListItem\",\"position\":2,\"name\":\"Shop\",\"item\":\"https:\/\/bepet.pet\/loja\/shop-2\/\"},{\"@type\":\"ListItem\",\"position\":3,\"name\":\"Ra\u00e7\u00e3o Nero Cat Premium Gatos Adultos sabor Peixe e Frango 10,1kg\"}]},{\"@type\":\"WebSite\",\"@id\":\"https:\/\/bepet.pet\/loja\/#website\",\"url\":\"https:\/\/bepet.pet\/loja\/\",\"name\":\"BePet\",\"description\":\"Nossa vida \u00e9 cuidar do seu pet\",\"publisher\":{\"@id\":\"https:\/\/bepet.pet\/loja\/#organization\"},\"potentialAction\":[{\"@type\":\"SearchAction\",\"target\":{\"@type\":\"EntryPoint\",\"urlTemplate\":\"https:\/\/bepet.pet\/loja\/?s={search_term_string}\"},\"query-input\":{\"@type\":\"PropertyValueSpecification\",\"valueRequired\":true,\"valueName\":\"search_term_string\"}}],\"inLanguage\":\"pt-BR\"},{\"@type\":\"Organization\",\"@id\":\"https:\/\/bepet.pet\/loja\/#organization\",\"name\":\"BePet\",\"url\":\"https:\/\/bepet.pet\/loja\/\",\"logo\":{\"@type\":\"ImageObject\",\"inLanguage\":\"pt-BR\",\"@id\":\"https:\/\/bepet.pet\/loja\/#\/schema\/logo\/image\/\",\"url\":\"https:\/\/bepet.pet\/loja\/wp-content\/uploads\/2020\/10\/logo.jpg\",\"contentUrl\":\"https:\/\/bepet.pet\/loja\/wp-content\/uploads\/2020\/10\/logo.jpg\",\"width\":100,\"height\":99,\"caption\":\"BePet\"},\"image\":{\"@id\":\"https:\/\/bepet.pet\/loja\/#\/schema\/logo\/image\/\"}}]}<\/script>\n<!-- \/ Yoast SEO plugin. -->","yoast_head_json":{"title":"Ra\u00e7\u00e3o Nero Cat Premium Gatos Adultos sabor Peixe e Frango 10,1kg - BePet","robots":{"index":"index","follow":"follow","max-snippet":"max-snippet:-1","max-image-preview":"max-image-preview:large","max-video-preview":"max-video-preview:-1"},"canonical":"https:\/\/bepet.pet\/loja\/produto\/racao-nero-cat-premium-gatos-adultos-sabor-peixe-e-frango-101kg\/","og_locale":"pt_BR","og_type":"article","og_title":"Ra\u00e7\u00e3o Nero Cat Premium Gatos Adultos sabor Peixe e Frango 10,1kg - BePet","og_description":"A Nero Cat Premium apresenta sua ra\u00e7\u00e3o para gatos adultos sabor Peixe e Frango, em embalagem de 10,1kg. Desenvolvida com ingredientes de alta qualidade e balanceada nutricionalmente, proporciona uma alimenta\u00e7\u00e3o completa e saud\u00e1vel para o seu felino. Com um delicioso sabor que agrada at\u00e9 os paladares mais exigentes, a ra\u00e7\u00e3o Nero Cat Premium \u00e9 a escolha ideal para garantir a sa\u00fade e o bem-estar do seu gato. Al\u00e9m disso, sua f\u00f3rmula \u00e9 enriquecida com vitaminas e minerais essenciais para manter a pelagem brilhante, a pele saud\u00e1vel e o sistema imunol\u00f3gico fortalecido. N\u00e3o perca tempo e adquira agora mesmo a ra\u00e7\u00e3o Nero Cat Premium sabor Peixe e Frango para proporcionar uma alimenta\u00e7\u00e3o balanceada e saborosa para o seu gato. Acesse nosso site e aproveite!","og_url":"https:\/\/bepet.pet\/loja\/produto\/racao-nero-cat-premium-gatos-adultos-sabor-peixe-e-frango-101kg\/","og_site_name":"BePet","article_modified_time":"2025-12-10T20:31:50+00:00","og_image":[{"width":600,"height":400,"url":"https:\/\/bepet.pet\/loja\/wp-content\/uploads\/2024\/03\/p3efb164d-82b5-41cd-82e6-d30555281eda.png","type":"image\/png"}],"twitter_card":"summary_large_image","twitter_misc":{"Est. tempo de leitura":"1 minuto"},"schema":{"@context":"https:\/\/schema.org","@graph":[{"@type":"WebPage","@id":"https:\/\/bepet.pet\/loja\/produto\/racao-nero-cat-premium-gatos-adultos-sabor-peixe-e-frango-101kg\/","url":"https:\/\/bepet.pet\/loja\/produto\/racao-nero-cat-premium-gatos-adultos-sabor-peixe-e-frango-101kg\/","name":"Ra\u00e7\u00e3o Nero Cat Premium Gatos Adultos sabor Peixe e Frango 10,1kg - BePet","isPartOf":{"@id":"https:\/\/bepet.pet\/loja\/#website"},"primaryImageOfPage":{"@id":"https:\/\/bepet.pet\/loja\/produto\/racao-nero-cat-premium-gatos-adultos-sabor-peixe-e-frango-101kg\/#primaryimage"},"image":{"@id":"https:\/\/bepet.pet\/loja\/produto\/racao-nero-cat-premium-gatos-adultos-sabor-peixe-e-frango-101kg\/#primaryimage"},"thumbnailUrl":"https:\/\/bepet.pet\/loja\/wp-content\/uploads\/2024\/03\/p3efb164d-82b5-41cd-82e6-d30555281eda.png","datePublished":"2024-03-22T18:36:49+00:00","dateModified":"2025-12-10T20:31:50+00:00","breadcrumb":{"@id":"https:\/\/bepet.pet\/loja\/produto\/racao-nero-cat-premium-gatos-adultos-sabor-peixe-e-frango-101kg\/#breadcrumb"},"inLanguage":"pt-BR","potentialAction":[{"@type":"ReadAction","target":["https:\/\/bepet.pet\/loja\/produto\/racao-nero-cat-premium-gatos-adultos-sabor-peixe-e-frango-101kg\/"]}]},{"@type":"ImageObject","inLanguage":"pt-BR","@id":"https:\/\/bepet.pet\/loja\/produto\/racao-nero-cat-premium-gatos-adultos-sabor-peixe-e-frango-101kg\/#primaryimage","url":"https:\/\/bepet.pet\/loja\/wp-content\/uploads\/2024\/03\/p3efb164d-82b5-41cd-82e6-d30555281eda.png","contentUrl":"https:\/\/bepet.pet\/loja\/wp-content\/uploads\/2024\/03\/p3efb164d-82b5-41cd-82e6-d30555281eda.png","width":600,"height":400},{"@type":"BreadcrumbList","@id":"https:\/\/bepet.pet\/loja\/produto\/racao-nero-cat-premium-gatos-adultos-sabor-peixe-e-frango-101kg\/#breadcrumb","itemListElement":[{"@type":"ListItem","position":1,"name":"Home","item":"https:\/\/bepet.pet\/loja\/"},{"@type":"ListItem","position":2,"name":"Shop","item":"https:\/\/bepet.pet\/loja\/shop-2\/"},{"@type":"ListItem","position":3,"name":"Ra\u00e7\u00e3o Nero Cat Premium Gatos Adultos sabor Peixe e Frango 10,1kg"}]},{"@type":"WebSite","@id":"https:\/\/bepet.pet\/loja\/#website","url":"https:\/\/bepet.pet\/loja\/","name":"BePet","description":"Nossa vida \u00e9 cuidar do seu pet","publisher":{"@id":"https:\/\/bepet.pet\/loja\/#organization"},"potentialAction":[{"@type":"SearchAction","target":{"@type":"EntryPoint","urlTemplate":"https:\/\/bepet.pet\/loja\/?s={search_term_string}"},"query-input":{"@type":"PropertyValueSpecification","valueRequired":true,"valueName":"search_term_string"}}],"inLanguage":"pt-BR"},{"@type":"Organization","@id":"https:\/\/bepet.pet\/loja\/#organization","name":"BePet","url":"https:\/\/bepet.pet\/loja\/","logo":{"@type":"ImageObject","inLanguage":"pt-BR","@id":"https:\/\/bepet.pet\/loja\/#\/schema\/logo\/image\/","url":"https:\/\/bepet.pet\/loja\/wp-content\/uploads\/2020\/10\/logo.jpg","contentUrl":"https:\/\/bepet.pet\/loja\/wp-content\/uploads\/2020\/10\/logo.jpg","width":100,"height":99,"caption":"BePet"},"image":{"@id":"https:\/\/bepet.pet\/loja\/#\/schema\/logo\/image\/"}}]}},"jetpack_sharing_enabled":true,"_links":{"self":[{"href":"https:\/\/bepet.pet\/loja\/wp-json\/wp\/v2\/product\/10554","targetHints":{"allow":["GET"]}}],"collection":[{"href":"https:\/\/bepet.pet\/loja\/wp-json\/wp\/v2\/product"}],"about":[{"href":"https:\/\/bepet.pet\/loja\/wp-json\/wp\/v2\/types\/product"}],"replies":[{"embeddable":true,"href":"https:\/\/bepet.pet\/loja\/wp-json\/wp\/v2\/comments?post=10554"}],"wp:featuredmedia":[{"embeddable":true,"href":"https:\/\/bepet.pet\/loja\/wp-json\/wp\/v2\/media\/10555"}],"wp:attachment":[{"href":"https:\/\/bepet.pet\/loja\/wp-json\/wp\/v2\/media?parent=10554"}],"wp:term":[{"taxonomy":"product_brand","embeddable":true,"href":"https:\/\/bepet.pet\/loja\/wp-json\/wp\/v2\/product_brand?post=10554"},{"taxonomy":"product_cat","embeddable":true,"href":"https:\/\/bepet.pet\/loja\/wp-json\/wp\/v2\/product_cat?post=10554"},{"taxonomy":"product_tag","embeddable":true,"href":"https:\/\/bepet.pet\/loja\/wp-json\/wp\/v2\/product_tag?post=10554"}],"curies":[{"name":"wp","href":"https:\/\/api.w.org\/{rel}","templated":true}]}}