{"id":10438,"date":"2024-01-22T20:36:20","date_gmt":"2024-01-22T20:36:20","guid":{"rendered":"https:\/\/bepet.pet\/loja\/produto\/osso-casco-bovino-com-6-unidades-para-caes-natural-farm\/"},"modified":"2025-12-10T17:34:58","modified_gmt":"2025-12-10T20:34:58","slug":"osso-casco-bovino-com-6-unidades-para-caes-natural-farm","status":"publish","type":"product","link":"https:\/\/bepet.pet\/loja\/produto\/osso-casco-bovino-com-6-unidades-para-caes-natural-farm\/","title":{"rendered":"Osso Casco Bovino com 6 Unidades para C\u00e3es Natural Farm"},"content":{"rendered":"<p>Osso Casco Bovino com 6 Unidades para C\u00e3es Natural Farm<\/p>\n<p>Procurando um petisco saboroso e saud\u00e1vel para o seu c\u00e3o? Apresentamos o Osso Casco Bovino com 6 Unidades da Natural Farm, uma op\u00e7\u00e3o irresist\u00edvel para o seu melhor amigo de quatro patas.<\/p>\n<p>Feito com ingredientes naturais e cuidadosamente selecionados, este petisco \u00e9 uma excelente op\u00e7\u00e3o para satisfazer a necessidade de mastiga\u00e7\u00e3o do seu c\u00e3o, ajudando a manter a sa\u00fade bucal em dia. Al\u00e9m disso, o Osso Casco Bovino \u00e9 uma fonte de entretenimento, garantindo horas de divers\u00e3o para o seu pet.<\/p>\n<p>Composto por 6 unidades, cada osso \u00e9 rico em nutrientes essenciais para a sa\u00fade do seu c\u00e3o. Al\u00e9m disso, o processo de produ\u00e7\u00e3o da Natural Farm garante a m\u00e1xima qualidade e seguran\u00e7a para o seu animal de estima\u00e7\u00e3o, sem adi\u00e7\u00e3o de corantes, aromatizantes ou conservantes artificiais.<\/p>\n<p>A Natural Farm \u00e9 uma marca reconhecida no mercado pet, comprometida em oferecer produtos de alta qualidade para o bem-estar dos animais. Todos os produtos s\u00e3o desenvolvidos com base em pesquisas e estudos, visando atender \u00e0s necessidades nutricionais e comportamentais dos c\u00e3es.<\/p>\n<p>Ao escolher o Osso Casco Bovino com 6 Unidades da Natural Farm, voc\u00ea est\u00e1 proporcionando ao seu c\u00e3o momentos de prazer e cuidado. Afinal, um petisco saboroso e natural \u00e9 a melhor forma de demonstrar o seu amor e carinho pelo seu fiel companheiro.<\/p>\n<p>Aproveite agora mesmo para adquirir o Osso Casco Bovino com 6 Unidades da Natural Farm em nosso e-commerce. Garanta uma alimenta\u00e7\u00e3o saud\u00e1vel e prazerosa para o seu c\u00e3o, e proporcione a ele uma vida mais feliz e equilibrada.<\/p>\n<p>*Imagens meramente ilustrativas.<\/p>\n","protected":false},"excerpt":{"rendered":"<p>Osso Casco Bovino com 6 Unidades para C\u00e3es Natural Farm Procurando um petisco saboroso e saud\u00e1vel para o seu c\u00e3o? Apresentamos o Osso Casco Bovino com 6 Unidades da Natural Farm, uma op\u00e7\u00e3o irresist\u00edvel para o seu melhor amigo de quatro patas. Feito com ingredientes naturais e cuidadosamente selecionados, este petisco \u00e9 uma excelente op\u00e7\u00e3o para satisfazer a necessidade de mastiga\u00e7\u00e3o do seu c\u00e3o, ajudando a manter a sa\u00fade bucal em dia. Al\u00e9m disso, o Osso Casco Bovino \u00e9 uma fonte de entretenimento, garantindo horas de divers\u00e3o para o seu pet. Composto por 6 unidades, cada osso \u00e9 rico em nutrientes essenciais para a sa\u00fade do seu c\u00e3o. Al\u00e9m disso, o processo de produ\u00e7\u00e3o da Natural Farm garante a m\u00e1xima qualidade e seguran\u00e7a para o seu animal de estima\u00e7\u00e3o, sem adi\u00e7\u00e3o de corantes, aromatizantes ou conservantes artificiais. A Natural Farm \u00e9 uma marca reconhecida no mercado pet, comprometida em oferecer produtos de alta qualidade para o bem-estar dos animais. Todos os produtos s\u00e3o desenvolvidos com base em pesquisas e estudos, visando atender \u00e0s necessidades nutricionais e comportamentais dos c\u00e3es. Ao escolher o Osso Casco Bovino com 6 Unidades da Natural Farm, voc\u00ea est\u00e1 proporcionando ao seu c\u00e3o momentos de prazer&hellip; <a class=\"read-more-link\" href=\"https:\/\/bepet.pet\/loja\/produto\/osso-casco-bovino-com-6-unidades-para-caes-natural-farm\/\">Read More<\/a><\/p>\n","protected":false},"featured_media":10435,"comment_status":"open","ping_status":"closed","template":"","meta":{"_kadence_starter_templates_imported_post":false},"product_brand":[],"product_cat":[123,139],"product_tag":[],"class_list":{"0":"post-10438","1":"product","2":"type-product","3":"status-publish","4":"has-post-thumbnail","6":"product_cat-petiscos","7":"product_cat-petiscos-caes","10":"first","11":"instock","12":"shipping-taxable","13":"purchasable","14":"product-type-simple"},"yoast_head":"<!-- This site is optimized with the Yoast SEO plugin v25.5 - https:\/\/yoast.com\/wordpress\/plugins\/seo\/ -->\n<title>Osso Casco Bovino com 6 Unidades para C\u00e3es Natural Farm - BePet<\/title>\n<meta name=\"robots\" content=\"index, follow, max-snippet:-1, max-image-preview:large, max-video-preview:-1\" \/>\n<link rel=\"canonical\" href=\"https:\/\/bepet.pet\/loja\/produto\/osso-casco-bovino-com-6-unidades-para-caes-natural-farm\/\" \/>\n<meta property=\"og:locale\" content=\"pt_BR\" \/>\n<meta property=\"og:type\" content=\"article\" \/>\n<meta property=\"og:title\" content=\"Osso Casco Bovino com 6 Unidades para C\u00e3es Natural Farm - BePet\" \/>\n<meta property=\"og:description\" content=\"Osso Casco Bovino com 6 Unidades para C\u00e3es Natural Farm Procurando um petisco saboroso e saud\u00e1vel para o seu c\u00e3o? Apresentamos o Osso Casco Bovino com 6 Unidades da Natural Farm, uma op\u00e7\u00e3o irresist\u00edvel para o seu melhor amigo de quatro patas. Feito com ingredientes naturais e cuidadosamente selecionados, este petisco \u00e9 uma excelente op\u00e7\u00e3o para satisfazer a necessidade de mastiga\u00e7\u00e3o do seu c\u00e3o, ajudando a manter a sa\u00fade bucal em dia. Al\u00e9m disso, o Osso Casco Bovino \u00e9 uma fonte de entretenimento, garantindo horas de divers\u00e3o para o seu pet. Composto por 6 unidades, cada osso \u00e9 rico em nutrientes essenciais para a sa\u00fade do seu c\u00e3o. Al\u00e9m disso, o processo de produ\u00e7\u00e3o da Natural Farm garante a m\u00e1xima qualidade e seguran\u00e7a para o seu animal de estima\u00e7\u00e3o, sem adi\u00e7\u00e3o de corantes, aromatizantes ou conservantes artificiais. A Natural Farm \u00e9 uma marca reconhecida no mercado pet, comprometida em oferecer produtos de alta qualidade para o bem-estar dos animais. Todos os produtos s\u00e3o desenvolvidos com base em pesquisas e estudos, visando atender \u00e0s necessidades nutricionais e comportamentais dos c\u00e3es. Ao escolher o Osso Casco Bovino com 6 Unidades da Natural Farm, voc\u00ea est\u00e1 proporcionando ao seu c\u00e3o momentos de prazer&hellip; Read More\" \/>\n<meta property=\"og:url\" content=\"https:\/\/bepet.pet\/loja\/produto\/osso-casco-bovino-com-6-unidades-para-caes-natural-farm\/\" \/>\n<meta property=\"og:site_name\" content=\"BePet\" \/>\n<meta property=\"article:modified_time\" content=\"2025-12-10T20:34:58+00:00\" \/>\n<meta name=\"twitter:card\" content=\"summary_large_image\" \/>\n<meta name=\"twitter:label1\" content=\"Est. tempo de leitura\" \/>\n\t<meta name=\"twitter:data1\" content=\"1 minuto\" \/>\n<script type=\"application\/ld+json\" class=\"yoast-schema-graph\">{\"@context\":\"https:\/\/schema.org\",\"@graph\":[{\"@type\":\"WebPage\",\"@id\":\"https:\/\/bepet.pet\/loja\/produto\/osso-casco-bovino-com-6-unidades-para-caes-natural-farm\/\",\"url\":\"https:\/\/bepet.pet\/loja\/produto\/osso-casco-bovino-com-6-unidades-para-caes-natural-farm\/\",\"name\":\"Osso Casco Bovino com 6 Unidades para C\u00e3es Natural Farm - BePet\",\"isPartOf\":{\"@id\":\"https:\/\/bepet.pet\/loja\/#website\"},\"primaryImageOfPage\":{\"@id\":\"https:\/\/bepet.pet\/loja\/produto\/osso-casco-bovino-com-6-unidades-para-caes-natural-farm\/#primaryimage\"},\"image\":{\"@id\":\"https:\/\/bepet.pet\/loja\/produto\/osso-casco-bovino-com-6-unidades-para-caes-natural-farm\/#primaryimage\"},\"thumbnailUrl\":\"https:\/\/bepet.pet\/loja\/wp-content\/uploads\/2024\/01\/p99bdea8e-24d6-4638-ab63-dfb26bf2f2d7.png\",\"datePublished\":\"2024-01-22T20:36:20+00:00\",\"dateModified\":\"2025-12-10T20:34:58+00:00\",\"breadcrumb\":{\"@id\":\"https:\/\/bepet.pet\/loja\/produto\/osso-casco-bovino-com-6-unidades-para-caes-natural-farm\/#breadcrumb\"},\"inLanguage\":\"pt-BR\",\"potentialAction\":[{\"@type\":\"ReadAction\",\"target\":[\"https:\/\/bepet.pet\/loja\/produto\/osso-casco-bovino-com-6-unidades-para-caes-natural-farm\/\"]}]},{\"@type\":\"ImageObject\",\"inLanguage\":\"pt-BR\",\"@id\":\"https:\/\/bepet.pet\/loja\/produto\/osso-casco-bovino-com-6-unidades-para-caes-natural-farm\/#primaryimage\",\"url\":\"https:\/\/bepet.pet\/loja\/wp-content\/uploads\/2024\/01\/p99bdea8e-24d6-4638-ab63-dfb26bf2f2d7.png\",\"contentUrl\":\"https:\/\/bepet.pet\/loja\/wp-content\/uploads\/2024\/01\/p99bdea8e-24d6-4638-ab63-dfb26bf2f2d7.png\",\"width\":800,\"height\":800},{\"@type\":\"BreadcrumbList\",\"@id\":\"https:\/\/bepet.pet\/loja\/produto\/osso-casco-bovino-com-6-unidades-para-caes-natural-farm\/#breadcrumb\",\"itemListElement\":[{\"@type\":\"ListItem\",\"position\":1,\"name\":\"Home\",\"item\":\"https:\/\/bepet.pet\/loja\/\"},{\"@type\":\"ListItem\",\"position\":2,\"name\":\"Shop\",\"item\":\"https:\/\/bepet.pet\/loja\/shop-2\/\"},{\"@type\":\"ListItem\",\"position\":3,\"name\":\"Osso Casco Bovino com 6 Unidades para C\u00e3es Natural Farm\"}]},{\"@type\":\"WebSite\",\"@id\":\"https:\/\/bepet.pet\/loja\/#website\",\"url\":\"https:\/\/bepet.pet\/loja\/\",\"name\":\"BePet\",\"description\":\"Nossa vida \u00e9 cuidar do seu pet\",\"publisher\":{\"@id\":\"https:\/\/bepet.pet\/loja\/#organization\"},\"potentialAction\":[{\"@type\":\"SearchAction\",\"target\":{\"@type\":\"EntryPoint\",\"urlTemplate\":\"https:\/\/bepet.pet\/loja\/?s={search_term_string}\"},\"query-input\":{\"@type\":\"PropertyValueSpecification\",\"valueRequired\":true,\"valueName\":\"search_term_string\"}}],\"inLanguage\":\"pt-BR\"},{\"@type\":\"Organization\",\"@id\":\"https:\/\/bepet.pet\/loja\/#organization\",\"name\":\"BePet\",\"url\":\"https:\/\/bepet.pet\/loja\/\",\"logo\":{\"@type\":\"ImageObject\",\"inLanguage\":\"pt-BR\",\"@id\":\"https:\/\/bepet.pet\/loja\/#\/schema\/logo\/image\/\",\"url\":\"https:\/\/bepet.pet\/loja\/wp-content\/uploads\/2020\/10\/logo.jpg\",\"contentUrl\":\"https:\/\/bepet.pet\/loja\/wp-content\/uploads\/2020\/10\/logo.jpg\",\"width\":100,\"height\":99,\"caption\":\"BePet\"},\"image\":{\"@id\":\"https:\/\/bepet.pet\/loja\/#\/schema\/logo\/image\/\"}}]}<\/script>\n<!-- \/ Yoast SEO plugin. -->","yoast_head_json":{"title":"Osso Casco Bovino com 6 Unidades para C\u00e3es Natural Farm - BePet","robots":{"index":"index","follow":"follow","max-snippet":"max-snippet:-1","max-image-preview":"max-image-preview:large","max-video-preview":"max-video-preview:-1"},"canonical":"https:\/\/bepet.pet\/loja\/produto\/osso-casco-bovino-com-6-unidades-para-caes-natural-farm\/","og_locale":"pt_BR","og_type":"article","og_title":"Osso Casco Bovino com 6 Unidades para C\u00e3es Natural Farm - BePet","og_description":"Osso Casco Bovino com 6 Unidades para C\u00e3es Natural Farm Procurando um petisco saboroso e saud\u00e1vel para o seu c\u00e3o? Apresentamos o Osso Casco Bovino com 6 Unidades da Natural Farm, uma op\u00e7\u00e3o irresist\u00edvel para o seu melhor amigo de quatro patas. Feito com ingredientes naturais e cuidadosamente selecionados, este petisco \u00e9 uma excelente op\u00e7\u00e3o para satisfazer a necessidade de mastiga\u00e7\u00e3o do seu c\u00e3o, ajudando a manter a sa\u00fade bucal em dia. Al\u00e9m disso, o Osso Casco Bovino \u00e9 uma fonte de entretenimento, garantindo horas de divers\u00e3o para o seu pet. Composto por 6 unidades, cada osso \u00e9 rico em nutrientes essenciais para a sa\u00fade do seu c\u00e3o. Al\u00e9m disso, o processo de produ\u00e7\u00e3o da Natural Farm garante a m\u00e1xima qualidade e seguran\u00e7a para o seu animal de estima\u00e7\u00e3o, sem adi\u00e7\u00e3o de corantes, aromatizantes ou conservantes artificiais. A Natural Farm \u00e9 uma marca reconhecida no mercado pet, comprometida em oferecer produtos de alta qualidade para o bem-estar dos animais. Todos os produtos s\u00e3o desenvolvidos com base em pesquisas e estudos, visando atender \u00e0s necessidades nutricionais e comportamentais dos c\u00e3es. Ao escolher o Osso Casco Bovino com 6 Unidades da Natural Farm, voc\u00ea est\u00e1 proporcionando ao seu c\u00e3o momentos de prazer&hellip; Read More","og_url":"https:\/\/bepet.pet\/loja\/produto\/osso-casco-bovino-com-6-unidades-para-caes-natural-farm\/","og_site_name":"BePet","article_modified_time":"2025-12-10T20:34:58+00:00","twitter_card":"summary_large_image","twitter_misc":{"Est. tempo de leitura":"1 minuto"},"schema":{"@context":"https:\/\/schema.org","@graph":[{"@type":"WebPage","@id":"https:\/\/bepet.pet\/loja\/produto\/osso-casco-bovino-com-6-unidades-para-caes-natural-farm\/","url":"https:\/\/bepet.pet\/loja\/produto\/osso-casco-bovino-com-6-unidades-para-caes-natural-farm\/","name":"Osso Casco Bovino com 6 Unidades para C\u00e3es Natural Farm - BePet","isPartOf":{"@id":"https:\/\/bepet.pet\/loja\/#website"},"primaryImageOfPage":{"@id":"https:\/\/bepet.pet\/loja\/produto\/osso-casco-bovino-com-6-unidades-para-caes-natural-farm\/#primaryimage"},"image":{"@id":"https:\/\/bepet.pet\/loja\/produto\/osso-casco-bovino-com-6-unidades-para-caes-natural-farm\/#primaryimage"},"thumbnailUrl":"https:\/\/bepet.pet\/loja\/wp-content\/uploads\/2024\/01\/p99bdea8e-24d6-4638-ab63-dfb26bf2f2d7.png","datePublished":"2024-01-22T20:36:20+00:00","dateModified":"2025-12-10T20:34:58+00:00","breadcrumb":{"@id":"https:\/\/bepet.pet\/loja\/produto\/osso-casco-bovino-com-6-unidades-para-caes-natural-farm\/#breadcrumb"},"inLanguage":"pt-BR","potentialAction":[{"@type":"ReadAction","target":["https:\/\/bepet.pet\/loja\/produto\/osso-casco-bovino-com-6-unidades-para-caes-natural-farm\/"]}]},{"@type":"ImageObject","inLanguage":"pt-BR","@id":"https:\/\/bepet.pet\/loja\/produto\/osso-casco-bovino-com-6-unidades-para-caes-natural-farm\/#primaryimage","url":"https:\/\/bepet.pet\/loja\/wp-content\/uploads\/2024\/01\/p99bdea8e-24d6-4638-ab63-dfb26bf2f2d7.png","contentUrl":"https:\/\/bepet.pet\/loja\/wp-content\/uploads\/2024\/01\/p99bdea8e-24d6-4638-ab63-dfb26bf2f2d7.png","width":800,"height":800},{"@type":"BreadcrumbList","@id":"https:\/\/bepet.pet\/loja\/produto\/osso-casco-bovino-com-6-unidades-para-caes-natural-farm\/#breadcrumb","itemListElement":[{"@type":"ListItem","position":1,"name":"Home","item":"https:\/\/bepet.pet\/loja\/"},{"@type":"ListItem","position":2,"name":"Shop","item":"https:\/\/bepet.pet\/loja\/shop-2\/"},{"@type":"ListItem","position":3,"name":"Osso Casco Bovino com 6 Unidades para C\u00e3es Natural Farm"}]},{"@type":"WebSite","@id":"https:\/\/bepet.pet\/loja\/#website","url":"https:\/\/bepet.pet\/loja\/","name":"BePet","description":"Nossa vida \u00e9 cuidar do seu pet","publisher":{"@id":"https:\/\/bepet.pet\/loja\/#organization"},"potentialAction":[{"@type":"SearchAction","target":{"@type":"EntryPoint","urlTemplate":"https:\/\/bepet.pet\/loja\/?s={search_term_string}"},"query-input":{"@type":"PropertyValueSpecification","valueRequired":true,"valueName":"search_term_string"}}],"inLanguage":"pt-BR"},{"@type":"Organization","@id":"https:\/\/bepet.pet\/loja\/#organization","name":"BePet","url":"https:\/\/bepet.pet\/loja\/","logo":{"@type":"ImageObject","inLanguage":"pt-BR","@id":"https:\/\/bepet.pet\/loja\/#\/schema\/logo\/image\/","url":"https:\/\/bepet.pet\/loja\/wp-content\/uploads\/2020\/10\/logo.jpg","contentUrl":"https:\/\/bepet.pet\/loja\/wp-content\/uploads\/2020\/10\/logo.jpg","width":100,"height":99,"caption":"BePet"},"image":{"@id":"https:\/\/bepet.pet\/loja\/#\/schema\/logo\/image\/"}}]}},"jetpack_sharing_enabled":true,"_links":{"self":[{"href":"https:\/\/bepet.pet\/loja\/wp-json\/wp\/v2\/product\/10438","targetHints":{"allow":["GET"]}}],"collection":[{"href":"https:\/\/bepet.pet\/loja\/wp-json\/wp\/v2\/product"}],"about":[{"href":"https:\/\/bepet.pet\/loja\/wp-json\/wp\/v2\/types\/product"}],"replies":[{"embeddable":true,"href":"https:\/\/bepet.pet\/loja\/wp-json\/wp\/v2\/comments?post=10438"}],"wp:featuredmedia":[{"embeddable":true,"href":"https:\/\/bepet.pet\/loja\/wp-json\/wp\/v2\/media\/10435"}],"wp:attachment":[{"href":"https:\/\/bepet.pet\/loja\/wp-json\/wp\/v2\/media?parent=10438"}],"wp:term":[{"taxonomy":"product_brand","embeddable":true,"href":"https:\/\/bepet.pet\/loja\/wp-json\/wp\/v2\/product_brand?post=10438"},{"taxonomy":"product_cat","embeddable":true,"href":"https:\/\/bepet.pet\/loja\/wp-json\/wp\/v2\/product_cat?post=10438"},{"taxonomy":"product_tag","embeddable":true,"href":"https:\/\/bepet.pet\/loja\/wp-json\/wp\/v2\/product_tag?post=10438"}],"curies":[{"name":"wp","href":"https:\/\/api.w.org\/{rel}","templated":true}]}}