{"id":10399,"date":"2024-01-19T18:28:06","date_gmt":"2024-01-19T18:28:06","guid":{"rendered":"https:\/\/bepet.pet\/loja\/produto\/palinats-figado-e-espinafre-130g\/"},"modified":"2025-12-10T17:23:45","modified_gmt":"2025-12-10T20:23:45","slug":"palinats-figado-e-espinafre-130g","status":"publish","type":"product","link":"https:\/\/bepet.pet\/loja\/produto\/palinats-figado-e-espinafre-130g\/","title":{"rendered":"Palinats F\u00edgado e Espinafre 130g"},"content":{"rendered":"<p>Conhe\u00e7a o novo produto que est\u00e1 revolucionando o mercado de alimenta\u00e7\u00e3o saud\u00e1vel: Palinats F\u00edgado e Espinafre 130g. Combinando ingredientes de alta qualidade, sabor irresist\u00edvel e benef\u00edcios nutricionais, essa op\u00e7\u00e3o \u00e9 perfeita para quem busca uma alimenta\u00e7\u00e3o equilibrada e pr\u00e1tica.<\/p>\n<p>O Palinats F\u00edgado e Espinafre 130g \u00e9 uma op\u00e7\u00e3o deliciosa e nutritiva para incluir na sua rotina alimentar. Com um sabor suave e textura macia, esse produto \u00e9 ideal para quem quer adicionar mais nutrientes \u00e0 sua dieta de forma saborosa.<\/p>\n<p>O f\u00edgado \u00e9 uma excelente fonte de ferro, vitamina A e vitaminas do complexo B, essenciais para o bom funcionamento do organismo. J\u00e1 o espinafre \u00e9 rico em fibras, vitaminas C e K, al\u00e9m de minerais como c\u00e1lcio e magn\u00e9sio. Essa combina\u00e7\u00e3o de ingredientes traz diversos benef\u00edcios para a sa\u00fade, como fortalecimento do sistema imunol\u00f3gico, melhora da sa\u00fade ocular e aux\u00edlio na digest\u00e3o.<\/p>\n<p>Al\u00e9m dos benef\u00edcios nutricionais, o Palinats F\u00edgado e Espinafre 130g \u00e9 uma op\u00e7\u00e3o pr\u00e1tica para o dia a dia. Seu formato em por\u00e7\u00f5es individuais facilita o consumo, permitindo que voc\u00ea tenha sempre uma op\u00e7\u00e3o saud\u00e1vel \u00e0 m\u00e3o, seja no trabalho, em viagens ou at\u00e9 mesmo em casa.<\/p>\n<p>No nosso e-commerce, voc\u00ea encontrar\u00e1 o Palinats F\u00edgado e Espinafre 130g com facilidade. Aproveite para adquirir o seu e experimentar essa op\u00e7\u00e3o deliciosa e nutritiva. Compre agora e descubra como \u00e9 poss\u00edvel aliar sabor e sa\u00fade em um \u00fanico produto. N\u00e3o perca essa oportunidade de cuidar de voc\u00ea e se deliciar ao mesmo tempo!<\/p>\n","protected":false},"excerpt":{"rendered":"<p>Conhe\u00e7a o novo produto que est\u00e1 revolucionando o mercado de alimenta\u00e7\u00e3o saud\u00e1vel: Palinats F\u00edgado e Espinafre 130g. Combinando ingredientes de alta qualidade, sabor irresist\u00edvel e benef\u00edcios nutricionais, essa op\u00e7\u00e3o \u00e9 perfeita para quem busca uma alimenta\u00e7\u00e3o equilibrada e pr\u00e1tica. O Palinats F\u00edgado e Espinafre 130g \u00e9 uma op\u00e7\u00e3o deliciosa e nutritiva para incluir na sua rotina alimentar. Com um sabor suave e textura macia, esse produto \u00e9 ideal para quem quer adicionar mais nutrientes \u00e0 sua dieta de forma saborosa. O f\u00edgado \u00e9 uma excelente fonte de ferro, vitamina A e vitaminas do complexo B, essenciais para o bom funcionamento do organismo. J\u00e1 o espinafre \u00e9 rico em fibras, vitaminas C e K, al\u00e9m de minerais como c\u00e1lcio e magn\u00e9sio. Essa combina\u00e7\u00e3o de ingredientes traz diversos benef\u00edcios para a sa\u00fade, como fortalecimento do sistema imunol\u00f3gico, melhora da sa\u00fade ocular e aux\u00edlio na digest\u00e3o. Al\u00e9m dos benef\u00edcios nutricionais, o Palinats F\u00edgado e Espinafre 130g \u00e9 uma op\u00e7\u00e3o pr\u00e1tica para o dia a dia. Seu formato em por\u00e7\u00f5es individuais facilita o consumo, permitindo que voc\u00ea tenha sempre uma op\u00e7\u00e3o saud\u00e1vel \u00e0 m\u00e3o, seja no trabalho, em viagens ou at\u00e9 mesmo em casa. No nosso e-commerce, voc\u00ea encontrar\u00e1 o Palinats F\u00edgado e Espinafre&hellip; <a class=\"read-more-link\" href=\"https:\/\/bepet.pet\/loja\/produto\/palinats-figado-e-espinafre-130g\/\">Read More<\/a><\/p>\n","protected":false},"featured_media":10409,"comment_status":"open","ping_status":"closed","template":"","meta":{"_kadence_starter_templates_imported_post":false},"product_brand":[],"product_cat":[123,139],"product_tag":[],"class_list":{"0":"post-10399","1":"product","2":"type-product","3":"status-publish","4":"has-post-thumbnail","6":"product_cat-petiscos","7":"product_cat-petiscos-caes","10":"first","11":"instock","12":"shipping-taxable","13":"purchasable","14":"product-type-simple"},"yoast_head":"<!-- This site is optimized with the Yoast SEO plugin v25.5 - https:\/\/yoast.com\/wordpress\/plugins\/seo\/ -->\n<title>Palinats F\u00edgado e Espinafre 130g - BePet<\/title>\n<meta name=\"robots\" content=\"index, follow, max-snippet:-1, max-image-preview:large, max-video-preview:-1\" \/>\n<link rel=\"canonical\" href=\"https:\/\/bepet.pet\/loja\/produto\/palinats-figado-e-espinafre-130g\/\" \/>\n<meta property=\"og:locale\" content=\"pt_BR\" \/>\n<meta property=\"og:type\" content=\"article\" \/>\n<meta property=\"og:title\" content=\"Palinats F\u00edgado e Espinafre 130g - BePet\" \/>\n<meta property=\"og:description\" content=\"Conhe\u00e7a o novo produto que est\u00e1 revolucionando o mercado de alimenta\u00e7\u00e3o saud\u00e1vel: Palinats F\u00edgado e Espinafre 130g. Combinando ingredientes de alta qualidade, sabor irresist\u00edvel e benef\u00edcios nutricionais, essa op\u00e7\u00e3o \u00e9 perfeita para quem busca uma alimenta\u00e7\u00e3o equilibrada e pr\u00e1tica. O Palinats F\u00edgado e Espinafre 130g \u00e9 uma op\u00e7\u00e3o deliciosa e nutritiva para incluir na sua rotina alimentar. Com um sabor suave e textura macia, esse produto \u00e9 ideal para quem quer adicionar mais nutrientes \u00e0 sua dieta de forma saborosa. O f\u00edgado \u00e9 uma excelente fonte de ferro, vitamina A e vitaminas do complexo B, essenciais para o bom funcionamento do organismo. J\u00e1 o espinafre \u00e9 rico em fibras, vitaminas C e K, al\u00e9m de minerais como c\u00e1lcio e magn\u00e9sio. Essa combina\u00e7\u00e3o de ingredientes traz diversos benef\u00edcios para a sa\u00fade, como fortalecimento do sistema imunol\u00f3gico, melhora da sa\u00fade ocular e aux\u00edlio na digest\u00e3o. Al\u00e9m dos benef\u00edcios nutricionais, o Palinats F\u00edgado e Espinafre 130g \u00e9 uma op\u00e7\u00e3o pr\u00e1tica para o dia a dia. Seu formato em por\u00e7\u00f5es individuais facilita o consumo, permitindo que voc\u00ea tenha sempre uma op\u00e7\u00e3o saud\u00e1vel \u00e0 m\u00e3o, seja no trabalho, em viagens ou at\u00e9 mesmo em casa. No nosso e-commerce, voc\u00ea encontrar\u00e1 o Palinats F\u00edgado e Espinafre&hellip; Read More\" \/>\n<meta property=\"og:url\" content=\"https:\/\/bepet.pet\/loja\/produto\/palinats-figado-e-espinafre-130g\/\" \/>\n<meta property=\"og:site_name\" content=\"BePet\" \/>\n<meta property=\"article:modified_time\" content=\"2025-12-10T20:23:45+00:00\" \/>\n<meta name=\"twitter:card\" content=\"summary_large_image\" \/>\n<meta name=\"twitter:label1\" content=\"Est. tempo de leitura\" \/>\n\t<meta name=\"twitter:data1\" content=\"1 minuto\" \/>\n<script type=\"application\/ld+json\" class=\"yoast-schema-graph\">{\"@context\":\"https:\/\/schema.org\",\"@graph\":[{\"@type\":\"WebPage\",\"@id\":\"https:\/\/bepet.pet\/loja\/produto\/palinats-figado-e-espinafre-130g\/\",\"url\":\"https:\/\/bepet.pet\/loja\/produto\/palinats-figado-e-espinafre-130g\/\",\"name\":\"Palinats F\u00edgado e Espinafre 130g - BePet\",\"isPartOf\":{\"@id\":\"https:\/\/bepet.pet\/loja\/#website\"},\"primaryImageOfPage\":{\"@id\":\"https:\/\/bepet.pet\/loja\/produto\/palinats-figado-e-espinafre-130g\/#primaryimage\"},\"image\":{\"@id\":\"https:\/\/bepet.pet\/loja\/produto\/palinats-figado-e-espinafre-130g\/#primaryimage\"},\"thumbnailUrl\":\"https:\/\/bepet.pet\/loja\/wp-content\/uploads\/2024\/01\/p6b423e9a-6037-413b-a47d-398d2a442b20.png\",\"datePublished\":\"2024-01-19T18:28:06+00:00\",\"dateModified\":\"2025-12-10T20:23:45+00:00\",\"breadcrumb\":{\"@id\":\"https:\/\/bepet.pet\/loja\/produto\/palinats-figado-e-espinafre-130g\/#breadcrumb\"},\"inLanguage\":\"pt-BR\",\"potentialAction\":[{\"@type\":\"ReadAction\",\"target\":[\"https:\/\/bepet.pet\/loja\/produto\/palinats-figado-e-espinafre-130g\/\"]}]},{\"@type\":\"ImageObject\",\"inLanguage\":\"pt-BR\",\"@id\":\"https:\/\/bepet.pet\/loja\/produto\/palinats-figado-e-espinafre-130g\/#primaryimage\",\"url\":\"https:\/\/bepet.pet\/loja\/wp-content\/uploads\/2024\/01\/p6b423e9a-6037-413b-a47d-398d2a442b20.png\",\"contentUrl\":\"https:\/\/bepet.pet\/loja\/wp-content\/uploads\/2024\/01\/p6b423e9a-6037-413b-a47d-398d2a442b20.png\",\"width\":774,\"height\":800},{\"@type\":\"BreadcrumbList\",\"@id\":\"https:\/\/bepet.pet\/loja\/produto\/palinats-figado-e-espinafre-130g\/#breadcrumb\",\"itemListElement\":[{\"@type\":\"ListItem\",\"position\":1,\"name\":\"Home\",\"item\":\"https:\/\/bepet.pet\/loja\/\"},{\"@type\":\"ListItem\",\"position\":2,\"name\":\"Shop\",\"item\":\"https:\/\/bepet.pet\/loja\/shop-2\/\"},{\"@type\":\"ListItem\",\"position\":3,\"name\":\"Palinats F\u00edgado e Espinafre 130g\"}]},{\"@type\":\"WebSite\",\"@id\":\"https:\/\/bepet.pet\/loja\/#website\",\"url\":\"https:\/\/bepet.pet\/loja\/\",\"name\":\"BePet\",\"description\":\"Nossa vida \u00e9 cuidar do seu pet\",\"publisher\":{\"@id\":\"https:\/\/bepet.pet\/loja\/#organization\"},\"potentialAction\":[{\"@type\":\"SearchAction\",\"target\":{\"@type\":\"EntryPoint\",\"urlTemplate\":\"https:\/\/bepet.pet\/loja\/?s={search_term_string}\"},\"query-input\":{\"@type\":\"PropertyValueSpecification\",\"valueRequired\":true,\"valueName\":\"search_term_string\"}}],\"inLanguage\":\"pt-BR\"},{\"@type\":\"Organization\",\"@id\":\"https:\/\/bepet.pet\/loja\/#organization\",\"name\":\"BePet\",\"url\":\"https:\/\/bepet.pet\/loja\/\",\"logo\":{\"@type\":\"ImageObject\",\"inLanguage\":\"pt-BR\",\"@id\":\"https:\/\/bepet.pet\/loja\/#\/schema\/logo\/image\/\",\"url\":\"https:\/\/bepet.pet\/loja\/wp-content\/uploads\/2020\/10\/logo.jpg\",\"contentUrl\":\"https:\/\/bepet.pet\/loja\/wp-content\/uploads\/2020\/10\/logo.jpg\",\"width\":100,\"height\":99,\"caption\":\"BePet\"},\"image\":{\"@id\":\"https:\/\/bepet.pet\/loja\/#\/schema\/logo\/image\/\"}}]}<\/script>\n<!-- \/ Yoast SEO plugin. -->","yoast_head_json":{"title":"Palinats F\u00edgado e Espinafre 130g - BePet","robots":{"index":"index","follow":"follow","max-snippet":"max-snippet:-1","max-image-preview":"max-image-preview:large","max-video-preview":"max-video-preview:-1"},"canonical":"https:\/\/bepet.pet\/loja\/produto\/palinats-figado-e-espinafre-130g\/","og_locale":"pt_BR","og_type":"article","og_title":"Palinats F\u00edgado e Espinafre 130g - BePet","og_description":"Conhe\u00e7a o novo produto que est\u00e1 revolucionando o mercado de alimenta\u00e7\u00e3o saud\u00e1vel: Palinats F\u00edgado e Espinafre 130g. Combinando ingredientes de alta qualidade, sabor irresist\u00edvel e benef\u00edcios nutricionais, essa op\u00e7\u00e3o \u00e9 perfeita para quem busca uma alimenta\u00e7\u00e3o equilibrada e pr\u00e1tica. O Palinats F\u00edgado e Espinafre 130g \u00e9 uma op\u00e7\u00e3o deliciosa e nutritiva para incluir na sua rotina alimentar. Com um sabor suave e textura macia, esse produto \u00e9 ideal para quem quer adicionar mais nutrientes \u00e0 sua dieta de forma saborosa. O f\u00edgado \u00e9 uma excelente fonte de ferro, vitamina A e vitaminas do complexo B, essenciais para o bom funcionamento do organismo. J\u00e1 o espinafre \u00e9 rico em fibras, vitaminas C e K, al\u00e9m de minerais como c\u00e1lcio e magn\u00e9sio. Essa combina\u00e7\u00e3o de ingredientes traz diversos benef\u00edcios para a sa\u00fade, como fortalecimento do sistema imunol\u00f3gico, melhora da sa\u00fade ocular e aux\u00edlio na digest\u00e3o. Al\u00e9m dos benef\u00edcios nutricionais, o Palinats F\u00edgado e Espinafre 130g \u00e9 uma op\u00e7\u00e3o pr\u00e1tica para o dia a dia. Seu formato em por\u00e7\u00f5es individuais facilita o consumo, permitindo que voc\u00ea tenha sempre uma op\u00e7\u00e3o saud\u00e1vel \u00e0 m\u00e3o, seja no trabalho, em viagens ou at\u00e9 mesmo em casa. No nosso e-commerce, voc\u00ea encontrar\u00e1 o Palinats F\u00edgado e Espinafre&hellip; Read More","og_url":"https:\/\/bepet.pet\/loja\/produto\/palinats-figado-e-espinafre-130g\/","og_site_name":"BePet","article_modified_time":"2025-12-10T20:23:45+00:00","twitter_card":"summary_large_image","twitter_misc":{"Est. tempo de leitura":"1 minuto"},"schema":{"@context":"https:\/\/schema.org","@graph":[{"@type":"WebPage","@id":"https:\/\/bepet.pet\/loja\/produto\/palinats-figado-e-espinafre-130g\/","url":"https:\/\/bepet.pet\/loja\/produto\/palinats-figado-e-espinafre-130g\/","name":"Palinats F\u00edgado e Espinafre 130g - BePet","isPartOf":{"@id":"https:\/\/bepet.pet\/loja\/#website"},"primaryImageOfPage":{"@id":"https:\/\/bepet.pet\/loja\/produto\/palinats-figado-e-espinafre-130g\/#primaryimage"},"image":{"@id":"https:\/\/bepet.pet\/loja\/produto\/palinats-figado-e-espinafre-130g\/#primaryimage"},"thumbnailUrl":"https:\/\/bepet.pet\/loja\/wp-content\/uploads\/2024\/01\/p6b423e9a-6037-413b-a47d-398d2a442b20.png","datePublished":"2024-01-19T18:28:06+00:00","dateModified":"2025-12-10T20:23:45+00:00","breadcrumb":{"@id":"https:\/\/bepet.pet\/loja\/produto\/palinats-figado-e-espinafre-130g\/#breadcrumb"},"inLanguage":"pt-BR","potentialAction":[{"@type":"ReadAction","target":["https:\/\/bepet.pet\/loja\/produto\/palinats-figado-e-espinafre-130g\/"]}]},{"@type":"ImageObject","inLanguage":"pt-BR","@id":"https:\/\/bepet.pet\/loja\/produto\/palinats-figado-e-espinafre-130g\/#primaryimage","url":"https:\/\/bepet.pet\/loja\/wp-content\/uploads\/2024\/01\/p6b423e9a-6037-413b-a47d-398d2a442b20.png","contentUrl":"https:\/\/bepet.pet\/loja\/wp-content\/uploads\/2024\/01\/p6b423e9a-6037-413b-a47d-398d2a442b20.png","width":774,"height":800},{"@type":"BreadcrumbList","@id":"https:\/\/bepet.pet\/loja\/produto\/palinats-figado-e-espinafre-130g\/#breadcrumb","itemListElement":[{"@type":"ListItem","position":1,"name":"Home","item":"https:\/\/bepet.pet\/loja\/"},{"@type":"ListItem","position":2,"name":"Shop","item":"https:\/\/bepet.pet\/loja\/shop-2\/"},{"@type":"ListItem","position":3,"name":"Palinats F\u00edgado e Espinafre 130g"}]},{"@type":"WebSite","@id":"https:\/\/bepet.pet\/loja\/#website","url":"https:\/\/bepet.pet\/loja\/","name":"BePet","description":"Nossa vida \u00e9 cuidar do seu pet","publisher":{"@id":"https:\/\/bepet.pet\/loja\/#organization"},"potentialAction":[{"@type":"SearchAction","target":{"@type":"EntryPoint","urlTemplate":"https:\/\/bepet.pet\/loja\/?s={search_term_string}"},"query-input":{"@type":"PropertyValueSpecification","valueRequired":true,"valueName":"search_term_string"}}],"inLanguage":"pt-BR"},{"@type":"Organization","@id":"https:\/\/bepet.pet\/loja\/#organization","name":"BePet","url":"https:\/\/bepet.pet\/loja\/","logo":{"@type":"ImageObject","inLanguage":"pt-BR","@id":"https:\/\/bepet.pet\/loja\/#\/schema\/logo\/image\/","url":"https:\/\/bepet.pet\/loja\/wp-content\/uploads\/2020\/10\/logo.jpg","contentUrl":"https:\/\/bepet.pet\/loja\/wp-content\/uploads\/2020\/10\/logo.jpg","width":100,"height":99,"caption":"BePet"},"image":{"@id":"https:\/\/bepet.pet\/loja\/#\/schema\/logo\/image\/"}}]}},"jetpack_sharing_enabled":true,"_links":{"self":[{"href":"https:\/\/bepet.pet\/loja\/wp-json\/wp\/v2\/product\/10399","targetHints":{"allow":["GET"]}}],"collection":[{"href":"https:\/\/bepet.pet\/loja\/wp-json\/wp\/v2\/product"}],"about":[{"href":"https:\/\/bepet.pet\/loja\/wp-json\/wp\/v2\/types\/product"}],"replies":[{"embeddable":true,"href":"https:\/\/bepet.pet\/loja\/wp-json\/wp\/v2\/comments?post=10399"}],"wp:featuredmedia":[{"embeddable":true,"href":"https:\/\/bepet.pet\/loja\/wp-json\/wp\/v2\/media\/10409"}],"wp:attachment":[{"href":"https:\/\/bepet.pet\/loja\/wp-json\/wp\/v2\/media?parent=10399"}],"wp:term":[{"taxonomy":"product_brand","embeddable":true,"href":"https:\/\/bepet.pet\/loja\/wp-json\/wp\/v2\/product_brand?post=10399"},{"taxonomy":"product_cat","embeddable":true,"href":"https:\/\/bepet.pet\/loja\/wp-json\/wp\/v2\/product_cat?post=10399"},{"taxonomy":"product_tag","embeddable":true,"href":"https:\/\/bepet.pet\/loja\/wp-json\/wp\/v2\/product_tag?post=10399"}],"curies":[{"name":"wp","href":"https:\/\/api.w.org\/{rel}","templated":true}]}}