{"id":10397,"date":"2024-01-19T18:24:38","date_gmt":"2024-01-19T18:24:38","guid":{"rendered":"https:\/\/bepet.pet\/loja\/produto\/palinats-frango-e-cenoura-130g\/"},"modified":"2025-12-10T17:23:40","modified_gmt":"2025-12-10T20:23:40","slug":"palinats-frango-e-cenoura-130g","status":"publish","type":"product","link":"https:\/\/bepet.pet\/loja\/produto\/palinats-frango-e-cenoura-130g\/","title":{"rendered":"Palinats Frango e Cenoura 130g"},"content":{"rendered":"<p>Conhe\u00e7a o novo lan\u00e7amento da Palinats: Frango e Cenoura 130g. Um produto delicioso e saud\u00e1vel, perfeito para quem busca uma op\u00e7\u00e3o pr\u00e1tica e nutritiva para suas refei\u00e7\u00f5es.<\/p>\n<p>O Frango e Cenoura 130g da Palinats \u00e9 uma escolha inteligente para quem valoriza uma alimenta\u00e7\u00e3o equilibrada. Com ingredientes selecionados, esse prato oferece uma combina\u00e7\u00e3o perfeita de sabor e nutrientes, garantindo uma refei\u00e7\u00e3o completa e satisfat\u00f3ria.<\/p>\n<p>A carne de frango, rica em prote\u00ednas, aliada \u00e0 cenoura, fonte de vitaminas e minerais essenciais, proporcionam benef\u00edcios para a sa\u00fade e o bem-estar. Al\u00e9m disso, o produto n\u00e3o cont\u00e9m conservantes, corantes artificiais ou qualquer adi\u00e7\u00e3o de a\u00e7\u00facares, mantendo sua qualidade e pureza.<\/p>\n<p>Ideal para quem tem uma rotina agitada, o Frango e Cenoura 130g da Palinats \u00e9 uma op\u00e7\u00e3o pr\u00e1tica e r\u00e1pida de refei\u00e7\u00e3o. Basta aquecer no micro-ondas por alguns minutos e voc\u00ea ter\u00e1 um prato saboroso e nutritivo pronto para ser apreciado.<\/p>\n<p>Seja para o almo\u00e7o no trabalho, um jantar leve em casa ou at\u00e9 mesmo um lanche saud\u00e1vel entre as refei\u00e7\u00f5es, o Frango e Cenoura 130g da Palinats \u00e9 a escolha perfeita. Com um sabor irresist\u00edvel e uma textura deliciosa, esse prato vai conquistar o seu paladar.<\/p>\n<p>A Palinats se preocupa em oferecer produtos de qualidade, que atendam \u00e0s necessidades dos seus consumidores. O Frango e Cenoura 130g \u00e9 mais uma op\u00e7\u00e3o que reflete o compromisso da marca em proporcionar refei\u00e7\u00f5es pr\u00e1ticas, saud\u00e1veis e saborosas.<\/p>\n<p>Experimente o Frango e Cenoura 130g da Palinats e descubra uma nova forma de se alimentar. Compre agora mesmo em nosso website e_Commerce e desfrute de uma refei\u00e7\u00e3o nutritiva e saborosa a qualquer hora do dia. Aproveite essa novidade e transforme suas refei\u00e7\u00f5es em momentos especiais.<\/p>\n","protected":false},"excerpt":{"rendered":"<p>Conhe\u00e7a o novo lan\u00e7amento da Palinats: Frango e Cenoura 130g. Um produto delicioso e saud\u00e1vel, perfeito para quem busca uma op\u00e7\u00e3o pr\u00e1tica e nutritiva para suas refei\u00e7\u00f5es. O Frango e Cenoura 130g da Palinats \u00e9 uma escolha inteligente para quem valoriza uma alimenta\u00e7\u00e3o equilibrada. Com ingredientes selecionados, esse prato oferece uma combina\u00e7\u00e3o perfeita de sabor e nutrientes, garantindo uma refei\u00e7\u00e3o completa e satisfat\u00f3ria. A carne de frango, rica em prote\u00ednas, aliada \u00e0 cenoura, fonte de vitaminas e minerais essenciais, proporcionam benef\u00edcios para a sa\u00fade e o bem-estar. Al\u00e9m disso, o produto n\u00e3o cont\u00e9m conservantes, corantes artificiais ou qualquer adi\u00e7\u00e3o de a\u00e7\u00facares, mantendo sua qualidade e pureza. Ideal para quem tem uma rotina agitada, o Frango e Cenoura 130g da Palinats \u00e9 uma op\u00e7\u00e3o pr\u00e1tica e r\u00e1pida de refei\u00e7\u00e3o. Basta aquecer no micro-ondas por alguns minutos e voc\u00ea ter\u00e1 um prato saboroso e nutritivo pronto para ser apreciado. Seja para o almo\u00e7o no trabalho, um jantar leve em casa ou at\u00e9 mesmo um lanche saud\u00e1vel entre as refei\u00e7\u00f5es, o Frango e Cenoura 130g da Palinats \u00e9 a escolha perfeita. Com um sabor irresist\u00edvel e uma textura deliciosa, esse prato vai conquistar o seu paladar. A Palinats se preocupa em oferecer produtos&hellip; <a class=\"read-more-link\" href=\"https:\/\/bepet.pet\/loja\/produto\/palinats-frango-e-cenoura-130g\/\">Read More<\/a><\/p>\n","protected":false},"featured_media":10410,"comment_status":"open","ping_status":"closed","template":"","meta":{"_kadence_starter_templates_imported_post":false},"product_brand":[],"product_cat":[123,139],"product_tag":[],"class_list":{"0":"post-10397","1":"product","2":"type-product","3":"status-publish","4":"has-post-thumbnail","6":"product_cat-petiscos","7":"product_cat-petiscos-caes","10":"first","11":"instock","12":"shipping-taxable","13":"purchasable","14":"product-type-simple"},"yoast_head":"<!-- This site is optimized with the Yoast SEO plugin v25.5 - https:\/\/yoast.com\/wordpress\/plugins\/seo\/ -->\n<title>Palinats Frango e Cenoura 130g - BePet<\/title>\n<meta name=\"robots\" content=\"index, follow, max-snippet:-1, max-image-preview:large, max-video-preview:-1\" \/>\n<link rel=\"canonical\" href=\"https:\/\/bepet.pet\/loja\/produto\/palinats-frango-e-cenoura-130g\/\" \/>\n<meta property=\"og:locale\" content=\"pt_BR\" \/>\n<meta property=\"og:type\" content=\"article\" \/>\n<meta property=\"og:title\" content=\"Palinats Frango e Cenoura 130g - BePet\" \/>\n<meta property=\"og:description\" content=\"Conhe\u00e7a o novo lan\u00e7amento da Palinats: Frango e Cenoura 130g. Um produto delicioso e saud\u00e1vel, perfeito para quem busca uma op\u00e7\u00e3o pr\u00e1tica e nutritiva para suas refei\u00e7\u00f5es. O Frango e Cenoura 130g da Palinats \u00e9 uma escolha inteligente para quem valoriza uma alimenta\u00e7\u00e3o equilibrada. Com ingredientes selecionados, esse prato oferece uma combina\u00e7\u00e3o perfeita de sabor e nutrientes, garantindo uma refei\u00e7\u00e3o completa e satisfat\u00f3ria. A carne de frango, rica em prote\u00ednas, aliada \u00e0 cenoura, fonte de vitaminas e minerais essenciais, proporcionam benef\u00edcios para a sa\u00fade e o bem-estar. Al\u00e9m disso, o produto n\u00e3o cont\u00e9m conservantes, corantes artificiais ou qualquer adi\u00e7\u00e3o de a\u00e7\u00facares, mantendo sua qualidade e pureza. Ideal para quem tem uma rotina agitada, o Frango e Cenoura 130g da Palinats \u00e9 uma op\u00e7\u00e3o pr\u00e1tica e r\u00e1pida de refei\u00e7\u00e3o. Basta aquecer no micro-ondas por alguns minutos e voc\u00ea ter\u00e1 um prato saboroso e nutritivo pronto para ser apreciado. Seja para o almo\u00e7o no trabalho, um jantar leve em casa ou at\u00e9 mesmo um lanche saud\u00e1vel entre as refei\u00e7\u00f5es, o Frango e Cenoura 130g da Palinats \u00e9 a escolha perfeita. Com um sabor irresist\u00edvel e uma textura deliciosa, esse prato vai conquistar o seu paladar. A Palinats se preocupa em oferecer produtos&hellip; Read More\" \/>\n<meta property=\"og:url\" content=\"https:\/\/bepet.pet\/loja\/produto\/palinats-frango-e-cenoura-130g\/\" \/>\n<meta property=\"og:site_name\" content=\"BePet\" \/>\n<meta property=\"article:modified_time\" content=\"2025-12-10T20:23:40+00:00\" \/>\n<meta name=\"twitter:card\" content=\"summary_large_image\" \/>\n<meta name=\"twitter:label1\" content=\"Est. tempo de leitura\" \/>\n\t<meta name=\"twitter:data1\" content=\"2 minutos\" \/>\n<script type=\"application\/ld+json\" class=\"yoast-schema-graph\">{\"@context\":\"https:\/\/schema.org\",\"@graph\":[{\"@type\":\"WebPage\",\"@id\":\"https:\/\/bepet.pet\/loja\/produto\/palinats-frango-e-cenoura-130g\/\",\"url\":\"https:\/\/bepet.pet\/loja\/produto\/palinats-frango-e-cenoura-130g\/\",\"name\":\"Palinats Frango e Cenoura 130g - BePet\",\"isPartOf\":{\"@id\":\"https:\/\/bepet.pet\/loja\/#website\"},\"primaryImageOfPage\":{\"@id\":\"https:\/\/bepet.pet\/loja\/produto\/palinats-frango-e-cenoura-130g\/#primaryimage\"},\"image\":{\"@id\":\"https:\/\/bepet.pet\/loja\/produto\/palinats-frango-e-cenoura-130g\/#primaryimage\"},\"thumbnailUrl\":\"https:\/\/bepet.pet\/loja\/wp-content\/uploads\/2024\/01\/p03448cb4-4dfe-4482-90ca-164fbaf0b7ff.png\",\"datePublished\":\"2024-01-19T18:24:38+00:00\",\"dateModified\":\"2025-12-10T20:23:40+00:00\",\"breadcrumb\":{\"@id\":\"https:\/\/bepet.pet\/loja\/produto\/palinats-frango-e-cenoura-130g\/#breadcrumb\"},\"inLanguage\":\"pt-BR\",\"potentialAction\":[{\"@type\":\"ReadAction\",\"target\":[\"https:\/\/bepet.pet\/loja\/produto\/palinats-frango-e-cenoura-130g\/\"]}]},{\"@type\":\"ImageObject\",\"inLanguage\":\"pt-BR\",\"@id\":\"https:\/\/bepet.pet\/loja\/produto\/palinats-frango-e-cenoura-130g\/#primaryimage\",\"url\":\"https:\/\/bepet.pet\/loja\/wp-content\/uploads\/2024\/01\/p03448cb4-4dfe-4482-90ca-164fbaf0b7ff.png\",\"contentUrl\":\"https:\/\/bepet.pet\/loja\/wp-content\/uploads\/2024\/01\/p03448cb4-4dfe-4482-90ca-164fbaf0b7ff.png\",\"width\":774,\"height\":800},{\"@type\":\"BreadcrumbList\",\"@id\":\"https:\/\/bepet.pet\/loja\/produto\/palinats-frango-e-cenoura-130g\/#breadcrumb\",\"itemListElement\":[{\"@type\":\"ListItem\",\"position\":1,\"name\":\"Home\",\"item\":\"https:\/\/bepet.pet\/loja\/\"},{\"@type\":\"ListItem\",\"position\":2,\"name\":\"Shop\",\"item\":\"https:\/\/bepet.pet\/loja\/shop-2\/\"},{\"@type\":\"ListItem\",\"position\":3,\"name\":\"Palinats Frango e Cenoura 130g\"}]},{\"@type\":\"WebSite\",\"@id\":\"https:\/\/bepet.pet\/loja\/#website\",\"url\":\"https:\/\/bepet.pet\/loja\/\",\"name\":\"BePet\",\"description\":\"Nossa vida \u00e9 cuidar do seu pet\",\"publisher\":{\"@id\":\"https:\/\/bepet.pet\/loja\/#organization\"},\"potentialAction\":[{\"@type\":\"SearchAction\",\"target\":{\"@type\":\"EntryPoint\",\"urlTemplate\":\"https:\/\/bepet.pet\/loja\/?s={search_term_string}\"},\"query-input\":{\"@type\":\"PropertyValueSpecification\",\"valueRequired\":true,\"valueName\":\"search_term_string\"}}],\"inLanguage\":\"pt-BR\"},{\"@type\":\"Organization\",\"@id\":\"https:\/\/bepet.pet\/loja\/#organization\",\"name\":\"BePet\",\"url\":\"https:\/\/bepet.pet\/loja\/\",\"logo\":{\"@type\":\"ImageObject\",\"inLanguage\":\"pt-BR\",\"@id\":\"https:\/\/bepet.pet\/loja\/#\/schema\/logo\/image\/\",\"url\":\"https:\/\/bepet.pet\/loja\/wp-content\/uploads\/2020\/10\/logo.jpg\",\"contentUrl\":\"https:\/\/bepet.pet\/loja\/wp-content\/uploads\/2020\/10\/logo.jpg\",\"width\":100,\"height\":99,\"caption\":\"BePet\"},\"image\":{\"@id\":\"https:\/\/bepet.pet\/loja\/#\/schema\/logo\/image\/\"}}]}<\/script>\n<!-- \/ Yoast SEO plugin. -->","yoast_head_json":{"title":"Palinats Frango e Cenoura 130g - BePet","robots":{"index":"index","follow":"follow","max-snippet":"max-snippet:-1","max-image-preview":"max-image-preview:large","max-video-preview":"max-video-preview:-1"},"canonical":"https:\/\/bepet.pet\/loja\/produto\/palinats-frango-e-cenoura-130g\/","og_locale":"pt_BR","og_type":"article","og_title":"Palinats Frango e Cenoura 130g - BePet","og_description":"Conhe\u00e7a o novo lan\u00e7amento da Palinats: Frango e Cenoura 130g. Um produto delicioso e saud\u00e1vel, perfeito para quem busca uma op\u00e7\u00e3o pr\u00e1tica e nutritiva para suas refei\u00e7\u00f5es. O Frango e Cenoura 130g da Palinats \u00e9 uma escolha inteligente para quem valoriza uma alimenta\u00e7\u00e3o equilibrada. Com ingredientes selecionados, esse prato oferece uma combina\u00e7\u00e3o perfeita de sabor e nutrientes, garantindo uma refei\u00e7\u00e3o completa e satisfat\u00f3ria. A carne de frango, rica em prote\u00ednas, aliada \u00e0 cenoura, fonte de vitaminas e minerais essenciais, proporcionam benef\u00edcios para a sa\u00fade e o bem-estar. Al\u00e9m disso, o produto n\u00e3o cont\u00e9m conservantes, corantes artificiais ou qualquer adi\u00e7\u00e3o de a\u00e7\u00facares, mantendo sua qualidade e pureza. Ideal para quem tem uma rotina agitada, o Frango e Cenoura 130g da Palinats \u00e9 uma op\u00e7\u00e3o pr\u00e1tica e r\u00e1pida de refei\u00e7\u00e3o. Basta aquecer no micro-ondas por alguns minutos e voc\u00ea ter\u00e1 um prato saboroso e nutritivo pronto para ser apreciado. Seja para o almo\u00e7o no trabalho, um jantar leve em casa ou at\u00e9 mesmo um lanche saud\u00e1vel entre as refei\u00e7\u00f5es, o Frango e Cenoura 130g da Palinats \u00e9 a escolha perfeita. Com um sabor irresist\u00edvel e uma textura deliciosa, esse prato vai conquistar o seu paladar. A Palinats se preocupa em oferecer produtos&hellip; Read More","og_url":"https:\/\/bepet.pet\/loja\/produto\/palinats-frango-e-cenoura-130g\/","og_site_name":"BePet","article_modified_time":"2025-12-10T20:23:40+00:00","twitter_card":"summary_large_image","twitter_misc":{"Est. tempo de leitura":"2 minutos"},"schema":{"@context":"https:\/\/schema.org","@graph":[{"@type":"WebPage","@id":"https:\/\/bepet.pet\/loja\/produto\/palinats-frango-e-cenoura-130g\/","url":"https:\/\/bepet.pet\/loja\/produto\/palinats-frango-e-cenoura-130g\/","name":"Palinats Frango e Cenoura 130g - BePet","isPartOf":{"@id":"https:\/\/bepet.pet\/loja\/#website"},"primaryImageOfPage":{"@id":"https:\/\/bepet.pet\/loja\/produto\/palinats-frango-e-cenoura-130g\/#primaryimage"},"image":{"@id":"https:\/\/bepet.pet\/loja\/produto\/palinats-frango-e-cenoura-130g\/#primaryimage"},"thumbnailUrl":"https:\/\/bepet.pet\/loja\/wp-content\/uploads\/2024\/01\/p03448cb4-4dfe-4482-90ca-164fbaf0b7ff.png","datePublished":"2024-01-19T18:24:38+00:00","dateModified":"2025-12-10T20:23:40+00:00","breadcrumb":{"@id":"https:\/\/bepet.pet\/loja\/produto\/palinats-frango-e-cenoura-130g\/#breadcrumb"},"inLanguage":"pt-BR","potentialAction":[{"@type":"ReadAction","target":["https:\/\/bepet.pet\/loja\/produto\/palinats-frango-e-cenoura-130g\/"]}]},{"@type":"ImageObject","inLanguage":"pt-BR","@id":"https:\/\/bepet.pet\/loja\/produto\/palinats-frango-e-cenoura-130g\/#primaryimage","url":"https:\/\/bepet.pet\/loja\/wp-content\/uploads\/2024\/01\/p03448cb4-4dfe-4482-90ca-164fbaf0b7ff.png","contentUrl":"https:\/\/bepet.pet\/loja\/wp-content\/uploads\/2024\/01\/p03448cb4-4dfe-4482-90ca-164fbaf0b7ff.png","width":774,"height":800},{"@type":"BreadcrumbList","@id":"https:\/\/bepet.pet\/loja\/produto\/palinats-frango-e-cenoura-130g\/#breadcrumb","itemListElement":[{"@type":"ListItem","position":1,"name":"Home","item":"https:\/\/bepet.pet\/loja\/"},{"@type":"ListItem","position":2,"name":"Shop","item":"https:\/\/bepet.pet\/loja\/shop-2\/"},{"@type":"ListItem","position":3,"name":"Palinats Frango e Cenoura 130g"}]},{"@type":"WebSite","@id":"https:\/\/bepet.pet\/loja\/#website","url":"https:\/\/bepet.pet\/loja\/","name":"BePet","description":"Nossa vida \u00e9 cuidar do seu pet","publisher":{"@id":"https:\/\/bepet.pet\/loja\/#organization"},"potentialAction":[{"@type":"SearchAction","target":{"@type":"EntryPoint","urlTemplate":"https:\/\/bepet.pet\/loja\/?s={search_term_string}"},"query-input":{"@type":"PropertyValueSpecification","valueRequired":true,"valueName":"search_term_string"}}],"inLanguage":"pt-BR"},{"@type":"Organization","@id":"https:\/\/bepet.pet\/loja\/#organization","name":"BePet","url":"https:\/\/bepet.pet\/loja\/","logo":{"@type":"ImageObject","inLanguage":"pt-BR","@id":"https:\/\/bepet.pet\/loja\/#\/schema\/logo\/image\/","url":"https:\/\/bepet.pet\/loja\/wp-content\/uploads\/2020\/10\/logo.jpg","contentUrl":"https:\/\/bepet.pet\/loja\/wp-content\/uploads\/2020\/10\/logo.jpg","width":100,"height":99,"caption":"BePet"},"image":{"@id":"https:\/\/bepet.pet\/loja\/#\/schema\/logo\/image\/"}}]}},"jetpack_sharing_enabled":true,"_links":{"self":[{"href":"https:\/\/bepet.pet\/loja\/wp-json\/wp\/v2\/product\/10397","targetHints":{"allow":["GET"]}}],"collection":[{"href":"https:\/\/bepet.pet\/loja\/wp-json\/wp\/v2\/product"}],"about":[{"href":"https:\/\/bepet.pet\/loja\/wp-json\/wp\/v2\/types\/product"}],"replies":[{"embeddable":true,"href":"https:\/\/bepet.pet\/loja\/wp-json\/wp\/v2\/comments?post=10397"}],"wp:featuredmedia":[{"embeddable":true,"href":"https:\/\/bepet.pet\/loja\/wp-json\/wp\/v2\/media\/10410"}],"wp:attachment":[{"href":"https:\/\/bepet.pet\/loja\/wp-json\/wp\/v2\/media?parent=10397"}],"wp:term":[{"taxonomy":"product_brand","embeddable":true,"href":"https:\/\/bepet.pet\/loja\/wp-json\/wp\/v2\/product_brand?post=10397"},{"taxonomy":"product_cat","embeddable":true,"href":"https:\/\/bepet.pet\/loja\/wp-json\/wp\/v2\/product_cat?post=10397"},{"taxonomy":"product_tag","embeddable":true,"href":"https:\/\/bepet.pet\/loja\/wp-json\/wp\/v2\/product_tag?post=10397"}],"curies":[{"name":"wp","href":"https:\/\/api.w.org\/{rel}","templated":true}]}}