{"id":10326,"date":"2024-01-17T17:38:10","date_gmt":"2024-01-17T17:38:10","guid":{"rendered":"https:\/\/bepet.pet\/loja\/produto\/tapete-higienico-pet-mais-classic-para-caes-30-unidades\/"},"modified":"2025-12-10T17:31:16","modified_gmt":"2025-12-10T20:31:16","slug":"tapete-higienico-pet-mais-classic-para-caes-30-unidades","status":"publish","type":"product","link":"https:\/\/bepet.pet\/loja\/produto\/tapete-higienico-pet-mais-classic-para-caes-30-unidades\/","title":{"rendered":"Tapete Higi\u00eanico Pet Mais Classic para C\u00e3es 30 unidades"},"content":{"rendered":"<p>Tapete Higi\u00eanico Pet Mais Classic para C\u00e3es &#8211; 30 unidades<\/p>\n<p>Procurando uma solu\u00e7\u00e3o pr\u00e1tica e eficiente para manter a higiene do seu c\u00e3ozinho? Apresentamos o Tapete Higi\u00eanico Pet Mais Classic, a op\u00e7\u00e3o perfeita para garantir o conforto e a limpeza do seu pet.<\/p>\n<p>Com 30 unidades, esse tapete higi\u00eanico \u00e9 ideal para quem busca praticidade no dia a dia. Desenvolvido com materiais de alta qualidade, ele proporciona absor\u00e7\u00e3o superior, evitando vazamentos indesejados e mantendo o ambiente sempre seco.<\/p>\n<p>Al\u00e9m disso, o Tapete Higi\u00eanico Pet Mais Classic possui uma camada de carv\u00e3o ativado, que neutraliza odores desagrad\u00e1veis, deixando o ambiente livre de cheiros indesejados. Dessa forma, voc\u00ea e seu c\u00e3ozinho podem desfrutar de um espa\u00e7o limpo e agrad\u00e1vel.<\/p>\n<p>O design do tapete \u00e9 discreto e neutro, se adaptando facilmente a qualquer ambiente. Sua superf\u00edcie \u00e9 suave e macia, proporcionando conforto para o seu pet. Al\u00e9m disso, o tapete possui uma camada de pl\u00e1stico resistente na parte inferior, que evita vazamentos e protege o piso.<\/p>\n<p>O Tapete Higi\u00eanico Pet Mais Classic \u00e9 indicado para c\u00e3es de todos os tamanhos e idades, sendo ideal para filhotes em fase de treinamento ou para c\u00e3es adultos que precisam de uma alternativa pr\u00e1tica para as necessidades fisiol\u00f3gicas.<\/p>\n<p>Agora voc\u00ea pode contar com a praticidade e a qualidade do Tapete Higi\u00eanico Pet Mais Classic para manter a higiene do seu c\u00e3ozinho em dia. Adquira j\u00e1 o seu e proporcione mais conforto e limpeza para o seu pet e para o seu lar.<\/p>\n<p>N\u00e3o perca tempo, visite nosso website e_Commerce e garanta o Tapete Higi\u00eanico Pet Mais Classic para C\u00e3es &#8211; 30 unidades. Aproveite nossas condi\u00e7\u00f5es especiais e tenha a solu\u00e7\u00e3o perfeita para a higiene do seu pet ao alcance das suas m\u00e3os.<\/p>\n","protected":false},"excerpt":{"rendered":"<p>Tapete Higi\u00eanico Pet Mais Classic para C\u00e3es &#8211; 30 unidades Procurando uma solu\u00e7\u00e3o pr\u00e1tica e eficiente para manter a higiene do seu c\u00e3ozinho? Apresentamos o Tapete Higi\u00eanico Pet Mais Classic, a op\u00e7\u00e3o perfeita para garantir o conforto e a limpeza do seu pet. Com 30 unidades, esse tapete higi\u00eanico \u00e9 ideal para quem busca praticidade no dia a dia. Desenvolvido com materiais de alta qualidade, ele proporciona absor\u00e7\u00e3o superior, evitando vazamentos indesejados e mantendo o ambiente sempre seco. Al\u00e9m disso, o Tapete Higi\u00eanico Pet Mais Classic possui uma camada de carv\u00e3o ativado, que neutraliza odores desagrad\u00e1veis, deixando o ambiente livre de cheiros indesejados. Dessa forma, voc\u00ea e seu c\u00e3ozinho podem desfrutar de um espa\u00e7o limpo e agrad\u00e1vel. O design do tapete \u00e9 discreto e neutro, se adaptando facilmente a qualquer ambiente. Sua superf\u00edcie \u00e9 suave e macia, proporcionando conforto para o seu pet. Al\u00e9m disso, o tapete possui uma camada de pl\u00e1stico resistente na parte inferior, que evita vazamentos e protege o piso. O Tapete Higi\u00eanico Pet Mais Classic \u00e9 indicado para c\u00e3es de todos os tamanhos e idades, sendo ideal para filhotes em fase de treinamento ou para c\u00e3es adultos que precisam de uma alternativa pr\u00e1tica para as necessidades&hellip; <a class=\"read-more-link\" href=\"https:\/\/bepet.pet\/loja\/produto\/tapete-higienico-pet-mais-classic-para-caes-30-unidades\/\">Read More<\/a><\/p>\n","protected":false},"featured_media":10323,"comment_status":"open","ping_status":"closed","template":"","meta":{"_kadence_starter_templates_imported_post":false},"product_brand":[],"product_cat":[122,137],"product_tag":[],"class_list":{"0":"post-10326","1":"product","2":"type-product","3":"status-publish","4":"has-post-thumbnail","6":"product_cat-higiene-e-limpeza","7":"product_cat-tapetes","10":"first","11":"instock","12":"shipping-taxable","13":"purchasable","14":"product-type-simple"},"yoast_head":"<!-- This site is optimized with the Yoast SEO plugin v25.5 - https:\/\/yoast.com\/wordpress\/plugins\/seo\/ -->\n<title>Tapete Higi\u00eanico Pet Mais Classic para C\u00e3es 30 unidades - BePet<\/title>\n<meta name=\"robots\" content=\"index, follow, max-snippet:-1, max-image-preview:large, max-video-preview:-1\" \/>\n<link rel=\"canonical\" href=\"https:\/\/bepet.pet\/loja\/produto\/tapete-higienico-pet-mais-classic-para-caes-30-unidades\/\" \/>\n<meta property=\"og:locale\" content=\"pt_BR\" \/>\n<meta property=\"og:type\" content=\"article\" \/>\n<meta property=\"og:title\" content=\"Tapete Higi\u00eanico Pet Mais Classic para C\u00e3es 30 unidades - BePet\" \/>\n<meta property=\"og:description\" content=\"Tapete Higi\u00eanico Pet Mais Classic para C\u00e3es &#8211; 30 unidades Procurando uma solu\u00e7\u00e3o pr\u00e1tica e eficiente para manter a higiene do seu c\u00e3ozinho? Apresentamos o Tapete Higi\u00eanico Pet Mais Classic, a op\u00e7\u00e3o perfeita para garantir o conforto e a limpeza do seu pet. Com 30 unidades, esse tapete higi\u00eanico \u00e9 ideal para quem busca praticidade no dia a dia. Desenvolvido com materiais de alta qualidade, ele proporciona absor\u00e7\u00e3o superior, evitando vazamentos indesejados e mantendo o ambiente sempre seco. Al\u00e9m disso, o Tapete Higi\u00eanico Pet Mais Classic possui uma camada de carv\u00e3o ativado, que neutraliza odores desagrad\u00e1veis, deixando o ambiente livre de cheiros indesejados. Dessa forma, voc\u00ea e seu c\u00e3ozinho podem desfrutar de um espa\u00e7o limpo e agrad\u00e1vel. O design do tapete \u00e9 discreto e neutro, se adaptando facilmente a qualquer ambiente. Sua superf\u00edcie \u00e9 suave e macia, proporcionando conforto para o seu pet. Al\u00e9m disso, o tapete possui uma camada de pl\u00e1stico resistente na parte inferior, que evita vazamentos e protege o piso. O Tapete Higi\u00eanico Pet Mais Classic \u00e9 indicado para c\u00e3es de todos os tamanhos e idades, sendo ideal para filhotes em fase de treinamento ou para c\u00e3es adultos que precisam de uma alternativa pr\u00e1tica para as necessidades&hellip; Read More\" \/>\n<meta property=\"og:url\" content=\"https:\/\/bepet.pet\/loja\/produto\/tapete-higienico-pet-mais-classic-para-caes-30-unidades\/\" \/>\n<meta property=\"og:site_name\" content=\"BePet\" \/>\n<meta property=\"article:modified_time\" content=\"2025-12-10T20:31:16+00:00\" \/>\n<meta name=\"twitter:card\" content=\"summary_large_image\" \/>\n<meta name=\"twitter:label1\" content=\"Est. tempo de leitura\" \/>\n\t<meta name=\"twitter:data1\" content=\"2 minutos\" \/>\n<script type=\"application\/ld+json\" class=\"yoast-schema-graph\">{\"@context\":\"https:\/\/schema.org\",\"@graph\":[{\"@type\":\"WebPage\",\"@id\":\"https:\/\/bepet.pet\/loja\/produto\/tapete-higienico-pet-mais-classic-para-caes-30-unidades\/\",\"url\":\"https:\/\/bepet.pet\/loja\/produto\/tapete-higienico-pet-mais-classic-para-caes-30-unidades\/\",\"name\":\"Tapete Higi\u00eanico Pet Mais Classic para C\u00e3es 30 unidades - BePet\",\"isPartOf\":{\"@id\":\"https:\/\/bepet.pet\/loja\/#website\"},\"primaryImageOfPage\":{\"@id\":\"https:\/\/bepet.pet\/loja\/produto\/tapete-higienico-pet-mais-classic-para-caes-30-unidades\/#primaryimage\"},\"image\":{\"@id\":\"https:\/\/bepet.pet\/loja\/produto\/tapete-higienico-pet-mais-classic-para-caes-30-unidades\/#primaryimage\"},\"thumbnailUrl\":\"https:\/\/bepet.pet\/loja\/wp-content\/uploads\/2024\/01\/p7dfd228f-d37c-4722-b753-84ed6a8b87b2.png\",\"datePublished\":\"2024-01-17T17:38:10+00:00\",\"dateModified\":\"2025-12-10T20:31:16+00:00\",\"breadcrumb\":{\"@id\":\"https:\/\/bepet.pet\/loja\/produto\/tapete-higienico-pet-mais-classic-para-caes-30-unidades\/#breadcrumb\"},\"inLanguage\":\"pt-BR\",\"potentialAction\":[{\"@type\":\"ReadAction\",\"target\":[\"https:\/\/bepet.pet\/loja\/produto\/tapete-higienico-pet-mais-classic-para-caes-30-unidades\/\"]}]},{\"@type\":\"ImageObject\",\"inLanguage\":\"pt-BR\",\"@id\":\"https:\/\/bepet.pet\/loja\/produto\/tapete-higienico-pet-mais-classic-para-caes-30-unidades\/#primaryimage\",\"url\":\"https:\/\/bepet.pet\/loja\/wp-content\/uploads\/2024\/01\/p7dfd228f-d37c-4722-b753-84ed6a8b87b2.png\",\"contentUrl\":\"https:\/\/bepet.pet\/loja\/wp-content\/uploads\/2024\/01\/p7dfd228f-d37c-4722-b753-84ed6a8b87b2.png\",\"width\":800,\"height\":800},{\"@type\":\"BreadcrumbList\",\"@id\":\"https:\/\/bepet.pet\/loja\/produto\/tapete-higienico-pet-mais-classic-para-caes-30-unidades\/#breadcrumb\",\"itemListElement\":[{\"@type\":\"ListItem\",\"position\":1,\"name\":\"Home\",\"item\":\"https:\/\/bepet.pet\/loja\/\"},{\"@type\":\"ListItem\",\"position\":2,\"name\":\"Shop\",\"item\":\"https:\/\/bepet.pet\/loja\/shop-2\/\"},{\"@type\":\"ListItem\",\"position\":3,\"name\":\"Tapete Higi\u00eanico Pet Mais Classic para C\u00e3es 30 unidades\"}]},{\"@type\":\"WebSite\",\"@id\":\"https:\/\/bepet.pet\/loja\/#website\",\"url\":\"https:\/\/bepet.pet\/loja\/\",\"name\":\"BePet\",\"description\":\"Nossa vida \u00e9 cuidar do seu pet\",\"publisher\":{\"@id\":\"https:\/\/bepet.pet\/loja\/#organization\"},\"potentialAction\":[{\"@type\":\"SearchAction\",\"target\":{\"@type\":\"EntryPoint\",\"urlTemplate\":\"https:\/\/bepet.pet\/loja\/?s={search_term_string}\"},\"query-input\":{\"@type\":\"PropertyValueSpecification\",\"valueRequired\":true,\"valueName\":\"search_term_string\"}}],\"inLanguage\":\"pt-BR\"},{\"@type\":\"Organization\",\"@id\":\"https:\/\/bepet.pet\/loja\/#organization\",\"name\":\"BePet\",\"url\":\"https:\/\/bepet.pet\/loja\/\",\"logo\":{\"@type\":\"ImageObject\",\"inLanguage\":\"pt-BR\",\"@id\":\"https:\/\/bepet.pet\/loja\/#\/schema\/logo\/image\/\",\"url\":\"https:\/\/bepet.pet\/loja\/wp-content\/uploads\/2020\/10\/logo.jpg\",\"contentUrl\":\"https:\/\/bepet.pet\/loja\/wp-content\/uploads\/2020\/10\/logo.jpg\",\"width\":100,\"height\":99,\"caption\":\"BePet\"},\"image\":{\"@id\":\"https:\/\/bepet.pet\/loja\/#\/schema\/logo\/image\/\"}}]}<\/script>\n<!-- \/ Yoast SEO plugin. -->","yoast_head_json":{"title":"Tapete Higi\u00eanico Pet Mais Classic para C\u00e3es 30 unidades - BePet","robots":{"index":"index","follow":"follow","max-snippet":"max-snippet:-1","max-image-preview":"max-image-preview:large","max-video-preview":"max-video-preview:-1"},"canonical":"https:\/\/bepet.pet\/loja\/produto\/tapete-higienico-pet-mais-classic-para-caes-30-unidades\/","og_locale":"pt_BR","og_type":"article","og_title":"Tapete Higi\u00eanico Pet Mais Classic para C\u00e3es 30 unidades - BePet","og_description":"Tapete Higi\u00eanico Pet Mais Classic para C\u00e3es &#8211; 30 unidades Procurando uma solu\u00e7\u00e3o pr\u00e1tica e eficiente para manter a higiene do seu c\u00e3ozinho? Apresentamos o Tapete Higi\u00eanico Pet Mais Classic, a op\u00e7\u00e3o perfeita para garantir o conforto e a limpeza do seu pet. Com 30 unidades, esse tapete higi\u00eanico \u00e9 ideal para quem busca praticidade no dia a dia. Desenvolvido com materiais de alta qualidade, ele proporciona absor\u00e7\u00e3o superior, evitando vazamentos indesejados e mantendo o ambiente sempre seco. Al\u00e9m disso, o Tapete Higi\u00eanico Pet Mais Classic possui uma camada de carv\u00e3o ativado, que neutraliza odores desagrad\u00e1veis, deixando o ambiente livre de cheiros indesejados. Dessa forma, voc\u00ea e seu c\u00e3ozinho podem desfrutar de um espa\u00e7o limpo e agrad\u00e1vel. O design do tapete \u00e9 discreto e neutro, se adaptando facilmente a qualquer ambiente. Sua superf\u00edcie \u00e9 suave e macia, proporcionando conforto para o seu pet. Al\u00e9m disso, o tapete possui uma camada de pl\u00e1stico resistente na parte inferior, que evita vazamentos e protege o piso. O Tapete Higi\u00eanico Pet Mais Classic \u00e9 indicado para c\u00e3es de todos os tamanhos e idades, sendo ideal para filhotes em fase de treinamento ou para c\u00e3es adultos que precisam de uma alternativa pr\u00e1tica para as necessidades&hellip; Read More","og_url":"https:\/\/bepet.pet\/loja\/produto\/tapete-higienico-pet-mais-classic-para-caes-30-unidades\/","og_site_name":"BePet","article_modified_time":"2025-12-10T20:31:16+00:00","twitter_card":"summary_large_image","twitter_misc":{"Est. tempo de leitura":"2 minutos"},"schema":{"@context":"https:\/\/schema.org","@graph":[{"@type":"WebPage","@id":"https:\/\/bepet.pet\/loja\/produto\/tapete-higienico-pet-mais-classic-para-caes-30-unidades\/","url":"https:\/\/bepet.pet\/loja\/produto\/tapete-higienico-pet-mais-classic-para-caes-30-unidades\/","name":"Tapete Higi\u00eanico Pet Mais Classic para C\u00e3es 30 unidades - BePet","isPartOf":{"@id":"https:\/\/bepet.pet\/loja\/#website"},"primaryImageOfPage":{"@id":"https:\/\/bepet.pet\/loja\/produto\/tapete-higienico-pet-mais-classic-para-caes-30-unidades\/#primaryimage"},"image":{"@id":"https:\/\/bepet.pet\/loja\/produto\/tapete-higienico-pet-mais-classic-para-caes-30-unidades\/#primaryimage"},"thumbnailUrl":"https:\/\/bepet.pet\/loja\/wp-content\/uploads\/2024\/01\/p7dfd228f-d37c-4722-b753-84ed6a8b87b2.png","datePublished":"2024-01-17T17:38:10+00:00","dateModified":"2025-12-10T20:31:16+00:00","breadcrumb":{"@id":"https:\/\/bepet.pet\/loja\/produto\/tapete-higienico-pet-mais-classic-para-caes-30-unidades\/#breadcrumb"},"inLanguage":"pt-BR","potentialAction":[{"@type":"ReadAction","target":["https:\/\/bepet.pet\/loja\/produto\/tapete-higienico-pet-mais-classic-para-caes-30-unidades\/"]}]},{"@type":"ImageObject","inLanguage":"pt-BR","@id":"https:\/\/bepet.pet\/loja\/produto\/tapete-higienico-pet-mais-classic-para-caes-30-unidades\/#primaryimage","url":"https:\/\/bepet.pet\/loja\/wp-content\/uploads\/2024\/01\/p7dfd228f-d37c-4722-b753-84ed6a8b87b2.png","contentUrl":"https:\/\/bepet.pet\/loja\/wp-content\/uploads\/2024\/01\/p7dfd228f-d37c-4722-b753-84ed6a8b87b2.png","width":800,"height":800},{"@type":"BreadcrumbList","@id":"https:\/\/bepet.pet\/loja\/produto\/tapete-higienico-pet-mais-classic-para-caes-30-unidades\/#breadcrumb","itemListElement":[{"@type":"ListItem","position":1,"name":"Home","item":"https:\/\/bepet.pet\/loja\/"},{"@type":"ListItem","position":2,"name":"Shop","item":"https:\/\/bepet.pet\/loja\/shop-2\/"},{"@type":"ListItem","position":3,"name":"Tapete Higi\u00eanico Pet Mais Classic para C\u00e3es 30 unidades"}]},{"@type":"WebSite","@id":"https:\/\/bepet.pet\/loja\/#website","url":"https:\/\/bepet.pet\/loja\/","name":"BePet","description":"Nossa vida \u00e9 cuidar do seu pet","publisher":{"@id":"https:\/\/bepet.pet\/loja\/#organization"},"potentialAction":[{"@type":"SearchAction","target":{"@type":"EntryPoint","urlTemplate":"https:\/\/bepet.pet\/loja\/?s={search_term_string}"},"query-input":{"@type":"PropertyValueSpecification","valueRequired":true,"valueName":"search_term_string"}}],"inLanguage":"pt-BR"},{"@type":"Organization","@id":"https:\/\/bepet.pet\/loja\/#organization","name":"BePet","url":"https:\/\/bepet.pet\/loja\/","logo":{"@type":"ImageObject","inLanguage":"pt-BR","@id":"https:\/\/bepet.pet\/loja\/#\/schema\/logo\/image\/","url":"https:\/\/bepet.pet\/loja\/wp-content\/uploads\/2020\/10\/logo.jpg","contentUrl":"https:\/\/bepet.pet\/loja\/wp-content\/uploads\/2020\/10\/logo.jpg","width":100,"height":99,"caption":"BePet"},"image":{"@id":"https:\/\/bepet.pet\/loja\/#\/schema\/logo\/image\/"}}]}},"jetpack_sharing_enabled":true,"_links":{"self":[{"href":"https:\/\/bepet.pet\/loja\/wp-json\/wp\/v2\/product\/10326","targetHints":{"allow":["GET"]}}],"collection":[{"href":"https:\/\/bepet.pet\/loja\/wp-json\/wp\/v2\/product"}],"about":[{"href":"https:\/\/bepet.pet\/loja\/wp-json\/wp\/v2\/types\/product"}],"replies":[{"embeddable":true,"href":"https:\/\/bepet.pet\/loja\/wp-json\/wp\/v2\/comments?post=10326"}],"wp:featuredmedia":[{"embeddable":true,"href":"https:\/\/bepet.pet\/loja\/wp-json\/wp\/v2\/media\/10323"}],"wp:attachment":[{"href":"https:\/\/bepet.pet\/loja\/wp-json\/wp\/v2\/media?parent=10326"}],"wp:term":[{"taxonomy":"product_brand","embeddable":true,"href":"https:\/\/bepet.pet\/loja\/wp-json\/wp\/v2\/product_brand?post=10326"},{"taxonomy":"product_cat","embeddable":true,"href":"https:\/\/bepet.pet\/loja\/wp-json\/wp\/v2\/product_cat?post=10326"},{"taxonomy":"product_tag","embeddable":true,"href":"https:\/\/bepet.pet\/loja\/wp-json\/wp\/v2\/product_tag?post=10326"}],"curies":[{"name":"wp","href":"https:\/\/api.w.org\/{rel}","templated":true}]}}