{"id":10321,"date":"2024-01-17T17:36:53","date_gmt":"2024-01-17T17:36:53","guid":{"rendered":"https:\/\/bepet.pet\/loja\/produto\/tapete-higienico-pet-mais-classic-para-caes-7-unidades\/"},"modified":"2025-12-10T17:31:21","modified_gmt":"2025-12-10T20:31:21","slug":"tapete-higienico-pet-mais-classic-para-caes-7-unidades","status":"publish","type":"product","link":"https:\/\/bepet.pet\/loja\/produto\/tapete-higienico-pet-mais-classic-para-caes-7-unidades\/","title":{"rendered":"Tapete Higi\u00eanico Pet Mais Classic para C\u00e3es 7 unidades"},"content":{"rendered":"<p>Conhe\u00e7a o Tapete Higi\u00eanico Pet Mais Classic, a solu\u00e7\u00e3o perfeita para manter a higiene do seu c\u00e3ozinho em dia. Composto por 7 unidades, esse tapete \u00e9 ideal para quem busca praticidade e efici\u00eancia.<\/p>\n<p>Desenvolvido com materiais de alta qualidade, o Tapete Higi\u00eanico Pet Mais Classic possui uma camada superabsorvente que ret\u00e9m o xixi do seu pet, evitando qualquer vazamento e mantendo o ambiente sempre limpo e seco. Al\u00e9m disso, conta com uma camada imperme\u00e1vel na parte inferior, garantindo que nenhum l\u00edquido atravesse o tapete.<\/p>\n<p>Com dimens\u00f5es perfeitas, esse tapete se adapta a qualquer espa\u00e7o da sua casa, seja em apartamentos, casas ou at\u00e9 mesmo em \u00e1reas externas. Sua cor neutra combina com qualquer decora\u00e7\u00e3o, sem interferir na est\u00e9tica do ambiente.<\/p>\n<p>O Tapete Higi\u00eanico Pet Mais Classic \u00e9 muito f\u00e1cil de usar. Basta coloc\u00e1-lo no local desejado e aguardar que o seu c\u00e3ozinho se acostume a utiliz\u00e1-lo. Com o tempo, ele entender\u00e1 que aquele \u00e9 o lugar certo para fazer as suas necessidades, evitando qualquer sujeira indesejada.<\/p>\n<p>Al\u00e9m de proporcionar praticidade e higiene, o Tapete Higi\u00eanico Pet Mais Classic \u00e9 uma op\u00e7\u00e3o econ\u00f4mica. Com 7 unidades, voc\u00ea ter\u00e1 tapetes suficientes para uma semana inteira, sem precisar se preocupar em comprar constantemente.<\/p>\n<p>Invista na sa\u00fade e bem-estar do seu pet com o Tapete Higi\u00eanico Pet Mais Classic. Tenha a tranquilidade de saber que a higiene do seu c\u00e3ozinho est\u00e1 garantida, sem abrir m\u00e3o do conforto e praticidade. Adquira j\u00e1 o seu e transforme a rotina de cuidados com o seu pet.<\/p>\n","protected":false},"excerpt":{"rendered":"<p>Conhe\u00e7a o Tapete Higi\u00eanico Pet Mais Classic, a solu\u00e7\u00e3o perfeita para manter a higiene do seu c\u00e3ozinho em dia. Composto por 7 unidades, esse tapete \u00e9 ideal para quem busca praticidade e efici\u00eancia. Desenvolvido com materiais de alta qualidade, o Tapete Higi\u00eanico Pet Mais Classic possui uma camada superabsorvente que ret\u00e9m o xixi do seu pet, evitando qualquer vazamento e mantendo o ambiente sempre limpo e seco. Al\u00e9m disso, conta com uma camada imperme\u00e1vel na parte inferior, garantindo que nenhum l\u00edquido atravesse o tapete. Com dimens\u00f5es perfeitas, esse tapete se adapta a qualquer espa\u00e7o da sua casa, seja em apartamentos, casas ou at\u00e9 mesmo em \u00e1reas externas. Sua cor neutra combina com qualquer decora\u00e7\u00e3o, sem interferir na est\u00e9tica do ambiente. O Tapete Higi\u00eanico Pet Mais Classic \u00e9 muito f\u00e1cil de usar. Basta coloc\u00e1-lo no local desejado e aguardar que o seu c\u00e3ozinho se acostume a utiliz\u00e1-lo. Com o tempo, ele entender\u00e1 que aquele \u00e9 o lugar certo para fazer as suas necessidades, evitando qualquer sujeira indesejada. Al\u00e9m de proporcionar praticidade e higiene, o Tapete Higi\u00eanico Pet Mais Classic \u00e9 uma op\u00e7\u00e3o econ\u00f4mica. Com 7 unidades, voc\u00ea ter\u00e1 tapetes suficientes para uma semana inteira, sem precisar se preocupar em comprar constantemente.&hellip; <a class=\"read-more-link\" href=\"https:\/\/bepet.pet\/loja\/produto\/tapete-higienico-pet-mais-classic-para-caes-7-unidades\/\">Read More<\/a><\/p>\n","protected":false},"featured_media":10319,"comment_status":"open","ping_status":"closed","template":"","meta":{"_kadence_starter_templates_imported_post":false},"product_brand":[],"product_cat":[122,137],"product_tag":[],"class_list":{"0":"post-10321","1":"product","2":"type-product","3":"status-publish","4":"has-post-thumbnail","6":"product_cat-higiene-e-limpeza","7":"product_cat-tapetes","10":"first","11":"instock","12":"shipping-taxable","13":"purchasable","14":"product-type-simple"},"yoast_head":"<!-- This site is optimized with the Yoast SEO plugin v25.5 - https:\/\/yoast.com\/wordpress\/plugins\/seo\/ -->\n<title>Tapete Higi\u00eanico Pet Mais Classic para C\u00e3es 7 unidades - BePet<\/title>\n<meta name=\"robots\" content=\"index, follow, max-snippet:-1, max-image-preview:large, max-video-preview:-1\" \/>\n<link rel=\"canonical\" href=\"https:\/\/bepet.pet\/loja\/produto\/tapete-higienico-pet-mais-classic-para-caes-7-unidades\/\" \/>\n<meta property=\"og:locale\" content=\"pt_BR\" \/>\n<meta property=\"og:type\" content=\"article\" \/>\n<meta property=\"og:title\" content=\"Tapete Higi\u00eanico Pet Mais Classic para C\u00e3es 7 unidades - BePet\" \/>\n<meta property=\"og:description\" content=\"Conhe\u00e7a o Tapete Higi\u00eanico Pet Mais Classic, a solu\u00e7\u00e3o perfeita para manter a higiene do seu c\u00e3ozinho em dia. Composto por 7 unidades, esse tapete \u00e9 ideal para quem busca praticidade e efici\u00eancia. Desenvolvido com materiais de alta qualidade, o Tapete Higi\u00eanico Pet Mais Classic possui uma camada superabsorvente que ret\u00e9m o xixi do seu pet, evitando qualquer vazamento e mantendo o ambiente sempre limpo e seco. Al\u00e9m disso, conta com uma camada imperme\u00e1vel na parte inferior, garantindo que nenhum l\u00edquido atravesse o tapete. Com dimens\u00f5es perfeitas, esse tapete se adapta a qualquer espa\u00e7o da sua casa, seja em apartamentos, casas ou at\u00e9 mesmo em \u00e1reas externas. Sua cor neutra combina com qualquer decora\u00e7\u00e3o, sem interferir na est\u00e9tica do ambiente. O Tapete Higi\u00eanico Pet Mais Classic \u00e9 muito f\u00e1cil de usar. Basta coloc\u00e1-lo no local desejado e aguardar que o seu c\u00e3ozinho se acostume a utiliz\u00e1-lo. Com o tempo, ele entender\u00e1 que aquele \u00e9 o lugar certo para fazer as suas necessidades, evitando qualquer sujeira indesejada. Al\u00e9m de proporcionar praticidade e higiene, o Tapete Higi\u00eanico Pet Mais Classic \u00e9 uma op\u00e7\u00e3o econ\u00f4mica. Com 7 unidades, voc\u00ea ter\u00e1 tapetes suficientes para uma semana inteira, sem precisar se preocupar em comprar constantemente.&hellip; Read More\" \/>\n<meta property=\"og:url\" content=\"https:\/\/bepet.pet\/loja\/produto\/tapete-higienico-pet-mais-classic-para-caes-7-unidades\/\" \/>\n<meta property=\"og:site_name\" content=\"BePet\" \/>\n<meta property=\"article:modified_time\" content=\"2025-12-10T20:31:21+00:00\" \/>\n<meta name=\"twitter:card\" content=\"summary_large_image\" \/>\n<meta name=\"twitter:label1\" content=\"Est. tempo de leitura\" \/>\n\t<meta name=\"twitter:data1\" content=\"1 minuto\" \/>\n<script type=\"application\/ld+json\" class=\"yoast-schema-graph\">{\"@context\":\"https:\/\/schema.org\",\"@graph\":[{\"@type\":\"WebPage\",\"@id\":\"https:\/\/bepet.pet\/loja\/produto\/tapete-higienico-pet-mais-classic-para-caes-7-unidades\/\",\"url\":\"https:\/\/bepet.pet\/loja\/produto\/tapete-higienico-pet-mais-classic-para-caes-7-unidades\/\",\"name\":\"Tapete Higi\u00eanico Pet Mais Classic para C\u00e3es 7 unidades - BePet\",\"isPartOf\":{\"@id\":\"https:\/\/bepet.pet\/loja\/#website\"},\"primaryImageOfPage\":{\"@id\":\"https:\/\/bepet.pet\/loja\/produto\/tapete-higienico-pet-mais-classic-para-caes-7-unidades\/#primaryimage\"},\"image\":{\"@id\":\"https:\/\/bepet.pet\/loja\/produto\/tapete-higienico-pet-mais-classic-para-caes-7-unidades\/#primaryimage\"},\"thumbnailUrl\":\"https:\/\/bepet.pet\/loja\/wp-content\/uploads\/2024\/01\/pc4ba9893-e565-4a0b-aaf0-fbfcdc4e599f.png\",\"datePublished\":\"2024-01-17T17:36:53+00:00\",\"dateModified\":\"2025-12-10T20:31:21+00:00\",\"breadcrumb\":{\"@id\":\"https:\/\/bepet.pet\/loja\/produto\/tapete-higienico-pet-mais-classic-para-caes-7-unidades\/#breadcrumb\"},\"inLanguage\":\"pt-BR\",\"potentialAction\":[{\"@type\":\"ReadAction\",\"target\":[\"https:\/\/bepet.pet\/loja\/produto\/tapete-higienico-pet-mais-classic-para-caes-7-unidades\/\"]}]},{\"@type\":\"ImageObject\",\"inLanguage\":\"pt-BR\",\"@id\":\"https:\/\/bepet.pet\/loja\/produto\/tapete-higienico-pet-mais-classic-para-caes-7-unidades\/#primaryimage\",\"url\":\"https:\/\/bepet.pet\/loja\/wp-content\/uploads\/2024\/01\/pc4ba9893-e565-4a0b-aaf0-fbfcdc4e599f.png\",\"contentUrl\":\"https:\/\/bepet.pet\/loja\/wp-content\/uploads\/2024\/01\/pc4ba9893-e565-4a0b-aaf0-fbfcdc4e599f.png\",\"width\":800,\"height\":800},{\"@type\":\"BreadcrumbList\",\"@id\":\"https:\/\/bepet.pet\/loja\/produto\/tapete-higienico-pet-mais-classic-para-caes-7-unidades\/#breadcrumb\",\"itemListElement\":[{\"@type\":\"ListItem\",\"position\":1,\"name\":\"Home\",\"item\":\"https:\/\/bepet.pet\/loja\/\"},{\"@type\":\"ListItem\",\"position\":2,\"name\":\"Shop\",\"item\":\"https:\/\/bepet.pet\/loja\/shop-2\/\"},{\"@type\":\"ListItem\",\"position\":3,\"name\":\"Tapete Higi\u00eanico Pet Mais Classic para C\u00e3es 7 unidades\"}]},{\"@type\":\"WebSite\",\"@id\":\"https:\/\/bepet.pet\/loja\/#website\",\"url\":\"https:\/\/bepet.pet\/loja\/\",\"name\":\"BePet\",\"description\":\"Nossa vida \u00e9 cuidar do seu pet\",\"publisher\":{\"@id\":\"https:\/\/bepet.pet\/loja\/#organization\"},\"potentialAction\":[{\"@type\":\"SearchAction\",\"target\":{\"@type\":\"EntryPoint\",\"urlTemplate\":\"https:\/\/bepet.pet\/loja\/?s={search_term_string}\"},\"query-input\":{\"@type\":\"PropertyValueSpecification\",\"valueRequired\":true,\"valueName\":\"search_term_string\"}}],\"inLanguage\":\"pt-BR\"},{\"@type\":\"Organization\",\"@id\":\"https:\/\/bepet.pet\/loja\/#organization\",\"name\":\"BePet\",\"url\":\"https:\/\/bepet.pet\/loja\/\",\"logo\":{\"@type\":\"ImageObject\",\"inLanguage\":\"pt-BR\",\"@id\":\"https:\/\/bepet.pet\/loja\/#\/schema\/logo\/image\/\",\"url\":\"https:\/\/bepet.pet\/loja\/wp-content\/uploads\/2020\/10\/logo.jpg\",\"contentUrl\":\"https:\/\/bepet.pet\/loja\/wp-content\/uploads\/2020\/10\/logo.jpg\",\"width\":100,\"height\":99,\"caption\":\"BePet\"},\"image\":{\"@id\":\"https:\/\/bepet.pet\/loja\/#\/schema\/logo\/image\/\"}}]}<\/script>\n<!-- \/ Yoast SEO plugin. -->","yoast_head_json":{"title":"Tapete Higi\u00eanico Pet Mais Classic para C\u00e3es 7 unidades - BePet","robots":{"index":"index","follow":"follow","max-snippet":"max-snippet:-1","max-image-preview":"max-image-preview:large","max-video-preview":"max-video-preview:-1"},"canonical":"https:\/\/bepet.pet\/loja\/produto\/tapete-higienico-pet-mais-classic-para-caes-7-unidades\/","og_locale":"pt_BR","og_type":"article","og_title":"Tapete Higi\u00eanico Pet Mais Classic para C\u00e3es 7 unidades - BePet","og_description":"Conhe\u00e7a o Tapete Higi\u00eanico Pet Mais Classic, a solu\u00e7\u00e3o perfeita para manter a higiene do seu c\u00e3ozinho em dia. Composto por 7 unidades, esse tapete \u00e9 ideal para quem busca praticidade e efici\u00eancia. Desenvolvido com materiais de alta qualidade, o Tapete Higi\u00eanico Pet Mais Classic possui uma camada superabsorvente que ret\u00e9m o xixi do seu pet, evitando qualquer vazamento e mantendo o ambiente sempre limpo e seco. Al\u00e9m disso, conta com uma camada imperme\u00e1vel na parte inferior, garantindo que nenhum l\u00edquido atravesse o tapete. Com dimens\u00f5es perfeitas, esse tapete se adapta a qualquer espa\u00e7o da sua casa, seja em apartamentos, casas ou at\u00e9 mesmo em \u00e1reas externas. Sua cor neutra combina com qualquer decora\u00e7\u00e3o, sem interferir na est\u00e9tica do ambiente. O Tapete Higi\u00eanico Pet Mais Classic \u00e9 muito f\u00e1cil de usar. Basta coloc\u00e1-lo no local desejado e aguardar que o seu c\u00e3ozinho se acostume a utiliz\u00e1-lo. Com o tempo, ele entender\u00e1 que aquele \u00e9 o lugar certo para fazer as suas necessidades, evitando qualquer sujeira indesejada. Al\u00e9m de proporcionar praticidade e higiene, o Tapete Higi\u00eanico Pet Mais Classic \u00e9 uma op\u00e7\u00e3o econ\u00f4mica. Com 7 unidades, voc\u00ea ter\u00e1 tapetes suficientes para uma semana inteira, sem precisar se preocupar em comprar constantemente.&hellip; Read More","og_url":"https:\/\/bepet.pet\/loja\/produto\/tapete-higienico-pet-mais-classic-para-caes-7-unidades\/","og_site_name":"BePet","article_modified_time":"2025-12-10T20:31:21+00:00","twitter_card":"summary_large_image","twitter_misc":{"Est. tempo de leitura":"1 minuto"},"schema":{"@context":"https:\/\/schema.org","@graph":[{"@type":"WebPage","@id":"https:\/\/bepet.pet\/loja\/produto\/tapete-higienico-pet-mais-classic-para-caes-7-unidades\/","url":"https:\/\/bepet.pet\/loja\/produto\/tapete-higienico-pet-mais-classic-para-caes-7-unidades\/","name":"Tapete Higi\u00eanico Pet Mais Classic para C\u00e3es 7 unidades - BePet","isPartOf":{"@id":"https:\/\/bepet.pet\/loja\/#website"},"primaryImageOfPage":{"@id":"https:\/\/bepet.pet\/loja\/produto\/tapete-higienico-pet-mais-classic-para-caes-7-unidades\/#primaryimage"},"image":{"@id":"https:\/\/bepet.pet\/loja\/produto\/tapete-higienico-pet-mais-classic-para-caes-7-unidades\/#primaryimage"},"thumbnailUrl":"https:\/\/bepet.pet\/loja\/wp-content\/uploads\/2024\/01\/pc4ba9893-e565-4a0b-aaf0-fbfcdc4e599f.png","datePublished":"2024-01-17T17:36:53+00:00","dateModified":"2025-12-10T20:31:21+00:00","breadcrumb":{"@id":"https:\/\/bepet.pet\/loja\/produto\/tapete-higienico-pet-mais-classic-para-caes-7-unidades\/#breadcrumb"},"inLanguage":"pt-BR","potentialAction":[{"@type":"ReadAction","target":["https:\/\/bepet.pet\/loja\/produto\/tapete-higienico-pet-mais-classic-para-caes-7-unidades\/"]}]},{"@type":"ImageObject","inLanguage":"pt-BR","@id":"https:\/\/bepet.pet\/loja\/produto\/tapete-higienico-pet-mais-classic-para-caes-7-unidades\/#primaryimage","url":"https:\/\/bepet.pet\/loja\/wp-content\/uploads\/2024\/01\/pc4ba9893-e565-4a0b-aaf0-fbfcdc4e599f.png","contentUrl":"https:\/\/bepet.pet\/loja\/wp-content\/uploads\/2024\/01\/pc4ba9893-e565-4a0b-aaf0-fbfcdc4e599f.png","width":800,"height":800},{"@type":"BreadcrumbList","@id":"https:\/\/bepet.pet\/loja\/produto\/tapete-higienico-pet-mais-classic-para-caes-7-unidades\/#breadcrumb","itemListElement":[{"@type":"ListItem","position":1,"name":"Home","item":"https:\/\/bepet.pet\/loja\/"},{"@type":"ListItem","position":2,"name":"Shop","item":"https:\/\/bepet.pet\/loja\/shop-2\/"},{"@type":"ListItem","position":3,"name":"Tapete Higi\u00eanico Pet Mais Classic para C\u00e3es 7 unidades"}]},{"@type":"WebSite","@id":"https:\/\/bepet.pet\/loja\/#website","url":"https:\/\/bepet.pet\/loja\/","name":"BePet","description":"Nossa vida \u00e9 cuidar do seu pet","publisher":{"@id":"https:\/\/bepet.pet\/loja\/#organization"},"potentialAction":[{"@type":"SearchAction","target":{"@type":"EntryPoint","urlTemplate":"https:\/\/bepet.pet\/loja\/?s={search_term_string}"},"query-input":{"@type":"PropertyValueSpecification","valueRequired":true,"valueName":"search_term_string"}}],"inLanguage":"pt-BR"},{"@type":"Organization","@id":"https:\/\/bepet.pet\/loja\/#organization","name":"BePet","url":"https:\/\/bepet.pet\/loja\/","logo":{"@type":"ImageObject","inLanguage":"pt-BR","@id":"https:\/\/bepet.pet\/loja\/#\/schema\/logo\/image\/","url":"https:\/\/bepet.pet\/loja\/wp-content\/uploads\/2020\/10\/logo.jpg","contentUrl":"https:\/\/bepet.pet\/loja\/wp-content\/uploads\/2020\/10\/logo.jpg","width":100,"height":99,"caption":"BePet"},"image":{"@id":"https:\/\/bepet.pet\/loja\/#\/schema\/logo\/image\/"}}]}},"jetpack_sharing_enabled":true,"_links":{"self":[{"href":"https:\/\/bepet.pet\/loja\/wp-json\/wp\/v2\/product\/10321","targetHints":{"allow":["GET"]}}],"collection":[{"href":"https:\/\/bepet.pet\/loja\/wp-json\/wp\/v2\/product"}],"about":[{"href":"https:\/\/bepet.pet\/loja\/wp-json\/wp\/v2\/types\/product"}],"replies":[{"embeddable":true,"href":"https:\/\/bepet.pet\/loja\/wp-json\/wp\/v2\/comments?post=10321"}],"wp:featuredmedia":[{"embeddable":true,"href":"https:\/\/bepet.pet\/loja\/wp-json\/wp\/v2\/media\/10319"}],"wp:attachment":[{"href":"https:\/\/bepet.pet\/loja\/wp-json\/wp\/v2\/media?parent=10321"}],"wp:term":[{"taxonomy":"product_brand","embeddable":true,"href":"https:\/\/bepet.pet\/loja\/wp-json\/wp\/v2\/product_brand?post=10321"},{"taxonomy":"product_cat","embeddable":true,"href":"https:\/\/bepet.pet\/loja\/wp-json\/wp\/v2\/product_cat?post=10321"},{"taxonomy":"product_tag","embeddable":true,"href":"https:\/\/bepet.pet\/loja\/wp-json\/wp\/v2\/product_tag?post=10321"}],"curies":[{"name":"wp","href":"https:\/\/api.w.org\/{rel}","templated":true}]}}