{"id":10156,"date":"2024-01-16T13:11:09","date_gmt":"2024-01-16T16:11:09","guid":{"rendered":"https:\/\/bepet.pet\/loja\/produto\/antipulgas-simparic-20-mg-para-caes-51-a-10-kg-1-comprimido-zoetis\/"},"modified":"2025-12-10T17:08:31","modified_gmt":"2025-12-10T20:08:31","slug":"antipulgas-simparic-20-mg-para-caes-51-a-10-kg-1-comprimido-zoetis","status":"publish","type":"product","link":"https:\/\/bepet.pet\/loja\/produto\/antipulgas-simparic-20-mg-para-caes-51-a-10-kg-1-comprimido-zoetis\/","title":{"rendered":"Antipulgas Simparic 20 mg para c\u00e3es 5,1 a 10 kg 1 comprimido &#8211; Zoetis"},"content":{"rendered":"<p>Introduzindo o Simparic 20 mg: a solu\u00e7\u00e3o eficaz contra pulgas para c\u00e3es de 5,1 a 10 kg<\/p>\n<p>Proteger nosso melhor amigo de infesta\u00e7\u00f5es de pulgas \u00e9 uma prioridade para todos os tutores respons\u00e1veis. E para isso, a Zoetis apresenta o Simparic 20 mg, um antipulgas altamente eficaz, desenvolvido especialmente para c\u00e3es de 5,1 a 10 kg.<\/p>\n<p>Com apenas um comprimido, voc\u00ea garante uma prote\u00e7\u00e3o duradoura e efetiva contra pulgas, trazendo conforto e bem-estar para o seu c\u00e3ozinho. O Simparic age rapidamente, eliminando as pulgas em at\u00e9 8 horas ap\u00f3s a administra\u00e7\u00e3o e continuando a proteger por at\u00e9 35 dias.<\/p>\n<p>Al\u00e9m de combater pulgas, o Simparic tamb\u00e9m \u00e9 eficaz contra carrapatos, sarnas e piolhos mastigadores. Sua f\u00f3rmula avan\u00e7ada atua diretamente no sistema nervoso dos parasitas, interrompendo seu ciclo de vida e garantindo a sa\u00fade do seu c\u00e3o.<\/p>\n<p>A seguran\u00e7a do Simparic tamb\u00e9m \u00e9 uma vantagem a ser destacada. O produto passou por rigorosos testes de qualidade e efic\u00e1cia, garantindo a m\u00e1xima seguran\u00e7a para o seu pet. Al\u00e9m disso, o comprimido \u00e9 palat\u00e1vel, facilitando a administra\u00e7\u00e3o e evitando qualquer desconforto para o seu c\u00e3ozinho.<\/p>\n<p>O Simparic 20 mg \u00e9 recomendado por veterin\u00e1rios de todo o mundo, sendo uma escolha confi\u00e1vel para manter seu c\u00e3o livre de pulgas e outros parasitas. E para sua comodidade, voc\u00ea pode adquirir o produto diretamente em nosso e-commerce, garantindo a entrega r\u00e1pida e segura no conforto da sua casa.<\/p>\n<p>N\u00e3o deixe que pulgas e outros parasitas prejudiquem a qualidade de vida do seu c\u00e3o. Invista na prote\u00e7\u00e3o eficaz do Simparic 20 mg e proporcione a ele o conforto e bem-estar que ele merece. Conte com a Zoetis para cuidar da sa\u00fade do seu pet.<\/p>\n","protected":false},"excerpt":{"rendered":"<p>Introduzindo o Simparic 20 mg: a solu\u00e7\u00e3o eficaz contra pulgas para c\u00e3es de 5,1 a 10 kg Proteger nosso melhor amigo de infesta\u00e7\u00f5es de pulgas \u00e9 uma prioridade para todos os tutores respons\u00e1veis. E para isso, a Zoetis apresenta o Simparic 20 mg, um antipulgas altamente eficaz, desenvolvido especialmente para c\u00e3es de 5,1 a 10 kg. Com apenas um comprimido, voc\u00ea garante uma prote\u00e7\u00e3o duradoura e efetiva contra pulgas, trazendo conforto e bem-estar para o seu c\u00e3ozinho. O Simparic age rapidamente, eliminando as pulgas em at\u00e9 8 horas ap\u00f3s a administra\u00e7\u00e3o e continuando a proteger por at\u00e9 35 dias. Al\u00e9m de combater pulgas, o Simparic tamb\u00e9m \u00e9 eficaz contra carrapatos, sarnas e piolhos mastigadores. Sua f\u00f3rmula avan\u00e7ada atua diretamente no sistema nervoso dos parasitas, interrompendo seu ciclo de vida e garantindo a sa\u00fade do seu c\u00e3o. A seguran\u00e7a do Simparic tamb\u00e9m \u00e9 uma vantagem a ser destacada. O produto passou por rigorosos testes de qualidade e efic\u00e1cia, garantindo a m\u00e1xima seguran\u00e7a para o seu pet. Al\u00e9m disso, o comprimido \u00e9 palat\u00e1vel, facilitando a administra\u00e7\u00e3o e evitando qualquer desconforto para o seu c\u00e3ozinho. O Simparic 20 mg \u00e9 recomendado por veterin\u00e1rios de todo o mundo, sendo uma escolha confi\u00e1vel para manter&hellip; <a class=\"read-more-link\" href=\"https:\/\/bepet.pet\/loja\/produto\/antipulgas-simparic-20-mg-para-caes-51-a-10-kg-1-comprimido-zoetis\/\">Read More<\/a><\/p>\n","protected":false},"featured_media":10155,"comment_status":"open","ping_status":"closed","template":"","meta":{"_kadence_starter_templates_imported_post":false},"product_brand":[],"product_cat":[124,125,120],"product_tag":[],"class_list":{"0":"post-10156","1":"product","2":"type-product","3":"status-publish","4":"has-post-thumbnail","6":"product_cat-antipulgas","7":"product_cat-antipulgas-caes","8":"product_cat-medicamentos","11":"first","12":"instock","13":"shipping-taxable","14":"purchasable","15":"product-type-simple"},"yoast_head":"<!-- This site is optimized with the Yoast SEO plugin v25.5 - https:\/\/yoast.com\/wordpress\/plugins\/seo\/ -->\n<title>Antipulgas Simparic 20 mg para c\u00e3es 5,1 a 10 kg 1 comprimido - Zoetis - BePet<\/title>\n<meta name=\"robots\" content=\"index, follow, max-snippet:-1, max-image-preview:large, max-video-preview:-1\" \/>\n<link rel=\"canonical\" href=\"https:\/\/bepet.pet\/loja\/produto\/antipulgas-simparic-20-mg-para-caes-51-a-10-kg-1-comprimido-zoetis\/\" \/>\n<meta property=\"og:locale\" content=\"pt_BR\" \/>\n<meta property=\"og:type\" content=\"article\" \/>\n<meta property=\"og:title\" content=\"Antipulgas Simparic 20 mg para c\u00e3es 5,1 a 10 kg 1 comprimido - Zoetis - BePet\" \/>\n<meta property=\"og:description\" content=\"Introduzindo o Simparic 20 mg: a solu\u00e7\u00e3o eficaz contra pulgas para c\u00e3es de 5,1 a 10 kg Proteger nosso melhor amigo de infesta\u00e7\u00f5es de pulgas \u00e9 uma prioridade para todos os tutores respons\u00e1veis. E para isso, a Zoetis apresenta o Simparic 20 mg, um antipulgas altamente eficaz, desenvolvido especialmente para c\u00e3es de 5,1 a 10 kg. Com apenas um comprimido, voc\u00ea garante uma prote\u00e7\u00e3o duradoura e efetiva contra pulgas, trazendo conforto e bem-estar para o seu c\u00e3ozinho. O Simparic age rapidamente, eliminando as pulgas em at\u00e9 8 horas ap\u00f3s a administra\u00e7\u00e3o e continuando a proteger por at\u00e9 35 dias. Al\u00e9m de combater pulgas, o Simparic tamb\u00e9m \u00e9 eficaz contra carrapatos, sarnas e piolhos mastigadores. Sua f\u00f3rmula avan\u00e7ada atua diretamente no sistema nervoso dos parasitas, interrompendo seu ciclo de vida e garantindo a sa\u00fade do seu c\u00e3o. A seguran\u00e7a do Simparic tamb\u00e9m \u00e9 uma vantagem a ser destacada. O produto passou por rigorosos testes de qualidade e efic\u00e1cia, garantindo a m\u00e1xima seguran\u00e7a para o seu pet. Al\u00e9m disso, o comprimido \u00e9 palat\u00e1vel, facilitando a administra\u00e7\u00e3o e evitando qualquer desconforto para o seu c\u00e3ozinho. O Simparic 20 mg \u00e9 recomendado por veterin\u00e1rios de todo o mundo, sendo uma escolha confi\u00e1vel para manter&hellip; Read More\" \/>\n<meta property=\"og:url\" content=\"https:\/\/bepet.pet\/loja\/produto\/antipulgas-simparic-20-mg-para-caes-51-a-10-kg-1-comprimido-zoetis\/\" \/>\n<meta property=\"og:site_name\" content=\"BePet\" \/>\n<meta property=\"article:modified_time\" content=\"2025-12-10T20:08:31+00:00\" \/>\n<meta property=\"og:image\" content=\"https:\/\/bepet.pet\/loja\/wp-content\/uploads\/2024\/01\/p297fde88-2220-43e0-ad26-8f03dd9b1bc5.png\" \/>\n\t<meta property=\"og:image:width\" content=\"798\" \/>\n\t<meta property=\"og:image:height\" content=\"800\" \/>\n\t<meta property=\"og:image:type\" content=\"image\/png\" \/>\n<meta name=\"twitter:card\" content=\"summary_large_image\" \/>\n<meta name=\"twitter:label1\" content=\"Est. tempo de leitura\" \/>\n\t<meta name=\"twitter:data1\" content=\"1 minuto\" \/>\n<script type=\"application\/ld+json\" class=\"yoast-schema-graph\">{\"@context\":\"https:\/\/schema.org\",\"@graph\":[{\"@type\":\"WebPage\",\"@id\":\"https:\/\/bepet.pet\/loja\/produto\/antipulgas-simparic-20-mg-para-caes-51-a-10-kg-1-comprimido-zoetis\/\",\"url\":\"https:\/\/bepet.pet\/loja\/produto\/antipulgas-simparic-20-mg-para-caes-51-a-10-kg-1-comprimido-zoetis\/\",\"name\":\"Antipulgas Simparic 20 mg para c\u00e3es 5,1 a 10 kg 1 comprimido - Zoetis - BePet\",\"isPartOf\":{\"@id\":\"https:\/\/bepet.pet\/loja\/#website\"},\"primaryImageOfPage\":{\"@id\":\"https:\/\/bepet.pet\/loja\/produto\/antipulgas-simparic-20-mg-para-caes-51-a-10-kg-1-comprimido-zoetis\/#primaryimage\"},\"image\":{\"@id\":\"https:\/\/bepet.pet\/loja\/produto\/antipulgas-simparic-20-mg-para-caes-51-a-10-kg-1-comprimido-zoetis\/#primaryimage\"},\"thumbnailUrl\":\"https:\/\/bepet.pet\/loja\/wp-content\/uploads\/2024\/01\/p297fde88-2220-43e0-ad26-8f03dd9b1bc5.png\",\"datePublished\":\"2024-01-16T16:11:09+00:00\",\"dateModified\":\"2025-12-10T20:08:31+00:00\",\"breadcrumb\":{\"@id\":\"https:\/\/bepet.pet\/loja\/produto\/antipulgas-simparic-20-mg-para-caes-51-a-10-kg-1-comprimido-zoetis\/#breadcrumb\"},\"inLanguage\":\"pt-BR\",\"potentialAction\":[{\"@type\":\"ReadAction\",\"target\":[\"https:\/\/bepet.pet\/loja\/produto\/antipulgas-simparic-20-mg-para-caes-51-a-10-kg-1-comprimido-zoetis\/\"]}]},{\"@type\":\"ImageObject\",\"inLanguage\":\"pt-BR\",\"@id\":\"https:\/\/bepet.pet\/loja\/produto\/antipulgas-simparic-20-mg-para-caes-51-a-10-kg-1-comprimido-zoetis\/#primaryimage\",\"url\":\"https:\/\/bepet.pet\/loja\/wp-content\/uploads\/2024\/01\/p297fde88-2220-43e0-ad26-8f03dd9b1bc5.png\",\"contentUrl\":\"https:\/\/bepet.pet\/loja\/wp-content\/uploads\/2024\/01\/p297fde88-2220-43e0-ad26-8f03dd9b1bc5.png\",\"width\":798,\"height\":800},{\"@type\":\"BreadcrumbList\",\"@id\":\"https:\/\/bepet.pet\/loja\/produto\/antipulgas-simparic-20-mg-para-caes-51-a-10-kg-1-comprimido-zoetis\/#breadcrumb\",\"itemListElement\":[{\"@type\":\"ListItem\",\"position\":1,\"name\":\"Home\",\"item\":\"https:\/\/bepet.pet\/loja\/\"},{\"@type\":\"ListItem\",\"position\":2,\"name\":\"Shop\",\"item\":\"https:\/\/bepet.pet\/loja\/shop-2\/\"},{\"@type\":\"ListItem\",\"position\":3,\"name\":\"Antipulgas Simparic 20 mg para c\u00e3es 5,1 a 10 kg 1 comprimido &#8211; Zoetis\"}]},{\"@type\":\"WebSite\",\"@id\":\"https:\/\/bepet.pet\/loja\/#website\",\"url\":\"https:\/\/bepet.pet\/loja\/\",\"name\":\"BePet\",\"description\":\"Nossa vida \u00e9 cuidar do seu pet\",\"publisher\":{\"@id\":\"https:\/\/bepet.pet\/loja\/#organization\"},\"potentialAction\":[{\"@type\":\"SearchAction\",\"target\":{\"@type\":\"EntryPoint\",\"urlTemplate\":\"https:\/\/bepet.pet\/loja\/?s={search_term_string}\"},\"query-input\":{\"@type\":\"PropertyValueSpecification\",\"valueRequired\":true,\"valueName\":\"search_term_string\"}}],\"inLanguage\":\"pt-BR\"},{\"@type\":\"Organization\",\"@id\":\"https:\/\/bepet.pet\/loja\/#organization\",\"name\":\"BePet\",\"url\":\"https:\/\/bepet.pet\/loja\/\",\"logo\":{\"@type\":\"ImageObject\",\"inLanguage\":\"pt-BR\",\"@id\":\"https:\/\/bepet.pet\/loja\/#\/schema\/logo\/image\/\",\"url\":\"https:\/\/bepet.pet\/loja\/wp-content\/uploads\/2020\/10\/logo.jpg\",\"contentUrl\":\"https:\/\/bepet.pet\/loja\/wp-content\/uploads\/2020\/10\/logo.jpg\",\"width\":100,\"height\":99,\"caption\":\"BePet\"},\"image\":{\"@id\":\"https:\/\/bepet.pet\/loja\/#\/schema\/logo\/image\/\"}}]}<\/script>\n<!-- \/ Yoast SEO plugin. -->","yoast_head_json":{"title":"Antipulgas Simparic 20 mg para c\u00e3es 5,1 a 10 kg 1 comprimido - Zoetis - BePet","robots":{"index":"index","follow":"follow","max-snippet":"max-snippet:-1","max-image-preview":"max-image-preview:large","max-video-preview":"max-video-preview:-1"},"canonical":"https:\/\/bepet.pet\/loja\/produto\/antipulgas-simparic-20-mg-para-caes-51-a-10-kg-1-comprimido-zoetis\/","og_locale":"pt_BR","og_type":"article","og_title":"Antipulgas Simparic 20 mg para c\u00e3es 5,1 a 10 kg 1 comprimido - Zoetis - BePet","og_description":"Introduzindo o Simparic 20 mg: a solu\u00e7\u00e3o eficaz contra pulgas para c\u00e3es de 5,1 a 10 kg Proteger nosso melhor amigo de infesta\u00e7\u00f5es de pulgas \u00e9 uma prioridade para todos os tutores respons\u00e1veis. E para isso, a Zoetis apresenta o Simparic 20 mg, um antipulgas altamente eficaz, desenvolvido especialmente para c\u00e3es de 5,1 a 10 kg. Com apenas um comprimido, voc\u00ea garante uma prote\u00e7\u00e3o duradoura e efetiva contra pulgas, trazendo conforto e bem-estar para o seu c\u00e3ozinho. O Simparic age rapidamente, eliminando as pulgas em at\u00e9 8 horas ap\u00f3s a administra\u00e7\u00e3o e continuando a proteger por at\u00e9 35 dias. Al\u00e9m de combater pulgas, o Simparic tamb\u00e9m \u00e9 eficaz contra carrapatos, sarnas e piolhos mastigadores. Sua f\u00f3rmula avan\u00e7ada atua diretamente no sistema nervoso dos parasitas, interrompendo seu ciclo de vida e garantindo a sa\u00fade do seu c\u00e3o. A seguran\u00e7a do Simparic tamb\u00e9m \u00e9 uma vantagem a ser destacada. O produto passou por rigorosos testes de qualidade e efic\u00e1cia, garantindo a m\u00e1xima seguran\u00e7a para o seu pet. Al\u00e9m disso, o comprimido \u00e9 palat\u00e1vel, facilitando a administra\u00e7\u00e3o e evitando qualquer desconforto para o seu c\u00e3ozinho. O Simparic 20 mg \u00e9 recomendado por veterin\u00e1rios de todo o mundo, sendo uma escolha confi\u00e1vel para manter&hellip; Read More","og_url":"https:\/\/bepet.pet\/loja\/produto\/antipulgas-simparic-20-mg-para-caes-51-a-10-kg-1-comprimido-zoetis\/","og_site_name":"BePet","article_modified_time":"2025-12-10T20:08:31+00:00","og_image":[{"width":798,"height":800,"url":"https:\/\/bepet.pet\/loja\/wp-content\/uploads\/2024\/01\/p297fde88-2220-43e0-ad26-8f03dd9b1bc5.png","type":"image\/png"}],"twitter_card":"summary_large_image","twitter_misc":{"Est. tempo de leitura":"1 minuto"},"schema":{"@context":"https:\/\/schema.org","@graph":[{"@type":"WebPage","@id":"https:\/\/bepet.pet\/loja\/produto\/antipulgas-simparic-20-mg-para-caes-51-a-10-kg-1-comprimido-zoetis\/","url":"https:\/\/bepet.pet\/loja\/produto\/antipulgas-simparic-20-mg-para-caes-51-a-10-kg-1-comprimido-zoetis\/","name":"Antipulgas Simparic 20 mg para c\u00e3es 5,1 a 10 kg 1 comprimido - Zoetis - BePet","isPartOf":{"@id":"https:\/\/bepet.pet\/loja\/#website"},"primaryImageOfPage":{"@id":"https:\/\/bepet.pet\/loja\/produto\/antipulgas-simparic-20-mg-para-caes-51-a-10-kg-1-comprimido-zoetis\/#primaryimage"},"image":{"@id":"https:\/\/bepet.pet\/loja\/produto\/antipulgas-simparic-20-mg-para-caes-51-a-10-kg-1-comprimido-zoetis\/#primaryimage"},"thumbnailUrl":"https:\/\/bepet.pet\/loja\/wp-content\/uploads\/2024\/01\/p297fde88-2220-43e0-ad26-8f03dd9b1bc5.png","datePublished":"2024-01-16T16:11:09+00:00","dateModified":"2025-12-10T20:08:31+00:00","breadcrumb":{"@id":"https:\/\/bepet.pet\/loja\/produto\/antipulgas-simparic-20-mg-para-caes-51-a-10-kg-1-comprimido-zoetis\/#breadcrumb"},"inLanguage":"pt-BR","potentialAction":[{"@type":"ReadAction","target":["https:\/\/bepet.pet\/loja\/produto\/antipulgas-simparic-20-mg-para-caes-51-a-10-kg-1-comprimido-zoetis\/"]}]},{"@type":"ImageObject","inLanguage":"pt-BR","@id":"https:\/\/bepet.pet\/loja\/produto\/antipulgas-simparic-20-mg-para-caes-51-a-10-kg-1-comprimido-zoetis\/#primaryimage","url":"https:\/\/bepet.pet\/loja\/wp-content\/uploads\/2024\/01\/p297fde88-2220-43e0-ad26-8f03dd9b1bc5.png","contentUrl":"https:\/\/bepet.pet\/loja\/wp-content\/uploads\/2024\/01\/p297fde88-2220-43e0-ad26-8f03dd9b1bc5.png","width":798,"height":800},{"@type":"BreadcrumbList","@id":"https:\/\/bepet.pet\/loja\/produto\/antipulgas-simparic-20-mg-para-caes-51-a-10-kg-1-comprimido-zoetis\/#breadcrumb","itemListElement":[{"@type":"ListItem","position":1,"name":"Home","item":"https:\/\/bepet.pet\/loja\/"},{"@type":"ListItem","position":2,"name":"Shop","item":"https:\/\/bepet.pet\/loja\/shop-2\/"},{"@type":"ListItem","position":3,"name":"Antipulgas Simparic 20 mg para c\u00e3es 5,1 a 10 kg 1 comprimido &#8211; Zoetis"}]},{"@type":"WebSite","@id":"https:\/\/bepet.pet\/loja\/#website","url":"https:\/\/bepet.pet\/loja\/","name":"BePet","description":"Nossa vida \u00e9 cuidar do seu pet","publisher":{"@id":"https:\/\/bepet.pet\/loja\/#organization"},"potentialAction":[{"@type":"SearchAction","target":{"@type":"EntryPoint","urlTemplate":"https:\/\/bepet.pet\/loja\/?s={search_term_string}"},"query-input":{"@type":"PropertyValueSpecification","valueRequired":true,"valueName":"search_term_string"}}],"inLanguage":"pt-BR"},{"@type":"Organization","@id":"https:\/\/bepet.pet\/loja\/#organization","name":"BePet","url":"https:\/\/bepet.pet\/loja\/","logo":{"@type":"ImageObject","inLanguage":"pt-BR","@id":"https:\/\/bepet.pet\/loja\/#\/schema\/logo\/image\/","url":"https:\/\/bepet.pet\/loja\/wp-content\/uploads\/2020\/10\/logo.jpg","contentUrl":"https:\/\/bepet.pet\/loja\/wp-content\/uploads\/2020\/10\/logo.jpg","width":100,"height":99,"caption":"BePet"},"image":{"@id":"https:\/\/bepet.pet\/loja\/#\/schema\/logo\/image\/"}}]}},"jetpack_sharing_enabled":true,"_links":{"self":[{"href":"https:\/\/bepet.pet\/loja\/wp-json\/wp\/v2\/product\/10156","targetHints":{"allow":["GET"]}}],"collection":[{"href":"https:\/\/bepet.pet\/loja\/wp-json\/wp\/v2\/product"}],"about":[{"href":"https:\/\/bepet.pet\/loja\/wp-json\/wp\/v2\/types\/product"}],"replies":[{"embeddable":true,"href":"https:\/\/bepet.pet\/loja\/wp-json\/wp\/v2\/comments?post=10156"}],"wp:featuredmedia":[{"embeddable":true,"href":"https:\/\/bepet.pet\/loja\/wp-json\/wp\/v2\/media\/10155"}],"wp:attachment":[{"href":"https:\/\/bepet.pet\/loja\/wp-json\/wp\/v2\/media?parent=10156"}],"wp:term":[{"taxonomy":"product_brand","embeddable":true,"href":"https:\/\/bepet.pet\/loja\/wp-json\/wp\/v2\/product_brand?post=10156"},{"taxonomy":"product_cat","embeddable":true,"href":"https:\/\/bepet.pet\/loja\/wp-json\/wp\/v2\/product_cat?post=10156"},{"taxonomy":"product_tag","embeddable":true,"href":"https:\/\/bepet.pet\/loja\/wp-json\/wp\/v2\/product_tag?post=10156"}],"curies":[{"name":"wp","href":"https:\/\/api.w.org\/{rel}","templated":true}]}}