{"id":10097,"date":"2024-01-15T18:09:52","date_gmt":"2024-01-15T21:09:52","guid":{"rendered":"https:\/\/bepet.pet\/loja\/produto\/shampoo-hidratante-virbac-sebocalm-spherulites-para-caes-e-gatos-250-ml\/"},"modified":"2025-12-17T15:46:22","modified_gmt":"2025-12-17T18:46:22","slug":"shampoo-hidratante-virbac-sebocalm-spherulites-para-caes-e-gatos-250-ml","status":"publish","type":"product","link":"https:\/\/bepet.pet\/loja\/produto\/shampoo-hidratante-virbac-sebocalm-spherulites-para-caes-e-gatos-250-ml\/","title":{"rendered":"Shampoo Hidratante Virbac Sebocalm Spherulites para C\u00e3es e Gatos 250 ml"},"content":{"rendered":"<p>Conhe\u00e7a o novo Shampoo Hidratante Virbac Sebocalm Spherulites para C\u00e3es e Gatos, agora dispon\u00edvel em embalagem de 250 ml. Este produto revolucion\u00e1rio foi desenvolvido especialmente para proporcionar uma limpeza profunda e hidrata\u00e7\u00e3o intensa para os pelos dos seus animais de estima\u00e7\u00e3o.<\/p>\n<p>Com uma f\u00f3rmula exclusiva, o Shampoo Hidratante Virbac Sebocalm Spherulites cont\u00e9m Spherulites, uma tecnologia inovadora que libera gradualmente os ingredientes ativos, garantindo uma a\u00e7\u00e3o prolongada e eficaz. Al\u00e9m disso, sua composi\u00e7\u00e3o suave e livre de parabenos \u00e9 ideal para c\u00e3es e gatos com pele sens\u00edvel, evitando irrita\u00e7\u00f5es e desconfortos.<\/p>\n<p>Gra\u00e7as \u00e0s propriedades hidratantes e calmantes do Shampoo Hidratante Virbac Sebocalm Spherulites, voc\u00ea poder\u00e1 proporcionar aos seus animais de estima\u00e7\u00e3o uma pelagem macia, brilhante e livre de ressecamento. Seus ingredientes cuidadosamente selecionados ajudam a restaurar o equil\u00edbrio natural da pele, prevenindo o surgimento de problemas dermatol\u00f3gicos comuns, como coceiras e descama\u00e7\u00e3o.<\/p>\n<p>Al\u00e9m disso, o Shampoo Hidratante Virbac Sebocalm Spherulites \u00e9 f\u00e1cil de aplicar e enxaguar, tornando o banho do seu pet uma tarefa r\u00e1pida e prazerosa. Seus pelos ficar\u00e3o limpos, perfumados e com uma textura suave ao toque.<\/p>\n<p>N\u00e3o perca a oportunidade de garantir o melhor cuidado para os seus animais de estima\u00e7\u00e3o. Adquira agora mesmo o Shampoo Hidratante Virbac Sebocalm Spherulites para C\u00e3es e Gatos 250 ml e proporcione a eles uma pelagem saud\u00e1vel e radiante. Aproveite e visite nosso website e_Commerce para conhecer outros produtos de alta qualidade para o bem-estar dos seus animais de estima\u00e7\u00e3o.<\/p>\n","protected":false},"excerpt":{"rendered":"<p>Conhe\u00e7a o novo Shampoo Hidratante Virbac Sebocalm Spherulites para C\u00e3es e Gatos, agora dispon\u00edvel em embalagem de 250 ml. Este produto revolucion\u00e1rio foi desenvolvido especialmente para proporcionar uma limpeza profunda e hidrata\u00e7\u00e3o intensa para os pelos dos seus animais de estima\u00e7\u00e3o. Com uma f\u00f3rmula exclusiva, o Shampoo Hidratante Virbac Sebocalm Spherulites cont\u00e9m Spherulites, uma tecnologia inovadora que libera gradualmente os ingredientes ativos, garantindo uma a\u00e7\u00e3o prolongada e eficaz. Al\u00e9m disso, sua composi\u00e7\u00e3o suave e livre de parabenos \u00e9 ideal para c\u00e3es e gatos com pele sens\u00edvel, evitando irrita\u00e7\u00f5es e desconfortos. Gra\u00e7as \u00e0s propriedades hidratantes e calmantes do Shampoo Hidratante Virbac Sebocalm Spherulites, voc\u00ea poder\u00e1 proporcionar aos seus animais de estima\u00e7\u00e3o uma pelagem macia, brilhante e livre de ressecamento. Seus ingredientes cuidadosamente selecionados ajudam a restaurar o equil\u00edbrio natural da pele, prevenindo o surgimento de problemas dermatol\u00f3gicos comuns, como coceiras e descama\u00e7\u00e3o. Al\u00e9m disso, o Shampoo Hidratante Virbac Sebocalm Spherulites \u00e9 f\u00e1cil de aplicar e enxaguar, tornando o banho do seu pet uma tarefa r\u00e1pida e prazerosa. Seus pelos ficar\u00e3o limpos, perfumados e com uma textura suave ao toque. N\u00e3o perca a oportunidade de garantir o melhor cuidado para os seus animais de estima\u00e7\u00e3o. Adquira agora mesmo o Shampoo Hidratante Virbac&hellip; <a class=\"read-more-link\" href=\"https:\/\/bepet.pet\/loja\/produto\/shampoo-hidratante-virbac-sebocalm-spherulites-para-caes-e-gatos-250-ml\/\">Read More<\/a><\/p>\n","protected":false},"featured_media":10096,"comment_status":"open","ping_status":"closed","template":"","meta":{"_kadence_starter_templates_imported_post":false},"product_brand":[],"product_cat":[142,143],"product_tag":[],"class_list":{"0":"post-10097","1":"product","2":"type-product","3":"status-publish","4":"has-post-thumbnail","6":"product_cat-shampoo","7":"product_cat-shampoo-medicamentoso","10":"first","11":"instock","12":"shipping-taxable","13":"purchasable","14":"product-type-simple"},"yoast_head":"<!-- This site is optimized with the Yoast SEO plugin v25.5 - https:\/\/yoast.com\/wordpress\/plugins\/seo\/ -->\n<title>Shampoo Hidratante Virbac Sebocalm Spherulites para C\u00e3es e Gatos 250 ml - BePet<\/title>\n<meta name=\"robots\" content=\"index, follow, max-snippet:-1, max-image-preview:large, max-video-preview:-1\" \/>\n<link rel=\"canonical\" href=\"https:\/\/bepet.pet\/loja\/produto\/shampoo-hidratante-virbac-sebocalm-spherulites-para-caes-e-gatos-250-ml\/\" \/>\n<meta property=\"og:locale\" content=\"pt_BR\" \/>\n<meta property=\"og:type\" content=\"article\" \/>\n<meta property=\"og:title\" content=\"Shampoo Hidratante Virbac Sebocalm Spherulites para C\u00e3es e Gatos 250 ml - BePet\" \/>\n<meta property=\"og:description\" content=\"Conhe\u00e7a o novo Shampoo Hidratante Virbac Sebocalm Spherulites para C\u00e3es e Gatos, agora dispon\u00edvel em embalagem de 250 ml. Este produto revolucion\u00e1rio foi desenvolvido especialmente para proporcionar uma limpeza profunda e hidrata\u00e7\u00e3o intensa para os pelos dos seus animais de estima\u00e7\u00e3o. Com uma f\u00f3rmula exclusiva, o Shampoo Hidratante Virbac Sebocalm Spherulites cont\u00e9m Spherulites, uma tecnologia inovadora que libera gradualmente os ingredientes ativos, garantindo uma a\u00e7\u00e3o prolongada e eficaz. Al\u00e9m disso, sua composi\u00e7\u00e3o suave e livre de parabenos \u00e9 ideal para c\u00e3es e gatos com pele sens\u00edvel, evitando irrita\u00e7\u00f5es e desconfortos. Gra\u00e7as \u00e0s propriedades hidratantes e calmantes do Shampoo Hidratante Virbac Sebocalm Spherulites, voc\u00ea poder\u00e1 proporcionar aos seus animais de estima\u00e7\u00e3o uma pelagem macia, brilhante e livre de ressecamento. Seus ingredientes cuidadosamente selecionados ajudam a restaurar o equil\u00edbrio natural da pele, prevenindo o surgimento de problemas dermatol\u00f3gicos comuns, como coceiras e descama\u00e7\u00e3o. Al\u00e9m disso, o Shampoo Hidratante Virbac Sebocalm Spherulites \u00e9 f\u00e1cil de aplicar e enxaguar, tornando o banho do seu pet uma tarefa r\u00e1pida e prazerosa. Seus pelos ficar\u00e3o limpos, perfumados e com uma textura suave ao toque. N\u00e3o perca a oportunidade de garantir o melhor cuidado para os seus animais de estima\u00e7\u00e3o. Adquira agora mesmo o Shampoo Hidratante Virbac&hellip; Read More\" \/>\n<meta property=\"og:url\" content=\"https:\/\/bepet.pet\/loja\/produto\/shampoo-hidratante-virbac-sebocalm-spherulites-para-caes-e-gatos-250-ml\/\" \/>\n<meta property=\"og:site_name\" content=\"BePet\" \/>\n<meta property=\"article:modified_time\" content=\"2025-12-17T18:46:22+00:00\" \/>\n<meta property=\"og:image\" content=\"https:\/\/bepet.pet\/loja\/wp-content\/uploads\/2024\/01\/Design-sem-nome-2024-04-04T092309.602.png\" \/>\n\t<meta property=\"og:image:width\" content=\"600\" \/>\n\t<meta property=\"og:image:height\" content=\"400\" \/>\n\t<meta property=\"og:image:type\" content=\"image\/png\" \/>\n<meta name=\"twitter:card\" content=\"summary_large_image\" \/>\n<meta name=\"twitter:label1\" content=\"Est. tempo de leitura\" \/>\n\t<meta name=\"twitter:data1\" content=\"2 minutos\" \/>\n<script type=\"application\/ld+json\" class=\"yoast-schema-graph\">{\"@context\":\"https:\/\/schema.org\",\"@graph\":[{\"@type\":\"WebPage\",\"@id\":\"https:\/\/bepet.pet\/loja\/produto\/shampoo-hidratante-virbac-sebocalm-spherulites-para-caes-e-gatos-250-ml\/\",\"url\":\"https:\/\/bepet.pet\/loja\/produto\/shampoo-hidratante-virbac-sebocalm-spherulites-para-caes-e-gatos-250-ml\/\",\"name\":\"Shampoo Hidratante Virbac Sebocalm Spherulites para C\u00e3es e Gatos 250 ml - BePet\",\"isPartOf\":{\"@id\":\"https:\/\/bepet.pet\/loja\/#website\"},\"primaryImageOfPage\":{\"@id\":\"https:\/\/bepet.pet\/loja\/produto\/shampoo-hidratante-virbac-sebocalm-spherulites-para-caes-e-gatos-250-ml\/#primaryimage\"},\"image\":{\"@id\":\"https:\/\/bepet.pet\/loja\/produto\/shampoo-hidratante-virbac-sebocalm-spherulites-para-caes-e-gatos-250-ml\/#primaryimage\"},\"thumbnailUrl\":\"https:\/\/bepet.pet\/loja\/wp-content\/uploads\/2024\/01\/p1fc39eb6-ef88-403b-aae4-493f41ace1c6.jpeg\",\"datePublished\":\"2024-01-15T21:09:52+00:00\",\"dateModified\":\"2025-12-17T18:46:22+00:00\",\"breadcrumb\":{\"@id\":\"https:\/\/bepet.pet\/loja\/produto\/shampoo-hidratante-virbac-sebocalm-spherulites-para-caes-e-gatos-250-ml\/#breadcrumb\"},\"inLanguage\":\"pt-BR\",\"potentialAction\":[{\"@type\":\"ReadAction\",\"target\":[\"https:\/\/bepet.pet\/loja\/produto\/shampoo-hidratante-virbac-sebocalm-spherulites-para-caes-e-gatos-250-ml\/\"]}]},{\"@type\":\"ImageObject\",\"inLanguage\":\"pt-BR\",\"@id\":\"https:\/\/bepet.pet\/loja\/produto\/shampoo-hidratante-virbac-sebocalm-spherulites-para-caes-e-gatos-250-ml\/#primaryimage\",\"url\":\"https:\/\/bepet.pet\/loja\/wp-content\/uploads\/2024\/01\/p1fc39eb6-ef88-403b-aae4-493f41ace1c6.jpeg\",\"contentUrl\":\"https:\/\/bepet.pet\/loja\/wp-content\/uploads\/2024\/01\/p1fc39eb6-ef88-403b-aae4-493f41ace1c6.jpeg\",\"width\":526,\"height\":800},{\"@type\":\"BreadcrumbList\",\"@id\":\"https:\/\/bepet.pet\/loja\/produto\/shampoo-hidratante-virbac-sebocalm-spherulites-para-caes-e-gatos-250-ml\/#breadcrumb\",\"itemListElement\":[{\"@type\":\"ListItem\",\"position\":1,\"name\":\"Home\",\"item\":\"https:\/\/bepet.pet\/loja\/\"},{\"@type\":\"ListItem\",\"position\":2,\"name\":\"Shop\",\"item\":\"https:\/\/bepet.pet\/loja\/shop-2\/\"},{\"@type\":\"ListItem\",\"position\":3,\"name\":\"Shampoo Hidratante Virbac Sebocalm Spherulites para C\u00e3es e Gatos 250 ml\"}]},{\"@type\":\"WebSite\",\"@id\":\"https:\/\/bepet.pet\/loja\/#website\",\"url\":\"https:\/\/bepet.pet\/loja\/\",\"name\":\"BePet\",\"description\":\"Nossa vida \u00e9 cuidar do seu pet\",\"publisher\":{\"@id\":\"https:\/\/bepet.pet\/loja\/#organization\"},\"potentialAction\":[{\"@type\":\"SearchAction\",\"target\":{\"@type\":\"EntryPoint\",\"urlTemplate\":\"https:\/\/bepet.pet\/loja\/?s={search_term_string}\"},\"query-input\":{\"@type\":\"PropertyValueSpecification\",\"valueRequired\":true,\"valueName\":\"search_term_string\"}}],\"inLanguage\":\"pt-BR\"},{\"@type\":\"Organization\",\"@id\":\"https:\/\/bepet.pet\/loja\/#organization\",\"name\":\"BePet\",\"url\":\"https:\/\/bepet.pet\/loja\/\",\"logo\":{\"@type\":\"ImageObject\",\"inLanguage\":\"pt-BR\",\"@id\":\"https:\/\/bepet.pet\/loja\/#\/schema\/logo\/image\/\",\"url\":\"https:\/\/bepet.pet\/loja\/wp-content\/uploads\/2020\/10\/logo.jpg\",\"contentUrl\":\"https:\/\/bepet.pet\/loja\/wp-content\/uploads\/2020\/10\/logo.jpg\",\"width\":100,\"height\":99,\"caption\":\"BePet\"},\"image\":{\"@id\":\"https:\/\/bepet.pet\/loja\/#\/schema\/logo\/image\/\"}}]}<\/script>\n<!-- \/ Yoast SEO plugin. -->","yoast_head_json":{"title":"Shampoo Hidratante Virbac Sebocalm Spherulites para C\u00e3es e Gatos 250 ml - BePet","robots":{"index":"index","follow":"follow","max-snippet":"max-snippet:-1","max-image-preview":"max-image-preview:large","max-video-preview":"max-video-preview:-1"},"canonical":"https:\/\/bepet.pet\/loja\/produto\/shampoo-hidratante-virbac-sebocalm-spherulites-para-caes-e-gatos-250-ml\/","og_locale":"pt_BR","og_type":"article","og_title":"Shampoo Hidratante Virbac Sebocalm Spherulites para C\u00e3es e Gatos 250 ml - BePet","og_description":"Conhe\u00e7a o novo Shampoo Hidratante Virbac Sebocalm Spherulites para C\u00e3es e Gatos, agora dispon\u00edvel em embalagem de 250 ml. Este produto revolucion\u00e1rio foi desenvolvido especialmente para proporcionar uma limpeza profunda e hidrata\u00e7\u00e3o intensa para os pelos dos seus animais de estima\u00e7\u00e3o. Com uma f\u00f3rmula exclusiva, o Shampoo Hidratante Virbac Sebocalm Spherulites cont\u00e9m Spherulites, uma tecnologia inovadora que libera gradualmente os ingredientes ativos, garantindo uma a\u00e7\u00e3o prolongada e eficaz. Al\u00e9m disso, sua composi\u00e7\u00e3o suave e livre de parabenos \u00e9 ideal para c\u00e3es e gatos com pele sens\u00edvel, evitando irrita\u00e7\u00f5es e desconfortos. Gra\u00e7as \u00e0s propriedades hidratantes e calmantes do Shampoo Hidratante Virbac Sebocalm Spherulites, voc\u00ea poder\u00e1 proporcionar aos seus animais de estima\u00e7\u00e3o uma pelagem macia, brilhante e livre de ressecamento. Seus ingredientes cuidadosamente selecionados ajudam a restaurar o equil\u00edbrio natural da pele, prevenindo o surgimento de problemas dermatol\u00f3gicos comuns, como coceiras e descama\u00e7\u00e3o. Al\u00e9m disso, o Shampoo Hidratante Virbac Sebocalm Spherulites \u00e9 f\u00e1cil de aplicar e enxaguar, tornando o banho do seu pet uma tarefa r\u00e1pida e prazerosa. Seus pelos ficar\u00e3o limpos, perfumados e com uma textura suave ao toque. N\u00e3o perca a oportunidade de garantir o melhor cuidado para os seus animais de estima\u00e7\u00e3o. Adquira agora mesmo o Shampoo Hidratante Virbac&hellip; Read More","og_url":"https:\/\/bepet.pet\/loja\/produto\/shampoo-hidratante-virbac-sebocalm-spherulites-para-caes-e-gatos-250-ml\/","og_site_name":"BePet","article_modified_time":"2025-12-17T18:46:22+00:00","og_image":[{"width":600,"height":400,"url":"https:\/\/bepet.pet\/loja\/wp-content\/uploads\/2024\/01\/Design-sem-nome-2024-04-04T092309.602.png","type":"image\/png"}],"twitter_card":"summary_large_image","twitter_misc":{"Est. tempo de leitura":"2 minutos"},"schema":{"@context":"https:\/\/schema.org","@graph":[{"@type":"WebPage","@id":"https:\/\/bepet.pet\/loja\/produto\/shampoo-hidratante-virbac-sebocalm-spherulites-para-caes-e-gatos-250-ml\/","url":"https:\/\/bepet.pet\/loja\/produto\/shampoo-hidratante-virbac-sebocalm-spherulites-para-caes-e-gatos-250-ml\/","name":"Shampoo Hidratante Virbac Sebocalm Spherulites para C\u00e3es e Gatos 250 ml - BePet","isPartOf":{"@id":"https:\/\/bepet.pet\/loja\/#website"},"primaryImageOfPage":{"@id":"https:\/\/bepet.pet\/loja\/produto\/shampoo-hidratante-virbac-sebocalm-spherulites-para-caes-e-gatos-250-ml\/#primaryimage"},"image":{"@id":"https:\/\/bepet.pet\/loja\/produto\/shampoo-hidratante-virbac-sebocalm-spherulites-para-caes-e-gatos-250-ml\/#primaryimage"},"thumbnailUrl":"https:\/\/bepet.pet\/loja\/wp-content\/uploads\/2024\/01\/p1fc39eb6-ef88-403b-aae4-493f41ace1c6.jpeg","datePublished":"2024-01-15T21:09:52+00:00","dateModified":"2025-12-17T18:46:22+00:00","breadcrumb":{"@id":"https:\/\/bepet.pet\/loja\/produto\/shampoo-hidratante-virbac-sebocalm-spherulites-para-caes-e-gatos-250-ml\/#breadcrumb"},"inLanguage":"pt-BR","potentialAction":[{"@type":"ReadAction","target":["https:\/\/bepet.pet\/loja\/produto\/shampoo-hidratante-virbac-sebocalm-spherulites-para-caes-e-gatos-250-ml\/"]}]},{"@type":"ImageObject","inLanguage":"pt-BR","@id":"https:\/\/bepet.pet\/loja\/produto\/shampoo-hidratante-virbac-sebocalm-spherulites-para-caes-e-gatos-250-ml\/#primaryimage","url":"https:\/\/bepet.pet\/loja\/wp-content\/uploads\/2024\/01\/p1fc39eb6-ef88-403b-aae4-493f41ace1c6.jpeg","contentUrl":"https:\/\/bepet.pet\/loja\/wp-content\/uploads\/2024\/01\/p1fc39eb6-ef88-403b-aae4-493f41ace1c6.jpeg","width":526,"height":800},{"@type":"BreadcrumbList","@id":"https:\/\/bepet.pet\/loja\/produto\/shampoo-hidratante-virbac-sebocalm-spherulites-para-caes-e-gatos-250-ml\/#breadcrumb","itemListElement":[{"@type":"ListItem","position":1,"name":"Home","item":"https:\/\/bepet.pet\/loja\/"},{"@type":"ListItem","position":2,"name":"Shop","item":"https:\/\/bepet.pet\/loja\/shop-2\/"},{"@type":"ListItem","position":3,"name":"Shampoo Hidratante Virbac Sebocalm Spherulites para C\u00e3es e Gatos 250 ml"}]},{"@type":"WebSite","@id":"https:\/\/bepet.pet\/loja\/#website","url":"https:\/\/bepet.pet\/loja\/","name":"BePet","description":"Nossa vida \u00e9 cuidar do seu pet","publisher":{"@id":"https:\/\/bepet.pet\/loja\/#organization"},"potentialAction":[{"@type":"SearchAction","target":{"@type":"EntryPoint","urlTemplate":"https:\/\/bepet.pet\/loja\/?s={search_term_string}"},"query-input":{"@type":"PropertyValueSpecification","valueRequired":true,"valueName":"search_term_string"}}],"inLanguage":"pt-BR"},{"@type":"Organization","@id":"https:\/\/bepet.pet\/loja\/#organization","name":"BePet","url":"https:\/\/bepet.pet\/loja\/","logo":{"@type":"ImageObject","inLanguage":"pt-BR","@id":"https:\/\/bepet.pet\/loja\/#\/schema\/logo\/image\/","url":"https:\/\/bepet.pet\/loja\/wp-content\/uploads\/2020\/10\/logo.jpg","contentUrl":"https:\/\/bepet.pet\/loja\/wp-content\/uploads\/2020\/10\/logo.jpg","width":100,"height":99,"caption":"BePet"},"image":{"@id":"https:\/\/bepet.pet\/loja\/#\/schema\/logo\/image\/"}}]}},"jetpack_sharing_enabled":true,"_links":{"self":[{"href":"https:\/\/bepet.pet\/loja\/wp-json\/wp\/v2\/product\/10097","targetHints":{"allow":["GET"]}}],"collection":[{"href":"https:\/\/bepet.pet\/loja\/wp-json\/wp\/v2\/product"}],"about":[{"href":"https:\/\/bepet.pet\/loja\/wp-json\/wp\/v2\/types\/product"}],"replies":[{"embeddable":true,"href":"https:\/\/bepet.pet\/loja\/wp-json\/wp\/v2\/comments?post=10097"}],"wp:featuredmedia":[{"embeddable":true,"href":"https:\/\/bepet.pet\/loja\/wp-json\/wp\/v2\/media\/10096"}],"wp:attachment":[{"href":"https:\/\/bepet.pet\/loja\/wp-json\/wp\/v2\/media?parent=10097"}],"wp:term":[{"taxonomy":"product_brand","embeddable":true,"href":"https:\/\/bepet.pet\/loja\/wp-json\/wp\/v2\/product_brand?post=10097"},{"taxonomy":"product_cat","embeddable":true,"href":"https:\/\/bepet.pet\/loja\/wp-json\/wp\/v2\/product_cat?post=10097"},{"taxonomy":"product_tag","embeddable":true,"href":"https:\/\/bepet.pet\/loja\/wp-json\/wp\/v2\/product_tag?post=10097"}],"curies":[{"name":"wp","href":"https:\/\/api.w.org\/{rel}","templated":true}]}}