{"id":10093,"date":"2024-01-15T18:01:54","date_gmt":"2024-01-15T21:01:54","guid":{"rendered":"https:\/\/bepet.pet\/loja\/produto\/shampoo-virbac-episoothe-para-caes-e-gatos-500ml\/"},"modified":"2025-12-10T16:57:20","modified_gmt":"2025-12-10T19:57:20","slug":"shampoo-virbac-episoothe-para-caes-e-gatos-500ml","status":"publish","type":"product","link":"https:\/\/bepet.pet\/loja\/produto\/shampoo-virbac-episoothe-para-caes-e-gatos-500ml\/","title":{"rendered":"Shampoo Virbac Episoothe para C\u00e3es e Gatos 500ml"},"content":{"rendered":"<p>Conhe\u00e7a o Shampoo Virbac Episoothe para C\u00e3es e Gatos 500ml, o produto perfeito para cuidar da higiene e bem-estar do seu pet. Desenvolvido pela renomada marca Virbac, especializada em produtos veterin\u00e1rios, esse shampoo \u00e9 ideal para manter a pele e os pelos dos seus animais de estima\u00e7\u00e3o saud\u00e1veis e limpos.<\/p>\n<p>Com uma f\u00f3rmula exclusiva, o Shampoo Virbac Episoothe \u00e9 suave e delicado, proporcionando uma limpeza profunda sem agredir a pele sens\u00edvel dos c\u00e3es e gatos. Sua composi\u00e7\u00e3o cont\u00e9m ingredientes naturais e ativos hidratantes, como a aveia coloidal, que ajuda a acalmar e aliviar poss\u00edveis irrita\u00e7\u00f5es ou coceiras na pele do seu pet.<\/p>\n<p>Al\u00e9m disso, esse shampoo possui propriedades emolientes, que ajudam a manter a hidrata\u00e7\u00e3o natural da pele e dos pelos, deixando-os macios, sedosos e com um brilho saud\u00e1vel. Seu pH balanceado garante uma limpeza eficaz sem ressecar ou causar qualquer desconforto aos animais.<\/p>\n<p>O Shampoo Virbac Episoothe tamb\u00e9m \u00e9 recomendado por veterin\u00e1rios, pois \u00e9 livre de corantes, fragr\u00e2ncias artificiais e subst\u00e2ncias irritantes, tornando-o seguro para uso frequente em c\u00e3es e gatos de todas as ra\u00e7as e idades. Seu aroma suave e agrad\u00e1vel deixa os animais com uma sensa\u00e7\u00e3o de frescor e limpeza por mais tempo.<\/p>\n<p>A embalagem de 500ml garante um excelente custo-benef\u00edcio, pois rende muitos banhos e pode ser utilizado em diversos pets. Com o Shampoo Virbac Episoothe, voc\u00ea ter\u00e1 a certeza de estar proporcionando o melhor cuidado e carinho para o seu companheiro de quatro patas.<\/p>\n<p>Adquira agora mesmo o Shampoo Virbac Episoothe para C\u00e3es e Gatos 500ml e garanta a higiene e sa\u00fade do seu pet. Acesse nosso website e_Commerce e aproveite essa oportunidade de oferecer o melhor para o seu animal de estima\u00e7\u00e3o.<\/p>\n","protected":false},"excerpt":{"rendered":"<p>Conhe\u00e7a o Shampoo Virbac Episoothe para C\u00e3es e Gatos 500ml, o produto perfeito para cuidar da higiene e bem-estar do seu pet. Desenvolvido pela renomada marca Virbac, especializada em produtos veterin\u00e1rios, esse shampoo \u00e9 ideal para manter a pele e os pelos dos seus animais de estima\u00e7\u00e3o saud\u00e1veis e limpos. Com uma f\u00f3rmula exclusiva, o Shampoo Virbac Episoothe \u00e9 suave e delicado, proporcionando uma limpeza profunda sem agredir a pele sens\u00edvel dos c\u00e3es e gatos. Sua composi\u00e7\u00e3o cont\u00e9m ingredientes naturais e ativos hidratantes, como a aveia coloidal, que ajuda a acalmar e aliviar poss\u00edveis irrita\u00e7\u00f5es ou coceiras na pele do seu pet. Al\u00e9m disso, esse shampoo possui propriedades emolientes, que ajudam a manter a hidrata\u00e7\u00e3o natural da pele e dos pelos, deixando-os macios, sedosos e com um brilho saud\u00e1vel. Seu pH balanceado garante uma limpeza eficaz sem ressecar ou causar qualquer desconforto aos animais. O Shampoo Virbac Episoothe tamb\u00e9m \u00e9 recomendado por veterin\u00e1rios, pois \u00e9 livre de corantes, fragr\u00e2ncias artificiais e subst\u00e2ncias irritantes, tornando-o seguro para uso frequente em c\u00e3es e gatos de todas as ra\u00e7as e idades. Seu aroma suave e agrad\u00e1vel deixa os animais com uma sensa\u00e7\u00e3o de frescor e limpeza por mais tempo. A embalagem de 500ml&hellip; <a class=\"read-more-link\" href=\"https:\/\/bepet.pet\/loja\/produto\/shampoo-virbac-episoothe-para-caes-e-gatos-500ml\/\">Read More<\/a><\/p>\n","protected":false},"featured_media":10092,"comment_status":"open","ping_status":"closed","template":"","meta":{"_kadence_starter_templates_imported_post":false},"product_brand":[],"product_cat":[142,143],"product_tag":[],"class_list":{"0":"post-10093","1":"product","2":"type-product","3":"status-publish","4":"has-post-thumbnail","6":"product_cat-shampoo","7":"product_cat-shampoo-medicamentoso","10":"first","11":"instock","12":"shipping-taxable","13":"purchasable","14":"product-type-simple"},"yoast_head":"<!-- This site is optimized with the Yoast SEO plugin v25.5 - https:\/\/yoast.com\/wordpress\/plugins\/seo\/ -->\n<title>Shampoo Virbac Episoothe para C\u00e3es e Gatos 500ml - BePet<\/title>\n<meta name=\"robots\" content=\"index, follow, max-snippet:-1, max-image-preview:large, max-video-preview:-1\" \/>\n<link rel=\"canonical\" href=\"https:\/\/bepet.pet\/loja\/produto\/shampoo-virbac-episoothe-para-caes-e-gatos-500ml\/\" \/>\n<meta property=\"og:locale\" content=\"pt_BR\" \/>\n<meta property=\"og:type\" content=\"article\" \/>\n<meta property=\"og:title\" content=\"Shampoo Virbac Episoothe para C\u00e3es e Gatos 500ml - BePet\" \/>\n<meta property=\"og:description\" content=\"Conhe\u00e7a o Shampoo Virbac Episoothe para C\u00e3es e Gatos 500ml, o produto perfeito para cuidar da higiene e bem-estar do seu pet. Desenvolvido pela renomada marca Virbac, especializada em produtos veterin\u00e1rios, esse shampoo \u00e9 ideal para manter a pele e os pelos dos seus animais de estima\u00e7\u00e3o saud\u00e1veis e limpos. Com uma f\u00f3rmula exclusiva, o Shampoo Virbac Episoothe \u00e9 suave e delicado, proporcionando uma limpeza profunda sem agredir a pele sens\u00edvel dos c\u00e3es e gatos. Sua composi\u00e7\u00e3o cont\u00e9m ingredientes naturais e ativos hidratantes, como a aveia coloidal, que ajuda a acalmar e aliviar poss\u00edveis irrita\u00e7\u00f5es ou coceiras na pele do seu pet. Al\u00e9m disso, esse shampoo possui propriedades emolientes, que ajudam a manter a hidrata\u00e7\u00e3o natural da pele e dos pelos, deixando-os macios, sedosos e com um brilho saud\u00e1vel. Seu pH balanceado garante uma limpeza eficaz sem ressecar ou causar qualquer desconforto aos animais. O Shampoo Virbac Episoothe tamb\u00e9m \u00e9 recomendado por veterin\u00e1rios, pois \u00e9 livre de corantes, fragr\u00e2ncias artificiais e subst\u00e2ncias irritantes, tornando-o seguro para uso frequente em c\u00e3es e gatos de todas as ra\u00e7as e idades. Seu aroma suave e agrad\u00e1vel deixa os animais com uma sensa\u00e7\u00e3o de frescor e limpeza por mais tempo. A embalagem de 500ml&hellip; Read More\" \/>\n<meta property=\"og:url\" content=\"https:\/\/bepet.pet\/loja\/produto\/shampoo-virbac-episoothe-para-caes-e-gatos-500ml\/\" \/>\n<meta property=\"og:site_name\" content=\"BePet\" \/>\n<meta property=\"article:modified_time\" content=\"2025-12-10T19:57:20+00:00\" \/>\n<meta property=\"og:image\" content=\"https:\/\/bepet.pet\/loja\/wp-content\/uploads\/2024\/01\/Design-sem-nome-2024-04-04T093627.628.png\" \/>\n\t<meta property=\"og:image:width\" content=\"600\" \/>\n\t<meta property=\"og:image:height\" content=\"400\" \/>\n\t<meta property=\"og:image:type\" content=\"image\/png\" \/>\n<meta name=\"twitter:card\" content=\"summary_large_image\" \/>\n<meta name=\"twitter:label1\" content=\"Est. tempo de leitura\" \/>\n\t<meta name=\"twitter:data1\" content=\"2 minutos\" \/>\n<script type=\"application\/ld+json\" class=\"yoast-schema-graph\">{\"@context\":\"https:\/\/schema.org\",\"@graph\":[{\"@type\":\"WebPage\",\"@id\":\"https:\/\/bepet.pet\/loja\/produto\/shampoo-virbac-episoothe-para-caes-e-gatos-500ml\/\",\"url\":\"https:\/\/bepet.pet\/loja\/produto\/shampoo-virbac-episoothe-para-caes-e-gatos-500ml\/\",\"name\":\"Shampoo Virbac Episoothe para C\u00e3es e Gatos 500ml - BePet\",\"isPartOf\":{\"@id\":\"https:\/\/bepet.pet\/loja\/#website\"},\"primaryImageOfPage\":{\"@id\":\"https:\/\/bepet.pet\/loja\/produto\/shampoo-virbac-episoothe-para-caes-e-gatos-500ml\/#primaryimage\"},\"image\":{\"@id\":\"https:\/\/bepet.pet\/loja\/produto\/shampoo-virbac-episoothe-para-caes-e-gatos-500ml\/#primaryimage\"},\"thumbnailUrl\":\"https:\/\/bepet.pet\/loja\/wp-content\/uploads\/2024\/01\/p33a6298d-752d-4495-b082-6fb527e5c5d5.png\",\"datePublished\":\"2024-01-15T21:01:54+00:00\",\"dateModified\":\"2025-12-10T19:57:20+00:00\",\"breadcrumb\":{\"@id\":\"https:\/\/bepet.pet\/loja\/produto\/shampoo-virbac-episoothe-para-caes-e-gatos-500ml\/#breadcrumb\"},\"inLanguage\":\"pt-BR\",\"potentialAction\":[{\"@type\":\"ReadAction\",\"target\":[\"https:\/\/bepet.pet\/loja\/produto\/shampoo-virbac-episoothe-para-caes-e-gatos-500ml\/\"]}]},{\"@type\":\"ImageObject\",\"inLanguage\":\"pt-BR\",\"@id\":\"https:\/\/bepet.pet\/loja\/produto\/shampoo-virbac-episoothe-para-caes-e-gatos-500ml\/#primaryimage\",\"url\":\"https:\/\/bepet.pet\/loja\/wp-content\/uploads\/2024\/01\/p33a6298d-752d-4495-b082-6fb527e5c5d5.png\",\"contentUrl\":\"https:\/\/bepet.pet\/loja\/wp-content\/uploads\/2024\/01\/p33a6298d-752d-4495-b082-6fb527e5c5d5.png\",\"width\":210,\"height\":210},{\"@type\":\"BreadcrumbList\",\"@id\":\"https:\/\/bepet.pet\/loja\/produto\/shampoo-virbac-episoothe-para-caes-e-gatos-500ml\/#breadcrumb\",\"itemListElement\":[{\"@type\":\"ListItem\",\"position\":1,\"name\":\"Home\",\"item\":\"https:\/\/bepet.pet\/loja\/\"},{\"@type\":\"ListItem\",\"position\":2,\"name\":\"Shop\",\"item\":\"https:\/\/bepet.pet\/loja\/shop-2\/\"},{\"@type\":\"ListItem\",\"position\":3,\"name\":\"Shampoo Virbac Episoothe para C\u00e3es e Gatos 500ml\"}]},{\"@type\":\"WebSite\",\"@id\":\"https:\/\/bepet.pet\/loja\/#website\",\"url\":\"https:\/\/bepet.pet\/loja\/\",\"name\":\"BePet\",\"description\":\"Nossa vida \u00e9 cuidar do seu pet\",\"publisher\":{\"@id\":\"https:\/\/bepet.pet\/loja\/#organization\"},\"potentialAction\":[{\"@type\":\"SearchAction\",\"target\":{\"@type\":\"EntryPoint\",\"urlTemplate\":\"https:\/\/bepet.pet\/loja\/?s={search_term_string}\"},\"query-input\":{\"@type\":\"PropertyValueSpecification\",\"valueRequired\":true,\"valueName\":\"search_term_string\"}}],\"inLanguage\":\"pt-BR\"},{\"@type\":\"Organization\",\"@id\":\"https:\/\/bepet.pet\/loja\/#organization\",\"name\":\"BePet\",\"url\":\"https:\/\/bepet.pet\/loja\/\",\"logo\":{\"@type\":\"ImageObject\",\"inLanguage\":\"pt-BR\",\"@id\":\"https:\/\/bepet.pet\/loja\/#\/schema\/logo\/image\/\",\"url\":\"https:\/\/bepet.pet\/loja\/wp-content\/uploads\/2020\/10\/logo.jpg\",\"contentUrl\":\"https:\/\/bepet.pet\/loja\/wp-content\/uploads\/2020\/10\/logo.jpg\",\"width\":100,\"height\":99,\"caption\":\"BePet\"},\"image\":{\"@id\":\"https:\/\/bepet.pet\/loja\/#\/schema\/logo\/image\/\"}}]}<\/script>\n<!-- \/ Yoast SEO plugin. -->","yoast_head_json":{"title":"Shampoo Virbac Episoothe para C\u00e3es e Gatos 500ml - BePet","robots":{"index":"index","follow":"follow","max-snippet":"max-snippet:-1","max-image-preview":"max-image-preview:large","max-video-preview":"max-video-preview:-1"},"canonical":"https:\/\/bepet.pet\/loja\/produto\/shampoo-virbac-episoothe-para-caes-e-gatos-500ml\/","og_locale":"pt_BR","og_type":"article","og_title":"Shampoo Virbac Episoothe para C\u00e3es e Gatos 500ml - BePet","og_description":"Conhe\u00e7a o Shampoo Virbac Episoothe para C\u00e3es e Gatos 500ml, o produto perfeito para cuidar da higiene e bem-estar do seu pet. Desenvolvido pela renomada marca Virbac, especializada em produtos veterin\u00e1rios, esse shampoo \u00e9 ideal para manter a pele e os pelos dos seus animais de estima\u00e7\u00e3o saud\u00e1veis e limpos. Com uma f\u00f3rmula exclusiva, o Shampoo Virbac Episoothe \u00e9 suave e delicado, proporcionando uma limpeza profunda sem agredir a pele sens\u00edvel dos c\u00e3es e gatos. Sua composi\u00e7\u00e3o cont\u00e9m ingredientes naturais e ativos hidratantes, como a aveia coloidal, que ajuda a acalmar e aliviar poss\u00edveis irrita\u00e7\u00f5es ou coceiras na pele do seu pet. Al\u00e9m disso, esse shampoo possui propriedades emolientes, que ajudam a manter a hidrata\u00e7\u00e3o natural da pele e dos pelos, deixando-os macios, sedosos e com um brilho saud\u00e1vel. Seu pH balanceado garante uma limpeza eficaz sem ressecar ou causar qualquer desconforto aos animais. O Shampoo Virbac Episoothe tamb\u00e9m \u00e9 recomendado por veterin\u00e1rios, pois \u00e9 livre de corantes, fragr\u00e2ncias artificiais e subst\u00e2ncias irritantes, tornando-o seguro para uso frequente em c\u00e3es e gatos de todas as ra\u00e7as e idades. Seu aroma suave e agrad\u00e1vel deixa os animais com uma sensa\u00e7\u00e3o de frescor e limpeza por mais tempo. A embalagem de 500ml&hellip; Read More","og_url":"https:\/\/bepet.pet\/loja\/produto\/shampoo-virbac-episoothe-para-caes-e-gatos-500ml\/","og_site_name":"BePet","article_modified_time":"2025-12-10T19:57:20+00:00","og_image":[{"width":600,"height":400,"url":"https:\/\/bepet.pet\/loja\/wp-content\/uploads\/2024\/01\/Design-sem-nome-2024-04-04T093627.628.png","type":"image\/png"}],"twitter_card":"summary_large_image","twitter_misc":{"Est. tempo de leitura":"2 minutos"},"schema":{"@context":"https:\/\/schema.org","@graph":[{"@type":"WebPage","@id":"https:\/\/bepet.pet\/loja\/produto\/shampoo-virbac-episoothe-para-caes-e-gatos-500ml\/","url":"https:\/\/bepet.pet\/loja\/produto\/shampoo-virbac-episoothe-para-caes-e-gatos-500ml\/","name":"Shampoo Virbac Episoothe para C\u00e3es e Gatos 500ml - BePet","isPartOf":{"@id":"https:\/\/bepet.pet\/loja\/#website"},"primaryImageOfPage":{"@id":"https:\/\/bepet.pet\/loja\/produto\/shampoo-virbac-episoothe-para-caes-e-gatos-500ml\/#primaryimage"},"image":{"@id":"https:\/\/bepet.pet\/loja\/produto\/shampoo-virbac-episoothe-para-caes-e-gatos-500ml\/#primaryimage"},"thumbnailUrl":"https:\/\/bepet.pet\/loja\/wp-content\/uploads\/2024\/01\/p33a6298d-752d-4495-b082-6fb527e5c5d5.png","datePublished":"2024-01-15T21:01:54+00:00","dateModified":"2025-12-10T19:57:20+00:00","breadcrumb":{"@id":"https:\/\/bepet.pet\/loja\/produto\/shampoo-virbac-episoothe-para-caes-e-gatos-500ml\/#breadcrumb"},"inLanguage":"pt-BR","potentialAction":[{"@type":"ReadAction","target":["https:\/\/bepet.pet\/loja\/produto\/shampoo-virbac-episoothe-para-caes-e-gatos-500ml\/"]}]},{"@type":"ImageObject","inLanguage":"pt-BR","@id":"https:\/\/bepet.pet\/loja\/produto\/shampoo-virbac-episoothe-para-caes-e-gatos-500ml\/#primaryimage","url":"https:\/\/bepet.pet\/loja\/wp-content\/uploads\/2024\/01\/p33a6298d-752d-4495-b082-6fb527e5c5d5.png","contentUrl":"https:\/\/bepet.pet\/loja\/wp-content\/uploads\/2024\/01\/p33a6298d-752d-4495-b082-6fb527e5c5d5.png","width":210,"height":210},{"@type":"BreadcrumbList","@id":"https:\/\/bepet.pet\/loja\/produto\/shampoo-virbac-episoothe-para-caes-e-gatos-500ml\/#breadcrumb","itemListElement":[{"@type":"ListItem","position":1,"name":"Home","item":"https:\/\/bepet.pet\/loja\/"},{"@type":"ListItem","position":2,"name":"Shop","item":"https:\/\/bepet.pet\/loja\/shop-2\/"},{"@type":"ListItem","position":3,"name":"Shampoo Virbac Episoothe para C\u00e3es e Gatos 500ml"}]},{"@type":"WebSite","@id":"https:\/\/bepet.pet\/loja\/#website","url":"https:\/\/bepet.pet\/loja\/","name":"BePet","description":"Nossa vida \u00e9 cuidar do seu pet","publisher":{"@id":"https:\/\/bepet.pet\/loja\/#organization"},"potentialAction":[{"@type":"SearchAction","target":{"@type":"EntryPoint","urlTemplate":"https:\/\/bepet.pet\/loja\/?s={search_term_string}"},"query-input":{"@type":"PropertyValueSpecification","valueRequired":true,"valueName":"search_term_string"}}],"inLanguage":"pt-BR"},{"@type":"Organization","@id":"https:\/\/bepet.pet\/loja\/#organization","name":"BePet","url":"https:\/\/bepet.pet\/loja\/","logo":{"@type":"ImageObject","inLanguage":"pt-BR","@id":"https:\/\/bepet.pet\/loja\/#\/schema\/logo\/image\/","url":"https:\/\/bepet.pet\/loja\/wp-content\/uploads\/2020\/10\/logo.jpg","contentUrl":"https:\/\/bepet.pet\/loja\/wp-content\/uploads\/2020\/10\/logo.jpg","width":100,"height":99,"caption":"BePet"},"image":{"@id":"https:\/\/bepet.pet\/loja\/#\/schema\/logo\/image\/"}}]}},"jetpack_sharing_enabled":true,"_links":{"self":[{"href":"https:\/\/bepet.pet\/loja\/wp-json\/wp\/v2\/product\/10093","targetHints":{"allow":["GET"]}}],"collection":[{"href":"https:\/\/bepet.pet\/loja\/wp-json\/wp\/v2\/product"}],"about":[{"href":"https:\/\/bepet.pet\/loja\/wp-json\/wp\/v2\/types\/product"}],"replies":[{"embeddable":true,"href":"https:\/\/bepet.pet\/loja\/wp-json\/wp\/v2\/comments?post=10093"}],"wp:featuredmedia":[{"embeddable":true,"href":"https:\/\/bepet.pet\/loja\/wp-json\/wp\/v2\/media\/10092"}],"wp:attachment":[{"href":"https:\/\/bepet.pet\/loja\/wp-json\/wp\/v2\/media?parent=10093"}],"wp:term":[{"taxonomy":"product_brand","embeddable":true,"href":"https:\/\/bepet.pet\/loja\/wp-json\/wp\/v2\/product_brand?post=10093"},{"taxonomy":"product_cat","embeddable":true,"href":"https:\/\/bepet.pet\/loja\/wp-json\/wp\/v2\/product_cat?post=10093"},{"taxonomy":"product_tag","embeddable":true,"href":"https:\/\/bepet.pet\/loja\/wp-json\/wp\/v2\/product_tag?post=10093"}],"curies":[{"name":"wp","href":"https:\/\/api.w.org\/{rel}","templated":true}]}}